{"id":24072,"date":"2025-03-25T18:37:13","date_gmt":"2025-03-25T17:37:13","guid":{"rendered":"https:\/\/mystikus.com\/producto\/porte-encens-celestial-magic-hechizo-polvo-de-luna\/"},"modified":"2025-03-25T18:37:13","modified_gmt":"2025-03-25T17:37:13","slug":"porte-encens-celestial-magic-hechizo-polvo-de-luna","status":"publish","type":"product","link":"https:\/\/mystikus.com\/fr\/producto\/porte-encens-celestial-magic-hechizo-polvo-de-luna\/","title":{"rendered":"Porte-encens Celestial Magic Hechizo polvo de Luna"},"content":{"rendered":"<pre>Porte-encens Celestial Magic Hechizo polvo de Luna<\/pre>\n<p>Ces porte-encens en bois magnifiquement emball\u00e9s, finis de mani\u00e8re durable avec une couche de r\u00e9sine \u00e9poxy, allient fonctionnalit\u00e9 et design charmant. Parfaits pour br\u00fbler de l&rsquo;encens en toute s\u00e9curit\u00e9 et cr\u00e9er une atmosph\u00e8re magique dans n&rsquo;importe quel espace. <\/p>\n<div class=\"spec-item\">\n<div class=\"spec-desc\">Mat\u00e9riau Bois<\/div>\n<\/div>\n<div class=\"spec-item\">\n<div class=\"spec-desc\">Mesure cm 26&#215;3<\/div>\n<\/div>\n<p><strong>Celestial Magic<br \/>\n<\/strong> La collection Celestial Magic apporte une \u00e9nergie mystique \u00e0 votre int\u00e9rieur. Avec leur aspect unique et leur utilisation pratique, ces porte-encens sont un choix id\u00e9al pour les rituels spirituels et les moments de relaxation. <\/p>\n<p><strong>Mode d&#8217;emploi<br \/>\n<\/strong> Placez une tige d&rsquo;encens dans le support. Utiliser uniquement sur une surface r\u00e9sistante \u00e0 la chaleur. Ne jamais laisser l&rsquo;encens allum\u00e9 sans surveillance.  <\/p>\n","protected":false},"excerpt":{"rendered":"<pre>Porte-encens Celestial Magic Hechizo polvo de Luna<\/pre>\n<p>Ces porte-encens en bois magnifiquement emball\u00e9s, finis de mani\u00e8re durable avec une couche de r\u00e9sine \u00e9poxy, allient fonctionnalit\u00e9 et design charmant. Parfaits pour br\u00fbler de l&rsquo;encens en toute s\u00e9curit\u00e9 et cr\u00e9er une atmosph\u00e8re magique dans n&rsquo;importe quel espace. <\/p>\n<div class=\"spec-item\">\n<div class=\"spec-desc\">Mat\u00e9riau Bois<\/div>\n<\/div>\n<div class=\"spec-item\">\n<div class=\"spec-desc\">Mesure cm 26&#215;3<\/div>\n<\/div>\n","protected":false},"featured_media":24073,"comment_status":"closed","ping_status":"closed","template":"","meta":[],"product_brand":[],"product_cat":[120,118],"product_tag":[],"class_list":{"0":"post-24072","1":"product","2":"type-product","3":"status-publish","4":"has-post-thumbnail","6":"product_cat-bruleurs","7":"product_cat-encens-et-aromes","9":"first","10":"outofstock","11":"shipping-taxable","12":"purchasable","13":"product-type-simple"},"yoast_head":"<!-- This site is optimized with the Yoast SEO plugin v27.2 - https:\/\/yoast.com\/product\/yoast-seo-wordpress\/ -->\n<title>Porte-encens Celestial Magic Hechizo polvo de Luna - Mystikus<\/title>\n<meta name=\"robots\" content=\"index, follow, max-snippet:-1, max-image-preview:large, max-video-preview:-1\" \/>\n<link rel=\"canonical\" href=\"https:\/\/mystikus.com\/fr\/producto\/porte-encens-celestial-magic-hechizo-polvo-de-luna\/\" \/>\n<meta property=\"og:locale\" content=\"fr_FR\" \/>\n<meta property=\"og:type\" content=\"article\" \/>\n<meta property=\"og:title\" content=\"Porte-encens Celestial Magic Hechizo polvo de Luna - Mystikus\" \/>\n<meta property=\"og:description\" content=\"Porte-encens Celestial Magic Hechizo polvo de Luna Ces porte-encens en bois magnifiquement emball\u00e9s, finis de mani\u00e8re durable avec une couche de r\u00e9sine \u00e9poxy, allient fonctionnalit\u00e9 et design charmant. Parfaits pour br\u00fbler de l&#039;encens en toute s\u00e9curit\u00e9 et cr\u00e9er une atmosph\u00e8re magique dans n&#039;importe quel espace.  Mat\u00e9riau Bois  Mesure cm 26x3\" \/>\n<meta property=\"og:url\" content=\"https:\/\/mystikus.com\/fr\/producto\/porte-encens-celestial-magic-hechizo-polvo-de-luna\/\" \/>\n<meta property=\"og:site_name\" content=\"Mystikus\" \/>\n<meta property=\"og:image\" content=\"https:\/\/mystikus.com\/wp-content\/uploads\/2025\/03\/64810.jpeg\" \/>\n\t<meta property=\"og:image:width\" content=\"800\" \/>\n\t<meta property=\"og:image:height\" content=\"800\" \/>\n\t<meta property=\"og:image:type\" content=\"image\/jpeg\" \/>\n<meta name=\"twitter:card\" content=\"summary_large_image\" \/>\n<meta name=\"twitter:label1\" content=\"Dur\u00e9e de lecture estim\u00e9e\" \/>\n\t<meta name=\"twitter:data1\" content=\"1 minute\" \/>\n<script type=\"application\/ld+json\" class=\"yoast-schema-graph\">{\"@context\":\"https:\/\/schema.org\",\"@graph\":[{\"@type\":\"WebPage\",\"@id\":\"https:\/\/mystikus.com\/fr\/producto\/porte-encens-celestial-magic-hechizo-polvo-de-luna\/\",\"url\":\"https:\/\/mystikus.com\/fr\/producto\/porte-encens-celestial-magic-hechizo-polvo-de-luna\/\",\"name\":\"Porte-encens Celestial Magic Hechizo polvo de Luna - Mystikus\",\"isPartOf\":{\"@id\":\"https:\/\/mystikus.com\/#website\"},\"primaryImageOfPage\":{\"@id\":\"https:\/\/mystikus.com\/fr\/producto\/porte-encens-celestial-magic-hechizo-polvo-de-luna\/#primaryimage\"},\"image\":{\"@id\":\"https:\/\/mystikus.com\/fr\/producto\/porte-encens-celestial-magic-hechizo-polvo-de-luna\/#primaryimage\"},\"thumbnailUrl\":\"https:\/\/mystikus.com\/wp-content\/uploads\/2025\/03\/64810.jpeg\",\"datePublished\":\"2025-03-25T17:37:13+00:00\",\"breadcrumb\":{\"@id\":\"https:\/\/mystikus.com\/fr\/producto\/porte-encens-celestial-magic-hechizo-polvo-de-luna\/#breadcrumb\"},\"inLanguage\":\"fr-FR\",\"potentialAction\":[{\"@type\":\"ReadAction\",\"target\":[\"https:\/\/mystikus.com\/fr\/producto\/porte-encens-celestial-magic-hechizo-polvo-de-luna\/\"]}]},{\"@type\":\"ImageObject\",\"inLanguage\":\"fr-FR\",\"@id\":\"https:\/\/mystikus.com\/fr\/producto\/porte-encens-celestial-magic-hechizo-polvo-de-luna\/#primaryimage\",\"url\":\"https:\/\/mystikus.com\/wp-content\/uploads\/2025\/03\/64810.jpeg\",\"contentUrl\":\"https:\/\/mystikus.com\/wp-content\/uploads\/2025\/03\/64810.jpeg\",\"width\":800,\"height\":800},{\"@type\":\"BreadcrumbList\",\"@id\":\"https:\/\/mystikus.com\/fr\/producto\/porte-encens-celestial-magic-hechizo-polvo-de-luna\/#breadcrumb\",\"itemListElement\":[{\"@type\":\"ListItem\",\"position\":1,\"name\":\"Portada\",\"item\":\"https:\/\/mystikus.com\/fr\/accueil\/\"},{\"@type\":\"ListItem\",\"position\":2,\"name\":\"Boutique\",\"item\":\"https:\/\/mystikus.com\/fr\/boutique\/\"},{\"@type\":\"ListItem\",\"position\":3,\"name\":\"Porte-encens Celestial Magic Hechizo polvo de Luna\"}]},{\"@type\":\"WebSite\",\"@id\":\"https:\/\/mystikus.com\/#website\",\"url\":\"https:\/\/mystikus.com\/\",\"name\":\"Mystikus\",\"description\":\"\",\"publisher\":{\"@id\":\"https:\/\/mystikus.com\/#organization\"},\"potentialAction\":[{\"@type\":\"SearchAction\",\"target\":{\"@type\":\"EntryPoint\",\"urlTemplate\":\"https:\/\/mystikus.com\/?s={search_term_string}\"},\"query-input\":{\"@type\":\"PropertyValueSpecification\",\"valueRequired\":true,\"valueName\":\"search_term_string\"}}],\"inLanguage\":\"fr-FR\"},{\"@type\":\"Organization\",\"@id\":\"https:\/\/mystikus.com\/#organization\",\"name\":\"Mystikus\",\"url\":\"https:\/\/mystikus.com\/\",\"logo\":{\"@type\":\"ImageObject\",\"inLanguage\":\"fr-FR\",\"@id\":\"https:\/\/mystikus.com\/#\/schema\/logo\/image\/\",\"url\":\"https:\/\/mystikus.com\/wp-content\/uploads\/2025\/06\/logo-instgaram-shop.jpg\",\"contentUrl\":\"https:\/\/mystikus.com\/wp-content\/uploads\/2025\/06\/logo-instgaram-shop.jpg\",\"width\":227,\"height\":227,\"caption\":\"Mystikus\"},\"image\":{\"@id\":\"https:\/\/mystikus.com\/#\/schema\/logo\/image\/\"}}]}<\/script>\n<!-- \/ Yoast SEO plugin. -->","yoast_head_json":{"title":"Porte-encens Celestial Magic Hechizo polvo de Luna - Mystikus","robots":{"index":"index","follow":"follow","max-snippet":"max-snippet:-1","max-image-preview":"max-image-preview:large","max-video-preview":"max-video-preview:-1"},"canonical":"https:\/\/mystikus.com\/fr\/producto\/porte-encens-celestial-magic-hechizo-polvo-de-luna\/","og_locale":"fr_FR","og_type":"article","og_title":"Porte-encens Celestial Magic Hechizo polvo de Luna - Mystikus","og_description":"Porte-encens Celestial Magic Hechizo polvo de Luna Ces porte-encens en bois magnifiquement emball\u00e9s, finis de mani\u00e8re durable avec une couche de r\u00e9sine \u00e9poxy, allient fonctionnalit\u00e9 et design charmant. Parfaits pour br\u00fbler de l'encens en toute s\u00e9curit\u00e9 et cr\u00e9er une atmosph\u00e8re magique dans n'importe quel espace.  Mat\u00e9riau Bois  Mesure cm 26x3","og_url":"https:\/\/mystikus.com\/fr\/producto\/porte-encens-celestial-magic-hechizo-polvo-de-luna\/","og_site_name":"Mystikus","og_image":[{"width":800,"height":800,"url":"https:\/\/mystikus.com\/wp-content\/uploads\/2025\/03\/64810.jpeg","type":"image\/jpeg"}],"twitter_card":"summary_large_image","twitter_misc":{"Dur\u00e9e de lecture estim\u00e9e":"1 minute"},"schema":{"@context":"https:\/\/schema.org","@graph":[{"@type":"WebPage","@id":"https:\/\/mystikus.com\/fr\/producto\/porte-encens-celestial-magic-hechizo-polvo-de-luna\/","url":"https:\/\/mystikus.com\/fr\/producto\/porte-encens-celestial-magic-hechizo-polvo-de-luna\/","name":"Porte-encens Celestial Magic Hechizo polvo de Luna - Mystikus","isPartOf":{"@id":"https:\/\/mystikus.com\/#website"},"primaryImageOfPage":{"@id":"https:\/\/mystikus.com\/fr\/producto\/porte-encens-celestial-magic-hechizo-polvo-de-luna\/#primaryimage"},"image":{"@id":"https:\/\/mystikus.com\/fr\/producto\/porte-encens-celestial-magic-hechizo-polvo-de-luna\/#primaryimage"},"thumbnailUrl":"https:\/\/mystikus.com\/wp-content\/uploads\/2025\/03\/64810.jpeg","datePublished":"2025-03-25T17:37:13+00:00","breadcrumb":{"@id":"https:\/\/mystikus.com\/fr\/producto\/porte-encens-celestial-magic-hechizo-polvo-de-luna\/#breadcrumb"},"inLanguage":"fr-FR","potentialAction":[{"@type":"ReadAction","target":["https:\/\/mystikus.com\/fr\/producto\/porte-encens-celestial-magic-hechizo-polvo-de-luna\/"]}]},{"@type":"ImageObject","inLanguage":"fr-FR","@id":"https:\/\/mystikus.com\/fr\/producto\/porte-encens-celestial-magic-hechizo-polvo-de-luna\/#primaryimage","url":"https:\/\/mystikus.com\/wp-content\/uploads\/2025\/03\/64810.jpeg","contentUrl":"https:\/\/mystikus.com\/wp-content\/uploads\/2025\/03\/64810.jpeg","width":800,"height":800},{"@type":"BreadcrumbList","@id":"https:\/\/mystikus.com\/fr\/producto\/porte-encens-celestial-magic-hechizo-polvo-de-luna\/#breadcrumb","itemListElement":[{"@type":"ListItem","position":1,"name":"Portada","item":"https:\/\/mystikus.com\/fr\/accueil\/"},{"@type":"ListItem","position":2,"name":"Boutique","item":"https:\/\/mystikus.com\/fr\/boutique\/"},{"@type":"ListItem","position":3,"name":"Porte-encens Celestial Magic Hechizo polvo de Luna"}]},{"@type":"WebSite","@id":"https:\/\/mystikus.com\/#website","url":"https:\/\/mystikus.com\/","name":"Mystikus","description":"","publisher":{"@id":"https:\/\/mystikus.com\/#organization"},"potentialAction":[{"@type":"SearchAction","target":{"@type":"EntryPoint","urlTemplate":"https:\/\/mystikus.com\/?s={search_term_string}"},"query-input":{"@type":"PropertyValueSpecification","valueRequired":true,"valueName":"search_term_string"}}],"inLanguage":"fr-FR"},{"@type":"Organization","@id":"https:\/\/mystikus.com\/#organization","name":"Mystikus","url":"https:\/\/mystikus.com\/","logo":{"@type":"ImageObject","inLanguage":"fr-FR","@id":"https:\/\/mystikus.com\/#\/schema\/logo\/image\/","url":"https:\/\/mystikus.com\/wp-content\/uploads\/2025\/06\/logo-instgaram-shop.jpg","contentUrl":"https:\/\/mystikus.com\/wp-content\/uploads\/2025\/06\/logo-instgaram-shop.jpg","width":227,"height":227,"caption":"Mystikus"},"image":{"@id":"https:\/\/mystikus.com\/#\/schema\/logo\/image\/"}}]}},"_links":{"self":[{"href":"https:\/\/mystikus.com\/fr\/wp-json\/wp\/v2\/product\/24072","targetHints":{"allow":["GET"]}}],"collection":[{"href":"https:\/\/mystikus.com\/fr\/wp-json\/wp\/v2\/product"}],"about":[{"href":"https:\/\/mystikus.com\/fr\/wp-json\/wp\/v2\/types\/product"}],"replies":[{"embeddable":true,"href":"https:\/\/mystikus.com\/fr\/wp-json\/wp\/v2\/comments?post=24072"}],"wp:featuredmedia":[{"embeddable":true,"href":"https:\/\/mystikus.com\/fr\/wp-json\/wp\/v2\/media\/24073"}],"wp:attachment":[{"href":"https:\/\/mystikus.com\/fr\/wp-json\/wp\/v2\/media?parent=24072"}],"wp:term":[{"taxonomy":"product_brand","embeddable":true,"href":"https:\/\/mystikus.com\/fr\/wp-json\/wp\/v2\/product_brand?post=24072"},{"taxonomy":"product_cat","embeddable":true,"href":"https:\/\/mystikus.com\/fr\/wp-json\/wp\/v2\/product_cat?post=24072"},{"taxonomy":"product_tag","embeddable":true,"href":"https:\/\/mystikus.com\/fr\/wp-json\/wp\/v2\/product_tag?post=24072"}],"curies":[{"name":"wp","href":"https:\/\/api.w.org\/{rel}","templated":true}]}}