{"id":24096,"date":"2025-03-25T17:49:46","date_gmt":"2025-03-25T16:49:46","guid":{"rendered":"https:\/\/mystikus.com\/producto\/encens-celestial-magic-hechizo-poudre-de-lune-porte-encens\/"},"modified":"2025-03-25T17:49:46","modified_gmt":"2025-03-25T16:49:46","slug":"encens-celestial-magic-hechizo-poudre-de-lune-porte-encens","status":"publish","type":"product","link":"https:\/\/mystikus.com\/fr\/producto\/encens-celestial-magic-hechizo-poudre-de-lune-porte-encens\/","title":{"rendered":"Encens Celestial Magic Hechizo poudre de Lune + porte-encens"},"content":{"rendered":"<pre>Encens Celestial Magic Hechizo poudre de Lune + porte-encens<\/pre>\n<p>Laisse l&rsquo;\u00e9nergie mystique de la lune remplir ton espace avec cet encens magique.<\/p>\n<p>Comprend un magnifique porte-encens.<\/p>\n<p><strong>Profil olfactif<br \/>\n<\/strong><em>Ambre baltique et oud.<\/em><\/p>\n<p><strong>Celestial Magic<br \/>\n<\/strong>La gamme de parfums d&rsquo;int\u00e9rieur Celestial Magic apporte une \u00e9nergie mystique \u00e0 ton espace. Des ar\u00f4mes enchanteurs aux designs magiques, chaque produit est parfait pour ajouter une touche de magie \u00e0 ton int\u00e9rieur. <\/p>\n<p><strong>Mode d&#8217;emploi<br \/>\n<\/strong>Allume l&rsquo;extr\u00e9mit\u00e9 d&rsquo;un b\u00e2ton d&rsquo;encens et \u00e9teins la flamme. Place le b\u00e2ton dans un porte-encens s\u00fbr sur une surface r\u00e9sistante \u00e0 la chaleur. Ne jamais laisser br\u00fbler l&rsquo;encens sans surveillance.  <\/p>\n<p><strong>Avertissements<br \/>\n<\/strong>Ne jamais laisser br\u00fbler l&rsquo;encens sans surveillance.<br \/>\nTenir \u00e9loign\u00e9 des rideaux et des mat\u00e9riaux inflammables.<br \/>\nUtiliser sur une surface r\u00e9sistante \u00e0 la chaleur.<br \/>\nTenir hors de port\u00e9e des enfants et des animaux domestiques.<br \/>\nVentiler apr\u00e8s utilisation.<br \/>\n\u00c9vite d&rsquo;inhaler directement la fum\u00e9e.<\/p>\n","protected":false},"excerpt":{"rendered":"<pre>Encens Celestial Magic Hechizo poudre de Lune + porte-encens<\/pre>\n<p>Laisse l&rsquo;\u00e9nergie mystique de la lune remplir ton espace avec cet encens magique.<\/p>\n<p>Comprend un magnifique porte-encens.<\/p>\n<p><strong>Profil olfactif<br \/>\n<\/strong><em>Ambre baltique et oud.<\/em><\/p>\n","protected":false},"featured_media":24097,"comment_status":"closed","ping_status":"closed","template":"","meta":[],"product_brand":[],"product_cat":[122,118],"product_tag":[],"class_list":{"0":"post-24096","1":"product","2":"type-product","3":"status-publish","4":"has-post-thumbnail","6":"product_cat-encens","7":"product_cat-encens-et-aromes","9":"first","10":"instock","11":"shipping-taxable","12":"purchasable","13":"product-type-simple"},"yoast_head":"<!-- This site is optimized with the Yoast SEO plugin v27.2 - https:\/\/yoast.com\/product\/yoast-seo-wordpress\/ -->\n<title>Encens Celestial Magic Hechizo poudre de Lune + porte-encens - Mystikus<\/title>\n<meta name=\"robots\" content=\"index, follow, max-snippet:-1, max-image-preview:large, max-video-preview:-1\" \/>\n<link rel=\"canonical\" href=\"https:\/\/mystikus.com\/fr\/producto\/encens-celestial-magic-hechizo-poudre-de-lune-porte-encens\/\" \/>\n<meta property=\"og:locale\" content=\"fr_FR\" \/>\n<meta property=\"og:type\" content=\"article\" \/>\n<meta property=\"og:title\" content=\"Encens Celestial Magic Hechizo poudre de Lune + porte-encens - Mystikus\" \/>\n<meta property=\"og:description\" content=\"Encens Celestial Magic Hechizo poudre de Lune + porte-encens Laisse l&#039;\u00e9nergie mystique de la lune remplir ton espace avec cet encens magique. Comprend un magnifique porte-encens. Profil olfactif Ambre baltique et oud.\" \/>\n<meta property=\"og:url\" content=\"https:\/\/mystikus.com\/fr\/producto\/encens-celestial-magic-hechizo-poudre-de-lune-porte-encens\/\" \/>\n<meta property=\"og:site_name\" content=\"Mystikus\" \/>\n<meta property=\"og:image\" content=\"https:\/\/mystikus.com\/wp-content\/uploads\/2025\/03\/64798.jpeg\" \/>\n\t<meta property=\"og:image:width\" content=\"800\" \/>\n\t<meta property=\"og:image:height\" content=\"800\" \/>\n\t<meta property=\"og:image:type\" content=\"image\/jpeg\" \/>\n<meta name=\"twitter:card\" content=\"summary_large_image\" \/>\n<meta name=\"twitter:label1\" content=\"Dur\u00e9e de lecture estim\u00e9e\" \/>\n\t<meta name=\"twitter:data1\" content=\"1 minute\" \/>\n<script type=\"application\/ld+json\" class=\"yoast-schema-graph\">{\"@context\":\"https:\/\/schema.org\",\"@graph\":[{\"@type\":\"WebPage\",\"@id\":\"https:\/\/mystikus.com\/fr\/producto\/encens-celestial-magic-hechizo-poudre-de-lune-porte-encens\/\",\"url\":\"https:\/\/mystikus.com\/fr\/producto\/encens-celestial-magic-hechizo-poudre-de-lune-porte-encens\/\",\"name\":\"Encens Celestial Magic Hechizo poudre de Lune + porte-encens - Mystikus\",\"isPartOf\":{\"@id\":\"https:\/\/mystikus.com\/#website\"},\"primaryImageOfPage\":{\"@id\":\"https:\/\/mystikus.com\/fr\/producto\/encens-celestial-magic-hechizo-poudre-de-lune-porte-encens\/#primaryimage\"},\"image\":{\"@id\":\"https:\/\/mystikus.com\/fr\/producto\/encens-celestial-magic-hechizo-poudre-de-lune-porte-encens\/#primaryimage\"},\"thumbnailUrl\":\"https:\/\/mystikus.com\/wp-content\/uploads\/2025\/03\/64798.jpeg\",\"datePublished\":\"2025-03-25T16:49:46+00:00\",\"breadcrumb\":{\"@id\":\"https:\/\/mystikus.com\/fr\/producto\/encens-celestial-magic-hechizo-poudre-de-lune-porte-encens\/#breadcrumb\"},\"inLanguage\":\"fr-FR\",\"potentialAction\":[{\"@type\":\"ReadAction\",\"target\":[\"https:\/\/mystikus.com\/fr\/producto\/encens-celestial-magic-hechizo-poudre-de-lune-porte-encens\/\"]}]},{\"@type\":\"ImageObject\",\"inLanguage\":\"fr-FR\",\"@id\":\"https:\/\/mystikus.com\/fr\/producto\/encens-celestial-magic-hechizo-poudre-de-lune-porte-encens\/#primaryimage\",\"url\":\"https:\/\/mystikus.com\/wp-content\/uploads\/2025\/03\/64798.jpeg\",\"contentUrl\":\"https:\/\/mystikus.com\/wp-content\/uploads\/2025\/03\/64798.jpeg\",\"width\":800,\"height\":800},{\"@type\":\"BreadcrumbList\",\"@id\":\"https:\/\/mystikus.com\/fr\/producto\/encens-celestial-magic-hechizo-poudre-de-lune-porte-encens\/#breadcrumb\",\"itemListElement\":[{\"@type\":\"ListItem\",\"position\":1,\"name\":\"Portada\",\"item\":\"https:\/\/mystikus.com\/fr\/accueil\/\"},{\"@type\":\"ListItem\",\"position\":2,\"name\":\"Boutique\",\"item\":\"https:\/\/mystikus.com\/fr\/boutique\/\"},{\"@type\":\"ListItem\",\"position\":3,\"name\":\"Encens Celestial Magic Hechizo poudre de Lune + porte-encens\"}]},{\"@type\":\"WebSite\",\"@id\":\"https:\/\/mystikus.com\/#website\",\"url\":\"https:\/\/mystikus.com\/\",\"name\":\"Mystikus\",\"description\":\"\",\"publisher\":{\"@id\":\"https:\/\/mystikus.com\/#organization\"},\"potentialAction\":[{\"@type\":\"SearchAction\",\"target\":{\"@type\":\"EntryPoint\",\"urlTemplate\":\"https:\/\/mystikus.com\/?s={search_term_string}\"},\"query-input\":{\"@type\":\"PropertyValueSpecification\",\"valueRequired\":true,\"valueName\":\"search_term_string\"}}],\"inLanguage\":\"fr-FR\"},{\"@type\":\"Organization\",\"@id\":\"https:\/\/mystikus.com\/#organization\",\"name\":\"Mystikus\",\"url\":\"https:\/\/mystikus.com\/\",\"logo\":{\"@type\":\"ImageObject\",\"inLanguage\":\"fr-FR\",\"@id\":\"https:\/\/mystikus.com\/#\/schema\/logo\/image\/\",\"url\":\"https:\/\/mystikus.com\/wp-content\/uploads\/2025\/06\/logo-instgaram-shop.jpg\",\"contentUrl\":\"https:\/\/mystikus.com\/wp-content\/uploads\/2025\/06\/logo-instgaram-shop.jpg\",\"width\":227,\"height\":227,\"caption\":\"Mystikus\"},\"image\":{\"@id\":\"https:\/\/mystikus.com\/#\/schema\/logo\/image\/\"}}]}<\/script>\n<!-- \/ Yoast SEO plugin. -->","yoast_head_json":{"title":"Encens Celestial Magic Hechizo poudre de Lune + porte-encens - Mystikus","robots":{"index":"index","follow":"follow","max-snippet":"max-snippet:-1","max-image-preview":"max-image-preview:large","max-video-preview":"max-video-preview:-1"},"canonical":"https:\/\/mystikus.com\/fr\/producto\/encens-celestial-magic-hechizo-poudre-de-lune-porte-encens\/","og_locale":"fr_FR","og_type":"article","og_title":"Encens Celestial Magic Hechizo poudre de Lune + porte-encens - Mystikus","og_description":"Encens Celestial Magic Hechizo poudre de Lune + porte-encens Laisse l'\u00e9nergie mystique de la lune remplir ton espace avec cet encens magique. Comprend un magnifique porte-encens. Profil olfactif Ambre baltique et oud.","og_url":"https:\/\/mystikus.com\/fr\/producto\/encens-celestial-magic-hechizo-poudre-de-lune-porte-encens\/","og_site_name":"Mystikus","og_image":[{"width":800,"height":800,"url":"https:\/\/mystikus.com\/wp-content\/uploads\/2025\/03\/64798.jpeg","type":"image\/jpeg"}],"twitter_card":"summary_large_image","twitter_misc":{"Dur\u00e9e de lecture estim\u00e9e":"1 minute"},"schema":{"@context":"https:\/\/schema.org","@graph":[{"@type":"WebPage","@id":"https:\/\/mystikus.com\/fr\/producto\/encens-celestial-magic-hechizo-poudre-de-lune-porte-encens\/","url":"https:\/\/mystikus.com\/fr\/producto\/encens-celestial-magic-hechizo-poudre-de-lune-porte-encens\/","name":"Encens Celestial Magic Hechizo poudre de Lune + porte-encens - Mystikus","isPartOf":{"@id":"https:\/\/mystikus.com\/#website"},"primaryImageOfPage":{"@id":"https:\/\/mystikus.com\/fr\/producto\/encens-celestial-magic-hechizo-poudre-de-lune-porte-encens\/#primaryimage"},"image":{"@id":"https:\/\/mystikus.com\/fr\/producto\/encens-celestial-magic-hechizo-poudre-de-lune-porte-encens\/#primaryimage"},"thumbnailUrl":"https:\/\/mystikus.com\/wp-content\/uploads\/2025\/03\/64798.jpeg","datePublished":"2025-03-25T16:49:46+00:00","breadcrumb":{"@id":"https:\/\/mystikus.com\/fr\/producto\/encens-celestial-magic-hechizo-poudre-de-lune-porte-encens\/#breadcrumb"},"inLanguage":"fr-FR","potentialAction":[{"@type":"ReadAction","target":["https:\/\/mystikus.com\/fr\/producto\/encens-celestial-magic-hechizo-poudre-de-lune-porte-encens\/"]}]},{"@type":"ImageObject","inLanguage":"fr-FR","@id":"https:\/\/mystikus.com\/fr\/producto\/encens-celestial-magic-hechizo-poudre-de-lune-porte-encens\/#primaryimage","url":"https:\/\/mystikus.com\/wp-content\/uploads\/2025\/03\/64798.jpeg","contentUrl":"https:\/\/mystikus.com\/wp-content\/uploads\/2025\/03\/64798.jpeg","width":800,"height":800},{"@type":"BreadcrumbList","@id":"https:\/\/mystikus.com\/fr\/producto\/encens-celestial-magic-hechizo-poudre-de-lune-porte-encens\/#breadcrumb","itemListElement":[{"@type":"ListItem","position":1,"name":"Portada","item":"https:\/\/mystikus.com\/fr\/accueil\/"},{"@type":"ListItem","position":2,"name":"Boutique","item":"https:\/\/mystikus.com\/fr\/boutique\/"},{"@type":"ListItem","position":3,"name":"Encens Celestial Magic Hechizo poudre de Lune + porte-encens"}]},{"@type":"WebSite","@id":"https:\/\/mystikus.com\/#website","url":"https:\/\/mystikus.com\/","name":"Mystikus","description":"","publisher":{"@id":"https:\/\/mystikus.com\/#organization"},"potentialAction":[{"@type":"SearchAction","target":{"@type":"EntryPoint","urlTemplate":"https:\/\/mystikus.com\/?s={search_term_string}"},"query-input":{"@type":"PropertyValueSpecification","valueRequired":true,"valueName":"search_term_string"}}],"inLanguage":"fr-FR"},{"@type":"Organization","@id":"https:\/\/mystikus.com\/#organization","name":"Mystikus","url":"https:\/\/mystikus.com\/","logo":{"@type":"ImageObject","inLanguage":"fr-FR","@id":"https:\/\/mystikus.com\/#\/schema\/logo\/image\/","url":"https:\/\/mystikus.com\/wp-content\/uploads\/2025\/06\/logo-instgaram-shop.jpg","contentUrl":"https:\/\/mystikus.com\/wp-content\/uploads\/2025\/06\/logo-instgaram-shop.jpg","width":227,"height":227,"caption":"Mystikus"},"image":{"@id":"https:\/\/mystikus.com\/#\/schema\/logo\/image\/"}}]}},"_links":{"self":[{"href":"https:\/\/mystikus.com\/fr\/wp-json\/wp\/v2\/product\/24096","targetHints":{"allow":["GET"]}}],"collection":[{"href":"https:\/\/mystikus.com\/fr\/wp-json\/wp\/v2\/product"}],"about":[{"href":"https:\/\/mystikus.com\/fr\/wp-json\/wp\/v2\/types\/product"}],"replies":[{"embeddable":true,"href":"https:\/\/mystikus.com\/fr\/wp-json\/wp\/v2\/comments?post=24096"}],"wp:featuredmedia":[{"embeddable":true,"href":"https:\/\/mystikus.com\/fr\/wp-json\/wp\/v2\/media\/24097"}],"wp:attachment":[{"href":"https:\/\/mystikus.com\/fr\/wp-json\/wp\/v2\/media?parent=24096"}],"wp:term":[{"taxonomy":"product_brand","embeddable":true,"href":"https:\/\/mystikus.com\/fr\/wp-json\/wp\/v2\/product_brand?post=24096"},{"taxonomy":"product_cat","embeddable":true,"href":"https:\/\/mystikus.com\/fr\/wp-json\/wp\/v2\/product_cat?post=24096"},{"taxonomy":"product_tag","embeddable":true,"href":"https:\/\/mystikus.com\/fr\/wp-json\/wp\/v2\/product_tag?post=24096"}],"curies":[{"name":"wp","href":"https:\/\/api.w.org\/{rel}","templated":true}]}}