{"id":24138,"date":"2025-03-25T17:11:28","date_gmt":"2025-03-25T16:11:28","guid":{"rendered":"https:\/\/mystikus.com\/producto\/bougie-de-soja-parfumee-sleep-en-boite\/"},"modified":"2025-03-25T17:11:28","modified_gmt":"2025-03-25T16:11:28","slug":"bougie-de-soja-parfumee-sleep-en-boite","status":"publish","type":"product","link":"https:\/\/mystikus.com\/fr\/producto\/bougie-de-soja-parfumee-sleep-en-boite\/","title":{"rendered":"Bougie de soja parfum\u00e9e Sleep en bo\u00eete"},"content":{"rendered":"<pre>Bougie de soja parfum\u00e9e Sleep en bo\u00eete<\/pre>\n<p>Bougie parfum\u00e9e relaxante en bo\u00eete d\u00e9corative. Pour cr\u00e9er une atmosph\u00e8re sereine qui garantit un sommeil r\u00e9parateur. Son emballage en fait un magnifique compl\u00e9ment pour tout coffret cadeau.  <\/p>\n<p>Parfum\u00e9e aux huiles essentielles de Bergamote, Orange douce, Lavande, G\u00e9ranium, Pamplemousse, Clou de girofle et Cardamome.<\/p>\n<div class=\"spec-item\">\n<div class=\"spec-desc\">Mati\u00e8re premi\u00e8re Cire de soja<\/div>\n<\/div>\n<div class=\"spec-item\">\n<div class=\"spec-desc\">Temps de combustion (heures) \u00b110<\/div>\n<\/div>\n<div class=\"spec-item\">\n<div class=\"spec-desc\">Mesure cm 4x7x7<\/div>\n<\/div>\n<div class=\"spec-item\">\n<div class=\"spec-desc\">Poids net en grammes 80<\/div>\n<\/div>\n<p><strong>\u00c0 propos du produit<\/strong><br \/>\nBougie en cire de soja avec cire de palme RSPO durable<br \/>\nParfum\u00e9e aux huiles essentielles naturelles<br \/>\nTemps de combustion&nbsp;: \u00b110&nbsp;heures<br \/>\nM\u00e8che en coton pur<\/p>\n<p><strong>Instructions d&rsquo;utilisation<\/strong><br \/>\nBr\u00fblez au moins une heure par pouce (2,5&nbsp;cm) de diam\u00e8tre de la bougie<br \/>\nchaque fois que vous l\u2019allumez pour garantir une combustion optimale.<br \/>\nNe br\u00fblez pas plus de 4&nbsp;heures de suite.<br \/>\nCoupez la m\u00e8che \u00e0 \u00bc&nbsp;po (0,5&nbsp;cm) chaque fois que vous allumez la bougie.<br \/>\nCessez de l\u2019utiliser lorsqu\u2019il reste \u00bd&nbsp;po (1,3&nbsp;cm) de cire dans le fond.<\/p>\n<p><strong>Attention.<\/strong><br \/>\nNe laissez jamais une bougie allum\u00e9e sans surveillance.<br \/>\nTenez-la hors de port\u00e9e des enfants et des animaux domestiques.<br \/>\nBr\u00fblez la bougie sur une surface r\u00e9sistante \u00e0 la chaleur ou dans un support appropri\u00e9.<br \/>\nBr\u00fblez dans un endroit ventil\u00e9, mais \u00e0 l\u2019abri des courants d\u2019air.<br \/>\nNe la d\u00e9placez pas lorsqu\u2019elle est allum\u00e9e ou tant que la cire ne durcit pas.<\/p>\n","protected":false},"excerpt":{"rendered":"<pre>Bougie de soja parfum\u00e9e Sleep en bo\u00eete<\/pre>\n<p>Bougie parfum\u00e9e relaxante en bo\u00eete d\u00e9corative. Pour cr\u00e9er une atmosph\u00e8re sereine qui garantit un sommeil r\u00e9parateur. Son emballage en fait un magnifique compl\u00e9ment pour tout coffret cadeau.  <\/p>\n<p>Parfum\u00e9e aux huiles essentielles de Bergamote, Orange douce, Lavande, G\u00e9ranium, Pamplemousse, Clou de girofle et Cardamome.<\/p>\n<p><strong>\u00c0 propos du produit<\/strong><br \/>\nBougie en cire de soja avec cire de palme RSPO durable<br \/>\nParfum\u00e9e aux huiles essentielles naturelles<br \/>\nTemps de combustion&nbsp;: \u00b110&nbsp;heures<br \/>\nM\u00e8che en coton pur<\/p>\n","protected":false},"featured_media":26477,"comment_status":"closed","ping_status":"closed","template":"","meta":[],"product_brand":[],"product_cat":[125,124],"product_tag":[],"class_list":{"0":"post-24138","1":"product","2":"type-product","3":"status-publish","4":"has-post-thumbnail","6":"product_cat-bougies-aromatiques","7":"product_cat-jardin-enchante","9":"first","10":"instock","11":"shipping-taxable","12":"purchasable","13":"product-type-simple"},"yoast_head":"<!-- This site is optimized with the Yoast SEO plugin v27.2 - https:\/\/yoast.com\/product\/yoast-seo-wordpress\/ -->\n<title>Bougie de soja parfum\u00e9e Sleep en bo\u00eete - Mystikus<\/title>\n<meta name=\"robots\" content=\"index, follow, max-snippet:-1, max-image-preview:large, max-video-preview:-1\" \/>\n<link rel=\"canonical\" href=\"https:\/\/mystikus.com\/fr\/producto\/bougie-de-soja-parfumee-sleep-en-boite\/\" \/>\n<meta property=\"og:locale\" content=\"fr_FR\" \/>\n<meta property=\"og:type\" content=\"article\" \/>\n<meta property=\"og:title\" content=\"Bougie de soja parfum\u00e9e Sleep en bo\u00eete - Mystikus\" \/>\n<meta property=\"og:description\" content=\"Bougie de soja parfum\u00e9e Sleep en bo\u00eete Bougie parfum\u00e9e relaxante en bo\u00eete d\u00e9corative. Pour cr\u00e9er une atmosph\u00e8re sereine qui garantit un sommeil r\u00e9parateur. Son emballage en fait un magnifique compl\u00e9ment pour tout coffret cadeau.  Parfum\u00e9e aux huiles essentielles de Bergamote, Orange douce, Lavande, G\u00e9ranium, Pamplemousse, Clou de girofle et Cardamome. \u00c0 propos du produit Bougie en cire de soja avec cire de palme RSPO durable Parfum\u00e9e aux huiles essentielles naturelles Temps de combustion&nbsp;: \u00b110&nbsp;heures M\u00e8che en coton pur\" \/>\n<meta property=\"og:url\" content=\"https:\/\/mystikus.com\/fr\/producto\/bougie-de-soja-parfumee-sleep-en-boite\/\" \/>\n<meta property=\"og:site_name\" content=\"Mystikus\" \/>\n<meta property=\"og:image\" content=\"https:\/\/mystikus.com\/wp-content\/uploads\/2025\/03\/64741.jpeg\" \/>\n\t<meta property=\"og:image:width\" content=\"800\" \/>\n\t<meta property=\"og:image:height\" content=\"800\" \/>\n\t<meta property=\"og:image:type\" content=\"image\/jpeg\" \/>\n<meta name=\"twitter:card\" content=\"summary_large_image\" \/>\n<meta name=\"twitter:label1\" content=\"Dur\u00e9e de lecture estim\u00e9e\" \/>\n\t<meta name=\"twitter:data1\" content=\"1 minute\" \/>\n<script type=\"application\/ld+json\" class=\"yoast-schema-graph\">{\"@context\":\"https:\/\/schema.org\",\"@graph\":[{\"@type\":\"WebPage\",\"@id\":\"https:\/\/mystikus.com\/fr\/producto\/bougie-de-soja-parfumee-sleep-en-boite\/\",\"url\":\"https:\/\/mystikus.com\/fr\/producto\/bougie-de-soja-parfumee-sleep-en-boite\/\",\"name\":\"Bougie de soja parfum\u00e9e Sleep en bo\u00eete - Mystikus\",\"isPartOf\":{\"@id\":\"https:\/\/mystikus.com\/#website\"},\"primaryImageOfPage\":{\"@id\":\"https:\/\/mystikus.com\/fr\/producto\/bougie-de-soja-parfumee-sleep-en-boite\/#primaryimage\"},\"image\":{\"@id\":\"https:\/\/mystikus.com\/fr\/producto\/bougie-de-soja-parfumee-sleep-en-boite\/#primaryimage\"},\"thumbnailUrl\":\"https:\/\/mystikus.com\/wp-content\/uploads\/2025\/03\/64741.jpeg\",\"datePublished\":\"2025-03-25T16:11:28+00:00\",\"breadcrumb\":{\"@id\":\"https:\/\/mystikus.com\/fr\/producto\/bougie-de-soja-parfumee-sleep-en-boite\/#breadcrumb\"},\"inLanguage\":\"fr-FR\",\"potentialAction\":[{\"@type\":\"ReadAction\",\"target\":[\"https:\/\/mystikus.com\/fr\/producto\/bougie-de-soja-parfumee-sleep-en-boite\/\"]}]},{\"@type\":\"ImageObject\",\"inLanguage\":\"fr-FR\",\"@id\":\"https:\/\/mystikus.com\/fr\/producto\/bougie-de-soja-parfumee-sleep-en-boite\/#primaryimage\",\"url\":\"https:\/\/mystikus.com\/wp-content\/uploads\/2025\/03\/64741.jpeg\",\"contentUrl\":\"https:\/\/mystikus.com\/wp-content\/uploads\/2025\/03\/64741.jpeg\",\"width\":800,\"height\":800},{\"@type\":\"BreadcrumbList\",\"@id\":\"https:\/\/mystikus.com\/fr\/producto\/bougie-de-soja-parfumee-sleep-en-boite\/#breadcrumb\",\"itemListElement\":[{\"@type\":\"ListItem\",\"position\":1,\"name\":\"Portada\",\"item\":\"https:\/\/mystikus.com\/fr\/accueil\/\"},{\"@type\":\"ListItem\",\"position\":2,\"name\":\"Boutique\",\"item\":\"https:\/\/mystikus.com\/fr\/boutique\/\"},{\"@type\":\"ListItem\",\"position\":3,\"name\":\"Bougie de soja parfum\u00e9e Sleep en bo\u00eete\"}]},{\"@type\":\"WebSite\",\"@id\":\"https:\/\/mystikus.com\/#website\",\"url\":\"https:\/\/mystikus.com\/\",\"name\":\"Mystikus\",\"description\":\"\",\"publisher\":{\"@id\":\"https:\/\/mystikus.com\/#organization\"},\"potentialAction\":[{\"@type\":\"SearchAction\",\"target\":{\"@type\":\"EntryPoint\",\"urlTemplate\":\"https:\/\/mystikus.com\/?s={search_term_string}\"},\"query-input\":{\"@type\":\"PropertyValueSpecification\",\"valueRequired\":true,\"valueName\":\"search_term_string\"}}],\"inLanguage\":\"fr-FR\"},{\"@type\":\"Organization\",\"@id\":\"https:\/\/mystikus.com\/#organization\",\"name\":\"Mystikus\",\"url\":\"https:\/\/mystikus.com\/\",\"logo\":{\"@type\":\"ImageObject\",\"inLanguage\":\"fr-FR\",\"@id\":\"https:\/\/mystikus.com\/#\/schema\/logo\/image\/\",\"url\":\"https:\/\/mystikus.com\/wp-content\/uploads\/2025\/06\/logo-instgaram-shop.jpg\",\"contentUrl\":\"https:\/\/mystikus.com\/wp-content\/uploads\/2025\/06\/logo-instgaram-shop.jpg\",\"width\":227,\"height\":227,\"caption\":\"Mystikus\"},\"image\":{\"@id\":\"https:\/\/mystikus.com\/#\/schema\/logo\/image\/\"}}]}<\/script>\n<!-- \/ Yoast SEO plugin. -->","yoast_head_json":{"title":"Bougie de soja parfum\u00e9e Sleep en bo\u00eete - Mystikus","robots":{"index":"index","follow":"follow","max-snippet":"max-snippet:-1","max-image-preview":"max-image-preview:large","max-video-preview":"max-video-preview:-1"},"canonical":"https:\/\/mystikus.com\/fr\/producto\/bougie-de-soja-parfumee-sleep-en-boite\/","og_locale":"fr_FR","og_type":"article","og_title":"Bougie de soja parfum\u00e9e Sleep en bo\u00eete - Mystikus","og_description":"Bougie de soja parfum\u00e9e Sleep en bo\u00eete Bougie parfum\u00e9e relaxante en bo\u00eete d\u00e9corative. Pour cr\u00e9er une atmosph\u00e8re sereine qui garantit un sommeil r\u00e9parateur. Son emballage en fait un magnifique compl\u00e9ment pour tout coffret cadeau.  Parfum\u00e9e aux huiles essentielles de Bergamote, Orange douce, Lavande, G\u00e9ranium, Pamplemousse, Clou de girofle et Cardamome. \u00c0 propos du produit Bougie en cire de soja avec cire de palme RSPO durable Parfum\u00e9e aux huiles essentielles naturelles Temps de combustion&nbsp;: \u00b110&nbsp;heures M\u00e8che en coton pur","og_url":"https:\/\/mystikus.com\/fr\/producto\/bougie-de-soja-parfumee-sleep-en-boite\/","og_site_name":"Mystikus","og_image":[{"width":800,"height":800,"url":"https:\/\/mystikus.com\/wp-content\/uploads\/2025\/03\/64741.jpeg","type":"image\/jpeg"}],"twitter_card":"summary_large_image","twitter_misc":{"Dur\u00e9e de lecture estim\u00e9e":"1 minute"},"schema":{"@context":"https:\/\/schema.org","@graph":[{"@type":"WebPage","@id":"https:\/\/mystikus.com\/fr\/producto\/bougie-de-soja-parfumee-sleep-en-boite\/","url":"https:\/\/mystikus.com\/fr\/producto\/bougie-de-soja-parfumee-sleep-en-boite\/","name":"Bougie de soja parfum\u00e9e Sleep en bo\u00eete - Mystikus","isPartOf":{"@id":"https:\/\/mystikus.com\/#website"},"primaryImageOfPage":{"@id":"https:\/\/mystikus.com\/fr\/producto\/bougie-de-soja-parfumee-sleep-en-boite\/#primaryimage"},"image":{"@id":"https:\/\/mystikus.com\/fr\/producto\/bougie-de-soja-parfumee-sleep-en-boite\/#primaryimage"},"thumbnailUrl":"https:\/\/mystikus.com\/wp-content\/uploads\/2025\/03\/64741.jpeg","datePublished":"2025-03-25T16:11:28+00:00","breadcrumb":{"@id":"https:\/\/mystikus.com\/fr\/producto\/bougie-de-soja-parfumee-sleep-en-boite\/#breadcrumb"},"inLanguage":"fr-FR","potentialAction":[{"@type":"ReadAction","target":["https:\/\/mystikus.com\/fr\/producto\/bougie-de-soja-parfumee-sleep-en-boite\/"]}]},{"@type":"ImageObject","inLanguage":"fr-FR","@id":"https:\/\/mystikus.com\/fr\/producto\/bougie-de-soja-parfumee-sleep-en-boite\/#primaryimage","url":"https:\/\/mystikus.com\/wp-content\/uploads\/2025\/03\/64741.jpeg","contentUrl":"https:\/\/mystikus.com\/wp-content\/uploads\/2025\/03\/64741.jpeg","width":800,"height":800},{"@type":"BreadcrumbList","@id":"https:\/\/mystikus.com\/fr\/producto\/bougie-de-soja-parfumee-sleep-en-boite\/#breadcrumb","itemListElement":[{"@type":"ListItem","position":1,"name":"Portada","item":"https:\/\/mystikus.com\/fr\/accueil\/"},{"@type":"ListItem","position":2,"name":"Boutique","item":"https:\/\/mystikus.com\/fr\/boutique\/"},{"@type":"ListItem","position":3,"name":"Bougie de soja parfum\u00e9e Sleep en bo\u00eete"}]},{"@type":"WebSite","@id":"https:\/\/mystikus.com\/#website","url":"https:\/\/mystikus.com\/","name":"Mystikus","description":"","publisher":{"@id":"https:\/\/mystikus.com\/#organization"},"potentialAction":[{"@type":"SearchAction","target":{"@type":"EntryPoint","urlTemplate":"https:\/\/mystikus.com\/?s={search_term_string}"},"query-input":{"@type":"PropertyValueSpecification","valueRequired":true,"valueName":"search_term_string"}}],"inLanguage":"fr-FR"},{"@type":"Organization","@id":"https:\/\/mystikus.com\/#organization","name":"Mystikus","url":"https:\/\/mystikus.com\/","logo":{"@type":"ImageObject","inLanguage":"fr-FR","@id":"https:\/\/mystikus.com\/#\/schema\/logo\/image\/","url":"https:\/\/mystikus.com\/wp-content\/uploads\/2025\/06\/logo-instgaram-shop.jpg","contentUrl":"https:\/\/mystikus.com\/wp-content\/uploads\/2025\/06\/logo-instgaram-shop.jpg","width":227,"height":227,"caption":"Mystikus"},"image":{"@id":"https:\/\/mystikus.com\/#\/schema\/logo\/image\/"}}]}},"_links":{"self":[{"href":"https:\/\/mystikus.com\/fr\/wp-json\/wp\/v2\/product\/24138","targetHints":{"allow":["GET"]}}],"collection":[{"href":"https:\/\/mystikus.com\/fr\/wp-json\/wp\/v2\/product"}],"about":[{"href":"https:\/\/mystikus.com\/fr\/wp-json\/wp\/v2\/types\/product"}],"replies":[{"embeddable":true,"href":"https:\/\/mystikus.com\/fr\/wp-json\/wp\/v2\/comments?post=24138"}],"wp:featuredmedia":[{"embeddable":true,"href":"https:\/\/mystikus.com\/fr\/wp-json\/wp\/v2\/media\/26477"}],"wp:attachment":[{"href":"https:\/\/mystikus.com\/fr\/wp-json\/wp\/v2\/media?parent=24138"}],"wp:term":[{"taxonomy":"product_brand","embeddable":true,"href":"https:\/\/mystikus.com\/fr\/wp-json\/wp\/v2\/product_brand?post=24138"},{"taxonomy":"product_cat","embeddable":true,"href":"https:\/\/mystikus.com\/fr\/wp-json\/wp\/v2\/product_cat?post=24138"},{"taxonomy":"product_tag","embeddable":true,"href":"https:\/\/mystikus.com\/fr\/wp-json\/wp\/v2\/product_tag?post=24138"}],"curies":[{"name":"wp","href":"https:\/\/api.w.org\/{rel}","templated":true}]}}