{"id":24179,"date":"2025-03-25T16:39:56","date_gmt":"2025-03-25T15:39:56","guid":{"rendered":"https:\/\/mystikus.com\/producto\/sprays-pour-la-conscience-spirituelle\/"},"modified":"2025-03-25T16:39:56","modified_gmt":"2025-03-25T15:39:56","slug":"sprays-pour-la-conscience-spirituelle","status":"publish","type":"product","link":"https:\/\/mystikus.com\/fr\/producto\/sprays-pour-la-conscience-spirituelle\/","title":{"rendered":"Sprays pour la conscience spirituelle"},"content":{"rendered":"<p>Sprays pour la conscience spirituelle<\/p>\n<p>Spray de n\u00e9bulisation naturelle Aromafume Spiritual Awareness (conscience spirituelle), pour purifier votre maison de toute \u00e9nergie n\u00e9gative stagnante et rafra\u00eechir l&rsquo;air en quelques pulv\u00e9risations. Il vous emm\u00e8ne dans un \u00e9tat de m\u00e9ditation plus profond et laisse un agr\u00e9able et l\u00e9ger parfum qui se disperse doucement dans l&rsquo;espace, le laissant tranquille et plein d&rsquo;\u00e9nergie. <\/p>\n<p><strong>Ar\u00f4mes&nbsp;: <\/strong><br \/>\nSpray d\u00e9sodorisant de Copal<br \/>\nSpray d\u00e9sodorisant de Myrrhe<br \/>\nSpray d\u00e9sodorisant de Franquincienso (Oliban)<br \/>\nSpray d\u00e9sodorisant de Benjoin<br \/>\nSpray d\u00e9sodorisant de Franquincienso et Myrrhe<\/p>\n<div class=\"spec-desc\">Contenu 50&nbsp;ml<\/div>\n","protected":false},"excerpt":{"rendered":"<p>Sprays pour la conscience spirituelle<\/p>\n<p>Spray de n\u00e9bulisation naturelle Aromafume Spiritual Awareness (conscience spirituelle), pour purifier votre maison de toute \u00e9nergie n\u00e9gative stagnante et rafra\u00eechir l&rsquo;air en quelques pulv\u00e9risations. Il vous emm\u00e8ne dans un \u00e9tat de m\u00e9ditation plus profond et laisse un agr\u00e9able et l\u00e9ger parfum qui se disperse doucement dans l&rsquo;espace, le laissant tranquille et plein d&rsquo;\u00e9nergie. <\/p>\n<p><strong>Ar\u00f4mes&nbsp;: <\/strong><br \/>\nSpray d\u00e9sodorisant de Copal<br \/>\nSpray d\u00e9sodorisant de Myrrhe<br \/>\nSpray d\u00e9sodorisant de Franquincienso (Oliban)<br \/>\nSpray d\u00e9sodorisant de Benjoin<br \/>\nSpray d\u00e9sodorisant de Franquincienso et Myrrhe<\/p>\n<div class=\"spec-desc\">Contenu 50&nbsp;ml<\/div>\n","protected":false},"featured_media":205,"comment_status":"closed","ping_status":"closed","template":"","meta":[],"product_brand":[],"product_cat":[139,140],"product_tag":[],"class_list":{"0":"post-24179","1":"product","2":"type-product","3":"status-publish","4":"has-post-thumbnail","6":"product_cat-esoteriques","7":"product_cat-parfums-dambiance","9":"first","10":"instock","11":"shipping-taxable","12":"purchasable","13":"product-type-variable"},"yoast_head":"<!-- This site is optimized with the Yoast SEO plugin v27.2 - https:\/\/yoast.com\/product\/yoast-seo-wordpress\/ -->\n<title>Sprays pour la conscience spirituelle - Mystikus<\/title>\n<meta name=\"robots\" content=\"index, follow, max-snippet:-1, max-image-preview:large, max-video-preview:-1\" \/>\n<link rel=\"canonical\" href=\"https:\/\/mystikus.com\/fr\/producto\/sprays-pour-la-conscience-spirituelle\/\" \/>\n<meta property=\"og:locale\" content=\"fr_FR\" \/>\n<meta property=\"og:type\" content=\"article\" \/>\n<meta property=\"og:title\" content=\"Sprays pour la conscience spirituelle - Mystikus\" \/>\n<meta property=\"og:description\" content=\"Sprays pour la conscience spirituelle Spray de n\u00e9bulisation naturelle Aromafume Spiritual Awareness (conscience spirituelle), pour purifier votre maison de toute \u00e9nergie n\u00e9gative stagnante et rafra\u00eechir l&#039;air en quelques pulv\u00e9risations. Il vous emm\u00e8ne dans un \u00e9tat de m\u00e9ditation plus profond et laisse un agr\u00e9able et l\u00e9ger parfum qui se disperse doucement dans l&#039;espace, le laissant tranquille et plein d&#039;\u00e9nergie.  Ar\u00f4mes&nbsp;: Spray d\u00e9sodorisant de Copal Spray d\u00e9sodorisant de Myrrhe Spray d\u00e9sodorisant de Franquincienso (Oliban) Spray d\u00e9sodorisant de Benjoin Spray d\u00e9sodorisant de Franquincienso et Myrrhe Contenu 50&nbsp;ml\" \/>\n<meta property=\"og:url\" content=\"https:\/\/mystikus.com\/fr\/producto\/sprays-pour-la-conscience-spirituelle\/\" \/>\n<meta property=\"og:site_name\" content=\"Mystikus\" \/>\n<meta property=\"og:image\" content=\"https:\/\/mystikus.com\/wp-content\/uploads\/2025\/03\/17985_17985-2.jpeg\" \/>\n\t<meta property=\"og:image:width\" content=\"800\" \/>\n\t<meta property=\"og:image:height\" content=\"800\" \/>\n\t<meta property=\"og:image:type\" content=\"image\/jpeg\" \/>\n<meta name=\"twitter:card\" content=\"summary_large_image\" \/>\n<meta name=\"twitter:label1\" content=\"Dur\u00e9e de lecture estim\u00e9e\" \/>\n\t<meta name=\"twitter:data1\" content=\"1 minute\" \/>\n<script type=\"application\/ld+json\" class=\"yoast-schema-graph\">{\"@context\":\"https:\/\/schema.org\",\"@graph\":[{\"@type\":\"WebPage\",\"@id\":\"https:\/\/mystikus.com\/fr\/producto\/sprays-pour-la-conscience-spirituelle\/\",\"url\":\"https:\/\/mystikus.com\/fr\/producto\/sprays-pour-la-conscience-spirituelle\/\",\"name\":\"Sprays pour la conscience spirituelle - Mystikus\",\"isPartOf\":{\"@id\":\"https:\/\/mystikus.com\/#website\"},\"primaryImageOfPage\":{\"@id\":\"https:\/\/mystikus.com\/fr\/producto\/sprays-pour-la-conscience-spirituelle\/#primaryimage\"},\"image\":{\"@id\":\"https:\/\/mystikus.com\/fr\/producto\/sprays-pour-la-conscience-spirituelle\/#primaryimage\"},\"thumbnailUrl\":\"https:\/\/mystikus.com\/wp-content\/uploads\/2025\/03\/17985_17985-2.jpeg\",\"datePublished\":\"2025-03-25T15:39:56+00:00\",\"breadcrumb\":{\"@id\":\"https:\/\/mystikus.com\/fr\/producto\/sprays-pour-la-conscience-spirituelle\/#breadcrumb\"},\"inLanguage\":\"fr-FR\",\"potentialAction\":[{\"@type\":\"ReadAction\",\"target\":[\"https:\/\/mystikus.com\/fr\/producto\/sprays-pour-la-conscience-spirituelle\/\"]}]},{\"@type\":\"ImageObject\",\"inLanguage\":\"fr-FR\",\"@id\":\"https:\/\/mystikus.com\/fr\/producto\/sprays-pour-la-conscience-spirituelle\/#primaryimage\",\"url\":\"https:\/\/mystikus.com\/wp-content\/uploads\/2025\/03\/17985_17985-2.jpeg\",\"contentUrl\":\"https:\/\/mystikus.com\/wp-content\/uploads\/2025\/03\/17985_17985-2.jpeg\",\"width\":800,\"height\":800},{\"@type\":\"BreadcrumbList\",\"@id\":\"https:\/\/mystikus.com\/fr\/producto\/sprays-pour-la-conscience-spirituelle\/#breadcrumb\",\"itemListElement\":[{\"@type\":\"ListItem\",\"position\":1,\"name\":\"Portada\",\"item\":\"https:\/\/mystikus.com\/fr\/accueil\/\"},{\"@type\":\"ListItem\",\"position\":2,\"name\":\"Boutique\",\"item\":\"https:\/\/mystikus.com\/fr\/boutique\/\"},{\"@type\":\"ListItem\",\"position\":3,\"name\":\"Sprays pour la conscience spirituelle\"}]},{\"@type\":\"WebSite\",\"@id\":\"https:\/\/mystikus.com\/#website\",\"url\":\"https:\/\/mystikus.com\/\",\"name\":\"Mystikus\",\"description\":\"\",\"publisher\":{\"@id\":\"https:\/\/mystikus.com\/#organization\"},\"potentialAction\":[{\"@type\":\"SearchAction\",\"target\":{\"@type\":\"EntryPoint\",\"urlTemplate\":\"https:\/\/mystikus.com\/?s={search_term_string}\"},\"query-input\":{\"@type\":\"PropertyValueSpecification\",\"valueRequired\":true,\"valueName\":\"search_term_string\"}}],\"inLanguage\":\"fr-FR\"},{\"@type\":\"Organization\",\"@id\":\"https:\/\/mystikus.com\/#organization\",\"name\":\"Mystikus\",\"url\":\"https:\/\/mystikus.com\/\",\"logo\":{\"@type\":\"ImageObject\",\"inLanguage\":\"fr-FR\",\"@id\":\"https:\/\/mystikus.com\/#\/schema\/logo\/image\/\",\"url\":\"https:\/\/mystikus.com\/wp-content\/uploads\/2025\/06\/logo-instgaram-shop.jpg\",\"contentUrl\":\"https:\/\/mystikus.com\/wp-content\/uploads\/2025\/06\/logo-instgaram-shop.jpg\",\"width\":227,\"height\":227,\"caption\":\"Mystikus\"},\"image\":{\"@id\":\"https:\/\/mystikus.com\/#\/schema\/logo\/image\/\"}}]}<\/script>\n<!-- \/ Yoast SEO plugin. -->","yoast_head_json":{"title":"Sprays pour la conscience spirituelle - Mystikus","robots":{"index":"index","follow":"follow","max-snippet":"max-snippet:-1","max-image-preview":"max-image-preview:large","max-video-preview":"max-video-preview:-1"},"canonical":"https:\/\/mystikus.com\/fr\/producto\/sprays-pour-la-conscience-spirituelle\/","og_locale":"fr_FR","og_type":"article","og_title":"Sprays pour la conscience spirituelle - Mystikus","og_description":"Sprays pour la conscience spirituelle Spray de n\u00e9bulisation naturelle Aromafume Spiritual Awareness (conscience spirituelle), pour purifier votre maison de toute \u00e9nergie n\u00e9gative stagnante et rafra\u00eechir l'air en quelques pulv\u00e9risations. Il vous emm\u00e8ne dans un \u00e9tat de m\u00e9ditation plus profond et laisse un agr\u00e9able et l\u00e9ger parfum qui se disperse doucement dans l'espace, le laissant tranquille et plein d'\u00e9nergie.  Ar\u00f4mes&nbsp;: Spray d\u00e9sodorisant de Copal Spray d\u00e9sodorisant de Myrrhe Spray d\u00e9sodorisant de Franquincienso (Oliban) Spray d\u00e9sodorisant de Benjoin Spray d\u00e9sodorisant de Franquincienso et Myrrhe Contenu 50&nbsp;ml","og_url":"https:\/\/mystikus.com\/fr\/producto\/sprays-pour-la-conscience-spirituelle\/","og_site_name":"Mystikus","og_image":[{"width":800,"height":800,"url":"https:\/\/mystikus.com\/wp-content\/uploads\/2025\/03\/17985_17985-2.jpeg","type":"image\/jpeg"}],"twitter_card":"summary_large_image","twitter_misc":{"Dur\u00e9e de lecture estim\u00e9e":"1 minute"},"schema":{"@context":"https:\/\/schema.org","@graph":[{"@type":"WebPage","@id":"https:\/\/mystikus.com\/fr\/producto\/sprays-pour-la-conscience-spirituelle\/","url":"https:\/\/mystikus.com\/fr\/producto\/sprays-pour-la-conscience-spirituelle\/","name":"Sprays pour la conscience spirituelle - Mystikus","isPartOf":{"@id":"https:\/\/mystikus.com\/#website"},"primaryImageOfPage":{"@id":"https:\/\/mystikus.com\/fr\/producto\/sprays-pour-la-conscience-spirituelle\/#primaryimage"},"image":{"@id":"https:\/\/mystikus.com\/fr\/producto\/sprays-pour-la-conscience-spirituelle\/#primaryimage"},"thumbnailUrl":"https:\/\/mystikus.com\/wp-content\/uploads\/2025\/03\/17985_17985-2.jpeg","datePublished":"2025-03-25T15:39:56+00:00","breadcrumb":{"@id":"https:\/\/mystikus.com\/fr\/producto\/sprays-pour-la-conscience-spirituelle\/#breadcrumb"},"inLanguage":"fr-FR","potentialAction":[{"@type":"ReadAction","target":["https:\/\/mystikus.com\/fr\/producto\/sprays-pour-la-conscience-spirituelle\/"]}]},{"@type":"ImageObject","inLanguage":"fr-FR","@id":"https:\/\/mystikus.com\/fr\/producto\/sprays-pour-la-conscience-spirituelle\/#primaryimage","url":"https:\/\/mystikus.com\/wp-content\/uploads\/2025\/03\/17985_17985-2.jpeg","contentUrl":"https:\/\/mystikus.com\/wp-content\/uploads\/2025\/03\/17985_17985-2.jpeg","width":800,"height":800},{"@type":"BreadcrumbList","@id":"https:\/\/mystikus.com\/fr\/producto\/sprays-pour-la-conscience-spirituelle\/#breadcrumb","itemListElement":[{"@type":"ListItem","position":1,"name":"Portada","item":"https:\/\/mystikus.com\/fr\/accueil\/"},{"@type":"ListItem","position":2,"name":"Boutique","item":"https:\/\/mystikus.com\/fr\/boutique\/"},{"@type":"ListItem","position":3,"name":"Sprays pour la conscience spirituelle"}]},{"@type":"WebSite","@id":"https:\/\/mystikus.com\/#website","url":"https:\/\/mystikus.com\/","name":"Mystikus","description":"","publisher":{"@id":"https:\/\/mystikus.com\/#organization"},"potentialAction":[{"@type":"SearchAction","target":{"@type":"EntryPoint","urlTemplate":"https:\/\/mystikus.com\/?s={search_term_string}"},"query-input":{"@type":"PropertyValueSpecification","valueRequired":true,"valueName":"search_term_string"}}],"inLanguage":"fr-FR"},{"@type":"Organization","@id":"https:\/\/mystikus.com\/#organization","name":"Mystikus","url":"https:\/\/mystikus.com\/","logo":{"@type":"ImageObject","inLanguage":"fr-FR","@id":"https:\/\/mystikus.com\/#\/schema\/logo\/image\/","url":"https:\/\/mystikus.com\/wp-content\/uploads\/2025\/06\/logo-instgaram-shop.jpg","contentUrl":"https:\/\/mystikus.com\/wp-content\/uploads\/2025\/06\/logo-instgaram-shop.jpg","width":227,"height":227,"caption":"Mystikus"},"image":{"@id":"https:\/\/mystikus.com\/#\/schema\/logo\/image\/"}}]}},"_links":{"self":[{"href":"https:\/\/mystikus.com\/fr\/wp-json\/wp\/v2\/product\/24179","targetHints":{"allow":["GET"]}}],"collection":[{"href":"https:\/\/mystikus.com\/fr\/wp-json\/wp\/v2\/product"}],"about":[{"href":"https:\/\/mystikus.com\/fr\/wp-json\/wp\/v2\/types\/product"}],"replies":[{"embeddable":true,"href":"https:\/\/mystikus.com\/fr\/wp-json\/wp\/v2\/comments?post=24179"}],"wp:featuredmedia":[{"embeddable":true,"href":"https:\/\/mystikus.com\/fr\/wp-json\/wp\/v2\/media\/205"}],"wp:attachment":[{"href":"https:\/\/mystikus.com\/fr\/wp-json\/wp\/v2\/media?parent=24179"}],"wp:term":[{"taxonomy":"product_brand","embeddable":true,"href":"https:\/\/mystikus.com\/fr\/wp-json\/wp\/v2\/product_brand?post=24179"},{"taxonomy":"product_cat","embeddable":true,"href":"https:\/\/mystikus.com\/fr\/wp-json\/wp\/v2\/product_cat?post=24179"},{"taxonomy":"product_tag","embeddable":true,"href":"https:\/\/mystikus.com\/fr\/wp-json\/wp\/v2\/product_tag?post=24179"}],"curies":[{"name":"wp","href":"https:\/\/api.w.org\/{rel}","templated":true}]}}