{"id":24227,"date":"2025-03-25T15:54:42","date_gmt":"2025-03-25T14:54:42","guid":{"rendered":"https:\/\/mystikus.com\/producto\/pierres-de-quartz-rose-polies\/"},"modified":"2025-03-25T15:54:42","modified_gmt":"2025-03-25T14:54:42","slug":"pierres-de-quartz-rose-polies","status":"publish","type":"product","link":"https:\/\/mystikus.com\/fr\/producto\/pierres-de-quartz-rose-polies\/","title":{"rendered":"Pierres de quartz rose polies"},"content":{"rendered":"<div>Pierres de quartz rose polies<\/div>\n<div class=\"spec-desc\">Mesure en cm<\/div>\n<div class=\"spec-value\">\u00b14-6<\/div>\n<div>\n<p>Caract\u00e9ristiques du quartz rose&nbsp;: La pierre de l\u2019amour.*<\/p>\n<p>\u00c9quilibre, gu\u00e9rit et rajeunit les \u00e9motions.<br \/>\nRefroidit les esprits, \u00e9limine la col\u00e8re, la culpabilit\u00e9 et la jalousie.<br \/>\nEncourage la compassion, l\u2019amour propre et l\u2019harmonie.<br \/>\n<em>C\u2019est un produit naturel, par cons\u00e9quent la couleur, la forme et la taille peuvent varier et diff\u00e9rer de l\u2019image montr\u00e9e.<\/em><\/p>\n<p><em>*Les caract\u00e9ristiques de toutes les pierres min\u00e9rales de notre site Web ne sont pas scientifiquement prouv\u00e9es&nbsp;; elles sont bas\u00e9es sur l\u2019exp\u00e9rience des utilisateurs et des th\u00e9rapeutes en pierres pr\u00e9cieuses. Les propri\u00e9t\u00e9s curatives d\u00e9crites ne sont en aucun cas destin\u00e9es \u00e0 remplacer le diagnostic ou le traitement d\u2019un th\u00e9rapeute ou d\u2019un m\u00e9decin qualifi\u00e9. En cas de doute sur votre sant\u00e9, consultez un m\u00e9decin.  <\/em><\/p>\n<\/div>\n","protected":false},"excerpt":{"rendered":"<div>Pierres de quartz rose polies<\/div>\n<div class=\"spec-desc\">Mesure en cm<\/div>\n<div class=\"spec-value\">\u00b14-6<\/div>\n<div>\n<p>Caract\u00e9ristiques du quartz rose&nbsp;: La pierre de l\u2019amour.*<\/p>\n<p>\u00c9quilibre, gu\u00e9rit et rajeunit les \u00e9motions.<br \/>\nRefroidit les esprits, \u00e9limine la col\u00e8re, la culpabilit\u00e9 et la jalousie.<br \/>\nEncourage la compassion, l\u2019amour propre et l\u2019harmonie.<br \/>\n<em>C\u2019est un produit naturel, par cons\u00e9quent la couleur, la forme et la taille peuvent varier et diff\u00e9rer de l\u2019image montr\u00e9e.<\/em><\/p>\n<p><em>*Les caract\u00e9ristiques de toutes les pierres min\u00e9rales de notre site Web ne sont pas scientifiquement prouv\u00e9es&nbsp;; elles sont bas\u00e9es sur l\u2019exp\u00e9rience des utilisateurs et des th\u00e9rapeutes en pierres pr\u00e9cieuses. Les propri\u00e9t\u00e9s curatives d\u00e9crites ne sont en aucun cas destin\u00e9es \u00e0 remplacer le diagnostic ou le traitement d\u2019un th\u00e9rapeute ou d\u2019un m\u00e9decin qualifi\u00e9. En cas de doute sur votre sant\u00e9, consultez un m\u00e9decin.  <\/em><\/p>\n<\/div>\n","protected":false},"featured_media":183,"comment_status":"closed","ping_status":"closed","template":"","meta":[],"product_brand":[],"product_cat":[110,109,106],"product_tag":[],"class_list":{"0":"post-24227","1":"product","2":"type-product","3":"status-publish","4":"has-post-thumbnail","6":"product_cat-galets","7":"product_cat-mineraux","8":"product_cat-mineraux-et-bijoux","10":"first","11":"instock","12":"shipping-taxable","13":"purchasable","14":"product-type-simple"},"yoast_head":"<!-- This site is optimized with the Yoast SEO plugin v27.2 - https:\/\/yoast.com\/product\/yoast-seo-wordpress\/ -->\n<title>Pierres de quartz rose polies - Mystikus<\/title>\n<meta name=\"robots\" content=\"index, follow, max-snippet:-1, max-image-preview:large, max-video-preview:-1\" \/>\n<link rel=\"canonical\" href=\"https:\/\/mystikus.com\/fr\/producto\/pierres-de-quartz-rose-polies\/\" \/>\n<meta property=\"og:locale\" content=\"fr_FR\" \/>\n<meta property=\"og:type\" content=\"article\" \/>\n<meta property=\"og:title\" content=\"Pierres de quartz rose polies - Mystikus\" \/>\n<meta property=\"og:description\" content=\"Pierres de quartz rose polies Mesure en cm \u00b14-6  Caract\u00e9ristiques du quartz rose&nbsp;: La pierre de l\u2019amour.* \u00c9quilibre, gu\u00e9rit et rajeunit les \u00e9motions. Refroidit les esprits, \u00e9limine la col\u00e8re, la culpabilit\u00e9 et la jalousie. Encourage la compassion, l\u2019amour propre et l\u2019harmonie. C\u2019est un produit naturel, par cons\u00e9quent la couleur, la forme et la taille peuvent varier et diff\u00e9rer de l\u2019image montr\u00e9e. *Les caract\u00e9ristiques de toutes les pierres min\u00e9rales de notre site Web ne sont pas scientifiquement prouv\u00e9es&nbsp;; elles sont bas\u00e9es sur l\u2019exp\u00e9rience des utilisateurs et des th\u00e9rapeutes en pierres pr\u00e9cieuses. Les propri\u00e9t\u00e9s curatives d\u00e9crites ne sont en aucun cas destin\u00e9es \u00e0 remplacer le diagnostic ou le traitement d\u2019un th\u00e9rapeute ou d\u2019un m\u00e9decin qualifi\u00e9. En cas de doute sur votre sant\u00e9, consultez un m\u00e9decin.\" \/>\n<meta property=\"og:url\" content=\"https:\/\/mystikus.com\/fr\/producto\/pierres-de-quartz-rose-polies\/\" \/>\n<meta property=\"og:site_name\" content=\"Mystikus\" \/>\n<meta property=\"og:image\" content=\"https:\/\/mystikus.com\/wp-content\/uploads\/2025\/03\/7631.jpeg\" \/>\n\t<meta property=\"og:image:width\" content=\"800\" \/>\n\t<meta property=\"og:image:height\" content=\"800\" \/>\n\t<meta property=\"og:image:type\" content=\"image\/jpeg\" \/>\n<meta name=\"twitter:card\" content=\"summary_large_image\" \/>\n<meta name=\"twitter:label1\" content=\"Dur\u00e9e de lecture estim\u00e9e\" \/>\n\t<meta name=\"twitter:data1\" content=\"1 minute\" \/>\n<script type=\"application\/ld+json\" class=\"yoast-schema-graph\">{\"@context\":\"https:\/\/schema.org\",\"@graph\":[{\"@type\":\"WebPage\",\"@id\":\"https:\/\/mystikus.com\/fr\/producto\/pierres-de-quartz-rose-polies\/\",\"url\":\"https:\/\/mystikus.com\/fr\/producto\/pierres-de-quartz-rose-polies\/\",\"name\":\"Pierres de quartz rose polies - Mystikus\",\"isPartOf\":{\"@id\":\"https:\/\/mystikus.com\/#website\"},\"primaryImageOfPage\":{\"@id\":\"https:\/\/mystikus.com\/fr\/producto\/pierres-de-quartz-rose-polies\/#primaryimage\"},\"image\":{\"@id\":\"https:\/\/mystikus.com\/fr\/producto\/pierres-de-quartz-rose-polies\/#primaryimage\"},\"thumbnailUrl\":\"https:\/\/mystikus.com\/wp-content\/uploads\/2025\/03\/7631.jpeg\",\"datePublished\":\"2025-03-25T14:54:42+00:00\",\"breadcrumb\":{\"@id\":\"https:\/\/mystikus.com\/fr\/producto\/pierres-de-quartz-rose-polies\/#breadcrumb\"},\"inLanguage\":\"fr-FR\",\"potentialAction\":[{\"@type\":\"ReadAction\",\"target\":[\"https:\/\/mystikus.com\/fr\/producto\/pierres-de-quartz-rose-polies\/\"]}]},{\"@type\":\"ImageObject\",\"inLanguage\":\"fr-FR\",\"@id\":\"https:\/\/mystikus.com\/fr\/producto\/pierres-de-quartz-rose-polies\/#primaryimage\",\"url\":\"https:\/\/mystikus.com\/wp-content\/uploads\/2025\/03\/7631.jpeg\",\"contentUrl\":\"https:\/\/mystikus.com\/wp-content\/uploads\/2025\/03\/7631.jpeg\",\"width\":800,\"height\":800},{\"@type\":\"BreadcrumbList\",\"@id\":\"https:\/\/mystikus.com\/fr\/producto\/pierres-de-quartz-rose-polies\/#breadcrumb\",\"itemListElement\":[{\"@type\":\"ListItem\",\"position\":1,\"name\":\"Portada\",\"item\":\"https:\/\/mystikus.com\/fr\/accueil\/\"},{\"@type\":\"ListItem\",\"position\":2,\"name\":\"Boutique\",\"item\":\"https:\/\/mystikus.com\/fr\/boutique\/\"},{\"@type\":\"ListItem\",\"position\":3,\"name\":\"Pierres de quartz rose polies\"}]},{\"@type\":\"WebSite\",\"@id\":\"https:\/\/mystikus.com\/#website\",\"url\":\"https:\/\/mystikus.com\/\",\"name\":\"Mystikus\",\"description\":\"\",\"publisher\":{\"@id\":\"https:\/\/mystikus.com\/#organization\"},\"potentialAction\":[{\"@type\":\"SearchAction\",\"target\":{\"@type\":\"EntryPoint\",\"urlTemplate\":\"https:\/\/mystikus.com\/?s={search_term_string}\"},\"query-input\":{\"@type\":\"PropertyValueSpecification\",\"valueRequired\":true,\"valueName\":\"search_term_string\"}}],\"inLanguage\":\"fr-FR\"},{\"@type\":\"Organization\",\"@id\":\"https:\/\/mystikus.com\/#organization\",\"name\":\"Mystikus\",\"url\":\"https:\/\/mystikus.com\/\",\"logo\":{\"@type\":\"ImageObject\",\"inLanguage\":\"fr-FR\",\"@id\":\"https:\/\/mystikus.com\/#\/schema\/logo\/image\/\",\"url\":\"https:\/\/mystikus.com\/wp-content\/uploads\/2025\/06\/logo-instgaram-shop.jpg\",\"contentUrl\":\"https:\/\/mystikus.com\/wp-content\/uploads\/2025\/06\/logo-instgaram-shop.jpg\",\"width\":227,\"height\":227,\"caption\":\"Mystikus\"},\"image\":{\"@id\":\"https:\/\/mystikus.com\/#\/schema\/logo\/image\/\"}}]}<\/script>\n<!-- \/ Yoast SEO plugin. -->","yoast_head_json":{"title":"Pierres de quartz rose polies - Mystikus","robots":{"index":"index","follow":"follow","max-snippet":"max-snippet:-1","max-image-preview":"max-image-preview:large","max-video-preview":"max-video-preview:-1"},"canonical":"https:\/\/mystikus.com\/fr\/producto\/pierres-de-quartz-rose-polies\/","og_locale":"fr_FR","og_type":"article","og_title":"Pierres de quartz rose polies - Mystikus","og_description":"Pierres de quartz rose polies Mesure en cm \u00b14-6  Caract\u00e9ristiques du quartz rose&nbsp;: La pierre de l\u2019amour.* \u00c9quilibre, gu\u00e9rit et rajeunit les \u00e9motions. Refroidit les esprits, \u00e9limine la col\u00e8re, la culpabilit\u00e9 et la jalousie. Encourage la compassion, l\u2019amour propre et l\u2019harmonie. C\u2019est un produit naturel, par cons\u00e9quent la couleur, la forme et la taille peuvent varier et diff\u00e9rer de l\u2019image montr\u00e9e. *Les caract\u00e9ristiques de toutes les pierres min\u00e9rales de notre site Web ne sont pas scientifiquement prouv\u00e9es&nbsp;; elles sont bas\u00e9es sur l\u2019exp\u00e9rience des utilisateurs et des th\u00e9rapeutes en pierres pr\u00e9cieuses. Les propri\u00e9t\u00e9s curatives d\u00e9crites ne sont en aucun cas destin\u00e9es \u00e0 remplacer le diagnostic ou le traitement d\u2019un th\u00e9rapeute ou d\u2019un m\u00e9decin qualifi\u00e9. En cas de doute sur votre sant\u00e9, consultez un m\u00e9decin.","og_url":"https:\/\/mystikus.com\/fr\/producto\/pierres-de-quartz-rose-polies\/","og_site_name":"Mystikus","og_image":[{"width":800,"height":800,"url":"https:\/\/mystikus.com\/wp-content\/uploads\/2025\/03\/7631.jpeg","type":"image\/jpeg"}],"twitter_card":"summary_large_image","twitter_misc":{"Dur\u00e9e de lecture estim\u00e9e":"1 minute"},"schema":{"@context":"https:\/\/schema.org","@graph":[{"@type":"WebPage","@id":"https:\/\/mystikus.com\/fr\/producto\/pierres-de-quartz-rose-polies\/","url":"https:\/\/mystikus.com\/fr\/producto\/pierres-de-quartz-rose-polies\/","name":"Pierres de quartz rose polies - Mystikus","isPartOf":{"@id":"https:\/\/mystikus.com\/#website"},"primaryImageOfPage":{"@id":"https:\/\/mystikus.com\/fr\/producto\/pierres-de-quartz-rose-polies\/#primaryimage"},"image":{"@id":"https:\/\/mystikus.com\/fr\/producto\/pierres-de-quartz-rose-polies\/#primaryimage"},"thumbnailUrl":"https:\/\/mystikus.com\/wp-content\/uploads\/2025\/03\/7631.jpeg","datePublished":"2025-03-25T14:54:42+00:00","breadcrumb":{"@id":"https:\/\/mystikus.com\/fr\/producto\/pierres-de-quartz-rose-polies\/#breadcrumb"},"inLanguage":"fr-FR","potentialAction":[{"@type":"ReadAction","target":["https:\/\/mystikus.com\/fr\/producto\/pierres-de-quartz-rose-polies\/"]}]},{"@type":"ImageObject","inLanguage":"fr-FR","@id":"https:\/\/mystikus.com\/fr\/producto\/pierres-de-quartz-rose-polies\/#primaryimage","url":"https:\/\/mystikus.com\/wp-content\/uploads\/2025\/03\/7631.jpeg","contentUrl":"https:\/\/mystikus.com\/wp-content\/uploads\/2025\/03\/7631.jpeg","width":800,"height":800},{"@type":"BreadcrumbList","@id":"https:\/\/mystikus.com\/fr\/producto\/pierres-de-quartz-rose-polies\/#breadcrumb","itemListElement":[{"@type":"ListItem","position":1,"name":"Portada","item":"https:\/\/mystikus.com\/fr\/accueil\/"},{"@type":"ListItem","position":2,"name":"Boutique","item":"https:\/\/mystikus.com\/fr\/boutique\/"},{"@type":"ListItem","position":3,"name":"Pierres de quartz rose polies"}]},{"@type":"WebSite","@id":"https:\/\/mystikus.com\/#website","url":"https:\/\/mystikus.com\/","name":"Mystikus","description":"","publisher":{"@id":"https:\/\/mystikus.com\/#organization"},"potentialAction":[{"@type":"SearchAction","target":{"@type":"EntryPoint","urlTemplate":"https:\/\/mystikus.com\/?s={search_term_string}"},"query-input":{"@type":"PropertyValueSpecification","valueRequired":true,"valueName":"search_term_string"}}],"inLanguage":"fr-FR"},{"@type":"Organization","@id":"https:\/\/mystikus.com\/#organization","name":"Mystikus","url":"https:\/\/mystikus.com\/","logo":{"@type":"ImageObject","inLanguage":"fr-FR","@id":"https:\/\/mystikus.com\/#\/schema\/logo\/image\/","url":"https:\/\/mystikus.com\/wp-content\/uploads\/2025\/06\/logo-instgaram-shop.jpg","contentUrl":"https:\/\/mystikus.com\/wp-content\/uploads\/2025\/06\/logo-instgaram-shop.jpg","width":227,"height":227,"caption":"Mystikus"},"image":{"@id":"https:\/\/mystikus.com\/#\/schema\/logo\/image\/"}}]}},"_links":{"self":[{"href":"https:\/\/mystikus.com\/fr\/wp-json\/wp\/v2\/product\/24227","targetHints":{"allow":["GET"]}}],"collection":[{"href":"https:\/\/mystikus.com\/fr\/wp-json\/wp\/v2\/product"}],"about":[{"href":"https:\/\/mystikus.com\/fr\/wp-json\/wp\/v2\/types\/product"}],"replies":[{"embeddable":true,"href":"https:\/\/mystikus.com\/fr\/wp-json\/wp\/v2\/comments?post=24227"}],"wp:featuredmedia":[{"embeddable":true,"href":"https:\/\/mystikus.com\/fr\/wp-json\/wp\/v2\/media\/183"}],"wp:attachment":[{"href":"https:\/\/mystikus.com\/fr\/wp-json\/wp\/v2\/media?parent=24227"}],"wp:term":[{"taxonomy":"product_brand","embeddable":true,"href":"https:\/\/mystikus.com\/fr\/wp-json\/wp\/v2\/product_brand?post=24227"},{"taxonomy":"product_cat","embeddable":true,"href":"https:\/\/mystikus.com\/fr\/wp-json\/wp\/v2\/product_cat?post=24227"},{"taxonomy":"product_tag","embeddable":true,"href":"https:\/\/mystikus.com\/fr\/wp-json\/wp\/v2\/product_tag?post=24227"}],"curies":[{"name":"wp","href":"https:\/\/api.w.org\/{rel}","templated":true}]}}