{"id":24240,"date":"2025-03-25T15:21:10","date_gmt":"2025-03-25T14:21:10","guid":{"rendered":"https:\/\/mystikus.com\/producto\/pierres-de-quartz-tourmaline-3-4cm\/"},"modified":"2025-03-25T15:21:10","modified_gmt":"2025-03-25T14:21:10","slug":"pierres-de-quartz-tourmaline-3-4cm","status":"publish","type":"product","link":"https:\/\/mystikus.com\/fr\/producto\/pierres-de-quartz-tourmaline-3-4cm\/","title":{"rendered":"Pierres de Quartz Tourmaline +\/- 3-4cm"},"content":{"rendered":"<p>Pierres de Quartz Tourmaline +\/- 3-4cm<\/p>\n<p>&nbsp;<\/p>\n","protected":false},"excerpt":{"rendered":"<p><strong>Le Quartz Tourmaline<\/strong> combine les propri\u00e9t\u00e9s du Cristal de Roche et de la Tourmaline. Il incorpore les aspects protecteurs et l&rsquo;ancrage \u00e0 la terre de la Tourmaline et les \u00e9nergies purificatrices et claires du Cristal de Roche. Tr\u00e8s puissant.*<br \/>\n<em>Remarque : ceci est un produit naturel, la couleur, la forme et la taille peuvent donc varier et diff\u00e9rer de l&rsquo;image montr\u00e9e.<\/em><\/p>\n<p><em>*Les caract\u00e9ristiques de toutes les pierres min\u00e9rales sur notre site web ne sont pas scientifiquement prouv\u00e9es ; elles sont bas\u00e9es sur les exp\u00e9riences des utilisateurs et des th\u00e9rapeutes de pierres pr\u00e9cieuses. Les propri\u00e9t\u00e9s curatives d\u00e9crites ne sont en aucun cas destin\u00e9es \u00e0 remplacer le diagnostic ou le traitement par un th\u00e9rapeute ou un m\u00e9decin qualifi\u00e9. Si vous avez des doutes sur votre sant\u00e9, consultez un m\u00e9decin.  <\/em><\/p>\n","protected":false},"featured_media":181,"comment_status":"closed","ping_status":"closed","template":"","meta":[],"product_brand":[],"product_cat":[110,109,106],"product_tag":[],"class_list":{"0":"post-24240","1":"product","2":"type-product","3":"status-publish","4":"has-post-thumbnail","6":"product_cat-galets","7":"product_cat-mineraux","8":"product_cat-mineraux-et-bijoux","10":"first","11":"instock","12":"shipping-taxable","13":"purchasable","14":"product-type-simple"},"yoast_head":"<!-- This site is optimized with the Yoast SEO plugin v27.2 - https:\/\/yoast.com\/product\/yoast-seo-wordpress\/ -->\n<title>Pierres de Quartz Tourmaline +\/- 3-4cm - Mystikus<\/title>\n<meta name=\"robots\" content=\"index, follow, max-snippet:-1, max-image-preview:large, max-video-preview:-1\" \/>\n<link rel=\"canonical\" href=\"https:\/\/mystikus.com\/fr\/producto\/pierres-de-quartz-tourmaline-3-4cm\/\" \/>\n<meta property=\"og:locale\" content=\"fr_FR\" \/>\n<meta property=\"og:type\" content=\"article\" \/>\n<meta property=\"og:title\" content=\"Pierres de Quartz Tourmaline +\/- 3-4cm - Mystikus\" \/>\n<meta property=\"og:description\" content=\"Le Quartz Tourmaline combine les propri\u00e9t\u00e9s du Cristal de Roche et de la Tourmaline. Il incorpore les aspects protecteurs et l&#039;ancrage \u00e0 la terre de la Tourmaline et les \u00e9nergies purificatrices et claires du Cristal de Roche. Tr\u00e8s puissant.*  Remarque : ceci est un produit naturel, la couleur, la forme et la taille peuvent donc varier et diff\u00e9rer de l&#039;image montr\u00e9e. *Les caract\u00e9ristiques de toutes les pierres min\u00e9rales sur notre site web ne sont pas scientifiquement prouv\u00e9es ; elles sont bas\u00e9es sur les exp\u00e9riences des utilisateurs et des th\u00e9rapeutes de pierres pr\u00e9cieuses. Les propri\u00e9t\u00e9s curatives d\u00e9crites ne sont en aucun cas destin\u00e9es \u00e0 remplacer le diagnostic ou le traitement par un th\u00e9rapeute ou un m\u00e9decin qualifi\u00e9. Si vous avez des doutes sur votre sant\u00e9, consultez un m\u00e9decin.\" \/>\n<meta property=\"og:url\" content=\"https:\/\/mystikus.com\/fr\/producto\/pierres-de-quartz-tourmaline-3-4cm\/\" \/>\n<meta property=\"og:site_name\" content=\"Mystikus\" \/>\n<meta property=\"og:image\" content=\"https:\/\/mystikus.com\/wp-content\/uploads\/2025\/03\/7628.jpeg\" \/>\n\t<meta property=\"og:image:width\" content=\"800\" \/>\n\t<meta property=\"og:image:height\" content=\"800\" \/>\n\t<meta property=\"og:image:type\" content=\"image\/jpeg\" \/>\n<meta name=\"twitter:card\" content=\"summary_large_image\" \/>\n<script type=\"application\/ld+json\" class=\"yoast-schema-graph\">{\"@context\":\"https:\/\/schema.org\",\"@graph\":[{\"@type\":\"WebPage\",\"@id\":\"https:\/\/mystikus.com\/fr\/producto\/pierres-de-quartz-tourmaline-3-4cm\/\",\"url\":\"https:\/\/mystikus.com\/fr\/producto\/pierres-de-quartz-tourmaline-3-4cm\/\",\"name\":\"Pierres de Quartz Tourmaline +\/- 3-4cm - Mystikus\",\"isPartOf\":{\"@id\":\"https:\/\/mystikus.com\/#website\"},\"primaryImageOfPage\":{\"@id\":\"https:\/\/mystikus.com\/fr\/producto\/pierres-de-quartz-tourmaline-3-4cm\/#primaryimage\"},\"image\":{\"@id\":\"https:\/\/mystikus.com\/fr\/producto\/pierres-de-quartz-tourmaline-3-4cm\/#primaryimage\"},\"thumbnailUrl\":\"https:\/\/mystikus.com\/wp-content\/uploads\/2025\/03\/7628.jpeg\",\"datePublished\":\"2025-03-25T14:21:10+00:00\",\"breadcrumb\":{\"@id\":\"https:\/\/mystikus.com\/fr\/producto\/pierres-de-quartz-tourmaline-3-4cm\/#breadcrumb\"},\"inLanguage\":\"fr-FR\",\"potentialAction\":[{\"@type\":\"ReadAction\",\"target\":[\"https:\/\/mystikus.com\/fr\/producto\/pierres-de-quartz-tourmaline-3-4cm\/\"]}]},{\"@type\":\"ImageObject\",\"inLanguage\":\"fr-FR\",\"@id\":\"https:\/\/mystikus.com\/fr\/producto\/pierres-de-quartz-tourmaline-3-4cm\/#primaryimage\",\"url\":\"https:\/\/mystikus.com\/wp-content\/uploads\/2025\/03\/7628.jpeg\",\"contentUrl\":\"https:\/\/mystikus.com\/wp-content\/uploads\/2025\/03\/7628.jpeg\",\"width\":800,\"height\":800},{\"@type\":\"BreadcrumbList\",\"@id\":\"https:\/\/mystikus.com\/fr\/producto\/pierres-de-quartz-tourmaline-3-4cm\/#breadcrumb\",\"itemListElement\":[{\"@type\":\"ListItem\",\"position\":1,\"name\":\"Portada\",\"item\":\"https:\/\/mystikus.com\/fr\/accueil\/\"},{\"@type\":\"ListItem\",\"position\":2,\"name\":\"Boutique\",\"item\":\"https:\/\/mystikus.com\/fr\/boutique\/\"},{\"@type\":\"ListItem\",\"position\":3,\"name\":\"Pierres de Quartz Tourmaline +\/- 3-4cm\"}]},{\"@type\":\"WebSite\",\"@id\":\"https:\/\/mystikus.com\/#website\",\"url\":\"https:\/\/mystikus.com\/\",\"name\":\"Mystikus\",\"description\":\"\",\"publisher\":{\"@id\":\"https:\/\/mystikus.com\/#organization\"},\"potentialAction\":[{\"@type\":\"SearchAction\",\"target\":{\"@type\":\"EntryPoint\",\"urlTemplate\":\"https:\/\/mystikus.com\/?s={search_term_string}\"},\"query-input\":{\"@type\":\"PropertyValueSpecification\",\"valueRequired\":true,\"valueName\":\"search_term_string\"}}],\"inLanguage\":\"fr-FR\"},{\"@type\":\"Organization\",\"@id\":\"https:\/\/mystikus.com\/#organization\",\"name\":\"Mystikus\",\"url\":\"https:\/\/mystikus.com\/\",\"logo\":{\"@type\":\"ImageObject\",\"inLanguage\":\"fr-FR\",\"@id\":\"https:\/\/mystikus.com\/#\/schema\/logo\/image\/\",\"url\":\"https:\/\/mystikus.com\/wp-content\/uploads\/2025\/06\/logo-instgaram-shop.jpg\",\"contentUrl\":\"https:\/\/mystikus.com\/wp-content\/uploads\/2025\/06\/logo-instgaram-shop.jpg\",\"width\":227,\"height\":227,\"caption\":\"Mystikus\"},\"image\":{\"@id\":\"https:\/\/mystikus.com\/#\/schema\/logo\/image\/\"}}]}<\/script>\n<!-- \/ Yoast SEO plugin. -->","yoast_head_json":{"title":"Pierres de Quartz Tourmaline +\/- 3-4cm - Mystikus","robots":{"index":"index","follow":"follow","max-snippet":"max-snippet:-1","max-image-preview":"max-image-preview:large","max-video-preview":"max-video-preview:-1"},"canonical":"https:\/\/mystikus.com\/fr\/producto\/pierres-de-quartz-tourmaline-3-4cm\/","og_locale":"fr_FR","og_type":"article","og_title":"Pierres de Quartz Tourmaline +\/- 3-4cm - Mystikus","og_description":"Le Quartz Tourmaline combine les propri\u00e9t\u00e9s du Cristal de Roche et de la Tourmaline. Il incorpore les aspects protecteurs et l'ancrage \u00e0 la terre de la Tourmaline et les \u00e9nergies purificatrices et claires du Cristal de Roche. Tr\u00e8s puissant.*  Remarque : ceci est un produit naturel, la couleur, la forme et la taille peuvent donc varier et diff\u00e9rer de l'image montr\u00e9e. *Les caract\u00e9ristiques de toutes les pierres min\u00e9rales sur notre site web ne sont pas scientifiquement prouv\u00e9es ; elles sont bas\u00e9es sur les exp\u00e9riences des utilisateurs et des th\u00e9rapeutes de pierres pr\u00e9cieuses. Les propri\u00e9t\u00e9s curatives d\u00e9crites ne sont en aucun cas destin\u00e9es \u00e0 remplacer le diagnostic ou le traitement par un th\u00e9rapeute ou un m\u00e9decin qualifi\u00e9. Si vous avez des doutes sur votre sant\u00e9, consultez un m\u00e9decin.","og_url":"https:\/\/mystikus.com\/fr\/producto\/pierres-de-quartz-tourmaline-3-4cm\/","og_site_name":"Mystikus","og_image":[{"width":800,"height":800,"url":"https:\/\/mystikus.com\/wp-content\/uploads\/2025\/03\/7628.jpeg","type":"image\/jpeg"}],"twitter_card":"summary_large_image","schema":{"@context":"https:\/\/schema.org","@graph":[{"@type":"WebPage","@id":"https:\/\/mystikus.com\/fr\/producto\/pierres-de-quartz-tourmaline-3-4cm\/","url":"https:\/\/mystikus.com\/fr\/producto\/pierres-de-quartz-tourmaline-3-4cm\/","name":"Pierres de Quartz Tourmaline +\/- 3-4cm - Mystikus","isPartOf":{"@id":"https:\/\/mystikus.com\/#website"},"primaryImageOfPage":{"@id":"https:\/\/mystikus.com\/fr\/producto\/pierres-de-quartz-tourmaline-3-4cm\/#primaryimage"},"image":{"@id":"https:\/\/mystikus.com\/fr\/producto\/pierres-de-quartz-tourmaline-3-4cm\/#primaryimage"},"thumbnailUrl":"https:\/\/mystikus.com\/wp-content\/uploads\/2025\/03\/7628.jpeg","datePublished":"2025-03-25T14:21:10+00:00","breadcrumb":{"@id":"https:\/\/mystikus.com\/fr\/producto\/pierres-de-quartz-tourmaline-3-4cm\/#breadcrumb"},"inLanguage":"fr-FR","potentialAction":[{"@type":"ReadAction","target":["https:\/\/mystikus.com\/fr\/producto\/pierres-de-quartz-tourmaline-3-4cm\/"]}]},{"@type":"ImageObject","inLanguage":"fr-FR","@id":"https:\/\/mystikus.com\/fr\/producto\/pierres-de-quartz-tourmaline-3-4cm\/#primaryimage","url":"https:\/\/mystikus.com\/wp-content\/uploads\/2025\/03\/7628.jpeg","contentUrl":"https:\/\/mystikus.com\/wp-content\/uploads\/2025\/03\/7628.jpeg","width":800,"height":800},{"@type":"BreadcrumbList","@id":"https:\/\/mystikus.com\/fr\/producto\/pierres-de-quartz-tourmaline-3-4cm\/#breadcrumb","itemListElement":[{"@type":"ListItem","position":1,"name":"Portada","item":"https:\/\/mystikus.com\/fr\/accueil\/"},{"@type":"ListItem","position":2,"name":"Boutique","item":"https:\/\/mystikus.com\/fr\/boutique\/"},{"@type":"ListItem","position":3,"name":"Pierres de Quartz Tourmaline +\/- 3-4cm"}]},{"@type":"WebSite","@id":"https:\/\/mystikus.com\/#website","url":"https:\/\/mystikus.com\/","name":"Mystikus","description":"","publisher":{"@id":"https:\/\/mystikus.com\/#organization"},"potentialAction":[{"@type":"SearchAction","target":{"@type":"EntryPoint","urlTemplate":"https:\/\/mystikus.com\/?s={search_term_string}"},"query-input":{"@type":"PropertyValueSpecification","valueRequired":true,"valueName":"search_term_string"}}],"inLanguage":"fr-FR"},{"@type":"Organization","@id":"https:\/\/mystikus.com\/#organization","name":"Mystikus","url":"https:\/\/mystikus.com\/","logo":{"@type":"ImageObject","inLanguage":"fr-FR","@id":"https:\/\/mystikus.com\/#\/schema\/logo\/image\/","url":"https:\/\/mystikus.com\/wp-content\/uploads\/2025\/06\/logo-instgaram-shop.jpg","contentUrl":"https:\/\/mystikus.com\/wp-content\/uploads\/2025\/06\/logo-instgaram-shop.jpg","width":227,"height":227,"caption":"Mystikus"},"image":{"@id":"https:\/\/mystikus.com\/#\/schema\/logo\/image\/"}}]}},"_links":{"self":[{"href":"https:\/\/mystikus.com\/fr\/wp-json\/wp\/v2\/product\/24240","targetHints":{"allow":["GET"]}}],"collection":[{"href":"https:\/\/mystikus.com\/fr\/wp-json\/wp\/v2\/product"}],"about":[{"href":"https:\/\/mystikus.com\/fr\/wp-json\/wp\/v2\/types\/product"}],"replies":[{"embeddable":true,"href":"https:\/\/mystikus.com\/fr\/wp-json\/wp\/v2\/comments?post=24240"}],"wp:featuredmedia":[{"embeddable":true,"href":"https:\/\/mystikus.com\/fr\/wp-json\/wp\/v2\/media\/181"}],"wp:attachment":[{"href":"https:\/\/mystikus.com\/fr\/wp-json\/wp\/v2\/media?parent=24240"}],"wp:term":[{"taxonomy":"product_brand","embeddable":true,"href":"https:\/\/mystikus.com\/fr\/wp-json\/wp\/v2\/product_brand?post=24240"},{"taxonomy":"product_cat","embeddable":true,"href":"https:\/\/mystikus.com\/fr\/wp-json\/wp\/v2\/product_cat?post=24240"},{"taxonomy":"product_tag","embeddable":true,"href":"https:\/\/mystikus.com\/fr\/wp-json\/wp\/v2\/product_tag?post=24240"}],"curies":[{"name":"wp","href":"https:\/\/api.w.org\/{rel}","templated":true}]}}