{"id":24662,"date":"2025-03-26T14:28:03","date_gmt":"2025-03-26T13:28:03","guid":{"rendered":"https:\/\/mystikus.com\/producto\/pyramide-dorgonite-avec-pierres-damethyste-et-fleur-de-lotus\/"},"modified":"2025-03-26T14:28:03","modified_gmt":"2025-03-26T13:28:03","slug":"pyramide-dorgonite-avec-pierres-damethyste-et-fleur-de-lotus","status":"publish","type":"product","link":"https:\/\/mystikus.com\/fr\/producto\/pyramide-dorgonite-avec-pierres-damethyste-et-fleur-de-lotus\/","title":{"rendered":"Pyramide d&rsquo;orgonite avec pierres d&rsquo;am\u00e9thyste et fleur de lotus"},"content":{"rendered":"<p class=\"\" data-start=\"1042\" data-end=\"1171\">Pyramide d&rsquo;orgonite avec pierres d&rsquo;am\u00e9thyste et fleur de lotus<\/p>\n<p data-start=\"1042\" data-end=\"1171\">Mesure 5x5x5cm<\/p>\n<p class=\"\" data-start=\"1042\" data-end=\"1171\">Emportez-la avec vous ou placez-la dans votre maison ou votre espace de travail pour \u00e9lever la vibration de l&rsquo;environnement et vous connecter \u00e0 votre \u00eatre int\u00e9rieur.<\/p>\n<p class=\"\" data-start=\"215\" data-end=\"627\">D\u00e9couvrez le pouvoir de l&rsquo;\u00e9nergie positive avec cette magnifique pyramide d&rsquo;orgonite, fabriqu\u00e9e artisanalement avec des pierres d&rsquo;am\u00e9thyste et orn\u00e9e d&rsquo;une d\u00e9licate fleur de lotus. L&rsquo;am\u00e9thyste est connue pour ses propri\u00e9t\u00e9s de protection spirituelle, d&rsquo;\u00e9quilibre \u00e9motionnel et de nettoyage \u00e9nerg\u00e9tique. La fleur de lotus, symbole de puret\u00e9, de renaissance et de connexion spirituelle, apporte une \u00e9nergie douce et \u00e9lev\u00e9e \u00e0 tout espace.  <\/p>\n<p class=\"\" data-start=\"629\" data-end=\"804\">Id\u00e9ale pour la m\u00e9ditation, la d\u00e9coration ou comme outil \u00e9nerg\u00e9tique, cette pyramide aide \u00e0 neutraliser les \u00e9nergies n\u00e9gatives, favorisant un environnement de paix, d&rsquo;harmonie et de bien-\u00eatre.<\/p>\n<p class=\"\" data-start=\"806\" data-end=\"835\">\u2728 <strong data-start=\"808\" data-end=\"835\">Principaux avantages&nbsp;:<\/strong><\/p>\n<ul data-start=\"836\" data-end=\"1040\">\n<li class=\"\" data-start=\"836\" data-end=\"882\">\n<p class=\"\" data-start=\"838\" data-end=\"882\">Transforme l&rsquo;\u00e9nergie n\u00e9gative en \u00e9nergie positive<\/p>\n<\/li>\n<li class=\"\" data-start=\"883\" data-end=\"930\">\n<p class=\"\" data-start=\"885\" data-end=\"930\">Favorise le calme mental et la concentration<\/p>\n<\/li>\n<li class=\"\" data-start=\"931\" data-end=\"976\">\n<p class=\"\" data-start=\"933\" data-end=\"976\">Stimule l&rsquo;intuition et la spiritualit\u00e9<\/p>\n<\/li>\n<li class=\"\" data-start=\"977\" data-end=\"1040\">\n<p class=\"\" data-start=\"979\" data-end=\"1040\">Embellit n&rsquo;importe quel espace avec son design unique et symbolique<\/p>\n<\/li>\n<\/ul>\n<p class=\"\" data-start=\"1042\" data-end=\"1171\">Emportez-la avec vous ou placez-la dans votre maison ou votre espace de travail pour \u00e9lever la vibration de l&rsquo;environnement et vous connecter \u00e0 votre \u00eatre int\u00e9rieur.<\/p>\n<p class=\"\" data-start=\"1042\" data-end=\"1171\">\n","protected":false},"excerpt":{"rendered":"<p class=\"\" data-start=\"1042\" data-end=\"1171\">Pyramide d&rsquo;orgonite avec pierres d&rsquo;am\u00e9thyste et fleur de lotus<\/p>\n<p data-start=\"1042\" data-end=\"1171\">Mesure 5x5x5cm<\/p>\n","protected":false},"featured_media":24664,"comment_status":"closed","ping_status":"closed","template":"","meta":[],"product_brand":[],"product_cat":[124,175],"product_tag":[],"class_list":{"0":"post-24662","1":"product","2":"type-product","3":"status-publish","4":"has-post-thumbnail","6":"product_cat-jardin-enchante","7":"product_cat-pyramides-orgonite","9":"first","10":"outofstock","11":"shipping-taxable","12":"purchasable","13":"product-type-simple"},"yoast_head":"<!-- This site is optimized with the Yoast SEO plugin v27.2 - https:\/\/yoast.com\/product\/yoast-seo-wordpress\/ -->\n<title>Pyramide d&#039;orgonite avec pierres d&#039;am\u00e9thyste et fleur de lotus - Mystikus<\/title>\n<meta name=\"robots\" content=\"index, follow, max-snippet:-1, max-image-preview:large, max-video-preview:-1\" \/>\n<link rel=\"canonical\" href=\"https:\/\/mystikus.com\/fr\/producto\/pyramide-dorgonite-avec-pierres-damethyste-et-fleur-de-lotus\/\" \/>\n<meta property=\"og:locale\" content=\"fr_FR\" \/>\n<meta property=\"og:type\" content=\"article\" \/>\n<meta property=\"og:title\" content=\"Pyramide d&#039;orgonite avec pierres d&#039;am\u00e9thyste et fleur de lotus - Mystikus\" \/>\n<meta property=\"og:description\" content=\"Pyramide d&#039;orgonite avec pierres d&#039;am\u00e9thyste et fleur de lotus Mesure 5x5x5cm\" \/>\n<meta property=\"og:url\" content=\"https:\/\/mystikus.com\/fr\/producto\/pyramide-dorgonite-avec-pierres-damethyste-et-fleur-de-lotus\/\" \/>\n<meta property=\"og:site_name\" content=\"Mystikus\" \/>\n<meta property=\"og:image\" content=\"https:\/\/mystikus.com\/wp-content\/uploads\/2025\/03\/Orgonita-1.jpg\" \/>\n\t<meta property=\"og:image:width\" content=\"1587\" \/>\n\t<meta property=\"og:image:height\" content=\"1476\" \/>\n\t<meta property=\"og:image:type\" content=\"image\/jpeg\" \/>\n<meta name=\"twitter:card\" content=\"summary_large_image\" \/>\n<meta name=\"twitter:label1\" content=\"Dur\u00e9e de lecture estim\u00e9e\" \/>\n\t<meta name=\"twitter:data1\" content=\"1 minute\" \/>\n<script type=\"application\/ld+json\" class=\"yoast-schema-graph\">{\"@context\":\"https:\/\/schema.org\",\"@graph\":[{\"@type\":\"WebPage\",\"@id\":\"https:\/\/mystikus.com\/fr\/producto\/pyramide-dorgonite-avec-pierres-damethyste-et-fleur-de-lotus\/\",\"url\":\"https:\/\/mystikus.com\/fr\/producto\/pyramide-dorgonite-avec-pierres-damethyste-et-fleur-de-lotus\/\",\"name\":\"Pyramide d'orgonite avec pierres d'am\u00e9thyste et fleur de lotus - Mystikus\",\"isPartOf\":{\"@id\":\"https:\/\/mystikus.com\/#website\"},\"primaryImageOfPage\":{\"@id\":\"https:\/\/mystikus.com\/fr\/producto\/pyramide-dorgonite-avec-pierres-damethyste-et-fleur-de-lotus\/#primaryimage\"},\"image\":{\"@id\":\"https:\/\/mystikus.com\/fr\/producto\/pyramide-dorgonite-avec-pierres-damethyste-et-fleur-de-lotus\/#primaryimage\"},\"thumbnailUrl\":\"https:\/\/mystikus.com\/wp-content\/uploads\/2025\/03\/Orgonita-1.jpg\",\"datePublished\":\"2025-03-26T13:28:03+00:00\",\"breadcrumb\":{\"@id\":\"https:\/\/mystikus.com\/fr\/producto\/pyramide-dorgonite-avec-pierres-damethyste-et-fleur-de-lotus\/#breadcrumb\"},\"inLanguage\":\"fr-FR\",\"potentialAction\":[{\"@type\":\"ReadAction\",\"target\":[\"https:\/\/mystikus.com\/fr\/producto\/pyramide-dorgonite-avec-pierres-damethyste-et-fleur-de-lotus\/\"]}]},{\"@type\":\"ImageObject\",\"inLanguage\":\"fr-FR\",\"@id\":\"https:\/\/mystikus.com\/fr\/producto\/pyramide-dorgonite-avec-pierres-damethyste-et-fleur-de-lotus\/#primaryimage\",\"url\":\"https:\/\/mystikus.com\/wp-content\/uploads\/2025\/03\/Orgonita-1.jpg\",\"contentUrl\":\"https:\/\/mystikus.com\/wp-content\/uploads\/2025\/03\/Orgonita-1.jpg\",\"width\":1587,\"height\":1476},{\"@type\":\"BreadcrumbList\",\"@id\":\"https:\/\/mystikus.com\/fr\/producto\/pyramide-dorgonite-avec-pierres-damethyste-et-fleur-de-lotus\/#breadcrumb\",\"itemListElement\":[{\"@type\":\"ListItem\",\"position\":1,\"name\":\"Portada\",\"item\":\"https:\/\/mystikus.com\/fr\/accueil\/\"},{\"@type\":\"ListItem\",\"position\":2,\"name\":\"Boutique\",\"item\":\"https:\/\/mystikus.com\/fr\/boutique\/\"},{\"@type\":\"ListItem\",\"position\":3,\"name\":\"Pyramide d&#8217;orgonite avec pierres d&#8217;am\u00e9thyste et fleur de lotus\"}]},{\"@type\":\"WebSite\",\"@id\":\"https:\/\/mystikus.com\/#website\",\"url\":\"https:\/\/mystikus.com\/\",\"name\":\"Mystikus\",\"description\":\"\",\"publisher\":{\"@id\":\"https:\/\/mystikus.com\/#organization\"},\"potentialAction\":[{\"@type\":\"SearchAction\",\"target\":{\"@type\":\"EntryPoint\",\"urlTemplate\":\"https:\/\/mystikus.com\/?s={search_term_string}\"},\"query-input\":{\"@type\":\"PropertyValueSpecification\",\"valueRequired\":true,\"valueName\":\"search_term_string\"}}],\"inLanguage\":\"fr-FR\"},{\"@type\":\"Organization\",\"@id\":\"https:\/\/mystikus.com\/#organization\",\"name\":\"Mystikus\",\"url\":\"https:\/\/mystikus.com\/\",\"logo\":{\"@type\":\"ImageObject\",\"inLanguage\":\"fr-FR\",\"@id\":\"https:\/\/mystikus.com\/#\/schema\/logo\/image\/\",\"url\":\"https:\/\/mystikus.com\/wp-content\/uploads\/2025\/06\/logo-instgaram-shop.jpg\",\"contentUrl\":\"https:\/\/mystikus.com\/wp-content\/uploads\/2025\/06\/logo-instgaram-shop.jpg\",\"width\":227,\"height\":227,\"caption\":\"Mystikus\"},\"image\":{\"@id\":\"https:\/\/mystikus.com\/#\/schema\/logo\/image\/\"}}]}<\/script>\n<!-- \/ Yoast SEO plugin. -->","yoast_head_json":{"title":"Pyramide d'orgonite avec pierres d'am\u00e9thyste et fleur de lotus - Mystikus","robots":{"index":"index","follow":"follow","max-snippet":"max-snippet:-1","max-image-preview":"max-image-preview:large","max-video-preview":"max-video-preview:-1"},"canonical":"https:\/\/mystikus.com\/fr\/producto\/pyramide-dorgonite-avec-pierres-damethyste-et-fleur-de-lotus\/","og_locale":"fr_FR","og_type":"article","og_title":"Pyramide d'orgonite avec pierres d'am\u00e9thyste et fleur de lotus - Mystikus","og_description":"Pyramide d'orgonite avec pierres d'am\u00e9thyste et fleur de lotus Mesure 5x5x5cm","og_url":"https:\/\/mystikus.com\/fr\/producto\/pyramide-dorgonite-avec-pierres-damethyste-et-fleur-de-lotus\/","og_site_name":"Mystikus","og_image":[{"width":1587,"height":1476,"url":"https:\/\/mystikus.com\/wp-content\/uploads\/2025\/03\/Orgonita-1.jpg","type":"image\/jpeg"}],"twitter_card":"summary_large_image","twitter_misc":{"Dur\u00e9e de lecture estim\u00e9e":"1 minute"},"schema":{"@context":"https:\/\/schema.org","@graph":[{"@type":"WebPage","@id":"https:\/\/mystikus.com\/fr\/producto\/pyramide-dorgonite-avec-pierres-damethyste-et-fleur-de-lotus\/","url":"https:\/\/mystikus.com\/fr\/producto\/pyramide-dorgonite-avec-pierres-damethyste-et-fleur-de-lotus\/","name":"Pyramide d'orgonite avec pierres d'am\u00e9thyste et fleur de lotus - Mystikus","isPartOf":{"@id":"https:\/\/mystikus.com\/#website"},"primaryImageOfPage":{"@id":"https:\/\/mystikus.com\/fr\/producto\/pyramide-dorgonite-avec-pierres-damethyste-et-fleur-de-lotus\/#primaryimage"},"image":{"@id":"https:\/\/mystikus.com\/fr\/producto\/pyramide-dorgonite-avec-pierres-damethyste-et-fleur-de-lotus\/#primaryimage"},"thumbnailUrl":"https:\/\/mystikus.com\/wp-content\/uploads\/2025\/03\/Orgonita-1.jpg","datePublished":"2025-03-26T13:28:03+00:00","breadcrumb":{"@id":"https:\/\/mystikus.com\/fr\/producto\/pyramide-dorgonite-avec-pierres-damethyste-et-fleur-de-lotus\/#breadcrumb"},"inLanguage":"fr-FR","potentialAction":[{"@type":"ReadAction","target":["https:\/\/mystikus.com\/fr\/producto\/pyramide-dorgonite-avec-pierres-damethyste-et-fleur-de-lotus\/"]}]},{"@type":"ImageObject","inLanguage":"fr-FR","@id":"https:\/\/mystikus.com\/fr\/producto\/pyramide-dorgonite-avec-pierres-damethyste-et-fleur-de-lotus\/#primaryimage","url":"https:\/\/mystikus.com\/wp-content\/uploads\/2025\/03\/Orgonita-1.jpg","contentUrl":"https:\/\/mystikus.com\/wp-content\/uploads\/2025\/03\/Orgonita-1.jpg","width":1587,"height":1476},{"@type":"BreadcrumbList","@id":"https:\/\/mystikus.com\/fr\/producto\/pyramide-dorgonite-avec-pierres-damethyste-et-fleur-de-lotus\/#breadcrumb","itemListElement":[{"@type":"ListItem","position":1,"name":"Portada","item":"https:\/\/mystikus.com\/fr\/accueil\/"},{"@type":"ListItem","position":2,"name":"Boutique","item":"https:\/\/mystikus.com\/fr\/boutique\/"},{"@type":"ListItem","position":3,"name":"Pyramide d&#8217;orgonite avec pierres d&#8217;am\u00e9thyste et fleur de lotus"}]},{"@type":"WebSite","@id":"https:\/\/mystikus.com\/#website","url":"https:\/\/mystikus.com\/","name":"Mystikus","description":"","publisher":{"@id":"https:\/\/mystikus.com\/#organization"},"potentialAction":[{"@type":"SearchAction","target":{"@type":"EntryPoint","urlTemplate":"https:\/\/mystikus.com\/?s={search_term_string}"},"query-input":{"@type":"PropertyValueSpecification","valueRequired":true,"valueName":"search_term_string"}}],"inLanguage":"fr-FR"},{"@type":"Organization","@id":"https:\/\/mystikus.com\/#organization","name":"Mystikus","url":"https:\/\/mystikus.com\/","logo":{"@type":"ImageObject","inLanguage":"fr-FR","@id":"https:\/\/mystikus.com\/#\/schema\/logo\/image\/","url":"https:\/\/mystikus.com\/wp-content\/uploads\/2025\/06\/logo-instgaram-shop.jpg","contentUrl":"https:\/\/mystikus.com\/wp-content\/uploads\/2025\/06\/logo-instgaram-shop.jpg","width":227,"height":227,"caption":"Mystikus"},"image":{"@id":"https:\/\/mystikus.com\/#\/schema\/logo\/image\/"}}]}},"_links":{"self":[{"href":"https:\/\/mystikus.com\/fr\/wp-json\/wp\/v2\/product\/24662","targetHints":{"allow":["GET"]}}],"collection":[{"href":"https:\/\/mystikus.com\/fr\/wp-json\/wp\/v2\/product"}],"about":[{"href":"https:\/\/mystikus.com\/fr\/wp-json\/wp\/v2\/types\/product"}],"replies":[{"embeddable":true,"href":"https:\/\/mystikus.com\/fr\/wp-json\/wp\/v2\/comments?post=24662"}],"wp:featuredmedia":[{"embeddable":true,"href":"https:\/\/mystikus.com\/fr\/wp-json\/wp\/v2\/media\/24664"}],"wp:attachment":[{"href":"https:\/\/mystikus.com\/fr\/wp-json\/wp\/v2\/media?parent=24662"}],"wp:term":[{"taxonomy":"product_brand","embeddable":true,"href":"https:\/\/mystikus.com\/fr\/wp-json\/wp\/v2\/product_brand?post=24662"},{"taxonomy":"product_cat","embeddable":true,"href":"https:\/\/mystikus.com\/fr\/wp-json\/wp\/v2\/product_cat?post=24662"},{"taxonomy":"product_tag","embeddable":true,"href":"https:\/\/mystikus.com\/fr\/wp-json\/wp\/v2\/product_tag?post=24662"}],"curies":[{"name":"wp","href":"https:\/\/api.w.org\/{rel}","templated":true}]}}