{"id":24677,"date":"2025-03-26T16:35:59","date_gmt":"2025-03-26T15:35:59","guid":{"rendered":"https:\/\/mystikus.com\/producto\/pyramide-dorgonite-avec-quartz-cristal\/"},"modified":"2025-03-26T16:35:59","modified_gmt":"2025-03-26T15:35:59","slug":"pyramide-dorgonite-avec-quartz-cristal","status":"publish","type":"product","link":"https:\/\/mystikus.com\/fr\/producto\/pyramide-dorgonite-avec-quartz-cristal\/","title":{"rendered":"Pyramide d&rsquo;Orgonite avec Quartz Cristal"},"content":{"rendered":"<p class=\"\" data-start=\"156\" data-end=\"232\"><strong data-start=\"156\" data-end=\"232\">Pyramide d&rsquo;Orgonite avec Quartz Cristal \u2013 \u00c9nergie Pure et Clart\u00e9 Mentale<\/strong><\/p>\n<p data-start=\"156\" data-end=\"232\">mesures 5x5x5cm<\/p>\n<p class=\"\" data-start=\"234\" data-end=\"585\">Explore le pouvoir de l&rsquo;\u00e9nergie cristalline avec cette pyramide d&rsquo;orgonite, fabriqu\u00e9e artisanalement avec du <strong data-start=\"336\" data-end=\"354\">quartz cristal<\/strong>, l&rsquo;une des pierres les plus polyvalentes et puissantes dans le monde de la gemmoth\u00e9rapie. Le quartz cristal est connu pour sa capacit\u00e9 \u00e0 amplifier l&rsquo;\u00e9nergie, \u00e0 nettoyer les champs \u00e9nerg\u00e9tiques et \u00e0 favoriser la concentration et la clart\u00e9 mentale. <\/p>\n<p class=\"\" data-start=\"587\" data-end=\"787\">Gr\u00e2ce \u00e0 la combinaison de r\u00e9sine, de m\u00e9taux et de quartz, cette pyramide agit comme un outil d&rsquo;harmonisation \u00e9nerg\u00e9tique, id\u00e9al pour neutraliser les radiations \u00e9lectromagn\u00e9tiques et \u00e9quilibrer l&rsquo;environnement.<\/p>\n<p class=\"\" data-start=\"789\" data-end=\"818\">\u2728 <strong data-start=\"791\" data-end=\"818\">Principaux avantages&nbsp;:<\/strong><\/p>\n<ul data-start=\"820\" data-end=\"1025\">\n<li class=\"\" data-start=\"820\" data-end=\"867\">\n<p class=\"\" data-start=\"822\" data-end=\"867\">Amplifie et purifie l&rsquo;\u00e9nergie de l&rsquo;environnement<\/p>\n<\/li>\n<li class=\"\" data-start=\"868\" data-end=\"923\">\n<p class=\"\" data-start=\"870\" data-end=\"923\">Favorise la concentration, la clart\u00e9 et la focalisation<\/p>\n<\/li>\n<li class=\"\" data-start=\"924\" data-end=\"970\">\n<p class=\"\" data-start=\"926\" data-end=\"970\">Aide dans les processus de gu\u00e9rison et de m\u00e9ditation<\/p>\n<\/li>\n<li class=\"\" data-start=\"971\" data-end=\"1025\">\n<p class=\"\" data-start=\"973\" data-end=\"1025\">Prot\u00e8ge contre les \u00e9nergies denses et les radiations EMF<\/p>\n<\/li>\n<\/ul>\n<p class=\"\" data-start=\"1027\" data-end=\"1206\">Parfaite pour \u00eatre plac\u00e9e dans les espaces de travail, de m\u00e9ditation ou de repos, cette pyramide est une excellente alli\u00e9e pour ceux qui recherchent l&rsquo;\u00e9quilibre, la purification \u00e9nerg\u00e9tique et la connexion int\u00e9rieure.<\/p>\n","protected":false},"excerpt":{"rendered":"<p class=\"\" data-start=\"156\" data-end=\"232\"><strong data-start=\"156\" data-end=\"232\">Pyramide d&rsquo;Orgonite avec Quartz Cristal \u2013 \u00c9nergie Pure et Clart\u00e9 Mentale<\/strong><\/p>\n<p data-start=\"156\" data-end=\"232\">mesures 5x5x5cm<\/p>\n","protected":false},"featured_media":23610,"comment_status":"closed","ping_status":"closed","template":"","meta":[],"product_brand":[],"product_cat":[124,175],"product_tag":[],"class_list":{"0":"post-24677","1":"product","2":"type-product","3":"status-publish","4":"has-post-thumbnail","6":"product_cat-jardin-enchante","7":"product_cat-pyramides-orgonite","9":"first","10":"instock","11":"sale","12":"shipping-taxable","13":"purchasable","14":"product-type-simple"},"yoast_head":"<!-- This site is optimized with the Yoast SEO plugin v27.2 - https:\/\/yoast.com\/product\/yoast-seo-wordpress\/ -->\n<title>Pyramide d&#039;Orgonite avec Quartz Cristal - Mystikus<\/title>\n<meta name=\"robots\" content=\"index, follow, max-snippet:-1, max-image-preview:large, max-video-preview:-1\" \/>\n<link rel=\"canonical\" href=\"https:\/\/mystikus.com\/fr\/producto\/pyramide-dorgonite-avec-quartz-cristal\/\" \/>\n<meta property=\"og:locale\" content=\"fr_FR\" \/>\n<meta property=\"og:type\" content=\"article\" \/>\n<meta property=\"og:title\" content=\"Pyramide d&#039;Orgonite avec Quartz Cristal - Mystikus\" \/>\n<meta property=\"og:description\" content=\"Pyramide d&#039;Orgonite avec Quartz Cristal \u2013 \u00c9nergie Pure et Clart\u00e9 Mentale mesures 5x5x5cm\" \/>\n<meta property=\"og:url\" content=\"https:\/\/mystikus.com\/fr\/producto\/pyramide-dorgonite-avec-quartz-cristal\/\" \/>\n<meta property=\"og:site_name\" content=\"Mystikus\" \/>\n<meta property=\"og:image\" content=\"https:\/\/mystikus.com\/wp-content\/uploads\/2025\/03\/orgonita-3.jpg\" \/>\n\t<meta property=\"og:image:width\" content=\"1587\" \/>\n\t<meta property=\"og:image:height\" content=\"1476\" \/>\n\t<meta property=\"og:image:type\" content=\"image\/jpeg\" \/>\n<meta name=\"twitter:card\" content=\"summary_large_image\" \/>\n<meta name=\"twitter:label1\" content=\"Dur\u00e9e de lecture estim\u00e9e\" \/>\n\t<meta name=\"twitter:data1\" content=\"1 minute\" \/>\n<script type=\"application\/ld+json\" class=\"yoast-schema-graph\">{\"@context\":\"https:\/\/schema.org\",\"@graph\":[{\"@type\":\"WebPage\",\"@id\":\"https:\/\/mystikus.com\/fr\/producto\/pyramide-dorgonite-avec-quartz-cristal\/\",\"url\":\"https:\/\/mystikus.com\/fr\/producto\/pyramide-dorgonite-avec-quartz-cristal\/\",\"name\":\"Pyramide d'Orgonite avec Quartz Cristal - Mystikus\",\"isPartOf\":{\"@id\":\"https:\/\/mystikus.com\/#website\"},\"primaryImageOfPage\":{\"@id\":\"https:\/\/mystikus.com\/fr\/producto\/pyramide-dorgonite-avec-quartz-cristal\/#primaryimage\"},\"image\":{\"@id\":\"https:\/\/mystikus.com\/fr\/producto\/pyramide-dorgonite-avec-quartz-cristal\/#primaryimage\"},\"thumbnailUrl\":\"https:\/\/mystikus.com\/wp-content\/uploads\/2025\/03\/orgonita-3.jpg\",\"datePublished\":\"2025-03-26T15:35:59+00:00\",\"breadcrumb\":{\"@id\":\"https:\/\/mystikus.com\/fr\/producto\/pyramide-dorgonite-avec-quartz-cristal\/#breadcrumb\"},\"inLanguage\":\"fr-FR\",\"potentialAction\":[{\"@type\":\"ReadAction\",\"target\":[\"https:\/\/mystikus.com\/fr\/producto\/pyramide-dorgonite-avec-quartz-cristal\/\"]}]},{\"@type\":\"ImageObject\",\"inLanguage\":\"fr-FR\",\"@id\":\"https:\/\/mystikus.com\/fr\/producto\/pyramide-dorgonite-avec-quartz-cristal\/#primaryimage\",\"url\":\"https:\/\/mystikus.com\/wp-content\/uploads\/2025\/03\/orgonita-3.jpg\",\"contentUrl\":\"https:\/\/mystikus.com\/wp-content\/uploads\/2025\/03\/orgonita-3.jpg\",\"width\":1587,\"height\":1476},{\"@type\":\"BreadcrumbList\",\"@id\":\"https:\/\/mystikus.com\/fr\/producto\/pyramide-dorgonite-avec-quartz-cristal\/#breadcrumb\",\"itemListElement\":[{\"@type\":\"ListItem\",\"position\":1,\"name\":\"Portada\",\"item\":\"https:\/\/mystikus.com\/fr\/accueil\/\"},{\"@type\":\"ListItem\",\"position\":2,\"name\":\"Boutique\",\"item\":\"https:\/\/mystikus.com\/fr\/boutique\/\"},{\"@type\":\"ListItem\",\"position\":3,\"name\":\"Pyramide d&#8217;Orgonite avec Quartz Cristal\"}]},{\"@type\":\"WebSite\",\"@id\":\"https:\/\/mystikus.com\/#website\",\"url\":\"https:\/\/mystikus.com\/\",\"name\":\"Mystikus\",\"description\":\"\",\"publisher\":{\"@id\":\"https:\/\/mystikus.com\/#organization\"},\"potentialAction\":[{\"@type\":\"SearchAction\",\"target\":{\"@type\":\"EntryPoint\",\"urlTemplate\":\"https:\/\/mystikus.com\/?s={search_term_string}\"},\"query-input\":{\"@type\":\"PropertyValueSpecification\",\"valueRequired\":true,\"valueName\":\"search_term_string\"}}],\"inLanguage\":\"fr-FR\"},{\"@type\":\"Organization\",\"@id\":\"https:\/\/mystikus.com\/#organization\",\"name\":\"Mystikus\",\"url\":\"https:\/\/mystikus.com\/\",\"logo\":{\"@type\":\"ImageObject\",\"inLanguage\":\"fr-FR\",\"@id\":\"https:\/\/mystikus.com\/#\/schema\/logo\/image\/\",\"url\":\"https:\/\/mystikus.com\/wp-content\/uploads\/2025\/06\/logo-instgaram-shop.jpg\",\"contentUrl\":\"https:\/\/mystikus.com\/wp-content\/uploads\/2025\/06\/logo-instgaram-shop.jpg\",\"width\":227,\"height\":227,\"caption\":\"Mystikus\"},\"image\":{\"@id\":\"https:\/\/mystikus.com\/#\/schema\/logo\/image\/\"}}]}<\/script>\n<!-- \/ Yoast SEO plugin. -->","yoast_head_json":{"title":"Pyramide d'Orgonite avec Quartz Cristal - Mystikus","robots":{"index":"index","follow":"follow","max-snippet":"max-snippet:-1","max-image-preview":"max-image-preview:large","max-video-preview":"max-video-preview:-1"},"canonical":"https:\/\/mystikus.com\/fr\/producto\/pyramide-dorgonite-avec-quartz-cristal\/","og_locale":"fr_FR","og_type":"article","og_title":"Pyramide d'Orgonite avec Quartz Cristal - Mystikus","og_description":"Pyramide d'Orgonite avec Quartz Cristal \u2013 \u00c9nergie Pure et Clart\u00e9 Mentale mesures 5x5x5cm","og_url":"https:\/\/mystikus.com\/fr\/producto\/pyramide-dorgonite-avec-quartz-cristal\/","og_site_name":"Mystikus","og_image":[{"width":1587,"height":1476,"url":"https:\/\/mystikus.com\/wp-content\/uploads\/2025\/03\/orgonita-3.jpg","type":"image\/jpeg"}],"twitter_card":"summary_large_image","twitter_misc":{"Dur\u00e9e de lecture estim\u00e9e":"1 minute"},"schema":{"@context":"https:\/\/schema.org","@graph":[{"@type":"WebPage","@id":"https:\/\/mystikus.com\/fr\/producto\/pyramide-dorgonite-avec-quartz-cristal\/","url":"https:\/\/mystikus.com\/fr\/producto\/pyramide-dorgonite-avec-quartz-cristal\/","name":"Pyramide d'Orgonite avec Quartz Cristal - Mystikus","isPartOf":{"@id":"https:\/\/mystikus.com\/#website"},"primaryImageOfPage":{"@id":"https:\/\/mystikus.com\/fr\/producto\/pyramide-dorgonite-avec-quartz-cristal\/#primaryimage"},"image":{"@id":"https:\/\/mystikus.com\/fr\/producto\/pyramide-dorgonite-avec-quartz-cristal\/#primaryimage"},"thumbnailUrl":"https:\/\/mystikus.com\/wp-content\/uploads\/2025\/03\/orgonita-3.jpg","datePublished":"2025-03-26T15:35:59+00:00","breadcrumb":{"@id":"https:\/\/mystikus.com\/fr\/producto\/pyramide-dorgonite-avec-quartz-cristal\/#breadcrumb"},"inLanguage":"fr-FR","potentialAction":[{"@type":"ReadAction","target":["https:\/\/mystikus.com\/fr\/producto\/pyramide-dorgonite-avec-quartz-cristal\/"]}]},{"@type":"ImageObject","inLanguage":"fr-FR","@id":"https:\/\/mystikus.com\/fr\/producto\/pyramide-dorgonite-avec-quartz-cristal\/#primaryimage","url":"https:\/\/mystikus.com\/wp-content\/uploads\/2025\/03\/orgonita-3.jpg","contentUrl":"https:\/\/mystikus.com\/wp-content\/uploads\/2025\/03\/orgonita-3.jpg","width":1587,"height":1476},{"@type":"BreadcrumbList","@id":"https:\/\/mystikus.com\/fr\/producto\/pyramide-dorgonite-avec-quartz-cristal\/#breadcrumb","itemListElement":[{"@type":"ListItem","position":1,"name":"Portada","item":"https:\/\/mystikus.com\/fr\/accueil\/"},{"@type":"ListItem","position":2,"name":"Boutique","item":"https:\/\/mystikus.com\/fr\/boutique\/"},{"@type":"ListItem","position":3,"name":"Pyramide d&#8217;Orgonite avec Quartz Cristal"}]},{"@type":"WebSite","@id":"https:\/\/mystikus.com\/#website","url":"https:\/\/mystikus.com\/","name":"Mystikus","description":"","publisher":{"@id":"https:\/\/mystikus.com\/#organization"},"potentialAction":[{"@type":"SearchAction","target":{"@type":"EntryPoint","urlTemplate":"https:\/\/mystikus.com\/?s={search_term_string}"},"query-input":{"@type":"PropertyValueSpecification","valueRequired":true,"valueName":"search_term_string"}}],"inLanguage":"fr-FR"},{"@type":"Organization","@id":"https:\/\/mystikus.com\/#organization","name":"Mystikus","url":"https:\/\/mystikus.com\/","logo":{"@type":"ImageObject","inLanguage":"fr-FR","@id":"https:\/\/mystikus.com\/#\/schema\/logo\/image\/","url":"https:\/\/mystikus.com\/wp-content\/uploads\/2025\/06\/logo-instgaram-shop.jpg","contentUrl":"https:\/\/mystikus.com\/wp-content\/uploads\/2025\/06\/logo-instgaram-shop.jpg","width":227,"height":227,"caption":"Mystikus"},"image":{"@id":"https:\/\/mystikus.com\/#\/schema\/logo\/image\/"}}]}},"_links":{"self":[{"href":"https:\/\/mystikus.com\/fr\/wp-json\/wp\/v2\/product\/24677","targetHints":{"allow":["GET"]}}],"collection":[{"href":"https:\/\/mystikus.com\/fr\/wp-json\/wp\/v2\/product"}],"about":[{"href":"https:\/\/mystikus.com\/fr\/wp-json\/wp\/v2\/types\/product"}],"replies":[{"embeddable":true,"href":"https:\/\/mystikus.com\/fr\/wp-json\/wp\/v2\/comments?post=24677"}],"wp:featuredmedia":[{"embeddable":true,"href":"https:\/\/mystikus.com\/fr\/wp-json\/wp\/v2\/media\/23610"}],"wp:attachment":[{"href":"https:\/\/mystikus.com\/fr\/wp-json\/wp\/v2\/media?parent=24677"}],"wp:term":[{"taxonomy":"product_brand","embeddable":true,"href":"https:\/\/mystikus.com\/fr\/wp-json\/wp\/v2\/product_brand?post=24677"},{"taxonomy":"product_cat","embeddable":true,"href":"https:\/\/mystikus.com\/fr\/wp-json\/wp\/v2\/product_cat?post=24677"},{"taxonomy":"product_tag","embeddable":true,"href":"https:\/\/mystikus.com\/fr\/wp-json\/wp\/v2\/product_tag?post=24677"}],"curies":[{"name":"wp","href":"https:\/\/api.w.org\/{rel}","templated":true}]}}