{"id":24834,"date":"2025-05-08T18:45:13","date_gmt":"2025-05-08T16:45:13","guid":{"rendered":"https:\/\/mystikus.com\/producto\/bougie-ritualisee-relance-commerce\/"},"modified":"2025-09-23T17:22:28","modified_gmt":"2025-09-23T15:22:28","slug":"bougie-ritualisee-relance-commerce","status":"publish","type":"product","link":"https:\/\/mystikus.com\/fr\/producto\/bougie-ritualisee-relance-commerce\/","title":{"rendered":"Bougie Ritualis\u00e9e L\u00e8ve des affaires"},"content":{"rendered":"<p><strong>Ventes \u2013 Clients<\/strong><br \/>\n<strong>Attirer l&rsquo;Abondance<\/strong><\/p>\n<p>Contient une explication d\u00e9taill\u00e9e \u2013 Ingr\u00e9dients in\u00e9dits, selon les formules des grands mages.<\/p>\n<p>Allumez cette bougie ritualis\u00e9e et activez l&rsquo;\u00e9nergie qui transforme, laissez la magie faire son chemin<\/p>\n<p>Les explications peuvent \u00eatre demand\u00e9es dans n&rsquo;importe quelle langue.<\/p>\n","protected":false},"excerpt":{"rendered":"<p><strong>Ventes \u2013 Clients<\/strong><br \/>\n<strong>Attirer l&rsquo;Abondance<\/strong><\/p>\n<p>Contient une explication d\u00e9taill\u00e9e \u2013 Ingr\u00e9dients in\u00e9dits, selon les formules des grands mages.<\/p>\n<p>Allumez cette bougie ritualis\u00e9e et activez l&rsquo;\u00e9nergie qui transforme, laissez la magie faire son chemin<\/p>\n<p>Les explications peuvent \u00eatre demand\u00e9es dans n&rsquo;importe quelle langue.<\/p>\n","protected":false},"featured_media":24836,"comment_status":"closed","ping_status":"closed","template":"","meta":[],"product_brand":[],"product_cat":[191,192,139,145],"product_tag":[],"class_list":{"0":"post-24834","1":"product","2":"type-product","3":"status-publish","4":"has-post-thumbnail","6":"product_cat-bougie-ritualisee","7":"product_cat-bougies-ritualisees","8":"product_cat-esoteriques","9":"product_cat-mystikus-collection","11":"first","12":"instock","13":"shipping-taxable","14":"purchasable","15":"product-type-simple"},"yoast_head":"<!-- This site is optimized with the Yoast SEO plugin v27.2 - https:\/\/yoast.com\/product\/yoast-seo-wordpress\/ -->\n<title>Bougie Ritualis\u00e9e L\u00e8ve des affaires - Mystikus<\/title>\n<meta name=\"robots\" content=\"index, follow, max-snippet:-1, max-image-preview:large, max-video-preview:-1\" \/>\n<link rel=\"canonical\" href=\"https:\/\/mystikus.com\/fr\/producto\/bougie-ritualisee-relance-commerce\/\" \/>\n<meta property=\"og:locale\" content=\"fr_FR\" \/>\n<meta property=\"og:type\" content=\"article\" \/>\n<meta property=\"og:title\" content=\"Bougie Ritualis\u00e9e L\u00e8ve des affaires - Mystikus\" \/>\n<meta property=\"og:description\" content=\"Ventes - Clients Attirer l&#039;Abondance  Contient une explication d\u00e9taill\u00e9e - Ingr\u00e9dients in\u00e9dits, selon les formules des grands mages.  Allumez cette bougie ritualis\u00e9e et activez l&#039;\u00e9nergie qui transforme, laissez la magie faire son chemin  Les explications peuvent \u00eatre demand\u00e9es dans n&#039;importe quelle langue.\" \/>\n<meta property=\"og:url\" content=\"https:\/\/mystikus.com\/fr\/producto\/bougie-ritualisee-relance-commerce\/\" \/>\n<meta property=\"og:site_name\" content=\"Mystikus\" \/>\n<meta property=\"article:modified_time\" content=\"2025-09-23T15:22:28+00:00\" \/>\n<meta property=\"og:image\" content=\"https:\/\/mystikus.com\/wp-content\/uploads\/2025\/05\/Vela-Rit-Levanta-Negocio.jpg\" \/>\n\t<meta property=\"og:image:width\" content=\"1587\" \/>\n\t<meta property=\"og:image:height\" content=\"1476\" \/>\n\t<meta property=\"og:image:type\" content=\"image\/jpeg\" \/>\n<meta name=\"twitter:card\" content=\"summary_large_image\" \/>\n<script type=\"application\/ld+json\" class=\"yoast-schema-graph\">{\"@context\":\"https:\/\/schema.org\",\"@graph\":[{\"@type\":\"WebPage\",\"@id\":\"https:\/\/mystikus.com\/fr\/producto\/bougie-ritualisee-relance-commerce\/\",\"url\":\"https:\/\/mystikus.com\/fr\/producto\/bougie-ritualisee-relance-commerce\/\",\"name\":\"Bougie Ritualis\u00e9e L\u00e8ve des affaires - Mystikus\",\"isPartOf\":{\"@id\":\"https:\/\/mystikus.com\/#website\"},\"primaryImageOfPage\":{\"@id\":\"https:\/\/mystikus.com\/fr\/producto\/bougie-ritualisee-relance-commerce\/#primaryimage\"},\"image\":{\"@id\":\"https:\/\/mystikus.com\/fr\/producto\/bougie-ritualisee-relance-commerce\/#primaryimage\"},\"thumbnailUrl\":\"https:\/\/mystikus.com\/wp-content\/uploads\/2025\/05\/Vela-Rit-Levanta-Negocio.jpg\",\"datePublished\":\"2025-05-08T16:45:13+00:00\",\"dateModified\":\"2025-09-23T15:22:28+00:00\",\"breadcrumb\":{\"@id\":\"https:\/\/mystikus.com\/fr\/producto\/bougie-ritualisee-relance-commerce\/#breadcrumb\"},\"inLanguage\":\"fr-FR\",\"potentialAction\":[{\"@type\":\"ReadAction\",\"target\":[\"https:\/\/mystikus.com\/fr\/producto\/bougie-ritualisee-relance-commerce\/\"]}]},{\"@type\":\"ImageObject\",\"inLanguage\":\"fr-FR\",\"@id\":\"https:\/\/mystikus.com\/fr\/producto\/bougie-ritualisee-relance-commerce\/#primaryimage\",\"url\":\"https:\/\/mystikus.com\/wp-content\/uploads\/2025\/05\/Vela-Rit-Levanta-Negocio.jpg\",\"contentUrl\":\"https:\/\/mystikus.com\/wp-content\/uploads\/2025\/05\/Vela-Rit-Levanta-Negocio.jpg\",\"width\":1587,\"height\":1476},{\"@type\":\"BreadcrumbList\",\"@id\":\"https:\/\/mystikus.com\/fr\/producto\/bougie-ritualisee-relance-commerce\/#breadcrumb\",\"itemListElement\":[{\"@type\":\"ListItem\",\"position\":1,\"name\":\"Portada\",\"item\":\"https:\/\/mystikus.com\/fr\/accueil\/\"},{\"@type\":\"ListItem\",\"position\":2,\"name\":\"Boutique\",\"item\":\"https:\/\/mystikus.com\/fr\/boutique\/\"},{\"@type\":\"ListItem\",\"position\":3,\"name\":\"Bougie Ritualis\u00e9e L\u00e8ve des affaires\"}]},{\"@type\":\"WebSite\",\"@id\":\"https:\/\/mystikus.com\/#website\",\"url\":\"https:\/\/mystikus.com\/\",\"name\":\"Mystikus\",\"description\":\"\",\"publisher\":{\"@id\":\"https:\/\/mystikus.com\/#organization\"},\"potentialAction\":[{\"@type\":\"SearchAction\",\"target\":{\"@type\":\"EntryPoint\",\"urlTemplate\":\"https:\/\/mystikus.com\/?s={search_term_string}\"},\"query-input\":{\"@type\":\"PropertyValueSpecification\",\"valueRequired\":true,\"valueName\":\"search_term_string\"}}],\"inLanguage\":\"fr-FR\"},{\"@type\":\"Organization\",\"@id\":\"https:\/\/mystikus.com\/#organization\",\"name\":\"Mystikus\",\"url\":\"https:\/\/mystikus.com\/\",\"logo\":{\"@type\":\"ImageObject\",\"inLanguage\":\"fr-FR\",\"@id\":\"https:\/\/mystikus.com\/#\/schema\/logo\/image\/\",\"url\":\"https:\/\/mystikus.com\/wp-content\/uploads\/2025\/06\/logo-instgaram-shop.jpg\",\"contentUrl\":\"https:\/\/mystikus.com\/wp-content\/uploads\/2025\/06\/logo-instgaram-shop.jpg\",\"width\":227,\"height\":227,\"caption\":\"Mystikus\"},\"image\":{\"@id\":\"https:\/\/mystikus.com\/#\/schema\/logo\/image\/\"}}]}<\/script>\n<!-- \/ Yoast SEO plugin. -->","yoast_head_json":{"title":"Bougie Ritualis\u00e9e L\u00e8ve des affaires - Mystikus","robots":{"index":"index","follow":"follow","max-snippet":"max-snippet:-1","max-image-preview":"max-image-preview:large","max-video-preview":"max-video-preview:-1"},"canonical":"https:\/\/mystikus.com\/fr\/producto\/bougie-ritualisee-relance-commerce\/","og_locale":"fr_FR","og_type":"article","og_title":"Bougie Ritualis\u00e9e L\u00e8ve des affaires - Mystikus","og_description":"Ventes - Clients Attirer l'Abondance  Contient une explication d\u00e9taill\u00e9e - Ingr\u00e9dients in\u00e9dits, selon les formules des grands mages.  Allumez cette bougie ritualis\u00e9e et activez l'\u00e9nergie qui transforme, laissez la magie faire son chemin  Les explications peuvent \u00eatre demand\u00e9es dans n'importe quelle langue.","og_url":"https:\/\/mystikus.com\/fr\/producto\/bougie-ritualisee-relance-commerce\/","og_site_name":"Mystikus","article_modified_time":"2025-09-23T15:22:28+00:00","og_image":[{"width":1587,"height":1476,"url":"https:\/\/mystikus.com\/wp-content\/uploads\/2025\/05\/Vela-Rit-Levanta-Negocio.jpg","type":"image\/jpeg"}],"twitter_card":"summary_large_image","schema":{"@context":"https:\/\/schema.org","@graph":[{"@type":"WebPage","@id":"https:\/\/mystikus.com\/fr\/producto\/bougie-ritualisee-relance-commerce\/","url":"https:\/\/mystikus.com\/fr\/producto\/bougie-ritualisee-relance-commerce\/","name":"Bougie Ritualis\u00e9e L\u00e8ve des affaires - Mystikus","isPartOf":{"@id":"https:\/\/mystikus.com\/#website"},"primaryImageOfPage":{"@id":"https:\/\/mystikus.com\/fr\/producto\/bougie-ritualisee-relance-commerce\/#primaryimage"},"image":{"@id":"https:\/\/mystikus.com\/fr\/producto\/bougie-ritualisee-relance-commerce\/#primaryimage"},"thumbnailUrl":"https:\/\/mystikus.com\/wp-content\/uploads\/2025\/05\/Vela-Rit-Levanta-Negocio.jpg","datePublished":"2025-05-08T16:45:13+00:00","dateModified":"2025-09-23T15:22:28+00:00","breadcrumb":{"@id":"https:\/\/mystikus.com\/fr\/producto\/bougie-ritualisee-relance-commerce\/#breadcrumb"},"inLanguage":"fr-FR","potentialAction":[{"@type":"ReadAction","target":["https:\/\/mystikus.com\/fr\/producto\/bougie-ritualisee-relance-commerce\/"]}]},{"@type":"ImageObject","inLanguage":"fr-FR","@id":"https:\/\/mystikus.com\/fr\/producto\/bougie-ritualisee-relance-commerce\/#primaryimage","url":"https:\/\/mystikus.com\/wp-content\/uploads\/2025\/05\/Vela-Rit-Levanta-Negocio.jpg","contentUrl":"https:\/\/mystikus.com\/wp-content\/uploads\/2025\/05\/Vela-Rit-Levanta-Negocio.jpg","width":1587,"height":1476},{"@type":"BreadcrumbList","@id":"https:\/\/mystikus.com\/fr\/producto\/bougie-ritualisee-relance-commerce\/#breadcrumb","itemListElement":[{"@type":"ListItem","position":1,"name":"Portada","item":"https:\/\/mystikus.com\/fr\/accueil\/"},{"@type":"ListItem","position":2,"name":"Boutique","item":"https:\/\/mystikus.com\/fr\/boutique\/"},{"@type":"ListItem","position":3,"name":"Bougie Ritualis\u00e9e L\u00e8ve des affaires"}]},{"@type":"WebSite","@id":"https:\/\/mystikus.com\/#website","url":"https:\/\/mystikus.com\/","name":"Mystikus","description":"","publisher":{"@id":"https:\/\/mystikus.com\/#organization"},"potentialAction":[{"@type":"SearchAction","target":{"@type":"EntryPoint","urlTemplate":"https:\/\/mystikus.com\/?s={search_term_string}"},"query-input":{"@type":"PropertyValueSpecification","valueRequired":true,"valueName":"search_term_string"}}],"inLanguage":"fr-FR"},{"@type":"Organization","@id":"https:\/\/mystikus.com\/#organization","name":"Mystikus","url":"https:\/\/mystikus.com\/","logo":{"@type":"ImageObject","inLanguage":"fr-FR","@id":"https:\/\/mystikus.com\/#\/schema\/logo\/image\/","url":"https:\/\/mystikus.com\/wp-content\/uploads\/2025\/06\/logo-instgaram-shop.jpg","contentUrl":"https:\/\/mystikus.com\/wp-content\/uploads\/2025\/06\/logo-instgaram-shop.jpg","width":227,"height":227,"caption":"Mystikus"},"image":{"@id":"https:\/\/mystikus.com\/#\/schema\/logo\/image\/"}}]}},"_links":{"self":[{"href":"https:\/\/mystikus.com\/fr\/wp-json\/wp\/v2\/product\/24834","targetHints":{"allow":["GET"]}}],"collection":[{"href":"https:\/\/mystikus.com\/fr\/wp-json\/wp\/v2\/product"}],"about":[{"href":"https:\/\/mystikus.com\/fr\/wp-json\/wp\/v2\/types\/product"}],"replies":[{"embeddable":true,"href":"https:\/\/mystikus.com\/fr\/wp-json\/wp\/v2\/comments?post=24834"}],"wp:featuredmedia":[{"embeddable":true,"href":"https:\/\/mystikus.com\/fr\/wp-json\/wp\/v2\/media\/24836"}],"wp:attachment":[{"href":"https:\/\/mystikus.com\/fr\/wp-json\/wp\/v2\/media?parent=24834"}],"wp:term":[{"taxonomy":"product_brand","embeddable":true,"href":"https:\/\/mystikus.com\/fr\/wp-json\/wp\/v2\/product_brand?post=24834"},{"taxonomy":"product_cat","embeddable":true,"href":"https:\/\/mystikus.com\/fr\/wp-json\/wp\/v2\/product_cat?post=24834"},{"taxonomy":"product_tag","embeddable":true,"href":"https:\/\/mystikus.com\/fr\/wp-json\/wp\/v2\/product_tag?post=24834"}],"curies":[{"name":"wp","href":"https:\/\/api.w.org\/{rel}","templated":true}]}}