{"id":24944,"date":"2025-05-10T12:36:19","date_gmt":"2025-05-10T10:36:19","guid":{"rendered":"https:\/\/mystikus.com\/producto\/encens-en-cone-contre-les-dommages\/"},"modified":"2025-05-10T12:36:19","modified_gmt":"2025-05-10T10:36:19","slug":"encens-en-cone-contre-les-dommages","status":"publish","type":"product","link":"https:\/\/mystikus.com\/fr\/producto\/encens-en-cone-contre-les-dommages\/","title":{"rendered":"Encens en c\u00f4ne contre les dommages"},"content":{"rendered":"<p><strong>Encens en c\u00f4ne contre les dommages<\/strong><\/p>\n<p>L&rsquo;encens en c\u00f4ne contre les dommages est un produit \u00e9sot\u00e9rique con\u00e7u pour prot\u00e9ger contre les \u00e9nergies n\u00e9gatives, les mal\u00e9fices et les mauvaises intentions provenant d&rsquo;ennemis visibles et invisibles. En br\u00fblant, sa fum\u00e9e purifie l&rsquo;environnement, cr\u00e9ant une barri\u00e8re spirituelle qui repousse les mauvaises vibrations et prot\u00e8ge l&rsquo;aura personnelle ou l&rsquo;espace o\u00f9 il est utilis\u00e9. Il est id\u00e9al pour les rituels de protection, les nettoyages spirituels et pour maintenir un environnement s\u00fbr et harmonieux.  <\/p>\n","protected":false},"excerpt":{"rendered":"<p><strong>Encens en c\u00f4ne contre les dommages<\/strong><\/p>\n<p>L&rsquo;encens en c\u00f4ne contre les dommages est un produit \u00e9sot\u00e9rique con\u00e7u pour prot\u00e9ger contre les \u00e9nergies n\u00e9gatives, les mal\u00e9fices et les mauvaises intentions provenant d&rsquo;ennemis visibles et invisibles. En br\u00fblant, sa fum\u00e9e purifie l&rsquo;environnement, cr\u00e9ant une barri\u00e8re spirituelle qui repousse les mauvaises vibrations et prot\u00e8ge l&rsquo;aura personnelle ou l&rsquo;espace o\u00f9 il est utilis\u00e9. Il est id\u00e9al pour les rituels de protection, les nettoyages spirituels et pour maintenir un environnement s\u00fbr et harmonieux.  <\/p>\n","protected":false},"featured_media":555,"comment_status":"closed","ping_status":"closed","template":"","meta":[],"product_brand":[],"product_cat":[207,197,118,145],"product_tag":[],"class_list":{"0":"post-24944","1":"product","2":"type-product","3":"status-publish","4":"has-post-thumbnail","6":"product_cat-encens-de-but","7":"product_cat-encens-de-intention","8":"product_cat-encens-et-aromes","9":"product_cat-mystikus-collection","11":"first","12":"instock","13":"shipping-taxable","14":"purchasable","15":"product-type-simple"},"yoast_head":"<!-- This site is optimized with the Yoast SEO plugin v27.2 - https:\/\/yoast.com\/product\/yoast-seo-wordpress\/ -->\n<title>Encens en c\u00f4ne contre les dommages - Mystikus<\/title>\n<meta name=\"robots\" content=\"index, follow, max-snippet:-1, max-image-preview:large, max-video-preview:-1\" \/>\n<link rel=\"canonical\" href=\"https:\/\/mystikus.com\/fr\/producto\/encens-en-cone-contre-les-dommages\/\" \/>\n<meta property=\"og:locale\" content=\"fr_FR\" \/>\n<meta property=\"og:type\" content=\"article\" \/>\n<meta property=\"og:title\" content=\"Encens en c\u00f4ne contre les dommages - Mystikus\" \/>\n<meta property=\"og:description\" content=\"Encens en c\u00f4ne contre les dommages L&#039;encens en c\u00f4ne contre les dommages est un produit \u00e9sot\u00e9rique con\u00e7u pour prot\u00e9ger contre les \u00e9nergies n\u00e9gatives, les mal\u00e9fices et les mauvaises intentions provenant d&#039;ennemis visibles et invisibles. En br\u00fblant, sa fum\u00e9e purifie l&#039;environnement, cr\u00e9ant une barri\u00e8re spirituelle qui repousse les mauvaises vibrations et prot\u00e8ge l&#039;aura personnelle ou l&#039;espace o\u00f9 il est utilis\u00e9. Il est id\u00e9al pour les rituels de protection, les nettoyages spirituels et pour maintenir un environnement s\u00fbr et harmonieux.\" \/>\n<meta property=\"og:url\" content=\"https:\/\/mystikus.com\/fr\/producto\/encens-en-cone-contre-les-dommages\/\" \/>\n<meta property=\"og:site_name\" content=\"Mystikus\" \/>\n<meta property=\"og:image\" content=\"https:\/\/mystikus.com\/wp-content\/uploads\/2025\/05\/inc-cono-contra-danos.jpg\" \/>\n\t<meta property=\"og:image:width\" content=\"1587\" \/>\n\t<meta property=\"og:image:height\" content=\"1476\" \/>\n\t<meta property=\"og:image:type\" content=\"image\/jpeg\" \/>\n<meta name=\"twitter:card\" content=\"summary_large_image\" \/>\n<script type=\"application\/ld+json\" class=\"yoast-schema-graph\">{\"@context\":\"https:\/\/schema.org\",\"@graph\":[{\"@type\":\"WebPage\",\"@id\":\"https:\/\/mystikus.com\/fr\/producto\/encens-en-cone-contre-les-dommages\/\",\"url\":\"https:\/\/mystikus.com\/fr\/producto\/encens-en-cone-contre-les-dommages\/\",\"name\":\"Encens en c\u00f4ne contre les dommages - Mystikus\",\"isPartOf\":{\"@id\":\"https:\/\/mystikus.com\/#website\"},\"primaryImageOfPage\":{\"@id\":\"https:\/\/mystikus.com\/fr\/producto\/encens-en-cone-contre-les-dommages\/#primaryimage\"},\"image\":{\"@id\":\"https:\/\/mystikus.com\/fr\/producto\/encens-en-cone-contre-les-dommages\/#primaryimage\"},\"thumbnailUrl\":\"https:\/\/mystikus.com\/wp-content\/uploads\/2025\/05\/inc-cono-contra-danos.jpg\",\"datePublished\":\"2025-05-10T10:36:19+00:00\",\"breadcrumb\":{\"@id\":\"https:\/\/mystikus.com\/fr\/producto\/encens-en-cone-contre-les-dommages\/#breadcrumb\"},\"inLanguage\":\"fr-FR\",\"potentialAction\":[{\"@type\":\"ReadAction\",\"target\":[\"https:\/\/mystikus.com\/fr\/producto\/encens-en-cone-contre-les-dommages\/\"]}]},{\"@type\":\"ImageObject\",\"inLanguage\":\"fr-FR\",\"@id\":\"https:\/\/mystikus.com\/fr\/producto\/encens-en-cone-contre-les-dommages\/#primaryimage\",\"url\":\"https:\/\/mystikus.com\/wp-content\/uploads\/2025\/05\/inc-cono-contra-danos.jpg\",\"contentUrl\":\"https:\/\/mystikus.com\/wp-content\/uploads\/2025\/05\/inc-cono-contra-danos.jpg\",\"width\":1587,\"height\":1476},{\"@type\":\"BreadcrumbList\",\"@id\":\"https:\/\/mystikus.com\/fr\/producto\/encens-en-cone-contre-les-dommages\/#breadcrumb\",\"itemListElement\":[{\"@type\":\"ListItem\",\"position\":1,\"name\":\"Portada\",\"item\":\"https:\/\/mystikus.com\/fr\/accueil\/\"},{\"@type\":\"ListItem\",\"position\":2,\"name\":\"Boutique\",\"item\":\"https:\/\/mystikus.com\/fr\/boutique\/\"},{\"@type\":\"ListItem\",\"position\":3,\"name\":\"Encens en c\u00f4ne contre les dommages\"}]},{\"@type\":\"WebSite\",\"@id\":\"https:\/\/mystikus.com\/#website\",\"url\":\"https:\/\/mystikus.com\/\",\"name\":\"Mystikus\",\"description\":\"\",\"publisher\":{\"@id\":\"https:\/\/mystikus.com\/#organization\"},\"potentialAction\":[{\"@type\":\"SearchAction\",\"target\":{\"@type\":\"EntryPoint\",\"urlTemplate\":\"https:\/\/mystikus.com\/?s={search_term_string}\"},\"query-input\":{\"@type\":\"PropertyValueSpecification\",\"valueRequired\":true,\"valueName\":\"search_term_string\"}}],\"inLanguage\":\"fr-FR\"},{\"@type\":\"Organization\",\"@id\":\"https:\/\/mystikus.com\/#organization\",\"name\":\"Mystikus\",\"url\":\"https:\/\/mystikus.com\/\",\"logo\":{\"@type\":\"ImageObject\",\"inLanguage\":\"fr-FR\",\"@id\":\"https:\/\/mystikus.com\/#\/schema\/logo\/image\/\",\"url\":\"https:\/\/mystikus.com\/wp-content\/uploads\/2025\/06\/logo-instgaram-shop.jpg\",\"contentUrl\":\"https:\/\/mystikus.com\/wp-content\/uploads\/2025\/06\/logo-instgaram-shop.jpg\",\"width\":227,\"height\":227,\"caption\":\"Mystikus\"},\"image\":{\"@id\":\"https:\/\/mystikus.com\/#\/schema\/logo\/image\/\"}}]}<\/script>\n<!-- \/ Yoast SEO plugin. -->","yoast_head_json":{"title":"Encens en c\u00f4ne contre les dommages - Mystikus","robots":{"index":"index","follow":"follow","max-snippet":"max-snippet:-1","max-image-preview":"max-image-preview:large","max-video-preview":"max-video-preview:-1"},"canonical":"https:\/\/mystikus.com\/fr\/producto\/encens-en-cone-contre-les-dommages\/","og_locale":"fr_FR","og_type":"article","og_title":"Encens en c\u00f4ne contre les dommages - Mystikus","og_description":"Encens en c\u00f4ne contre les dommages L'encens en c\u00f4ne contre les dommages est un produit \u00e9sot\u00e9rique con\u00e7u pour prot\u00e9ger contre les \u00e9nergies n\u00e9gatives, les mal\u00e9fices et les mauvaises intentions provenant d'ennemis visibles et invisibles. En br\u00fblant, sa fum\u00e9e purifie l'environnement, cr\u00e9ant une barri\u00e8re spirituelle qui repousse les mauvaises vibrations et prot\u00e8ge l'aura personnelle ou l'espace o\u00f9 il est utilis\u00e9. Il est id\u00e9al pour les rituels de protection, les nettoyages spirituels et pour maintenir un environnement s\u00fbr et harmonieux.","og_url":"https:\/\/mystikus.com\/fr\/producto\/encens-en-cone-contre-les-dommages\/","og_site_name":"Mystikus","og_image":[{"width":1587,"height":1476,"url":"https:\/\/mystikus.com\/wp-content\/uploads\/2025\/05\/inc-cono-contra-danos.jpg","type":"image\/jpeg"}],"twitter_card":"summary_large_image","schema":{"@context":"https:\/\/schema.org","@graph":[{"@type":"WebPage","@id":"https:\/\/mystikus.com\/fr\/producto\/encens-en-cone-contre-les-dommages\/","url":"https:\/\/mystikus.com\/fr\/producto\/encens-en-cone-contre-les-dommages\/","name":"Encens en c\u00f4ne contre les dommages - Mystikus","isPartOf":{"@id":"https:\/\/mystikus.com\/#website"},"primaryImageOfPage":{"@id":"https:\/\/mystikus.com\/fr\/producto\/encens-en-cone-contre-les-dommages\/#primaryimage"},"image":{"@id":"https:\/\/mystikus.com\/fr\/producto\/encens-en-cone-contre-les-dommages\/#primaryimage"},"thumbnailUrl":"https:\/\/mystikus.com\/wp-content\/uploads\/2025\/05\/inc-cono-contra-danos.jpg","datePublished":"2025-05-10T10:36:19+00:00","breadcrumb":{"@id":"https:\/\/mystikus.com\/fr\/producto\/encens-en-cone-contre-les-dommages\/#breadcrumb"},"inLanguage":"fr-FR","potentialAction":[{"@type":"ReadAction","target":["https:\/\/mystikus.com\/fr\/producto\/encens-en-cone-contre-les-dommages\/"]}]},{"@type":"ImageObject","inLanguage":"fr-FR","@id":"https:\/\/mystikus.com\/fr\/producto\/encens-en-cone-contre-les-dommages\/#primaryimage","url":"https:\/\/mystikus.com\/wp-content\/uploads\/2025\/05\/inc-cono-contra-danos.jpg","contentUrl":"https:\/\/mystikus.com\/wp-content\/uploads\/2025\/05\/inc-cono-contra-danos.jpg","width":1587,"height":1476},{"@type":"BreadcrumbList","@id":"https:\/\/mystikus.com\/fr\/producto\/encens-en-cone-contre-les-dommages\/#breadcrumb","itemListElement":[{"@type":"ListItem","position":1,"name":"Portada","item":"https:\/\/mystikus.com\/fr\/accueil\/"},{"@type":"ListItem","position":2,"name":"Boutique","item":"https:\/\/mystikus.com\/fr\/boutique\/"},{"@type":"ListItem","position":3,"name":"Encens en c\u00f4ne contre les dommages"}]},{"@type":"WebSite","@id":"https:\/\/mystikus.com\/#website","url":"https:\/\/mystikus.com\/","name":"Mystikus","description":"","publisher":{"@id":"https:\/\/mystikus.com\/#organization"},"potentialAction":[{"@type":"SearchAction","target":{"@type":"EntryPoint","urlTemplate":"https:\/\/mystikus.com\/?s={search_term_string}"},"query-input":{"@type":"PropertyValueSpecification","valueRequired":true,"valueName":"search_term_string"}}],"inLanguage":"fr-FR"},{"@type":"Organization","@id":"https:\/\/mystikus.com\/#organization","name":"Mystikus","url":"https:\/\/mystikus.com\/","logo":{"@type":"ImageObject","inLanguage":"fr-FR","@id":"https:\/\/mystikus.com\/#\/schema\/logo\/image\/","url":"https:\/\/mystikus.com\/wp-content\/uploads\/2025\/06\/logo-instgaram-shop.jpg","contentUrl":"https:\/\/mystikus.com\/wp-content\/uploads\/2025\/06\/logo-instgaram-shop.jpg","width":227,"height":227,"caption":"Mystikus"},"image":{"@id":"https:\/\/mystikus.com\/#\/schema\/logo\/image\/"}}]}},"_links":{"self":[{"href":"https:\/\/mystikus.com\/fr\/wp-json\/wp\/v2\/product\/24944","targetHints":{"allow":["GET"]}}],"collection":[{"href":"https:\/\/mystikus.com\/fr\/wp-json\/wp\/v2\/product"}],"about":[{"href":"https:\/\/mystikus.com\/fr\/wp-json\/wp\/v2\/types\/product"}],"replies":[{"embeddable":true,"href":"https:\/\/mystikus.com\/fr\/wp-json\/wp\/v2\/comments?post=24944"}],"wp:featuredmedia":[{"embeddable":true,"href":"https:\/\/mystikus.com\/fr\/wp-json\/wp\/v2\/media\/555"}],"wp:attachment":[{"href":"https:\/\/mystikus.com\/fr\/wp-json\/wp\/v2\/media?parent=24944"}],"wp:term":[{"taxonomy":"product_brand","embeddable":true,"href":"https:\/\/mystikus.com\/fr\/wp-json\/wp\/v2\/product_brand?post=24944"},{"taxonomy":"product_cat","embeddable":true,"href":"https:\/\/mystikus.com\/fr\/wp-json\/wp\/v2\/product_cat?post=24944"},{"taxonomy":"product_tag","embeddable":true,"href":"https:\/\/mystikus.com\/fr\/wp-json\/wp\/v2\/product_tag?post=24944"}],"curies":[{"name":"wp","href":"https:\/\/api.w.org\/{rel}","templated":true}]}}