{"id":25324,"date":"2025-07-02T18:33:29","date_gmt":"2025-07-02T16:33:29","guid":{"rendered":"https:\/\/mystikus.com\/producto\/encens-aux-herbes-sans-bambou-avec-support-energy\/"},"modified":"2025-07-02T18:33:29","modified_gmt":"2025-07-02T16:33:29","slug":"encens-aux-herbes-sans-bambou-avec-support-energy","status":"publish","type":"product","link":"https:\/\/mystikus.com\/fr\/producto\/encens-aux-herbes-sans-bambou-avec-support-energy\/","title":{"rendered":"Encens aux herbes sans bambou avec support Energy"},"content":{"rendered":"<p style=\"font-weight: 400;\">L&rsquo;encens aux herbes sans bambou de Song of India est fabriqu\u00e9 selon l&rsquo;ancienne tradition indienne o\u00f9 la combustion d&rsquo;encens est pratiqu\u00e9e pour ses bienfaits th\u00e9rapeutiques et apaisants. L&rsquo;Ayurveda prescrit la combustion d&rsquo;encens fait d&rsquo;herbes, de r\u00e9sines, d&rsquo;\u00e9pices et d&rsquo;huiles comme un moyen efficace de purifier l&rsquo;air et de lui insuffler un riche parfum qui enchante les sens. <\/p>\n<p><strong>Ar\u00f4me : <\/strong>citrique avec des notes de bois sec<\/p>\n<p><b><strong>\u00c0 propos du produit<\/strong><\/b><br \/>\n50 b\u00e2tonnets d&rsquo;encens sans noyau de bambou<br \/>\nBr\u00fbleur d&rsquo;encens en c\u00e9ramique artisanale<br \/>\nNon toxique, sans produits chimiques<br \/>\nEmballage&nbsp;: Papier recycl\u00e9 fait \u00e0 la main avec des informations en anglais<\/p>\n<p><b><strong>Ingr\u00e9dients&nbsp;<\/strong><\/b><br \/>\nR\u00e9sine naturelle d&rsquo;encens, charbon actif, eau de canne \u00e0 sucre, poudre d&rsquo;\u00e9corce, poudre de bois, huiles essentielles.<\/p>\n<p style=\"font-weight: 400;\"><b><strong>Ayurveda<\/strong><\/b><br \/>\nL&rsquo;Ayurveda a \u00e9t\u00e9 r\u00e9v\u00e9l\u00e9 aux voyants de l&rsquo;Inde il y a des milliers d&rsquo;ann\u00e9es. C&rsquo;est la science de la long\u00e9vit\u00e9 qui favorise la sant\u00e9 positive, la beaut\u00e9 naturelle et la longue vie. La sant\u00e9 est maintenue gr\u00e2ce \u00e0 l&rsquo;\u00e9quilibre de trois Doshas ou \u00e9nergies subtiles, connues sous le nom de Vata, Pitta et Kapha.  <\/p>\n","protected":false},"excerpt":{"rendered":"<pre>Encens aux herbes sans bambou avec support Energy<\/pre>\n<p>50 b\u00e2tonnets d&rsquo;encens sans noyau de bambou<br \/>\nBr\u00fbleur d&rsquo;encens en c\u00e9ramique artisanale<\/p>\n","protected":false},"featured_media":23718,"comment_status":"open","ping_status":"closed","template":"","meta":[],"product_brand":[],"product_cat":[122],"product_tag":[],"class_list":{"0":"post-25324","1":"product","2":"type-product","3":"status-publish","4":"has-post-thumbnail","6":"product_cat-encens","8":"first","9":"instock","10":"shipping-taxable","11":"purchasable","12":"product-type-simple"},"yoast_head":"<!-- This site is optimized with the Yoast SEO plugin v27.2 - https:\/\/yoast.com\/product\/yoast-seo-wordpress\/ -->\n<title>Encens aux herbes sans bambou avec support Energy - Mystikus<\/title>\n<meta name=\"robots\" content=\"index, follow, max-snippet:-1, max-image-preview:large, max-video-preview:-1\" \/>\n<link rel=\"canonical\" href=\"https:\/\/mystikus.com\/fr\/producto\/encens-aux-herbes-sans-bambou-avec-support-energy\/\" \/>\n<meta property=\"og:locale\" content=\"fr_FR\" \/>\n<meta property=\"og:type\" content=\"article\" \/>\n<meta property=\"og:title\" content=\"Encens aux herbes sans bambou avec support Energy - Mystikus\" \/>\n<meta property=\"og:description\" content=\"Encens aux herbes sans bambou avec support Energy 50 b\u00e2tonnets d&#039;encens sans noyau de bambou Br\u00fbleur d&#039;encens en c\u00e9ramique artisanale\" \/>\n<meta property=\"og:url\" content=\"https:\/\/mystikus.com\/fr\/producto\/encens-aux-herbes-sans-bambou-avec-support-energy\/\" \/>\n<meta property=\"og:site_name\" content=\"Mystikus\" \/>\n<meta property=\"og:image\" content=\"https:\/\/mystikus.com\/wp-content\/uploads\/2025\/07\/Incienso-de-hierbas-sin-bamboo-con-soporte-Energy.jpg\" \/>\n\t<meta property=\"og:image:width\" content=\"1587\" \/>\n\t<meta property=\"og:image:height\" content=\"1476\" \/>\n\t<meta property=\"og:image:type\" content=\"image\/jpeg\" \/>\n<meta name=\"twitter:card\" content=\"summary_large_image\" \/>\n<meta name=\"twitter:label1\" content=\"Dur\u00e9e de lecture estim\u00e9e\" \/>\n\t<meta name=\"twitter:data1\" content=\"1 minute\" \/>\n<script type=\"application\/ld+json\" class=\"yoast-schema-graph\">{\"@context\":\"https:\/\/schema.org\",\"@graph\":[{\"@type\":\"WebPage\",\"@id\":\"https:\/\/mystikus.com\/fr\/producto\/encens-aux-herbes-sans-bambou-avec-support-energy\/\",\"url\":\"https:\/\/mystikus.com\/fr\/producto\/encens-aux-herbes-sans-bambou-avec-support-energy\/\",\"name\":\"Encens aux herbes sans bambou avec support Energy - Mystikus\",\"isPartOf\":{\"@id\":\"https:\/\/mystikus.com\/#website\"},\"primaryImageOfPage\":{\"@id\":\"https:\/\/mystikus.com\/fr\/producto\/encens-aux-herbes-sans-bambou-avec-support-energy\/#primaryimage\"},\"image\":{\"@id\":\"https:\/\/mystikus.com\/fr\/producto\/encens-aux-herbes-sans-bambou-avec-support-energy\/#primaryimage\"},\"thumbnailUrl\":\"https:\/\/mystikus.com\/wp-content\/uploads\/2025\/07\/Incienso-de-hierbas-sin-bamboo-con-soporte-Energy.jpg\",\"datePublished\":\"2025-07-02T16:33:29+00:00\",\"breadcrumb\":{\"@id\":\"https:\/\/mystikus.com\/fr\/producto\/encens-aux-herbes-sans-bambou-avec-support-energy\/#breadcrumb\"},\"inLanguage\":\"fr-FR\",\"potentialAction\":[{\"@type\":\"ReadAction\",\"target\":[\"https:\/\/mystikus.com\/fr\/producto\/encens-aux-herbes-sans-bambou-avec-support-energy\/\"]}]},{\"@type\":\"ImageObject\",\"inLanguage\":\"fr-FR\",\"@id\":\"https:\/\/mystikus.com\/fr\/producto\/encens-aux-herbes-sans-bambou-avec-support-energy\/#primaryimage\",\"url\":\"https:\/\/mystikus.com\/wp-content\/uploads\/2025\/07\/Incienso-de-hierbas-sin-bamboo-con-soporte-Energy.jpg\",\"contentUrl\":\"https:\/\/mystikus.com\/wp-content\/uploads\/2025\/07\/Incienso-de-hierbas-sin-bamboo-con-soporte-Energy.jpg\",\"width\":1587,\"height\":1476},{\"@type\":\"BreadcrumbList\",\"@id\":\"https:\/\/mystikus.com\/fr\/producto\/encens-aux-herbes-sans-bambou-avec-support-energy\/#breadcrumb\",\"itemListElement\":[{\"@type\":\"ListItem\",\"position\":1,\"name\":\"Portada\",\"item\":\"https:\/\/mystikus.com\/fr\/accueil\/\"},{\"@type\":\"ListItem\",\"position\":2,\"name\":\"Boutique\",\"item\":\"https:\/\/mystikus.com\/fr\/boutique\/\"},{\"@type\":\"ListItem\",\"position\":3,\"name\":\"Encens aux herbes sans bambou avec support Energy\"}]},{\"@type\":\"WebSite\",\"@id\":\"https:\/\/mystikus.com\/#website\",\"url\":\"https:\/\/mystikus.com\/\",\"name\":\"Mystikus\",\"description\":\"\",\"publisher\":{\"@id\":\"https:\/\/mystikus.com\/#organization\"},\"potentialAction\":[{\"@type\":\"SearchAction\",\"target\":{\"@type\":\"EntryPoint\",\"urlTemplate\":\"https:\/\/mystikus.com\/?s={search_term_string}\"},\"query-input\":{\"@type\":\"PropertyValueSpecification\",\"valueRequired\":true,\"valueName\":\"search_term_string\"}}],\"inLanguage\":\"fr-FR\"},{\"@type\":\"Organization\",\"@id\":\"https:\/\/mystikus.com\/#organization\",\"name\":\"Mystikus\",\"url\":\"https:\/\/mystikus.com\/\",\"logo\":{\"@type\":\"ImageObject\",\"inLanguage\":\"fr-FR\",\"@id\":\"https:\/\/mystikus.com\/#\/schema\/logo\/image\/\",\"url\":\"https:\/\/mystikus.com\/wp-content\/uploads\/2025\/06\/logo-instgaram-shop.jpg\",\"contentUrl\":\"https:\/\/mystikus.com\/wp-content\/uploads\/2025\/06\/logo-instgaram-shop.jpg\",\"width\":227,\"height\":227,\"caption\":\"Mystikus\"},\"image\":{\"@id\":\"https:\/\/mystikus.com\/#\/schema\/logo\/image\/\"}}]}<\/script>\n<!-- \/ Yoast SEO plugin. -->","yoast_head_json":{"title":"Encens aux herbes sans bambou avec support Energy - Mystikus","robots":{"index":"index","follow":"follow","max-snippet":"max-snippet:-1","max-image-preview":"max-image-preview:large","max-video-preview":"max-video-preview:-1"},"canonical":"https:\/\/mystikus.com\/fr\/producto\/encens-aux-herbes-sans-bambou-avec-support-energy\/","og_locale":"fr_FR","og_type":"article","og_title":"Encens aux herbes sans bambou avec support Energy - Mystikus","og_description":"Encens aux herbes sans bambou avec support Energy 50 b\u00e2tonnets d'encens sans noyau de bambou Br\u00fbleur d'encens en c\u00e9ramique artisanale","og_url":"https:\/\/mystikus.com\/fr\/producto\/encens-aux-herbes-sans-bambou-avec-support-energy\/","og_site_name":"Mystikus","og_image":[{"width":1587,"height":1476,"url":"https:\/\/mystikus.com\/wp-content\/uploads\/2025\/07\/Incienso-de-hierbas-sin-bamboo-con-soporte-Energy.jpg","type":"image\/jpeg"}],"twitter_card":"summary_large_image","twitter_misc":{"Dur\u00e9e de lecture estim\u00e9e":"1 minute"},"schema":{"@context":"https:\/\/schema.org","@graph":[{"@type":"WebPage","@id":"https:\/\/mystikus.com\/fr\/producto\/encens-aux-herbes-sans-bambou-avec-support-energy\/","url":"https:\/\/mystikus.com\/fr\/producto\/encens-aux-herbes-sans-bambou-avec-support-energy\/","name":"Encens aux herbes sans bambou avec support Energy - Mystikus","isPartOf":{"@id":"https:\/\/mystikus.com\/#website"},"primaryImageOfPage":{"@id":"https:\/\/mystikus.com\/fr\/producto\/encens-aux-herbes-sans-bambou-avec-support-energy\/#primaryimage"},"image":{"@id":"https:\/\/mystikus.com\/fr\/producto\/encens-aux-herbes-sans-bambou-avec-support-energy\/#primaryimage"},"thumbnailUrl":"https:\/\/mystikus.com\/wp-content\/uploads\/2025\/07\/Incienso-de-hierbas-sin-bamboo-con-soporte-Energy.jpg","datePublished":"2025-07-02T16:33:29+00:00","breadcrumb":{"@id":"https:\/\/mystikus.com\/fr\/producto\/encens-aux-herbes-sans-bambou-avec-support-energy\/#breadcrumb"},"inLanguage":"fr-FR","potentialAction":[{"@type":"ReadAction","target":["https:\/\/mystikus.com\/fr\/producto\/encens-aux-herbes-sans-bambou-avec-support-energy\/"]}]},{"@type":"ImageObject","inLanguage":"fr-FR","@id":"https:\/\/mystikus.com\/fr\/producto\/encens-aux-herbes-sans-bambou-avec-support-energy\/#primaryimage","url":"https:\/\/mystikus.com\/wp-content\/uploads\/2025\/07\/Incienso-de-hierbas-sin-bamboo-con-soporte-Energy.jpg","contentUrl":"https:\/\/mystikus.com\/wp-content\/uploads\/2025\/07\/Incienso-de-hierbas-sin-bamboo-con-soporte-Energy.jpg","width":1587,"height":1476},{"@type":"BreadcrumbList","@id":"https:\/\/mystikus.com\/fr\/producto\/encens-aux-herbes-sans-bambou-avec-support-energy\/#breadcrumb","itemListElement":[{"@type":"ListItem","position":1,"name":"Portada","item":"https:\/\/mystikus.com\/fr\/accueil\/"},{"@type":"ListItem","position":2,"name":"Boutique","item":"https:\/\/mystikus.com\/fr\/boutique\/"},{"@type":"ListItem","position":3,"name":"Encens aux herbes sans bambou avec support Energy"}]},{"@type":"WebSite","@id":"https:\/\/mystikus.com\/#website","url":"https:\/\/mystikus.com\/","name":"Mystikus","description":"","publisher":{"@id":"https:\/\/mystikus.com\/#organization"},"potentialAction":[{"@type":"SearchAction","target":{"@type":"EntryPoint","urlTemplate":"https:\/\/mystikus.com\/?s={search_term_string}"},"query-input":{"@type":"PropertyValueSpecification","valueRequired":true,"valueName":"search_term_string"}}],"inLanguage":"fr-FR"},{"@type":"Organization","@id":"https:\/\/mystikus.com\/#organization","name":"Mystikus","url":"https:\/\/mystikus.com\/","logo":{"@type":"ImageObject","inLanguage":"fr-FR","@id":"https:\/\/mystikus.com\/#\/schema\/logo\/image\/","url":"https:\/\/mystikus.com\/wp-content\/uploads\/2025\/06\/logo-instgaram-shop.jpg","contentUrl":"https:\/\/mystikus.com\/wp-content\/uploads\/2025\/06\/logo-instgaram-shop.jpg","width":227,"height":227,"caption":"Mystikus"},"image":{"@id":"https:\/\/mystikus.com\/#\/schema\/logo\/image\/"}}]}},"_links":{"self":[{"href":"https:\/\/mystikus.com\/fr\/wp-json\/wp\/v2\/product\/25324","targetHints":{"allow":["GET"]}}],"collection":[{"href":"https:\/\/mystikus.com\/fr\/wp-json\/wp\/v2\/product"}],"about":[{"href":"https:\/\/mystikus.com\/fr\/wp-json\/wp\/v2\/types\/product"}],"replies":[{"embeddable":true,"href":"https:\/\/mystikus.com\/fr\/wp-json\/wp\/v2\/comments?post=25324"}],"wp:featuredmedia":[{"embeddable":true,"href":"https:\/\/mystikus.com\/fr\/wp-json\/wp\/v2\/media\/23718"}],"wp:attachment":[{"href":"https:\/\/mystikus.com\/fr\/wp-json\/wp\/v2\/media?parent=25324"}],"wp:term":[{"taxonomy":"product_brand","embeddable":true,"href":"https:\/\/mystikus.com\/fr\/wp-json\/wp\/v2\/product_brand?post=25324"},{"taxonomy":"product_cat","embeddable":true,"href":"https:\/\/mystikus.com\/fr\/wp-json\/wp\/v2\/product_cat?post=25324"},{"taxonomy":"product_tag","embeddable":true,"href":"https:\/\/mystikus.com\/fr\/wp-json\/wp\/v2\/product_tag?post=25324"}],"curies":[{"name":"wp","href":"https:\/\/api.w.org\/{rel}","templated":true}]}}