{"id":25359,"date":"2025-07-01T19:26:50","date_gmt":"2025-07-01T17:26:50","guid":{"rendered":"https:\/\/mystikus.com\/producto\/bracelet-zodiaque-taureau-avec-pierre-naturelle\/"},"modified":"2025-07-01T19:26:50","modified_gmt":"2025-07-01T17:26:50","slug":"bracelet-zodiaque-taureau-avec-pierre-naturelle","status":"publish","type":"product","link":"https:\/\/mystikus.com\/fr\/producto\/bracelet-zodiaque-taureau-avec-pierre-naturelle\/","title":{"rendered":"Bracelet Zodiaque Taureau avec Pierre Naturelle"},"content":{"rendered":"<h3 data-start=\"210\" data-end=\"265\"><strong data-start=\"217\" data-end=\"265\">Bracelet Zodiaque Taureau avec Pierres Naturelles<\/strong><\/h3>\n<p data-start=\"267\" data-end=\"625\">Force, stabilit\u00e9 et beaut\u00e9 : trois piliers du signe Taureau, repr\u00e9sent\u00e9s dans ce bracelet zodiacal unique. Con\u00e7ue sp\u00e9cialement pour les personnes n\u00e9es entre le <strong data-start=\"423\" data-end=\"454\">20 avril et le 20 mai<\/strong>, cette pi\u00e8ce combine <strong data-start=\"475\" data-end=\"511\">trois pierres naturelles puissantes<\/strong> qui s&rsquo;harmonisent avec l&rsquo;\u00e9nergie de ce signe de terre : <\/p>\n","protected":false},"excerpt":{"rendered":"<p>Ajustable<\/p>\n<p>&nbsp;<\/p>\n","protected":false},"featured_media":23702,"comment_status":"closed","ping_status":"closed","template":"","meta":[],"product_brand":[],"product_cat":[134,106],"product_tag":[],"class_list":{"0":"post-25359","1":"product","2":"type-product","3":"status-publish","4":"has-post-thumbnail","6":"product_cat-bracelets","7":"product_cat-mineraux-et-bijoux","9":"first","10":"instock","11":"shipping-taxable","12":"purchasable","13":"product-type-simple"},"yoast_head":"<!-- This site is optimized with the Yoast SEO plugin v27.2 - https:\/\/yoast.com\/product\/yoast-seo-wordpress\/ -->\n<title>Bracelet Zodiaque Taureau avec Pierre Naturelle - Mystikus<\/title>\n<meta name=\"robots\" content=\"index, follow, max-snippet:-1, max-image-preview:large, max-video-preview:-1\" \/>\n<link rel=\"canonical\" href=\"https:\/\/mystikus.com\/fr\/producto\/bracelet-zodiaque-taureau-avec-pierre-naturelle\/\" \/>\n<meta property=\"og:locale\" content=\"fr_FR\" \/>\n<meta property=\"og:type\" content=\"article\" \/>\n<meta property=\"og:title\" content=\"Bracelet Zodiaque Taureau avec Pierre Naturelle - Mystikus\" \/>\n<meta property=\"og:description\" content=\"Ajustable &nbsp;\" \/>\n<meta property=\"og:url\" content=\"https:\/\/mystikus.com\/fr\/producto\/bracelet-zodiaque-taureau-avec-pierre-naturelle\/\" \/>\n<meta property=\"og:site_name\" content=\"Mystikus\" \/>\n<meta property=\"og:image\" content=\"https:\/\/mystikus.com\/wp-content\/uploads\/2025\/07\/Pulsera-Zodiacal-Tauro.jpg\" \/>\n\t<meta property=\"og:image:width\" content=\"1587\" \/>\n\t<meta property=\"og:image:height\" content=\"1476\" \/>\n\t<meta property=\"og:image:type\" content=\"image\/jpeg\" \/>\n<meta name=\"twitter:card\" content=\"summary_large_image\" \/>\n<script type=\"application\/ld+json\" class=\"yoast-schema-graph\">{\"@context\":\"https:\/\/schema.org\",\"@graph\":[{\"@type\":\"WebPage\",\"@id\":\"https:\/\/mystikus.com\/fr\/producto\/bracelet-zodiaque-taureau-avec-pierre-naturelle\/\",\"url\":\"https:\/\/mystikus.com\/fr\/producto\/bracelet-zodiaque-taureau-avec-pierre-naturelle\/\",\"name\":\"Bracelet Zodiaque Taureau avec Pierre Naturelle - Mystikus\",\"isPartOf\":{\"@id\":\"https:\/\/mystikus.com\/#website\"},\"primaryImageOfPage\":{\"@id\":\"https:\/\/mystikus.com\/fr\/producto\/bracelet-zodiaque-taureau-avec-pierre-naturelle\/#primaryimage\"},\"image\":{\"@id\":\"https:\/\/mystikus.com\/fr\/producto\/bracelet-zodiaque-taureau-avec-pierre-naturelle\/#primaryimage\"},\"thumbnailUrl\":\"https:\/\/mystikus.com\/wp-content\/uploads\/2025\/07\/Pulsera-Zodiacal-Tauro.jpg\",\"datePublished\":\"2025-07-01T17:26:50+00:00\",\"breadcrumb\":{\"@id\":\"https:\/\/mystikus.com\/fr\/producto\/bracelet-zodiaque-taureau-avec-pierre-naturelle\/#breadcrumb\"},\"inLanguage\":\"fr-FR\",\"potentialAction\":[{\"@type\":\"ReadAction\",\"target\":[\"https:\/\/mystikus.com\/fr\/producto\/bracelet-zodiaque-taureau-avec-pierre-naturelle\/\"]}]},{\"@type\":\"ImageObject\",\"inLanguage\":\"fr-FR\",\"@id\":\"https:\/\/mystikus.com\/fr\/producto\/bracelet-zodiaque-taureau-avec-pierre-naturelle\/#primaryimage\",\"url\":\"https:\/\/mystikus.com\/wp-content\/uploads\/2025\/07\/Pulsera-Zodiacal-Tauro.jpg\",\"contentUrl\":\"https:\/\/mystikus.com\/wp-content\/uploads\/2025\/07\/Pulsera-Zodiacal-Tauro.jpg\",\"width\":1587,\"height\":1476},{\"@type\":\"BreadcrumbList\",\"@id\":\"https:\/\/mystikus.com\/fr\/producto\/bracelet-zodiaque-taureau-avec-pierre-naturelle\/#breadcrumb\",\"itemListElement\":[{\"@type\":\"ListItem\",\"position\":1,\"name\":\"Portada\",\"item\":\"https:\/\/mystikus.com\/fr\/accueil\/\"},{\"@type\":\"ListItem\",\"position\":2,\"name\":\"Boutique\",\"item\":\"https:\/\/mystikus.com\/fr\/boutique\/\"},{\"@type\":\"ListItem\",\"position\":3,\"name\":\"Bracelet Zodiaque Taureau avec Pierre Naturelle\"}]},{\"@type\":\"WebSite\",\"@id\":\"https:\/\/mystikus.com\/#website\",\"url\":\"https:\/\/mystikus.com\/\",\"name\":\"Mystikus\",\"description\":\"\",\"publisher\":{\"@id\":\"https:\/\/mystikus.com\/#organization\"},\"potentialAction\":[{\"@type\":\"SearchAction\",\"target\":{\"@type\":\"EntryPoint\",\"urlTemplate\":\"https:\/\/mystikus.com\/?s={search_term_string}\"},\"query-input\":{\"@type\":\"PropertyValueSpecification\",\"valueRequired\":true,\"valueName\":\"search_term_string\"}}],\"inLanguage\":\"fr-FR\"},{\"@type\":\"Organization\",\"@id\":\"https:\/\/mystikus.com\/#organization\",\"name\":\"Mystikus\",\"url\":\"https:\/\/mystikus.com\/\",\"logo\":{\"@type\":\"ImageObject\",\"inLanguage\":\"fr-FR\",\"@id\":\"https:\/\/mystikus.com\/#\/schema\/logo\/image\/\",\"url\":\"https:\/\/mystikus.com\/wp-content\/uploads\/2025\/06\/logo-instgaram-shop.jpg\",\"contentUrl\":\"https:\/\/mystikus.com\/wp-content\/uploads\/2025\/06\/logo-instgaram-shop.jpg\",\"width\":227,\"height\":227,\"caption\":\"Mystikus\"},\"image\":{\"@id\":\"https:\/\/mystikus.com\/#\/schema\/logo\/image\/\"}}]}<\/script>\n<!-- \/ Yoast SEO plugin. -->","yoast_head_json":{"title":"Bracelet Zodiaque Taureau avec Pierre Naturelle - Mystikus","robots":{"index":"index","follow":"follow","max-snippet":"max-snippet:-1","max-image-preview":"max-image-preview:large","max-video-preview":"max-video-preview:-1"},"canonical":"https:\/\/mystikus.com\/fr\/producto\/bracelet-zodiaque-taureau-avec-pierre-naturelle\/","og_locale":"fr_FR","og_type":"article","og_title":"Bracelet Zodiaque Taureau avec Pierre Naturelle - Mystikus","og_description":"Ajustable &nbsp;","og_url":"https:\/\/mystikus.com\/fr\/producto\/bracelet-zodiaque-taureau-avec-pierre-naturelle\/","og_site_name":"Mystikus","og_image":[{"width":1587,"height":1476,"url":"https:\/\/mystikus.com\/wp-content\/uploads\/2025\/07\/Pulsera-Zodiacal-Tauro.jpg","type":"image\/jpeg"}],"twitter_card":"summary_large_image","schema":{"@context":"https:\/\/schema.org","@graph":[{"@type":"WebPage","@id":"https:\/\/mystikus.com\/fr\/producto\/bracelet-zodiaque-taureau-avec-pierre-naturelle\/","url":"https:\/\/mystikus.com\/fr\/producto\/bracelet-zodiaque-taureau-avec-pierre-naturelle\/","name":"Bracelet Zodiaque Taureau avec Pierre Naturelle - Mystikus","isPartOf":{"@id":"https:\/\/mystikus.com\/#website"},"primaryImageOfPage":{"@id":"https:\/\/mystikus.com\/fr\/producto\/bracelet-zodiaque-taureau-avec-pierre-naturelle\/#primaryimage"},"image":{"@id":"https:\/\/mystikus.com\/fr\/producto\/bracelet-zodiaque-taureau-avec-pierre-naturelle\/#primaryimage"},"thumbnailUrl":"https:\/\/mystikus.com\/wp-content\/uploads\/2025\/07\/Pulsera-Zodiacal-Tauro.jpg","datePublished":"2025-07-01T17:26:50+00:00","breadcrumb":{"@id":"https:\/\/mystikus.com\/fr\/producto\/bracelet-zodiaque-taureau-avec-pierre-naturelle\/#breadcrumb"},"inLanguage":"fr-FR","potentialAction":[{"@type":"ReadAction","target":["https:\/\/mystikus.com\/fr\/producto\/bracelet-zodiaque-taureau-avec-pierre-naturelle\/"]}]},{"@type":"ImageObject","inLanguage":"fr-FR","@id":"https:\/\/mystikus.com\/fr\/producto\/bracelet-zodiaque-taureau-avec-pierre-naturelle\/#primaryimage","url":"https:\/\/mystikus.com\/wp-content\/uploads\/2025\/07\/Pulsera-Zodiacal-Tauro.jpg","contentUrl":"https:\/\/mystikus.com\/wp-content\/uploads\/2025\/07\/Pulsera-Zodiacal-Tauro.jpg","width":1587,"height":1476},{"@type":"BreadcrumbList","@id":"https:\/\/mystikus.com\/fr\/producto\/bracelet-zodiaque-taureau-avec-pierre-naturelle\/#breadcrumb","itemListElement":[{"@type":"ListItem","position":1,"name":"Portada","item":"https:\/\/mystikus.com\/fr\/accueil\/"},{"@type":"ListItem","position":2,"name":"Boutique","item":"https:\/\/mystikus.com\/fr\/boutique\/"},{"@type":"ListItem","position":3,"name":"Bracelet Zodiaque Taureau avec Pierre Naturelle"}]},{"@type":"WebSite","@id":"https:\/\/mystikus.com\/#website","url":"https:\/\/mystikus.com\/","name":"Mystikus","description":"","publisher":{"@id":"https:\/\/mystikus.com\/#organization"},"potentialAction":[{"@type":"SearchAction","target":{"@type":"EntryPoint","urlTemplate":"https:\/\/mystikus.com\/?s={search_term_string}"},"query-input":{"@type":"PropertyValueSpecification","valueRequired":true,"valueName":"search_term_string"}}],"inLanguage":"fr-FR"},{"@type":"Organization","@id":"https:\/\/mystikus.com\/#organization","name":"Mystikus","url":"https:\/\/mystikus.com\/","logo":{"@type":"ImageObject","inLanguage":"fr-FR","@id":"https:\/\/mystikus.com\/#\/schema\/logo\/image\/","url":"https:\/\/mystikus.com\/wp-content\/uploads\/2025\/06\/logo-instgaram-shop.jpg","contentUrl":"https:\/\/mystikus.com\/wp-content\/uploads\/2025\/06\/logo-instgaram-shop.jpg","width":227,"height":227,"caption":"Mystikus"},"image":{"@id":"https:\/\/mystikus.com\/#\/schema\/logo\/image\/"}}]}},"_links":{"self":[{"href":"https:\/\/mystikus.com\/fr\/wp-json\/wp\/v2\/product\/25359","targetHints":{"allow":["GET"]}}],"collection":[{"href":"https:\/\/mystikus.com\/fr\/wp-json\/wp\/v2\/product"}],"about":[{"href":"https:\/\/mystikus.com\/fr\/wp-json\/wp\/v2\/types\/product"}],"replies":[{"embeddable":true,"href":"https:\/\/mystikus.com\/fr\/wp-json\/wp\/v2\/comments?post=25359"}],"wp:featuredmedia":[{"embeddable":true,"href":"https:\/\/mystikus.com\/fr\/wp-json\/wp\/v2\/media\/23702"}],"wp:attachment":[{"href":"https:\/\/mystikus.com\/fr\/wp-json\/wp\/v2\/media?parent=25359"}],"wp:term":[{"taxonomy":"product_brand","embeddable":true,"href":"https:\/\/mystikus.com\/fr\/wp-json\/wp\/v2\/product_brand?post=25359"},{"taxonomy":"product_cat","embeddable":true,"href":"https:\/\/mystikus.com\/fr\/wp-json\/wp\/v2\/product_cat?post=25359"},{"taxonomy":"product_tag","embeddable":true,"href":"https:\/\/mystikus.com\/fr\/wp-json\/wp\/v2\/product_tag?post=25359"}],"curies":[{"name":"wp","href":"https:\/\/api.w.org\/{rel}","templated":true}]}}