{"id":25370,"date":"2025-07-01T19:22:09","date_gmt":"2025-07-01T17:22:09","guid":{"rendered":"https:\/\/mystikus.com\/producto\/carbure-de-silicium-brut\/"},"modified":"2025-07-01T19:22:09","modified_gmt":"2025-07-01T17:22:09","slug":"carbure-de-silicium-brut","status":"publish","type":"product","link":"https:\/\/mystikus.com\/fr\/producto\/carbure-de-silicium-brut\/","title":{"rendered":"Carbure de silicium brut"},"content":{"rendered":"<h3 data-start=\"200\" data-end=\"263\"><strong data-start=\"208\" data-end=\"263\">Description \u00e9sot\u00e9rique \u2013 Carbure de silicium brut<\/strong><\/h3>\n<p data-start=\"265\" data-end=\"331\"><strong data-start=\"265\" data-end=\"289\">Nom de l&rsquo;article :<\/strong> Carbure de silicium (Carborundum) brut<\/p>\n<p data-start=\"333\" data-end=\"359\"><strong data-start=\"333\" data-end=\"359\">Description \u00e9sot\u00e9rique :<\/strong><\/p>\n<p data-start=\"361\" data-end=\"790\">Le <strong data-start=\"364\" data-end=\"386\">carbure de silicium<\/strong>, \u00e9galement connu sous le nom de <strong data-start=\"410\" data-end=\"425\">carborundum<\/strong>, est un cristal synth\u00e9tique avec un \u00e9clat m\u00e9tallique et iris\u00e9 qui est associ\u00e9 \u00e0 la <strong data-start=\"507\" data-end=\"586\">protection psychique, au renforcement de l&rsquo;aura et \u00e0 l&rsquo;\u00e9l\u00e9vation vibratoire<\/strong>. Bien qu&rsquo;il soit cr\u00e9\u00e9 par l&rsquo;\u00eatre humain, sa structure cristalline et sa capacit\u00e9 \u00e0 refl\u00e9ter de multiples couleurs en font un canal d&rsquo;\u00e9nergie tr\u00e8s efficace pour nettoyer et stabiliser les champs \u00e9nerg\u00e9tiques. <\/p>\n<p data-start=\"792\" data-end=\"1019\">C&rsquo;est une pierre excellente pour ceux qui travaillent avec d&rsquo;autres personnes, comme les th\u00e9rapeutes, les gu\u00e9risseurs ou les lecteurs de tarot, car elle aide \u00e0 <strong data-start=\"921\" data-end=\"989\">prot\u00e9ger le champ \u00e9nerg\u00e9tique personnel des interf\u00e9rences externes<\/strong> et favorise la clart\u00e9 mentale.<\/p>\n<hr data-start=\"1021\" data-end=\"1024\">\n<h3 data-start=\"1026\" data-end=\"1066\">\ud83c\udf1f <strong data-start=\"1033\" data-end=\"1066\">Propri\u00e9t\u00e9s \u00e9sot\u00e9riques cl\u00e9s :<\/strong><\/h3>\n<ul data-start=\"1068\" data-end=\"1332\">\n<li data-start=\"1068\" data-end=\"1110\">\n<p data-start=\"1070\" data-end=\"1110\"><strong data-start=\"1070\" data-end=\"1108\">Renforce et scelle le champ aurique.<\/strong><\/p>\n<\/li>\n<li data-start=\"1111\" data-end=\"1155\">\n<p data-start=\"1113\" data-end=\"1155\"><strong data-start=\"1113\" data-end=\"1153\">Absorbe et dissipe les \u00e9nergies n\u00e9gatives.<\/strong><\/p>\n<\/li>\n<li data-start=\"1156\" data-end=\"1207\">\n<p data-start=\"1158\" data-end=\"1207\"><strong data-start=\"1158\" data-end=\"1205\">Augmente la fr\u00e9quence vibratoire personnelle.<\/strong><\/p>\n<\/li>\n<li data-start=\"1208\" data-end=\"1266\">\n<p data-start=\"1210\" data-end=\"1266\"><strong data-start=\"1210\" data-end=\"1264\">Stimule la pens\u00e9e positive et la cr\u00e9ativit\u00e9.<\/strong><\/p>\n<\/li>\n<li data-start=\"1267\" data-end=\"1332\">\n<p data-start=\"1269\" data-end=\"1332\"><strong data-start=\"1269\" data-end=\"1332\">Favorise la connexion avec les guides spirituels et l&rsquo;intuition.<\/strong><\/p>\n<\/li>\n<\/ul>\n<hr data-start=\"1334\" data-end=\"1337\">\n<h3 data-start=\"1339\" data-end=\"1368\">\ud83e\uddd8 <strong data-start=\"1346\" data-end=\"1368\">Usages recommand\u00e9s :<\/strong><\/h3>\n<ol data-start=\"1370\" data-end=\"1687\">\n<li data-start=\"1370\" data-end=\"1438\">\n<p data-start=\"1373\" data-end=\"1438\"><strong data-start=\"1373\" data-end=\"1436\">Placer \u00e0 proximit\u00e9 lors de s\u00e9ances \u00e9nerg\u00e9tiques pour la protection.<\/strong><\/p>\n<\/li>\n<li data-start=\"1439\" data-end=\"1505\">\n<p data-start=\"1442\" data-end=\"1505\"><strong data-start=\"1442\" data-end=\"1503\">Avoir dans les espaces de m\u00e9ditation pour \u00e9lever la vibration.<\/strong><\/p>\n<\/li>\n<li data-start=\"1506\" data-end=\"1573\">\n<p data-start=\"1509\" data-end=\"1573\"><strong data-start=\"1509\" data-end=\"1571\">Utilisation comme bouclier \u00e9nerg\u00e9tique dans les environnements denses ou charg\u00e9s.<\/strong><\/p>\n<\/li>\n<li data-start=\"1574\" data-end=\"1625\">\n<p data-start=\"1577\" data-end=\"1625\"><strong data-start=\"1577\" data-end=\"1623\">Id\u00e9al pour les personnes sensibles ou empathiques.<\/strong><\/p>\n<\/li>\n<li data-start=\"1626\" data-end=\"1687\">\n<p data-start=\"1629\" data-end=\"1687\"><strong data-start=\"1629\" data-end=\"1687\">\u00c9l\u00e9ment d\u00e9coratif avec fonction \u00e9nerg\u00e9tique et esth\u00e9tique.<\/strong><\/p>\n<\/li>\n<\/ol>\n","protected":false},"excerpt":{"rendered":"<h3 data-start=\"200\" data-end=\"263\"><strong data-start=\"208\" data-end=\"263\">Carbure de silicium brut<\/strong><\/h3>\n<pre data-start=\"169\" data-end=\"228\"><span style=\"font-size: 1rem; white-space-collapse: preserve;\">Taille 12 cm<\/span>\n\nPoids : 180 grs<\/pre>\n","protected":false},"featured_media":23700,"comment_status":"open","ping_status":"closed","template":"","meta":[],"product_brand":[],"product_cat":[141,109],"product_tag":[],"class_list":{"0":"post-25370","1":"product","2":"type-product","3":"status-publish","4":"has-post-thumbnail","6":"product_cat-bruts","7":"product_cat-mineraux","9":"first","10":"instock","11":"shipping-taxable","12":"purchasable","13":"product-type-simple"},"yoast_head":"<!-- This site is optimized with the Yoast SEO plugin v27.2 - https:\/\/yoast.com\/product\/yoast-seo-wordpress\/ -->\n<title>Carbure de silicium brut - Mystikus<\/title>\n<meta name=\"robots\" content=\"index, follow, max-snippet:-1, max-image-preview:large, max-video-preview:-1\" \/>\n<link rel=\"canonical\" href=\"https:\/\/mystikus.com\/fr\/producto\/carbure-de-silicium-brut\/\" \/>\n<meta property=\"og:locale\" content=\"fr_FR\" \/>\n<meta property=\"og:type\" content=\"article\" \/>\n<meta property=\"og:title\" content=\"Carbure de silicium brut - Mystikus\" \/>\n<meta property=\"og:description\" content=\"Carbure de silicium brut Taille 12 cm Poids : 180 grs\" \/>\n<meta property=\"og:url\" content=\"https:\/\/mystikus.com\/fr\/producto\/carbure-de-silicium-brut\/\" \/>\n<meta property=\"og:site_name\" content=\"Mystikus\" \/>\n<meta property=\"og:image\" content=\"https:\/\/mystikus.com\/wp-content\/uploads\/2025\/07\/Carburo-de-Silicio-en-bruto.jpg\" \/>\n\t<meta property=\"og:image:width\" content=\"1587\" \/>\n\t<meta property=\"og:image:height\" content=\"1476\" \/>\n\t<meta property=\"og:image:type\" content=\"image\/jpeg\" \/>\n<meta name=\"twitter:card\" content=\"summary_large_image\" \/>\n<meta name=\"twitter:label1\" content=\"Dur\u00e9e de lecture estim\u00e9e\" \/>\n\t<meta name=\"twitter:data1\" content=\"1 minute\" \/>\n<script type=\"application\/ld+json\" class=\"yoast-schema-graph\">{\"@context\":\"https:\/\/schema.org\",\"@graph\":[{\"@type\":\"WebPage\",\"@id\":\"https:\/\/mystikus.com\/fr\/producto\/carbure-de-silicium-brut\/\",\"url\":\"https:\/\/mystikus.com\/fr\/producto\/carbure-de-silicium-brut\/\",\"name\":\"Carbure de silicium brut - Mystikus\",\"isPartOf\":{\"@id\":\"https:\/\/mystikus.com\/#website\"},\"primaryImageOfPage\":{\"@id\":\"https:\/\/mystikus.com\/fr\/producto\/carbure-de-silicium-brut\/#primaryimage\"},\"image\":{\"@id\":\"https:\/\/mystikus.com\/fr\/producto\/carbure-de-silicium-brut\/#primaryimage\"},\"thumbnailUrl\":\"https:\/\/mystikus.com\/wp-content\/uploads\/2025\/07\/Carburo-de-Silicio-en-bruto.jpg\",\"datePublished\":\"2025-07-01T17:22:09+00:00\",\"breadcrumb\":{\"@id\":\"https:\/\/mystikus.com\/fr\/producto\/carbure-de-silicium-brut\/#breadcrumb\"},\"inLanguage\":\"fr-FR\",\"potentialAction\":[{\"@type\":\"ReadAction\",\"target\":[\"https:\/\/mystikus.com\/fr\/producto\/carbure-de-silicium-brut\/\"]}]},{\"@type\":\"ImageObject\",\"inLanguage\":\"fr-FR\",\"@id\":\"https:\/\/mystikus.com\/fr\/producto\/carbure-de-silicium-brut\/#primaryimage\",\"url\":\"https:\/\/mystikus.com\/wp-content\/uploads\/2025\/07\/Carburo-de-Silicio-en-bruto.jpg\",\"contentUrl\":\"https:\/\/mystikus.com\/wp-content\/uploads\/2025\/07\/Carburo-de-Silicio-en-bruto.jpg\",\"width\":1587,\"height\":1476},{\"@type\":\"BreadcrumbList\",\"@id\":\"https:\/\/mystikus.com\/fr\/producto\/carbure-de-silicium-brut\/#breadcrumb\",\"itemListElement\":[{\"@type\":\"ListItem\",\"position\":1,\"name\":\"Portada\",\"item\":\"https:\/\/mystikus.com\/fr\/accueil\/\"},{\"@type\":\"ListItem\",\"position\":2,\"name\":\"Boutique\",\"item\":\"https:\/\/mystikus.com\/fr\/boutique\/\"},{\"@type\":\"ListItem\",\"position\":3,\"name\":\"Carbure de silicium brut\"}]},{\"@type\":\"WebSite\",\"@id\":\"https:\/\/mystikus.com\/#website\",\"url\":\"https:\/\/mystikus.com\/\",\"name\":\"Mystikus\",\"description\":\"\",\"publisher\":{\"@id\":\"https:\/\/mystikus.com\/#organization\"},\"potentialAction\":[{\"@type\":\"SearchAction\",\"target\":{\"@type\":\"EntryPoint\",\"urlTemplate\":\"https:\/\/mystikus.com\/?s={search_term_string}\"},\"query-input\":{\"@type\":\"PropertyValueSpecification\",\"valueRequired\":true,\"valueName\":\"search_term_string\"}}],\"inLanguage\":\"fr-FR\"},{\"@type\":\"Organization\",\"@id\":\"https:\/\/mystikus.com\/#organization\",\"name\":\"Mystikus\",\"url\":\"https:\/\/mystikus.com\/\",\"logo\":{\"@type\":\"ImageObject\",\"inLanguage\":\"fr-FR\",\"@id\":\"https:\/\/mystikus.com\/#\/schema\/logo\/image\/\",\"url\":\"https:\/\/mystikus.com\/wp-content\/uploads\/2025\/06\/logo-instgaram-shop.jpg\",\"contentUrl\":\"https:\/\/mystikus.com\/wp-content\/uploads\/2025\/06\/logo-instgaram-shop.jpg\",\"width\":227,\"height\":227,\"caption\":\"Mystikus\"},\"image\":{\"@id\":\"https:\/\/mystikus.com\/#\/schema\/logo\/image\/\"}}]}<\/script>\n<!-- \/ Yoast SEO plugin. -->","yoast_head_json":{"title":"Carbure de silicium brut - Mystikus","robots":{"index":"index","follow":"follow","max-snippet":"max-snippet:-1","max-image-preview":"max-image-preview:large","max-video-preview":"max-video-preview:-1"},"canonical":"https:\/\/mystikus.com\/fr\/producto\/carbure-de-silicium-brut\/","og_locale":"fr_FR","og_type":"article","og_title":"Carbure de silicium brut - Mystikus","og_description":"Carbure de silicium brut Taille 12 cm Poids : 180 grs","og_url":"https:\/\/mystikus.com\/fr\/producto\/carbure-de-silicium-brut\/","og_site_name":"Mystikus","og_image":[{"width":1587,"height":1476,"url":"https:\/\/mystikus.com\/wp-content\/uploads\/2025\/07\/Carburo-de-Silicio-en-bruto.jpg","type":"image\/jpeg"}],"twitter_card":"summary_large_image","twitter_misc":{"Dur\u00e9e de lecture estim\u00e9e":"1 minute"},"schema":{"@context":"https:\/\/schema.org","@graph":[{"@type":"WebPage","@id":"https:\/\/mystikus.com\/fr\/producto\/carbure-de-silicium-brut\/","url":"https:\/\/mystikus.com\/fr\/producto\/carbure-de-silicium-brut\/","name":"Carbure de silicium brut - Mystikus","isPartOf":{"@id":"https:\/\/mystikus.com\/#website"},"primaryImageOfPage":{"@id":"https:\/\/mystikus.com\/fr\/producto\/carbure-de-silicium-brut\/#primaryimage"},"image":{"@id":"https:\/\/mystikus.com\/fr\/producto\/carbure-de-silicium-brut\/#primaryimage"},"thumbnailUrl":"https:\/\/mystikus.com\/wp-content\/uploads\/2025\/07\/Carburo-de-Silicio-en-bruto.jpg","datePublished":"2025-07-01T17:22:09+00:00","breadcrumb":{"@id":"https:\/\/mystikus.com\/fr\/producto\/carbure-de-silicium-brut\/#breadcrumb"},"inLanguage":"fr-FR","potentialAction":[{"@type":"ReadAction","target":["https:\/\/mystikus.com\/fr\/producto\/carbure-de-silicium-brut\/"]}]},{"@type":"ImageObject","inLanguage":"fr-FR","@id":"https:\/\/mystikus.com\/fr\/producto\/carbure-de-silicium-brut\/#primaryimage","url":"https:\/\/mystikus.com\/wp-content\/uploads\/2025\/07\/Carburo-de-Silicio-en-bruto.jpg","contentUrl":"https:\/\/mystikus.com\/wp-content\/uploads\/2025\/07\/Carburo-de-Silicio-en-bruto.jpg","width":1587,"height":1476},{"@type":"BreadcrumbList","@id":"https:\/\/mystikus.com\/fr\/producto\/carbure-de-silicium-brut\/#breadcrumb","itemListElement":[{"@type":"ListItem","position":1,"name":"Portada","item":"https:\/\/mystikus.com\/fr\/accueil\/"},{"@type":"ListItem","position":2,"name":"Boutique","item":"https:\/\/mystikus.com\/fr\/boutique\/"},{"@type":"ListItem","position":3,"name":"Carbure de silicium brut"}]},{"@type":"WebSite","@id":"https:\/\/mystikus.com\/#website","url":"https:\/\/mystikus.com\/","name":"Mystikus","description":"","publisher":{"@id":"https:\/\/mystikus.com\/#organization"},"potentialAction":[{"@type":"SearchAction","target":{"@type":"EntryPoint","urlTemplate":"https:\/\/mystikus.com\/?s={search_term_string}"},"query-input":{"@type":"PropertyValueSpecification","valueRequired":true,"valueName":"search_term_string"}}],"inLanguage":"fr-FR"},{"@type":"Organization","@id":"https:\/\/mystikus.com\/#organization","name":"Mystikus","url":"https:\/\/mystikus.com\/","logo":{"@type":"ImageObject","inLanguage":"fr-FR","@id":"https:\/\/mystikus.com\/#\/schema\/logo\/image\/","url":"https:\/\/mystikus.com\/wp-content\/uploads\/2025\/06\/logo-instgaram-shop.jpg","contentUrl":"https:\/\/mystikus.com\/wp-content\/uploads\/2025\/06\/logo-instgaram-shop.jpg","width":227,"height":227,"caption":"Mystikus"},"image":{"@id":"https:\/\/mystikus.com\/#\/schema\/logo\/image\/"}}]}},"_links":{"self":[{"href":"https:\/\/mystikus.com\/fr\/wp-json\/wp\/v2\/product\/25370","targetHints":{"allow":["GET"]}}],"collection":[{"href":"https:\/\/mystikus.com\/fr\/wp-json\/wp\/v2\/product"}],"about":[{"href":"https:\/\/mystikus.com\/fr\/wp-json\/wp\/v2\/types\/product"}],"replies":[{"embeddable":true,"href":"https:\/\/mystikus.com\/fr\/wp-json\/wp\/v2\/comments?post=25370"}],"wp:featuredmedia":[{"embeddable":true,"href":"https:\/\/mystikus.com\/fr\/wp-json\/wp\/v2\/media\/23700"}],"wp:attachment":[{"href":"https:\/\/mystikus.com\/fr\/wp-json\/wp\/v2\/media?parent=25370"}],"wp:term":[{"taxonomy":"product_brand","embeddable":true,"href":"https:\/\/mystikus.com\/fr\/wp-json\/wp\/v2\/product_brand?post=25370"},{"taxonomy":"product_cat","embeddable":true,"href":"https:\/\/mystikus.com\/fr\/wp-json\/wp\/v2\/product_cat?post=25370"},{"taxonomy":"product_tag","embeddable":true,"href":"https:\/\/mystikus.com\/fr\/wp-json\/wp\/v2\/product_tag?post=25370"}],"curies":[{"name":"wp","href":"https:\/\/api.w.org\/{rel}","templated":true}]}}