{"id":25547,"date":"2025-07-09T14:40:53","date_gmt":"2025-07-09T12:40:53","guid":{"rendered":"https:\/\/mystikus.com\/producto\/nettoyant-pour-sols-saint-benoit\/"},"modified":"2025-07-09T14:40:53","modified_gmt":"2025-07-09T12:40:53","slug":"nettoyant-pour-sols-saint-benoit","status":"publish","type":"product","link":"https:\/\/mystikus.com\/fr\/producto\/nettoyant-pour-sols-saint-benoit\/","title":{"rendered":"Nettoyant pour sols Saint-Beno\u00eet"},"content":{"rendered":"<p><strong data-start=\"138\" data-end=\"163\">Nettoyant \u00e9sot\u00e9rique pour sols<\/strong> sp\u00e9cialement formul\u00e9 pour nettoyer, purifier et harmoniser les espaces physiques et \u00e9nerg\u00e9tiques. Id\u00e9al pour \u00e9liminer les mauvaises vibrations, attirer les \u00e9nergies positives et pr\u00e9parer l&rsquo;environnement pour les rituels ou les m\u00e9ditations. Un nettoyage profond qui va au-del\u00e0 du physique.  <\/p>\n<p>Contre le mal<\/p>\n","protected":false},"excerpt":{"rendered":"<p>Nettoyant \u00e9sot\u00e9rique pour sols sp\u00e9cialement formul\u00e9 pour nettoyer, purifier et harmoniser les espaces physiques et \u00e9nerg\u00e9tiques. Id\u00e9al pour \u00e9liminer les mauvaises vibrations, attirer les \u00e9nergies positives et pr\u00e9parer l&rsquo;environnement pour les rituels ou les m\u00e9ditations. Un nettoyage profond qui va au-del\u00e0 du physique. Contre le mal<\/p>\n","protected":false},"featured_media":23788,"comment_status":"open","ping_status":"closed","template":"","meta":[],"product_brand":[],"product_cat":[139,145,217,230],"product_tag":[],"class_list":{"0":"post-25547","1":"product","2":"type-product","3":"status-publish","4":"has-post-thumbnail","6":"product_cat-esoteriques","7":"product_cat-mystikus-collection","8":"product_cat-nettoyant-pour-sols","11":"first","12":"instock","13":"shipping-taxable","14":"purchasable","15":"product-type-simple"},"yoast_head":"<!-- This site is optimized with the Yoast SEO plugin v27.2 - https:\/\/yoast.com\/product\/yoast-seo-wordpress\/ -->\n<title>Nettoyant pour sols Saint-Beno\u00eet - Mystikus<\/title>\n<meta name=\"robots\" content=\"index, follow, max-snippet:-1, max-image-preview:large, max-video-preview:-1\" \/>\n<link rel=\"canonical\" href=\"https:\/\/mystikus.com\/fr\/producto\/nettoyant-pour-sols-saint-benoit\/\" \/>\n<meta property=\"og:locale\" content=\"fr_FR\" \/>\n<meta property=\"og:type\" content=\"article\" \/>\n<meta property=\"og:title\" content=\"Nettoyant pour sols Saint-Beno\u00eet - Mystikus\" \/>\n<meta property=\"og:description\" content=\"Nettoyant \u00e9sot\u00e9rique pour sols sp\u00e9cialement formul\u00e9 pour nettoyer, purifier et harmoniser les espaces physiques et \u00e9nerg\u00e9tiques. Id\u00e9al pour \u00e9liminer les mauvaises vibrations, attirer les \u00e9nergies positives et pr\u00e9parer l&rsquo;environnement pour les rituels ou les m\u00e9ditations. Un nettoyage profond qui va au-del\u00e0 du physique. Contre le mal\" \/>\n<meta property=\"og:url\" content=\"https:\/\/mystikus.com\/fr\/producto\/nettoyant-pour-sols-saint-benoit\/\" \/>\n<meta property=\"og:site_name\" content=\"Mystikus\" \/>\n<meta property=\"og:image\" content=\"https:\/\/mystikus.com\/wp-content\/uploads\/2025\/07\/fregasuelo-San-Benito.jpg\" \/>\n\t<meta property=\"og:image:width\" content=\"1587\" \/>\n\t<meta property=\"og:image:height\" content=\"1476\" \/>\n\t<meta property=\"og:image:type\" content=\"image\/jpeg\" \/>\n<meta name=\"twitter:card\" content=\"summary_large_image\" \/>\n<script type=\"application\/ld+json\" class=\"yoast-schema-graph\">{\"@context\":\"https:\/\/schema.org\",\"@graph\":[{\"@type\":\"WebPage\",\"@id\":\"https:\/\/mystikus.com\/fr\/producto\/nettoyant-pour-sols-saint-benoit\/\",\"url\":\"https:\/\/mystikus.com\/fr\/producto\/nettoyant-pour-sols-saint-benoit\/\",\"name\":\"Nettoyant pour sols Saint-Beno\u00eet - Mystikus\",\"isPartOf\":{\"@id\":\"https:\/\/mystikus.com\/#website\"},\"primaryImageOfPage\":{\"@id\":\"https:\/\/mystikus.com\/fr\/producto\/nettoyant-pour-sols-saint-benoit\/#primaryimage\"},\"image\":{\"@id\":\"https:\/\/mystikus.com\/fr\/producto\/nettoyant-pour-sols-saint-benoit\/#primaryimage\"},\"thumbnailUrl\":\"https:\/\/mystikus.com\/wp-content\/uploads\/2025\/07\/fregasuelo-San-Benito.jpg\",\"datePublished\":\"2025-07-09T12:40:53+00:00\",\"breadcrumb\":{\"@id\":\"https:\/\/mystikus.com\/fr\/producto\/nettoyant-pour-sols-saint-benoit\/#breadcrumb\"},\"inLanguage\":\"fr-FR\",\"potentialAction\":[{\"@type\":\"ReadAction\",\"target\":[\"https:\/\/mystikus.com\/fr\/producto\/nettoyant-pour-sols-saint-benoit\/\"]}]},{\"@type\":\"ImageObject\",\"inLanguage\":\"fr-FR\",\"@id\":\"https:\/\/mystikus.com\/fr\/producto\/nettoyant-pour-sols-saint-benoit\/#primaryimage\",\"url\":\"https:\/\/mystikus.com\/wp-content\/uploads\/2025\/07\/fregasuelo-San-Benito.jpg\",\"contentUrl\":\"https:\/\/mystikus.com\/wp-content\/uploads\/2025\/07\/fregasuelo-San-Benito.jpg\",\"width\":1587,\"height\":1476},{\"@type\":\"BreadcrumbList\",\"@id\":\"https:\/\/mystikus.com\/fr\/producto\/nettoyant-pour-sols-saint-benoit\/#breadcrumb\",\"itemListElement\":[{\"@type\":\"ListItem\",\"position\":1,\"name\":\"Portada\",\"item\":\"https:\/\/mystikus.com\/fr\/accueil\/\"},{\"@type\":\"ListItem\",\"position\":2,\"name\":\"Boutique\",\"item\":\"https:\/\/mystikus.com\/fr\/boutique\/\"},{\"@type\":\"ListItem\",\"position\":3,\"name\":\"Nettoyant pour sols Saint-Beno\u00eet\"}]},{\"@type\":\"WebSite\",\"@id\":\"https:\/\/mystikus.com\/#website\",\"url\":\"https:\/\/mystikus.com\/\",\"name\":\"Mystikus\",\"description\":\"\",\"publisher\":{\"@id\":\"https:\/\/mystikus.com\/#organization\"},\"potentialAction\":[{\"@type\":\"SearchAction\",\"target\":{\"@type\":\"EntryPoint\",\"urlTemplate\":\"https:\/\/mystikus.com\/?s={search_term_string}\"},\"query-input\":{\"@type\":\"PropertyValueSpecification\",\"valueRequired\":true,\"valueName\":\"search_term_string\"}}],\"inLanguage\":\"fr-FR\"},{\"@type\":\"Organization\",\"@id\":\"https:\/\/mystikus.com\/#organization\",\"name\":\"Mystikus\",\"url\":\"https:\/\/mystikus.com\/\",\"logo\":{\"@type\":\"ImageObject\",\"inLanguage\":\"fr-FR\",\"@id\":\"https:\/\/mystikus.com\/#\/schema\/logo\/image\/\",\"url\":\"https:\/\/mystikus.com\/wp-content\/uploads\/2025\/06\/logo-instgaram-shop.jpg\",\"contentUrl\":\"https:\/\/mystikus.com\/wp-content\/uploads\/2025\/06\/logo-instgaram-shop.jpg\",\"width\":227,\"height\":227,\"caption\":\"Mystikus\"},\"image\":{\"@id\":\"https:\/\/mystikus.com\/#\/schema\/logo\/image\/\"}}]}<\/script>\n<!-- \/ Yoast SEO plugin. -->","yoast_head_json":{"title":"Nettoyant pour sols Saint-Beno\u00eet - Mystikus","robots":{"index":"index","follow":"follow","max-snippet":"max-snippet:-1","max-image-preview":"max-image-preview:large","max-video-preview":"max-video-preview:-1"},"canonical":"https:\/\/mystikus.com\/fr\/producto\/nettoyant-pour-sols-saint-benoit\/","og_locale":"fr_FR","og_type":"article","og_title":"Nettoyant pour sols Saint-Beno\u00eet - Mystikus","og_description":"Nettoyant \u00e9sot\u00e9rique pour sols sp\u00e9cialement formul\u00e9 pour nettoyer, purifier et harmoniser les espaces physiques et \u00e9nerg\u00e9tiques. Id\u00e9al pour \u00e9liminer les mauvaises vibrations, attirer les \u00e9nergies positives et pr\u00e9parer l&rsquo;environnement pour les rituels ou les m\u00e9ditations. Un nettoyage profond qui va au-del\u00e0 du physique. Contre le mal","og_url":"https:\/\/mystikus.com\/fr\/producto\/nettoyant-pour-sols-saint-benoit\/","og_site_name":"Mystikus","og_image":[{"width":1587,"height":1476,"url":"https:\/\/mystikus.com\/wp-content\/uploads\/2025\/07\/fregasuelo-San-Benito.jpg","type":"image\/jpeg"}],"twitter_card":"summary_large_image","schema":{"@context":"https:\/\/schema.org","@graph":[{"@type":"WebPage","@id":"https:\/\/mystikus.com\/fr\/producto\/nettoyant-pour-sols-saint-benoit\/","url":"https:\/\/mystikus.com\/fr\/producto\/nettoyant-pour-sols-saint-benoit\/","name":"Nettoyant pour sols Saint-Beno\u00eet - Mystikus","isPartOf":{"@id":"https:\/\/mystikus.com\/#website"},"primaryImageOfPage":{"@id":"https:\/\/mystikus.com\/fr\/producto\/nettoyant-pour-sols-saint-benoit\/#primaryimage"},"image":{"@id":"https:\/\/mystikus.com\/fr\/producto\/nettoyant-pour-sols-saint-benoit\/#primaryimage"},"thumbnailUrl":"https:\/\/mystikus.com\/wp-content\/uploads\/2025\/07\/fregasuelo-San-Benito.jpg","datePublished":"2025-07-09T12:40:53+00:00","breadcrumb":{"@id":"https:\/\/mystikus.com\/fr\/producto\/nettoyant-pour-sols-saint-benoit\/#breadcrumb"},"inLanguage":"fr-FR","potentialAction":[{"@type":"ReadAction","target":["https:\/\/mystikus.com\/fr\/producto\/nettoyant-pour-sols-saint-benoit\/"]}]},{"@type":"ImageObject","inLanguage":"fr-FR","@id":"https:\/\/mystikus.com\/fr\/producto\/nettoyant-pour-sols-saint-benoit\/#primaryimage","url":"https:\/\/mystikus.com\/wp-content\/uploads\/2025\/07\/fregasuelo-San-Benito.jpg","contentUrl":"https:\/\/mystikus.com\/wp-content\/uploads\/2025\/07\/fregasuelo-San-Benito.jpg","width":1587,"height":1476},{"@type":"BreadcrumbList","@id":"https:\/\/mystikus.com\/fr\/producto\/nettoyant-pour-sols-saint-benoit\/#breadcrumb","itemListElement":[{"@type":"ListItem","position":1,"name":"Portada","item":"https:\/\/mystikus.com\/fr\/accueil\/"},{"@type":"ListItem","position":2,"name":"Boutique","item":"https:\/\/mystikus.com\/fr\/boutique\/"},{"@type":"ListItem","position":3,"name":"Nettoyant pour sols Saint-Beno\u00eet"}]},{"@type":"WebSite","@id":"https:\/\/mystikus.com\/#website","url":"https:\/\/mystikus.com\/","name":"Mystikus","description":"","publisher":{"@id":"https:\/\/mystikus.com\/#organization"},"potentialAction":[{"@type":"SearchAction","target":{"@type":"EntryPoint","urlTemplate":"https:\/\/mystikus.com\/?s={search_term_string}"},"query-input":{"@type":"PropertyValueSpecification","valueRequired":true,"valueName":"search_term_string"}}],"inLanguage":"fr-FR"},{"@type":"Organization","@id":"https:\/\/mystikus.com\/#organization","name":"Mystikus","url":"https:\/\/mystikus.com\/","logo":{"@type":"ImageObject","inLanguage":"fr-FR","@id":"https:\/\/mystikus.com\/#\/schema\/logo\/image\/","url":"https:\/\/mystikus.com\/wp-content\/uploads\/2025\/06\/logo-instgaram-shop.jpg","contentUrl":"https:\/\/mystikus.com\/wp-content\/uploads\/2025\/06\/logo-instgaram-shop.jpg","width":227,"height":227,"caption":"Mystikus"},"image":{"@id":"https:\/\/mystikus.com\/#\/schema\/logo\/image\/"}}]}},"_links":{"self":[{"href":"https:\/\/mystikus.com\/fr\/wp-json\/wp\/v2\/product\/25547","targetHints":{"allow":["GET"]}}],"collection":[{"href":"https:\/\/mystikus.com\/fr\/wp-json\/wp\/v2\/product"}],"about":[{"href":"https:\/\/mystikus.com\/fr\/wp-json\/wp\/v2\/types\/product"}],"replies":[{"embeddable":true,"href":"https:\/\/mystikus.com\/fr\/wp-json\/wp\/v2\/comments?post=25547"}],"wp:featuredmedia":[{"embeddable":true,"href":"https:\/\/mystikus.com\/fr\/wp-json\/wp\/v2\/media\/23788"}],"wp:attachment":[{"href":"https:\/\/mystikus.com\/fr\/wp-json\/wp\/v2\/media?parent=25547"}],"wp:term":[{"taxonomy":"product_brand","embeddable":true,"href":"https:\/\/mystikus.com\/fr\/wp-json\/wp\/v2\/product_brand?post=25547"},{"taxonomy":"product_cat","embeddable":true,"href":"https:\/\/mystikus.com\/fr\/wp-json\/wp\/v2\/product_cat?post=25547"},{"taxonomy":"product_tag","embeddable":true,"href":"https:\/\/mystikus.com\/fr\/wp-json\/wp\/v2\/product_tag?post=25547"}],"curies":[{"name":"wp","href":"https:\/\/api.w.org\/{rel}","templated":true}]}}