{"id":25603,"date":"2025-06-30T18:04:18","date_gmt":"2025-06-30T16:04:18","guid":{"rendered":"https:\/\/mystikus.com\/producto\/pointe-dapatite-bleue\/"},"modified":"2025-06-30T18:04:18","modified_gmt":"2025-06-30T16:04:18","slug":"pointe-dapatite-bleue","status":"publish","type":"product","link":"https:\/\/mystikus.com\/fr\/producto\/pointe-dapatite-bleue\/","title":{"rendered":"Pointe d&rsquo;Apatite Bleue"},"content":{"rendered":"<h3 data-start=\"169\" data-end=\"228\"><strong data-start=\"176\" data-end=\"228\">D<\/strong><strong data-start=\"131\" data-end=\"180\">escription \u00e9sot\u00e9rique \u2013 Pointe d&rsquo;Apatite Bleue<\/strong><\/h3>\n<p data-start=\"182\" data-end=\"228\"><strong data-start=\"182\" data-end=\"206\">Nom de l&rsquo;article :<\/strong> Pointe d&rsquo;Apatite Bleue<\/p>\n<p data-start=\"230\" data-end=\"256\"><strong data-start=\"230\" data-end=\"256\">Description \u00e9sot\u00e9rique :<\/strong><\/p>\n<p data-start=\"258\" data-end=\"626\">L&rsquo;<strong data-start=\"261\" data-end=\"277\">Apatite Bleue<\/strong> est une pierre d&rsquo;<strong data-start=\"295\" data-end=\"358\">inspiration, de communication consciente et d&rsquo;expansion spirituelle<\/strong>. Sa vibration \u00e9l\u00e8ve l&rsquo;esprit et l&rsquo;\u00e2me, connectant avec des plans sup\u00e9rieurs de sagesse, tout en stimulant l&rsquo;expression claire des pens\u00e9es et des \u00e9motions. Elle est particuli\u00e8rement puissante pour ceux qui souhaitent parler depuis le c\u0153ur et manifester leur v\u00e9rit\u00e9 avec authenticit\u00e9.  <\/p>\n<p data-start=\"628\" data-end=\"834\">Sous forme de pointe, l&rsquo;Apatite Bleue canalise son \u00e9nergie vers l&rsquo;\u00e9veil int\u00e9rieur, aidant \u00e0 surmonter les blocages mentaux, \u00e0 \u00e9lever la conscience et \u00e0 ouvrir la voie \u00e0 l&rsquo;expression de soi cr\u00e9ative et spirituelle.<\/p>\n<hr data-start=\"836\" data-end=\"839\">\n<h3 data-start=\"841\" data-end=\"880\"><strong data-start=\"847\" data-end=\"880\">Propri\u00e9t\u00e9s \u00e9sot\u00e9riques cl\u00e9s :<\/strong><\/h3>\n<ul data-start=\"882\" data-end=\"1212\">\n<li data-start=\"882\" data-end=\"932\">\n<p data-start=\"884\" data-end=\"932\"><strong data-start=\"884\" data-end=\"930\">Active le chakra de la gorge et le troisi\u00e8me \u0153il.<\/strong><\/p>\n<\/li>\n<li data-start=\"933\" data-end=\"1004\">\n<p data-start=\"935\" data-end=\"1004\"><strong data-start=\"935\" data-end=\"1002\">Stimule la clart\u00e9 mentale, la vision int\u00e9rieure et l&rsquo;intuition.<\/strong><\/p>\n<\/li>\n<li data-start=\"1005\" data-end=\"1083\">\n<p data-start=\"1007\" data-end=\"1083\"><strong data-start=\"1007\" data-end=\"1081\">Favorise l&rsquo;expression de soi, la cr\u00e9ativit\u00e9 et la communication authentique.<\/strong><\/p>\n<\/li>\n<li data-start=\"1084\" data-end=\"1137\">\n<p data-start=\"1086\" data-end=\"1137\"><strong data-start=\"1086\" data-end=\"1135\">Aide \u00e0 lib\u00e9rer les sch\u00e9mas mentaux limitants.<\/strong><\/p>\n<\/li>\n<li data-start=\"1138\" data-end=\"1212\">\n<p data-start=\"1140\" data-end=\"1212\"><strong data-start=\"1140\" data-end=\"1212\">Puissante alli\u00e9e pour les m\u00e9ditations, la canalisation et le travail spirituel.<\/strong><\/p>\n<\/li>\n<\/ul>\n<hr data-start=\"1214\" data-end=\"1217\">\n<h3 data-start=\"1219\" data-end=\"1248\"><strong data-start=\"1226\" data-end=\"1248\">Usages recommand\u00e9s :<\/strong><\/h3>\n<ol data-start=\"1250\" data-end=\"1605\">\n<li data-start=\"1250\" data-end=\"1311\">\n<p data-start=\"1253\" data-end=\"1311\"><strong data-start=\"1253\" data-end=\"1309\">M\u00e9ditations pour \u00e9tendre la conscience spirituelle.<\/strong><\/p>\n<\/li>\n<li data-start=\"1312\" data-end=\"1375\">\n<p data-start=\"1315\" data-end=\"1375\"><strong data-start=\"1315\" data-end=\"1373\">Rituels de d\u00e9blocage cr\u00e9atif ou d&rsquo;expression \u00e9motionnelle.<\/strong><\/p>\n<\/li>\n<li data-start=\"1376\" data-end=\"1446\">\n<p data-start=\"1379\" data-end=\"1446\"><strong data-start=\"1379\" data-end=\"1444\">Placer pr\u00e8s de la zone de travail pour l&rsquo;inspiration et la concentration.<\/strong><\/p>\n<\/li>\n<li data-start=\"1447\" data-end=\"1526\">\n<p data-start=\"1450\" data-end=\"1526\"><strong data-start=\"1450\" data-end=\"1524\">Utilisation dans les th\u00e9rapies \u00e9nerg\u00e9tiques pour lib\u00e9rer les blocages du chakra de la gorge.<\/strong><\/p>\n<\/li>\n<li data-start=\"1527\" data-end=\"1605\">\n<p data-start=\"1530\" data-end=\"1605\"><strong data-start=\"1530\" data-end=\"1605\">Accompagnement dans les processus de d\u00e9couverte de soi et d&rsquo;\u00e9criture intuitive.<\/strong><\/p>\n<\/li>\n<\/ol>\n","protected":false},"excerpt":{"rendered":"<h3 data-start=\"169\" data-end=\"228\"><strong data-start=\"131\" data-end=\"180\">Pointe d&rsquo;Apatite Bleue<\/strong><\/h3>\n<pre data-start=\"75\" data-end=\"133\"><span style=\"font-size: 1rem; white-space-collapse: preserve;\">Taille 6,5 cm<\/span><\/pre>\n","protected":false},"featured_media":23688,"comment_status":"open","ping_status":"closed","template":"","meta":[],"product_brand":[],"product_cat":[109,232],"product_tag":[],"class_list":{"0":"post-25603","1":"product","2":"type-product","3":"status-publish","4":"has-post-thumbnail","6":"product_cat-mineraux","7":"product_cat-pointes","9":"first","10":"instock","11":"shipping-taxable","12":"purchasable","13":"product-type-simple"},"yoast_head":"<!-- This site is optimized with the Yoast SEO plugin v27.2 - https:\/\/yoast.com\/product\/yoast-seo-wordpress\/ -->\n<title>Pointe d&#039;Apatite Bleue - Mystikus<\/title>\n<meta name=\"robots\" content=\"index, follow, max-snippet:-1, max-image-preview:large, max-video-preview:-1\" \/>\n<link rel=\"canonical\" href=\"https:\/\/mystikus.com\/fr\/producto\/pointe-dapatite-bleue\/\" \/>\n<meta property=\"og:locale\" content=\"fr_FR\" \/>\n<meta property=\"og:type\" content=\"article\" \/>\n<meta property=\"og:title\" content=\"Pointe d&#039;Apatite Bleue - Mystikus\" \/>\n<meta property=\"og:description\" content=\"Pointe d&#039;Apatite Bleue Taille 6,5 cm\" \/>\n<meta property=\"og:url\" content=\"https:\/\/mystikus.com\/fr\/producto\/pointe-dapatite-bleue\/\" \/>\n<meta property=\"og:site_name\" content=\"Mystikus\" \/>\n<meta property=\"og:image\" content=\"https:\/\/mystikus.com\/wp-content\/uploads\/2025\/06\/Punta-de-Apatita-Azul.jpg\" \/>\n\t<meta property=\"og:image:width\" content=\"1587\" \/>\n\t<meta property=\"og:image:height\" content=\"1476\" \/>\n\t<meta property=\"og:image:type\" content=\"image\/jpeg\" \/>\n<meta name=\"twitter:card\" content=\"summary_large_image\" \/>\n<meta name=\"twitter:label1\" content=\"Dur\u00e9e de lecture estim\u00e9e\" \/>\n\t<meta name=\"twitter:data1\" content=\"1 minute\" \/>\n<script type=\"application\/ld+json\" class=\"yoast-schema-graph\">{\"@context\":\"https:\/\/schema.org\",\"@graph\":[{\"@type\":\"WebPage\",\"@id\":\"https:\/\/mystikus.com\/fr\/producto\/pointe-dapatite-bleue\/\",\"url\":\"https:\/\/mystikus.com\/fr\/producto\/pointe-dapatite-bleue\/\",\"name\":\"Pointe d'Apatite Bleue - Mystikus\",\"isPartOf\":{\"@id\":\"https:\/\/mystikus.com\/#website\"},\"primaryImageOfPage\":{\"@id\":\"https:\/\/mystikus.com\/fr\/producto\/pointe-dapatite-bleue\/#primaryimage\"},\"image\":{\"@id\":\"https:\/\/mystikus.com\/fr\/producto\/pointe-dapatite-bleue\/#primaryimage\"},\"thumbnailUrl\":\"https:\/\/mystikus.com\/wp-content\/uploads\/2025\/06\/Punta-de-Apatita-Azul.jpg\",\"datePublished\":\"2025-06-30T16:04:18+00:00\",\"breadcrumb\":{\"@id\":\"https:\/\/mystikus.com\/fr\/producto\/pointe-dapatite-bleue\/#breadcrumb\"},\"inLanguage\":\"fr-FR\",\"potentialAction\":[{\"@type\":\"ReadAction\",\"target\":[\"https:\/\/mystikus.com\/fr\/producto\/pointe-dapatite-bleue\/\"]}]},{\"@type\":\"ImageObject\",\"inLanguage\":\"fr-FR\",\"@id\":\"https:\/\/mystikus.com\/fr\/producto\/pointe-dapatite-bleue\/#primaryimage\",\"url\":\"https:\/\/mystikus.com\/wp-content\/uploads\/2025\/06\/Punta-de-Apatita-Azul.jpg\",\"contentUrl\":\"https:\/\/mystikus.com\/wp-content\/uploads\/2025\/06\/Punta-de-Apatita-Azul.jpg\",\"width\":1587,\"height\":1476},{\"@type\":\"BreadcrumbList\",\"@id\":\"https:\/\/mystikus.com\/fr\/producto\/pointe-dapatite-bleue\/#breadcrumb\",\"itemListElement\":[{\"@type\":\"ListItem\",\"position\":1,\"name\":\"Portada\",\"item\":\"https:\/\/mystikus.com\/fr\/accueil\/\"},{\"@type\":\"ListItem\",\"position\":2,\"name\":\"Boutique\",\"item\":\"https:\/\/mystikus.com\/fr\/boutique\/\"},{\"@type\":\"ListItem\",\"position\":3,\"name\":\"Pointe d&#8217;Apatite Bleue\"}]},{\"@type\":\"WebSite\",\"@id\":\"https:\/\/mystikus.com\/#website\",\"url\":\"https:\/\/mystikus.com\/\",\"name\":\"Mystikus\",\"description\":\"\",\"publisher\":{\"@id\":\"https:\/\/mystikus.com\/#organization\"},\"potentialAction\":[{\"@type\":\"SearchAction\",\"target\":{\"@type\":\"EntryPoint\",\"urlTemplate\":\"https:\/\/mystikus.com\/?s={search_term_string}\"},\"query-input\":{\"@type\":\"PropertyValueSpecification\",\"valueRequired\":true,\"valueName\":\"search_term_string\"}}],\"inLanguage\":\"fr-FR\"},{\"@type\":\"Organization\",\"@id\":\"https:\/\/mystikus.com\/#organization\",\"name\":\"Mystikus\",\"url\":\"https:\/\/mystikus.com\/\",\"logo\":{\"@type\":\"ImageObject\",\"inLanguage\":\"fr-FR\",\"@id\":\"https:\/\/mystikus.com\/#\/schema\/logo\/image\/\",\"url\":\"https:\/\/mystikus.com\/wp-content\/uploads\/2025\/06\/logo-instgaram-shop.jpg\",\"contentUrl\":\"https:\/\/mystikus.com\/wp-content\/uploads\/2025\/06\/logo-instgaram-shop.jpg\",\"width\":227,\"height\":227,\"caption\":\"Mystikus\"},\"image\":{\"@id\":\"https:\/\/mystikus.com\/#\/schema\/logo\/image\/\"}}]}<\/script>\n<!-- \/ Yoast SEO plugin. -->","yoast_head_json":{"title":"Pointe d'Apatite Bleue - Mystikus","robots":{"index":"index","follow":"follow","max-snippet":"max-snippet:-1","max-image-preview":"max-image-preview:large","max-video-preview":"max-video-preview:-1"},"canonical":"https:\/\/mystikus.com\/fr\/producto\/pointe-dapatite-bleue\/","og_locale":"fr_FR","og_type":"article","og_title":"Pointe d'Apatite Bleue - Mystikus","og_description":"Pointe d'Apatite Bleue Taille 6,5 cm","og_url":"https:\/\/mystikus.com\/fr\/producto\/pointe-dapatite-bleue\/","og_site_name":"Mystikus","og_image":[{"width":1587,"height":1476,"url":"https:\/\/mystikus.com\/wp-content\/uploads\/2025\/06\/Punta-de-Apatita-Azul.jpg","type":"image\/jpeg"}],"twitter_card":"summary_large_image","twitter_misc":{"Dur\u00e9e de lecture estim\u00e9e":"1 minute"},"schema":{"@context":"https:\/\/schema.org","@graph":[{"@type":"WebPage","@id":"https:\/\/mystikus.com\/fr\/producto\/pointe-dapatite-bleue\/","url":"https:\/\/mystikus.com\/fr\/producto\/pointe-dapatite-bleue\/","name":"Pointe d'Apatite Bleue - Mystikus","isPartOf":{"@id":"https:\/\/mystikus.com\/#website"},"primaryImageOfPage":{"@id":"https:\/\/mystikus.com\/fr\/producto\/pointe-dapatite-bleue\/#primaryimage"},"image":{"@id":"https:\/\/mystikus.com\/fr\/producto\/pointe-dapatite-bleue\/#primaryimage"},"thumbnailUrl":"https:\/\/mystikus.com\/wp-content\/uploads\/2025\/06\/Punta-de-Apatita-Azul.jpg","datePublished":"2025-06-30T16:04:18+00:00","breadcrumb":{"@id":"https:\/\/mystikus.com\/fr\/producto\/pointe-dapatite-bleue\/#breadcrumb"},"inLanguage":"fr-FR","potentialAction":[{"@type":"ReadAction","target":["https:\/\/mystikus.com\/fr\/producto\/pointe-dapatite-bleue\/"]}]},{"@type":"ImageObject","inLanguage":"fr-FR","@id":"https:\/\/mystikus.com\/fr\/producto\/pointe-dapatite-bleue\/#primaryimage","url":"https:\/\/mystikus.com\/wp-content\/uploads\/2025\/06\/Punta-de-Apatita-Azul.jpg","contentUrl":"https:\/\/mystikus.com\/wp-content\/uploads\/2025\/06\/Punta-de-Apatita-Azul.jpg","width":1587,"height":1476},{"@type":"BreadcrumbList","@id":"https:\/\/mystikus.com\/fr\/producto\/pointe-dapatite-bleue\/#breadcrumb","itemListElement":[{"@type":"ListItem","position":1,"name":"Portada","item":"https:\/\/mystikus.com\/fr\/accueil\/"},{"@type":"ListItem","position":2,"name":"Boutique","item":"https:\/\/mystikus.com\/fr\/boutique\/"},{"@type":"ListItem","position":3,"name":"Pointe d&#8217;Apatite Bleue"}]},{"@type":"WebSite","@id":"https:\/\/mystikus.com\/#website","url":"https:\/\/mystikus.com\/","name":"Mystikus","description":"","publisher":{"@id":"https:\/\/mystikus.com\/#organization"},"potentialAction":[{"@type":"SearchAction","target":{"@type":"EntryPoint","urlTemplate":"https:\/\/mystikus.com\/?s={search_term_string}"},"query-input":{"@type":"PropertyValueSpecification","valueRequired":true,"valueName":"search_term_string"}}],"inLanguage":"fr-FR"},{"@type":"Organization","@id":"https:\/\/mystikus.com\/#organization","name":"Mystikus","url":"https:\/\/mystikus.com\/","logo":{"@type":"ImageObject","inLanguage":"fr-FR","@id":"https:\/\/mystikus.com\/#\/schema\/logo\/image\/","url":"https:\/\/mystikus.com\/wp-content\/uploads\/2025\/06\/logo-instgaram-shop.jpg","contentUrl":"https:\/\/mystikus.com\/wp-content\/uploads\/2025\/06\/logo-instgaram-shop.jpg","width":227,"height":227,"caption":"Mystikus"},"image":{"@id":"https:\/\/mystikus.com\/#\/schema\/logo\/image\/"}}]}},"_links":{"self":[{"href":"https:\/\/mystikus.com\/fr\/wp-json\/wp\/v2\/product\/25603","targetHints":{"allow":["GET"]}}],"collection":[{"href":"https:\/\/mystikus.com\/fr\/wp-json\/wp\/v2\/product"}],"about":[{"href":"https:\/\/mystikus.com\/fr\/wp-json\/wp\/v2\/types\/product"}],"replies":[{"embeddable":true,"href":"https:\/\/mystikus.com\/fr\/wp-json\/wp\/v2\/comments?post=25603"}],"wp:featuredmedia":[{"embeddable":true,"href":"https:\/\/mystikus.com\/fr\/wp-json\/wp\/v2\/media\/23688"}],"wp:attachment":[{"href":"https:\/\/mystikus.com\/fr\/wp-json\/wp\/v2\/media?parent=25603"}],"wp:term":[{"taxonomy":"product_brand","embeddable":true,"href":"https:\/\/mystikus.com\/fr\/wp-json\/wp\/v2\/product_brand?post=25603"},{"taxonomy":"product_cat","embeddable":true,"href":"https:\/\/mystikus.com\/fr\/wp-json\/wp\/v2\/product_cat?post=25603"},{"taxonomy":"product_tag","embeddable":true,"href":"https:\/\/mystikus.com\/fr\/wp-json\/wp\/v2\/product_tag?post=25603"}],"curies":[{"name":"wp","href":"https:\/\/api.w.org\/{rel}","templated":true}]}}