{"id":25670,"date":"2025-06-27T17:24:52","date_gmt":"2025-06-27T15:24:52","guid":{"rendered":"https:\/\/mystikus.com\/producto\/pointe-oeil-de-tigre\/"},"modified":"2025-06-27T17:24:52","modified_gmt":"2025-06-27T15:24:52","slug":"pointe-oeil-de-tigre","status":"publish","type":"product","link":"https:\/\/mystikus.com\/fr\/producto\/pointe-oeil-de-tigre\/","title":{"rendered":"Pointe \u0152il de Tigre"},"content":{"rendered":"<h3 data-start=\"72\" data-end=\"128\"><strong data-start=\"79\" data-end=\"128\">Description \u00e9sot\u00e9rique \u2013 Pointe \u0152il de Tigre<\/strong><\/h3>\n<p data-start=\"130\" data-end=\"176\"><strong data-start=\"130\" data-end=\"154\">Nom de l&rsquo;article :<\/strong> Pointe \u0152il de Tigre<\/p>\n<p data-start=\"178\" data-end=\"204\"><strong data-start=\"178\" data-end=\"204\">Description \u00e9sot\u00e9rique :<\/strong><\/p>\n<p data-start=\"206\" data-end=\"532\">L&rsquo;<strong data-start=\"209\" data-end=\"225\">\u0152il de Tigre<\/strong> est une pierre de <strong data-start=\"243\" data-end=\"282\">protection, de force et de concentration mentale<\/strong>. Avec son \u00e9clat dor\u00e9 et ses reflets soyeux, elle est consid\u00e9r\u00e9e depuis l&rsquo;Antiquit\u00e9 comme un talisman de bonne chance, de pouvoir et de clart\u00e9. Elle canalise l&rsquo;\u00e9nergie du soleil et de la terre, offrant une stabilit\u00e9 \u00e9motionnelle et le courage d&rsquo;agir avec d\u00e9termination.  <\/p>\n<p data-start=\"534\" data-end=\"731\">Cette pointe dirige l&rsquo;\u00e9nergie protectrice et stimulante de l&rsquo;\u0152il de Tigre vers tes objectifs, aidant \u00e0 lib\u00e9rer la peur, \u00e0 augmenter la force de volont\u00e9 et \u00e0 rester concentr\u00e9 dans les moments difficiles.<\/p>\n<hr data-start=\"733\" data-end=\"736\">\n<h3 data-start=\"738\" data-end=\"778\">\ud83d\udd25 <strong data-start=\"745\" data-end=\"778\">Propri\u00e9t\u00e9s \u00e9sot\u00e9riques cl\u00e9s :<\/strong><\/h3>\n<ul data-start=\"780\" data-end=\"1033\">\n<li data-start=\"780\" data-end=\"821\">\n<p data-start=\"782\" data-end=\"821\"><strong data-start=\"782\" data-end=\"819\">Active le chakra du plexus solaire.<\/strong><\/p>\n<\/li>\n<li data-start=\"822\" data-end=\"877\">\n<p data-start=\"824\" data-end=\"877\"><strong data-start=\"824\" data-end=\"875\">Renforce l&rsquo;estime de soi et la confiance personnelle.<\/strong><\/p>\n<\/li>\n<li data-start=\"878\" data-end=\"933\">\n<p data-start=\"880\" data-end=\"933\"><strong data-start=\"880\" data-end=\"931\">Prot\u00e8ge contre les \u00e9nergies n\u00e9gatives et le mauvais \u0153il.<\/strong><\/p>\n<\/li>\n<li data-start=\"934\" data-end=\"992\">\n<p data-start=\"936\" data-end=\"992\"><strong data-start=\"936\" data-end=\"990\">Favorise la prise de d\u00e9cisions claires et courageuses.<\/strong><\/p>\n<\/li>\n<li data-start=\"993\" data-end=\"1033\">\n<p data-start=\"995\" data-end=\"1033\"><strong data-start=\"995\" data-end=\"1033\">Harmonise le corps, l&rsquo;esprit et l&rsquo;\u00e2me.<\/strong><\/p>\n<\/li>\n<\/ul>\n<hr data-start=\"1035\" data-end=\"1038\">\n<h3 data-start=\"1040\" data-end=\"1069\">\ud83d\udcaa <strong data-start=\"1047\" data-end=\"1069\">Usages recommand\u00e9s :<\/strong><\/h3>\n<ol data-start=\"1071\" data-end=\"1356\">\n<li data-start=\"1071\" data-end=\"1120\">\n<p data-start=\"1074\" data-end=\"1120\"><strong data-start=\"1074\" data-end=\"1118\">M\u00e9ditations d&rsquo;autonomisation personnelle.<\/strong><\/p>\n<\/li>\n<li data-start=\"1121\" data-end=\"1162\">\n<p data-start=\"1124\" data-end=\"1162\"><strong data-start=\"1124\" data-end=\"1160\">Rituels de protection et de courage.<\/strong><\/p>\n<\/li>\n<li data-start=\"1163\" data-end=\"1244\">\n<p data-start=\"1166\" data-end=\"1244\"><strong data-start=\"1166\" data-end=\"1242\">\u00c0 placer sur le bureau ou dans la zone de travail pour la concentration et la d\u00e9termination.<\/strong><\/p>\n<\/li>\n<li data-start=\"1245\" data-end=\"1307\">\n<p data-start=\"1248\" data-end=\"1307\"><strong data-start=\"1248\" data-end=\"1305\">\u00c0 emporter avec soi lors de d\u00e9cisions importantes.<\/strong><\/p>\n<\/li>\n<li data-start=\"1308\" data-end=\"1356\">\n<p data-start=\"1311\" data-end=\"1356\"><strong data-start=\"1311\" data-end=\"1356\">\u00c9l\u00e9ment protecteur dans les entr\u00e9es de la maison.<\/strong><\/p>\n<\/li>\n<\/ol>\n","protected":false},"excerpt":{"rendered":"<h3 data-start=\"72\" data-end=\"128\"><strong data-start=\"79\" data-end=\"128\">Pointe \u0152il de Tigre<\/strong><\/h3>\n<pre data-start=\"107\" data-end=\"168\">Taille 7,5 cm<\/pre>\n","protected":false},"featured_media":23676,"comment_status":"open","ping_status":"closed","template":"","meta":[],"product_brand":[],"product_cat":[109,232],"product_tag":[],"class_list":{"0":"post-25670","1":"product","2":"type-product","3":"status-publish","4":"has-post-thumbnail","6":"product_cat-mineraux","7":"product_cat-pointes","9":"first","10":"instock","11":"shipping-taxable","12":"purchasable","13":"product-type-simple"},"yoast_head":"<!-- This site is optimized with the Yoast SEO plugin v27.2 - https:\/\/yoast.com\/product\/yoast-seo-wordpress\/ -->\n<title>Pointe \u0152il de Tigre - Mystikus<\/title>\n<meta name=\"robots\" content=\"index, follow, max-snippet:-1, max-image-preview:large, max-video-preview:-1\" \/>\n<link rel=\"canonical\" href=\"https:\/\/mystikus.com\/fr\/producto\/pointe-oeil-de-tigre\/\" \/>\n<meta property=\"og:locale\" content=\"fr_FR\" \/>\n<meta property=\"og:type\" content=\"article\" \/>\n<meta property=\"og:title\" content=\"Pointe \u0152il de Tigre - Mystikus\" \/>\n<meta property=\"og:description\" content=\"Pointe \u0152il de Tigre Taille 7,5 cm\" \/>\n<meta property=\"og:url\" content=\"https:\/\/mystikus.com\/fr\/producto\/pointe-oeil-de-tigre\/\" \/>\n<meta property=\"og:site_name\" content=\"Mystikus\" \/>\n<meta property=\"og:image\" content=\"https:\/\/mystikus.com\/wp-content\/uploads\/2025\/06\/Punta-de-Ojo-Tigre.jpg\" \/>\n\t<meta property=\"og:image:width\" content=\"1587\" \/>\n\t<meta property=\"og:image:height\" content=\"1476\" \/>\n\t<meta property=\"og:image:type\" content=\"image\/jpeg\" \/>\n<meta name=\"twitter:card\" content=\"summary_large_image\" \/>\n<meta name=\"twitter:label1\" content=\"Dur\u00e9e de lecture estim\u00e9e\" \/>\n\t<meta name=\"twitter:data1\" content=\"1 minute\" \/>\n<script type=\"application\/ld+json\" class=\"yoast-schema-graph\">{\"@context\":\"https:\/\/schema.org\",\"@graph\":[{\"@type\":\"WebPage\",\"@id\":\"https:\/\/mystikus.com\/fr\/producto\/pointe-oeil-de-tigre\/\",\"url\":\"https:\/\/mystikus.com\/fr\/producto\/pointe-oeil-de-tigre\/\",\"name\":\"Pointe \u0152il de Tigre - Mystikus\",\"isPartOf\":{\"@id\":\"https:\/\/mystikus.com\/#website\"},\"primaryImageOfPage\":{\"@id\":\"https:\/\/mystikus.com\/fr\/producto\/pointe-oeil-de-tigre\/#primaryimage\"},\"image\":{\"@id\":\"https:\/\/mystikus.com\/fr\/producto\/pointe-oeil-de-tigre\/#primaryimage\"},\"thumbnailUrl\":\"https:\/\/mystikus.com\/wp-content\/uploads\/2025\/06\/Punta-de-Ojo-Tigre.jpg\",\"datePublished\":\"2025-06-27T15:24:52+00:00\",\"breadcrumb\":{\"@id\":\"https:\/\/mystikus.com\/fr\/producto\/pointe-oeil-de-tigre\/#breadcrumb\"},\"inLanguage\":\"fr-FR\",\"potentialAction\":[{\"@type\":\"ReadAction\",\"target\":[\"https:\/\/mystikus.com\/fr\/producto\/pointe-oeil-de-tigre\/\"]}]},{\"@type\":\"ImageObject\",\"inLanguage\":\"fr-FR\",\"@id\":\"https:\/\/mystikus.com\/fr\/producto\/pointe-oeil-de-tigre\/#primaryimage\",\"url\":\"https:\/\/mystikus.com\/wp-content\/uploads\/2025\/06\/Punta-de-Ojo-Tigre.jpg\",\"contentUrl\":\"https:\/\/mystikus.com\/wp-content\/uploads\/2025\/06\/Punta-de-Ojo-Tigre.jpg\",\"width\":1587,\"height\":1476},{\"@type\":\"BreadcrumbList\",\"@id\":\"https:\/\/mystikus.com\/fr\/producto\/pointe-oeil-de-tigre\/#breadcrumb\",\"itemListElement\":[{\"@type\":\"ListItem\",\"position\":1,\"name\":\"Portada\",\"item\":\"https:\/\/mystikus.com\/fr\/accueil\/\"},{\"@type\":\"ListItem\",\"position\":2,\"name\":\"Boutique\",\"item\":\"https:\/\/mystikus.com\/fr\/boutique\/\"},{\"@type\":\"ListItem\",\"position\":3,\"name\":\"Pointe \u0152il de Tigre\"}]},{\"@type\":\"WebSite\",\"@id\":\"https:\/\/mystikus.com\/#website\",\"url\":\"https:\/\/mystikus.com\/\",\"name\":\"Mystikus\",\"description\":\"\",\"publisher\":{\"@id\":\"https:\/\/mystikus.com\/#organization\"},\"potentialAction\":[{\"@type\":\"SearchAction\",\"target\":{\"@type\":\"EntryPoint\",\"urlTemplate\":\"https:\/\/mystikus.com\/?s={search_term_string}\"},\"query-input\":{\"@type\":\"PropertyValueSpecification\",\"valueRequired\":true,\"valueName\":\"search_term_string\"}}],\"inLanguage\":\"fr-FR\"},{\"@type\":\"Organization\",\"@id\":\"https:\/\/mystikus.com\/#organization\",\"name\":\"Mystikus\",\"url\":\"https:\/\/mystikus.com\/\",\"logo\":{\"@type\":\"ImageObject\",\"inLanguage\":\"fr-FR\",\"@id\":\"https:\/\/mystikus.com\/#\/schema\/logo\/image\/\",\"url\":\"https:\/\/mystikus.com\/wp-content\/uploads\/2025\/06\/logo-instgaram-shop.jpg\",\"contentUrl\":\"https:\/\/mystikus.com\/wp-content\/uploads\/2025\/06\/logo-instgaram-shop.jpg\",\"width\":227,\"height\":227,\"caption\":\"Mystikus\"},\"image\":{\"@id\":\"https:\/\/mystikus.com\/#\/schema\/logo\/image\/\"}}]}<\/script>\n<!-- \/ Yoast SEO plugin. -->","yoast_head_json":{"title":"Pointe \u0152il de Tigre - Mystikus","robots":{"index":"index","follow":"follow","max-snippet":"max-snippet:-1","max-image-preview":"max-image-preview:large","max-video-preview":"max-video-preview:-1"},"canonical":"https:\/\/mystikus.com\/fr\/producto\/pointe-oeil-de-tigre\/","og_locale":"fr_FR","og_type":"article","og_title":"Pointe \u0152il de Tigre - Mystikus","og_description":"Pointe \u0152il de Tigre Taille 7,5 cm","og_url":"https:\/\/mystikus.com\/fr\/producto\/pointe-oeil-de-tigre\/","og_site_name":"Mystikus","og_image":[{"width":1587,"height":1476,"url":"https:\/\/mystikus.com\/wp-content\/uploads\/2025\/06\/Punta-de-Ojo-Tigre.jpg","type":"image\/jpeg"}],"twitter_card":"summary_large_image","twitter_misc":{"Dur\u00e9e de lecture estim\u00e9e":"1 minute"},"schema":{"@context":"https:\/\/schema.org","@graph":[{"@type":"WebPage","@id":"https:\/\/mystikus.com\/fr\/producto\/pointe-oeil-de-tigre\/","url":"https:\/\/mystikus.com\/fr\/producto\/pointe-oeil-de-tigre\/","name":"Pointe \u0152il de Tigre - Mystikus","isPartOf":{"@id":"https:\/\/mystikus.com\/#website"},"primaryImageOfPage":{"@id":"https:\/\/mystikus.com\/fr\/producto\/pointe-oeil-de-tigre\/#primaryimage"},"image":{"@id":"https:\/\/mystikus.com\/fr\/producto\/pointe-oeil-de-tigre\/#primaryimage"},"thumbnailUrl":"https:\/\/mystikus.com\/wp-content\/uploads\/2025\/06\/Punta-de-Ojo-Tigre.jpg","datePublished":"2025-06-27T15:24:52+00:00","breadcrumb":{"@id":"https:\/\/mystikus.com\/fr\/producto\/pointe-oeil-de-tigre\/#breadcrumb"},"inLanguage":"fr-FR","potentialAction":[{"@type":"ReadAction","target":["https:\/\/mystikus.com\/fr\/producto\/pointe-oeil-de-tigre\/"]}]},{"@type":"ImageObject","inLanguage":"fr-FR","@id":"https:\/\/mystikus.com\/fr\/producto\/pointe-oeil-de-tigre\/#primaryimage","url":"https:\/\/mystikus.com\/wp-content\/uploads\/2025\/06\/Punta-de-Ojo-Tigre.jpg","contentUrl":"https:\/\/mystikus.com\/wp-content\/uploads\/2025\/06\/Punta-de-Ojo-Tigre.jpg","width":1587,"height":1476},{"@type":"BreadcrumbList","@id":"https:\/\/mystikus.com\/fr\/producto\/pointe-oeil-de-tigre\/#breadcrumb","itemListElement":[{"@type":"ListItem","position":1,"name":"Portada","item":"https:\/\/mystikus.com\/fr\/accueil\/"},{"@type":"ListItem","position":2,"name":"Boutique","item":"https:\/\/mystikus.com\/fr\/boutique\/"},{"@type":"ListItem","position":3,"name":"Pointe \u0152il de Tigre"}]},{"@type":"WebSite","@id":"https:\/\/mystikus.com\/#website","url":"https:\/\/mystikus.com\/","name":"Mystikus","description":"","publisher":{"@id":"https:\/\/mystikus.com\/#organization"},"potentialAction":[{"@type":"SearchAction","target":{"@type":"EntryPoint","urlTemplate":"https:\/\/mystikus.com\/?s={search_term_string}"},"query-input":{"@type":"PropertyValueSpecification","valueRequired":true,"valueName":"search_term_string"}}],"inLanguage":"fr-FR"},{"@type":"Organization","@id":"https:\/\/mystikus.com\/#organization","name":"Mystikus","url":"https:\/\/mystikus.com\/","logo":{"@type":"ImageObject","inLanguage":"fr-FR","@id":"https:\/\/mystikus.com\/#\/schema\/logo\/image\/","url":"https:\/\/mystikus.com\/wp-content\/uploads\/2025\/06\/logo-instgaram-shop.jpg","contentUrl":"https:\/\/mystikus.com\/wp-content\/uploads\/2025\/06\/logo-instgaram-shop.jpg","width":227,"height":227,"caption":"Mystikus"},"image":{"@id":"https:\/\/mystikus.com\/#\/schema\/logo\/image\/"}}]}},"_links":{"self":[{"href":"https:\/\/mystikus.com\/fr\/wp-json\/wp\/v2\/product\/25670","targetHints":{"allow":["GET"]}}],"collection":[{"href":"https:\/\/mystikus.com\/fr\/wp-json\/wp\/v2\/product"}],"about":[{"href":"https:\/\/mystikus.com\/fr\/wp-json\/wp\/v2\/types\/product"}],"replies":[{"embeddable":true,"href":"https:\/\/mystikus.com\/fr\/wp-json\/wp\/v2\/comments?post=25670"}],"wp:featuredmedia":[{"embeddable":true,"href":"https:\/\/mystikus.com\/fr\/wp-json\/wp\/v2\/media\/23676"}],"wp:attachment":[{"href":"https:\/\/mystikus.com\/fr\/wp-json\/wp\/v2\/media?parent=25670"}],"wp:term":[{"taxonomy":"product_brand","embeddable":true,"href":"https:\/\/mystikus.com\/fr\/wp-json\/wp\/v2\/product_brand?post=25670"},{"taxonomy":"product_cat","embeddable":true,"href":"https:\/\/mystikus.com\/fr\/wp-json\/wp\/v2\/product_cat?post=25670"},{"taxonomy":"product_tag","embeddable":true,"href":"https:\/\/mystikus.com\/fr\/wp-json\/wp\/v2\/product_tag?post=25670"}],"curies":[{"name":"wp","href":"https:\/\/api.w.org\/{rel}","templated":true}]}}