{"id":25712,"date":"2025-06-25T15:01:14","date_gmt":"2025-06-25T13:01:14","guid":{"rendered":"https:\/\/mystikus.com\/producto\/magie-du-mage-saint-expedit\/"},"modified":"2025-06-25T15:01:14","modified_gmt":"2025-06-25T13:01:14","slug":"magie-du-mage-saint-expedit","status":"publish","type":"product","link":"https:\/\/mystikus.com\/fr\/producto\/magie-du-mage-saint-expedit\/","title":{"rendered":"Magie du mage Saint Exp\u00e9dit"},"content":{"rendered":"<p><strong>Situations Urgentes<\/strong><br \/>\n<strong>Causes Impossibles<\/strong><br \/>\n<strong>Solutions Rapides<\/strong><\/p>\n<p>Contient une explication d\u00e9taill\u00e9e \u2013 Ingr\u00e9dients in\u00e9dits, selon les formules des grands mages.<\/p>\n<p>Avec le pouvoir des forces occultes et de la lumi\u00e8re ancestrale, il intervient dans les situations urgentes, r\u00e9sout les causes impossibles et ouvre les chemins ferm\u00e9s. Un rituel puissant pour agir rapidement et briser les blocages \u00e0 la racine. <\/p>\n<p>Les explications peuvent \u00eatre demand\u00e9es dans n&rsquo;importe quelle langue.<\/p>\n","protected":false},"excerpt":{"rendered":"<p><strong>Situations Urgentes<\/strong><br \/>\n<strong>Causes Impossibles<\/strong><br \/>\n<strong>Solutions Rapides<\/strong><\/p>\n<p>Contient une explication d\u00e9taill\u00e9e \u2013 Ingr\u00e9dients in\u00e9dits, selon les formules des grands mages.<\/p>\n<p>Avec le pouvoir des forces occultes et de la lumi\u00e8re ancestrale, il intervient dans les situations urgentes, r\u00e9sout les causes impossibles et ouvre les chemins ferm\u00e9s. Un rituel puissant pour agir rapidement et briser les blocages \u00e0 la racine. <\/p>\n<p>Les explications peuvent \u00eatre demand\u00e9es dans n&rsquo;importe quelle langue.<\/p>\n","protected":false},"featured_media":23657,"comment_status":"closed","ping_status":"closed","template":"","meta":[],"product_brand":[],"product_cat":[139,185,193,145],"product_tag":[],"class_list":{"0":"post-25712","1":"product","2":"type-product","3":"status-publish","4":"has-post-thumbnail","6":"product_cat-esoteriques","7":"product_cat-magie-du-magicien","9":"product_cat-mystikus-collection","11":"first","12":"instock","13":"shipping-taxable","14":"purchasable","15":"product-type-simple"},"yoast_head":"<!-- This site is optimized with the Yoast SEO plugin v27.2 - https:\/\/yoast.com\/product\/yoast-seo-wordpress\/ -->\n<title>Magie du mage Saint Exp\u00e9dit - Mystikus<\/title>\n<meta name=\"robots\" content=\"index, follow, max-snippet:-1, max-image-preview:large, max-video-preview:-1\" \/>\n<link rel=\"canonical\" href=\"https:\/\/mystikus.com\/fr\/producto\/magie-du-mage-saint-expedit\/\" \/>\n<meta property=\"og:locale\" content=\"fr_FR\" \/>\n<meta property=\"og:type\" content=\"article\" \/>\n<meta property=\"og:title\" content=\"Magie du mage Saint Exp\u00e9dit - Mystikus\" \/>\n<meta property=\"og:description\" content=\"Situations Urgentes Causes Impossibles Solutions Rapides Contient une explication d\u00e9taill\u00e9e - Ingr\u00e9dients in\u00e9dits, selon les formules des grands mages. Avec le pouvoir des forces occultes et de la lumi\u00e8re ancestrale, il intervient dans les situations urgentes, r\u00e9sout les causes impossibles et ouvre les chemins ferm\u00e9s. Un rituel puissant pour agir rapidement et briser les blocages \u00e0 la racine.  Les explications peuvent \u00eatre demand\u00e9es dans n&#039;importe quelle langue.\" \/>\n<meta property=\"og:url\" content=\"https:\/\/mystikus.com\/fr\/producto\/magie-du-mage-saint-expedit\/\" \/>\n<meta property=\"og:site_name\" content=\"Mystikus\" \/>\n<meta property=\"og:image\" content=\"https:\/\/mystikus.com\/wp-content\/uploads\/2025\/06\/mag-mao-sao-expedito.jpg\" \/>\n\t<meta property=\"og:image:width\" content=\"1587\" \/>\n\t<meta property=\"og:image:height\" content=\"1476\" \/>\n\t<meta property=\"og:image:type\" content=\"image\/jpeg\" \/>\n<meta name=\"twitter:card\" content=\"summary_large_image\" \/>\n<script type=\"application\/ld+json\" class=\"yoast-schema-graph\">{\"@context\":\"https:\/\/schema.org\",\"@graph\":[{\"@type\":\"WebPage\",\"@id\":\"https:\/\/mystikus.com\/fr\/producto\/magie-du-mage-saint-expedit\/\",\"url\":\"https:\/\/mystikus.com\/fr\/producto\/magie-du-mage-saint-expedit\/\",\"name\":\"Magie du mage Saint Exp\u00e9dit - Mystikus\",\"isPartOf\":{\"@id\":\"https:\/\/mystikus.com\/#website\"},\"primaryImageOfPage\":{\"@id\":\"https:\/\/mystikus.com\/fr\/producto\/magie-du-mage-saint-expedit\/#primaryimage\"},\"image\":{\"@id\":\"https:\/\/mystikus.com\/fr\/producto\/magie-du-mage-saint-expedit\/#primaryimage\"},\"thumbnailUrl\":\"https:\/\/mystikus.com\/wp-content\/uploads\/2025\/06\/mag-mao-sao-expedito.jpg\",\"datePublished\":\"2025-06-25T13:01:14+00:00\",\"breadcrumb\":{\"@id\":\"https:\/\/mystikus.com\/fr\/producto\/magie-du-mage-saint-expedit\/#breadcrumb\"},\"inLanguage\":\"fr-FR\",\"potentialAction\":[{\"@type\":\"ReadAction\",\"target\":[\"https:\/\/mystikus.com\/fr\/producto\/magie-du-mage-saint-expedit\/\"]}]},{\"@type\":\"ImageObject\",\"inLanguage\":\"fr-FR\",\"@id\":\"https:\/\/mystikus.com\/fr\/producto\/magie-du-mage-saint-expedit\/#primaryimage\",\"url\":\"https:\/\/mystikus.com\/wp-content\/uploads\/2025\/06\/mag-mao-sao-expedito.jpg\",\"contentUrl\":\"https:\/\/mystikus.com\/wp-content\/uploads\/2025\/06\/mag-mao-sao-expedito.jpg\",\"width\":1587,\"height\":1476},{\"@type\":\"BreadcrumbList\",\"@id\":\"https:\/\/mystikus.com\/fr\/producto\/magie-du-mage-saint-expedit\/#breadcrumb\",\"itemListElement\":[{\"@type\":\"ListItem\",\"position\":1,\"name\":\"Portada\",\"item\":\"https:\/\/mystikus.com\/fr\/accueil\/\"},{\"@type\":\"ListItem\",\"position\":2,\"name\":\"Boutique\",\"item\":\"https:\/\/mystikus.com\/fr\/boutique\/\"},{\"@type\":\"ListItem\",\"position\":3,\"name\":\"Magie du mage Saint Exp\u00e9dit\"}]},{\"@type\":\"WebSite\",\"@id\":\"https:\/\/mystikus.com\/#website\",\"url\":\"https:\/\/mystikus.com\/\",\"name\":\"Mystikus\",\"description\":\"\",\"publisher\":{\"@id\":\"https:\/\/mystikus.com\/#organization\"},\"potentialAction\":[{\"@type\":\"SearchAction\",\"target\":{\"@type\":\"EntryPoint\",\"urlTemplate\":\"https:\/\/mystikus.com\/?s={search_term_string}\"},\"query-input\":{\"@type\":\"PropertyValueSpecification\",\"valueRequired\":true,\"valueName\":\"search_term_string\"}}],\"inLanguage\":\"fr-FR\"},{\"@type\":\"Organization\",\"@id\":\"https:\/\/mystikus.com\/#organization\",\"name\":\"Mystikus\",\"url\":\"https:\/\/mystikus.com\/\",\"logo\":{\"@type\":\"ImageObject\",\"inLanguage\":\"fr-FR\",\"@id\":\"https:\/\/mystikus.com\/#\/schema\/logo\/image\/\",\"url\":\"https:\/\/mystikus.com\/wp-content\/uploads\/2025\/06\/logo-instgaram-shop.jpg\",\"contentUrl\":\"https:\/\/mystikus.com\/wp-content\/uploads\/2025\/06\/logo-instgaram-shop.jpg\",\"width\":227,\"height\":227,\"caption\":\"Mystikus\"},\"image\":{\"@id\":\"https:\/\/mystikus.com\/#\/schema\/logo\/image\/\"}}]}<\/script>\n<!-- \/ Yoast SEO plugin. -->","yoast_head_json":{"title":"Magie du mage Saint Exp\u00e9dit - Mystikus","robots":{"index":"index","follow":"follow","max-snippet":"max-snippet:-1","max-image-preview":"max-image-preview:large","max-video-preview":"max-video-preview:-1"},"canonical":"https:\/\/mystikus.com\/fr\/producto\/magie-du-mage-saint-expedit\/","og_locale":"fr_FR","og_type":"article","og_title":"Magie du mage Saint Exp\u00e9dit - Mystikus","og_description":"Situations Urgentes Causes Impossibles Solutions Rapides Contient une explication d\u00e9taill\u00e9e - Ingr\u00e9dients in\u00e9dits, selon les formules des grands mages. Avec le pouvoir des forces occultes et de la lumi\u00e8re ancestrale, il intervient dans les situations urgentes, r\u00e9sout les causes impossibles et ouvre les chemins ferm\u00e9s. Un rituel puissant pour agir rapidement et briser les blocages \u00e0 la racine.  Les explications peuvent \u00eatre demand\u00e9es dans n'importe quelle langue.","og_url":"https:\/\/mystikus.com\/fr\/producto\/magie-du-mage-saint-expedit\/","og_site_name":"Mystikus","og_image":[{"width":1587,"height":1476,"url":"https:\/\/mystikus.com\/wp-content\/uploads\/2025\/06\/mag-mao-sao-expedito.jpg","type":"image\/jpeg"}],"twitter_card":"summary_large_image","schema":{"@context":"https:\/\/schema.org","@graph":[{"@type":"WebPage","@id":"https:\/\/mystikus.com\/fr\/producto\/magie-du-mage-saint-expedit\/","url":"https:\/\/mystikus.com\/fr\/producto\/magie-du-mage-saint-expedit\/","name":"Magie du mage Saint Exp\u00e9dit - Mystikus","isPartOf":{"@id":"https:\/\/mystikus.com\/#website"},"primaryImageOfPage":{"@id":"https:\/\/mystikus.com\/fr\/producto\/magie-du-mage-saint-expedit\/#primaryimage"},"image":{"@id":"https:\/\/mystikus.com\/fr\/producto\/magie-du-mage-saint-expedit\/#primaryimage"},"thumbnailUrl":"https:\/\/mystikus.com\/wp-content\/uploads\/2025\/06\/mag-mao-sao-expedito.jpg","datePublished":"2025-06-25T13:01:14+00:00","breadcrumb":{"@id":"https:\/\/mystikus.com\/fr\/producto\/magie-du-mage-saint-expedit\/#breadcrumb"},"inLanguage":"fr-FR","potentialAction":[{"@type":"ReadAction","target":["https:\/\/mystikus.com\/fr\/producto\/magie-du-mage-saint-expedit\/"]}]},{"@type":"ImageObject","inLanguage":"fr-FR","@id":"https:\/\/mystikus.com\/fr\/producto\/magie-du-mage-saint-expedit\/#primaryimage","url":"https:\/\/mystikus.com\/wp-content\/uploads\/2025\/06\/mag-mao-sao-expedito.jpg","contentUrl":"https:\/\/mystikus.com\/wp-content\/uploads\/2025\/06\/mag-mao-sao-expedito.jpg","width":1587,"height":1476},{"@type":"BreadcrumbList","@id":"https:\/\/mystikus.com\/fr\/producto\/magie-du-mage-saint-expedit\/#breadcrumb","itemListElement":[{"@type":"ListItem","position":1,"name":"Portada","item":"https:\/\/mystikus.com\/fr\/accueil\/"},{"@type":"ListItem","position":2,"name":"Boutique","item":"https:\/\/mystikus.com\/fr\/boutique\/"},{"@type":"ListItem","position":3,"name":"Magie du mage Saint Exp\u00e9dit"}]},{"@type":"WebSite","@id":"https:\/\/mystikus.com\/#website","url":"https:\/\/mystikus.com\/","name":"Mystikus","description":"","publisher":{"@id":"https:\/\/mystikus.com\/#organization"},"potentialAction":[{"@type":"SearchAction","target":{"@type":"EntryPoint","urlTemplate":"https:\/\/mystikus.com\/?s={search_term_string}"},"query-input":{"@type":"PropertyValueSpecification","valueRequired":true,"valueName":"search_term_string"}}],"inLanguage":"fr-FR"},{"@type":"Organization","@id":"https:\/\/mystikus.com\/#organization","name":"Mystikus","url":"https:\/\/mystikus.com\/","logo":{"@type":"ImageObject","inLanguage":"fr-FR","@id":"https:\/\/mystikus.com\/#\/schema\/logo\/image\/","url":"https:\/\/mystikus.com\/wp-content\/uploads\/2025\/06\/logo-instgaram-shop.jpg","contentUrl":"https:\/\/mystikus.com\/wp-content\/uploads\/2025\/06\/logo-instgaram-shop.jpg","width":227,"height":227,"caption":"Mystikus"},"image":{"@id":"https:\/\/mystikus.com\/#\/schema\/logo\/image\/"}}]}},"_links":{"self":[{"href":"https:\/\/mystikus.com\/fr\/wp-json\/wp\/v2\/product\/25712","targetHints":{"allow":["GET"]}}],"collection":[{"href":"https:\/\/mystikus.com\/fr\/wp-json\/wp\/v2\/product"}],"about":[{"href":"https:\/\/mystikus.com\/fr\/wp-json\/wp\/v2\/types\/product"}],"replies":[{"embeddable":true,"href":"https:\/\/mystikus.com\/fr\/wp-json\/wp\/v2\/comments?post=25712"}],"wp:featuredmedia":[{"embeddable":true,"href":"https:\/\/mystikus.com\/fr\/wp-json\/wp\/v2\/media\/23657"}],"wp:attachment":[{"href":"https:\/\/mystikus.com\/fr\/wp-json\/wp\/v2\/media?parent=25712"}],"wp:term":[{"taxonomy":"product_brand","embeddable":true,"href":"https:\/\/mystikus.com\/fr\/wp-json\/wp\/v2\/product_brand?post=25712"},{"taxonomy":"product_cat","embeddable":true,"href":"https:\/\/mystikus.com\/fr\/wp-json\/wp\/v2\/product_cat?post=25712"},{"taxonomy":"product_tag","embeddable":true,"href":"https:\/\/mystikus.com\/fr\/wp-json\/wp\/v2\/product_tag?post=25712"}],"curies":[{"name":"wp","href":"https:\/\/api.w.org\/{rel}","templated":true}]}}