{"id":25933,"date":"2025-05-17T18:15:52","date_gmt":"2025-05-17T16:15:52","guid":{"rendered":"https:\/\/mystikus.com\/producto\/velon-mille-visages-vert\/"},"modified":"2025-05-17T18:15:52","modified_gmt":"2025-05-17T16:15:52","slug":"velon-mille-visages-vert","status":"publish","type":"product","link":"https:\/\/mystikus.com\/fr\/producto\/velon-mille-visages-vert\/","title":{"rendered":"V\u00e9lon Mille Visages Vert"},"content":{"rendered":"<p><strong>V\u00e9lon Mille Visages Vert<\/strong><\/p>\n<p><strong>Ventes Urgentes, Travail Bient\u00f4t, Succ\u00e8s et \u00c9limination des Obstacles<\/strong><\/p>\n<p data-start=\"126\" data-end=\"370\">La <strong data-start=\"129\" data-end=\"147\">bougie Mille Visages<\/strong> est une bougie \u00e9sot\u00e9rique sp\u00e9cialement pr\u00e9par\u00e9e avec de multiples visages sculpt\u00e9s sur sa surface, repr\u00e9sentant diverses \u00e9nergies, esprits ou forces qui agissent ensemble pour vous aider \u00e0 atteindre un objectif sp\u00e9cifique.<\/p>\n<p data-start=\"372\" data-end=\"558\">Elle est utilis\u00e9e dans les rituels pour <strong data-start=\"400\" data-end=\"484\">ouvrir des chemins, supprimer des obstacles, attirer le succ\u00e8s, l&rsquo;argent, l&rsquo;amour, la sant\u00e9, la protection<\/strong> et bien plus encore, en fonction de la couleur et de l&rsquo;intention du travail spirituel.<\/p>\n<p data-start=\"560\" data-end=\"745\">Chaque \u00ab\u00a0visage\u00a0\u00bb symbolise une facette de l&rsquo;univers ou de votre \u00eatre int\u00e9rieur qui s&rsquo;active pendant la combustion, amplifiant la demande et faisant en sorte que le d\u00e9sir arrive plus rapidement et avec plus de force.<\/p>\n<p><em>Contient une explication d\u00e9taill\u00e9e \u2013 Ingr\u00e9dients in\u00e9dits, selon les formules des grands mages.<\/em><\/p>\n<p><em>Les explications peuvent \u00eatre demand\u00e9es dans n&rsquo;importe quelle langue.<\/em><\/p>\n","protected":false},"excerpt":{"rendered":"<p><strong>V\u00e9lon Mille Visages Vert<\/strong><\/p>\n<p><strong>Ventes Urgentes, Travail Bient\u00f4t, Succ\u00e8s et \u00c9limination des Obstacles<\/strong><\/p>\n","protected":false},"featured_media":992,"comment_status":"open","ping_status":"closed","template":"","meta":[],"product_brand":[],"product_cat":[238,235,139,145],"product_tag":[],"class_list":{"0":"post-25933","1":"product","2":"type-product","3":"status-publish","4":"has-post-thumbnail","6":"product_cat-bougies","8":"product_cat-esoteriques","9":"product_cat-mystikus-collection","11":"first","12":"instock","13":"shipping-taxable","14":"purchasable","15":"product-type-simple"},"yoast_head":"<!-- This site is optimized with the Yoast SEO plugin v27.2 - https:\/\/yoast.com\/product\/yoast-seo-wordpress\/ -->\n<title>V\u00e9lon Mille Visages Vert - Mystikus<\/title>\n<meta name=\"robots\" content=\"index, follow, max-snippet:-1, max-image-preview:large, max-video-preview:-1\" \/>\n<link rel=\"canonical\" href=\"https:\/\/mystikus.com\/fr\/producto\/velon-mille-visages-vert\/\" \/>\n<meta property=\"og:locale\" content=\"fr_FR\" \/>\n<meta property=\"og:type\" content=\"article\" \/>\n<meta property=\"og:title\" content=\"V\u00e9lon Mille Visages Vert - Mystikus\" \/>\n<meta property=\"og:description\" content=\"V\u00e9lon Mille Visages Vert Ventes Urgentes, Travail Bient\u00f4t, Succ\u00e8s et \u00c9limination des Obstacles\" \/>\n<meta property=\"og:url\" content=\"https:\/\/mystikus.com\/fr\/producto\/velon-mille-visages-vert\/\" \/>\n<meta property=\"og:site_name\" content=\"Mystikus\" \/>\n<meta property=\"og:image\" content=\"https:\/\/mystikus.com\/wp-content\/uploads\/2025\/05\/Mil-Caras-Verde.jpg\" \/>\n\t<meta property=\"og:image:width\" content=\"1587\" \/>\n\t<meta property=\"og:image:height\" content=\"1476\" \/>\n\t<meta property=\"og:image:type\" content=\"image\/jpeg\" \/>\n<meta name=\"twitter:card\" content=\"summary_large_image\" \/>\n<meta name=\"twitter:label1\" content=\"Dur\u00e9e de lecture estim\u00e9e\" \/>\n\t<meta name=\"twitter:data1\" content=\"1 minute\" \/>\n<script type=\"application\/ld+json\" class=\"yoast-schema-graph\">{\"@context\":\"https:\/\/schema.org\",\"@graph\":[{\"@type\":\"WebPage\",\"@id\":\"https:\/\/mystikus.com\/fr\/producto\/velon-mille-visages-vert\/\",\"url\":\"https:\/\/mystikus.com\/fr\/producto\/velon-mille-visages-vert\/\",\"name\":\"V\u00e9lon Mille Visages Vert - Mystikus\",\"isPartOf\":{\"@id\":\"https:\/\/mystikus.com\/#website\"},\"primaryImageOfPage\":{\"@id\":\"https:\/\/mystikus.com\/fr\/producto\/velon-mille-visages-vert\/#primaryimage\"},\"image\":{\"@id\":\"https:\/\/mystikus.com\/fr\/producto\/velon-mille-visages-vert\/#primaryimage\"},\"thumbnailUrl\":\"https:\/\/mystikus.com\/wp-content\/uploads\/2025\/05\/Mil-Caras-Verde.jpg\",\"datePublished\":\"2025-05-17T16:15:52+00:00\",\"breadcrumb\":{\"@id\":\"https:\/\/mystikus.com\/fr\/producto\/velon-mille-visages-vert\/#breadcrumb\"},\"inLanguage\":\"fr-FR\",\"potentialAction\":[{\"@type\":\"ReadAction\",\"target\":[\"https:\/\/mystikus.com\/fr\/producto\/velon-mille-visages-vert\/\"]}]},{\"@type\":\"ImageObject\",\"inLanguage\":\"fr-FR\",\"@id\":\"https:\/\/mystikus.com\/fr\/producto\/velon-mille-visages-vert\/#primaryimage\",\"url\":\"https:\/\/mystikus.com\/wp-content\/uploads\/2025\/05\/Mil-Caras-Verde.jpg\",\"contentUrl\":\"https:\/\/mystikus.com\/wp-content\/uploads\/2025\/05\/Mil-Caras-Verde.jpg\",\"width\":1587,\"height\":1476},{\"@type\":\"BreadcrumbList\",\"@id\":\"https:\/\/mystikus.com\/fr\/producto\/velon-mille-visages-vert\/#breadcrumb\",\"itemListElement\":[{\"@type\":\"ListItem\",\"position\":1,\"name\":\"Portada\",\"item\":\"https:\/\/mystikus.com\/fr\/accueil\/\"},{\"@type\":\"ListItem\",\"position\":2,\"name\":\"Boutique\",\"item\":\"https:\/\/mystikus.com\/fr\/boutique\/\"},{\"@type\":\"ListItem\",\"position\":3,\"name\":\"V\u00e9lon Mille Visages Vert\"}]},{\"@type\":\"WebSite\",\"@id\":\"https:\/\/mystikus.com\/#website\",\"url\":\"https:\/\/mystikus.com\/\",\"name\":\"Mystikus\",\"description\":\"\",\"publisher\":{\"@id\":\"https:\/\/mystikus.com\/#organization\"},\"potentialAction\":[{\"@type\":\"SearchAction\",\"target\":{\"@type\":\"EntryPoint\",\"urlTemplate\":\"https:\/\/mystikus.com\/?s={search_term_string}\"},\"query-input\":{\"@type\":\"PropertyValueSpecification\",\"valueRequired\":true,\"valueName\":\"search_term_string\"}}],\"inLanguage\":\"fr-FR\"},{\"@type\":\"Organization\",\"@id\":\"https:\/\/mystikus.com\/#organization\",\"name\":\"Mystikus\",\"url\":\"https:\/\/mystikus.com\/\",\"logo\":{\"@type\":\"ImageObject\",\"inLanguage\":\"fr-FR\",\"@id\":\"https:\/\/mystikus.com\/#\/schema\/logo\/image\/\",\"url\":\"https:\/\/mystikus.com\/wp-content\/uploads\/2025\/06\/logo-instgaram-shop.jpg\",\"contentUrl\":\"https:\/\/mystikus.com\/wp-content\/uploads\/2025\/06\/logo-instgaram-shop.jpg\",\"width\":227,\"height\":227,\"caption\":\"Mystikus\"},\"image\":{\"@id\":\"https:\/\/mystikus.com\/#\/schema\/logo\/image\/\"}}]}<\/script>\n<!-- \/ Yoast SEO plugin. -->","yoast_head_json":{"title":"V\u00e9lon Mille Visages Vert - Mystikus","robots":{"index":"index","follow":"follow","max-snippet":"max-snippet:-1","max-image-preview":"max-image-preview:large","max-video-preview":"max-video-preview:-1"},"canonical":"https:\/\/mystikus.com\/fr\/producto\/velon-mille-visages-vert\/","og_locale":"fr_FR","og_type":"article","og_title":"V\u00e9lon Mille Visages Vert - Mystikus","og_description":"V\u00e9lon Mille Visages Vert Ventes Urgentes, Travail Bient\u00f4t, Succ\u00e8s et \u00c9limination des Obstacles","og_url":"https:\/\/mystikus.com\/fr\/producto\/velon-mille-visages-vert\/","og_site_name":"Mystikus","og_image":[{"width":1587,"height":1476,"url":"https:\/\/mystikus.com\/wp-content\/uploads\/2025\/05\/Mil-Caras-Verde.jpg","type":"image\/jpeg"}],"twitter_card":"summary_large_image","twitter_misc":{"Dur\u00e9e de lecture estim\u00e9e":"1 minute"},"schema":{"@context":"https:\/\/schema.org","@graph":[{"@type":"WebPage","@id":"https:\/\/mystikus.com\/fr\/producto\/velon-mille-visages-vert\/","url":"https:\/\/mystikus.com\/fr\/producto\/velon-mille-visages-vert\/","name":"V\u00e9lon Mille Visages Vert - Mystikus","isPartOf":{"@id":"https:\/\/mystikus.com\/#website"},"primaryImageOfPage":{"@id":"https:\/\/mystikus.com\/fr\/producto\/velon-mille-visages-vert\/#primaryimage"},"image":{"@id":"https:\/\/mystikus.com\/fr\/producto\/velon-mille-visages-vert\/#primaryimage"},"thumbnailUrl":"https:\/\/mystikus.com\/wp-content\/uploads\/2025\/05\/Mil-Caras-Verde.jpg","datePublished":"2025-05-17T16:15:52+00:00","breadcrumb":{"@id":"https:\/\/mystikus.com\/fr\/producto\/velon-mille-visages-vert\/#breadcrumb"},"inLanguage":"fr-FR","potentialAction":[{"@type":"ReadAction","target":["https:\/\/mystikus.com\/fr\/producto\/velon-mille-visages-vert\/"]}]},{"@type":"ImageObject","inLanguage":"fr-FR","@id":"https:\/\/mystikus.com\/fr\/producto\/velon-mille-visages-vert\/#primaryimage","url":"https:\/\/mystikus.com\/wp-content\/uploads\/2025\/05\/Mil-Caras-Verde.jpg","contentUrl":"https:\/\/mystikus.com\/wp-content\/uploads\/2025\/05\/Mil-Caras-Verde.jpg","width":1587,"height":1476},{"@type":"BreadcrumbList","@id":"https:\/\/mystikus.com\/fr\/producto\/velon-mille-visages-vert\/#breadcrumb","itemListElement":[{"@type":"ListItem","position":1,"name":"Portada","item":"https:\/\/mystikus.com\/fr\/accueil\/"},{"@type":"ListItem","position":2,"name":"Boutique","item":"https:\/\/mystikus.com\/fr\/boutique\/"},{"@type":"ListItem","position":3,"name":"V\u00e9lon Mille Visages Vert"}]},{"@type":"WebSite","@id":"https:\/\/mystikus.com\/#website","url":"https:\/\/mystikus.com\/","name":"Mystikus","description":"","publisher":{"@id":"https:\/\/mystikus.com\/#organization"},"potentialAction":[{"@type":"SearchAction","target":{"@type":"EntryPoint","urlTemplate":"https:\/\/mystikus.com\/?s={search_term_string}"},"query-input":{"@type":"PropertyValueSpecification","valueRequired":true,"valueName":"search_term_string"}}],"inLanguage":"fr-FR"},{"@type":"Organization","@id":"https:\/\/mystikus.com\/#organization","name":"Mystikus","url":"https:\/\/mystikus.com\/","logo":{"@type":"ImageObject","inLanguage":"fr-FR","@id":"https:\/\/mystikus.com\/#\/schema\/logo\/image\/","url":"https:\/\/mystikus.com\/wp-content\/uploads\/2025\/06\/logo-instgaram-shop.jpg","contentUrl":"https:\/\/mystikus.com\/wp-content\/uploads\/2025\/06\/logo-instgaram-shop.jpg","width":227,"height":227,"caption":"Mystikus"},"image":{"@id":"https:\/\/mystikus.com\/#\/schema\/logo\/image\/"}}]}},"_links":{"self":[{"href":"https:\/\/mystikus.com\/fr\/wp-json\/wp\/v2\/product\/25933","targetHints":{"allow":["GET"]}}],"collection":[{"href":"https:\/\/mystikus.com\/fr\/wp-json\/wp\/v2\/product"}],"about":[{"href":"https:\/\/mystikus.com\/fr\/wp-json\/wp\/v2\/types\/product"}],"replies":[{"embeddable":true,"href":"https:\/\/mystikus.com\/fr\/wp-json\/wp\/v2\/comments?post=25933"}],"wp:featuredmedia":[{"embeddable":true,"href":"https:\/\/mystikus.com\/fr\/wp-json\/wp\/v2\/media\/992"}],"wp:attachment":[{"href":"https:\/\/mystikus.com\/fr\/wp-json\/wp\/v2\/media?parent=25933"}],"wp:term":[{"taxonomy":"product_brand","embeddable":true,"href":"https:\/\/mystikus.com\/fr\/wp-json\/wp\/v2\/product_brand?post=25933"},{"taxonomy":"product_cat","embeddable":true,"href":"https:\/\/mystikus.com\/fr\/wp-json\/wp\/v2\/product_cat?post=25933"},{"taxonomy":"product_tag","embeddable":true,"href":"https:\/\/mystikus.com\/fr\/wp-json\/wp\/v2\/product_tag?post=25933"}],"curies":[{"name":"wp","href":"https:\/\/api.w.org\/{rel}","templated":true}]}}