{"id":26145,"date":"2025-08-04T17:39:27","date_gmt":"2025-08-04T15:39:27","guid":{"rendered":"https:\/\/mystikus.com\/producto\/pointe-de-cornaline\/"},"modified":"2025-08-04T17:39:27","modified_gmt":"2025-08-04T15:39:27","slug":"pointe-de-cornaline","status":"publish","type":"product","link":"https:\/\/mystikus.com\/fr\/producto\/pointe-de-cornaline\/","title":{"rendered":"Pointe de cornaline"},"content":{"rendered":"<h3 data-start=\"98\" data-end=\"151\"><strong data-start=\"105\" data-end=\"151\">Description \u00e9sot\u00e9rique \u2013 Pointe de cornaline<\/strong><\/h3>\n<p data-start=\"153\" data-end=\"464\">La <strong data-start=\"156\" data-end=\"169\">Cornaline<\/strong> est une pierre de <strong data-start=\"187\" data-end=\"234\">vitalit\u00e9, d&rsquo;action et d&rsquo;autonomisation personnelle<\/strong>. Son \u00e9nergie chaleureuse stimule le corps et l&rsquo;esprit, aidant \u00e0 surmonter la l\u00e9thargie, la peur et l&rsquo;ins\u00e9curit\u00e9. Associ\u00e9e au <strong data-start=\"362\" data-end=\"378\">chakra sacr\u00e9<\/strong>, cette pierre favorise la cr\u00e9ativit\u00e9, la passion et la connexion avec le plaisir de vivre.  <\/p>\n<p data-start=\"466\" data-end=\"726\">Sous forme de pointe, la Cornaline canalise son \u00e9nergie directement vers tes intentions, en stimulant la motivation, la concentration et la volont\u00e9. Elle est id\u00e9ale pour ceux qui souhaitent <strong data-start=\"652\" data-end=\"725\">activer des projets, \u00e9lever leur estime de soi ou r\u00e9veiller leur feu int\u00e9rieur<\/strong>. <\/p>\n<hr data-start=\"728\" data-end=\"731\">\n<h3 data-start=\"733\" data-end=\"772\">\u2728 <strong data-start=\"739\" data-end=\"772\">Propri\u00e9t\u00e9s \u00e9sot\u00e9riques cl\u00e9s :<\/strong><\/h3>\n<ul data-start=\"774\" data-end=\"1065\">\n<li data-start=\"774\" data-end=\"829\">\n<p data-start=\"776\" data-end=\"829\">Stimule la cr\u00e9ativit\u00e9, la passion et la motivation.<\/p>\n<\/li>\n<li data-start=\"830\" data-end=\"881\">\n<p data-start=\"832\" data-end=\"881\">Renforce la confiance en soi et le courage.<\/p>\n<\/li>\n<li data-start=\"882\" data-end=\"939\">\n<p data-start=\"884\" data-end=\"939\">Aide \u00e0 surmonter les blocages \u00e9motionnels et l&rsquo;ind\u00e9cision.<\/p>\n<\/li>\n<li data-start=\"940\" data-end=\"1003\">\n<p data-start=\"942\" data-end=\"1003\">Renforce la connexion avec le corps et les d\u00e9sirs authentiques.<\/p>\n<\/li>\n<li data-start=\"1004\" data-end=\"1065\">\n<p data-start=\"1006\" data-end=\"1065\">Id\u00e9ale pour d\u00e9marrer de nouveaux cycles ou retrouver l&rsquo;enthousiasme.<\/p>\n<\/li>\n<\/ul>\n","protected":false},"excerpt":{"rendered":"<p data-start=\"169\" data-end=\"228\"><span style=\"font-size: 1rem; white-space-collapse: preserve;\">La Cornaline est une pierre de vitalit\u00e9, d&rsquo;action et d&rsquo;autonomisation personnelle <\/span><\/p>\n<p data-start=\"169\" data-end=\"228\"><span style=\"font-size: 1rem; white-space-collapse: preserve;\">Taille 13 cm<\/span><\/p>\n","protected":false},"featured_media":23941,"comment_status":"open","ping_status":"closed","template":"","meta":[],"product_brand":[],"product_cat":[109,232],"product_tag":[],"class_list":{"0":"post-26145","1":"product","2":"type-product","3":"status-publish","4":"has-post-thumbnail","6":"product_cat-mineraux","7":"product_cat-pointes","9":"first","10":"instock","11":"shipping-taxable","12":"purchasable","13":"product-type-simple"},"yoast_head":"<!-- This site is optimized with the Yoast SEO plugin v27.2 - https:\/\/yoast.com\/product\/yoast-seo-wordpress\/ -->\n<title>Pointe de cornaline - Mystikus<\/title>\n<meta name=\"robots\" content=\"index, follow, max-snippet:-1, max-image-preview:large, max-video-preview:-1\" \/>\n<link rel=\"canonical\" href=\"https:\/\/mystikus.com\/fr\/producto\/pointe-de-cornaline\/\" \/>\n<meta property=\"og:locale\" content=\"fr_FR\" \/>\n<meta property=\"og:type\" content=\"article\" \/>\n<meta property=\"og:title\" content=\"Pointe de cornaline - Mystikus\" \/>\n<meta property=\"og:description\" content=\"La Cornaline est une pierre de vitalit\u00e9, d&#039;action et d&#039;autonomisation personnelle Taille 13 cm\" \/>\n<meta property=\"og:url\" content=\"https:\/\/mystikus.com\/fr\/producto\/pointe-de-cornaline\/\" \/>\n<meta property=\"og:site_name\" content=\"Mystikus\" \/>\n<meta property=\"og:image\" content=\"https:\/\/mystikus.com\/wp-content\/uploads\/2025\/08\/Punta-de-Cornalina.jpg\" \/>\n\t<meta property=\"og:image:width\" content=\"1587\" \/>\n\t<meta property=\"og:image:height\" content=\"1476\" \/>\n\t<meta property=\"og:image:type\" content=\"image\/jpeg\" \/>\n<meta name=\"twitter:card\" content=\"summary_large_image\" \/>\n<meta name=\"twitter:label1\" content=\"Dur\u00e9e de lecture estim\u00e9e\" \/>\n\t<meta name=\"twitter:data1\" content=\"1 minute\" \/>\n<script type=\"application\/ld+json\" class=\"yoast-schema-graph\">{\"@context\":\"https:\/\/schema.org\",\"@graph\":[{\"@type\":\"WebPage\",\"@id\":\"https:\/\/mystikus.com\/fr\/producto\/pointe-de-cornaline\/\",\"url\":\"https:\/\/mystikus.com\/fr\/producto\/pointe-de-cornaline\/\",\"name\":\"Pointe de cornaline - Mystikus\",\"isPartOf\":{\"@id\":\"https:\/\/mystikus.com\/#website\"},\"primaryImageOfPage\":{\"@id\":\"https:\/\/mystikus.com\/fr\/producto\/pointe-de-cornaline\/#primaryimage\"},\"image\":{\"@id\":\"https:\/\/mystikus.com\/fr\/producto\/pointe-de-cornaline\/#primaryimage\"},\"thumbnailUrl\":\"https:\/\/mystikus.com\/wp-content\/uploads\/2025\/08\/Punta-de-Cornalina.jpg\",\"datePublished\":\"2025-08-04T15:39:27+00:00\",\"breadcrumb\":{\"@id\":\"https:\/\/mystikus.com\/fr\/producto\/pointe-de-cornaline\/#breadcrumb\"},\"inLanguage\":\"fr-FR\",\"potentialAction\":[{\"@type\":\"ReadAction\",\"target\":[\"https:\/\/mystikus.com\/fr\/producto\/pointe-de-cornaline\/\"]}]},{\"@type\":\"ImageObject\",\"inLanguage\":\"fr-FR\",\"@id\":\"https:\/\/mystikus.com\/fr\/producto\/pointe-de-cornaline\/#primaryimage\",\"url\":\"https:\/\/mystikus.com\/wp-content\/uploads\/2025\/08\/Punta-de-Cornalina.jpg\",\"contentUrl\":\"https:\/\/mystikus.com\/wp-content\/uploads\/2025\/08\/Punta-de-Cornalina.jpg\",\"width\":1587,\"height\":1476},{\"@type\":\"BreadcrumbList\",\"@id\":\"https:\/\/mystikus.com\/fr\/producto\/pointe-de-cornaline\/#breadcrumb\",\"itemListElement\":[{\"@type\":\"ListItem\",\"position\":1,\"name\":\"Portada\",\"item\":\"https:\/\/mystikus.com\/fr\/accueil\/\"},{\"@type\":\"ListItem\",\"position\":2,\"name\":\"Boutique\",\"item\":\"https:\/\/mystikus.com\/fr\/boutique\/\"},{\"@type\":\"ListItem\",\"position\":3,\"name\":\"Pointe de cornaline\"}]},{\"@type\":\"WebSite\",\"@id\":\"https:\/\/mystikus.com\/#website\",\"url\":\"https:\/\/mystikus.com\/\",\"name\":\"Mystikus\",\"description\":\"\",\"publisher\":{\"@id\":\"https:\/\/mystikus.com\/#organization\"},\"potentialAction\":[{\"@type\":\"SearchAction\",\"target\":{\"@type\":\"EntryPoint\",\"urlTemplate\":\"https:\/\/mystikus.com\/?s={search_term_string}\"},\"query-input\":{\"@type\":\"PropertyValueSpecification\",\"valueRequired\":true,\"valueName\":\"search_term_string\"}}],\"inLanguage\":\"fr-FR\"},{\"@type\":\"Organization\",\"@id\":\"https:\/\/mystikus.com\/#organization\",\"name\":\"Mystikus\",\"url\":\"https:\/\/mystikus.com\/\",\"logo\":{\"@type\":\"ImageObject\",\"inLanguage\":\"fr-FR\",\"@id\":\"https:\/\/mystikus.com\/#\/schema\/logo\/image\/\",\"url\":\"https:\/\/mystikus.com\/wp-content\/uploads\/2025\/06\/logo-instgaram-shop.jpg\",\"contentUrl\":\"https:\/\/mystikus.com\/wp-content\/uploads\/2025\/06\/logo-instgaram-shop.jpg\",\"width\":227,\"height\":227,\"caption\":\"Mystikus\"},\"image\":{\"@id\":\"https:\/\/mystikus.com\/#\/schema\/logo\/image\/\"}}]}<\/script>\n<!-- \/ Yoast SEO plugin. -->","yoast_head_json":{"title":"Pointe de cornaline - Mystikus","robots":{"index":"index","follow":"follow","max-snippet":"max-snippet:-1","max-image-preview":"max-image-preview:large","max-video-preview":"max-video-preview:-1"},"canonical":"https:\/\/mystikus.com\/fr\/producto\/pointe-de-cornaline\/","og_locale":"fr_FR","og_type":"article","og_title":"Pointe de cornaline - Mystikus","og_description":"La Cornaline est une pierre de vitalit\u00e9, d'action et d'autonomisation personnelle Taille 13 cm","og_url":"https:\/\/mystikus.com\/fr\/producto\/pointe-de-cornaline\/","og_site_name":"Mystikus","og_image":[{"width":1587,"height":1476,"url":"https:\/\/mystikus.com\/wp-content\/uploads\/2025\/08\/Punta-de-Cornalina.jpg","type":"image\/jpeg"}],"twitter_card":"summary_large_image","twitter_misc":{"Dur\u00e9e de lecture estim\u00e9e":"1 minute"},"schema":{"@context":"https:\/\/schema.org","@graph":[{"@type":"WebPage","@id":"https:\/\/mystikus.com\/fr\/producto\/pointe-de-cornaline\/","url":"https:\/\/mystikus.com\/fr\/producto\/pointe-de-cornaline\/","name":"Pointe de cornaline - Mystikus","isPartOf":{"@id":"https:\/\/mystikus.com\/#website"},"primaryImageOfPage":{"@id":"https:\/\/mystikus.com\/fr\/producto\/pointe-de-cornaline\/#primaryimage"},"image":{"@id":"https:\/\/mystikus.com\/fr\/producto\/pointe-de-cornaline\/#primaryimage"},"thumbnailUrl":"https:\/\/mystikus.com\/wp-content\/uploads\/2025\/08\/Punta-de-Cornalina.jpg","datePublished":"2025-08-04T15:39:27+00:00","breadcrumb":{"@id":"https:\/\/mystikus.com\/fr\/producto\/pointe-de-cornaline\/#breadcrumb"},"inLanguage":"fr-FR","potentialAction":[{"@type":"ReadAction","target":["https:\/\/mystikus.com\/fr\/producto\/pointe-de-cornaline\/"]}]},{"@type":"ImageObject","inLanguage":"fr-FR","@id":"https:\/\/mystikus.com\/fr\/producto\/pointe-de-cornaline\/#primaryimage","url":"https:\/\/mystikus.com\/wp-content\/uploads\/2025\/08\/Punta-de-Cornalina.jpg","contentUrl":"https:\/\/mystikus.com\/wp-content\/uploads\/2025\/08\/Punta-de-Cornalina.jpg","width":1587,"height":1476},{"@type":"BreadcrumbList","@id":"https:\/\/mystikus.com\/fr\/producto\/pointe-de-cornaline\/#breadcrumb","itemListElement":[{"@type":"ListItem","position":1,"name":"Portada","item":"https:\/\/mystikus.com\/fr\/accueil\/"},{"@type":"ListItem","position":2,"name":"Boutique","item":"https:\/\/mystikus.com\/fr\/boutique\/"},{"@type":"ListItem","position":3,"name":"Pointe de cornaline"}]},{"@type":"WebSite","@id":"https:\/\/mystikus.com\/#website","url":"https:\/\/mystikus.com\/","name":"Mystikus","description":"","publisher":{"@id":"https:\/\/mystikus.com\/#organization"},"potentialAction":[{"@type":"SearchAction","target":{"@type":"EntryPoint","urlTemplate":"https:\/\/mystikus.com\/?s={search_term_string}"},"query-input":{"@type":"PropertyValueSpecification","valueRequired":true,"valueName":"search_term_string"}}],"inLanguage":"fr-FR"},{"@type":"Organization","@id":"https:\/\/mystikus.com\/#organization","name":"Mystikus","url":"https:\/\/mystikus.com\/","logo":{"@type":"ImageObject","inLanguage":"fr-FR","@id":"https:\/\/mystikus.com\/#\/schema\/logo\/image\/","url":"https:\/\/mystikus.com\/wp-content\/uploads\/2025\/06\/logo-instgaram-shop.jpg","contentUrl":"https:\/\/mystikus.com\/wp-content\/uploads\/2025\/06\/logo-instgaram-shop.jpg","width":227,"height":227,"caption":"Mystikus"},"image":{"@id":"https:\/\/mystikus.com\/#\/schema\/logo\/image\/"}}]}},"_links":{"self":[{"href":"https:\/\/mystikus.com\/fr\/wp-json\/wp\/v2\/product\/26145","targetHints":{"allow":["GET"]}}],"collection":[{"href":"https:\/\/mystikus.com\/fr\/wp-json\/wp\/v2\/product"}],"about":[{"href":"https:\/\/mystikus.com\/fr\/wp-json\/wp\/v2\/types\/product"}],"replies":[{"embeddable":true,"href":"https:\/\/mystikus.com\/fr\/wp-json\/wp\/v2\/comments?post=26145"}],"wp:featuredmedia":[{"embeddable":true,"href":"https:\/\/mystikus.com\/fr\/wp-json\/wp\/v2\/media\/23941"}],"wp:attachment":[{"href":"https:\/\/mystikus.com\/fr\/wp-json\/wp\/v2\/media?parent=26145"}],"wp:term":[{"taxonomy":"product_brand","embeddable":true,"href":"https:\/\/mystikus.com\/fr\/wp-json\/wp\/v2\/product_brand?post=26145"},{"taxonomy":"product_cat","embeddable":true,"href":"https:\/\/mystikus.com\/fr\/wp-json\/wp\/v2\/product_cat?post=26145"},{"taxonomy":"product_tag","embeddable":true,"href":"https:\/\/mystikus.com\/fr\/wp-json\/wp\/v2\/product_tag?post=26145"}],"curies":[{"name":"wp","href":"https:\/\/api.w.org\/{rel}","templated":true}]}}