{"id":26150,"date":"2025-07-22T18:41:48","date_gmt":"2025-07-22T16:41:48","guid":{"rendered":"https:\/\/mystikus.com\/producto\/bracelet-de-chips-de-quartz-cristal\/"},"modified":"2025-07-22T18:41:48","modified_gmt":"2025-07-22T16:41:48","slug":"bracelet-de-chips-de-quartz-cristal","status":"publish","type":"product","link":"https:\/\/mystikus.com\/fr\/producto\/bracelet-de-chips-de-quartz-cristal\/","title":{"rendered":"Bracelet de chips de quartz cristal"},"content":{"rendered":"<hr data-start=\"122\" data-end=\"125\">\n<p data-start=\"226\" data-end=\"312\"><strong data-start=\"226\" data-end=\"312\">Bracelet de chips de quartz cristal \u2013 Clart\u00e9, \u00e9nergie pure et \u00e9l\u00e9vation spirituelle<\/strong><\/p>\n<p data-start=\"314\" data-end=\"579\">Ressentez la puret\u00e9 et la lumi\u00e8re avec ce bracelet de chips naturels de quartz cristal, une pierre connue comme le \u00ab ma\u00eetre gu\u00e9risseur \u00bb. Transparent, \u00e9l\u00e9gant et plein d&rsquo;\u00e9nergie, le quartz cristal amplifie l&rsquo;intention, \u00e9quilibre le corps et \u00e9l\u00e8ve la vibration spirituelle. <\/p>\n<p data-start=\"581\" data-end=\"784\">Ce cristal est utilis\u00e9 depuis des mill\u00e9naires pour nettoyer, prot\u00e9ger et renforcer le champ \u00e9nerg\u00e9tique. Il est id\u00e9al pour vous accompagner dans les m\u00e9ditations, les rituels de gu\u00e9rison ou simplement comme un bijou avec un but. <\/p>\n<p data-start=\"786\" data-end=\"833\"><strong data-start=\"786\" data-end=\"833\">Propri\u00e9t\u00e9s \u00e9nerg\u00e9tiques du quartz cristal :<\/strong><\/p>\n<ul data-start=\"834\" data-end=\"1088\">\n<li data-start=\"834\" data-end=\"890\">\n<p data-start=\"836\" data-end=\"890\">Amplifie l&rsquo;\u00e9nergie et l&rsquo;intention de celui qui le porte.<\/p>\n<\/li>\n<li data-start=\"891\" data-end=\"946\">\n<p data-start=\"893\" data-end=\"946\">Purifie l&rsquo;aura et les espaces, \u00e9liminant les blocages.<\/p>\n<\/li>\n<li data-start=\"947\" data-end=\"1018\">\n<p data-start=\"949\" data-end=\"1018\">Favorise la clart\u00e9 mentale, la concentration et la vision spirituelle.<\/p>\n<\/li>\n<li data-start=\"1019\" data-end=\"1088\">\n<p data-start=\"1021\" data-end=\"1088\">\u00c9quilibre tous les chakras et harmonise le corps, l&rsquo;esprit et l&rsquo;\u00e2me.<\/p>\n<\/li>\n<\/ul>\n<p data-start=\"1090\" data-end=\"1123\"><strong data-start=\"1090\" data-end=\"1123\">Caract\u00e9ristiques du produit :<\/strong><\/p>\n<ul data-start=\"1124\" data-end=\"1425\">\n<li data-start=\"1124\" data-end=\"1199\">\n<p data-start=\"1126\" data-end=\"1199\">Mat\u00e9riau : Chips naturels de quartz cristal (non teints, sans traitement).<\/p>\n<\/li>\n<li data-start=\"1200\" data-end=\"1269\">\n<p data-start=\"1202\" data-end=\"1269\">Design \u00e9lastique ou ajustable, fait \u00e0 la main avec une intention consciente.<\/p>\n<\/li>\n<li data-start=\"1270\" data-end=\"1358\">\n<p data-start=\"1272\" data-end=\"1358\">Id\u00e9al pour un usage quotidien, les pratiques spirituelles ou comme amulette de nettoyage et de protection.<\/p>\n<\/li>\n<li data-start=\"1359\" data-end=\"1425\">\n<p data-start=\"1361\" data-end=\"1425\">Parfait pour tous les signes, \u00e9nergies et chemins spirituels.<\/p>\n<\/li>\n<\/ul>\n<p data-start=\"1427\" data-end=\"1618\">Portez ce bracelet comme un canal de lumi\u00e8re, un guide int\u00e9rieur et un outil d&rsquo;alignement \u00e9nerg\u00e9tique. Un cristal polyvalent et puissant qui s&rsquo;adapte \u00e0 toute intention positive que vous d\u00e9cidez de manifester. <\/p>\n","protected":false},"excerpt":{"rendered":"<p>Bracelet de chips de quartz cristal \u2013 Clart\u00e9, \u00e9nergie pure et \u00e9l\u00e9vation spirituelle Ressentez la puret\u00e9 et la lumi\u00e8re avec ce bracelet de chips naturels de quartz cristal, une pierre connue comme le \u00ab ma\u00eetre gu\u00e9risseur \u00bb. Transparent, \u00e9l\u00e9gant et plein d&rsquo;\u00e9nergie, le quartz cristal amplifie l&rsquo;intention, \u00e9quilibre le corps et \u00e9l\u00e8ve la vibration spirituelle. [&hellip;]<\/p>\n","protected":false},"featured_media":23927,"comment_status":"open","ping_status":"closed","template":"","meta":[],"product_brand":[],"product_cat":[134,109,106],"product_tag":[],"class_list":{"0":"post-26150","1":"product","2":"type-product","3":"status-publish","4":"has-post-thumbnail","6":"product_cat-bracelets","7":"product_cat-mineraux","8":"product_cat-mineraux-et-bijoux","10":"first","11":"instock","12":"shipping-taxable","13":"purchasable","14":"product-type-simple"},"yoast_head":"<!-- This site is optimized with the Yoast SEO plugin v27.2 - https:\/\/yoast.com\/product\/yoast-seo-wordpress\/ -->\n<title>Bracelet de chips de quartz cristal - Mystikus<\/title>\n<meta name=\"robots\" content=\"index, follow, max-snippet:-1, max-image-preview:large, max-video-preview:-1\" \/>\n<link rel=\"canonical\" href=\"https:\/\/mystikus.com\/fr\/producto\/bracelet-de-chips-de-quartz-cristal\/\" \/>\n<meta property=\"og:locale\" content=\"fr_FR\" \/>\n<meta property=\"og:type\" content=\"article\" \/>\n<meta property=\"og:title\" content=\"Bracelet de chips de quartz cristal - Mystikus\" \/>\n<meta property=\"og:description\" content=\"Bracelet de chips de quartz cristal \u2013 Clart\u00e9, \u00e9nergie pure et \u00e9l\u00e9vation spirituelle Ressentez la puret\u00e9 et la lumi\u00e8re avec ce bracelet de chips naturels de quartz cristal, une pierre connue comme le \u00ab ma\u00eetre gu\u00e9risseur \u00bb. Transparent, \u00e9l\u00e9gant et plein d&rsquo;\u00e9nergie, le quartz cristal amplifie l&rsquo;intention, \u00e9quilibre le corps et \u00e9l\u00e8ve la vibration spirituelle. [&hellip;]\" \/>\n<meta property=\"og:url\" content=\"https:\/\/mystikus.com\/fr\/producto\/bracelet-de-chips-de-quartz-cristal\/\" \/>\n<meta property=\"og:site_name\" content=\"Mystikus\" \/>\n<meta property=\"og:image\" content=\"https:\/\/mystikus.com\/wp-content\/uploads\/2025\/07\/Pulsera-de-Chips-de-Cuarzo-Cristal.jpg\" \/>\n\t<meta property=\"og:image:width\" content=\"1587\" \/>\n\t<meta property=\"og:image:height\" content=\"1476\" \/>\n\t<meta property=\"og:image:type\" content=\"image\/jpeg\" \/>\n<meta name=\"twitter:card\" content=\"summary_large_image\" \/>\n<meta name=\"twitter:label1\" content=\"Dur\u00e9e de lecture estim\u00e9e\" \/>\n\t<meta name=\"twitter:data1\" content=\"1 minute\" \/>\n<script type=\"application\/ld+json\" class=\"yoast-schema-graph\">{\"@context\":\"https:\/\/schema.org\",\"@graph\":[{\"@type\":\"WebPage\",\"@id\":\"https:\/\/mystikus.com\/fr\/producto\/bracelet-de-chips-de-quartz-cristal\/\",\"url\":\"https:\/\/mystikus.com\/fr\/producto\/bracelet-de-chips-de-quartz-cristal\/\",\"name\":\"Bracelet de chips de quartz cristal - Mystikus\",\"isPartOf\":{\"@id\":\"https:\/\/mystikus.com\/#website\"},\"primaryImageOfPage\":{\"@id\":\"https:\/\/mystikus.com\/fr\/producto\/bracelet-de-chips-de-quartz-cristal\/#primaryimage\"},\"image\":{\"@id\":\"https:\/\/mystikus.com\/fr\/producto\/bracelet-de-chips-de-quartz-cristal\/#primaryimage\"},\"thumbnailUrl\":\"https:\/\/mystikus.com\/wp-content\/uploads\/2025\/07\/Pulsera-de-Chips-de-Cuarzo-Cristal.jpg\",\"datePublished\":\"2025-07-22T16:41:48+00:00\",\"breadcrumb\":{\"@id\":\"https:\/\/mystikus.com\/fr\/producto\/bracelet-de-chips-de-quartz-cristal\/#breadcrumb\"},\"inLanguage\":\"fr-FR\",\"potentialAction\":[{\"@type\":\"ReadAction\",\"target\":[\"https:\/\/mystikus.com\/fr\/producto\/bracelet-de-chips-de-quartz-cristal\/\"]}]},{\"@type\":\"ImageObject\",\"inLanguage\":\"fr-FR\",\"@id\":\"https:\/\/mystikus.com\/fr\/producto\/bracelet-de-chips-de-quartz-cristal\/#primaryimage\",\"url\":\"https:\/\/mystikus.com\/wp-content\/uploads\/2025\/07\/Pulsera-de-Chips-de-Cuarzo-Cristal.jpg\",\"contentUrl\":\"https:\/\/mystikus.com\/wp-content\/uploads\/2025\/07\/Pulsera-de-Chips-de-Cuarzo-Cristal.jpg\",\"width\":1587,\"height\":1476},{\"@type\":\"BreadcrumbList\",\"@id\":\"https:\/\/mystikus.com\/fr\/producto\/bracelet-de-chips-de-quartz-cristal\/#breadcrumb\",\"itemListElement\":[{\"@type\":\"ListItem\",\"position\":1,\"name\":\"Portada\",\"item\":\"https:\/\/mystikus.com\/fr\/accueil\/\"},{\"@type\":\"ListItem\",\"position\":2,\"name\":\"Boutique\",\"item\":\"https:\/\/mystikus.com\/fr\/boutique\/\"},{\"@type\":\"ListItem\",\"position\":3,\"name\":\"Bracelet de chips de quartz cristal\"}]},{\"@type\":\"WebSite\",\"@id\":\"https:\/\/mystikus.com\/#website\",\"url\":\"https:\/\/mystikus.com\/\",\"name\":\"Mystikus\",\"description\":\"\",\"publisher\":{\"@id\":\"https:\/\/mystikus.com\/#organization\"},\"potentialAction\":[{\"@type\":\"SearchAction\",\"target\":{\"@type\":\"EntryPoint\",\"urlTemplate\":\"https:\/\/mystikus.com\/?s={search_term_string}\"},\"query-input\":{\"@type\":\"PropertyValueSpecification\",\"valueRequired\":true,\"valueName\":\"search_term_string\"}}],\"inLanguage\":\"fr-FR\"},{\"@type\":\"Organization\",\"@id\":\"https:\/\/mystikus.com\/#organization\",\"name\":\"Mystikus\",\"url\":\"https:\/\/mystikus.com\/\",\"logo\":{\"@type\":\"ImageObject\",\"inLanguage\":\"fr-FR\",\"@id\":\"https:\/\/mystikus.com\/#\/schema\/logo\/image\/\",\"url\":\"https:\/\/mystikus.com\/wp-content\/uploads\/2025\/06\/logo-instgaram-shop.jpg\",\"contentUrl\":\"https:\/\/mystikus.com\/wp-content\/uploads\/2025\/06\/logo-instgaram-shop.jpg\",\"width\":227,\"height\":227,\"caption\":\"Mystikus\"},\"image\":{\"@id\":\"https:\/\/mystikus.com\/#\/schema\/logo\/image\/\"}}]}<\/script>\n<!-- \/ Yoast SEO plugin. -->","yoast_head_json":{"title":"Bracelet de chips de quartz cristal - Mystikus","robots":{"index":"index","follow":"follow","max-snippet":"max-snippet:-1","max-image-preview":"max-image-preview:large","max-video-preview":"max-video-preview:-1"},"canonical":"https:\/\/mystikus.com\/fr\/producto\/bracelet-de-chips-de-quartz-cristal\/","og_locale":"fr_FR","og_type":"article","og_title":"Bracelet de chips de quartz cristal - Mystikus","og_description":"Bracelet de chips de quartz cristal \u2013 Clart\u00e9, \u00e9nergie pure et \u00e9l\u00e9vation spirituelle Ressentez la puret\u00e9 et la lumi\u00e8re avec ce bracelet de chips naturels de quartz cristal, une pierre connue comme le \u00ab ma\u00eetre gu\u00e9risseur \u00bb. Transparent, \u00e9l\u00e9gant et plein d&rsquo;\u00e9nergie, le quartz cristal amplifie l&rsquo;intention, \u00e9quilibre le corps et \u00e9l\u00e8ve la vibration spirituelle. [&hellip;]","og_url":"https:\/\/mystikus.com\/fr\/producto\/bracelet-de-chips-de-quartz-cristal\/","og_site_name":"Mystikus","og_image":[{"width":1587,"height":1476,"url":"https:\/\/mystikus.com\/wp-content\/uploads\/2025\/07\/Pulsera-de-Chips-de-Cuarzo-Cristal.jpg","type":"image\/jpeg"}],"twitter_card":"summary_large_image","twitter_misc":{"Dur\u00e9e de lecture estim\u00e9e":"1 minute"},"schema":{"@context":"https:\/\/schema.org","@graph":[{"@type":"WebPage","@id":"https:\/\/mystikus.com\/fr\/producto\/bracelet-de-chips-de-quartz-cristal\/","url":"https:\/\/mystikus.com\/fr\/producto\/bracelet-de-chips-de-quartz-cristal\/","name":"Bracelet de chips de quartz cristal - Mystikus","isPartOf":{"@id":"https:\/\/mystikus.com\/#website"},"primaryImageOfPage":{"@id":"https:\/\/mystikus.com\/fr\/producto\/bracelet-de-chips-de-quartz-cristal\/#primaryimage"},"image":{"@id":"https:\/\/mystikus.com\/fr\/producto\/bracelet-de-chips-de-quartz-cristal\/#primaryimage"},"thumbnailUrl":"https:\/\/mystikus.com\/wp-content\/uploads\/2025\/07\/Pulsera-de-Chips-de-Cuarzo-Cristal.jpg","datePublished":"2025-07-22T16:41:48+00:00","breadcrumb":{"@id":"https:\/\/mystikus.com\/fr\/producto\/bracelet-de-chips-de-quartz-cristal\/#breadcrumb"},"inLanguage":"fr-FR","potentialAction":[{"@type":"ReadAction","target":["https:\/\/mystikus.com\/fr\/producto\/bracelet-de-chips-de-quartz-cristal\/"]}]},{"@type":"ImageObject","inLanguage":"fr-FR","@id":"https:\/\/mystikus.com\/fr\/producto\/bracelet-de-chips-de-quartz-cristal\/#primaryimage","url":"https:\/\/mystikus.com\/wp-content\/uploads\/2025\/07\/Pulsera-de-Chips-de-Cuarzo-Cristal.jpg","contentUrl":"https:\/\/mystikus.com\/wp-content\/uploads\/2025\/07\/Pulsera-de-Chips-de-Cuarzo-Cristal.jpg","width":1587,"height":1476},{"@type":"BreadcrumbList","@id":"https:\/\/mystikus.com\/fr\/producto\/bracelet-de-chips-de-quartz-cristal\/#breadcrumb","itemListElement":[{"@type":"ListItem","position":1,"name":"Portada","item":"https:\/\/mystikus.com\/fr\/accueil\/"},{"@type":"ListItem","position":2,"name":"Boutique","item":"https:\/\/mystikus.com\/fr\/boutique\/"},{"@type":"ListItem","position":3,"name":"Bracelet de chips de quartz cristal"}]},{"@type":"WebSite","@id":"https:\/\/mystikus.com\/#website","url":"https:\/\/mystikus.com\/","name":"Mystikus","description":"","publisher":{"@id":"https:\/\/mystikus.com\/#organization"},"potentialAction":[{"@type":"SearchAction","target":{"@type":"EntryPoint","urlTemplate":"https:\/\/mystikus.com\/?s={search_term_string}"},"query-input":{"@type":"PropertyValueSpecification","valueRequired":true,"valueName":"search_term_string"}}],"inLanguage":"fr-FR"},{"@type":"Organization","@id":"https:\/\/mystikus.com\/#organization","name":"Mystikus","url":"https:\/\/mystikus.com\/","logo":{"@type":"ImageObject","inLanguage":"fr-FR","@id":"https:\/\/mystikus.com\/#\/schema\/logo\/image\/","url":"https:\/\/mystikus.com\/wp-content\/uploads\/2025\/06\/logo-instgaram-shop.jpg","contentUrl":"https:\/\/mystikus.com\/wp-content\/uploads\/2025\/06\/logo-instgaram-shop.jpg","width":227,"height":227,"caption":"Mystikus"},"image":{"@id":"https:\/\/mystikus.com\/#\/schema\/logo\/image\/"}}]}},"_links":{"self":[{"href":"https:\/\/mystikus.com\/fr\/wp-json\/wp\/v2\/product\/26150","targetHints":{"allow":["GET"]}}],"collection":[{"href":"https:\/\/mystikus.com\/fr\/wp-json\/wp\/v2\/product"}],"about":[{"href":"https:\/\/mystikus.com\/fr\/wp-json\/wp\/v2\/types\/product"}],"replies":[{"embeddable":true,"href":"https:\/\/mystikus.com\/fr\/wp-json\/wp\/v2\/comments?post=26150"}],"wp:featuredmedia":[{"embeddable":true,"href":"https:\/\/mystikus.com\/fr\/wp-json\/wp\/v2\/media\/23927"}],"wp:attachment":[{"href":"https:\/\/mystikus.com\/fr\/wp-json\/wp\/v2\/media?parent=26150"}],"wp:term":[{"taxonomy":"product_brand","embeddable":true,"href":"https:\/\/mystikus.com\/fr\/wp-json\/wp\/v2\/product_brand?post=26150"},{"taxonomy":"product_cat","embeddable":true,"href":"https:\/\/mystikus.com\/fr\/wp-json\/wp\/v2\/product_cat?post=26150"},{"taxonomy":"product_tag","embeddable":true,"href":"https:\/\/mystikus.com\/fr\/wp-json\/wp\/v2\/product_tag?post=26150"}],"curies":[{"name":"wp","href":"https:\/\/api.w.org\/{rel}","templated":true}]}}