{"id":26239,"date":"2025-07-19T11:46:19","date_gmt":"2025-07-19T09:46:19","guid":{"rendered":"https:\/\/mystikus.com\/producto\/bracelet-sept-noeuds-rouge\/"},"modified":"2025-07-19T11:46:19","modified_gmt":"2025-07-19T09:46:19","slug":"bracelet-sept-noeuds-rouge","status":"publish","type":"product","link":"https:\/\/mystikus.com\/fr\/producto\/bracelet-sept-noeuds-rouge\/","title":{"rendered":"Bracelet Sept N\u0153uds Rouge"},"content":{"rendered":"<p data-start=\"155\" data-end=\"229\"><strong data-start=\"155\" data-end=\"229\">\u00ab Bracelet Rouge des Sept N\u0153uds \u2013 Protection, \u00c9nergie et Bonne Chance \u00bb<\/strong><\/p>\n<p data-start=\"231\" data-end=\"403\">Inspir\u00e9 des anciennes traditions de protection spirituelle, le bracelet rouge \u00e0 sept n\u0153uds est une amulette puissante contre l&rsquo;envie, le mauvais \u0153il et les \u00e9nergies n\u00e9gatives.<\/p>\n<p data-start=\"405\" data-end=\"676\">Chacun de ses sept n\u0153uds repr\u00e9sente une barri\u00e8re de protection et est associ\u00e9 \u00e0 des souhaits de sant\u00e9, d&rsquo;amour, de prosp\u00e9rit\u00e9, de force, de paix int\u00e9rieure, d&rsquo;\u00e9quilibre et de bonne chance. La couleur rouge symbolise la vie, la passion et l&rsquo;\u00e9nergie positive, agissant comme un bouclier spirituel. <\/p>\n<p data-start=\"678\" data-end=\"859\">Fabriqu\u00e9 \u00e0 la main avec du fil rouge r\u00e9sistant et un design ajustable pour plus de confort, ce bracelet est id\u00e9al \u00e0 porter au quotidien comme symbole de foi, de force int\u00e9rieure et de connexion avec le divin.<\/p>\n<p data-start=\"861\" data-end=\"1012\">Un accessoire charg\u00e9 d&rsquo;intention, parfait comme cadeau pour des amis, des \u00eatres chers ou pour vous-m\u00eame comme rappel de protection et d&rsquo;\u00e9nergie renouvel\u00e9e.<\/p>\n","protected":false},"excerpt":{"rendered":"<p>\u00ab Bracelet Rouge des Sept N\u0153uds \u2013 Protection, \u00c9nergie et Bonne Chance \u00bb Inspir\u00e9 des anciennes traditions de protection spirituelle, le bracelet rouge \u00e0 sept n\u0153uds est une amulette puissante contre l&rsquo;envie, le mauvais \u0153il et les \u00e9nergies n\u00e9gatives. Chacun de ses sept n\u0153uds repr\u00e9sente une barri\u00e8re de protection et est associ\u00e9 \u00e0 des souhaits [&hellip;]<\/p>\n","protected":false},"featured_media":23899,"comment_status":"open","ping_status":"closed","template":"","meta":[],"product_brand":[],"product_cat":[254,139,222],"product_tag":[],"class_list":{"0":"post-26239","1":"product","2":"type-product","3":"status-publish","4":"has-post-thumbnail","6":"product_cat-bracelets-spirituels","7":"product_cat-esoteriques","8":"product_cat-talismans-et-amulettes","10":"first","11":"instock","12":"shipping-taxable","13":"purchasable","14":"product-type-simple"},"yoast_head":"<!-- This site is optimized with the Yoast SEO plugin v27.2 - https:\/\/yoast.com\/product\/yoast-seo-wordpress\/ -->\n<title>Bracelet Sept N\u0153uds Rouge - Mystikus<\/title>\n<meta name=\"robots\" content=\"index, follow, max-snippet:-1, max-image-preview:large, max-video-preview:-1\" \/>\n<link rel=\"canonical\" href=\"https:\/\/mystikus.com\/fr\/producto\/bracelet-sept-noeuds-rouge\/\" \/>\n<meta property=\"og:locale\" content=\"fr_FR\" \/>\n<meta property=\"og:type\" content=\"article\" \/>\n<meta property=\"og:title\" content=\"Bracelet Sept N\u0153uds Rouge - Mystikus\" \/>\n<meta property=\"og:description\" content=\"\u00ab Bracelet Rouge des Sept N\u0153uds \u2013 Protection, \u00c9nergie et Bonne Chance \u00bb Inspir\u00e9 des anciennes traditions de protection spirituelle, le bracelet rouge \u00e0 sept n\u0153uds est une amulette puissante contre l&rsquo;envie, le mauvais \u0153il et les \u00e9nergies n\u00e9gatives. Chacun de ses sept n\u0153uds repr\u00e9sente une barri\u00e8re de protection et est associ\u00e9 \u00e0 des souhaits [&hellip;]\" \/>\n<meta property=\"og:url\" content=\"https:\/\/mystikus.com\/fr\/producto\/bracelet-sept-noeuds-rouge\/\" \/>\n<meta property=\"og:site_name\" content=\"Mystikus\" \/>\n<meta property=\"og:image\" content=\"https:\/\/mystikus.com\/wp-content\/uploads\/2025\/07\/Pulsera-Siete-Nudos-Roja.jpg\" \/>\n\t<meta property=\"og:image:width\" content=\"1587\" \/>\n\t<meta property=\"og:image:height\" content=\"1476\" \/>\n\t<meta property=\"og:image:type\" content=\"image\/jpeg\" \/>\n<meta name=\"twitter:card\" content=\"summary_large_image\" \/>\n<meta name=\"twitter:label1\" content=\"Dur\u00e9e de lecture estim\u00e9e\" \/>\n\t<meta name=\"twitter:data1\" content=\"1 minute\" \/>\n<script type=\"application\/ld+json\" class=\"yoast-schema-graph\">{\"@context\":\"https:\/\/schema.org\",\"@graph\":[{\"@type\":\"WebPage\",\"@id\":\"https:\/\/mystikus.com\/fr\/producto\/bracelet-sept-noeuds-rouge\/\",\"url\":\"https:\/\/mystikus.com\/fr\/producto\/bracelet-sept-noeuds-rouge\/\",\"name\":\"Bracelet Sept N\u0153uds Rouge - Mystikus\",\"isPartOf\":{\"@id\":\"https:\/\/mystikus.com\/#website\"},\"primaryImageOfPage\":{\"@id\":\"https:\/\/mystikus.com\/fr\/producto\/bracelet-sept-noeuds-rouge\/#primaryimage\"},\"image\":{\"@id\":\"https:\/\/mystikus.com\/fr\/producto\/bracelet-sept-noeuds-rouge\/#primaryimage\"},\"thumbnailUrl\":\"https:\/\/mystikus.com\/wp-content\/uploads\/2025\/07\/Pulsera-Siete-Nudos-Roja.jpg\",\"datePublished\":\"2025-07-19T09:46:19+00:00\",\"breadcrumb\":{\"@id\":\"https:\/\/mystikus.com\/fr\/producto\/bracelet-sept-noeuds-rouge\/#breadcrumb\"},\"inLanguage\":\"fr-FR\",\"potentialAction\":[{\"@type\":\"ReadAction\",\"target\":[\"https:\/\/mystikus.com\/fr\/producto\/bracelet-sept-noeuds-rouge\/\"]}]},{\"@type\":\"ImageObject\",\"inLanguage\":\"fr-FR\",\"@id\":\"https:\/\/mystikus.com\/fr\/producto\/bracelet-sept-noeuds-rouge\/#primaryimage\",\"url\":\"https:\/\/mystikus.com\/wp-content\/uploads\/2025\/07\/Pulsera-Siete-Nudos-Roja.jpg\",\"contentUrl\":\"https:\/\/mystikus.com\/wp-content\/uploads\/2025\/07\/Pulsera-Siete-Nudos-Roja.jpg\",\"width\":1587,\"height\":1476},{\"@type\":\"BreadcrumbList\",\"@id\":\"https:\/\/mystikus.com\/fr\/producto\/bracelet-sept-noeuds-rouge\/#breadcrumb\",\"itemListElement\":[{\"@type\":\"ListItem\",\"position\":1,\"name\":\"Portada\",\"item\":\"https:\/\/mystikus.com\/fr\/accueil\/\"},{\"@type\":\"ListItem\",\"position\":2,\"name\":\"Boutique\",\"item\":\"https:\/\/mystikus.com\/fr\/boutique\/\"},{\"@type\":\"ListItem\",\"position\":3,\"name\":\"Bracelet Sept N\u0153uds Rouge\"}]},{\"@type\":\"WebSite\",\"@id\":\"https:\/\/mystikus.com\/#website\",\"url\":\"https:\/\/mystikus.com\/\",\"name\":\"Mystikus\",\"description\":\"\",\"publisher\":{\"@id\":\"https:\/\/mystikus.com\/#organization\"},\"potentialAction\":[{\"@type\":\"SearchAction\",\"target\":{\"@type\":\"EntryPoint\",\"urlTemplate\":\"https:\/\/mystikus.com\/?s={search_term_string}\"},\"query-input\":{\"@type\":\"PropertyValueSpecification\",\"valueRequired\":true,\"valueName\":\"search_term_string\"}}],\"inLanguage\":\"fr-FR\"},{\"@type\":\"Organization\",\"@id\":\"https:\/\/mystikus.com\/#organization\",\"name\":\"Mystikus\",\"url\":\"https:\/\/mystikus.com\/\",\"logo\":{\"@type\":\"ImageObject\",\"inLanguage\":\"fr-FR\",\"@id\":\"https:\/\/mystikus.com\/#\/schema\/logo\/image\/\",\"url\":\"https:\/\/mystikus.com\/wp-content\/uploads\/2025\/06\/logo-instgaram-shop.jpg\",\"contentUrl\":\"https:\/\/mystikus.com\/wp-content\/uploads\/2025\/06\/logo-instgaram-shop.jpg\",\"width\":227,\"height\":227,\"caption\":\"Mystikus\"},\"image\":{\"@id\":\"https:\/\/mystikus.com\/#\/schema\/logo\/image\/\"}}]}<\/script>\n<!-- \/ Yoast SEO plugin. -->","yoast_head_json":{"title":"Bracelet Sept N\u0153uds Rouge - Mystikus","robots":{"index":"index","follow":"follow","max-snippet":"max-snippet:-1","max-image-preview":"max-image-preview:large","max-video-preview":"max-video-preview:-1"},"canonical":"https:\/\/mystikus.com\/fr\/producto\/bracelet-sept-noeuds-rouge\/","og_locale":"fr_FR","og_type":"article","og_title":"Bracelet Sept N\u0153uds Rouge - Mystikus","og_description":"\u00ab Bracelet Rouge des Sept N\u0153uds \u2013 Protection, \u00c9nergie et Bonne Chance \u00bb Inspir\u00e9 des anciennes traditions de protection spirituelle, le bracelet rouge \u00e0 sept n\u0153uds est une amulette puissante contre l&rsquo;envie, le mauvais \u0153il et les \u00e9nergies n\u00e9gatives. Chacun de ses sept n\u0153uds repr\u00e9sente une barri\u00e8re de protection et est associ\u00e9 \u00e0 des souhaits [&hellip;]","og_url":"https:\/\/mystikus.com\/fr\/producto\/bracelet-sept-noeuds-rouge\/","og_site_name":"Mystikus","og_image":[{"width":1587,"height":1476,"url":"https:\/\/mystikus.com\/wp-content\/uploads\/2025\/07\/Pulsera-Siete-Nudos-Roja.jpg","type":"image\/jpeg"}],"twitter_card":"summary_large_image","twitter_misc":{"Dur\u00e9e de lecture estim\u00e9e":"1 minute"},"schema":{"@context":"https:\/\/schema.org","@graph":[{"@type":"WebPage","@id":"https:\/\/mystikus.com\/fr\/producto\/bracelet-sept-noeuds-rouge\/","url":"https:\/\/mystikus.com\/fr\/producto\/bracelet-sept-noeuds-rouge\/","name":"Bracelet Sept N\u0153uds Rouge - Mystikus","isPartOf":{"@id":"https:\/\/mystikus.com\/#website"},"primaryImageOfPage":{"@id":"https:\/\/mystikus.com\/fr\/producto\/bracelet-sept-noeuds-rouge\/#primaryimage"},"image":{"@id":"https:\/\/mystikus.com\/fr\/producto\/bracelet-sept-noeuds-rouge\/#primaryimage"},"thumbnailUrl":"https:\/\/mystikus.com\/wp-content\/uploads\/2025\/07\/Pulsera-Siete-Nudos-Roja.jpg","datePublished":"2025-07-19T09:46:19+00:00","breadcrumb":{"@id":"https:\/\/mystikus.com\/fr\/producto\/bracelet-sept-noeuds-rouge\/#breadcrumb"},"inLanguage":"fr-FR","potentialAction":[{"@type":"ReadAction","target":["https:\/\/mystikus.com\/fr\/producto\/bracelet-sept-noeuds-rouge\/"]}]},{"@type":"ImageObject","inLanguage":"fr-FR","@id":"https:\/\/mystikus.com\/fr\/producto\/bracelet-sept-noeuds-rouge\/#primaryimage","url":"https:\/\/mystikus.com\/wp-content\/uploads\/2025\/07\/Pulsera-Siete-Nudos-Roja.jpg","contentUrl":"https:\/\/mystikus.com\/wp-content\/uploads\/2025\/07\/Pulsera-Siete-Nudos-Roja.jpg","width":1587,"height":1476},{"@type":"BreadcrumbList","@id":"https:\/\/mystikus.com\/fr\/producto\/bracelet-sept-noeuds-rouge\/#breadcrumb","itemListElement":[{"@type":"ListItem","position":1,"name":"Portada","item":"https:\/\/mystikus.com\/fr\/accueil\/"},{"@type":"ListItem","position":2,"name":"Boutique","item":"https:\/\/mystikus.com\/fr\/boutique\/"},{"@type":"ListItem","position":3,"name":"Bracelet Sept N\u0153uds Rouge"}]},{"@type":"WebSite","@id":"https:\/\/mystikus.com\/#website","url":"https:\/\/mystikus.com\/","name":"Mystikus","description":"","publisher":{"@id":"https:\/\/mystikus.com\/#organization"},"potentialAction":[{"@type":"SearchAction","target":{"@type":"EntryPoint","urlTemplate":"https:\/\/mystikus.com\/?s={search_term_string}"},"query-input":{"@type":"PropertyValueSpecification","valueRequired":true,"valueName":"search_term_string"}}],"inLanguage":"fr-FR"},{"@type":"Organization","@id":"https:\/\/mystikus.com\/#organization","name":"Mystikus","url":"https:\/\/mystikus.com\/","logo":{"@type":"ImageObject","inLanguage":"fr-FR","@id":"https:\/\/mystikus.com\/#\/schema\/logo\/image\/","url":"https:\/\/mystikus.com\/wp-content\/uploads\/2025\/06\/logo-instgaram-shop.jpg","contentUrl":"https:\/\/mystikus.com\/wp-content\/uploads\/2025\/06\/logo-instgaram-shop.jpg","width":227,"height":227,"caption":"Mystikus"},"image":{"@id":"https:\/\/mystikus.com\/#\/schema\/logo\/image\/"}}]}},"_links":{"self":[{"href":"https:\/\/mystikus.com\/fr\/wp-json\/wp\/v2\/product\/26239","targetHints":{"allow":["GET"]}}],"collection":[{"href":"https:\/\/mystikus.com\/fr\/wp-json\/wp\/v2\/product"}],"about":[{"href":"https:\/\/mystikus.com\/fr\/wp-json\/wp\/v2\/types\/product"}],"replies":[{"embeddable":true,"href":"https:\/\/mystikus.com\/fr\/wp-json\/wp\/v2\/comments?post=26239"}],"wp:featuredmedia":[{"embeddable":true,"href":"https:\/\/mystikus.com\/fr\/wp-json\/wp\/v2\/media\/23899"}],"wp:attachment":[{"href":"https:\/\/mystikus.com\/fr\/wp-json\/wp\/v2\/media?parent=26239"}],"wp:term":[{"taxonomy":"product_brand","embeddable":true,"href":"https:\/\/mystikus.com\/fr\/wp-json\/wp\/v2\/product_brand?post=26239"},{"taxonomy":"product_cat","embeddable":true,"href":"https:\/\/mystikus.com\/fr\/wp-json\/wp\/v2\/product_cat?post=26239"},{"taxonomy":"product_tag","embeddable":true,"href":"https:\/\/mystikus.com\/fr\/wp-json\/wp\/v2\/product_tag?post=26239"}],"curies":[{"name":"wp","href":"https:\/\/api.w.org\/{rel}","templated":true}]}}