{"id":26432,"date":"2025-11-25T15:37:53","date_gmt":"2025-11-25T14:37:53","guid":{"rendered":"https:\/\/mystikus.com\/producto\/rituel-du-nouvel-an\/"},"modified":"2025-11-25T15:37:53","modified_gmt":"2025-11-25T14:37:53","slug":"rituel-du-nouvel-an","status":"publish","type":"product","link":"https:\/\/mystikus.com\/fr\/producto\/rituel-du-nouvel-an\/","title":{"rendered":"Rituel du Nouvel An"},"content":{"rendered":"<p data-start=\"210\" data-end=\"336\"><strong data-start=\"214\" data-end=\"266\">Rituel \u00c9sot\u00e9rique du Nouvel An<\/strong><\/p>\n<p data-start=\"210\" data-end=\"336\"><strong data-start=\"273\" data-end=\"336\">Un nouveau cycle. Une nouvelle \u00e9nergie. Une nouvelle version de vous.  <\/strong><\/p>\n<p data-start=\"338\" data-end=\"589\">En ce Nouvel An, transformez votre foyer en un sanctuaire de renouveau avec notre <strong data-start=\"416\" data-end=\"449\">Rituel \u00c9sot\u00e9rique du Nouvel An<\/strong>, un kit soigneusement pr\u00e9par\u00e9 pour que vous viviez une exp\u00e9rience profonde, symbolique et pleine d&rsquo;intention, sans avoir \u00e0 quitter votre domicile.<\/p>\n<p data-start=\"591\" data-end=\"814\">Chaque \u00e9l\u00e9ment a \u00e9t\u00e9 s\u00e9lectionn\u00e9 en suivant des traditions ancestrales et des pratiques contemporaines de bien-\u00eatre \u00e9nerg\u00e9tique, afin que vous puissiez dire adieu \u00e0 l&rsquo;ann\u00e9e qui se termine et accueillir celle qui commence avec clart\u00e9, s\u00e9r\u00e9nit\u00e9 et d\u00e9termination.<\/p>\n<hr data-start=\"816\" data-end=\"819\">\n<h3 data-start=\"821\" data-end=\"855\">\ud83d\udd2e <strong data-start=\"828\" data-end=\"855\">Que comprend le Rituel ?<\/strong><\/h3>\n<p data-start=\"857\" data-end=\"970\">\u2728 <strong data-start=\"859\" data-end=\"881\">Bougie d&rsquo;intention<\/strong><br data-start=\"881\" data-end=\"884\">Cr\u00e9\u00e9es sp\u00e9cialement pour travailler la cl\u00f4ture des cycles, la lumi\u00e8re int\u00e9rieure et les nouveaux d\u00e9parts.<\/p>\n<p data-start=\"972\" data-end=\"1091\">\ud83c\udf3f <strong data-start=\"975\" data-end=\"1010\">M\u00e9lange d&rsquo;herbes purificatrices<\/strong><br data-start=\"1010\" data-end=\"1013\">S\u00e9lectionn\u00e9es pour vous aider \u00e0 cr\u00e9er une ambiance de nettoyage symbolique et de calme.<\/p>\n<p data-start=\"1216\" data-end=\"1341\">\ud83d\udc8e <strong data-start=\"1219\" data-end=\"1253\">Pierres et amulette de renouveau<\/strong><br data-start=\"1253\" data-end=\"1256\">Choisi pour son \u00e9nergie associ\u00e9e \u00e0 l&rsquo;introspection et \u00e0 l&rsquo;impulsion de nouveaux objectifs.<\/p>\n<p data-start=\"1343\" data-end=\"1506\">\ud83d\udcdc <strong data-start=\"1346\" data-end=\"1374\">Guide complet du rituel<\/strong><br data-start=\"1374\" data-end=\"1377\">Instructions pas \u00e0 pas, m\u00e9ditation guid\u00e9e \u00e9crite, mots d&rsquo;ouverture et de cl\u00f4ture, et suggestions pour potentialiser l&rsquo;exp\u00e9rience.<\/p>\n","protected":false},"excerpt":{"rendered":"<p data-start=\"210\" data-end=\"336\"><strong data-start=\"214\" data-end=\"266\">Rituel \u00c9sot\u00e9rique du Nouvel An<\/strong><\/p>\n<p data-start=\"210\" data-end=\"336\"><strong data-start=\"273\" data-end=\"336\">Un nouveau cycle. Une nouvelle \u00e9nergie. Une nouvelle version de vous.  <\/strong><\/p>\n<p data-start=\"338\" data-end=\"589\">En ce Nouvel An, transformez votre foyer en un sanctuaire de renouveau avec notre <strong data-start=\"416\" data-end=\"449\">Rituel \u00c9sot\u00e9rique du Nouvel An<\/strong>, un kit soigneusement pr\u00e9par\u00e9 pour que vous viviez une exp\u00e9rience profonde, symbolique et pleine d&rsquo;intention, sans avoir \u00e0 quitter votre domicile.<\/p>\n<p data-start=\"591\" data-end=\"814\">Chaque \u00e9l\u00e9ment a \u00e9t\u00e9 s\u00e9lectionn\u00e9 en suivant des traditions ancestrales et des pratiques contemporaines de bien-\u00eatre \u00e9nerg\u00e9tique, afin que vous puissiez dire adieu \u00e0 l&rsquo;ann\u00e9e qui se termine et accueillir celle qui commence avec clart\u00e9, s\u00e9r\u00e9nit\u00e9 et d\u00e9termination.<\/p>\n","protected":false},"featured_media":26422,"comment_status":"open","ping_status":"closed","template":"","meta":[],"product_brand":[31],"product_cat":[139,144],"product_tag":[],"class_list":{"0":"post-26432","1":"product","2":"type-product","3":"status-publish","4":"has-post-thumbnail","6":"product_brand-mystikus","7":"product_cat-esoteriques","8":"product_cat-rituels-premium","10":"first","11":"instock","12":"shipping-taxable","13":"purchasable","14":"product-type-simple"},"yoast_head":"<!-- This site is optimized with the Yoast SEO plugin v27.2 - https:\/\/yoast.com\/product\/yoast-seo-wordpress\/ -->\n<title>Rituel du Nouvel An - Mystikus<\/title>\n<meta name=\"robots\" content=\"index, follow, max-snippet:-1, max-image-preview:large, max-video-preview:-1\" \/>\n<link rel=\"canonical\" href=\"https:\/\/mystikus.com\/fr\/producto\/rituel-du-nouvel-an\/\" \/>\n<meta property=\"og:locale\" content=\"fr_FR\" \/>\n<meta property=\"og:type\" content=\"article\" \/>\n<meta property=\"og:title\" content=\"Rituel du Nouvel An - Mystikus\" \/>\n<meta property=\"og:description\" content=\"Rituel \u00c9sot\u00e9rique du Nouvel An Un nouveau cycle. Une nouvelle \u00e9nergie. Une nouvelle version de vous.  En ce Nouvel An, transformez votre foyer en un sanctuaire de renouveau avec notre Rituel \u00c9sot\u00e9rique du Nouvel An, un kit soigneusement pr\u00e9par\u00e9 pour que vous viviez une exp\u00e9rience profonde, symbolique et pleine d&#039;intention, sans avoir \u00e0 quitter votre domicile. Chaque \u00e9l\u00e9ment a \u00e9t\u00e9 s\u00e9lectionn\u00e9 en suivant des traditions ancestrales et des pratiques contemporaines de bien-\u00eatre \u00e9nerg\u00e9tique, afin que vous puissiez dire adieu \u00e0 l&#039;ann\u00e9e qui se termine et accueillir celle qui commence avec clart\u00e9, s\u00e9r\u00e9nit\u00e9 et d\u00e9termination.\" \/>\n<meta property=\"og:url\" content=\"https:\/\/mystikus.com\/fr\/producto\/rituel-du-nouvel-an\/\" \/>\n<meta property=\"og:site_name\" content=\"Mystikus\" \/>\n<meta property=\"og:image\" content=\"https:\/\/mystikus.com\/wp-content\/uploads\/2025\/11\/ano-novo-2026-1.jpg\" \/>\n\t<meta property=\"og:image:width\" content=\"1080\" \/>\n\t<meta property=\"og:image:height\" content=\"1080\" \/>\n\t<meta property=\"og:image:type\" content=\"image\/jpeg\" \/>\n<meta name=\"twitter:card\" content=\"summary_large_image\" \/>\n<meta name=\"twitter:label1\" content=\"Dur\u00e9e de lecture estim\u00e9e\" \/>\n\t<meta name=\"twitter:data1\" content=\"1 minute\" \/>\n<script type=\"application\/ld+json\" class=\"yoast-schema-graph\">{\"@context\":\"https:\/\/schema.org\",\"@graph\":[{\"@type\":\"WebPage\",\"@id\":\"https:\/\/mystikus.com\/fr\/producto\/rituel-du-nouvel-an\/\",\"url\":\"https:\/\/mystikus.com\/fr\/producto\/rituel-du-nouvel-an\/\",\"name\":\"Rituel du Nouvel An - Mystikus\",\"isPartOf\":{\"@id\":\"https:\/\/mystikus.com\/#website\"},\"primaryImageOfPage\":{\"@id\":\"https:\/\/mystikus.com\/fr\/producto\/rituel-du-nouvel-an\/#primaryimage\"},\"image\":{\"@id\":\"https:\/\/mystikus.com\/fr\/producto\/rituel-du-nouvel-an\/#primaryimage\"},\"thumbnailUrl\":\"https:\/\/mystikus.com\/wp-content\/uploads\/2025\/11\/ano-novo-2026-1.jpg\",\"datePublished\":\"2025-11-25T14:37:53+00:00\",\"breadcrumb\":{\"@id\":\"https:\/\/mystikus.com\/fr\/producto\/rituel-du-nouvel-an\/#breadcrumb\"},\"inLanguage\":\"fr-FR\",\"potentialAction\":[{\"@type\":\"ReadAction\",\"target\":[\"https:\/\/mystikus.com\/fr\/producto\/rituel-du-nouvel-an\/\"]}]},{\"@type\":\"ImageObject\",\"inLanguage\":\"fr-FR\",\"@id\":\"https:\/\/mystikus.com\/fr\/producto\/rituel-du-nouvel-an\/#primaryimage\",\"url\":\"https:\/\/mystikus.com\/wp-content\/uploads\/2025\/11\/ano-novo-2026-1.jpg\",\"contentUrl\":\"https:\/\/mystikus.com\/wp-content\/uploads\/2025\/11\/ano-novo-2026-1.jpg\",\"width\":1080,\"height\":1080,\"caption\":\"ano novo 2026 - 1\"},{\"@type\":\"BreadcrumbList\",\"@id\":\"https:\/\/mystikus.com\/fr\/producto\/rituel-du-nouvel-an\/#breadcrumb\",\"itemListElement\":[{\"@type\":\"ListItem\",\"position\":1,\"name\":\"Portada\",\"item\":\"https:\/\/mystikus.com\/fr\/accueil\/\"},{\"@type\":\"ListItem\",\"position\":2,\"name\":\"Boutique\",\"item\":\"https:\/\/mystikus.com\/fr\/boutique\/\"},{\"@type\":\"ListItem\",\"position\":3,\"name\":\"Rituel du Nouvel An\"}]},{\"@type\":\"WebSite\",\"@id\":\"https:\/\/mystikus.com\/#website\",\"url\":\"https:\/\/mystikus.com\/\",\"name\":\"Mystikus\",\"description\":\"\",\"publisher\":{\"@id\":\"https:\/\/mystikus.com\/#organization\"},\"potentialAction\":[{\"@type\":\"SearchAction\",\"target\":{\"@type\":\"EntryPoint\",\"urlTemplate\":\"https:\/\/mystikus.com\/?s={search_term_string}\"},\"query-input\":{\"@type\":\"PropertyValueSpecification\",\"valueRequired\":true,\"valueName\":\"search_term_string\"}}],\"inLanguage\":\"fr-FR\"},{\"@type\":\"Organization\",\"@id\":\"https:\/\/mystikus.com\/#organization\",\"name\":\"Mystikus\",\"url\":\"https:\/\/mystikus.com\/\",\"logo\":{\"@type\":\"ImageObject\",\"inLanguage\":\"fr-FR\",\"@id\":\"https:\/\/mystikus.com\/#\/schema\/logo\/image\/\",\"url\":\"https:\/\/mystikus.com\/wp-content\/uploads\/2025\/06\/logo-instgaram-shop.jpg\",\"contentUrl\":\"https:\/\/mystikus.com\/wp-content\/uploads\/2025\/06\/logo-instgaram-shop.jpg\",\"width\":227,\"height\":227,\"caption\":\"Mystikus\"},\"image\":{\"@id\":\"https:\/\/mystikus.com\/#\/schema\/logo\/image\/\"}}]}<\/script>\n<!-- \/ Yoast SEO plugin. -->","yoast_head_json":{"title":"Rituel du Nouvel An - Mystikus","robots":{"index":"index","follow":"follow","max-snippet":"max-snippet:-1","max-image-preview":"max-image-preview:large","max-video-preview":"max-video-preview:-1"},"canonical":"https:\/\/mystikus.com\/fr\/producto\/rituel-du-nouvel-an\/","og_locale":"fr_FR","og_type":"article","og_title":"Rituel du Nouvel An - Mystikus","og_description":"Rituel \u00c9sot\u00e9rique du Nouvel An Un nouveau cycle. Une nouvelle \u00e9nergie. Une nouvelle version de vous.  En ce Nouvel An, transformez votre foyer en un sanctuaire de renouveau avec notre Rituel \u00c9sot\u00e9rique du Nouvel An, un kit soigneusement pr\u00e9par\u00e9 pour que vous viviez une exp\u00e9rience profonde, symbolique et pleine d'intention, sans avoir \u00e0 quitter votre domicile. Chaque \u00e9l\u00e9ment a \u00e9t\u00e9 s\u00e9lectionn\u00e9 en suivant des traditions ancestrales et des pratiques contemporaines de bien-\u00eatre \u00e9nerg\u00e9tique, afin que vous puissiez dire adieu \u00e0 l'ann\u00e9e qui se termine et accueillir celle qui commence avec clart\u00e9, s\u00e9r\u00e9nit\u00e9 et d\u00e9termination.","og_url":"https:\/\/mystikus.com\/fr\/producto\/rituel-du-nouvel-an\/","og_site_name":"Mystikus","og_image":[{"width":1080,"height":1080,"url":"https:\/\/mystikus.com\/wp-content\/uploads\/2025\/11\/ano-novo-2026-1.jpg","type":"image\/jpeg"}],"twitter_card":"summary_large_image","twitter_misc":{"Dur\u00e9e de lecture estim\u00e9e":"1 minute"},"schema":{"@context":"https:\/\/schema.org","@graph":[{"@type":"WebPage","@id":"https:\/\/mystikus.com\/fr\/producto\/rituel-du-nouvel-an\/","url":"https:\/\/mystikus.com\/fr\/producto\/rituel-du-nouvel-an\/","name":"Rituel du Nouvel An - Mystikus","isPartOf":{"@id":"https:\/\/mystikus.com\/#website"},"primaryImageOfPage":{"@id":"https:\/\/mystikus.com\/fr\/producto\/rituel-du-nouvel-an\/#primaryimage"},"image":{"@id":"https:\/\/mystikus.com\/fr\/producto\/rituel-du-nouvel-an\/#primaryimage"},"thumbnailUrl":"https:\/\/mystikus.com\/wp-content\/uploads\/2025\/11\/ano-novo-2026-1.jpg","datePublished":"2025-11-25T14:37:53+00:00","breadcrumb":{"@id":"https:\/\/mystikus.com\/fr\/producto\/rituel-du-nouvel-an\/#breadcrumb"},"inLanguage":"fr-FR","potentialAction":[{"@type":"ReadAction","target":["https:\/\/mystikus.com\/fr\/producto\/rituel-du-nouvel-an\/"]}]},{"@type":"ImageObject","inLanguage":"fr-FR","@id":"https:\/\/mystikus.com\/fr\/producto\/rituel-du-nouvel-an\/#primaryimage","url":"https:\/\/mystikus.com\/wp-content\/uploads\/2025\/11\/ano-novo-2026-1.jpg","contentUrl":"https:\/\/mystikus.com\/wp-content\/uploads\/2025\/11\/ano-novo-2026-1.jpg","width":1080,"height":1080,"caption":"ano novo 2026 - 1"},{"@type":"BreadcrumbList","@id":"https:\/\/mystikus.com\/fr\/producto\/rituel-du-nouvel-an\/#breadcrumb","itemListElement":[{"@type":"ListItem","position":1,"name":"Portada","item":"https:\/\/mystikus.com\/fr\/accueil\/"},{"@type":"ListItem","position":2,"name":"Boutique","item":"https:\/\/mystikus.com\/fr\/boutique\/"},{"@type":"ListItem","position":3,"name":"Rituel du Nouvel An"}]},{"@type":"WebSite","@id":"https:\/\/mystikus.com\/#website","url":"https:\/\/mystikus.com\/","name":"Mystikus","description":"","publisher":{"@id":"https:\/\/mystikus.com\/#organization"},"potentialAction":[{"@type":"SearchAction","target":{"@type":"EntryPoint","urlTemplate":"https:\/\/mystikus.com\/?s={search_term_string}"},"query-input":{"@type":"PropertyValueSpecification","valueRequired":true,"valueName":"search_term_string"}}],"inLanguage":"fr-FR"},{"@type":"Organization","@id":"https:\/\/mystikus.com\/#organization","name":"Mystikus","url":"https:\/\/mystikus.com\/","logo":{"@type":"ImageObject","inLanguage":"fr-FR","@id":"https:\/\/mystikus.com\/#\/schema\/logo\/image\/","url":"https:\/\/mystikus.com\/wp-content\/uploads\/2025\/06\/logo-instgaram-shop.jpg","contentUrl":"https:\/\/mystikus.com\/wp-content\/uploads\/2025\/06\/logo-instgaram-shop.jpg","width":227,"height":227,"caption":"Mystikus"},"image":{"@id":"https:\/\/mystikus.com\/#\/schema\/logo\/image\/"}}]}},"_links":{"self":[{"href":"https:\/\/mystikus.com\/fr\/wp-json\/wp\/v2\/product\/26432","targetHints":{"allow":["GET"]}}],"collection":[{"href":"https:\/\/mystikus.com\/fr\/wp-json\/wp\/v2\/product"}],"about":[{"href":"https:\/\/mystikus.com\/fr\/wp-json\/wp\/v2\/types\/product"}],"replies":[{"embeddable":true,"href":"https:\/\/mystikus.com\/fr\/wp-json\/wp\/v2\/comments?post=26432"}],"wp:featuredmedia":[{"embeddable":true,"href":"https:\/\/mystikus.com\/fr\/wp-json\/wp\/v2\/media\/26422"}],"wp:attachment":[{"href":"https:\/\/mystikus.com\/fr\/wp-json\/wp\/v2\/media?parent=26432"}],"wp:term":[{"taxonomy":"product_brand","embeddable":true,"href":"https:\/\/mystikus.com\/fr\/wp-json\/wp\/v2\/product_brand?post=26432"},{"taxonomy":"product_cat","embeddable":true,"href":"https:\/\/mystikus.com\/fr\/wp-json\/wp\/v2\/product_cat?post=26432"},{"taxonomy":"product_tag","embeddable":true,"href":"https:\/\/mystikus.com\/fr\/wp-json\/wp\/v2\/product_tag?post=26432"}],"curies":[{"name":"wp","href":"https:\/\/api.w.org\/{rel}","templated":true}]}}