{"id":26539,"date":"2025-12-22T12:02:15","date_gmt":"2025-12-22T11:02:15","guid":{"rendered":"https:\/\/mystikus.com\/producto\/collier-en-argent\/"},"modified":"2025-12-22T12:02:15","modified_gmt":"2025-12-22T11:02:15","slug":"collier-en-argent","status":"publish","type":"product","link":"https:\/\/mystikus.com\/fr\/producto\/collier-en-argent\/","title":{"rendered":"Collier en argent"},"content":{"rendered":"<p data-start=\"193\" data-end=\"451\">Ce collier en argent allie \u00e9l\u00e9gance intemporelle et design raffin\u00e9, ce qui en fait une pi\u00e8ce polyvalente pour toutes les occasions. Fabriqu\u00e9 en argent sterling, il pr\u00e9sente une finition d\u00e9licate et une brillance subtile qui rehaussent le style sans perdre son \u00e9l\u00e9gance discr\u00e8te. <\/p>\n<p data-start=\"453\" data-end=\"744\">Son design \u00e9quilibr\u00e9 en fait un bijou parfait pour le quotidien et les \u00e9v\u00e9nements sp\u00e9ciaux, qui s&rsquo;adapte facilement \u00e0 diff\u00e9rents styles, du plus classique au plus contemporain. Il s&rsquo;agit d&rsquo;un bijou pour ceux qui appr\u00e9cient la qualit\u00e9, la durabilit\u00e9 et les d\u00e9tails bien faits. <\/p>\n<p data-start=\"746\" data-end=\"852\">Un choix id\u00e9al comme cadeau ou pour compl\u00e9ter votre collection personnelle avec une pi\u00e8ce \u00e9l\u00e9gante et durable.<\/p>\n<p data-start=\"854\" data-end=\"886\"><strong data-start=\"854\" data-end=\"886\">Caract\u00e9ristiques principales :<\/strong><\/p>\n<ul data-start=\"887\" data-end=\"1002\">\n<li data-start=\"887\" data-end=\"906\">\n<p data-start=\"889\" data-end=\"906\">Mat\u00e9riau : argent<\/p>\n<\/li>\n<li data-start=\"907\" data-end=\"931\">\n<p data-start=\"909\" data-end=\"931\">Finition : polissage fin<\/p>\n<\/li>\n<li data-start=\"932\" data-end=\"963\">\n<p data-start=\"934\" data-end=\"963\">Style : \u00e9l\u00e9gant et polyvalent<\/p>\n<\/li>\n<li data-start=\"964\" data-end=\"1002\">\n<p data-start=\"966\" data-end=\"1002\">Utilisation : Tous les jours ou pour des occasions sp\u00e9ciales<\/p>\n<\/li>\n<\/ul>\n","protected":false},"excerpt":{"rendered":"<p>Collier en argent<\/p>\n<p data-start=\"854\" data-end=\"886\"><strong data-start=\"854\" data-end=\"886\">Caract\u00e9ristiques principales :<\/strong><\/p>\n<ul data-start=\"887\" data-end=\"1002\">\n<li data-start=\"887\" data-end=\"906\">\n<p data-start=\"889\" data-end=\"906\">Mat\u00e9riau : argent<\/p>\n<\/li>\n<li data-start=\"907\" data-end=\"931\">\n<p data-start=\"909\" data-end=\"931\">Finition : polissage fin<\/p>\n<\/li>\n<li data-start=\"932\" data-end=\"963\">\n<p data-start=\"934\" data-end=\"963\">Style : \u00e9l\u00e9gant et polyvalent<\/p>\n<\/li>\n<li data-start=\"964\" data-end=\"1002\">\n<p data-start=\"966\" data-end=\"1002\">Utilisation : Tous les jours ou pour des occasions sp\u00e9ciales<\/p>\n<\/li>\n<\/ul>\n","protected":false},"featured_media":26481,"comment_status":"open","ping_status":"closed","template":"","meta":[],"product_brand":[],"product_cat":[271,272,106],"product_tag":[],"class_list":{"0":"post-26539","1":"product","2":"type-product","3":"status-publish","4":"has-post-thumbnail","6":"product_cat-bijoux","7":"product_cat-colliers","8":"product_cat-mineraux-et-bijoux","10":"first","11":"instock","12":"shipping-taxable","13":"purchasable","14":"product-type-simple"},"yoast_head":"<!-- This site is optimized with the Yoast SEO plugin v27.2 - https:\/\/yoast.com\/product\/yoast-seo-wordpress\/ -->\n<title>Collier en argent - Mystikus<\/title>\n<meta name=\"robots\" content=\"index, follow, max-snippet:-1, max-image-preview:large, max-video-preview:-1\" \/>\n<link rel=\"canonical\" href=\"https:\/\/mystikus.com\/fr\/producto\/collier-en-argent\/\" \/>\n<meta property=\"og:locale\" content=\"fr_FR\" \/>\n<meta property=\"og:type\" content=\"article\" \/>\n<meta property=\"og:title\" content=\"Collier en argent - Mystikus\" \/>\n<meta property=\"og:description\" content=\"Collier en argent Caract\u00e9ristiques principales :   Mat\u00e9riau : argent   Finition : polissage fin   Style : \u00e9l\u00e9gant et polyvalent   Utilisation : Tous les jours ou pour des occasions sp\u00e9ciales\" \/>\n<meta property=\"og:url\" content=\"https:\/\/mystikus.com\/fr\/producto\/collier-en-argent\/\" \/>\n<meta property=\"og:site_name\" content=\"Mystikus\" \/>\n<meta property=\"og:image\" content=\"https:\/\/mystikus.com\/wp-content\/uploads\/2025\/12\/collar-1.jpg\" \/>\n\t<meta property=\"og:image:width\" content=\"1587\" \/>\n\t<meta property=\"og:image:height\" content=\"1476\" \/>\n\t<meta property=\"og:image:type\" content=\"image\/jpeg\" \/>\n<meta name=\"twitter:card\" content=\"summary_large_image\" \/>\n<meta name=\"twitter:label1\" content=\"Dur\u00e9e de lecture estim\u00e9e\" \/>\n\t<meta name=\"twitter:data1\" content=\"1 minute\" \/>\n<script type=\"application\/ld+json\" class=\"yoast-schema-graph\">{\"@context\":\"https:\/\/schema.org\",\"@graph\":[{\"@type\":\"WebPage\",\"@id\":\"https:\/\/mystikus.com\/fr\/producto\/collier-en-argent\/\",\"url\":\"https:\/\/mystikus.com\/fr\/producto\/collier-en-argent\/\",\"name\":\"Collier en argent - Mystikus\",\"isPartOf\":{\"@id\":\"https:\/\/mystikus.com\/#website\"},\"primaryImageOfPage\":{\"@id\":\"https:\/\/mystikus.com\/fr\/producto\/collier-en-argent\/#primaryimage\"},\"image\":{\"@id\":\"https:\/\/mystikus.com\/fr\/producto\/collier-en-argent\/#primaryimage\"},\"thumbnailUrl\":\"https:\/\/mystikus.com\/wp-content\/uploads\/2025\/12\/collar-1.jpg\",\"datePublished\":\"2025-12-22T11:02:15+00:00\",\"breadcrumb\":{\"@id\":\"https:\/\/mystikus.com\/fr\/producto\/collier-en-argent\/#breadcrumb\"},\"inLanguage\":\"fr-FR\",\"potentialAction\":[{\"@type\":\"ReadAction\",\"target\":[\"https:\/\/mystikus.com\/fr\/producto\/collier-en-argent\/\"]}]},{\"@type\":\"ImageObject\",\"inLanguage\":\"fr-FR\",\"@id\":\"https:\/\/mystikus.com\/fr\/producto\/collier-en-argent\/#primaryimage\",\"url\":\"https:\/\/mystikus.com\/wp-content\/uploads\/2025\/12\/collar-1.jpg\",\"contentUrl\":\"https:\/\/mystikus.com\/wp-content\/uploads\/2025\/12\/collar-1.jpg\",\"width\":1587,\"height\":1476},{\"@type\":\"BreadcrumbList\",\"@id\":\"https:\/\/mystikus.com\/fr\/producto\/collier-en-argent\/#breadcrumb\",\"itemListElement\":[{\"@type\":\"ListItem\",\"position\":1,\"name\":\"Portada\",\"item\":\"https:\/\/mystikus.com\/fr\/accueil\/\"},{\"@type\":\"ListItem\",\"position\":2,\"name\":\"Boutique\",\"item\":\"https:\/\/mystikus.com\/fr\/boutique\/\"},{\"@type\":\"ListItem\",\"position\":3,\"name\":\"Collier en argent\"}]},{\"@type\":\"WebSite\",\"@id\":\"https:\/\/mystikus.com\/#website\",\"url\":\"https:\/\/mystikus.com\/\",\"name\":\"Mystikus\",\"description\":\"\",\"publisher\":{\"@id\":\"https:\/\/mystikus.com\/#organization\"},\"potentialAction\":[{\"@type\":\"SearchAction\",\"target\":{\"@type\":\"EntryPoint\",\"urlTemplate\":\"https:\/\/mystikus.com\/?s={search_term_string}\"},\"query-input\":{\"@type\":\"PropertyValueSpecification\",\"valueRequired\":true,\"valueName\":\"search_term_string\"}}],\"inLanguage\":\"fr-FR\"},{\"@type\":\"Organization\",\"@id\":\"https:\/\/mystikus.com\/#organization\",\"name\":\"Mystikus\",\"url\":\"https:\/\/mystikus.com\/\",\"logo\":{\"@type\":\"ImageObject\",\"inLanguage\":\"fr-FR\",\"@id\":\"https:\/\/mystikus.com\/#\/schema\/logo\/image\/\",\"url\":\"https:\/\/mystikus.com\/wp-content\/uploads\/2025\/06\/logo-instgaram-shop.jpg\",\"contentUrl\":\"https:\/\/mystikus.com\/wp-content\/uploads\/2025\/06\/logo-instgaram-shop.jpg\",\"width\":227,\"height\":227,\"caption\":\"Mystikus\"},\"image\":{\"@id\":\"https:\/\/mystikus.com\/#\/schema\/logo\/image\/\"}}]}<\/script>\n<!-- \/ Yoast SEO plugin. -->","yoast_head_json":{"title":"Collier en argent - Mystikus","robots":{"index":"index","follow":"follow","max-snippet":"max-snippet:-1","max-image-preview":"max-image-preview:large","max-video-preview":"max-video-preview:-1"},"canonical":"https:\/\/mystikus.com\/fr\/producto\/collier-en-argent\/","og_locale":"fr_FR","og_type":"article","og_title":"Collier en argent - Mystikus","og_description":"Collier en argent Caract\u00e9ristiques principales :   Mat\u00e9riau : argent   Finition : polissage fin   Style : \u00e9l\u00e9gant et polyvalent   Utilisation : Tous les jours ou pour des occasions sp\u00e9ciales","og_url":"https:\/\/mystikus.com\/fr\/producto\/collier-en-argent\/","og_site_name":"Mystikus","og_image":[{"width":1587,"height":1476,"url":"https:\/\/mystikus.com\/wp-content\/uploads\/2025\/12\/collar-1.jpg","type":"image\/jpeg"}],"twitter_card":"summary_large_image","twitter_misc":{"Dur\u00e9e de lecture estim\u00e9e":"1 minute"},"schema":{"@context":"https:\/\/schema.org","@graph":[{"@type":"WebPage","@id":"https:\/\/mystikus.com\/fr\/producto\/collier-en-argent\/","url":"https:\/\/mystikus.com\/fr\/producto\/collier-en-argent\/","name":"Collier en argent - Mystikus","isPartOf":{"@id":"https:\/\/mystikus.com\/#website"},"primaryImageOfPage":{"@id":"https:\/\/mystikus.com\/fr\/producto\/collier-en-argent\/#primaryimage"},"image":{"@id":"https:\/\/mystikus.com\/fr\/producto\/collier-en-argent\/#primaryimage"},"thumbnailUrl":"https:\/\/mystikus.com\/wp-content\/uploads\/2025\/12\/collar-1.jpg","datePublished":"2025-12-22T11:02:15+00:00","breadcrumb":{"@id":"https:\/\/mystikus.com\/fr\/producto\/collier-en-argent\/#breadcrumb"},"inLanguage":"fr-FR","potentialAction":[{"@type":"ReadAction","target":["https:\/\/mystikus.com\/fr\/producto\/collier-en-argent\/"]}]},{"@type":"ImageObject","inLanguage":"fr-FR","@id":"https:\/\/mystikus.com\/fr\/producto\/collier-en-argent\/#primaryimage","url":"https:\/\/mystikus.com\/wp-content\/uploads\/2025\/12\/collar-1.jpg","contentUrl":"https:\/\/mystikus.com\/wp-content\/uploads\/2025\/12\/collar-1.jpg","width":1587,"height":1476},{"@type":"BreadcrumbList","@id":"https:\/\/mystikus.com\/fr\/producto\/collier-en-argent\/#breadcrumb","itemListElement":[{"@type":"ListItem","position":1,"name":"Portada","item":"https:\/\/mystikus.com\/fr\/accueil\/"},{"@type":"ListItem","position":2,"name":"Boutique","item":"https:\/\/mystikus.com\/fr\/boutique\/"},{"@type":"ListItem","position":3,"name":"Collier en argent"}]},{"@type":"WebSite","@id":"https:\/\/mystikus.com\/#website","url":"https:\/\/mystikus.com\/","name":"Mystikus","description":"","publisher":{"@id":"https:\/\/mystikus.com\/#organization"},"potentialAction":[{"@type":"SearchAction","target":{"@type":"EntryPoint","urlTemplate":"https:\/\/mystikus.com\/?s={search_term_string}"},"query-input":{"@type":"PropertyValueSpecification","valueRequired":true,"valueName":"search_term_string"}}],"inLanguage":"fr-FR"},{"@type":"Organization","@id":"https:\/\/mystikus.com\/#organization","name":"Mystikus","url":"https:\/\/mystikus.com\/","logo":{"@type":"ImageObject","inLanguage":"fr-FR","@id":"https:\/\/mystikus.com\/#\/schema\/logo\/image\/","url":"https:\/\/mystikus.com\/wp-content\/uploads\/2025\/06\/logo-instgaram-shop.jpg","contentUrl":"https:\/\/mystikus.com\/wp-content\/uploads\/2025\/06\/logo-instgaram-shop.jpg","width":227,"height":227,"caption":"Mystikus"},"image":{"@id":"https:\/\/mystikus.com\/#\/schema\/logo\/image\/"}}]}},"_links":{"self":[{"href":"https:\/\/mystikus.com\/fr\/wp-json\/wp\/v2\/product\/26539","targetHints":{"allow":["GET"]}}],"collection":[{"href":"https:\/\/mystikus.com\/fr\/wp-json\/wp\/v2\/product"}],"about":[{"href":"https:\/\/mystikus.com\/fr\/wp-json\/wp\/v2\/types\/product"}],"replies":[{"embeddable":true,"href":"https:\/\/mystikus.com\/fr\/wp-json\/wp\/v2\/comments?post=26539"}],"wp:featuredmedia":[{"embeddable":true,"href":"https:\/\/mystikus.com\/fr\/wp-json\/wp\/v2\/media\/26481"}],"wp:attachment":[{"href":"https:\/\/mystikus.com\/fr\/wp-json\/wp\/v2\/media?parent=26539"}],"wp:term":[{"taxonomy":"product_brand","embeddable":true,"href":"https:\/\/mystikus.com\/fr\/wp-json\/wp\/v2\/product_brand?post=26539"},{"taxonomy":"product_cat","embeddable":true,"href":"https:\/\/mystikus.com\/fr\/wp-json\/wp\/v2\/product_cat?post=26539"},{"taxonomy":"product_tag","embeddable":true,"href":"https:\/\/mystikus.com\/fr\/wp-json\/wp\/v2\/product_tag?post=26539"}],"curies":[{"name":"wp","href":"https:\/\/api.w.org\/{rel}","templated":true}]}}