{"id":26554,"date":"2025-12-22T14:53:11","date_gmt":"2025-12-22T13:53:11","guid":{"rendered":"https:\/\/mystikus.com\/producto\/collier-en-argent-plaque-or\/"},"modified":"2025-12-22T14:53:11","modified_gmt":"2025-12-22T13:53:11","slug":"collier-en-argent-plaque-or","status":"publish","type":"product","link":"https:\/\/mystikus.com\/fr\/producto\/collier-en-argent-plaque-or\/","title":{"rendered":"Collier en argent plaqu\u00e9 or"},"content":{"rendered":"<p data-start=\"137\" data-end=\"165\"><strong data-start=\"137\" data-end=\"165\">Description du produit<\/strong><\/p>\n<p data-start=\"167\" data-end=\"500\">Ce collier contemporain pr\u00e9sente un pendentif aux lignes organiques et \u00e0 la finition polie, r\u00e9alis\u00e9 en<strong data-start=\"278\" data-end=\"309\"> argent plaqu\u00e9 or<\/strong> pour un \u00e9clat chaleureux et sophistiqu\u00e9. Sa forme fluide et sculpturale refl\u00e8te une esth\u00e9tique moderne et minimaliste, id\u00e9ale pour celles qui appr\u00e9cient les bijoux de caract\u00e8re et le design intemporel. <\/p>\n<p data-start=\"502\" data-end=\"726\">L&rsquo;association du ton or et du design \u00e9l\u00e9gant fait de ce collier un accessoire polyvalent, parfait pour le quotidien comme pour les occasions sp\u00e9ciales. Une pi\u00e8ce \u00e9quilibr\u00e9e qui ajoute de la distinction sans exc\u00e8s. <\/p>\n<p data-start=\"728\" data-end=\"794\">Un bijou raffin\u00e9 qui rehausse n&rsquo;importe quel look avec subtilit\u00e9 et style.<\/p>\n<p data-start=\"796\" data-end=\"816\"><strong data-start=\"796\" data-end=\"816\">Caract\u00e9ristiques :<\/strong><\/p>\n<ul data-start=\"817\" data-end=\"1001\">\n<li data-start=\"817\" data-end=\"862\">\n<p data-start=\"819\" data-end=\"862\">Mati\u00e8re :<strong data-start=\"829\" data-end=\"860\">argent plaqu\u00e9 or<\/strong><\/p>\n<\/li>\n<li data-start=\"863\" data-end=\"901\">\n<p data-start=\"865\" data-end=\"901\">Design : Pendentif de forme organique<\/p>\n<\/li>\n<li data-start=\"902\" data-end=\"932\">\n<p data-start=\"904\" data-end=\"932\">Style : moderne et \u00e9l\u00e9gant<\/p>\n<\/li>\n<li data-start=\"933\" data-end=\"962\">\n<p data-start=\"935\" data-end=\"962\">Finition : poli brillant<\/p>\n<\/li>\n<li data-start=\"963\" data-end=\"1001\">\n<p data-start=\"965\" data-end=\"1001\">Utilisation : Tous les jours et pour les occasions sp\u00e9ciales<\/p>\n<\/li>\n<\/ul>\n","protected":false},"excerpt":{"rendered":"<ul data-start=\"817\" data-end=\"1001\">\n<li data-start=\"817\" data-end=\"862\">\n<p data-start=\"819\" data-end=\"862\">Mati\u00e8re :<strong data-start=\"829\" data-end=\"860\">Argent plaqu\u00e9 or<\/strong><\/p>\n<\/li>\n<li data-start=\"863\" data-end=\"901\">\n<p data-start=\"865\" data-end=\"901\">Design : Pendentif de forme organique<\/p>\n<\/li>\n<li data-start=\"902\" data-end=\"932\">\n<p data-start=\"904\" data-end=\"932\">Style : moderne et \u00e9l\u00e9gant<\/p>\n<\/li>\n<li data-start=\"933\" data-end=\"962\">\n<p data-start=\"935\" data-end=\"962\">Finition : poli brillant<\/p>\n<\/li>\n<li data-start=\"963\" data-end=\"1001\">\n<p data-start=\"965\" data-end=\"1001\">Utilisation : Tous les jours et pour les occasions sp\u00e9ciales<\/p>\n<\/li>\n<\/ul>\n","protected":false},"featured_media":26485,"comment_status":"open","ping_status":"closed","template":"","meta":[],"product_brand":[],"product_cat":[271,272,275,106],"product_tag":[],"class_list":{"0":"post-26554","1":"product","2":"type-product","3":"status-publish","4":"has-post-thumbnail","6":"product_cat-bijoux","7":"product_cat-colliers","9":"product_cat-mineraux-et-bijoux","11":"first","12":"instock","13":"shipping-taxable","14":"purchasable","15":"product-type-simple"},"yoast_head":"<!-- This site is optimized with the Yoast SEO plugin v27.2 - https:\/\/yoast.com\/product\/yoast-seo-wordpress\/ -->\n<title>Collier en argent plaqu\u00e9 or - Mystikus<\/title>\n<meta name=\"robots\" content=\"index, follow, max-snippet:-1, max-image-preview:large, max-video-preview:-1\" \/>\n<link rel=\"canonical\" href=\"https:\/\/mystikus.com\/fr\/producto\/collier-en-argent-plaque-or\/\" \/>\n<meta property=\"og:locale\" content=\"fr_FR\" \/>\n<meta property=\"og:type\" content=\"article\" \/>\n<meta property=\"og:title\" content=\"Collier en argent plaqu\u00e9 or - Mystikus\" \/>\n<meta property=\"og:description\" content=\"Mati\u00e8re :Argent plaqu\u00e9 or   Design : Pendentif de forme organique   Style : moderne et \u00e9l\u00e9gant   Finition : poli brillant   Utilisation : Tous les jours et pour les occasions sp\u00e9ciales\" \/>\n<meta property=\"og:url\" content=\"https:\/\/mystikus.com\/fr\/producto\/collier-en-argent-plaque-or\/\" \/>\n<meta property=\"og:site_name\" content=\"Mystikus\" \/>\n<meta property=\"og:image\" content=\"https:\/\/mystikus.com\/wp-content\/uploads\/2025\/12\/collar-3.jpg\" \/>\n\t<meta property=\"og:image:width\" content=\"1587\" \/>\n\t<meta property=\"og:image:height\" content=\"1476\" \/>\n\t<meta property=\"og:image:type\" content=\"image\/jpeg\" \/>\n<meta name=\"twitter:card\" content=\"summary_large_image\" \/>\n<meta name=\"twitter:label1\" content=\"Dur\u00e9e de lecture estim\u00e9e\" \/>\n\t<meta name=\"twitter:data1\" content=\"1 minute\" \/>\n<script type=\"application\/ld+json\" class=\"yoast-schema-graph\">{\"@context\":\"https:\/\/schema.org\",\"@graph\":[{\"@type\":\"WebPage\",\"@id\":\"https:\/\/mystikus.com\/fr\/producto\/collier-en-argent-plaque-or\/\",\"url\":\"https:\/\/mystikus.com\/fr\/producto\/collier-en-argent-plaque-or\/\",\"name\":\"Collier en argent plaqu\u00e9 or - Mystikus\",\"isPartOf\":{\"@id\":\"https:\/\/mystikus.com\/#website\"},\"primaryImageOfPage\":{\"@id\":\"https:\/\/mystikus.com\/fr\/producto\/collier-en-argent-plaque-or\/#primaryimage\"},\"image\":{\"@id\":\"https:\/\/mystikus.com\/fr\/producto\/collier-en-argent-plaque-or\/#primaryimage\"},\"thumbnailUrl\":\"https:\/\/mystikus.com\/wp-content\/uploads\/2025\/12\/collar-3.jpg\",\"datePublished\":\"2025-12-22T13:53:11+00:00\",\"breadcrumb\":{\"@id\":\"https:\/\/mystikus.com\/fr\/producto\/collier-en-argent-plaque-or\/#breadcrumb\"},\"inLanguage\":\"fr-FR\",\"potentialAction\":[{\"@type\":\"ReadAction\",\"target\":[\"https:\/\/mystikus.com\/fr\/producto\/collier-en-argent-plaque-or\/\"]}]},{\"@type\":\"ImageObject\",\"inLanguage\":\"fr-FR\",\"@id\":\"https:\/\/mystikus.com\/fr\/producto\/collier-en-argent-plaque-or\/#primaryimage\",\"url\":\"https:\/\/mystikus.com\/wp-content\/uploads\/2025\/12\/collar-3.jpg\",\"contentUrl\":\"https:\/\/mystikus.com\/wp-content\/uploads\/2025\/12\/collar-3.jpg\",\"width\":1587,\"height\":1476},{\"@type\":\"BreadcrumbList\",\"@id\":\"https:\/\/mystikus.com\/fr\/producto\/collier-en-argent-plaque-or\/#breadcrumb\",\"itemListElement\":[{\"@type\":\"ListItem\",\"position\":1,\"name\":\"Portada\",\"item\":\"https:\/\/mystikus.com\/fr\/accueil\/\"},{\"@type\":\"ListItem\",\"position\":2,\"name\":\"Boutique\",\"item\":\"https:\/\/mystikus.com\/fr\/boutique\/\"},{\"@type\":\"ListItem\",\"position\":3,\"name\":\"Collier en argent plaqu\u00e9 or\"}]},{\"@type\":\"WebSite\",\"@id\":\"https:\/\/mystikus.com\/#website\",\"url\":\"https:\/\/mystikus.com\/\",\"name\":\"Mystikus\",\"description\":\"\",\"publisher\":{\"@id\":\"https:\/\/mystikus.com\/#organization\"},\"potentialAction\":[{\"@type\":\"SearchAction\",\"target\":{\"@type\":\"EntryPoint\",\"urlTemplate\":\"https:\/\/mystikus.com\/?s={search_term_string}\"},\"query-input\":{\"@type\":\"PropertyValueSpecification\",\"valueRequired\":true,\"valueName\":\"search_term_string\"}}],\"inLanguage\":\"fr-FR\"},{\"@type\":\"Organization\",\"@id\":\"https:\/\/mystikus.com\/#organization\",\"name\":\"Mystikus\",\"url\":\"https:\/\/mystikus.com\/\",\"logo\":{\"@type\":\"ImageObject\",\"inLanguage\":\"fr-FR\",\"@id\":\"https:\/\/mystikus.com\/#\/schema\/logo\/image\/\",\"url\":\"https:\/\/mystikus.com\/wp-content\/uploads\/2025\/06\/logo-instgaram-shop.jpg\",\"contentUrl\":\"https:\/\/mystikus.com\/wp-content\/uploads\/2025\/06\/logo-instgaram-shop.jpg\",\"width\":227,\"height\":227,\"caption\":\"Mystikus\"},\"image\":{\"@id\":\"https:\/\/mystikus.com\/#\/schema\/logo\/image\/\"}}]}<\/script>\n<!-- \/ Yoast SEO plugin. -->","yoast_head_json":{"title":"Collier en argent plaqu\u00e9 or - Mystikus","robots":{"index":"index","follow":"follow","max-snippet":"max-snippet:-1","max-image-preview":"max-image-preview:large","max-video-preview":"max-video-preview:-1"},"canonical":"https:\/\/mystikus.com\/fr\/producto\/collier-en-argent-plaque-or\/","og_locale":"fr_FR","og_type":"article","og_title":"Collier en argent plaqu\u00e9 or - Mystikus","og_description":"Mati\u00e8re :Argent plaqu\u00e9 or   Design : Pendentif de forme organique   Style : moderne et \u00e9l\u00e9gant   Finition : poli brillant   Utilisation : Tous les jours et pour les occasions sp\u00e9ciales","og_url":"https:\/\/mystikus.com\/fr\/producto\/collier-en-argent-plaque-or\/","og_site_name":"Mystikus","og_image":[{"width":1587,"height":1476,"url":"https:\/\/mystikus.com\/wp-content\/uploads\/2025\/12\/collar-3.jpg","type":"image\/jpeg"}],"twitter_card":"summary_large_image","twitter_misc":{"Dur\u00e9e de lecture estim\u00e9e":"1 minute"},"schema":{"@context":"https:\/\/schema.org","@graph":[{"@type":"WebPage","@id":"https:\/\/mystikus.com\/fr\/producto\/collier-en-argent-plaque-or\/","url":"https:\/\/mystikus.com\/fr\/producto\/collier-en-argent-plaque-or\/","name":"Collier en argent plaqu\u00e9 or - Mystikus","isPartOf":{"@id":"https:\/\/mystikus.com\/#website"},"primaryImageOfPage":{"@id":"https:\/\/mystikus.com\/fr\/producto\/collier-en-argent-plaque-or\/#primaryimage"},"image":{"@id":"https:\/\/mystikus.com\/fr\/producto\/collier-en-argent-plaque-or\/#primaryimage"},"thumbnailUrl":"https:\/\/mystikus.com\/wp-content\/uploads\/2025\/12\/collar-3.jpg","datePublished":"2025-12-22T13:53:11+00:00","breadcrumb":{"@id":"https:\/\/mystikus.com\/fr\/producto\/collier-en-argent-plaque-or\/#breadcrumb"},"inLanguage":"fr-FR","potentialAction":[{"@type":"ReadAction","target":["https:\/\/mystikus.com\/fr\/producto\/collier-en-argent-plaque-or\/"]}]},{"@type":"ImageObject","inLanguage":"fr-FR","@id":"https:\/\/mystikus.com\/fr\/producto\/collier-en-argent-plaque-or\/#primaryimage","url":"https:\/\/mystikus.com\/wp-content\/uploads\/2025\/12\/collar-3.jpg","contentUrl":"https:\/\/mystikus.com\/wp-content\/uploads\/2025\/12\/collar-3.jpg","width":1587,"height":1476},{"@type":"BreadcrumbList","@id":"https:\/\/mystikus.com\/fr\/producto\/collier-en-argent-plaque-or\/#breadcrumb","itemListElement":[{"@type":"ListItem","position":1,"name":"Portada","item":"https:\/\/mystikus.com\/fr\/accueil\/"},{"@type":"ListItem","position":2,"name":"Boutique","item":"https:\/\/mystikus.com\/fr\/boutique\/"},{"@type":"ListItem","position":3,"name":"Collier en argent plaqu\u00e9 or"}]},{"@type":"WebSite","@id":"https:\/\/mystikus.com\/#website","url":"https:\/\/mystikus.com\/","name":"Mystikus","description":"","publisher":{"@id":"https:\/\/mystikus.com\/#organization"},"potentialAction":[{"@type":"SearchAction","target":{"@type":"EntryPoint","urlTemplate":"https:\/\/mystikus.com\/?s={search_term_string}"},"query-input":{"@type":"PropertyValueSpecification","valueRequired":true,"valueName":"search_term_string"}}],"inLanguage":"fr-FR"},{"@type":"Organization","@id":"https:\/\/mystikus.com\/#organization","name":"Mystikus","url":"https:\/\/mystikus.com\/","logo":{"@type":"ImageObject","inLanguage":"fr-FR","@id":"https:\/\/mystikus.com\/#\/schema\/logo\/image\/","url":"https:\/\/mystikus.com\/wp-content\/uploads\/2025\/06\/logo-instgaram-shop.jpg","contentUrl":"https:\/\/mystikus.com\/wp-content\/uploads\/2025\/06\/logo-instgaram-shop.jpg","width":227,"height":227,"caption":"Mystikus"},"image":{"@id":"https:\/\/mystikus.com\/#\/schema\/logo\/image\/"}}]}},"_links":{"self":[{"href":"https:\/\/mystikus.com\/fr\/wp-json\/wp\/v2\/product\/26554","targetHints":{"allow":["GET"]}}],"collection":[{"href":"https:\/\/mystikus.com\/fr\/wp-json\/wp\/v2\/product"}],"about":[{"href":"https:\/\/mystikus.com\/fr\/wp-json\/wp\/v2\/types\/product"}],"replies":[{"embeddable":true,"href":"https:\/\/mystikus.com\/fr\/wp-json\/wp\/v2\/comments?post=26554"}],"wp:featuredmedia":[{"embeddable":true,"href":"https:\/\/mystikus.com\/fr\/wp-json\/wp\/v2\/media\/26485"}],"wp:attachment":[{"href":"https:\/\/mystikus.com\/fr\/wp-json\/wp\/v2\/media?parent=26554"}],"wp:term":[{"taxonomy":"product_brand","embeddable":true,"href":"https:\/\/mystikus.com\/fr\/wp-json\/wp\/v2\/product_brand?post=26554"},{"taxonomy":"product_cat","embeddable":true,"href":"https:\/\/mystikus.com\/fr\/wp-json\/wp\/v2\/product_cat?post=26554"},{"taxonomy":"product_tag","embeddable":true,"href":"https:\/\/mystikus.com\/fr\/wp-json\/wp\/v2\/product_tag?post=26554"}],"curies":[{"name":"wp","href":"https:\/\/api.w.org\/{rel}","templated":true}]}}