{"id":26579,"date":"2025-12-22T15:58:42","date_gmt":"2025-12-22T14:58:42","guid":{"rendered":"https:\/\/mystikus.com\/producto\/collier-en-argent-plaque-or-4\/"},"modified":"2025-12-22T15:58:42","modified_gmt":"2025-12-22T14:58:42","slug":"collier-en-argent-plaque-or-4","status":"publish","type":"product","link":"https:\/\/mystikus.com\/fr\/producto\/collier-en-argent-plaque-or-4\/","title":{"rendered":"Collier en argent plaqu\u00e9 or"},"content":{"rendered":"<p data-start=\"208\" data-end=\"236\"><strong data-start=\"208\" data-end=\"236\">Description du produit<\/strong><\/p>\n<p data-start=\"238\" data-end=\"491\">Ce collier d\u00e9licat au design romantique et \u00e9l\u00e9gant, r\u00e9alis\u00e9 en <strong data-start=\"312\" data-end=\"343\">argent plaqu\u00e9 or<\/strong>, est orn\u00e9 d&rsquo;un pendentif raffin\u00e9 <strong data-start=\"392\" data-end=\"403\">en forme de c\u0153ur<\/strong>, rehauss\u00e9 d&rsquo;une <strong data-start=\"422\" data-end=\"455\">pierre au fini iris\u00e9<\/strong> qui lui conf\u00e8re un \u00e9clat doux et subtil.<\/p>\n<p data-start=\"493\" data-end=\"738\">Son esth\u00e9tique l\u00e9g\u00e8re et f\u00e9minine en fait un accessoire id\u00e9al \u00e0 porter au quotidien, apportant une touche de douceur et de sophistication sans exc\u00e8s. Le contraste entre le ton dor\u00e9 et la luminosit\u00e9 de la pierre cr\u00e9e une pi\u00e8ce harmonieuse et intemporelle. <\/p>\n<p data-start=\"740\" data-end=\"847\">Un collier d\u00e9licat et charmant, parfait comme cadeau ou pour ajouter une touche romantique \u00e0 n&rsquo;importe quelle tenue.<\/p>\n<p data-start=\"849\" data-end=\"869\"><strong data-start=\"849\" data-end=\"869\">Caract\u00e9ristiques :<\/strong><\/p>\n<ul data-start=\"870\" data-end=\"1070\">\n<li data-start=\"870\" data-end=\"915\">\n<p data-start=\"872\" data-end=\"915\">Mati\u00e8re : <strong data-start=\"882\" data-end=\"913\">argent plaqu\u00e9 or<\/strong><\/p>\n<\/li>\n<li data-start=\"916\" data-end=\"968\">\n<p data-start=\"918\" data-end=\"968\">D\u00e9tail : Pendentif en forme de coeur avec pierre opale<\/p>\n<\/li>\n<li data-start=\"969\" data-end=\"1001\">\n<p data-start=\"971\" data-end=\"1001\">Style : romantique et \u00e9l\u00e9gant<\/p>\n<\/li>\n<li data-start=\"1002\" data-end=\"1031\">\n<p data-start=\"1004\" data-end=\"1031\">Finition : poli brillant<\/p>\n<\/li>\n<li data-start=\"1032\" data-end=\"1070\">\n<p data-start=\"1034\" data-end=\"1070\">Utilisation : Tous les jours et pour les occasions sp\u00e9ciales<\/p>\n<\/li>\n<\/ul>\n","protected":false},"excerpt":{"rendered":"<p data-start=\"849\" data-end=\"869\"><strong data-start=\"849\" data-end=\"869\">Caract\u00e9ristiques :<\/strong><\/p>\n<ul data-start=\"870\" data-end=\"1070\">\n<li data-start=\"870\" data-end=\"915\">\n<p data-start=\"872\" data-end=\"915\">Mati\u00e8re : <strong data-start=\"882\" data-end=\"913\">argent plaqu\u00e9 or<\/strong><\/p>\n<\/li>\n<li data-start=\"916\" data-end=\"968\">\n<p data-start=\"918\" data-end=\"968\">D\u00e9tail : Pendentif en forme de coeur avec pierre opale<\/p>\n<\/li>\n<li data-start=\"969\" data-end=\"1001\">\n<p data-start=\"971\" data-end=\"1001\">Style : romantique et \u00e9l\u00e9gant<\/p>\n<\/li>\n<li data-start=\"1002\" data-end=\"1031\">\n<p data-start=\"1004\" data-end=\"1031\">Finition : poli brillant<\/p>\n<\/li>\n<li data-start=\"1032\" data-end=\"1070\">\n<p data-start=\"1034\" data-end=\"1070\">Utilisation : Tous les jours et pour les occasions sp\u00e9ciales<\/p>\n<\/li>\n<\/ul>\n","protected":false},"featured_media":26502,"comment_status":"open","ping_status":"closed","template":"","meta":[],"product_brand":[],"product_cat":[271,272,275,106],"product_tag":[],"class_list":{"0":"post-26579","1":"product","2":"type-product","3":"status-publish","4":"has-post-thumbnail","6":"product_cat-bijoux","7":"product_cat-colliers","9":"product_cat-mineraux-et-bijoux","11":"first","12":"instock","13":"shipping-taxable","14":"purchasable","15":"product-type-simple"},"yoast_head":"<!-- This site is optimized with the Yoast SEO plugin v27.2 - https:\/\/yoast.com\/product\/yoast-seo-wordpress\/ -->\n<title>Collier en argent plaqu\u00e9 or - Mystikus<\/title>\n<meta name=\"robots\" content=\"index, follow, max-snippet:-1, max-image-preview:large, max-video-preview:-1\" \/>\n<link rel=\"canonical\" href=\"https:\/\/mystikus.com\/fr\/producto\/collier-en-argent-plaque-or-4\/\" \/>\n<meta property=\"og:locale\" content=\"fr_FR\" \/>\n<meta property=\"og:type\" content=\"article\" \/>\n<meta property=\"og:title\" content=\"Collier en argent plaqu\u00e9 or - Mystikus\" \/>\n<meta property=\"og:description\" content=\"Caract\u00e9ristiques :   Mati\u00e8re : argent plaqu\u00e9 or   D\u00e9tail : Pendentif en forme de coeur avec pierre opale   Style : romantique et \u00e9l\u00e9gant   Finition : poli brillant   Utilisation : Tous les jours et pour les occasions sp\u00e9ciales\" \/>\n<meta property=\"og:url\" content=\"https:\/\/mystikus.com\/fr\/producto\/collier-en-argent-plaque-or-4\/\" \/>\n<meta property=\"og:site_name\" content=\"Mystikus\" \/>\n<meta property=\"og:image\" content=\"https:\/\/mystikus.com\/wp-content\/uploads\/2025\/12\/collar-6-1.jpg\" \/>\n\t<meta property=\"og:image:width\" content=\"1587\" \/>\n\t<meta property=\"og:image:height\" content=\"1476\" \/>\n\t<meta property=\"og:image:type\" content=\"image\/jpeg\" \/>\n<meta name=\"twitter:card\" content=\"summary_large_image\" \/>\n<meta name=\"twitter:label1\" content=\"Dur\u00e9e de lecture estim\u00e9e\" \/>\n\t<meta name=\"twitter:data1\" content=\"1 minute\" \/>\n<script type=\"application\/ld+json\" class=\"yoast-schema-graph\">{\"@context\":\"https:\/\/schema.org\",\"@graph\":[{\"@type\":\"WebPage\",\"@id\":\"https:\/\/mystikus.com\/fr\/producto\/collier-en-argent-plaque-or-4\/\",\"url\":\"https:\/\/mystikus.com\/fr\/producto\/collier-en-argent-plaque-or-4\/\",\"name\":\"Collier en argent plaqu\u00e9 or - Mystikus\",\"isPartOf\":{\"@id\":\"https:\/\/mystikus.com\/#website\"},\"primaryImageOfPage\":{\"@id\":\"https:\/\/mystikus.com\/fr\/producto\/collier-en-argent-plaque-or-4\/#primaryimage\"},\"image\":{\"@id\":\"https:\/\/mystikus.com\/fr\/producto\/collier-en-argent-plaque-or-4\/#primaryimage\"},\"thumbnailUrl\":\"https:\/\/mystikus.com\/wp-content\/uploads\/2025\/12\/collar-6-1.jpg\",\"datePublished\":\"2025-12-22T14:58:42+00:00\",\"breadcrumb\":{\"@id\":\"https:\/\/mystikus.com\/fr\/producto\/collier-en-argent-plaque-or-4\/#breadcrumb\"},\"inLanguage\":\"fr-FR\",\"potentialAction\":[{\"@type\":\"ReadAction\",\"target\":[\"https:\/\/mystikus.com\/fr\/producto\/collier-en-argent-plaque-or-4\/\"]}]},{\"@type\":\"ImageObject\",\"inLanguage\":\"fr-FR\",\"@id\":\"https:\/\/mystikus.com\/fr\/producto\/collier-en-argent-plaque-or-4\/#primaryimage\",\"url\":\"https:\/\/mystikus.com\/wp-content\/uploads\/2025\/12\/collar-6-1.jpg\",\"contentUrl\":\"https:\/\/mystikus.com\/wp-content\/uploads\/2025\/12\/collar-6-1.jpg\",\"width\":1587,\"height\":1476},{\"@type\":\"BreadcrumbList\",\"@id\":\"https:\/\/mystikus.com\/fr\/producto\/collier-en-argent-plaque-or-4\/#breadcrumb\",\"itemListElement\":[{\"@type\":\"ListItem\",\"position\":1,\"name\":\"Portada\",\"item\":\"https:\/\/mystikus.com\/fr\/accueil\/\"},{\"@type\":\"ListItem\",\"position\":2,\"name\":\"Boutique\",\"item\":\"https:\/\/mystikus.com\/fr\/boutique\/\"},{\"@type\":\"ListItem\",\"position\":3,\"name\":\"Collier en argent plaqu\u00e9 or\"}]},{\"@type\":\"WebSite\",\"@id\":\"https:\/\/mystikus.com\/#website\",\"url\":\"https:\/\/mystikus.com\/\",\"name\":\"Mystikus\",\"description\":\"\",\"publisher\":{\"@id\":\"https:\/\/mystikus.com\/#organization\"},\"potentialAction\":[{\"@type\":\"SearchAction\",\"target\":{\"@type\":\"EntryPoint\",\"urlTemplate\":\"https:\/\/mystikus.com\/?s={search_term_string}\"},\"query-input\":{\"@type\":\"PropertyValueSpecification\",\"valueRequired\":true,\"valueName\":\"search_term_string\"}}],\"inLanguage\":\"fr-FR\"},{\"@type\":\"Organization\",\"@id\":\"https:\/\/mystikus.com\/#organization\",\"name\":\"Mystikus\",\"url\":\"https:\/\/mystikus.com\/\",\"logo\":{\"@type\":\"ImageObject\",\"inLanguage\":\"fr-FR\",\"@id\":\"https:\/\/mystikus.com\/#\/schema\/logo\/image\/\",\"url\":\"https:\/\/mystikus.com\/wp-content\/uploads\/2025\/06\/logo-instgaram-shop.jpg\",\"contentUrl\":\"https:\/\/mystikus.com\/wp-content\/uploads\/2025\/06\/logo-instgaram-shop.jpg\",\"width\":227,\"height\":227,\"caption\":\"Mystikus\"},\"image\":{\"@id\":\"https:\/\/mystikus.com\/#\/schema\/logo\/image\/\"}}]}<\/script>\n<!-- \/ Yoast SEO plugin. -->","yoast_head_json":{"title":"Collier en argent plaqu\u00e9 or - Mystikus","robots":{"index":"index","follow":"follow","max-snippet":"max-snippet:-1","max-image-preview":"max-image-preview:large","max-video-preview":"max-video-preview:-1"},"canonical":"https:\/\/mystikus.com\/fr\/producto\/collier-en-argent-plaque-or-4\/","og_locale":"fr_FR","og_type":"article","og_title":"Collier en argent plaqu\u00e9 or - Mystikus","og_description":"Caract\u00e9ristiques :   Mati\u00e8re : argent plaqu\u00e9 or   D\u00e9tail : Pendentif en forme de coeur avec pierre opale   Style : romantique et \u00e9l\u00e9gant   Finition : poli brillant   Utilisation : Tous les jours et pour les occasions sp\u00e9ciales","og_url":"https:\/\/mystikus.com\/fr\/producto\/collier-en-argent-plaque-or-4\/","og_site_name":"Mystikus","og_image":[{"width":1587,"height":1476,"url":"https:\/\/mystikus.com\/wp-content\/uploads\/2025\/12\/collar-6-1.jpg","type":"image\/jpeg"}],"twitter_card":"summary_large_image","twitter_misc":{"Dur\u00e9e de lecture estim\u00e9e":"1 minute"},"schema":{"@context":"https:\/\/schema.org","@graph":[{"@type":"WebPage","@id":"https:\/\/mystikus.com\/fr\/producto\/collier-en-argent-plaque-or-4\/","url":"https:\/\/mystikus.com\/fr\/producto\/collier-en-argent-plaque-or-4\/","name":"Collier en argent plaqu\u00e9 or - Mystikus","isPartOf":{"@id":"https:\/\/mystikus.com\/#website"},"primaryImageOfPage":{"@id":"https:\/\/mystikus.com\/fr\/producto\/collier-en-argent-plaque-or-4\/#primaryimage"},"image":{"@id":"https:\/\/mystikus.com\/fr\/producto\/collier-en-argent-plaque-or-4\/#primaryimage"},"thumbnailUrl":"https:\/\/mystikus.com\/wp-content\/uploads\/2025\/12\/collar-6-1.jpg","datePublished":"2025-12-22T14:58:42+00:00","breadcrumb":{"@id":"https:\/\/mystikus.com\/fr\/producto\/collier-en-argent-plaque-or-4\/#breadcrumb"},"inLanguage":"fr-FR","potentialAction":[{"@type":"ReadAction","target":["https:\/\/mystikus.com\/fr\/producto\/collier-en-argent-plaque-or-4\/"]}]},{"@type":"ImageObject","inLanguage":"fr-FR","@id":"https:\/\/mystikus.com\/fr\/producto\/collier-en-argent-plaque-or-4\/#primaryimage","url":"https:\/\/mystikus.com\/wp-content\/uploads\/2025\/12\/collar-6-1.jpg","contentUrl":"https:\/\/mystikus.com\/wp-content\/uploads\/2025\/12\/collar-6-1.jpg","width":1587,"height":1476},{"@type":"BreadcrumbList","@id":"https:\/\/mystikus.com\/fr\/producto\/collier-en-argent-plaque-or-4\/#breadcrumb","itemListElement":[{"@type":"ListItem","position":1,"name":"Portada","item":"https:\/\/mystikus.com\/fr\/accueil\/"},{"@type":"ListItem","position":2,"name":"Boutique","item":"https:\/\/mystikus.com\/fr\/boutique\/"},{"@type":"ListItem","position":3,"name":"Collier en argent plaqu\u00e9 or"}]},{"@type":"WebSite","@id":"https:\/\/mystikus.com\/#website","url":"https:\/\/mystikus.com\/","name":"Mystikus","description":"","publisher":{"@id":"https:\/\/mystikus.com\/#organization"},"potentialAction":[{"@type":"SearchAction","target":{"@type":"EntryPoint","urlTemplate":"https:\/\/mystikus.com\/?s={search_term_string}"},"query-input":{"@type":"PropertyValueSpecification","valueRequired":true,"valueName":"search_term_string"}}],"inLanguage":"fr-FR"},{"@type":"Organization","@id":"https:\/\/mystikus.com\/#organization","name":"Mystikus","url":"https:\/\/mystikus.com\/","logo":{"@type":"ImageObject","inLanguage":"fr-FR","@id":"https:\/\/mystikus.com\/#\/schema\/logo\/image\/","url":"https:\/\/mystikus.com\/wp-content\/uploads\/2025\/06\/logo-instgaram-shop.jpg","contentUrl":"https:\/\/mystikus.com\/wp-content\/uploads\/2025\/06\/logo-instgaram-shop.jpg","width":227,"height":227,"caption":"Mystikus"},"image":{"@id":"https:\/\/mystikus.com\/#\/schema\/logo\/image\/"}}]}},"_links":{"self":[{"href":"https:\/\/mystikus.com\/fr\/wp-json\/wp\/v2\/product\/26579","targetHints":{"allow":["GET"]}}],"collection":[{"href":"https:\/\/mystikus.com\/fr\/wp-json\/wp\/v2\/product"}],"about":[{"href":"https:\/\/mystikus.com\/fr\/wp-json\/wp\/v2\/types\/product"}],"replies":[{"embeddable":true,"href":"https:\/\/mystikus.com\/fr\/wp-json\/wp\/v2\/comments?post=26579"}],"wp:featuredmedia":[{"embeddable":true,"href":"https:\/\/mystikus.com\/fr\/wp-json\/wp\/v2\/media\/26502"}],"wp:attachment":[{"href":"https:\/\/mystikus.com\/fr\/wp-json\/wp\/v2\/media?parent=26579"}],"wp:term":[{"taxonomy":"product_brand","embeddable":true,"href":"https:\/\/mystikus.com\/fr\/wp-json\/wp\/v2\/product_brand?post=26579"},{"taxonomy":"product_cat","embeddable":true,"href":"https:\/\/mystikus.com\/fr\/wp-json\/wp\/v2\/product_cat?post=26579"},{"taxonomy":"product_tag","embeddable":true,"href":"https:\/\/mystikus.com\/fr\/wp-json\/wp\/v2\/product_tag?post=26579"}],"curies":[{"name":"wp","href":"https:\/\/api.w.org\/{rel}","templated":true}]}}