{"id":26595,"date":"2025-12-22T16:52:38","date_gmt":"2025-12-22T15:52:38","guid":{"rendered":"https:\/\/mystikus.com\/producto\/collier-en-argent-plaque-or-6\/"},"modified":"2025-12-22T16:52:38","modified_gmt":"2025-12-22T15:52:38","slug":"collier-en-argent-plaque-or-6","status":"publish","type":"product","link":"https:\/\/mystikus.com\/fr\/producto\/collier-en-argent-plaque-or-6\/","title":{"rendered":"Collier en argent plaqu\u00e9 or"},"content":{"rendered":"<p data-start=\"151\" data-end=\"179\"><strong data-start=\"151\" data-end=\"179\">Description du produit<\/strong><\/p>\n<p data-start=\"181\" data-end=\"490\">Ce collier moderne et \u00e9l\u00e9gant est r\u00e9alis\u00e9 en <strong data-start=\"240\" data-end=\"271\">argent plaqu\u00e9 or<\/strong> et pr\u00e9sente un d\u00e9licat pendentif horizontal orn\u00e9 de <strong data-start=\"328\" data-end=\"348\">pierres de zirconium<\/strong> pour un \u00e9clat raffin\u00e9 et sophistiqu\u00e9. Sa forme g\u00e9om\u00e9trique et sa finition polie en font une pi\u00e8ce \u00e9quilibr\u00e9e, sobre et contemporaine. <\/p>\n<p data-start=\"492\" data-end=\"773\">L&rsquo;\u00e9clat des zirconias apporte une subtile touche de lumi\u00e8re, faisant de ce collier un accessoire polyvalent, id\u00e9al pour le quotidien comme pour les grandes occasions. Son design minimaliste permet de l&rsquo;associer facilement \u00e0 d&rsquo;autres colliers ou de le porter seul. <\/p>\n<p data-start=\"775\" data-end=\"878\">Un bijou \u00e9l\u00e9gant et intemporel, parfait pour celles qui recherchent un d\u00e9tail lumineux avec style et simplicit\u00e9.<\/p>\n<p data-start=\"880\" data-end=\"900\"><strong data-start=\"880\" data-end=\"900\">Caract\u00e9ristiques :<\/strong><\/p>\n<ul data-start=\"901\" data-end=\"1084\">\n<li data-start=\"901\" data-end=\"946\">\n<p data-start=\"903\" data-end=\"946\">Mati\u00e8re : <strong data-start=\"913\" data-end=\"944\">argent plaqu\u00e9 or<\/strong><\/p>\n<\/li>\n<li data-start=\"947\" data-end=\"979\">\n<p data-start=\"949\" data-end=\"979\">D\u00e9tail : <strong data-start=\"958\" data-end=\"977\">Pierre de zirconium<\/strong><\/p>\n<\/li>\n<li data-start=\"980\" data-end=\"1011\">\n<p data-start=\"982\" data-end=\"1011\">Design : pendentif horizontal<\/p>\n<\/li>\n<li data-start=\"1012\" data-end=\"1045\">\n<p data-start=\"1014\" data-end=\"1045\">Style : moderne et minimaliste<\/p>\n<\/li>\n<li data-start=\"1046\" data-end=\"1084\">\n<p data-start=\"1048\" data-end=\"1084\">Utilisation : Tous les jours et pour les occasions sp\u00e9ciales<\/p>\n<\/li>\n<\/ul>\n","protected":false},"excerpt":{"rendered":"<p data-start=\"880\" data-end=\"900\"><strong data-start=\"880\" data-end=\"900\">Caract\u00e9ristiques :<\/strong><\/p>\n<ul data-start=\"901\" data-end=\"1084\">\n<li data-start=\"901\" data-end=\"946\">\n<p data-start=\"903\" data-end=\"946\">Mati\u00e8re : <strong data-start=\"913\" data-end=\"944\">argent plaqu\u00e9 or<\/strong><\/p>\n<\/li>\n<li data-start=\"947\" data-end=\"979\">\n<p data-start=\"949\" data-end=\"979\">D\u00e9tail : <strong data-start=\"958\" data-end=\"977\">Pierre de zirconium<\/strong><\/p>\n<\/li>\n<li data-start=\"980\" data-end=\"1011\">\n<p data-start=\"982\" data-end=\"1011\">Design : pendentif horizontal<\/p>\n<\/li>\n<li data-start=\"1012\" data-end=\"1045\">\n<p data-start=\"1014\" data-end=\"1045\">Style : moderne et minimaliste<\/p>\n<\/li>\n<li data-start=\"1046\" data-end=\"1084\">\n<p data-start=\"1048\" data-end=\"1084\">Utilisation : Tous les jours et pour les occasions sp\u00e9ciales<\/p>\n<\/li>\n<\/ul>\n","protected":false},"featured_media":26504,"comment_status":"open","ping_status":"closed","template":"","meta":[],"product_brand":[],"product_cat":[271,275,272,106],"product_tag":[],"class_list":{"0":"post-26595","1":"product","2":"type-product","3":"status-publish","4":"has-post-thumbnail","6":"product_cat-bijoux","7":"product_cat-colliers","9":"product_cat-mineraux-et-bijoux","11":"first","12":"instock","13":"shipping-taxable","14":"purchasable","15":"product-type-simple"},"yoast_head":"<!-- This site is optimized with the Yoast SEO plugin v27.2 - https:\/\/yoast.com\/product\/yoast-seo-wordpress\/ -->\n<title>Collier en argent plaqu\u00e9 or - Mystikus<\/title>\n<meta name=\"robots\" content=\"index, follow, max-snippet:-1, max-image-preview:large, max-video-preview:-1\" \/>\n<link rel=\"canonical\" href=\"https:\/\/mystikus.com\/fr\/producto\/collier-en-argent-plaque-or-6\/\" \/>\n<meta property=\"og:locale\" content=\"fr_FR\" \/>\n<meta property=\"og:type\" content=\"article\" \/>\n<meta property=\"og:title\" content=\"Collier en argent plaqu\u00e9 or - Mystikus\" \/>\n<meta property=\"og:description\" content=\"Caract\u00e9ristiques :   Mati\u00e8re : argent plaqu\u00e9 or   D\u00e9tail : Pierre de zirconium   Design : pendentif horizontal   Style : moderne et minimaliste   Utilisation : Tous les jours et pour les occasions sp\u00e9ciales\" \/>\n<meta property=\"og:url\" content=\"https:\/\/mystikus.com\/fr\/producto\/collier-en-argent-plaque-or-6\/\" \/>\n<meta property=\"og:site_name\" content=\"Mystikus\" \/>\n<meta property=\"og:image\" content=\"https:\/\/mystikus.com\/wp-content\/uploads\/2025\/12\/collar-7-1.jpg\" \/>\n\t<meta property=\"og:image:width\" content=\"1587\" \/>\n\t<meta property=\"og:image:height\" content=\"1476\" \/>\n\t<meta property=\"og:image:type\" content=\"image\/jpeg\" \/>\n<meta name=\"twitter:card\" content=\"summary_large_image\" \/>\n<meta name=\"twitter:label1\" content=\"Dur\u00e9e de lecture estim\u00e9e\" \/>\n\t<meta name=\"twitter:data1\" content=\"1 minute\" \/>\n<script type=\"application\/ld+json\" class=\"yoast-schema-graph\">{\"@context\":\"https:\/\/schema.org\",\"@graph\":[{\"@type\":\"WebPage\",\"@id\":\"https:\/\/mystikus.com\/fr\/producto\/collier-en-argent-plaque-or-6\/\",\"url\":\"https:\/\/mystikus.com\/fr\/producto\/collier-en-argent-plaque-or-6\/\",\"name\":\"Collier en argent plaqu\u00e9 or - Mystikus\",\"isPartOf\":{\"@id\":\"https:\/\/mystikus.com\/#website\"},\"primaryImageOfPage\":{\"@id\":\"https:\/\/mystikus.com\/fr\/producto\/collier-en-argent-plaque-or-6\/#primaryimage\"},\"image\":{\"@id\":\"https:\/\/mystikus.com\/fr\/producto\/collier-en-argent-plaque-or-6\/#primaryimage\"},\"thumbnailUrl\":\"https:\/\/mystikus.com\/wp-content\/uploads\/2025\/12\/collar-7-1.jpg\",\"datePublished\":\"2025-12-22T15:52:38+00:00\",\"breadcrumb\":{\"@id\":\"https:\/\/mystikus.com\/fr\/producto\/collier-en-argent-plaque-or-6\/#breadcrumb\"},\"inLanguage\":\"fr-FR\",\"potentialAction\":[{\"@type\":\"ReadAction\",\"target\":[\"https:\/\/mystikus.com\/fr\/producto\/collier-en-argent-plaque-or-6\/\"]}]},{\"@type\":\"ImageObject\",\"inLanguage\":\"fr-FR\",\"@id\":\"https:\/\/mystikus.com\/fr\/producto\/collier-en-argent-plaque-or-6\/#primaryimage\",\"url\":\"https:\/\/mystikus.com\/wp-content\/uploads\/2025\/12\/collar-7-1.jpg\",\"contentUrl\":\"https:\/\/mystikus.com\/wp-content\/uploads\/2025\/12\/collar-7-1.jpg\",\"width\":1587,\"height\":1476},{\"@type\":\"BreadcrumbList\",\"@id\":\"https:\/\/mystikus.com\/fr\/producto\/collier-en-argent-plaque-or-6\/#breadcrumb\",\"itemListElement\":[{\"@type\":\"ListItem\",\"position\":1,\"name\":\"Portada\",\"item\":\"https:\/\/mystikus.com\/fr\/accueil\/\"},{\"@type\":\"ListItem\",\"position\":2,\"name\":\"Boutique\",\"item\":\"https:\/\/mystikus.com\/fr\/boutique\/\"},{\"@type\":\"ListItem\",\"position\":3,\"name\":\"Collier en argent plaqu\u00e9 or\"}]},{\"@type\":\"WebSite\",\"@id\":\"https:\/\/mystikus.com\/#website\",\"url\":\"https:\/\/mystikus.com\/\",\"name\":\"Mystikus\",\"description\":\"\",\"publisher\":{\"@id\":\"https:\/\/mystikus.com\/#organization\"},\"potentialAction\":[{\"@type\":\"SearchAction\",\"target\":{\"@type\":\"EntryPoint\",\"urlTemplate\":\"https:\/\/mystikus.com\/?s={search_term_string}\"},\"query-input\":{\"@type\":\"PropertyValueSpecification\",\"valueRequired\":true,\"valueName\":\"search_term_string\"}}],\"inLanguage\":\"fr-FR\"},{\"@type\":\"Organization\",\"@id\":\"https:\/\/mystikus.com\/#organization\",\"name\":\"Mystikus\",\"url\":\"https:\/\/mystikus.com\/\",\"logo\":{\"@type\":\"ImageObject\",\"inLanguage\":\"fr-FR\",\"@id\":\"https:\/\/mystikus.com\/#\/schema\/logo\/image\/\",\"url\":\"https:\/\/mystikus.com\/wp-content\/uploads\/2025\/06\/logo-instgaram-shop.jpg\",\"contentUrl\":\"https:\/\/mystikus.com\/wp-content\/uploads\/2025\/06\/logo-instgaram-shop.jpg\",\"width\":227,\"height\":227,\"caption\":\"Mystikus\"},\"image\":{\"@id\":\"https:\/\/mystikus.com\/#\/schema\/logo\/image\/\"}}]}<\/script>\n<!-- \/ Yoast SEO plugin. -->","yoast_head_json":{"title":"Collier en argent plaqu\u00e9 or - Mystikus","robots":{"index":"index","follow":"follow","max-snippet":"max-snippet:-1","max-image-preview":"max-image-preview:large","max-video-preview":"max-video-preview:-1"},"canonical":"https:\/\/mystikus.com\/fr\/producto\/collier-en-argent-plaque-or-6\/","og_locale":"fr_FR","og_type":"article","og_title":"Collier en argent plaqu\u00e9 or - Mystikus","og_description":"Caract\u00e9ristiques :   Mati\u00e8re : argent plaqu\u00e9 or   D\u00e9tail : Pierre de zirconium   Design : pendentif horizontal   Style : moderne et minimaliste   Utilisation : Tous les jours et pour les occasions sp\u00e9ciales","og_url":"https:\/\/mystikus.com\/fr\/producto\/collier-en-argent-plaque-or-6\/","og_site_name":"Mystikus","og_image":[{"width":1587,"height":1476,"url":"https:\/\/mystikus.com\/wp-content\/uploads\/2025\/12\/collar-7-1.jpg","type":"image\/jpeg"}],"twitter_card":"summary_large_image","twitter_misc":{"Dur\u00e9e de lecture estim\u00e9e":"1 minute"},"schema":{"@context":"https:\/\/schema.org","@graph":[{"@type":"WebPage","@id":"https:\/\/mystikus.com\/fr\/producto\/collier-en-argent-plaque-or-6\/","url":"https:\/\/mystikus.com\/fr\/producto\/collier-en-argent-plaque-or-6\/","name":"Collier en argent plaqu\u00e9 or - Mystikus","isPartOf":{"@id":"https:\/\/mystikus.com\/#website"},"primaryImageOfPage":{"@id":"https:\/\/mystikus.com\/fr\/producto\/collier-en-argent-plaque-or-6\/#primaryimage"},"image":{"@id":"https:\/\/mystikus.com\/fr\/producto\/collier-en-argent-plaque-or-6\/#primaryimage"},"thumbnailUrl":"https:\/\/mystikus.com\/wp-content\/uploads\/2025\/12\/collar-7-1.jpg","datePublished":"2025-12-22T15:52:38+00:00","breadcrumb":{"@id":"https:\/\/mystikus.com\/fr\/producto\/collier-en-argent-plaque-or-6\/#breadcrumb"},"inLanguage":"fr-FR","potentialAction":[{"@type":"ReadAction","target":["https:\/\/mystikus.com\/fr\/producto\/collier-en-argent-plaque-or-6\/"]}]},{"@type":"ImageObject","inLanguage":"fr-FR","@id":"https:\/\/mystikus.com\/fr\/producto\/collier-en-argent-plaque-or-6\/#primaryimage","url":"https:\/\/mystikus.com\/wp-content\/uploads\/2025\/12\/collar-7-1.jpg","contentUrl":"https:\/\/mystikus.com\/wp-content\/uploads\/2025\/12\/collar-7-1.jpg","width":1587,"height":1476},{"@type":"BreadcrumbList","@id":"https:\/\/mystikus.com\/fr\/producto\/collier-en-argent-plaque-or-6\/#breadcrumb","itemListElement":[{"@type":"ListItem","position":1,"name":"Portada","item":"https:\/\/mystikus.com\/fr\/accueil\/"},{"@type":"ListItem","position":2,"name":"Boutique","item":"https:\/\/mystikus.com\/fr\/boutique\/"},{"@type":"ListItem","position":3,"name":"Collier en argent plaqu\u00e9 or"}]},{"@type":"WebSite","@id":"https:\/\/mystikus.com\/#website","url":"https:\/\/mystikus.com\/","name":"Mystikus","description":"","publisher":{"@id":"https:\/\/mystikus.com\/#organization"},"potentialAction":[{"@type":"SearchAction","target":{"@type":"EntryPoint","urlTemplate":"https:\/\/mystikus.com\/?s={search_term_string}"},"query-input":{"@type":"PropertyValueSpecification","valueRequired":true,"valueName":"search_term_string"}}],"inLanguage":"fr-FR"},{"@type":"Organization","@id":"https:\/\/mystikus.com\/#organization","name":"Mystikus","url":"https:\/\/mystikus.com\/","logo":{"@type":"ImageObject","inLanguage":"fr-FR","@id":"https:\/\/mystikus.com\/#\/schema\/logo\/image\/","url":"https:\/\/mystikus.com\/wp-content\/uploads\/2025\/06\/logo-instgaram-shop.jpg","contentUrl":"https:\/\/mystikus.com\/wp-content\/uploads\/2025\/06\/logo-instgaram-shop.jpg","width":227,"height":227,"caption":"Mystikus"},"image":{"@id":"https:\/\/mystikus.com\/#\/schema\/logo\/image\/"}}]}},"_links":{"self":[{"href":"https:\/\/mystikus.com\/fr\/wp-json\/wp\/v2\/product\/26595","targetHints":{"allow":["GET"]}}],"collection":[{"href":"https:\/\/mystikus.com\/fr\/wp-json\/wp\/v2\/product"}],"about":[{"href":"https:\/\/mystikus.com\/fr\/wp-json\/wp\/v2\/types\/product"}],"replies":[{"embeddable":true,"href":"https:\/\/mystikus.com\/fr\/wp-json\/wp\/v2\/comments?post=26595"}],"wp:featuredmedia":[{"embeddable":true,"href":"https:\/\/mystikus.com\/fr\/wp-json\/wp\/v2\/media\/26504"}],"wp:attachment":[{"href":"https:\/\/mystikus.com\/fr\/wp-json\/wp\/v2\/media?parent=26595"}],"wp:term":[{"taxonomy":"product_brand","embeddable":true,"href":"https:\/\/mystikus.com\/fr\/wp-json\/wp\/v2\/product_brand?post=26595"},{"taxonomy":"product_cat","embeddable":true,"href":"https:\/\/mystikus.com\/fr\/wp-json\/wp\/v2\/product_cat?post=26595"},{"taxonomy":"product_tag","embeddable":true,"href":"https:\/\/mystikus.com\/fr\/wp-json\/wp\/v2\/product_tag?post=26595"}],"curies":[{"name":"wp","href":"https:\/\/api.w.org\/{rel}","templated":true}]}}