{"id":26598,"date":"2025-12-22T17:32:37","date_gmt":"2025-12-22T16:32:37","guid":{"rendered":"https:\/\/mystikus.com\/producto\/collier-en-argent-plaque-or-7\/"},"modified":"2025-12-22T17:32:37","modified_gmt":"2025-12-22T16:32:37","slug":"collier-en-argent-plaque-or-7","status":"publish","type":"product","link":"https:\/\/mystikus.com\/fr\/producto\/collier-en-argent-plaque-or-7\/","title":{"rendered":"Collier en argent plaqu\u00e9 or"},"content":{"rendered":"<p data-start=\"167\" data-end=\"195\"><strong data-start=\"167\" data-end=\"195\">Description du produit<\/strong><\/p>\n<p data-start=\"197\" data-end=\"528\">Ce collier contemporain pr\u00e9sente un pendentif circulaire aux lignes douces, r\u00e9alis\u00e9 en <strong data-start=\"297\" data-end=\"328\">argent plaqu\u00e9 or<\/strong> et orn\u00e9 d&rsquo;\u00e9l\u00e9gantes <strong data-start=\"354\" data-end=\"370\">pierres d&rsquo;onyx<\/strong> qui ajoutent de la profondeur et du contraste \u00e0 la pi\u00e8ce. La finition polie et la forme enveloppante cr\u00e9ent un bijou de caract\u00e8re, \u00e9quilibrant modernit\u00e9 et sophistication. <\/p>\n<p data-start=\"530\" data-end=\"803\">L&rsquo;intensit\u00e9 de l&rsquo;onyx noir, combin\u00e9e \u00e0 la tonalit\u00e9 chaude du plaquage or, donne naissance \u00e0 un accessoire polyvalent et intemporel, id\u00e9al pour le quotidien comme pour les grandes occasions. Son design distinctif en fait une pi\u00e8ce d&rsquo;apparat sans pour autant perdre en \u00e9l\u00e9gance. <\/p>\n<p data-start=\"805\" data-end=\"912\">Un collier raffin\u00e9 avec de la personnalit\u00e9, parfait pour celles qui recherchent un d\u00e9tail sophistiqu\u00e9 et contemporain.<\/p>\n<p data-start=\"914\" data-end=\"934\"><strong data-start=\"914\" data-end=\"934\">Caract\u00e9ristiques :<\/strong><\/p>\n<ul data-start=\"935\" data-end=\"1109\">\n<li data-start=\"935\" data-end=\"980\">\n<p data-start=\"937\" data-end=\"980\">Mati\u00e8re : <strong data-start=\"947\" data-end=\"978\"> argent plaqu\u00e9 or<\/strong><\/p>\n<\/li>\n<li data-start=\"981\" data-end=\"1009\">\n<p data-start=\"983\" data-end=\"1009\">D\u00e9tail : <strong data-start=\"992\" data-end=\"1007\">Pierre d&rsquo;onyx<\/strong><\/p>\n<\/li>\n<li data-start=\"1010\" data-end=\"1039\">\n<p data-start=\"1012\" data-end=\"1039\">Design : pendentif circulaire<\/p>\n<\/li>\n<li data-start=\"1040\" data-end=\"1070\">\n<p data-start=\"1042\" data-end=\"1070\">Style : moderne et \u00e9l\u00e9gant<\/p>\n<\/li>\n<li data-start=\"1071\" data-end=\"1109\">\n<p data-start=\"1073\" data-end=\"1109\">Utilisation : Tous les jours et pour les occasions sp\u00e9ciales<\/p>\n<\/li>\n<\/ul>\n","protected":false},"excerpt":{"rendered":"<p data-start=\"914\" data-end=\"934\"><strong data-start=\"914\" data-end=\"934\">Caract\u00e9ristiques :<\/strong><\/p>\n<ul data-start=\"935\" data-end=\"1109\">\n<li data-start=\"935\" data-end=\"980\">\n<p data-start=\"937\" data-end=\"980\">Mati\u00e8re : <strong data-start=\"947\" data-end=\"978\"> argent plaqu\u00e9 or<\/strong><\/p>\n<\/li>\n<li data-start=\"981\" data-end=\"1009\">\n<p data-start=\"983\" data-end=\"1009\">D\u00e9tail : <strong data-start=\"992\" data-end=\"1007\">Pierre d&rsquo;onyx<\/strong><\/p>\n<\/li>\n<li data-start=\"1010\" data-end=\"1039\">\n<p data-start=\"1012\" data-end=\"1039\">Design : pendentif circulaire<\/p>\n<\/li>\n<li data-start=\"1040\" data-end=\"1070\">\n<p data-start=\"1042\" data-end=\"1070\">Style : moderne et \u00e9l\u00e9gant<\/p>\n<\/li>\n<li data-start=\"1071\" data-end=\"1109\">\n<p data-start=\"1073\" data-end=\"1109\">Utilisation : Tous les jours et pour les occasions sp\u00e9ciales<\/p>\n<\/li>\n<\/ul>\n","protected":false},"featured_media":26508,"comment_status":"open","ping_status":"closed","template":"","meta":[],"product_brand":[],"product_cat":[271,272,275,106],"product_tag":[],"class_list":{"0":"post-26598","1":"product","2":"type-product","3":"status-publish","4":"has-post-thumbnail","6":"product_cat-bijoux","7":"product_cat-colliers","9":"product_cat-mineraux-et-bijoux","11":"first","12":"instock","13":"shipping-taxable","14":"purchasable","15":"product-type-simple"},"yoast_head":"<!-- This site is optimized with the Yoast SEO plugin v27.2 - https:\/\/yoast.com\/product\/yoast-seo-wordpress\/ -->\n<title>Collier en argent plaqu\u00e9 or - Mystikus<\/title>\n<meta name=\"robots\" content=\"index, follow, max-snippet:-1, max-image-preview:large, max-video-preview:-1\" \/>\n<link rel=\"canonical\" href=\"https:\/\/mystikus.com\/fr\/producto\/collier-en-argent-plaque-or-7\/\" \/>\n<meta property=\"og:locale\" content=\"fr_FR\" \/>\n<meta property=\"og:type\" content=\"article\" \/>\n<meta property=\"og:title\" content=\"Collier en argent plaqu\u00e9 or - Mystikus\" \/>\n<meta property=\"og:description\" content=\"Caract\u00e9ristiques :   Mati\u00e8re : argent plaqu\u00e9 or   D\u00e9tail : Pierre d&#039;onyx   Design : pendentif circulaire   Style : moderne et \u00e9l\u00e9gant   Utilisation : Tous les jours et pour les occasions sp\u00e9ciales\" \/>\n<meta property=\"og:url\" content=\"https:\/\/mystikus.com\/fr\/producto\/collier-en-argent-plaque-or-7\/\" \/>\n<meta property=\"og:site_name\" content=\"Mystikus\" \/>\n<meta property=\"og:image\" content=\"https:\/\/mystikus.com\/wp-content\/uploads\/2025\/12\/collar-9.jpg\" \/>\n\t<meta property=\"og:image:width\" content=\"1587\" \/>\n\t<meta property=\"og:image:height\" content=\"1476\" \/>\n\t<meta property=\"og:image:type\" content=\"image\/jpeg\" \/>\n<meta name=\"twitter:card\" content=\"summary_large_image\" \/>\n<meta name=\"twitter:label1\" content=\"Dur\u00e9e de lecture estim\u00e9e\" \/>\n\t<meta name=\"twitter:data1\" content=\"1 minute\" \/>\n<script type=\"application\/ld+json\" class=\"yoast-schema-graph\">{\"@context\":\"https:\/\/schema.org\",\"@graph\":[{\"@type\":\"WebPage\",\"@id\":\"https:\/\/mystikus.com\/fr\/producto\/collier-en-argent-plaque-or-7\/\",\"url\":\"https:\/\/mystikus.com\/fr\/producto\/collier-en-argent-plaque-or-7\/\",\"name\":\"Collier en argent plaqu\u00e9 or - Mystikus\",\"isPartOf\":{\"@id\":\"https:\/\/mystikus.com\/#website\"},\"primaryImageOfPage\":{\"@id\":\"https:\/\/mystikus.com\/fr\/producto\/collier-en-argent-plaque-or-7\/#primaryimage\"},\"image\":{\"@id\":\"https:\/\/mystikus.com\/fr\/producto\/collier-en-argent-plaque-or-7\/#primaryimage\"},\"thumbnailUrl\":\"https:\/\/mystikus.com\/wp-content\/uploads\/2025\/12\/collar-9.jpg\",\"datePublished\":\"2025-12-22T16:32:37+00:00\",\"breadcrumb\":{\"@id\":\"https:\/\/mystikus.com\/fr\/producto\/collier-en-argent-plaque-or-7\/#breadcrumb\"},\"inLanguage\":\"fr-FR\",\"potentialAction\":[{\"@type\":\"ReadAction\",\"target\":[\"https:\/\/mystikus.com\/fr\/producto\/collier-en-argent-plaque-or-7\/\"]}]},{\"@type\":\"ImageObject\",\"inLanguage\":\"fr-FR\",\"@id\":\"https:\/\/mystikus.com\/fr\/producto\/collier-en-argent-plaque-or-7\/#primaryimage\",\"url\":\"https:\/\/mystikus.com\/wp-content\/uploads\/2025\/12\/collar-9.jpg\",\"contentUrl\":\"https:\/\/mystikus.com\/wp-content\/uploads\/2025\/12\/collar-9.jpg\",\"width\":1587,\"height\":1476},{\"@type\":\"BreadcrumbList\",\"@id\":\"https:\/\/mystikus.com\/fr\/producto\/collier-en-argent-plaque-or-7\/#breadcrumb\",\"itemListElement\":[{\"@type\":\"ListItem\",\"position\":1,\"name\":\"Portada\",\"item\":\"https:\/\/mystikus.com\/fr\/accueil\/\"},{\"@type\":\"ListItem\",\"position\":2,\"name\":\"Boutique\",\"item\":\"https:\/\/mystikus.com\/fr\/boutique\/\"},{\"@type\":\"ListItem\",\"position\":3,\"name\":\"Collier en argent plaqu\u00e9 or\"}]},{\"@type\":\"WebSite\",\"@id\":\"https:\/\/mystikus.com\/#website\",\"url\":\"https:\/\/mystikus.com\/\",\"name\":\"Mystikus\",\"description\":\"\",\"publisher\":{\"@id\":\"https:\/\/mystikus.com\/#organization\"},\"potentialAction\":[{\"@type\":\"SearchAction\",\"target\":{\"@type\":\"EntryPoint\",\"urlTemplate\":\"https:\/\/mystikus.com\/?s={search_term_string}\"},\"query-input\":{\"@type\":\"PropertyValueSpecification\",\"valueRequired\":true,\"valueName\":\"search_term_string\"}}],\"inLanguage\":\"fr-FR\"},{\"@type\":\"Organization\",\"@id\":\"https:\/\/mystikus.com\/#organization\",\"name\":\"Mystikus\",\"url\":\"https:\/\/mystikus.com\/\",\"logo\":{\"@type\":\"ImageObject\",\"inLanguage\":\"fr-FR\",\"@id\":\"https:\/\/mystikus.com\/#\/schema\/logo\/image\/\",\"url\":\"https:\/\/mystikus.com\/wp-content\/uploads\/2025\/06\/logo-instgaram-shop.jpg\",\"contentUrl\":\"https:\/\/mystikus.com\/wp-content\/uploads\/2025\/06\/logo-instgaram-shop.jpg\",\"width\":227,\"height\":227,\"caption\":\"Mystikus\"},\"image\":{\"@id\":\"https:\/\/mystikus.com\/#\/schema\/logo\/image\/\"}}]}<\/script>\n<!-- \/ Yoast SEO plugin. -->","yoast_head_json":{"title":"Collier en argent plaqu\u00e9 or - Mystikus","robots":{"index":"index","follow":"follow","max-snippet":"max-snippet:-1","max-image-preview":"max-image-preview:large","max-video-preview":"max-video-preview:-1"},"canonical":"https:\/\/mystikus.com\/fr\/producto\/collier-en-argent-plaque-or-7\/","og_locale":"fr_FR","og_type":"article","og_title":"Collier en argent plaqu\u00e9 or - Mystikus","og_description":"Caract\u00e9ristiques :   Mati\u00e8re : argent plaqu\u00e9 or   D\u00e9tail : Pierre d'onyx   Design : pendentif circulaire   Style : moderne et \u00e9l\u00e9gant   Utilisation : Tous les jours et pour les occasions sp\u00e9ciales","og_url":"https:\/\/mystikus.com\/fr\/producto\/collier-en-argent-plaque-or-7\/","og_site_name":"Mystikus","og_image":[{"width":1587,"height":1476,"url":"https:\/\/mystikus.com\/wp-content\/uploads\/2025\/12\/collar-9.jpg","type":"image\/jpeg"}],"twitter_card":"summary_large_image","twitter_misc":{"Dur\u00e9e de lecture estim\u00e9e":"1 minute"},"schema":{"@context":"https:\/\/schema.org","@graph":[{"@type":"WebPage","@id":"https:\/\/mystikus.com\/fr\/producto\/collier-en-argent-plaque-or-7\/","url":"https:\/\/mystikus.com\/fr\/producto\/collier-en-argent-plaque-or-7\/","name":"Collier en argent plaqu\u00e9 or - Mystikus","isPartOf":{"@id":"https:\/\/mystikus.com\/#website"},"primaryImageOfPage":{"@id":"https:\/\/mystikus.com\/fr\/producto\/collier-en-argent-plaque-or-7\/#primaryimage"},"image":{"@id":"https:\/\/mystikus.com\/fr\/producto\/collier-en-argent-plaque-or-7\/#primaryimage"},"thumbnailUrl":"https:\/\/mystikus.com\/wp-content\/uploads\/2025\/12\/collar-9.jpg","datePublished":"2025-12-22T16:32:37+00:00","breadcrumb":{"@id":"https:\/\/mystikus.com\/fr\/producto\/collier-en-argent-plaque-or-7\/#breadcrumb"},"inLanguage":"fr-FR","potentialAction":[{"@type":"ReadAction","target":["https:\/\/mystikus.com\/fr\/producto\/collier-en-argent-plaque-or-7\/"]}]},{"@type":"ImageObject","inLanguage":"fr-FR","@id":"https:\/\/mystikus.com\/fr\/producto\/collier-en-argent-plaque-or-7\/#primaryimage","url":"https:\/\/mystikus.com\/wp-content\/uploads\/2025\/12\/collar-9.jpg","contentUrl":"https:\/\/mystikus.com\/wp-content\/uploads\/2025\/12\/collar-9.jpg","width":1587,"height":1476},{"@type":"BreadcrumbList","@id":"https:\/\/mystikus.com\/fr\/producto\/collier-en-argent-plaque-or-7\/#breadcrumb","itemListElement":[{"@type":"ListItem","position":1,"name":"Portada","item":"https:\/\/mystikus.com\/fr\/accueil\/"},{"@type":"ListItem","position":2,"name":"Boutique","item":"https:\/\/mystikus.com\/fr\/boutique\/"},{"@type":"ListItem","position":3,"name":"Collier en argent plaqu\u00e9 or"}]},{"@type":"WebSite","@id":"https:\/\/mystikus.com\/#website","url":"https:\/\/mystikus.com\/","name":"Mystikus","description":"","publisher":{"@id":"https:\/\/mystikus.com\/#organization"},"potentialAction":[{"@type":"SearchAction","target":{"@type":"EntryPoint","urlTemplate":"https:\/\/mystikus.com\/?s={search_term_string}"},"query-input":{"@type":"PropertyValueSpecification","valueRequired":true,"valueName":"search_term_string"}}],"inLanguage":"fr-FR"},{"@type":"Organization","@id":"https:\/\/mystikus.com\/#organization","name":"Mystikus","url":"https:\/\/mystikus.com\/","logo":{"@type":"ImageObject","inLanguage":"fr-FR","@id":"https:\/\/mystikus.com\/#\/schema\/logo\/image\/","url":"https:\/\/mystikus.com\/wp-content\/uploads\/2025\/06\/logo-instgaram-shop.jpg","contentUrl":"https:\/\/mystikus.com\/wp-content\/uploads\/2025\/06\/logo-instgaram-shop.jpg","width":227,"height":227,"caption":"Mystikus"},"image":{"@id":"https:\/\/mystikus.com\/#\/schema\/logo\/image\/"}}]}},"_links":{"self":[{"href":"https:\/\/mystikus.com\/fr\/wp-json\/wp\/v2\/product\/26598","targetHints":{"allow":["GET"]}}],"collection":[{"href":"https:\/\/mystikus.com\/fr\/wp-json\/wp\/v2\/product"}],"about":[{"href":"https:\/\/mystikus.com\/fr\/wp-json\/wp\/v2\/types\/product"}],"replies":[{"embeddable":true,"href":"https:\/\/mystikus.com\/fr\/wp-json\/wp\/v2\/comments?post=26598"}],"wp:featuredmedia":[{"embeddable":true,"href":"https:\/\/mystikus.com\/fr\/wp-json\/wp\/v2\/media\/26508"}],"wp:attachment":[{"href":"https:\/\/mystikus.com\/fr\/wp-json\/wp\/v2\/media?parent=26598"}],"wp:term":[{"taxonomy":"product_brand","embeddable":true,"href":"https:\/\/mystikus.com\/fr\/wp-json\/wp\/v2\/product_brand?post=26598"},{"taxonomy":"product_cat","embeddable":true,"href":"https:\/\/mystikus.com\/fr\/wp-json\/wp\/v2\/product_cat?post=26598"},{"taxonomy":"product_tag","embeddable":true,"href":"https:\/\/mystikus.com\/fr\/wp-json\/wp\/v2\/product_tag?post=26598"}],"curies":[{"name":"wp","href":"https:\/\/api.w.org\/{rel}","templated":true}]}}