{"id":26603,"date":"2025-12-22T17:39:48","date_gmt":"2025-12-22T16:39:48","guid":{"rendered":"https:\/\/mystikus.com\/producto\/collier-en-argent-plaque-or-8\/"},"modified":"2025-12-22T17:39:48","modified_gmt":"2025-12-22T16:39:48","slug":"collier-en-argent-plaque-or-8","status":"publish","type":"product","link":"https:\/\/mystikus.com\/fr\/producto\/collier-en-argent-plaque-or-8\/","title":{"rendered":"Collier en argent plaqu\u00e9 or"},"content":{"rendered":"<p data-start=\"164\" data-end=\"192\"><strong data-start=\"164\" data-end=\"192\">Description du produit<\/strong><\/p>\n<p data-start=\"194\" data-end=\"521\">Ce collier au design \u00e9pur\u00e9 et contemporain est r\u00e9alis\u00e9 en <strong data-start=\"264\" data-end=\"295\">argent plaqu\u00e9 or<\/strong> et rehauss\u00e9 d&rsquo;un pendentif g\u00e9om\u00e9trique de forme carr\u00e9e incorporant une <strong data-start=\"370\" data-end=\"385\">pierre d&rsquo;onyx<\/strong>. Connu pour sa teinte noire profonde et sa finition lisse, l&rsquo;onyx apporte sophistication, caract\u00e8re et contraste raffin\u00e9 \u00e0 la pi\u00e8ce. <\/p>\n<p data-start=\"523\" data-end=\"786\">La combinaison de l&rsquo;\u00e9clat chaud du plaquage or et de l&rsquo;intensit\u00e9 de l&rsquo;onyx cr\u00e9e un bijou \u00e9quilibr\u00e9 et intemporel, id\u00e9al pour le quotidien comme pour les grandes occasions. Son design \u00e9pur\u00e9 et moderne en fait un accessoire polyvalent et facile \u00e0 assortir. <\/p>\n<p data-start=\"788\" data-end=\"898\">Un collier \u00e9l\u00e9gant avec de la personnalit\u00e9, parfait pour celles qui recherchent un bijou discret avec une touche distinctive.<\/p>\n<p data-start=\"900\" data-end=\"920\"><strong data-start=\"900\" data-end=\"920\">Caract\u00e9ristiques :<\/strong><\/p>\n<ul data-start=\"921\" data-end=\"1095\">\n<li data-start=\"921\" data-end=\"966\">\n<p data-start=\"923\" data-end=\"966\">Mati\u00e8re : <strong data-start=\"933\" data-end=\"964\">argent plaqu\u00e9 or<\/strong><\/p>\n<\/li>\n<li data-start=\"967\" data-end=\"995\">\n<p data-start=\"969\" data-end=\"995\">D\u00e9tail : <strong data-start=\"978\" data-end=\"993\">Pierre d&rsquo;onyx<\/strong><\/p>\n<\/li>\n<li data-start=\"996\" data-end=\"1025\">\n<p data-start=\"998\" data-end=\"1025\">Design : Pendentif carr\u00e9<\/p>\n<\/li>\n<li data-start=\"1026\" data-end=\"1056\">\n<p data-start=\"1028\" data-end=\"1056\">Style : moderne et \u00e9l\u00e9gant<\/p>\n<\/li>\n<li data-start=\"1057\" data-end=\"1095\">\n<p data-start=\"1059\" data-end=\"1095\">Utilisation : Tous les jours et pour les occasions sp\u00e9ciales<\/p>\n<\/li>\n<\/ul>\n","protected":false},"excerpt":{"rendered":"<p data-start=\"900\" data-end=\"920\"><strong data-start=\"900\" data-end=\"920\">Caract\u00e9ristiques :<\/strong><\/p>\n<ul data-start=\"921\" data-end=\"1095\">\n<li data-start=\"921\" data-end=\"966\">\n<p data-start=\"923\" data-end=\"966\">Mati\u00e8re : <strong data-start=\"933\" data-end=\"964\">argent plaqu\u00e9 or<\/strong><\/p>\n<\/li>\n<li data-start=\"967\" data-end=\"995\">\n<p data-start=\"969\" data-end=\"995\">D\u00e9tail : <strong data-start=\"978\" data-end=\"993\">Pierre d&rsquo;onyx<\/strong><\/p>\n<\/li>\n<li data-start=\"996\" data-end=\"1025\">\n<p data-start=\"998\" data-end=\"1025\">Design : Pendentif carr\u00e9<\/p>\n<\/li>\n<li data-start=\"1026\" data-end=\"1056\">\n<p data-start=\"1028\" data-end=\"1056\">Style : moderne et \u00e9l\u00e9gant<\/p>\n<\/li>\n<li data-start=\"1057\" data-end=\"1095\">\n<p data-start=\"1059\" data-end=\"1095\">Utilisation : Tous les jours et pour les occasions sp\u00e9ciales<\/p>\n<\/li>\n<\/ul>\n","protected":false},"featured_media":26513,"comment_status":"open","ping_status":"closed","template":"","meta":[],"product_brand":[],"product_cat":[271,272,275,106],"product_tag":[],"class_list":{"0":"post-26603","1":"product","2":"type-product","3":"status-publish","4":"has-post-thumbnail","6":"product_cat-bijoux","7":"product_cat-colliers","9":"product_cat-mineraux-et-bijoux","11":"first","12":"instock","13":"shipping-taxable","14":"purchasable","15":"product-type-simple"},"yoast_head":"<!-- This site is optimized with the Yoast SEO plugin v27.2 - https:\/\/yoast.com\/product\/yoast-seo-wordpress\/ -->\n<title>Collier en argent plaqu\u00e9 or - Mystikus<\/title>\n<meta name=\"robots\" content=\"index, follow, max-snippet:-1, max-image-preview:large, max-video-preview:-1\" \/>\n<link rel=\"canonical\" href=\"https:\/\/mystikus.com\/fr\/producto\/collier-en-argent-plaque-or-8\/\" \/>\n<meta property=\"og:locale\" content=\"fr_FR\" \/>\n<meta property=\"og:type\" content=\"article\" \/>\n<meta property=\"og:title\" content=\"Collier en argent plaqu\u00e9 or - Mystikus\" \/>\n<meta property=\"og:description\" content=\"Caract\u00e9ristiques :   Mati\u00e8re : argent plaqu\u00e9 or   D\u00e9tail : Pierre d&#039;onyx   Design : Pendentif carr\u00e9   Style : moderne et \u00e9l\u00e9gant   Utilisation : Tous les jours et pour les occasions sp\u00e9ciales\" \/>\n<meta property=\"og:url\" content=\"https:\/\/mystikus.com\/fr\/producto\/collier-en-argent-plaque-or-8\/\" \/>\n<meta property=\"og:site_name\" content=\"Mystikus\" \/>\n<meta property=\"og:image\" content=\"https:\/\/mystikus.com\/wp-content\/uploads\/2025\/12\/collar-11.jpg\" \/>\n\t<meta property=\"og:image:width\" content=\"1587\" \/>\n\t<meta property=\"og:image:height\" content=\"1476\" \/>\n\t<meta property=\"og:image:type\" content=\"image\/jpeg\" \/>\n<meta name=\"twitter:card\" content=\"summary_large_image\" \/>\n<meta name=\"twitter:label1\" content=\"Dur\u00e9e de lecture estim\u00e9e\" \/>\n\t<meta name=\"twitter:data1\" content=\"1 minute\" \/>\n<script type=\"application\/ld+json\" class=\"yoast-schema-graph\">{\"@context\":\"https:\/\/schema.org\",\"@graph\":[{\"@type\":\"WebPage\",\"@id\":\"https:\/\/mystikus.com\/fr\/producto\/collier-en-argent-plaque-or-8\/\",\"url\":\"https:\/\/mystikus.com\/fr\/producto\/collier-en-argent-plaque-or-8\/\",\"name\":\"Collier en argent plaqu\u00e9 or - Mystikus\",\"isPartOf\":{\"@id\":\"https:\/\/mystikus.com\/#website\"},\"primaryImageOfPage\":{\"@id\":\"https:\/\/mystikus.com\/fr\/producto\/collier-en-argent-plaque-or-8\/#primaryimage\"},\"image\":{\"@id\":\"https:\/\/mystikus.com\/fr\/producto\/collier-en-argent-plaque-or-8\/#primaryimage\"},\"thumbnailUrl\":\"https:\/\/mystikus.com\/wp-content\/uploads\/2025\/12\/collar-11.jpg\",\"datePublished\":\"2025-12-22T16:39:48+00:00\",\"breadcrumb\":{\"@id\":\"https:\/\/mystikus.com\/fr\/producto\/collier-en-argent-plaque-or-8\/#breadcrumb\"},\"inLanguage\":\"fr-FR\",\"potentialAction\":[{\"@type\":\"ReadAction\",\"target\":[\"https:\/\/mystikus.com\/fr\/producto\/collier-en-argent-plaque-or-8\/\"]}]},{\"@type\":\"ImageObject\",\"inLanguage\":\"fr-FR\",\"@id\":\"https:\/\/mystikus.com\/fr\/producto\/collier-en-argent-plaque-or-8\/#primaryimage\",\"url\":\"https:\/\/mystikus.com\/wp-content\/uploads\/2025\/12\/collar-11.jpg\",\"contentUrl\":\"https:\/\/mystikus.com\/wp-content\/uploads\/2025\/12\/collar-11.jpg\",\"width\":1587,\"height\":1476},{\"@type\":\"BreadcrumbList\",\"@id\":\"https:\/\/mystikus.com\/fr\/producto\/collier-en-argent-plaque-or-8\/#breadcrumb\",\"itemListElement\":[{\"@type\":\"ListItem\",\"position\":1,\"name\":\"Portada\",\"item\":\"https:\/\/mystikus.com\/fr\/accueil\/\"},{\"@type\":\"ListItem\",\"position\":2,\"name\":\"Boutique\",\"item\":\"https:\/\/mystikus.com\/fr\/boutique\/\"},{\"@type\":\"ListItem\",\"position\":3,\"name\":\"Collier en argent plaqu\u00e9 or\"}]},{\"@type\":\"WebSite\",\"@id\":\"https:\/\/mystikus.com\/#website\",\"url\":\"https:\/\/mystikus.com\/\",\"name\":\"Mystikus\",\"description\":\"\",\"publisher\":{\"@id\":\"https:\/\/mystikus.com\/#organization\"},\"potentialAction\":[{\"@type\":\"SearchAction\",\"target\":{\"@type\":\"EntryPoint\",\"urlTemplate\":\"https:\/\/mystikus.com\/?s={search_term_string}\"},\"query-input\":{\"@type\":\"PropertyValueSpecification\",\"valueRequired\":true,\"valueName\":\"search_term_string\"}}],\"inLanguage\":\"fr-FR\"},{\"@type\":\"Organization\",\"@id\":\"https:\/\/mystikus.com\/#organization\",\"name\":\"Mystikus\",\"url\":\"https:\/\/mystikus.com\/\",\"logo\":{\"@type\":\"ImageObject\",\"inLanguage\":\"fr-FR\",\"@id\":\"https:\/\/mystikus.com\/#\/schema\/logo\/image\/\",\"url\":\"https:\/\/mystikus.com\/wp-content\/uploads\/2025\/06\/logo-instgaram-shop.jpg\",\"contentUrl\":\"https:\/\/mystikus.com\/wp-content\/uploads\/2025\/06\/logo-instgaram-shop.jpg\",\"width\":227,\"height\":227,\"caption\":\"Mystikus\"},\"image\":{\"@id\":\"https:\/\/mystikus.com\/#\/schema\/logo\/image\/\"}}]}<\/script>\n<!-- \/ Yoast SEO plugin. -->","yoast_head_json":{"title":"Collier en argent plaqu\u00e9 or - Mystikus","robots":{"index":"index","follow":"follow","max-snippet":"max-snippet:-1","max-image-preview":"max-image-preview:large","max-video-preview":"max-video-preview:-1"},"canonical":"https:\/\/mystikus.com\/fr\/producto\/collier-en-argent-plaque-or-8\/","og_locale":"fr_FR","og_type":"article","og_title":"Collier en argent plaqu\u00e9 or - Mystikus","og_description":"Caract\u00e9ristiques :   Mati\u00e8re : argent plaqu\u00e9 or   D\u00e9tail : Pierre d'onyx   Design : Pendentif carr\u00e9   Style : moderne et \u00e9l\u00e9gant   Utilisation : Tous les jours et pour les occasions sp\u00e9ciales","og_url":"https:\/\/mystikus.com\/fr\/producto\/collier-en-argent-plaque-or-8\/","og_site_name":"Mystikus","og_image":[{"width":1587,"height":1476,"url":"https:\/\/mystikus.com\/wp-content\/uploads\/2025\/12\/collar-11.jpg","type":"image\/jpeg"}],"twitter_card":"summary_large_image","twitter_misc":{"Dur\u00e9e de lecture estim\u00e9e":"1 minute"},"schema":{"@context":"https:\/\/schema.org","@graph":[{"@type":"WebPage","@id":"https:\/\/mystikus.com\/fr\/producto\/collier-en-argent-plaque-or-8\/","url":"https:\/\/mystikus.com\/fr\/producto\/collier-en-argent-plaque-or-8\/","name":"Collier en argent plaqu\u00e9 or - Mystikus","isPartOf":{"@id":"https:\/\/mystikus.com\/#website"},"primaryImageOfPage":{"@id":"https:\/\/mystikus.com\/fr\/producto\/collier-en-argent-plaque-or-8\/#primaryimage"},"image":{"@id":"https:\/\/mystikus.com\/fr\/producto\/collier-en-argent-plaque-or-8\/#primaryimage"},"thumbnailUrl":"https:\/\/mystikus.com\/wp-content\/uploads\/2025\/12\/collar-11.jpg","datePublished":"2025-12-22T16:39:48+00:00","breadcrumb":{"@id":"https:\/\/mystikus.com\/fr\/producto\/collier-en-argent-plaque-or-8\/#breadcrumb"},"inLanguage":"fr-FR","potentialAction":[{"@type":"ReadAction","target":["https:\/\/mystikus.com\/fr\/producto\/collier-en-argent-plaque-or-8\/"]}]},{"@type":"ImageObject","inLanguage":"fr-FR","@id":"https:\/\/mystikus.com\/fr\/producto\/collier-en-argent-plaque-or-8\/#primaryimage","url":"https:\/\/mystikus.com\/wp-content\/uploads\/2025\/12\/collar-11.jpg","contentUrl":"https:\/\/mystikus.com\/wp-content\/uploads\/2025\/12\/collar-11.jpg","width":1587,"height":1476},{"@type":"BreadcrumbList","@id":"https:\/\/mystikus.com\/fr\/producto\/collier-en-argent-plaque-or-8\/#breadcrumb","itemListElement":[{"@type":"ListItem","position":1,"name":"Portada","item":"https:\/\/mystikus.com\/fr\/accueil\/"},{"@type":"ListItem","position":2,"name":"Boutique","item":"https:\/\/mystikus.com\/fr\/boutique\/"},{"@type":"ListItem","position":3,"name":"Collier en argent plaqu\u00e9 or"}]},{"@type":"WebSite","@id":"https:\/\/mystikus.com\/#website","url":"https:\/\/mystikus.com\/","name":"Mystikus","description":"","publisher":{"@id":"https:\/\/mystikus.com\/#organization"},"potentialAction":[{"@type":"SearchAction","target":{"@type":"EntryPoint","urlTemplate":"https:\/\/mystikus.com\/?s={search_term_string}"},"query-input":{"@type":"PropertyValueSpecification","valueRequired":true,"valueName":"search_term_string"}}],"inLanguage":"fr-FR"},{"@type":"Organization","@id":"https:\/\/mystikus.com\/#organization","name":"Mystikus","url":"https:\/\/mystikus.com\/","logo":{"@type":"ImageObject","inLanguage":"fr-FR","@id":"https:\/\/mystikus.com\/#\/schema\/logo\/image\/","url":"https:\/\/mystikus.com\/wp-content\/uploads\/2025\/06\/logo-instgaram-shop.jpg","contentUrl":"https:\/\/mystikus.com\/wp-content\/uploads\/2025\/06\/logo-instgaram-shop.jpg","width":227,"height":227,"caption":"Mystikus"},"image":{"@id":"https:\/\/mystikus.com\/#\/schema\/logo\/image\/"}}]}},"_links":{"self":[{"href":"https:\/\/mystikus.com\/fr\/wp-json\/wp\/v2\/product\/26603","targetHints":{"allow":["GET"]}}],"collection":[{"href":"https:\/\/mystikus.com\/fr\/wp-json\/wp\/v2\/product"}],"about":[{"href":"https:\/\/mystikus.com\/fr\/wp-json\/wp\/v2\/types\/product"}],"replies":[{"embeddable":true,"href":"https:\/\/mystikus.com\/fr\/wp-json\/wp\/v2\/comments?post=26603"}],"wp:featuredmedia":[{"embeddable":true,"href":"https:\/\/mystikus.com\/fr\/wp-json\/wp\/v2\/media\/26513"}],"wp:attachment":[{"href":"https:\/\/mystikus.com\/fr\/wp-json\/wp\/v2\/media?parent=26603"}],"wp:term":[{"taxonomy":"product_brand","embeddable":true,"href":"https:\/\/mystikus.com\/fr\/wp-json\/wp\/v2\/product_brand?post=26603"},{"taxonomy":"product_cat","embeddable":true,"href":"https:\/\/mystikus.com\/fr\/wp-json\/wp\/v2\/product_cat?post=26603"},{"taxonomy":"product_tag","embeddable":true,"href":"https:\/\/mystikus.com\/fr\/wp-json\/wp\/v2\/product_tag?post=26603"}],"curies":[{"name":"wp","href":"https:\/\/api.w.org\/{rel}","templated":true}]}}