{"id":26880,"date":"2026-02-06T16:47:07","date_gmt":"2026-02-06T15:47:07","guid":{"rendered":"https:\/\/mystikus.com\/producto\/tissu-de-lecture-tarot-arbre-de-vie\/"},"modified":"2026-02-06T16:52:35","modified_gmt":"2026-02-06T15:52:35","slug":"tissu-de-lecture-tarot-arbre-de-vie","status":"publish","type":"product","link":"https:\/\/mystikus.com\/fr\/producto\/tissu-de-lecture-tarot-arbre-de-vie\/","title":{"rendered":"Tissu de lecture Tarot \u2013 Arbre de vie"},"content":{"rendered":"<p>Ajoutez de la profondeur et du sens \u00e0 vos lectures avec ce tissu de Tarot de l&rsquo;Arbre de Vie.<br \/>\nImprim\u00e9 sur un polyester doux et durable et mesurant 75x75cm, il repr\u00e9sente l&rsquo;Arbre de Vie sacr\u00e9,<\/p>\n<p>&nbsp;<\/p>\n","protected":false},"excerpt":{"rendered":"<p>Ajoutez de la profondeur et du sens \u00e0 vos lectures avec ce tissu de Tarot de l&rsquo;Arbre de Vie.<br \/>\nImprim\u00e9 sur un polyester doux et durable et mesurant 75x75cm, il repr\u00e9sente l&rsquo;Arbre de Vie sacr\u00e9,<\/p>\n<p>&nbsp;<\/p>\n","protected":false},"featured_media":27018,"comment_status":"open","ping_status":"closed","template":"","meta":[],"product_brand":[],"product_cat":[182,210],"product_tag":[],"class_list":{"0":"post-26880","1":"product","2":"type-product","3":"status-publish","4":"has-post-thumbnail","6":"product_cat-divination","7":"product_cat-tarots","9":"first","10":"instock","11":"shipping-taxable","12":"purchasable","13":"product-type-simple"},"yoast_head":"<!-- This site is optimized with the Yoast SEO plugin v27.2 - https:\/\/yoast.com\/product\/yoast-seo-wordpress\/ -->\n<title>Tissu de lecture Tarot - Arbre de vie - Mystikus<\/title>\n<meta name=\"robots\" content=\"index, follow, max-snippet:-1, max-image-preview:large, max-video-preview:-1\" \/>\n<link rel=\"canonical\" href=\"https:\/\/mystikus.com\/fr\/producto\/tissu-de-lecture-tarot-arbre-de-vie\/\" \/>\n<meta property=\"og:locale\" content=\"fr_FR\" \/>\n<meta property=\"og:type\" content=\"article\" \/>\n<meta property=\"og:title\" content=\"Tissu de lecture Tarot - Arbre de vie - Mystikus\" \/>\n<meta property=\"og:description\" content=\"Ajoutez de la profondeur et du sens \u00e0 vos lectures avec ce tissu de Tarot de l&#039;Arbre de Vie. Imprim\u00e9 sur un polyester doux et durable et mesurant 75x75cm, il repr\u00e9sente l&#039;Arbre de Vie sacr\u00e9, &nbsp;\" \/>\n<meta property=\"og:url\" content=\"https:\/\/mystikus.com\/fr\/producto\/tissu-de-lecture-tarot-arbre-de-vie\/\" \/>\n<meta property=\"og:site_name\" content=\"Mystikus\" \/>\n<meta property=\"article:modified_time\" content=\"2026-02-06T15:52:35+00:00\" \/>\n<meta property=\"og:image\" content=\"https:\/\/mystikus.com\/wp-content\/uploads\/2026\/02\/bG9jYWw6Ly9tZWRpYS8xUS84Qy82MFIzMEMxSjY0Uks4QzFRL2RlNTE3Mzc3LmpwZw.jpg\" \/>\n\t<meta property=\"og:image:width\" content=\"2000\" \/>\n\t<meta property=\"og:image:height\" content=\"2000\" \/>\n\t<meta property=\"og:image:type\" content=\"image\/jpeg\" \/>\n<meta name=\"twitter:card\" content=\"summary_large_image\" \/>\n<script type=\"application\/ld+json\" class=\"yoast-schema-graph\">{\"@context\":\"https:\/\/schema.org\",\"@graph\":[{\"@type\":\"WebPage\",\"@id\":\"https:\/\/mystikus.com\/fr\/producto\/tissu-de-lecture-tarot-arbre-de-vie\/\",\"url\":\"https:\/\/mystikus.com\/fr\/producto\/tissu-de-lecture-tarot-arbre-de-vie\/\",\"name\":\"Tissu de lecture Tarot - Arbre de vie - Mystikus\",\"isPartOf\":{\"@id\":\"https:\/\/mystikus.com\/#website\"},\"primaryImageOfPage\":{\"@id\":\"https:\/\/mystikus.com\/fr\/producto\/tissu-de-lecture-tarot-arbre-de-vie\/#primaryimage\"},\"image\":{\"@id\":\"https:\/\/mystikus.com\/fr\/producto\/tissu-de-lecture-tarot-arbre-de-vie\/#primaryimage\"},\"thumbnailUrl\":\"https:\/\/mystikus.com\/wp-content\/uploads\/2026\/02\/bG9jYWw6Ly9tZWRpYS8xUS84Qy82MFIzMEMxSjY0Uks4QzFRL2RlNTE3Mzc3LmpwZw.jpg\",\"datePublished\":\"2026-02-06T15:47:07+00:00\",\"dateModified\":\"2026-02-06T15:52:35+00:00\",\"breadcrumb\":{\"@id\":\"https:\/\/mystikus.com\/fr\/producto\/tissu-de-lecture-tarot-arbre-de-vie\/#breadcrumb\"},\"inLanguage\":\"fr-FR\",\"potentialAction\":[{\"@type\":\"ReadAction\",\"target\":[\"https:\/\/mystikus.com\/fr\/producto\/tissu-de-lecture-tarot-arbre-de-vie\/\"]}]},{\"@type\":\"ImageObject\",\"inLanguage\":\"fr-FR\",\"@id\":\"https:\/\/mystikus.com\/fr\/producto\/tissu-de-lecture-tarot-arbre-de-vie\/#primaryimage\",\"url\":\"https:\/\/mystikus.com\/wp-content\/uploads\/2026\/02\/bG9jYWw6Ly9tZWRpYS8xUS84Qy82MFIzMEMxSjY0Uks4QzFRL2RlNTE3Mzc3LmpwZw.jpg\",\"contentUrl\":\"https:\/\/mystikus.com\/wp-content\/uploads\/2026\/02\/bG9jYWw6Ly9tZWRpYS8xUS84Qy82MFIzMEMxSjY0Uks4QzFRL2RlNTE3Mzc3LmpwZw.jpg\",\"width\":2000,\"height\":2000},{\"@type\":\"BreadcrumbList\",\"@id\":\"https:\/\/mystikus.com\/fr\/producto\/tissu-de-lecture-tarot-arbre-de-vie\/#breadcrumb\",\"itemListElement\":[{\"@type\":\"ListItem\",\"position\":1,\"name\":\"Portada\",\"item\":\"https:\/\/mystikus.com\/fr\/accueil\/\"},{\"@type\":\"ListItem\",\"position\":2,\"name\":\"Boutique\",\"item\":\"https:\/\/mystikus.com\/fr\/boutique\/\"},{\"@type\":\"ListItem\",\"position\":3,\"name\":\"Tissu de lecture Tarot \u2013 Arbre de vie\"}]},{\"@type\":\"WebSite\",\"@id\":\"https:\/\/mystikus.com\/#website\",\"url\":\"https:\/\/mystikus.com\/\",\"name\":\"Mystikus\",\"description\":\"\",\"publisher\":{\"@id\":\"https:\/\/mystikus.com\/#organization\"},\"potentialAction\":[{\"@type\":\"SearchAction\",\"target\":{\"@type\":\"EntryPoint\",\"urlTemplate\":\"https:\/\/mystikus.com\/?s={search_term_string}\"},\"query-input\":{\"@type\":\"PropertyValueSpecification\",\"valueRequired\":true,\"valueName\":\"search_term_string\"}}],\"inLanguage\":\"fr-FR\"},{\"@type\":\"Organization\",\"@id\":\"https:\/\/mystikus.com\/#organization\",\"name\":\"Mystikus\",\"url\":\"https:\/\/mystikus.com\/\",\"logo\":{\"@type\":\"ImageObject\",\"inLanguage\":\"fr-FR\",\"@id\":\"https:\/\/mystikus.com\/#\/schema\/logo\/image\/\",\"url\":\"https:\/\/mystikus.com\/wp-content\/uploads\/2025\/06\/logo-instgaram-shop.jpg\",\"contentUrl\":\"https:\/\/mystikus.com\/wp-content\/uploads\/2025\/06\/logo-instgaram-shop.jpg\",\"width\":227,\"height\":227,\"caption\":\"Mystikus\"},\"image\":{\"@id\":\"https:\/\/mystikus.com\/#\/schema\/logo\/image\/\"}}]}<\/script>\n<!-- \/ Yoast SEO plugin. -->","yoast_head_json":{"title":"Tissu de lecture Tarot - Arbre de vie - Mystikus","robots":{"index":"index","follow":"follow","max-snippet":"max-snippet:-1","max-image-preview":"max-image-preview:large","max-video-preview":"max-video-preview:-1"},"canonical":"https:\/\/mystikus.com\/fr\/producto\/tissu-de-lecture-tarot-arbre-de-vie\/","og_locale":"fr_FR","og_type":"article","og_title":"Tissu de lecture Tarot - Arbre de vie - Mystikus","og_description":"Ajoutez de la profondeur et du sens \u00e0 vos lectures avec ce tissu de Tarot de l'Arbre de Vie. Imprim\u00e9 sur un polyester doux et durable et mesurant 75x75cm, il repr\u00e9sente l'Arbre de Vie sacr\u00e9, &nbsp;","og_url":"https:\/\/mystikus.com\/fr\/producto\/tissu-de-lecture-tarot-arbre-de-vie\/","og_site_name":"Mystikus","article_modified_time":"2026-02-06T15:52:35+00:00","og_image":[{"width":2000,"height":2000,"url":"https:\/\/mystikus.com\/wp-content\/uploads\/2026\/02\/bG9jYWw6Ly9tZWRpYS8xUS84Qy82MFIzMEMxSjY0Uks4QzFRL2RlNTE3Mzc3LmpwZw.jpg","type":"image\/jpeg"}],"twitter_card":"summary_large_image","schema":{"@context":"https:\/\/schema.org","@graph":[{"@type":"WebPage","@id":"https:\/\/mystikus.com\/fr\/producto\/tissu-de-lecture-tarot-arbre-de-vie\/","url":"https:\/\/mystikus.com\/fr\/producto\/tissu-de-lecture-tarot-arbre-de-vie\/","name":"Tissu de lecture Tarot - Arbre de vie - Mystikus","isPartOf":{"@id":"https:\/\/mystikus.com\/#website"},"primaryImageOfPage":{"@id":"https:\/\/mystikus.com\/fr\/producto\/tissu-de-lecture-tarot-arbre-de-vie\/#primaryimage"},"image":{"@id":"https:\/\/mystikus.com\/fr\/producto\/tissu-de-lecture-tarot-arbre-de-vie\/#primaryimage"},"thumbnailUrl":"https:\/\/mystikus.com\/wp-content\/uploads\/2026\/02\/bG9jYWw6Ly9tZWRpYS8xUS84Qy82MFIzMEMxSjY0Uks4QzFRL2RlNTE3Mzc3LmpwZw.jpg","datePublished":"2026-02-06T15:47:07+00:00","dateModified":"2026-02-06T15:52:35+00:00","breadcrumb":{"@id":"https:\/\/mystikus.com\/fr\/producto\/tissu-de-lecture-tarot-arbre-de-vie\/#breadcrumb"},"inLanguage":"fr-FR","potentialAction":[{"@type":"ReadAction","target":["https:\/\/mystikus.com\/fr\/producto\/tissu-de-lecture-tarot-arbre-de-vie\/"]}]},{"@type":"ImageObject","inLanguage":"fr-FR","@id":"https:\/\/mystikus.com\/fr\/producto\/tissu-de-lecture-tarot-arbre-de-vie\/#primaryimage","url":"https:\/\/mystikus.com\/wp-content\/uploads\/2026\/02\/bG9jYWw6Ly9tZWRpYS8xUS84Qy82MFIzMEMxSjY0Uks4QzFRL2RlNTE3Mzc3LmpwZw.jpg","contentUrl":"https:\/\/mystikus.com\/wp-content\/uploads\/2026\/02\/bG9jYWw6Ly9tZWRpYS8xUS84Qy82MFIzMEMxSjY0Uks4QzFRL2RlNTE3Mzc3LmpwZw.jpg","width":2000,"height":2000},{"@type":"BreadcrumbList","@id":"https:\/\/mystikus.com\/fr\/producto\/tissu-de-lecture-tarot-arbre-de-vie\/#breadcrumb","itemListElement":[{"@type":"ListItem","position":1,"name":"Portada","item":"https:\/\/mystikus.com\/fr\/accueil\/"},{"@type":"ListItem","position":2,"name":"Boutique","item":"https:\/\/mystikus.com\/fr\/boutique\/"},{"@type":"ListItem","position":3,"name":"Tissu de lecture Tarot \u2013 Arbre de vie"}]},{"@type":"WebSite","@id":"https:\/\/mystikus.com\/#website","url":"https:\/\/mystikus.com\/","name":"Mystikus","description":"","publisher":{"@id":"https:\/\/mystikus.com\/#organization"},"potentialAction":[{"@type":"SearchAction","target":{"@type":"EntryPoint","urlTemplate":"https:\/\/mystikus.com\/?s={search_term_string}"},"query-input":{"@type":"PropertyValueSpecification","valueRequired":true,"valueName":"search_term_string"}}],"inLanguage":"fr-FR"},{"@type":"Organization","@id":"https:\/\/mystikus.com\/#organization","name":"Mystikus","url":"https:\/\/mystikus.com\/","logo":{"@type":"ImageObject","inLanguage":"fr-FR","@id":"https:\/\/mystikus.com\/#\/schema\/logo\/image\/","url":"https:\/\/mystikus.com\/wp-content\/uploads\/2025\/06\/logo-instgaram-shop.jpg","contentUrl":"https:\/\/mystikus.com\/wp-content\/uploads\/2025\/06\/logo-instgaram-shop.jpg","width":227,"height":227,"caption":"Mystikus"},"image":{"@id":"https:\/\/mystikus.com\/#\/schema\/logo\/image\/"}}]}},"_links":{"self":[{"href":"https:\/\/mystikus.com\/fr\/wp-json\/wp\/v2\/product\/26880","targetHints":{"allow":["GET"]}}],"collection":[{"href":"https:\/\/mystikus.com\/fr\/wp-json\/wp\/v2\/product"}],"about":[{"href":"https:\/\/mystikus.com\/fr\/wp-json\/wp\/v2\/types\/product"}],"replies":[{"embeddable":true,"href":"https:\/\/mystikus.com\/fr\/wp-json\/wp\/v2\/comments?post=26880"}],"wp:featuredmedia":[{"embeddable":true,"href":"https:\/\/mystikus.com\/fr\/wp-json\/wp\/v2\/media\/27018"}],"wp:attachment":[{"href":"https:\/\/mystikus.com\/fr\/wp-json\/wp\/v2\/media?parent=26880"}],"wp:term":[{"taxonomy":"product_brand","embeddable":true,"href":"https:\/\/mystikus.com\/fr\/wp-json\/wp\/v2\/product_brand?post=26880"},{"taxonomy":"product_cat","embeddable":true,"href":"https:\/\/mystikus.com\/fr\/wp-json\/wp\/v2\/product_cat?post=26880"},{"taxonomy":"product_tag","embeddable":true,"href":"https:\/\/mystikus.com\/fr\/wp-json\/wp\/v2\/product_tag?post=26880"}],"curies":[{"name":"wp","href":"https:\/\/api.w.org\/{rel}","templated":true}]}}