{"id":26887,"date":"2026-02-06T16:46:03","date_gmt":"2026-02-06T15:46:03","guid":{"rendered":"https:\/\/mystikus.com\/producto\/cartes-de-tarot-en-or\/"},"modified":"2026-02-06T16:55:21","modified_gmt":"2026-02-06T15:55:21","slug":"cartes-de-tarot-en-or","status":"publish","type":"product","link":"https:\/\/mystikus.com\/fr\/producto\/cartes-de-tarot-en-or\/","title":{"rendered":"Cartes de tarot en or"},"content":{"rendered":"<p><strong>Une fusion frappante de tradition et d&rsquo;opulence.<\/strong><br \/>\nCe <strong>jeu de tarot en or<\/strong> apporte une nouvelle dimension radieuse aux lectures gr\u00e2ce \u00e0 son design \u00e9poustouflant <strong>en feuille d&rsquo;or<\/strong>. Chaque carte refl\u00e8te magnifiquement la lumi\u00e8re, cr\u00e9ant un jeu \u00e0 la fois mystique et sophistiqu\u00e9. <\/p>\n<p>&nbsp;<\/p>\n","protected":false},"excerpt":{"rendered":"<p><strong>Une fusion frappante de tradition et d&rsquo;opulence.<\/strong><br \/>\nCe <strong>jeu de tarot en or<\/strong> apporte une nouvelle dimension radieuse aux lectures gr\u00e2ce \u00e0 son design \u00e9poustouflant <strong>en feuille d&rsquo;or<\/strong>. Chaque carte refl\u00e8te magnifiquement la lumi\u00e8re, cr\u00e9ant un jeu \u00e0 la fois mystique et sophistiqu\u00e9. <\/p>\n<p>&nbsp;<\/p>\n","protected":false},"featured_media":27063,"comment_status":"open","ping_status":"closed","template":"","meta":[],"product_brand":[],"product_cat":[182,210],"product_tag":[],"class_list":{"0":"post-26887","1":"product","2":"type-product","3":"status-publish","4":"has-post-thumbnail","6":"product_cat-divination","7":"product_cat-tarots","9":"first","10":"outofstock","11":"shipping-taxable","12":"purchasable","13":"product-type-simple"},"yoast_head":"<!-- This site is optimized with the Yoast SEO plugin v27.2 - https:\/\/yoast.com\/product\/yoast-seo-wordpress\/ -->\n<title>Cartes de tarot en or - Mystikus<\/title>\n<meta name=\"robots\" content=\"index, follow, max-snippet:-1, max-image-preview:large, max-video-preview:-1\" \/>\n<link rel=\"canonical\" href=\"https:\/\/mystikus.com\/fr\/producto\/cartes-de-tarot-en-or\/\" \/>\n<meta property=\"og:locale\" content=\"fr_FR\" \/>\n<meta property=\"og:type\" content=\"article\" \/>\n<meta property=\"og:title\" content=\"Cartes de tarot en or - Mystikus\" \/>\n<meta property=\"og:description\" content=\"Une fusion frappante de tradition et d&#039;opulence. Ce jeu de tarot en or apporte une nouvelle dimension radieuse aux lectures gr\u00e2ce \u00e0 son design \u00e9poustouflant en feuille d&#039;or. Chaque carte refl\u00e8te magnifiquement la lumi\u00e8re, cr\u00e9ant un jeu \u00e0 la fois mystique et sophistiqu\u00e9.  &nbsp;\" \/>\n<meta property=\"og:url\" content=\"https:\/\/mystikus.com\/fr\/producto\/cartes-de-tarot-en-or\/\" \/>\n<meta property=\"og:site_name\" content=\"Mystikus\" \/>\n<meta property=\"article:modified_time\" content=\"2026-02-06T15:55:21+00:00\" \/>\n<meta property=\"og:image\" content=\"https:\/\/mystikus.com\/wp-content\/uploads\/2026\/02\/bG9jYWw6Ly9tZWRpYS8xRy80RS82MFIzMEMxSDc0UjM0RTFHLzlhM2E3MDg1LmpwZWc.jpg\" \/>\n\t<meta property=\"og:image:width\" content=\"2000\" \/>\n\t<meta property=\"og:image:height\" content=\"2000\" \/>\n\t<meta property=\"og:image:type\" content=\"image\/jpeg\" \/>\n<meta name=\"twitter:card\" content=\"summary_large_image\" \/>\n<script type=\"application\/ld+json\" class=\"yoast-schema-graph\">{\"@context\":\"https:\/\/schema.org\",\"@graph\":[{\"@type\":\"WebPage\",\"@id\":\"https:\/\/mystikus.com\/fr\/producto\/cartes-de-tarot-en-or\/\",\"url\":\"https:\/\/mystikus.com\/fr\/producto\/cartes-de-tarot-en-or\/\",\"name\":\"Cartes de tarot en or - Mystikus\",\"isPartOf\":{\"@id\":\"https:\/\/mystikus.com\/#website\"},\"primaryImageOfPage\":{\"@id\":\"https:\/\/mystikus.com\/fr\/producto\/cartes-de-tarot-en-or\/#primaryimage\"},\"image\":{\"@id\":\"https:\/\/mystikus.com\/fr\/producto\/cartes-de-tarot-en-or\/#primaryimage\"},\"thumbnailUrl\":\"https:\/\/mystikus.com\/wp-content\/uploads\/2026\/02\/bG9jYWw6Ly9tZWRpYS8xRy80RS82MFIzMEMxSDc0UjM0RTFHLzlhM2E3MDg1LmpwZWc.jpg\",\"datePublished\":\"2026-02-06T15:46:03+00:00\",\"dateModified\":\"2026-02-06T15:55:21+00:00\",\"breadcrumb\":{\"@id\":\"https:\/\/mystikus.com\/fr\/producto\/cartes-de-tarot-en-or\/#breadcrumb\"},\"inLanguage\":\"fr-FR\",\"potentialAction\":[{\"@type\":\"ReadAction\",\"target\":[\"https:\/\/mystikus.com\/fr\/producto\/cartes-de-tarot-en-or\/\"]}]},{\"@type\":\"ImageObject\",\"inLanguage\":\"fr-FR\",\"@id\":\"https:\/\/mystikus.com\/fr\/producto\/cartes-de-tarot-en-or\/#primaryimage\",\"url\":\"https:\/\/mystikus.com\/wp-content\/uploads\/2026\/02\/bG9jYWw6Ly9tZWRpYS8xRy80RS82MFIzMEMxSDc0UjM0RTFHLzlhM2E3MDg1LmpwZWc.jpg\",\"contentUrl\":\"https:\/\/mystikus.com\/wp-content\/uploads\/2026\/02\/bG9jYWw6Ly9tZWRpYS8xRy80RS82MFIzMEMxSDc0UjM0RTFHLzlhM2E3MDg1LmpwZWc.jpg\",\"width\":2000,\"height\":2000},{\"@type\":\"BreadcrumbList\",\"@id\":\"https:\/\/mystikus.com\/fr\/producto\/cartes-de-tarot-en-or\/#breadcrumb\",\"itemListElement\":[{\"@type\":\"ListItem\",\"position\":1,\"name\":\"Portada\",\"item\":\"https:\/\/mystikus.com\/fr\/accueil\/\"},{\"@type\":\"ListItem\",\"position\":2,\"name\":\"Boutique\",\"item\":\"https:\/\/mystikus.com\/fr\/boutique\/\"},{\"@type\":\"ListItem\",\"position\":3,\"name\":\"Cartes de tarot en or\"}]},{\"@type\":\"WebSite\",\"@id\":\"https:\/\/mystikus.com\/#website\",\"url\":\"https:\/\/mystikus.com\/\",\"name\":\"Mystikus\",\"description\":\"\",\"publisher\":{\"@id\":\"https:\/\/mystikus.com\/#organization\"},\"potentialAction\":[{\"@type\":\"SearchAction\",\"target\":{\"@type\":\"EntryPoint\",\"urlTemplate\":\"https:\/\/mystikus.com\/?s={search_term_string}\"},\"query-input\":{\"@type\":\"PropertyValueSpecification\",\"valueRequired\":true,\"valueName\":\"search_term_string\"}}],\"inLanguage\":\"fr-FR\"},{\"@type\":\"Organization\",\"@id\":\"https:\/\/mystikus.com\/#organization\",\"name\":\"Mystikus\",\"url\":\"https:\/\/mystikus.com\/\",\"logo\":{\"@type\":\"ImageObject\",\"inLanguage\":\"fr-FR\",\"@id\":\"https:\/\/mystikus.com\/#\/schema\/logo\/image\/\",\"url\":\"https:\/\/mystikus.com\/wp-content\/uploads\/2025\/06\/logo-instgaram-shop.jpg\",\"contentUrl\":\"https:\/\/mystikus.com\/wp-content\/uploads\/2025\/06\/logo-instgaram-shop.jpg\",\"width\":227,\"height\":227,\"caption\":\"Mystikus\"},\"image\":{\"@id\":\"https:\/\/mystikus.com\/#\/schema\/logo\/image\/\"}}]}<\/script>\n<!-- \/ Yoast SEO plugin. -->","yoast_head_json":{"title":"Cartes de tarot en or - Mystikus","robots":{"index":"index","follow":"follow","max-snippet":"max-snippet:-1","max-image-preview":"max-image-preview:large","max-video-preview":"max-video-preview:-1"},"canonical":"https:\/\/mystikus.com\/fr\/producto\/cartes-de-tarot-en-or\/","og_locale":"fr_FR","og_type":"article","og_title":"Cartes de tarot en or - Mystikus","og_description":"Une fusion frappante de tradition et d'opulence. Ce jeu de tarot en or apporte une nouvelle dimension radieuse aux lectures gr\u00e2ce \u00e0 son design \u00e9poustouflant en feuille d'or. Chaque carte refl\u00e8te magnifiquement la lumi\u00e8re, cr\u00e9ant un jeu \u00e0 la fois mystique et sophistiqu\u00e9.  &nbsp;","og_url":"https:\/\/mystikus.com\/fr\/producto\/cartes-de-tarot-en-or\/","og_site_name":"Mystikus","article_modified_time":"2026-02-06T15:55:21+00:00","og_image":[{"width":2000,"height":2000,"url":"https:\/\/mystikus.com\/wp-content\/uploads\/2026\/02\/bG9jYWw6Ly9tZWRpYS8xRy80RS82MFIzMEMxSDc0UjM0RTFHLzlhM2E3MDg1LmpwZWc.jpg","type":"image\/jpeg"}],"twitter_card":"summary_large_image","schema":{"@context":"https:\/\/schema.org","@graph":[{"@type":"WebPage","@id":"https:\/\/mystikus.com\/fr\/producto\/cartes-de-tarot-en-or\/","url":"https:\/\/mystikus.com\/fr\/producto\/cartes-de-tarot-en-or\/","name":"Cartes de tarot en or - Mystikus","isPartOf":{"@id":"https:\/\/mystikus.com\/#website"},"primaryImageOfPage":{"@id":"https:\/\/mystikus.com\/fr\/producto\/cartes-de-tarot-en-or\/#primaryimage"},"image":{"@id":"https:\/\/mystikus.com\/fr\/producto\/cartes-de-tarot-en-or\/#primaryimage"},"thumbnailUrl":"https:\/\/mystikus.com\/wp-content\/uploads\/2026\/02\/bG9jYWw6Ly9tZWRpYS8xRy80RS82MFIzMEMxSDc0UjM0RTFHLzlhM2E3MDg1LmpwZWc.jpg","datePublished":"2026-02-06T15:46:03+00:00","dateModified":"2026-02-06T15:55:21+00:00","breadcrumb":{"@id":"https:\/\/mystikus.com\/fr\/producto\/cartes-de-tarot-en-or\/#breadcrumb"},"inLanguage":"fr-FR","potentialAction":[{"@type":"ReadAction","target":["https:\/\/mystikus.com\/fr\/producto\/cartes-de-tarot-en-or\/"]}]},{"@type":"ImageObject","inLanguage":"fr-FR","@id":"https:\/\/mystikus.com\/fr\/producto\/cartes-de-tarot-en-or\/#primaryimage","url":"https:\/\/mystikus.com\/wp-content\/uploads\/2026\/02\/bG9jYWw6Ly9tZWRpYS8xRy80RS82MFIzMEMxSDc0UjM0RTFHLzlhM2E3MDg1LmpwZWc.jpg","contentUrl":"https:\/\/mystikus.com\/wp-content\/uploads\/2026\/02\/bG9jYWw6Ly9tZWRpYS8xRy80RS82MFIzMEMxSDc0UjM0RTFHLzlhM2E3MDg1LmpwZWc.jpg","width":2000,"height":2000},{"@type":"BreadcrumbList","@id":"https:\/\/mystikus.com\/fr\/producto\/cartes-de-tarot-en-or\/#breadcrumb","itemListElement":[{"@type":"ListItem","position":1,"name":"Portada","item":"https:\/\/mystikus.com\/fr\/accueil\/"},{"@type":"ListItem","position":2,"name":"Boutique","item":"https:\/\/mystikus.com\/fr\/boutique\/"},{"@type":"ListItem","position":3,"name":"Cartes de tarot en or"}]},{"@type":"WebSite","@id":"https:\/\/mystikus.com\/#website","url":"https:\/\/mystikus.com\/","name":"Mystikus","description":"","publisher":{"@id":"https:\/\/mystikus.com\/#organization"},"potentialAction":[{"@type":"SearchAction","target":{"@type":"EntryPoint","urlTemplate":"https:\/\/mystikus.com\/?s={search_term_string}"},"query-input":{"@type":"PropertyValueSpecification","valueRequired":true,"valueName":"search_term_string"}}],"inLanguage":"fr-FR"},{"@type":"Organization","@id":"https:\/\/mystikus.com\/#organization","name":"Mystikus","url":"https:\/\/mystikus.com\/","logo":{"@type":"ImageObject","inLanguage":"fr-FR","@id":"https:\/\/mystikus.com\/#\/schema\/logo\/image\/","url":"https:\/\/mystikus.com\/wp-content\/uploads\/2025\/06\/logo-instgaram-shop.jpg","contentUrl":"https:\/\/mystikus.com\/wp-content\/uploads\/2025\/06\/logo-instgaram-shop.jpg","width":227,"height":227,"caption":"Mystikus"},"image":{"@id":"https:\/\/mystikus.com\/#\/schema\/logo\/image\/"}}]}},"_links":{"self":[{"href":"https:\/\/mystikus.com\/fr\/wp-json\/wp\/v2\/product\/26887","targetHints":{"allow":["GET"]}}],"collection":[{"href":"https:\/\/mystikus.com\/fr\/wp-json\/wp\/v2\/product"}],"about":[{"href":"https:\/\/mystikus.com\/fr\/wp-json\/wp\/v2\/types\/product"}],"replies":[{"embeddable":true,"href":"https:\/\/mystikus.com\/fr\/wp-json\/wp\/v2\/comments?post=26887"}],"wp:featuredmedia":[{"embeddable":true,"href":"https:\/\/mystikus.com\/fr\/wp-json\/wp\/v2\/media\/27063"}],"wp:attachment":[{"href":"https:\/\/mystikus.com\/fr\/wp-json\/wp\/v2\/media?parent=26887"}],"wp:term":[{"taxonomy":"product_brand","embeddable":true,"href":"https:\/\/mystikus.com\/fr\/wp-json\/wp\/v2\/product_brand?post=26887"},{"taxonomy":"product_cat","embeddable":true,"href":"https:\/\/mystikus.com\/fr\/wp-json\/wp\/v2\/product_cat?post=26887"},{"taxonomy":"product_tag","embeddable":true,"href":"https:\/\/mystikus.com\/fr\/wp-json\/wp\/v2\/product_tag?post=26887"}],"curies":[{"name":"wp","href":"https:\/\/api.w.org\/{rel}","templated":true}]}}