{"id":26893,"date":"2026-02-06T16:46:11","date_gmt":"2026-02-06T15:46:11","guid":{"rendered":"https:\/\/mystikus.com\/producto\/cartes-de-tarot-avec-guide-arcanes-traditionnels\/"},"modified":"2026-02-06T16:53:44","modified_gmt":"2026-02-06T15:53:44","slug":"cartes-de-tarot-avec-guide-arcanes-traditionnels","status":"publish","type":"product","link":"https:\/\/mystikus.com\/fr\/producto\/cartes-de-tarot-avec-guide-arcanes-traditionnels\/","title":{"rendered":"Cartes de Tarot avec Guide \u2013 Arcanes traditionnels"},"content":{"rendered":"<p><strong>Un jeu de tarot intemporel enracin\u00e9 dans la tradition.<\/strong><br \/>\nLe <strong>Jeu de Tarot Arcanes Traditionnels<\/strong> reste fid\u00e8le au symbolisme et \u00e0 l&rsquo;imagerie classiques utilis\u00e9s par les lecteurs de tarot depuis des g\u00e9n\u00e9rations. Ce jeu de <strong>78 cartes<\/strong>, accompagn\u00e9 d&rsquo;un <strong>guide<\/strong>, est id\u00e9al pour les praticiens exp\u00e9riment\u00e9s et les d\u00e9butants qui souhaitent approfondir leur compr\u00e9hension du tarot. <\/p>\n<p>&nbsp;<\/p>\n","protected":false},"excerpt":{"rendered":"<p><strong>Un jeu de tarot intemporel enracin\u00e9 dans la tradition.<\/strong><br \/>\nLe <strong>Jeu de Tarot Arcanes Traditionnels<\/strong> reste fid\u00e8le au symbolisme et \u00e0 l&rsquo;imagerie classiques utilis\u00e9s par les lecteurs de tarot depuis des g\u00e9n\u00e9rations. Ce jeu de <strong>78 cartes<\/strong>, accompagn\u00e9 d&rsquo;un <strong>guide<\/strong>, est id\u00e9al pour les praticiens exp\u00e9riment\u00e9s et les d\u00e9butants qui souhaitent approfondir leur compr\u00e9hension du tarot. <\/p>\n<p>&nbsp;<\/p>\n","protected":false},"featured_media":27054,"comment_status":"open","ping_status":"closed","template":"","meta":[],"product_brand":[],"product_cat":[182,210],"product_tag":[],"class_list":{"0":"post-26893","1":"product","2":"type-product","3":"status-publish","4":"has-post-thumbnail","6":"product_cat-divination","7":"product_cat-tarots","9":"first","10":"outofstock","11":"shipping-taxable","12":"purchasable","13":"product-type-simple"},"yoast_head":"<!-- This site is optimized with the Yoast SEO plugin v27.2 - https:\/\/yoast.com\/product\/yoast-seo-wordpress\/ -->\n<title>Cartes de Tarot avec Guide - Arcanes traditionnels - Mystikus<\/title>\n<meta name=\"robots\" content=\"index, follow, max-snippet:-1, max-image-preview:large, max-video-preview:-1\" \/>\n<link rel=\"canonical\" href=\"https:\/\/mystikus.com\/fr\/producto\/cartes-de-tarot-avec-guide-arcanes-traditionnels\/\" \/>\n<meta property=\"og:locale\" content=\"fr_FR\" \/>\n<meta property=\"og:type\" content=\"article\" \/>\n<meta property=\"og:title\" content=\"Cartes de Tarot avec Guide - Arcanes traditionnels - Mystikus\" \/>\n<meta property=\"og:description\" content=\"Un jeu de tarot intemporel enracin\u00e9 dans la tradition. Le Jeu de Tarot Arcanes Traditionnels reste fid\u00e8le au symbolisme et \u00e0 l&#039;imagerie classiques utilis\u00e9s par les lecteurs de tarot depuis des g\u00e9n\u00e9rations. Ce jeu de 78 cartes, accompagn\u00e9 d&#039;un guide, est id\u00e9al pour les praticiens exp\u00e9riment\u00e9s et les d\u00e9butants qui souhaitent approfondir leur compr\u00e9hension du tarot.  &nbsp;\" \/>\n<meta property=\"og:url\" content=\"https:\/\/mystikus.com\/fr\/producto\/cartes-de-tarot-avec-guide-arcanes-traditionnels\/\" \/>\n<meta property=\"og:site_name\" content=\"Mystikus\" \/>\n<meta property=\"article:modified_time\" content=\"2026-02-06T15:53:44+00:00\" \/>\n<meta property=\"og:image\" content=\"https:\/\/mystikus.com\/wp-content\/uploads\/2026\/02\/bG9jYWw6Ly9tZWRpYS8xSi80RS82MFIzMEMxSDc0UjM0RTFKLzU2NGJkNDRiLmpwZWc.jpg\" \/>\n\t<meta property=\"og:image:width\" content=\"2000\" \/>\n\t<meta property=\"og:image:height\" content=\"2000\" \/>\n\t<meta property=\"og:image:type\" content=\"image\/jpeg\" \/>\n<meta name=\"twitter:card\" content=\"summary_large_image\" \/>\n<script type=\"application\/ld+json\" class=\"yoast-schema-graph\">{\"@context\":\"https:\/\/schema.org\",\"@graph\":[{\"@type\":\"WebPage\",\"@id\":\"https:\/\/mystikus.com\/fr\/producto\/cartes-de-tarot-avec-guide-arcanes-traditionnels\/\",\"url\":\"https:\/\/mystikus.com\/fr\/producto\/cartes-de-tarot-avec-guide-arcanes-traditionnels\/\",\"name\":\"Cartes de Tarot avec Guide - Arcanes traditionnels - Mystikus\",\"isPartOf\":{\"@id\":\"https:\/\/mystikus.com\/#website\"},\"primaryImageOfPage\":{\"@id\":\"https:\/\/mystikus.com\/fr\/producto\/cartes-de-tarot-avec-guide-arcanes-traditionnels\/#primaryimage\"},\"image\":{\"@id\":\"https:\/\/mystikus.com\/fr\/producto\/cartes-de-tarot-avec-guide-arcanes-traditionnels\/#primaryimage\"},\"thumbnailUrl\":\"https:\/\/mystikus.com\/wp-content\/uploads\/2026\/02\/bG9jYWw6Ly9tZWRpYS8xSi80RS82MFIzMEMxSDc0UjM0RTFKLzU2NGJkNDRiLmpwZWc.jpg\",\"datePublished\":\"2026-02-06T15:46:11+00:00\",\"dateModified\":\"2026-02-06T15:53:44+00:00\",\"breadcrumb\":{\"@id\":\"https:\/\/mystikus.com\/fr\/producto\/cartes-de-tarot-avec-guide-arcanes-traditionnels\/#breadcrumb\"},\"inLanguage\":\"fr-FR\",\"potentialAction\":[{\"@type\":\"ReadAction\",\"target\":[\"https:\/\/mystikus.com\/fr\/producto\/cartes-de-tarot-avec-guide-arcanes-traditionnels\/\"]}]},{\"@type\":\"ImageObject\",\"inLanguage\":\"fr-FR\",\"@id\":\"https:\/\/mystikus.com\/fr\/producto\/cartes-de-tarot-avec-guide-arcanes-traditionnels\/#primaryimage\",\"url\":\"https:\/\/mystikus.com\/wp-content\/uploads\/2026\/02\/bG9jYWw6Ly9tZWRpYS8xSi80RS82MFIzMEMxSDc0UjM0RTFKLzU2NGJkNDRiLmpwZWc.jpg\",\"contentUrl\":\"https:\/\/mystikus.com\/wp-content\/uploads\/2026\/02\/bG9jYWw6Ly9tZWRpYS8xSi80RS82MFIzMEMxSDc0UjM0RTFKLzU2NGJkNDRiLmpwZWc.jpg\",\"width\":2000,\"height\":2000},{\"@type\":\"BreadcrumbList\",\"@id\":\"https:\/\/mystikus.com\/fr\/producto\/cartes-de-tarot-avec-guide-arcanes-traditionnels\/#breadcrumb\",\"itemListElement\":[{\"@type\":\"ListItem\",\"position\":1,\"name\":\"Portada\",\"item\":\"https:\/\/mystikus.com\/fr\/accueil\/\"},{\"@type\":\"ListItem\",\"position\":2,\"name\":\"Boutique\",\"item\":\"https:\/\/mystikus.com\/fr\/boutique\/\"},{\"@type\":\"ListItem\",\"position\":3,\"name\":\"Cartes de Tarot avec Guide \u2013 Arcanes traditionnels\"}]},{\"@type\":\"WebSite\",\"@id\":\"https:\/\/mystikus.com\/#website\",\"url\":\"https:\/\/mystikus.com\/\",\"name\":\"Mystikus\",\"description\":\"\",\"publisher\":{\"@id\":\"https:\/\/mystikus.com\/#organization\"},\"potentialAction\":[{\"@type\":\"SearchAction\",\"target\":{\"@type\":\"EntryPoint\",\"urlTemplate\":\"https:\/\/mystikus.com\/?s={search_term_string}\"},\"query-input\":{\"@type\":\"PropertyValueSpecification\",\"valueRequired\":true,\"valueName\":\"search_term_string\"}}],\"inLanguage\":\"fr-FR\"},{\"@type\":\"Organization\",\"@id\":\"https:\/\/mystikus.com\/#organization\",\"name\":\"Mystikus\",\"url\":\"https:\/\/mystikus.com\/\",\"logo\":{\"@type\":\"ImageObject\",\"inLanguage\":\"fr-FR\",\"@id\":\"https:\/\/mystikus.com\/#\/schema\/logo\/image\/\",\"url\":\"https:\/\/mystikus.com\/wp-content\/uploads\/2025\/06\/logo-instgaram-shop.jpg\",\"contentUrl\":\"https:\/\/mystikus.com\/wp-content\/uploads\/2025\/06\/logo-instgaram-shop.jpg\",\"width\":227,\"height\":227,\"caption\":\"Mystikus\"},\"image\":{\"@id\":\"https:\/\/mystikus.com\/#\/schema\/logo\/image\/\"}}]}<\/script>\n<!-- \/ Yoast SEO plugin. -->","yoast_head_json":{"title":"Cartes de Tarot avec Guide - Arcanes traditionnels - Mystikus","robots":{"index":"index","follow":"follow","max-snippet":"max-snippet:-1","max-image-preview":"max-image-preview:large","max-video-preview":"max-video-preview:-1"},"canonical":"https:\/\/mystikus.com\/fr\/producto\/cartes-de-tarot-avec-guide-arcanes-traditionnels\/","og_locale":"fr_FR","og_type":"article","og_title":"Cartes de Tarot avec Guide - Arcanes traditionnels - Mystikus","og_description":"Un jeu de tarot intemporel enracin\u00e9 dans la tradition. Le Jeu de Tarot Arcanes Traditionnels reste fid\u00e8le au symbolisme et \u00e0 l'imagerie classiques utilis\u00e9s par les lecteurs de tarot depuis des g\u00e9n\u00e9rations. Ce jeu de 78 cartes, accompagn\u00e9 d'un guide, est id\u00e9al pour les praticiens exp\u00e9riment\u00e9s et les d\u00e9butants qui souhaitent approfondir leur compr\u00e9hension du tarot.  &nbsp;","og_url":"https:\/\/mystikus.com\/fr\/producto\/cartes-de-tarot-avec-guide-arcanes-traditionnels\/","og_site_name":"Mystikus","article_modified_time":"2026-02-06T15:53:44+00:00","og_image":[{"width":2000,"height":2000,"url":"https:\/\/mystikus.com\/wp-content\/uploads\/2026\/02\/bG9jYWw6Ly9tZWRpYS8xSi80RS82MFIzMEMxSDc0UjM0RTFKLzU2NGJkNDRiLmpwZWc.jpg","type":"image\/jpeg"}],"twitter_card":"summary_large_image","schema":{"@context":"https:\/\/schema.org","@graph":[{"@type":"WebPage","@id":"https:\/\/mystikus.com\/fr\/producto\/cartes-de-tarot-avec-guide-arcanes-traditionnels\/","url":"https:\/\/mystikus.com\/fr\/producto\/cartes-de-tarot-avec-guide-arcanes-traditionnels\/","name":"Cartes de Tarot avec Guide - Arcanes traditionnels - Mystikus","isPartOf":{"@id":"https:\/\/mystikus.com\/#website"},"primaryImageOfPage":{"@id":"https:\/\/mystikus.com\/fr\/producto\/cartes-de-tarot-avec-guide-arcanes-traditionnels\/#primaryimage"},"image":{"@id":"https:\/\/mystikus.com\/fr\/producto\/cartes-de-tarot-avec-guide-arcanes-traditionnels\/#primaryimage"},"thumbnailUrl":"https:\/\/mystikus.com\/wp-content\/uploads\/2026\/02\/bG9jYWw6Ly9tZWRpYS8xSi80RS82MFIzMEMxSDc0UjM0RTFKLzU2NGJkNDRiLmpwZWc.jpg","datePublished":"2026-02-06T15:46:11+00:00","dateModified":"2026-02-06T15:53:44+00:00","breadcrumb":{"@id":"https:\/\/mystikus.com\/fr\/producto\/cartes-de-tarot-avec-guide-arcanes-traditionnels\/#breadcrumb"},"inLanguage":"fr-FR","potentialAction":[{"@type":"ReadAction","target":["https:\/\/mystikus.com\/fr\/producto\/cartes-de-tarot-avec-guide-arcanes-traditionnels\/"]}]},{"@type":"ImageObject","inLanguage":"fr-FR","@id":"https:\/\/mystikus.com\/fr\/producto\/cartes-de-tarot-avec-guide-arcanes-traditionnels\/#primaryimage","url":"https:\/\/mystikus.com\/wp-content\/uploads\/2026\/02\/bG9jYWw6Ly9tZWRpYS8xSi80RS82MFIzMEMxSDc0UjM0RTFKLzU2NGJkNDRiLmpwZWc.jpg","contentUrl":"https:\/\/mystikus.com\/wp-content\/uploads\/2026\/02\/bG9jYWw6Ly9tZWRpYS8xSi80RS82MFIzMEMxSDc0UjM0RTFKLzU2NGJkNDRiLmpwZWc.jpg","width":2000,"height":2000},{"@type":"BreadcrumbList","@id":"https:\/\/mystikus.com\/fr\/producto\/cartes-de-tarot-avec-guide-arcanes-traditionnels\/#breadcrumb","itemListElement":[{"@type":"ListItem","position":1,"name":"Portada","item":"https:\/\/mystikus.com\/fr\/accueil\/"},{"@type":"ListItem","position":2,"name":"Boutique","item":"https:\/\/mystikus.com\/fr\/boutique\/"},{"@type":"ListItem","position":3,"name":"Cartes de Tarot avec Guide \u2013 Arcanes traditionnels"}]},{"@type":"WebSite","@id":"https:\/\/mystikus.com\/#website","url":"https:\/\/mystikus.com\/","name":"Mystikus","description":"","publisher":{"@id":"https:\/\/mystikus.com\/#organization"},"potentialAction":[{"@type":"SearchAction","target":{"@type":"EntryPoint","urlTemplate":"https:\/\/mystikus.com\/?s={search_term_string}"},"query-input":{"@type":"PropertyValueSpecification","valueRequired":true,"valueName":"search_term_string"}}],"inLanguage":"fr-FR"},{"@type":"Organization","@id":"https:\/\/mystikus.com\/#organization","name":"Mystikus","url":"https:\/\/mystikus.com\/","logo":{"@type":"ImageObject","inLanguage":"fr-FR","@id":"https:\/\/mystikus.com\/#\/schema\/logo\/image\/","url":"https:\/\/mystikus.com\/wp-content\/uploads\/2025\/06\/logo-instgaram-shop.jpg","contentUrl":"https:\/\/mystikus.com\/wp-content\/uploads\/2025\/06\/logo-instgaram-shop.jpg","width":227,"height":227,"caption":"Mystikus"},"image":{"@id":"https:\/\/mystikus.com\/#\/schema\/logo\/image\/"}}]}},"_links":{"self":[{"href":"https:\/\/mystikus.com\/fr\/wp-json\/wp\/v2\/product\/26893","targetHints":{"allow":["GET"]}}],"collection":[{"href":"https:\/\/mystikus.com\/fr\/wp-json\/wp\/v2\/product"}],"about":[{"href":"https:\/\/mystikus.com\/fr\/wp-json\/wp\/v2\/types\/product"}],"replies":[{"embeddable":true,"href":"https:\/\/mystikus.com\/fr\/wp-json\/wp\/v2\/comments?post=26893"}],"wp:featuredmedia":[{"embeddable":true,"href":"https:\/\/mystikus.com\/fr\/wp-json\/wp\/v2\/media\/27054"}],"wp:attachment":[{"href":"https:\/\/mystikus.com\/fr\/wp-json\/wp\/v2\/media?parent=26893"}],"wp:term":[{"taxonomy":"product_brand","embeddable":true,"href":"https:\/\/mystikus.com\/fr\/wp-json\/wp\/v2\/product_brand?post=26893"},{"taxonomy":"product_cat","embeddable":true,"href":"https:\/\/mystikus.com\/fr\/wp-json\/wp\/v2\/product_cat?post=26893"},{"taxonomy":"product_tag","embeddable":true,"href":"https:\/\/mystikus.com\/fr\/wp-json\/wp\/v2\/product_tag?post=26893"}],"curies":[{"name":"wp","href":"https:\/\/api.w.org\/{rel}","templated":true}]}}