{"id":26897,"date":"2026-02-06T16:44:56","date_gmt":"2026-02-06T15:44:56","guid":{"rendered":"https:\/\/mystikus.com\/producto\/jeu-de-cartes-de-tarot-avec-feuille-bleue-face-de-la-lune-avec-livret\/"},"modified":"2026-02-06T16:59:06","modified_gmt":"2026-02-06T15:59:06","slug":"jeu-de-cartes-de-tarot-avec-feuille-bleue-face-de-la-lune-avec-livret","status":"publish","type":"product","link":"https:\/\/mystikus.com\/fr\/producto\/jeu-de-cartes-de-tarot-avec-feuille-bleue-face-de-la-lune-avec-livret\/","title":{"rendered":"Jeu de cartes de tarot avec feuille bleue \u2013 Face de la Lune \u2013 avec livret"},"content":{"rendered":"<p><strong>C\u00e9leste, serein et visuellement captivant, le jeu de tarot Moon Face s&rsquo;inspire du symbolisme lunaire et de l&rsquo;imagerie cosmique.<\/strong><span style=\"font-family: Raleway, sans-serif; font-size: 15px;\"> Ce jeu de tarot s&rsquo;inspire du symbolisme lunaire et de l&rsquo;imagerie cosmique. Les accents bleus de la feuille d&rsquo;aluminium brillent sur un motif \u00e9toil\u00e9, donnant \u00e0 ce jeu une pr\u00e9sence \u00e0 la fois sereine et magique.<\/span><\/p>\n<p>&nbsp;<\/p>\n","protected":false},"excerpt":{"rendered":"<p><strong>C\u00e9leste, serein et visuellement captivant, le jeu de tarot Moon Face s&rsquo;inspire du symbolisme lunaire et de l&rsquo;imagerie cosmique.<\/strong><span style=\"font-family: Raleway, sans-serif; font-size: 15px;\"> Ce jeu de tarot s&rsquo;inspire du symbolisme lunaire et de l&rsquo;imagerie cosmique. Les accents bleus de la feuille d&rsquo;aluminium brillent sur un motif \u00e9toil\u00e9, donnant \u00e0 ce jeu une pr\u00e9sence \u00e0 la fois sereine et magique.<\/span><\/p>\n<p>&nbsp;<\/p>\n","protected":false},"featured_media":27105,"comment_status":"open","ping_status":"closed","template":"","meta":[],"product_brand":[],"product_cat":[182,210],"product_tag":[],"class_list":{"0":"post-26897","1":"product","2":"type-product","3":"status-publish","4":"has-post-thumbnail","6":"product_cat-divination","7":"product_cat-tarots","9":"first","10":"instock","11":"shipping-taxable","12":"purchasable","13":"product-type-simple"},"yoast_head":"<!-- This site is optimized with the Yoast SEO plugin v27.2 - https:\/\/yoast.com\/product\/yoast-seo-wordpress\/ -->\n<title>Jeu de cartes de tarot avec feuille bleue - Face de la Lune - avec livret - Mystikus<\/title>\n<meta name=\"robots\" content=\"index, follow, max-snippet:-1, max-image-preview:large, max-video-preview:-1\" \/>\n<link rel=\"canonical\" href=\"https:\/\/mystikus.com\/fr\/producto\/jeu-de-cartes-de-tarot-avec-feuille-bleue-face-de-la-lune-avec-livret\/\" \/>\n<meta property=\"og:locale\" content=\"fr_FR\" \/>\n<meta property=\"og:type\" content=\"article\" \/>\n<meta property=\"og:title\" content=\"Jeu de cartes de tarot avec feuille bleue - Face de la Lune - avec livret - Mystikus\" \/>\n<meta property=\"og:description\" content=\"C\u00e9leste, serein et visuellement captivant, le jeu de tarot Moon Face s&#039;inspire du symbolisme lunaire et de l&#039;imagerie cosmique. Ce jeu de tarot s&#039;inspire du symbolisme lunaire et de l&#039;imagerie cosmique. Les accents bleus de la feuille d&#039;aluminium brillent sur un motif \u00e9toil\u00e9, donnant \u00e0 ce jeu une pr\u00e9sence \u00e0 la fois sereine et magique. &nbsp;\" \/>\n<meta property=\"og:url\" content=\"https:\/\/mystikus.com\/fr\/producto\/jeu-de-cartes-de-tarot-avec-feuille-bleue-face-de-la-lune-avec-livret\/\" \/>\n<meta property=\"og:site_name\" content=\"Mystikus\" \/>\n<meta property=\"article:modified_time\" content=\"2026-02-06T15:59:06+00:00\" \/>\n<meta property=\"og:image\" content=\"https:\/\/mystikus.com\/wp-content\/uploads\/2026\/02\/bG9jYWw6Ly9tZWRpYS8xSC82RC82MFIzMEMxSjY0VjM2RDFILzlmZjdlNDY5LmpwZw.jpg\" \/>\n\t<meta property=\"og:image:width\" content=\"2000\" \/>\n\t<meta property=\"og:image:height\" content=\"2000\" \/>\n\t<meta property=\"og:image:type\" content=\"image\/jpeg\" \/>\n<meta name=\"twitter:card\" content=\"summary_large_image\" \/>\n<script type=\"application\/ld+json\" class=\"yoast-schema-graph\">{\"@context\":\"https:\/\/schema.org\",\"@graph\":[{\"@type\":\"WebPage\",\"@id\":\"https:\/\/mystikus.com\/fr\/producto\/jeu-de-cartes-de-tarot-avec-feuille-bleue-face-de-la-lune-avec-livret\/\",\"url\":\"https:\/\/mystikus.com\/fr\/producto\/jeu-de-cartes-de-tarot-avec-feuille-bleue-face-de-la-lune-avec-livret\/\",\"name\":\"Jeu de cartes de tarot avec feuille bleue - Face de la Lune - avec livret - Mystikus\",\"isPartOf\":{\"@id\":\"https:\/\/mystikus.com\/#website\"},\"primaryImageOfPage\":{\"@id\":\"https:\/\/mystikus.com\/fr\/producto\/jeu-de-cartes-de-tarot-avec-feuille-bleue-face-de-la-lune-avec-livret\/#primaryimage\"},\"image\":{\"@id\":\"https:\/\/mystikus.com\/fr\/producto\/jeu-de-cartes-de-tarot-avec-feuille-bleue-face-de-la-lune-avec-livret\/#primaryimage\"},\"thumbnailUrl\":\"https:\/\/mystikus.com\/wp-content\/uploads\/2026\/02\/bG9jYWw6Ly9tZWRpYS8xSC82RC82MFIzMEMxSjY0VjM2RDFILzlmZjdlNDY5LmpwZw.jpg\",\"datePublished\":\"2026-02-06T15:44:56+00:00\",\"dateModified\":\"2026-02-06T15:59:06+00:00\",\"breadcrumb\":{\"@id\":\"https:\/\/mystikus.com\/fr\/producto\/jeu-de-cartes-de-tarot-avec-feuille-bleue-face-de-la-lune-avec-livret\/#breadcrumb\"},\"inLanguage\":\"fr-FR\",\"potentialAction\":[{\"@type\":\"ReadAction\",\"target\":[\"https:\/\/mystikus.com\/fr\/producto\/jeu-de-cartes-de-tarot-avec-feuille-bleue-face-de-la-lune-avec-livret\/\"]}]},{\"@type\":\"ImageObject\",\"inLanguage\":\"fr-FR\",\"@id\":\"https:\/\/mystikus.com\/fr\/producto\/jeu-de-cartes-de-tarot-avec-feuille-bleue-face-de-la-lune-avec-livret\/#primaryimage\",\"url\":\"https:\/\/mystikus.com\/wp-content\/uploads\/2026\/02\/bG9jYWw6Ly9tZWRpYS8xSC82RC82MFIzMEMxSjY0VjM2RDFILzlmZjdlNDY5LmpwZw.jpg\",\"contentUrl\":\"https:\/\/mystikus.com\/wp-content\/uploads\/2026\/02\/bG9jYWw6Ly9tZWRpYS8xSC82RC82MFIzMEMxSjY0VjM2RDFILzlmZjdlNDY5LmpwZw.jpg\",\"width\":2000,\"height\":2000},{\"@type\":\"BreadcrumbList\",\"@id\":\"https:\/\/mystikus.com\/fr\/producto\/jeu-de-cartes-de-tarot-avec-feuille-bleue-face-de-la-lune-avec-livret\/#breadcrumb\",\"itemListElement\":[{\"@type\":\"ListItem\",\"position\":1,\"name\":\"Portada\",\"item\":\"https:\/\/mystikus.com\/fr\/accueil\/\"},{\"@type\":\"ListItem\",\"position\":2,\"name\":\"Boutique\",\"item\":\"https:\/\/mystikus.com\/fr\/boutique\/\"},{\"@type\":\"ListItem\",\"position\":3,\"name\":\"Jeu de cartes de tarot avec feuille bleue \u2013 Face de la Lune \u2013 avec livret\"}]},{\"@type\":\"WebSite\",\"@id\":\"https:\/\/mystikus.com\/#website\",\"url\":\"https:\/\/mystikus.com\/\",\"name\":\"Mystikus\",\"description\":\"\",\"publisher\":{\"@id\":\"https:\/\/mystikus.com\/#organization\"},\"potentialAction\":[{\"@type\":\"SearchAction\",\"target\":{\"@type\":\"EntryPoint\",\"urlTemplate\":\"https:\/\/mystikus.com\/?s={search_term_string}\"},\"query-input\":{\"@type\":\"PropertyValueSpecification\",\"valueRequired\":true,\"valueName\":\"search_term_string\"}}],\"inLanguage\":\"fr-FR\"},{\"@type\":\"Organization\",\"@id\":\"https:\/\/mystikus.com\/#organization\",\"name\":\"Mystikus\",\"url\":\"https:\/\/mystikus.com\/\",\"logo\":{\"@type\":\"ImageObject\",\"inLanguage\":\"fr-FR\",\"@id\":\"https:\/\/mystikus.com\/#\/schema\/logo\/image\/\",\"url\":\"https:\/\/mystikus.com\/wp-content\/uploads\/2025\/06\/logo-instgaram-shop.jpg\",\"contentUrl\":\"https:\/\/mystikus.com\/wp-content\/uploads\/2025\/06\/logo-instgaram-shop.jpg\",\"width\":227,\"height\":227,\"caption\":\"Mystikus\"},\"image\":{\"@id\":\"https:\/\/mystikus.com\/#\/schema\/logo\/image\/\"}}]}<\/script>\n<!-- \/ Yoast SEO plugin. -->","yoast_head_json":{"title":"Jeu de cartes de tarot avec feuille bleue - Face de la Lune - avec livret - Mystikus","robots":{"index":"index","follow":"follow","max-snippet":"max-snippet:-1","max-image-preview":"max-image-preview:large","max-video-preview":"max-video-preview:-1"},"canonical":"https:\/\/mystikus.com\/fr\/producto\/jeu-de-cartes-de-tarot-avec-feuille-bleue-face-de-la-lune-avec-livret\/","og_locale":"fr_FR","og_type":"article","og_title":"Jeu de cartes de tarot avec feuille bleue - Face de la Lune - avec livret - Mystikus","og_description":"C\u00e9leste, serein et visuellement captivant, le jeu de tarot Moon Face s'inspire du symbolisme lunaire et de l'imagerie cosmique. Ce jeu de tarot s'inspire du symbolisme lunaire et de l'imagerie cosmique. Les accents bleus de la feuille d'aluminium brillent sur un motif \u00e9toil\u00e9, donnant \u00e0 ce jeu une pr\u00e9sence \u00e0 la fois sereine et magique. &nbsp;","og_url":"https:\/\/mystikus.com\/fr\/producto\/jeu-de-cartes-de-tarot-avec-feuille-bleue-face-de-la-lune-avec-livret\/","og_site_name":"Mystikus","article_modified_time":"2026-02-06T15:59:06+00:00","og_image":[{"width":2000,"height":2000,"url":"https:\/\/mystikus.com\/wp-content\/uploads\/2026\/02\/bG9jYWw6Ly9tZWRpYS8xSC82RC82MFIzMEMxSjY0VjM2RDFILzlmZjdlNDY5LmpwZw.jpg","type":"image\/jpeg"}],"twitter_card":"summary_large_image","schema":{"@context":"https:\/\/schema.org","@graph":[{"@type":"WebPage","@id":"https:\/\/mystikus.com\/fr\/producto\/jeu-de-cartes-de-tarot-avec-feuille-bleue-face-de-la-lune-avec-livret\/","url":"https:\/\/mystikus.com\/fr\/producto\/jeu-de-cartes-de-tarot-avec-feuille-bleue-face-de-la-lune-avec-livret\/","name":"Jeu de cartes de tarot avec feuille bleue - Face de la Lune - avec livret - Mystikus","isPartOf":{"@id":"https:\/\/mystikus.com\/#website"},"primaryImageOfPage":{"@id":"https:\/\/mystikus.com\/fr\/producto\/jeu-de-cartes-de-tarot-avec-feuille-bleue-face-de-la-lune-avec-livret\/#primaryimage"},"image":{"@id":"https:\/\/mystikus.com\/fr\/producto\/jeu-de-cartes-de-tarot-avec-feuille-bleue-face-de-la-lune-avec-livret\/#primaryimage"},"thumbnailUrl":"https:\/\/mystikus.com\/wp-content\/uploads\/2026\/02\/bG9jYWw6Ly9tZWRpYS8xSC82RC82MFIzMEMxSjY0VjM2RDFILzlmZjdlNDY5LmpwZw.jpg","datePublished":"2026-02-06T15:44:56+00:00","dateModified":"2026-02-06T15:59:06+00:00","breadcrumb":{"@id":"https:\/\/mystikus.com\/fr\/producto\/jeu-de-cartes-de-tarot-avec-feuille-bleue-face-de-la-lune-avec-livret\/#breadcrumb"},"inLanguage":"fr-FR","potentialAction":[{"@type":"ReadAction","target":["https:\/\/mystikus.com\/fr\/producto\/jeu-de-cartes-de-tarot-avec-feuille-bleue-face-de-la-lune-avec-livret\/"]}]},{"@type":"ImageObject","inLanguage":"fr-FR","@id":"https:\/\/mystikus.com\/fr\/producto\/jeu-de-cartes-de-tarot-avec-feuille-bleue-face-de-la-lune-avec-livret\/#primaryimage","url":"https:\/\/mystikus.com\/wp-content\/uploads\/2026\/02\/bG9jYWw6Ly9tZWRpYS8xSC82RC82MFIzMEMxSjY0VjM2RDFILzlmZjdlNDY5LmpwZw.jpg","contentUrl":"https:\/\/mystikus.com\/wp-content\/uploads\/2026\/02\/bG9jYWw6Ly9tZWRpYS8xSC82RC82MFIzMEMxSjY0VjM2RDFILzlmZjdlNDY5LmpwZw.jpg","width":2000,"height":2000},{"@type":"BreadcrumbList","@id":"https:\/\/mystikus.com\/fr\/producto\/jeu-de-cartes-de-tarot-avec-feuille-bleue-face-de-la-lune-avec-livret\/#breadcrumb","itemListElement":[{"@type":"ListItem","position":1,"name":"Portada","item":"https:\/\/mystikus.com\/fr\/accueil\/"},{"@type":"ListItem","position":2,"name":"Boutique","item":"https:\/\/mystikus.com\/fr\/boutique\/"},{"@type":"ListItem","position":3,"name":"Jeu de cartes de tarot avec feuille bleue \u2013 Face de la Lune \u2013 avec livret"}]},{"@type":"WebSite","@id":"https:\/\/mystikus.com\/#website","url":"https:\/\/mystikus.com\/","name":"Mystikus","description":"","publisher":{"@id":"https:\/\/mystikus.com\/#organization"},"potentialAction":[{"@type":"SearchAction","target":{"@type":"EntryPoint","urlTemplate":"https:\/\/mystikus.com\/?s={search_term_string}"},"query-input":{"@type":"PropertyValueSpecification","valueRequired":true,"valueName":"search_term_string"}}],"inLanguage":"fr-FR"},{"@type":"Organization","@id":"https:\/\/mystikus.com\/#organization","name":"Mystikus","url":"https:\/\/mystikus.com\/","logo":{"@type":"ImageObject","inLanguage":"fr-FR","@id":"https:\/\/mystikus.com\/#\/schema\/logo\/image\/","url":"https:\/\/mystikus.com\/wp-content\/uploads\/2025\/06\/logo-instgaram-shop.jpg","contentUrl":"https:\/\/mystikus.com\/wp-content\/uploads\/2025\/06\/logo-instgaram-shop.jpg","width":227,"height":227,"caption":"Mystikus"},"image":{"@id":"https:\/\/mystikus.com\/#\/schema\/logo\/image\/"}}]}},"_links":{"self":[{"href":"https:\/\/mystikus.com\/fr\/wp-json\/wp\/v2\/product\/26897","targetHints":{"allow":["GET"]}}],"collection":[{"href":"https:\/\/mystikus.com\/fr\/wp-json\/wp\/v2\/product"}],"about":[{"href":"https:\/\/mystikus.com\/fr\/wp-json\/wp\/v2\/types\/product"}],"replies":[{"embeddable":true,"href":"https:\/\/mystikus.com\/fr\/wp-json\/wp\/v2\/comments?post=26897"}],"wp:featuredmedia":[{"embeddable":true,"href":"https:\/\/mystikus.com\/fr\/wp-json\/wp\/v2\/media\/27105"}],"wp:attachment":[{"href":"https:\/\/mystikus.com\/fr\/wp-json\/wp\/v2\/media?parent=26897"}],"wp:term":[{"taxonomy":"product_brand","embeddable":true,"href":"https:\/\/mystikus.com\/fr\/wp-json\/wp\/v2\/product_brand?post=26897"},{"taxonomy":"product_cat","embeddable":true,"href":"https:\/\/mystikus.com\/fr\/wp-json\/wp\/v2\/product_cat?post=26897"},{"taxonomy":"product_tag","embeddable":true,"href":"https:\/\/mystikus.com\/fr\/wp-json\/wp\/v2\/product_tag?post=26897"}],"curies":[{"name":"wp","href":"https:\/\/api.w.org\/{rel}","templated":true}]}}