{"id":28242,"date":"2026-02-12T15:21:53","date_gmt":"2026-02-12T14:21:53","guid":{"rendered":"https:\/\/mystikus.com\/producto\/atomiseur-santorini-effet-coquillage-usb-changement-de-couleur-minuterie\/"},"modified":"2026-02-12T15:27:14","modified_gmt":"2026-02-12T14:27:14","slug":"atomiseur-santorini-effet-coquillage-usb-changement-de-couleur-minuterie","status":"publish","type":"product","link":"https:\/\/mystikus.com\/fr\/producto\/atomiseur-santorini-effet-coquillage-usb-changement-de-couleur-minuterie\/","title":{"rendered":"Atomiseur Santorini \u2013 Effet coquillage \u2013 USB \u2013 Changement de couleur \u2013 Minuterie"},"content":{"rendered":"<p>Les diffuseurs d&rsquo;ar\u00f4mes sont intemporels et \u00e9l\u00e9gants. Ils permettent de parfumer votre pi\u00e8ce ou votre bureau sans parfum ni fum\u00e9e. Ajoutez simplement un peu d&rsquo;eau et votre huile essentielle ou parfum\u00e9e pr\u00e9f\u00e9r\u00e9e pour une exp\u00e9rience olfactive instantan\u00e9e. <\/p>\n<p>Le diffuseur d&rsquo;ar\u00f4mes utilise un moteur \u00e0 ultrasons pour pomper l&rsquo;eau, ce qui le rend tr\u00e8s silencieux pendant l&rsquo;utilisation. Il est dot\u00e9 d&rsquo;une lumi\u00e8re d&rsquo;ambiance \u00e0 couleur changeante et peut \u00eatre utilis\u00e9 comme simple humidificateur. <\/p>\n<p>Les diffuseurs d&rsquo;ar\u00f4mes sont tr\u00e8s faciles \u00e0 utiliser et \u00e0 entretenir. Il suffit de les remplir occasionnellement avec une petite quantit\u00e9 d&rsquo;eau et quelques gouttes d&rsquo;huile parfum\u00e9e.<\/p>\n<p>Profitez de vos ventes d&rsquo;huiles essentielles !<\/p>\n<p>&nbsp;<\/p>\n<p style=\"text-align: center\"><strong>\u2013 Capacit\u00e9 du r\u00e9servoir <span>400ml<\/span> \u2013<\/strong><\/p>\n<p style=\"text-align: center\"><strong>Lumi\u00e8re LED \u2013 7 pi\u00e8ces<\/strong><\/p>\n<p style=\"text-align: center\"><strong>Alimentation par USB (longueur du c\u00e2ble 100 cm)<\/strong><\/p>\n<p style=\"text-align: center\"><strong>Arr\u00eat automatique en cas d&rsquo;\u00e9puisement de l&rsquo;eau<\/strong><\/p>\n<p style=\"text-align: center\"><strong>Hauteur : 15,5 cm, diam\u00e8tre : 16 cm, poids : 340 g<\/strong><\/p>\n","protected":false},"excerpt":{"rendered":"<p>Les diffuseurs d&rsquo;ar\u00f4mes sont intemporels et \u00e9l\u00e9gants. Ils permettent de parfumer votre pi\u00e8ce ou votre bureau sans parfum ni fum\u00e9e. Ajoutez simplement un peu d&rsquo;eau et votre huile essentielle ou parfum\u00e9e pr\u00e9f\u00e9r\u00e9e pour une exp\u00e9rience olfactive instantan\u00e9e. <\/p>\n<p>Le diffuseur d&rsquo;ar\u00f4mes utilise un moteur \u00e0 ultrasons pour pomper l&rsquo;eau, ce qui le rend tr\u00e8s silencieux pendant l&rsquo;utilisation. Il est dot\u00e9 d&rsquo;une lumi\u00e8re d&rsquo;ambiance \u00e0 couleur changeante et peut \u00eatre utilis\u00e9 comme simple humidificateur. <\/p>\n<p>Les diffuseurs d&rsquo;ar\u00f4mes sont tr\u00e8s faciles \u00e0 utiliser et \u00e0 entretenir. Il suffit de les remplir occasionnellement avec une petite quantit\u00e9 d&rsquo;eau et quelques gouttes d&rsquo;huile parfum\u00e9e.<\/p>\n<p>Profitez de vos ventes d&rsquo;huiles essentielles !<\/p>\n<p>&nbsp;<\/p>\n<p style=\"text-align: center\"><strong>\u2013 Capacit\u00e9 du r\u00e9servoir <span>400ml<\/span> \u2013<\/strong><\/p>\n<p style=\"text-align: center\"><strong>Lumi\u00e8re LED \u2013 7 pi\u00e8ces<\/strong><\/p>\n<p style=\"text-align: center\"><strong>Alimentation par USB (longueur du c\u00e2ble 100 cm)<\/strong><\/p>\n<p style=\"text-align: center\"><strong>Arr\u00eat automatique en cas d&rsquo;\u00e9puisement de l&rsquo;eau<\/strong><\/p>\n<p style=\"text-align: center\"><strong>Hauteur : 15,5 cm, diam\u00e8tre : 16 cm, poids : 340 g<\/strong><\/p>\n","protected":false},"featured_media":28276,"comment_status":"open","ping_status":"closed","template":"","meta":[],"product_brand":[],"product_cat":[278,118],"product_tag":[],"class_list":{"0":"post-28242","1":"product","2":"type-product","3":"status-publish","4":"has-post-thumbnail","6":"product_cat-diffuseurs","7":"product_cat-encens-et-aromes","9":"first","10":"instock","11":"shipping-taxable","12":"purchasable","13":"product-type-simple"},"yoast_head":"<!-- This site is optimized with the Yoast SEO plugin v27.2 - https:\/\/yoast.com\/product\/yoast-seo-wordpress\/ -->\n<title>Atomiseur Santorini - Effet coquillage - USB - Changement de couleur - Minuterie - Mystikus<\/title>\n<meta name=\"robots\" content=\"index, follow, max-snippet:-1, max-image-preview:large, max-video-preview:-1\" \/>\n<link rel=\"canonical\" href=\"https:\/\/mystikus.com\/fr\/producto\/atomiseur-santorini-effet-coquillage-usb-changement-de-couleur-minuterie\/\" \/>\n<meta property=\"og:locale\" content=\"fr_FR\" \/>\n<meta property=\"og:type\" content=\"article\" \/>\n<meta property=\"og:title\" content=\"Atomiseur Santorini - Effet coquillage - USB - Changement de couleur - Minuterie - Mystikus\" \/>\n<meta property=\"og:description\" content=\"Les diffuseurs d&#039;ar\u00f4mes sont intemporels et \u00e9l\u00e9gants. Ils permettent de parfumer votre pi\u00e8ce ou votre bureau sans parfum ni fum\u00e9e. Ajoutez simplement un peu d&#039;eau et votre huile essentielle ou parfum\u00e9e pr\u00e9f\u00e9r\u00e9e pour une exp\u00e9rience olfactive instantan\u00e9e. Le diffuseur d&#039;ar\u00f4mes utilise un moteur \u00e0 ultrasons pour pomper l&#039;eau, ce qui le rend tr\u00e8s silencieux pendant l&#039;utilisation. Il est dot\u00e9 d&#039;une lumi\u00e8re d&#039;ambiance \u00e0 couleur changeante et peut \u00eatre utilis\u00e9 comme simple humidificateur. Les diffuseurs d&#039;ar\u00f4mes sont tr\u00e8s faciles \u00e0 utiliser et \u00e0 entretenir. Il suffit de les remplir occasionnellement avec une petite quantit\u00e9 d&#039;eau et quelques gouttes d&#039;huile parfum\u00e9e.Profitez de vos ventes d&#039;huiles essentielles !&nbsp;- Capacit\u00e9 du r\u00e9servoir 400ml -Lumi\u00e8re LED - 7 pi\u00e8cesAlimentation par USB (longueur du c\u00e2ble 100 cm)Arr\u00eat automatique en cas d&#039;\u00e9puisement de l&#039;eauHauteur : 15,5 cm, diam\u00e8tre : 16 cm, poids : 340 g\" \/>\n<meta property=\"og:url\" content=\"https:\/\/mystikus.com\/fr\/producto\/atomiseur-santorini-effet-coquillage-usb-changement-de-couleur-minuterie\/\" \/>\n<meta property=\"og:site_name\" content=\"Mystikus\" \/>\n<meta property=\"article:modified_time\" content=\"2026-02-12T14:27:14+00:00\" \/>\n<meta property=\"og:image\" content=\"https:\/\/mystikus.com\/wp-content\/uploads\/2026\/02\/bG9jYWw6Ly9tZWRpYS9IUS9DQy82MFIzMEMxRzZNVktDQ0hRL2FmNTE5YjNkLmpwZWc.jpg\" \/>\n\t<meta property=\"og:image:width\" content=\"1600\" \/>\n\t<meta property=\"og:image:height\" content=\"1600\" \/>\n\t<meta property=\"og:image:type\" content=\"image\/jpeg\" \/>\n<meta name=\"twitter:card\" content=\"summary_large_image\" \/>\n<meta name=\"twitter:label1\" content=\"Dur\u00e9e de lecture estim\u00e9e\" \/>\n\t<meta name=\"twitter:data1\" content=\"1 minute\" \/>\n<script type=\"application\/ld+json\" class=\"yoast-schema-graph\">{\"@context\":\"https:\/\/schema.org\",\"@graph\":[{\"@type\":\"WebPage\",\"@id\":\"https:\/\/mystikus.com\/fr\/producto\/atomiseur-santorini-effet-coquillage-usb-changement-de-couleur-minuterie\/\",\"url\":\"https:\/\/mystikus.com\/fr\/producto\/atomiseur-santorini-effet-coquillage-usb-changement-de-couleur-minuterie\/\",\"name\":\"Atomiseur Santorini - Effet coquillage - USB - Changement de couleur - Minuterie - Mystikus\",\"isPartOf\":{\"@id\":\"https:\/\/mystikus.com\/#website\"},\"primaryImageOfPage\":{\"@id\":\"https:\/\/mystikus.com\/fr\/producto\/atomiseur-santorini-effet-coquillage-usb-changement-de-couleur-minuterie\/#primaryimage\"},\"image\":{\"@id\":\"https:\/\/mystikus.com\/fr\/producto\/atomiseur-santorini-effet-coquillage-usb-changement-de-couleur-minuterie\/#primaryimage\"},\"thumbnailUrl\":\"https:\/\/mystikus.com\/wp-content\/uploads\/2026\/02\/bG9jYWw6Ly9tZWRpYS9IUS9DQy82MFIzMEMxRzZNVktDQ0hRL2FmNTE5YjNkLmpwZWc.jpg\",\"datePublished\":\"2026-02-12T14:21:53+00:00\",\"dateModified\":\"2026-02-12T14:27:14+00:00\",\"breadcrumb\":{\"@id\":\"https:\/\/mystikus.com\/fr\/producto\/atomiseur-santorini-effet-coquillage-usb-changement-de-couleur-minuterie\/#breadcrumb\"},\"inLanguage\":\"fr-FR\",\"potentialAction\":[{\"@type\":\"ReadAction\",\"target\":[\"https:\/\/mystikus.com\/fr\/producto\/atomiseur-santorini-effet-coquillage-usb-changement-de-couleur-minuterie\/\"]}]},{\"@type\":\"ImageObject\",\"inLanguage\":\"fr-FR\",\"@id\":\"https:\/\/mystikus.com\/fr\/producto\/atomiseur-santorini-effet-coquillage-usb-changement-de-couleur-minuterie\/#primaryimage\",\"url\":\"https:\/\/mystikus.com\/wp-content\/uploads\/2026\/02\/bG9jYWw6Ly9tZWRpYS9IUS9DQy82MFIzMEMxRzZNVktDQ0hRL2FmNTE5YjNkLmpwZWc.jpg\",\"contentUrl\":\"https:\/\/mystikus.com\/wp-content\/uploads\/2026\/02\/bG9jYWw6Ly9tZWRpYS9IUS9DQy82MFIzMEMxRzZNVktDQ0hRL2FmNTE5YjNkLmpwZWc.jpg\",\"width\":1600,\"height\":1600},{\"@type\":\"BreadcrumbList\",\"@id\":\"https:\/\/mystikus.com\/fr\/producto\/atomiseur-santorini-effet-coquillage-usb-changement-de-couleur-minuterie\/#breadcrumb\",\"itemListElement\":[{\"@type\":\"ListItem\",\"position\":1,\"name\":\"Portada\",\"item\":\"https:\/\/mystikus.com\/fr\/accueil\/\"},{\"@type\":\"ListItem\",\"position\":2,\"name\":\"Boutique\",\"item\":\"https:\/\/mystikus.com\/fr\/boutique\/\"},{\"@type\":\"ListItem\",\"position\":3,\"name\":\"Atomiseur Santorini &#8211; Effet coquillage &#8211; USB &#8211; Changement de couleur &#8211; Minuterie\"}]},{\"@type\":\"WebSite\",\"@id\":\"https:\/\/mystikus.com\/#website\",\"url\":\"https:\/\/mystikus.com\/\",\"name\":\"Mystikus\",\"description\":\"\",\"publisher\":{\"@id\":\"https:\/\/mystikus.com\/#organization\"},\"potentialAction\":[{\"@type\":\"SearchAction\",\"target\":{\"@type\":\"EntryPoint\",\"urlTemplate\":\"https:\/\/mystikus.com\/?s={search_term_string}\"},\"query-input\":{\"@type\":\"PropertyValueSpecification\",\"valueRequired\":true,\"valueName\":\"search_term_string\"}}],\"inLanguage\":\"fr-FR\"},{\"@type\":\"Organization\",\"@id\":\"https:\/\/mystikus.com\/#organization\",\"name\":\"Mystikus\",\"url\":\"https:\/\/mystikus.com\/\",\"logo\":{\"@type\":\"ImageObject\",\"inLanguage\":\"fr-FR\",\"@id\":\"https:\/\/mystikus.com\/#\/schema\/logo\/image\/\",\"url\":\"https:\/\/mystikus.com\/wp-content\/uploads\/2025\/06\/logo-instgaram-shop.jpg\",\"contentUrl\":\"https:\/\/mystikus.com\/wp-content\/uploads\/2025\/06\/logo-instgaram-shop.jpg\",\"width\":227,\"height\":227,\"caption\":\"Mystikus\"},\"image\":{\"@id\":\"https:\/\/mystikus.com\/#\/schema\/logo\/image\/\"}}]}<\/script>\n<!-- \/ Yoast SEO plugin. -->","yoast_head_json":{"title":"Atomiseur Santorini - Effet coquillage - USB - Changement de couleur - Minuterie - Mystikus","robots":{"index":"index","follow":"follow","max-snippet":"max-snippet:-1","max-image-preview":"max-image-preview:large","max-video-preview":"max-video-preview:-1"},"canonical":"https:\/\/mystikus.com\/fr\/producto\/atomiseur-santorini-effet-coquillage-usb-changement-de-couleur-minuterie\/","og_locale":"fr_FR","og_type":"article","og_title":"Atomiseur Santorini - Effet coquillage - USB - Changement de couleur - Minuterie - Mystikus","og_description":"Les diffuseurs d'ar\u00f4mes sont intemporels et \u00e9l\u00e9gants. Ils permettent de parfumer votre pi\u00e8ce ou votre bureau sans parfum ni fum\u00e9e. Ajoutez simplement un peu d'eau et votre huile essentielle ou parfum\u00e9e pr\u00e9f\u00e9r\u00e9e pour une exp\u00e9rience olfactive instantan\u00e9e. Le diffuseur d'ar\u00f4mes utilise un moteur \u00e0 ultrasons pour pomper l'eau, ce qui le rend tr\u00e8s silencieux pendant l'utilisation. Il est dot\u00e9 d'une lumi\u00e8re d'ambiance \u00e0 couleur changeante et peut \u00eatre utilis\u00e9 comme simple humidificateur. Les diffuseurs d'ar\u00f4mes sont tr\u00e8s faciles \u00e0 utiliser et \u00e0 entretenir. Il suffit de les remplir occasionnellement avec une petite quantit\u00e9 d'eau et quelques gouttes d'huile parfum\u00e9e.Profitez de vos ventes d'huiles essentielles !&nbsp;- Capacit\u00e9 du r\u00e9servoir 400ml -Lumi\u00e8re LED - 7 pi\u00e8cesAlimentation par USB (longueur du c\u00e2ble 100 cm)Arr\u00eat automatique en cas d'\u00e9puisement de l'eauHauteur : 15,5 cm, diam\u00e8tre : 16 cm, poids : 340 g","og_url":"https:\/\/mystikus.com\/fr\/producto\/atomiseur-santorini-effet-coquillage-usb-changement-de-couleur-minuterie\/","og_site_name":"Mystikus","article_modified_time":"2026-02-12T14:27:14+00:00","og_image":[{"width":1600,"height":1600,"url":"https:\/\/mystikus.com\/wp-content\/uploads\/2026\/02\/bG9jYWw6Ly9tZWRpYS9IUS9DQy82MFIzMEMxRzZNVktDQ0hRL2FmNTE5YjNkLmpwZWc.jpg","type":"image\/jpeg"}],"twitter_card":"summary_large_image","twitter_misc":{"Dur\u00e9e de lecture estim\u00e9e":"1 minute"},"schema":{"@context":"https:\/\/schema.org","@graph":[{"@type":"WebPage","@id":"https:\/\/mystikus.com\/fr\/producto\/atomiseur-santorini-effet-coquillage-usb-changement-de-couleur-minuterie\/","url":"https:\/\/mystikus.com\/fr\/producto\/atomiseur-santorini-effet-coquillage-usb-changement-de-couleur-minuterie\/","name":"Atomiseur Santorini - Effet coquillage - USB - Changement de couleur - Minuterie - Mystikus","isPartOf":{"@id":"https:\/\/mystikus.com\/#website"},"primaryImageOfPage":{"@id":"https:\/\/mystikus.com\/fr\/producto\/atomiseur-santorini-effet-coquillage-usb-changement-de-couleur-minuterie\/#primaryimage"},"image":{"@id":"https:\/\/mystikus.com\/fr\/producto\/atomiseur-santorini-effet-coquillage-usb-changement-de-couleur-minuterie\/#primaryimage"},"thumbnailUrl":"https:\/\/mystikus.com\/wp-content\/uploads\/2026\/02\/bG9jYWw6Ly9tZWRpYS9IUS9DQy82MFIzMEMxRzZNVktDQ0hRL2FmNTE5YjNkLmpwZWc.jpg","datePublished":"2026-02-12T14:21:53+00:00","dateModified":"2026-02-12T14:27:14+00:00","breadcrumb":{"@id":"https:\/\/mystikus.com\/fr\/producto\/atomiseur-santorini-effet-coquillage-usb-changement-de-couleur-minuterie\/#breadcrumb"},"inLanguage":"fr-FR","potentialAction":[{"@type":"ReadAction","target":["https:\/\/mystikus.com\/fr\/producto\/atomiseur-santorini-effet-coquillage-usb-changement-de-couleur-minuterie\/"]}]},{"@type":"ImageObject","inLanguage":"fr-FR","@id":"https:\/\/mystikus.com\/fr\/producto\/atomiseur-santorini-effet-coquillage-usb-changement-de-couleur-minuterie\/#primaryimage","url":"https:\/\/mystikus.com\/wp-content\/uploads\/2026\/02\/bG9jYWw6Ly9tZWRpYS9IUS9DQy82MFIzMEMxRzZNVktDQ0hRL2FmNTE5YjNkLmpwZWc.jpg","contentUrl":"https:\/\/mystikus.com\/wp-content\/uploads\/2026\/02\/bG9jYWw6Ly9tZWRpYS9IUS9DQy82MFIzMEMxRzZNVktDQ0hRL2FmNTE5YjNkLmpwZWc.jpg","width":1600,"height":1600},{"@type":"BreadcrumbList","@id":"https:\/\/mystikus.com\/fr\/producto\/atomiseur-santorini-effet-coquillage-usb-changement-de-couleur-minuterie\/#breadcrumb","itemListElement":[{"@type":"ListItem","position":1,"name":"Portada","item":"https:\/\/mystikus.com\/fr\/accueil\/"},{"@type":"ListItem","position":2,"name":"Boutique","item":"https:\/\/mystikus.com\/fr\/boutique\/"},{"@type":"ListItem","position":3,"name":"Atomiseur Santorini &#8211; Effet coquillage &#8211; USB &#8211; Changement de couleur &#8211; Minuterie"}]},{"@type":"WebSite","@id":"https:\/\/mystikus.com\/#website","url":"https:\/\/mystikus.com\/","name":"Mystikus","description":"","publisher":{"@id":"https:\/\/mystikus.com\/#organization"},"potentialAction":[{"@type":"SearchAction","target":{"@type":"EntryPoint","urlTemplate":"https:\/\/mystikus.com\/?s={search_term_string}"},"query-input":{"@type":"PropertyValueSpecification","valueRequired":true,"valueName":"search_term_string"}}],"inLanguage":"fr-FR"},{"@type":"Organization","@id":"https:\/\/mystikus.com\/#organization","name":"Mystikus","url":"https:\/\/mystikus.com\/","logo":{"@type":"ImageObject","inLanguage":"fr-FR","@id":"https:\/\/mystikus.com\/#\/schema\/logo\/image\/","url":"https:\/\/mystikus.com\/wp-content\/uploads\/2025\/06\/logo-instgaram-shop.jpg","contentUrl":"https:\/\/mystikus.com\/wp-content\/uploads\/2025\/06\/logo-instgaram-shop.jpg","width":227,"height":227,"caption":"Mystikus"},"image":{"@id":"https:\/\/mystikus.com\/#\/schema\/logo\/image\/"}}]}},"_links":{"self":[{"href":"https:\/\/mystikus.com\/fr\/wp-json\/wp\/v2\/product\/28242","targetHints":{"allow":["GET"]}}],"collection":[{"href":"https:\/\/mystikus.com\/fr\/wp-json\/wp\/v2\/product"}],"about":[{"href":"https:\/\/mystikus.com\/fr\/wp-json\/wp\/v2\/types\/product"}],"replies":[{"embeddable":true,"href":"https:\/\/mystikus.com\/fr\/wp-json\/wp\/v2\/comments?post=28242"}],"wp:featuredmedia":[{"embeddable":true,"href":"https:\/\/mystikus.com\/fr\/wp-json\/wp\/v2\/media\/28276"}],"wp:attachment":[{"href":"https:\/\/mystikus.com\/fr\/wp-json\/wp\/v2\/media?parent=28242"}],"wp:term":[{"taxonomy":"product_brand","embeddable":true,"href":"https:\/\/mystikus.com\/fr\/wp-json\/wp\/v2\/product_brand?post=28242"},{"taxonomy":"product_cat","embeddable":true,"href":"https:\/\/mystikus.com\/fr\/wp-json\/wp\/v2\/product_cat?post=28242"},{"taxonomy":"product_tag","embeddable":true,"href":"https:\/\/mystikus.com\/fr\/wp-json\/wp\/v2\/product_tag?post=28242"}],"curies":[{"name":"wp","href":"https:\/\/api.w.org\/{rel}","templated":true}]}}