{"id":28257,"date":"2026-02-12T15:21:26","date_gmt":"2026-02-12T14:21:26","guid":{"rendered":"https:\/\/mystikus.com\/producto\/diffuseur-daromes-avec-effet-maquette-de-bateau-et-led-a-couleurs-changeantes\/"},"modified":"2026-02-12T15:27:40","modified_gmt":"2026-02-12T14:27:40","slug":"diffuseur-daromes-avec-effet-maquette-de-bateau-et-led-a-couleurs-changeantes","status":"publish","type":"product","link":"https:\/\/mystikus.com\/fr\/producto\/diffuseur-daromes-avec-effet-maquette-de-bateau-et-led-a-couleurs-changeantes\/","title":{"rendered":"Diffuseur d&rsquo;ar\u00f4mes avec effet maquette de bateau et LED \u00e0 couleurs changeantes"},"content":{"rendered":"<p>Un diffuseur d&rsquo;ar\u00f4mes d\u00e9coratif con\u00e7u sous la forme d&rsquo;un bateau classique, avec un effet de brume douce qui s&rsquo;\u00e9l\u00e8ve des chemin\u00e9es pour cr\u00e9er une ambiance calme et atmosph\u00e9rique tout en parfumant doucement la pi\u00e8ce.<\/p>\n","protected":false},"excerpt":{"rendered":"<p>Un diffuseur d&rsquo;ar\u00f4mes d\u00e9coratif con\u00e7u sous la forme d&rsquo;un bateau classique, avec un effet de brume douce qui s&rsquo;\u00e9l\u00e8ve des chemin\u00e9es pour cr\u00e9er une ambiance calme et atmosph\u00e9rique tout en parfumant doucement la pi\u00e8ce.<\/p>\n","protected":false},"featured_media":28392,"comment_status":"open","ping_status":"closed","template":"","meta":[],"product_brand":[],"product_cat":[278,118],"product_tag":[],"class_list":{"0":"post-28257","1":"product","2":"type-product","3":"status-publish","4":"has-post-thumbnail","6":"product_cat-diffuseurs","7":"product_cat-encens-et-aromes","9":"first","10":"instock","11":"shipping-taxable","12":"purchasable","13":"product-type-simple"},"yoast_head":"<!-- This site is optimized with the Yoast SEO plugin v27.2 - https:\/\/yoast.com\/product\/yoast-seo-wordpress\/ -->\n<title>Diffuseur d&#039;ar\u00f4mes avec effet maquette de bateau et LED \u00e0 couleurs changeantes - Mystikus<\/title>\n<meta name=\"robots\" content=\"index, follow, max-snippet:-1, max-image-preview:large, max-video-preview:-1\" \/>\n<link rel=\"canonical\" href=\"https:\/\/mystikus.com\/fr\/producto\/diffuseur-daromes-avec-effet-maquette-de-bateau-et-led-a-couleurs-changeantes\/\" \/>\n<meta property=\"og:locale\" content=\"fr_FR\" \/>\n<meta property=\"og:type\" content=\"article\" \/>\n<meta property=\"og:title\" content=\"Diffuseur d&#039;ar\u00f4mes avec effet maquette de bateau et LED \u00e0 couleurs changeantes - Mystikus\" \/>\n<meta property=\"og:description\" content=\"Un diffuseur d&#039;ar\u00f4mes d\u00e9coratif con\u00e7u sous la forme d&#039;un bateau classique, avec un effet de brume douce qui s&#039;\u00e9l\u00e8ve des chemin\u00e9es pour cr\u00e9er une ambiance calme et atmosph\u00e9rique tout en parfumant doucement la pi\u00e8ce.\" \/>\n<meta property=\"og:url\" content=\"https:\/\/mystikus.com\/fr\/producto\/diffuseur-daromes-avec-effet-maquette-de-bateau-et-led-a-couleurs-changeantes\/\" \/>\n<meta property=\"og:site_name\" content=\"Mystikus\" \/>\n<meta property=\"article:modified_time\" content=\"2026-02-12T14:27:40+00:00\" \/>\n<meta property=\"og:image\" content=\"https:\/\/mystikus.com\/wp-content\/uploads\/2026\/02\/bG9jYWw6Ly9tZWRpYS9IUC82Qy82MFIzMEMxSjY4UjM2Q0hQLzk5OWFkZTAxLmpwZw.jpg\" \/>\n\t<meta property=\"og:image:width\" content=\"2000\" \/>\n\t<meta property=\"og:image:height\" content=\"2000\" \/>\n\t<meta property=\"og:image:type\" content=\"image\/jpeg\" \/>\n<meta name=\"twitter:card\" content=\"summary_large_image\" \/>\n<script type=\"application\/ld+json\" class=\"yoast-schema-graph\">{\"@context\":\"https:\/\/schema.org\",\"@graph\":[{\"@type\":\"WebPage\",\"@id\":\"https:\/\/mystikus.com\/fr\/producto\/diffuseur-daromes-avec-effet-maquette-de-bateau-et-led-a-couleurs-changeantes\/\",\"url\":\"https:\/\/mystikus.com\/fr\/producto\/diffuseur-daromes-avec-effet-maquette-de-bateau-et-led-a-couleurs-changeantes\/\",\"name\":\"Diffuseur d'ar\u00f4mes avec effet maquette de bateau et LED \u00e0 couleurs changeantes - Mystikus\",\"isPartOf\":{\"@id\":\"https:\/\/mystikus.com\/#website\"},\"primaryImageOfPage\":{\"@id\":\"https:\/\/mystikus.com\/fr\/producto\/diffuseur-daromes-avec-effet-maquette-de-bateau-et-led-a-couleurs-changeantes\/#primaryimage\"},\"image\":{\"@id\":\"https:\/\/mystikus.com\/fr\/producto\/diffuseur-daromes-avec-effet-maquette-de-bateau-et-led-a-couleurs-changeantes\/#primaryimage\"},\"thumbnailUrl\":\"https:\/\/mystikus.com\/wp-content\/uploads\/2026\/02\/bG9jYWw6Ly9tZWRpYS9IUC82Qy82MFIzMEMxSjY4UjM2Q0hQLzk5OWFkZTAxLmpwZw.jpg\",\"datePublished\":\"2026-02-12T14:21:26+00:00\",\"dateModified\":\"2026-02-12T14:27:40+00:00\",\"breadcrumb\":{\"@id\":\"https:\/\/mystikus.com\/fr\/producto\/diffuseur-daromes-avec-effet-maquette-de-bateau-et-led-a-couleurs-changeantes\/#breadcrumb\"},\"inLanguage\":\"fr-FR\",\"potentialAction\":[{\"@type\":\"ReadAction\",\"target\":[\"https:\/\/mystikus.com\/fr\/producto\/diffuseur-daromes-avec-effet-maquette-de-bateau-et-led-a-couleurs-changeantes\/\"]}]},{\"@type\":\"ImageObject\",\"inLanguage\":\"fr-FR\",\"@id\":\"https:\/\/mystikus.com\/fr\/producto\/diffuseur-daromes-avec-effet-maquette-de-bateau-et-led-a-couleurs-changeantes\/#primaryimage\",\"url\":\"https:\/\/mystikus.com\/wp-content\/uploads\/2026\/02\/bG9jYWw6Ly9tZWRpYS9IUC82Qy82MFIzMEMxSjY4UjM2Q0hQLzk5OWFkZTAxLmpwZw.jpg\",\"contentUrl\":\"https:\/\/mystikus.com\/wp-content\/uploads\/2026\/02\/bG9jYWw6Ly9tZWRpYS9IUC82Qy82MFIzMEMxSjY4UjM2Q0hQLzk5OWFkZTAxLmpwZw.jpg\",\"width\":2000,\"height\":2000},{\"@type\":\"BreadcrumbList\",\"@id\":\"https:\/\/mystikus.com\/fr\/producto\/diffuseur-daromes-avec-effet-maquette-de-bateau-et-led-a-couleurs-changeantes\/#breadcrumb\",\"itemListElement\":[{\"@type\":\"ListItem\",\"position\":1,\"name\":\"Portada\",\"item\":\"https:\/\/mystikus.com\/fr\/accueil\/\"},{\"@type\":\"ListItem\",\"position\":2,\"name\":\"Boutique\",\"item\":\"https:\/\/mystikus.com\/fr\/boutique\/\"},{\"@type\":\"ListItem\",\"position\":3,\"name\":\"Diffuseur d&#8217;ar\u00f4mes avec effet maquette de bateau et LED \u00e0 couleurs changeantes\"}]},{\"@type\":\"WebSite\",\"@id\":\"https:\/\/mystikus.com\/#website\",\"url\":\"https:\/\/mystikus.com\/\",\"name\":\"Mystikus\",\"description\":\"\",\"publisher\":{\"@id\":\"https:\/\/mystikus.com\/#organization\"},\"potentialAction\":[{\"@type\":\"SearchAction\",\"target\":{\"@type\":\"EntryPoint\",\"urlTemplate\":\"https:\/\/mystikus.com\/?s={search_term_string}\"},\"query-input\":{\"@type\":\"PropertyValueSpecification\",\"valueRequired\":true,\"valueName\":\"search_term_string\"}}],\"inLanguage\":\"fr-FR\"},{\"@type\":\"Organization\",\"@id\":\"https:\/\/mystikus.com\/#organization\",\"name\":\"Mystikus\",\"url\":\"https:\/\/mystikus.com\/\",\"logo\":{\"@type\":\"ImageObject\",\"inLanguage\":\"fr-FR\",\"@id\":\"https:\/\/mystikus.com\/#\/schema\/logo\/image\/\",\"url\":\"https:\/\/mystikus.com\/wp-content\/uploads\/2025\/06\/logo-instgaram-shop.jpg\",\"contentUrl\":\"https:\/\/mystikus.com\/wp-content\/uploads\/2025\/06\/logo-instgaram-shop.jpg\",\"width\":227,\"height\":227,\"caption\":\"Mystikus\"},\"image\":{\"@id\":\"https:\/\/mystikus.com\/#\/schema\/logo\/image\/\"}}]}<\/script>\n<!-- \/ Yoast SEO plugin. -->","yoast_head_json":{"title":"Diffuseur d'ar\u00f4mes avec effet maquette de bateau et LED \u00e0 couleurs changeantes - Mystikus","robots":{"index":"index","follow":"follow","max-snippet":"max-snippet:-1","max-image-preview":"max-image-preview:large","max-video-preview":"max-video-preview:-1"},"canonical":"https:\/\/mystikus.com\/fr\/producto\/diffuseur-daromes-avec-effet-maquette-de-bateau-et-led-a-couleurs-changeantes\/","og_locale":"fr_FR","og_type":"article","og_title":"Diffuseur d'ar\u00f4mes avec effet maquette de bateau et LED \u00e0 couleurs changeantes - Mystikus","og_description":"Un diffuseur d'ar\u00f4mes d\u00e9coratif con\u00e7u sous la forme d'un bateau classique, avec un effet de brume douce qui s'\u00e9l\u00e8ve des chemin\u00e9es pour cr\u00e9er une ambiance calme et atmosph\u00e9rique tout en parfumant doucement la pi\u00e8ce.","og_url":"https:\/\/mystikus.com\/fr\/producto\/diffuseur-daromes-avec-effet-maquette-de-bateau-et-led-a-couleurs-changeantes\/","og_site_name":"Mystikus","article_modified_time":"2026-02-12T14:27:40+00:00","og_image":[{"width":2000,"height":2000,"url":"https:\/\/mystikus.com\/wp-content\/uploads\/2026\/02\/bG9jYWw6Ly9tZWRpYS9IUC82Qy82MFIzMEMxSjY4UjM2Q0hQLzk5OWFkZTAxLmpwZw.jpg","type":"image\/jpeg"}],"twitter_card":"summary_large_image","schema":{"@context":"https:\/\/schema.org","@graph":[{"@type":"WebPage","@id":"https:\/\/mystikus.com\/fr\/producto\/diffuseur-daromes-avec-effet-maquette-de-bateau-et-led-a-couleurs-changeantes\/","url":"https:\/\/mystikus.com\/fr\/producto\/diffuseur-daromes-avec-effet-maquette-de-bateau-et-led-a-couleurs-changeantes\/","name":"Diffuseur d'ar\u00f4mes avec effet maquette de bateau et LED \u00e0 couleurs changeantes - Mystikus","isPartOf":{"@id":"https:\/\/mystikus.com\/#website"},"primaryImageOfPage":{"@id":"https:\/\/mystikus.com\/fr\/producto\/diffuseur-daromes-avec-effet-maquette-de-bateau-et-led-a-couleurs-changeantes\/#primaryimage"},"image":{"@id":"https:\/\/mystikus.com\/fr\/producto\/diffuseur-daromes-avec-effet-maquette-de-bateau-et-led-a-couleurs-changeantes\/#primaryimage"},"thumbnailUrl":"https:\/\/mystikus.com\/wp-content\/uploads\/2026\/02\/bG9jYWw6Ly9tZWRpYS9IUC82Qy82MFIzMEMxSjY4UjM2Q0hQLzk5OWFkZTAxLmpwZw.jpg","datePublished":"2026-02-12T14:21:26+00:00","dateModified":"2026-02-12T14:27:40+00:00","breadcrumb":{"@id":"https:\/\/mystikus.com\/fr\/producto\/diffuseur-daromes-avec-effet-maquette-de-bateau-et-led-a-couleurs-changeantes\/#breadcrumb"},"inLanguage":"fr-FR","potentialAction":[{"@type":"ReadAction","target":["https:\/\/mystikus.com\/fr\/producto\/diffuseur-daromes-avec-effet-maquette-de-bateau-et-led-a-couleurs-changeantes\/"]}]},{"@type":"ImageObject","inLanguage":"fr-FR","@id":"https:\/\/mystikus.com\/fr\/producto\/diffuseur-daromes-avec-effet-maquette-de-bateau-et-led-a-couleurs-changeantes\/#primaryimage","url":"https:\/\/mystikus.com\/wp-content\/uploads\/2026\/02\/bG9jYWw6Ly9tZWRpYS9IUC82Qy82MFIzMEMxSjY4UjM2Q0hQLzk5OWFkZTAxLmpwZw.jpg","contentUrl":"https:\/\/mystikus.com\/wp-content\/uploads\/2026\/02\/bG9jYWw6Ly9tZWRpYS9IUC82Qy82MFIzMEMxSjY4UjM2Q0hQLzk5OWFkZTAxLmpwZw.jpg","width":2000,"height":2000},{"@type":"BreadcrumbList","@id":"https:\/\/mystikus.com\/fr\/producto\/diffuseur-daromes-avec-effet-maquette-de-bateau-et-led-a-couleurs-changeantes\/#breadcrumb","itemListElement":[{"@type":"ListItem","position":1,"name":"Portada","item":"https:\/\/mystikus.com\/fr\/accueil\/"},{"@type":"ListItem","position":2,"name":"Boutique","item":"https:\/\/mystikus.com\/fr\/boutique\/"},{"@type":"ListItem","position":3,"name":"Diffuseur d&#8217;ar\u00f4mes avec effet maquette de bateau et LED \u00e0 couleurs changeantes"}]},{"@type":"WebSite","@id":"https:\/\/mystikus.com\/#website","url":"https:\/\/mystikus.com\/","name":"Mystikus","description":"","publisher":{"@id":"https:\/\/mystikus.com\/#organization"},"potentialAction":[{"@type":"SearchAction","target":{"@type":"EntryPoint","urlTemplate":"https:\/\/mystikus.com\/?s={search_term_string}"},"query-input":{"@type":"PropertyValueSpecification","valueRequired":true,"valueName":"search_term_string"}}],"inLanguage":"fr-FR"},{"@type":"Organization","@id":"https:\/\/mystikus.com\/#organization","name":"Mystikus","url":"https:\/\/mystikus.com\/","logo":{"@type":"ImageObject","inLanguage":"fr-FR","@id":"https:\/\/mystikus.com\/#\/schema\/logo\/image\/","url":"https:\/\/mystikus.com\/wp-content\/uploads\/2025\/06\/logo-instgaram-shop.jpg","contentUrl":"https:\/\/mystikus.com\/wp-content\/uploads\/2025\/06\/logo-instgaram-shop.jpg","width":227,"height":227,"caption":"Mystikus"},"image":{"@id":"https:\/\/mystikus.com\/#\/schema\/logo\/image\/"}}]}},"_links":{"self":[{"href":"https:\/\/mystikus.com\/fr\/wp-json\/wp\/v2\/product\/28257","targetHints":{"allow":["GET"]}}],"collection":[{"href":"https:\/\/mystikus.com\/fr\/wp-json\/wp\/v2\/product"}],"about":[{"href":"https:\/\/mystikus.com\/fr\/wp-json\/wp\/v2\/types\/product"}],"replies":[{"embeddable":true,"href":"https:\/\/mystikus.com\/fr\/wp-json\/wp\/v2\/comments?post=28257"}],"wp:featuredmedia":[{"embeddable":true,"href":"https:\/\/mystikus.com\/fr\/wp-json\/wp\/v2\/media\/28392"}],"wp:attachment":[{"href":"https:\/\/mystikus.com\/fr\/wp-json\/wp\/v2\/media?parent=28257"}],"wp:term":[{"taxonomy":"product_brand","embeddable":true,"href":"https:\/\/mystikus.com\/fr\/wp-json\/wp\/v2\/product_brand?post=28257"},{"taxonomy":"product_cat","embeddable":true,"href":"https:\/\/mystikus.com\/fr\/wp-json\/wp\/v2\/product_cat?post=28257"},{"taxonomy":"product_tag","embeddable":true,"href":"https:\/\/mystikus.com\/fr\/wp-json\/wp\/v2\/product_tag?post=28257"}],"curies":[{"name":"wp","href":"https:\/\/api.w.org\/{rel}","templated":true}]}}