{"id":28303,"date":"2026-02-12T15:20:27","date_gmt":"2026-02-12T14:20:27","guid":{"rendered":"https:\/\/mystikus.com\/producto\/aromatherapie-futuriste-avec-marqueurs-detirement-usb-changement-de-couleur-telecommande\/"},"modified":"2026-02-12T15:33:52","modified_gmt":"2026-02-12T14:33:52","slug":"aromatherapie-futuriste-avec-marqueurs-detirement-usb-changement-de-couleur-telecommande","status":"publish","type":"product","link":"https:\/\/mystikus.com\/fr\/producto\/aromatherapie-futuriste-avec-marqueurs-detirement-usb-changement-de-couleur-telecommande\/","title":{"rendered":"Aromath\u00e9rapie futuriste avec marqueurs d&rsquo;\u00e9tirement \u2013 USB \u2013 Changement de couleur \u2013 T\u00e9l\u00e9commande"},"content":{"rendered":"<p>Un diffuseur de parfum moderne avec un design doucement nervur\u00e9, un dessus effet bois et une lumi\u00e8re subtile \u00e0 couleur changeante, cr\u00e9\u00e9 pour ajouter une atmosph\u00e8re calme et contemporaine tout en parfumant d\u00e9licatement la pi\u00e8ce avec une fine brume.<\/p>\n","protected":false},"excerpt":{"rendered":"<p>Un diffuseur de parfum moderne avec un design doucement nervur\u00e9, un dessus effet bois et une lumi\u00e8re subtile \u00e0 couleur changeante, cr\u00e9\u00e9 pour ajouter une atmosph\u00e8re calme et contemporaine tout en parfumant d\u00e9licatement la pi\u00e8ce avec une fine brume.<\/p>\n","protected":false},"featured_media":28471,"comment_status":"open","ping_status":"closed","template":"","meta":[],"product_brand":[],"product_cat":[278,118],"product_tag":[],"class_list":{"0":"post-28303","1":"product","2":"type-product","3":"status-publish","4":"has-post-thumbnail","6":"product_cat-diffuseurs","7":"product_cat-encens-et-aromes","9":"first","10":"instock","11":"shipping-taxable","12":"purchasable","13":"product-type-simple"},"yoast_head":"<!-- This site is optimized with the Yoast SEO plugin v27.2 - https:\/\/yoast.com\/product\/yoast-seo-wordpress\/ -->\n<title>Aromath\u00e9rapie futuriste avec marqueurs d&#039;\u00e9tirement - USB - Changement de couleur - T\u00e9l\u00e9commande - Mystikus<\/title>\n<meta name=\"robots\" content=\"index, follow, max-snippet:-1, max-image-preview:large, max-video-preview:-1\" \/>\n<link rel=\"canonical\" href=\"https:\/\/mystikus.com\/fr\/producto\/aromatherapie-futuriste-avec-marqueurs-detirement-usb-changement-de-couleur-telecommande\/\" \/>\n<meta property=\"og:locale\" content=\"fr_FR\" \/>\n<meta property=\"og:type\" content=\"article\" \/>\n<meta property=\"og:title\" content=\"Aromath\u00e9rapie futuriste avec marqueurs d&#039;\u00e9tirement - USB - Changement de couleur - T\u00e9l\u00e9commande - Mystikus\" \/>\n<meta property=\"og:description\" content=\"Un diffuseur de parfum moderne avec un design doucement nervur\u00e9, un dessus effet bois et une lumi\u00e8re subtile \u00e0 couleur changeante, cr\u00e9\u00e9 pour ajouter une atmosph\u00e8re calme et contemporaine tout en parfumant d\u00e9licatement la pi\u00e8ce avec une fine brume.\" \/>\n<meta property=\"og:url\" content=\"https:\/\/mystikus.com\/fr\/producto\/aromatherapie-futuriste-avec-marqueurs-detirement-usb-changement-de-couleur-telecommande\/\" \/>\n<meta property=\"og:site_name\" content=\"Mystikus\" \/>\n<meta property=\"article:modified_time\" content=\"2026-02-12T14:33:52+00:00\" \/>\n<meta property=\"og:image\" content=\"https:\/\/mystikus.com\/wp-content\/uploads\/2026\/02\/bG9jYWw6Ly9tZWRpYS8xSy82Qy82MFIzMEMxSjY4UjM2QzFLLzA0MjJhMTNmLmpwZw.jpg\" \/>\n\t<meta property=\"og:image:width\" content=\"2000\" \/>\n\t<meta property=\"og:image:height\" content=\"2000\" \/>\n\t<meta property=\"og:image:type\" content=\"image\/jpeg\" \/>\n<meta name=\"twitter:card\" content=\"summary_large_image\" \/>\n<script type=\"application\/ld+json\" class=\"yoast-schema-graph\">{\"@context\":\"https:\/\/schema.org\",\"@graph\":[{\"@type\":\"WebPage\",\"@id\":\"https:\/\/mystikus.com\/fr\/producto\/aromatherapie-futuriste-avec-marqueurs-detirement-usb-changement-de-couleur-telecommande\/\",\"url\":\"https:\/\/mystikus.com\/fr\/producto\/aromatherapie-futuriste-avec-marqueurs-detirement-usb-changement-de-couleur-telecommande\/\",\"name\":\"Aromath\u00e9rapie futuriste avec marqueurs d'\u00e9tirement - USB - Changement de couleur - T\u00e9l\u00e9commande - Mystikus\",\"isPartOf\":{\"@id\":\"https:\/\/mystikus.com\/#website\"},\"primaryImageOfPage\":{\"@id\":\"https:\/\/mystikus.com\/fr\/producto\/aromatherapie-futuriste-avec-marqueurs-detirement-usb-changement-de-couleur-telecommande\/#primaryimage\"},\"image\":{\"@id\":\"https:\/\/mystikus.com\/fr\/producto\/aromatherapie-futuriste-avec-marqueurs-detirement-usb-changement-de-couleur-telecommande\/#primaryimage\"},\"thumbnailUrl\":\"https:\/\/mystikus.com\/wp-content\/uploads\/2026\/02\/bG9jYWw6Ly9tZWRpYS8xSy82Qy82MFIzMEMxSjY4UjM2QzFLLzA0MjJhMTNmLmpwZw.jpg\",\"datePublished\":\"2026-02-12T14:20:27+00:00\",\"dateModified\":\"2026-02-12T14:33:52+00:00\",\"breadcrumb\":{\"@id\":\"https:\/\/mystikus.com\/fr\/producto\/aromatherapie-futuriste-avec-marqueurs-detirement-usb-changement-de-couleur-telecommande\/#breadcrumb\"},\"inLanguage\":\"fr-FR\",\"potentialAction\":[{\"@type\":\"ReadAction\",\"target\":[\"https:\/\/mystikus.com\/fr\/producto\/aromatherapie-futuriste-avec-marqueurs-detirement-usb-changement-de-couleur-telecommande\/\"]}]},{\"@type\":\"ImageObject\",\"inLanguage\":\"fr-FR\",\"@id\":\"https:\/\/mystikus.com\/fr\/producto\/aromatherapie-futuriste-avec-marqueurs-detirement-usb-changement-de-couleur-telecommande\/#primaryimage\",\"url\":\"https:\/\/mystikus.com\/wp-content\/uploads\/2026\/02\/bG9jYWw6Ly9tZWRpYS8xSy82Qy82MFIzMEMxSjY4UjM2QzFLLzA0MjJhMTNmLmpwZw.jpg\",\"contentUrl\":\"https:\/\/mystikus.com\/wp-content\/uploads\/2026\/02\/bG9jYWw6Ly9tZWRpYS8xSy82Qy82MFIzMEMxSjY4UjM2QzFLLzA0MjJhMTNmLmpwZw.jpg\",\"width\":2000,\"height\":2000},{\"@type\":\"BreadcrumbList\",\"@id\":\"https:\/\/mystikus.com\/fr\/producto\/aromatherapie-futuriste-avec-marqueurs-detirement-usb-changement-de-couleur-telecommande\/#breadcrumb\",\"itemListElement\":[{\"@type\":\"ListItem\",\"position\":1,\"name\":\"Portada\",\"item\":\"https:\/\/mystikus.com\/fr\/accueil\/\"},{\"@type\":\"ListItem\",\"position\":2,\"name\":\"Boutique\",\"item\":\"https:\/\/mystikus.com\/fr\/boutique\/\"},{\"@type\":\"ListItem\",\"position\":3,\"name\":\"Aromath\u00e9rapie futuriste avec marqueurs d&#8217;\u00e9tirement \u2013 USB \u2013 Changement de couleur \u2013 T\u00e9l\u00e9commande\"}]},{\"@type\":\"WebSite\",\"@id\":\"https:\/\/mystikus.com\/#website\",\"url\":\"https:\/\/mystikus.com\/\",\"name\":\"Mystikus\",\"description\":\"\",\"publisher\":{\"@id\":\"https:\/\/mystikus.com\/#organization\"},\"potentialAction\":[{\"@type\":\"SearchAction\",\"target\":{\"@type\":\"EntryPoint\",\"urlTemplate\":\"https:\/\/mystikus.com\/?s={search_term_string}\"},\"query-input\":{\"@type\":\"PropertyValueSpecification\",\"valueRequired\":true,\"valueName\":\"search_term_string\"}}],\"inLanguage\":\"fr-FR\"},{\"@type\":\"Organization\",\"@id\":\"https:\/\/mystikus.com\/#organization\",\"name\":\"Mystikus\",\"url\":\"https:\/\/mystikus.com\/\",\"logo\":{\"@type\":\"ImageObject\",\"inLanguage\":\"fr-FR\",\"@id\":\"https:\/\/mystikus.com\/#\/schema\/logo\/image\/\",\"url\":\"https:\/\/mystikus.com\/wp-content\/uploads\/2025\/06\/logo-instgaram-shop.jpg\",\"contentUrl\":\"https:\/\/mystikus.com\/wp-content\/uploads\/2025\/06\/logo-instgaram-shop.jpg\",\"width\":227,\"height\":227,\"caption\":\"Mystikus\"},\"image\":{\"@id\":\"https:\/\/mystikus.com\/#\/schema\/logo\/image\/\"}}]}<\/script>\n<!-- \/ Yoast SEO plugin. -->","yoast_head_json":{"title":"Aromath\u00e9rapie futuriste avec marqueurs d'\u00e9tirement - USB - Changement de couleur - T\u00e9l\u00e9commande - Mystikus","robots":{"index":"index","follow":"follow","max-snippet":"max-snippet:-1","max-image-preview":"max-image-preview:large","max-video-preview":"max-video-preview:-1"},"canonical":"https:\/\/mystikus.com\/fr\/producto\/aromatherapie-futuriste-avec-marqueurs-detirement-usb-changement-de-couleur-telecommande\/","og_locale":"fr_FR","og_type":"article","og_title":"Aromath\u00e9rapie futuriste avec marqueurs d'\u00e9tirement - USB - Changement de couleur - T\u00e9l\u00e9commande - Mystikus","og_description":"Un diffuseur de parfum moderne avec un design doucement nervur\u00e9, un dessus effet bois et une lumi\u00e8re subtile \u00e0 couleur changeante, cr\u00e9\u00e9 pour ajouter une atmosph\u00e8re calme et contemporaine tout en parfumant d\u00e9licatement la pi\u00e8ce avec une fine brume.","og_url":"https:\/\/mystikus.com\/fr\/producto\/aromatherapie-futuriste-avec-marqueurs-detirement-usb-changement-de-couleur-telecommande\/","og_site_name":"Mystikus","article_modified_time":"2026-02-12T14:33:52+00:00","og_image":[{"width":2000,"height":2000,"url":"https:\/\/mystikus.com\/wp-content\/uploads\/2026\/02\/bG9jYWw6Ly9tZWRpYS8xSy82Qy82MFIzMEMxSjY4UjM2QzFLLzA0MjJhMTNmLmpwZw.jpg","type":"image\/jpeg"}],"twitter_card":"summary_large_image","schema":{"@context":"https:\/\/schema.org","@graph":[{"@type":"WebPage","@id":"https:\/\/mystikus.com\/fr\/producto\/aromatherapie-futuriste-avec-marqueurs-detirement-usb-changement-de-couleur-telecommande\/","url":"https:\/\/mystikus.com\/fr\/producto\/aromatherapie-futuriste-avec-marqueurs-detirement-usb-changement-de-couleur-telecommande\/","name":"Aromath\u00e9rapie futuriste avec marqueurs d'\u00e9tirement - USB - Changement de couleur - T\u00e9l\u00e9commande - Mystikus","isPartOf":{"@id":"https:\/\/mystikus.com\/#website"},"primaryImageOfPage":{"@id":"https:\/\/mystikus.com\/fr\/producto\/aromatherapie-futuriste-avec-marqueurs-detirement-usb-changement-de-couleur-telecommande\/#primaryimage"},"image":{"@id":"https:\/\/mystikus.com\/fr\/producto\/aromatherapie-futuriste-avec-marqueurs-detirement-usb-changement-de-couleur-telecommande\/#primaryimage"},"thumbnailUrl":"https:\/\/mystikus.com\/wp-content\/uploads\/2026\/02\/bG9jYWw6Ly9tZWRpYS8xSy82Qy82MFIzMEMxSjY4UjM2QzFLLzA0MjJhMTNmLmpwZw.jpg","datePublished":"2026-02-12T14:20:27+00:00","dateModified":"2026-02-12T14:33:52+00:00","breadcrumb":{"@id":"https:\/\/mystikus.com\/fr\/producto\/aromatherapie-futuriste-avec-marqueurs-detirement-usb-changement-de-couleur-telecommande\/#breadcrumb"},"inLanguage":"fr-FR","potentialAction":[{"@type":"ReadAction","target":["https:\/\/mystikus.com\/fr\/producto\/aromatherapie-futuriste-avec-marqueurs-detirement-usb-changement-de-couleur-telecommande\/"]}]},{"@type":"ImageObject","inLanguage":"fr-FR","@id":"https:\/\/mystikus.com\/fr\/producto\/aromatherapie-futuriste-avec-marqueurs-detirement-usb-changement-de-couleur-telecommande\/#primaryimage","url":"https:\/\/mystikus.com\/wp-content\/uploads\/2026\/02\/bG9jYWw6Ly9tZWRpYS8xSy82Qy82MFIzMEMxSjY4UjM2QzFLLzA0MjJhMTNmLmpwZw.jpg","contentUrl":"https:\/\/mystikus.com\/wp-content\/uploads\/2026\/02\/bG9jYWw6Ly9tZWRpYS8xSy82Qy82MFIzMEMxSjY4UjM2QzFLLzA0MjJhMTNmLmpwZw.jpg","width":2000,"height":2000},{"@type":"BreadcrumbList","@id":"https:\/\/mystikus.com\/fr\/producto\/aromatherapie-futuriste-avec-marqueurs-detirement-usb-changement-de-couleur-telecommande\/#breadcrumb","itemListElement":[{"@type":"ListItem","position":1,"name":"Portada","item":"https:\/\/mystikus.com\/fr\/accueil\/"},{"@type":"ListItem","position":2,"name":"Boutique","item":"https:\/\/mystikus.com\/fr\/boutique\/"},{"@type":"ListItem","position":3,"name":"Aromath\u00e9rapie futuriste avec marqueurs d&#8217;\u00e9tirement \u2013 USB \u2013 Changement de couleur \u2013 T\u00e9l\u00e9commande"}]},{"@type":"WebSite","@id":"https:\/\/mystikus.com\/#website","url":"https:\/\/mystikus.com\/","name":"Mystikus","description":"","publisher":{"@id":"https:\/\/mystikus.com\/#organization"},"potentialAction":[{"@type":"SearchAction","target":{"@type":"EntryPoint","urlTemplate":"https:\/\/mystikus.com\/?s={search_term_string}"},"query-input":{"@type":"PropertyValueSpecification","valueRequired":true,"valueName":"search_term_string"}}],"inLanguage":"fr-FR"},{"@type":"Organization","@id":"https:\/\/mystikus.com\/#organization","name":"Mystikus","url":"https:\/\/mystikus.com\/","logo":{"@type":"ImageObject","inLanguage":"fr-FR","@id":"https:\/\/mystikus.com\/#\/schema\/logo\/image\/","url":"https:\/\/mystikus.com\/wp-content\/uploads\/2025\/06\/logo-instgaram-shop.jpg","contentUrl":"https:\/\/mystikus.com\/wp-content\/uploads\/2025\/06\/logo-instgaram-shop.jpg","width":227,"height":227,"caption":"Mystikus"},"image":{"@id":"https:\/\/mystikus.com\/#\/schema\/logo\/image\/"}}]}},"_links":{"self":[{"href":"https:\/\/mystikus.com\/fr\/wp-json\/wp\/v2\/product\/28303","targetHints":{"allow":["GET"]}}],"collection":[{"href":"https:\/\/mystikus.com\/fr\/wp-json\/wp\/v2\/product"}],"about":[{"href":"https:\/\/mystikus.com\/fr\/wp-json\/wp\/v2\/types\/product"}],"replies":[{"embeddable":true,"href":"https:\/\/mystikus.com\/fr\/wp-json\/wp\/v2\/comments?post=28303"}],"wp:featuredmedia":[{"embeddable":true,"href":"https:\/\/mystikus.com\/fr\/wp-json\/wp\/v2\/media\/28471"}],"wp:attachment":[{"href":"https:\/\/mystikus.com\/fr\/wp-json\/wp\/v2\/media?parent=28303"}],"wp:term":[{"taxonomy":"product_brand","embeddable":true,"href":"https:\/\/mystikus.com\/fr\/wp-json\/wp\/v2\/product_brand?post=28303"},{"taxonomy":"product_cat","embeddable":true,"href":"https:\/\/mystikus.com\/fr\/wp-json\/wp\/v2\/product_cat?post=28303"},{"taxonomy":"product_tag","embeddable":true,"href":"https:\/\/mystikus.com\/fr\/wp-json\/wp\/v2\/product_tag?post=28303"}],"curies":[{"name":"wp","href":"https:\/\/api.w.org\/{rel}","templated":true}]}}