{"id":28305,"date":"2026-02-12T15:20:27","date_gmt":"2026-02-12T14:20:27","guid":{"rendered":"https:\/\/mystikus.com\/producto\/atomiseur-viennois-enceinte-bluetooth-usb-changement-de-couleur-minuterie\/"},"modified":"2026-02-12T15:33:50","modified_gmt":"2026-02-12T14:33:50","slug":"atomiseur-viennois-enceinte-bluetooth-usb-changement-de-couleur-minuterie","status":"publish","type":"product","link":"https:\/\/mystikus.com\/fr\/producto\/atomiseur-viennois-enceinte-bluetooth-usb-changement-de-couleur-minuterie\/","title":{"rendered":"Atomiseur viennois \u2013 Enceinte Bluetooth \u2013 USB \u2013 Changement de couleur \u2013 Minuterie"},"content":{"rendered":"<p>Les diffuseurs d&rsquo;ar\u00f4mes Viennese Atomiser sont intemporels et \u00e9l\u00e9gants. Ils vous permettent de parfumer votre pi\u00e8ce ou votre bureau sans parfum ni fum\u00e9e. Ajoutez simplement un peu d&rsquo;eau et votre huile essentielle ou parfum\u00e9e pr\u00e9f\u00e9r\u00e9e pour une exp\u00e9rience olfactive instantan\u00e9e. <\/p>\n<p>Le diffuseur d&rsquo;ar\u00f4mes utilise un moteur \u00e0 ultrasons pour pomper l&rsquo;eau, ce qui le rend tr\u00e8s silencieux pendant l&rsquo;utilisation. Il est dot\u00e9 d&rsquo;une lumi\u00e8re d&rsquo;ambiance \u00e0 couleur changeante et peut \u00eatre utilis\u00e9 comme simple humidificateur.  Il comprend \u00e9galement un haut-parleur Bluetooth, ce qui vous permet de cr\u00e9er l&rsquo;atmosph\u00e8re que vous souhaitez.<\/p>\n<p>Les diffuseurs d&rsquo;ar\u00f4mes sont tr\u00e8s faciles \u00e0 utiliser et \u00e0 entretenir. Il suffit de les remplir occasionnellement avec une petite quantit\u00e9 d&rsquo;eau et quelques gouttes d&rsquo;huile parfum\u00e9e.<\/p>\n<p>Profitez de vos ventes d&rsquo;huiles essentielles !<\/p>\n<p><\/p>\n<p style=\"text-align: center\"><strong>Capacit\u00e9 du r\u00e9servoir 300ml<\/strong><\/p>\n<p style=\"text-align: center\"><strong>Lumi\u00e8re LED \u2013 7 pi\u00e8ces<\/strong><\/p>\n<p style=\"text-align: center\"><strong>Alimentation par USB (longueur du c\u00e2ble 100 cm)<\/strong><\/p>\n<p style=\"text-align: center\"><strong>Arr\u00eat automatique en cas d&rsquo;\u00e9puisement de l&rsquo;eau<\/strong><\/p>\n<p style=\"text-align: center\"><strong>Minuterie 2-4-8-16 heures<\/strong><\/p>\n<p style=\"text-align: center\"><strong>Hauteur : 15 cm, diam\u00e8tre : 15,5 cm, poids 350 g<\/strong><\/p>\n","protected":false},"excerpt":{"rendered":"<p>Les diffuseurs d&rsquo;ar\u00f4mes Viennese Atomiser sont intemporels et \u00e9l\u00e9gants. Ils vous permettent de parfumer votre pi\u00e8ce ou votre bureau sans parfum ni fum\u00e9e. Ajoutez simplement un peu d&rsquo;eau et votre huile essentielle ou parfum\u00e9e pr\u00e9f\u00e9r\u00e9e pour une exp\u00e9rience olfactive instantan\u00e9e. <\/p>\n<p>Le diffuseur d&rsquo;ar\u00f4mes utilise un moteur \u00e0 ultrasons pour pomper l&rsquo;eau, ce qui le rend tr\u00e8s silencieux pendant l&rsquo;utilisation. Il est dot\u00e9 d&rsquo;une lumi\u00e8re d&rsquo;ambiance \u00e0 couleur changeante et peut \u00eatre utilis\u00e9 comme simple humidificateur.  Il comprend \u00e9galement un haut-parleur Bluetooth, ce qui vous permet de cr\u00e9er l&rsquo;atmosph\u00e8re que vous souhaitez.<\/p>\n<p>Les diffuseurs d&rsquo;ar\u00f4mes sont tr\u00e8s faciles \u00e0 utiliser et \u00e0 entretenir. Il suffit de les remplir occasionnellement avec une petite quantit\u00e9 d&rsquo;eau et quelques gouttes d&rsquo;huile parfum\u00e9e.<\/p>\n<p>Profitez de vos ventes d&rsquo;huiles essentielles !<\/p>\n<p><\/p>\n<p style=\"text-align: center\"><strong>Capacit\u00e9 du r\u00e9servoir 300ml<\/strong><\/p>\n<p style=\"text-align: center\"><strong>Lumi\u00e8re LED \u2013 7 pi\u00e8ces<\/strong><\/p>\n<p style=\"text-align: center\"><strong>Alimentation par USB (longueur du c\u00e2ble 100 cm)<\/strong><\/p>\n<p style=\"text-align: center\"><strong>Arr\u00eat automatique en cas d&rsquo;\u00e9puisement de l&rsquo;eau<\/strong><\/p>\n<p style=\"text-align: center\"><strong>Minuterie 2-4-8-16 heures<\/strong><\/p>\n<p style=\"text-align: center\"><strong>Hauteur : 15 cm, diam\u00e8tre : 15,5 cm, poids 350 g<\/strong><\/p>\n","protected":false},"featured_media":28468,"comment_status":"open","ping_status":"closed","template":"","meta":[],"product_brand":[],"product_cat":[278,118],"product_tag":[],"class_list":{"0":"post-28305","1":"product","2":"type-product","3":"status-publish","4":"has-post-thumbnail","6":"product_cat-diffuseurs","7":"product_cat-encens-et-aromes","9":"first","10":"instock","11":"shipping-taxable","12":"purchasable","13":"product-type-simple"},"yoast_head":"<!-- This site is optimized with the Yoast SEO plugin v27.2 - https:\/\/yoast.com\/product\/yoast-seo-wordpress\/ -->\n<title>Atomiseur viennois - Enceinte Bluetooth - USB - Changement de couleur - Minuterie - Mystikus<\/title>\n<meta name=\"robots\" content=\"index, follow, max-snippet:-1, max-image-preview:large, max-video-preview:-1\" \/>\n<link rel=\"canonical\" href=\"https:\/\/mystikus.com\/fr\/producto\/atomiseur-viennois-enceinte-bluetooth-usb-changement-de-couleur-minuterie\/\" \/>\n<meta property=\"og:locale\" content=\"fr_FR\" \/>\n<meta property=\"og:type\" content=\"article\" \/>\n<meta property=\"og:title\" content=\"Atomiseur viennois - Enceinte Bluetooth - USB - Changement de couleur - Minuterie - Mystikus\" \/>\n<meta property=\"og:description\" content=\"Les diffuseurs d&#039;ar\u00f4mes Viennese Atomiser sont intemporels et \u00e9l\u00e9gants. Ils vous permettent de parfumer votre pi\u00e8ce ou votre bureau sans parfum ni fum\u00e9e. Ajoutez simplement un peu d&#039;eau et votre huile essentielle ou parfum\u00e9e pr\u00e9f\u00e9r\u00e9e pour une exp\u00e9rience olfactive instantan\u00e9e. Le diffuseur d&#039;ar\u00f4mes utilise un moteur \u00e0 ultrasons pour pomper l&#039;eau, ce qui le rend tr\u00e8s silencieux pendant l&#039;utilisation. Il est dot\u00e9 d&#039;une lumi\u00e8re d&#039;ambiance \u00e0 couleur changeante et peut \u00eatre utilis\u00e9 comme simple humidificateur. Il comprend \u00e9galement un haut-parleur Bluetooth, ce qui vous permet de cr\u00e9er l&#039;atmosph\u00e8re que vous souhaitez.Les diffuseurs d&#039;ar\u00f4mes sont tr\u00e8s faciles \u00e0 utiliser et \u00e0 entretenir. Il suffit de les remplir occasionnellement avec une petite quantit\u00e9 d&#039;eau et quelques gouttes d&#039;huile parfum\u00e9e.Profitez de vos ventes d&#039;huiles essentielles !Capacit\u00e9 du r\u00e9servoir 300mlLumi\u00e8re LED - 7 pi\u00e8cesAlimentation par USB (longueur du c\u00e2ble 100 cm)Arr\u00eat automatique en cas d&#039;\u00e9puisement de l&#039;eauMinuterie 2-4-8-16 heuresHauteur : 15 cm, diam\u00e8tre : 15,5 cm, poids 350 g\" \/>\n<meta property=\"og:url\" content=\"https:\/\/mystikus.com\/fr\/producto\/atomiseur-viennois-enceinte-bluetooth-usb-changement-de-couleur-minuterie\/\" \/>\n<meta property=\"og:site_name\" content=\"Mystikus\" \/>\n<meta property=\"article:modified_time\" content=\"2026-02-12T14:33:50+00:00\" \/>\n<meta property=\"og:image\" content=\"https:\/\/mystikus.com\/wp-content\/uploads\/2026\/02\/bG9jYWw6Ly9tZWRpYS85TS9DRC82MFIzMEMxRzZNVktDRDlNL2UyN2RiZWZkLmpwZWc.jpg\" \/>\n\t<meta property=\"og:image:width\" content=\"1110\" \/>\n\t<meta property=\"og:image:height\" content=\"1110\" \/>\n\t<meta property=\"og:image:type\" content=\"image\/jpeg\" \/>\n<meta name=\"twitter:card\" content=\"summary_large_image\" \/>\n<meta name=\"twitter:label1\" content=\"Dur\u00e9e de lecture estim\u00e9e\" \/>\n\t<meta name=\"twitter:data1\" content=\"1 minute\" \/>\n<script type=\"application\/ld+json\" class=\"yoast-schema-graph\">{\"@context\":\"https:\/\/schema.org\",\"@graph\":[{\"@type\":\"WebPage\",\"@id\":\"https:\/\/mystikus.com\/fr\/producto\/atomiseur-viennois-enceinte-bluetooth-usb-changement-de-couleur-minuterie\/\",\"url\":\"https:\/\/mystikus.com\/fr\/producto\/atomiseur-viennois-enceinte-bluetooth-usb-changement-de-couleur-minuterie\/\",\"name\":\"Atomiseur viennois - Enceinte Bluetooth - USB - Changement de couleur - Minuterie - Mystikus\",\"isPartOf\":{\"@id\":\"https:\/\/mystikus.com\/#website\"},\"primaryImageOfPage\":{\"@id\":\"https:\/\/mystikus.com\/fr\/producto\/atomiseur-viennois-enceinte-bluetooth-usb-changement-de-couleur-minuterie\/#primaryimage\"},\"image\":{\"@id\":\"https:\/\/mystikus.com\/fr\/producto\/atomiseur-viennois-enceinte-bluetooth-usb-changement-de-couleur-minuterie\/#primaryimage\"},\"thumbnailUrl\":\"https:\/\/mystikus.com\/wp-content\/uploads\/2026\/02\/bG9jYWw6Ly9tZWRpYS85TS9DRC82MFIzMEMxRzZNVktDRDlNL2UyN2RiZWZkLmpwZWc.jpg\",\"datePublished\":\"2026-02-12T14:20:27+00:00\",\"dateModified\":\"2026-02-12T14:33:50+00:00\",\"breadcrumb\":{\"@id\":\"https:\/\/mystikus.com\/fr\/producto\/atomiseur-viennois-enceinte-bluetooth-usb-changement-de-couleur-minuterie\/#breadcrumb\"},\"inLanguage\":\"fr-FR\",\"potentialAction\":[{\"@type\":\"ReadAction\",\"target\":[\"https:\/\/mystikus.com\/fr\/producto\/atomiseur-viennois-enceinte-bluetooth-usb-changement-de-couleur-minuterie\/\"]}]},{\"@type\":\"ImageObject\",\"inLanguage\":\"fr-FR\",\"@id\":\"https:\/\/mystikus.com\/fr\/producto\/atomiseur-viennois-enceinte-bluetooth-usb-changement-de-couleur-minuterie\/#primaryimage\",\"url\":\"https:\/\/mystikus.com\/wp-content\/uploads\/2026\/02\/bG9jYWw6Ly9tZWRpYS85TS9DRC82MFIzMEMxRzZNVktDRDlNL2UyN2RiZWZkLmpwZWc.jpg\",\"contentUrl\":\"https:\/\/mystikus.com\/wp-content\/uploads\/2026\/02\/bG9jYWw6Ly9tZWRpYS85TS9DRC82MFIzMEMxRzZNVktDRDlNL2UyN2RiZWZkLmpwZWc.jpg\",\"width\":1110,\"height\":1110},{\"@type\":\"BreadcrumbList\",\"@id\":\"https:\/\/mystikus.com\/fr\/producto\/atomiseur-viennois-enceinte-bluetooth-usb-changement-de-couleur-minuterie\/#breadcrumb\",\"itemListElement\":[{\"@type\":\"ListItem\",\"position\":1,\"name\":\"Portada\",\"item\":\"https:\/\/mystikus.com\/fr\/accueil\/\"},{\"@type\":\"ListItem\",\"position\":2,\"name\":\"Boutique\",\"item\":\"https:\/\/mystikus.com\/fr\/boutique\/\"},{\"@type\":\"ListItem\",\"position\":3,\"name\":\"Atomiseur viennois &#8211; Enceinte Bluetooth &#8211; USB &#8211; Changement de couleur &#8211; Minuterie\"}]},{\"@type\":\"WebSite\",\"@id\":\"https:\/\/mystikus.com\/#website\",\"url\":\"https:\/\/mystikus.com\/\",\"name\":\"Mystikus\",\"description\":\"\",\"publisher\":{\"@id\":\"https:\/\/mystikus.com\/#organization\"},\"potentialAction\":[{\"@type\":\"SearchAction\",\"target\":{\"@type\":\"EntryPoint\",\"urlTemplate\":\"https:\/\/mystikus.com\/?s={search_term_string}\"},\"query-input\":{\"@type\":\"PropertyValueSpecification\",\"valueRequired\":true,\"valueName\":\"search_term_string\"}}],\"inLanguage\":\"fr-FR\"},{\"@type\":\"Organization\",\"@id\":\"https:\/\/mystikus.com\/#organization\",\"name\":\"Mystikus\",\"url\":\"https:\/\/mystikus.com\/\",\"logo\":{\"@type\":\"ImageObject\",\"inLanguage\":\"fr-FR\",\"@id\":\"https:\/\/mystikus.com\/#\/schema\/logo\/image\/\",\"url\":\"https:\/\/mystikus.com\/wp-content\/uploads\/2025\/06\/logo-instgaram-shop.jpg\",\"contentUrl\":\"https:\/\/mystikus.com\/wp-content\/uploads\/2025\/06\/logo-instgaram-shop.jpg\",\"width\":227,\"height\":227,\"caption\":\"Mystikus\"},\"image\":{\"@id\":\"https:\/\/mystikus.com\/#\/schema\/logo\/image\/\"}}]}<\/script>\n<!-- \/ Yoast SEO plugin. -->","yoast_head_json":{"title":"Atomiseur viennois - Enceinte Bluetooth - USB - Changement de couleur - Minuterie - Mystikus","robots":{"index":"index","follow":"follow","max-snippet":"max-snippet:-1","max-image-preview":"max-image-preview:large","max-video-preview":"max-video-preview:-1"},"canonical":"https:\/\/mystikus.com\/fr\/producto\/atomiseur-viennois-enceinte-bluetooth-usb-changement-de-couleur-minuterie\/","og_locale":"fr_FR","og_type":"article","og_title":"Atomiseur viennois - Enceinte Bluetooth - USB - Changement de couleur - Minuterie - Mystikus","og_description":"Les diffuseurs d'ar\u00f4mes Viennese Atomiser sont intemporels et \u00e9l\u00e9gants. Ils vous permettent de parfumer votre pi\u00e8ce ou votre bureau sans parfum ni fum\u00e9e. Ajoutez simplement un peu d'eau et votre huile essentielle ou parfum\u00e9e pr\u00e9f\u00e9r\u00e9e pour une exp\u00e9rience olfactive instantan\u00e9e. Le diffuseur d'ar\u00f4mes utilise un moteur \u00e0 ultrasons pour pomper l'eau, ce qui le rend tr\u00e8s silencieux pendant l'utilisation. Il est dot\u00e9 d'une lumi\u00e8re d'ambiance \u00e0 couleur changeante et peut \u00eatre utilis\u00e9 comme simple humidificateur. Il comprend \u00e9galement un haut-parleur Bluetooth, ce qui vous permet de cr\u00e9er l'atmosph\u00e8re que vous souhaitez.Les diffuseurs d'ar\u00f4mes sont tr\u00e8s faciles \u00e0 utiliser et \u00e0 entretenir. Il suffit de les remplir occasionnellement avec une petite quantit\u00e9 d'eau et quelques gouttes d'huile parfum\u00e9e.Profitez de vos ventes d'huiles essentielles !Capacit\u00e9 du r\u00e9servoir 300mlLumi\u00e8re LED - 7 pi\u00e8cesAlimentation par USB (longueur du c\u00e2ble 100 cm)Arr\u00eat automatique en cas d'\u00e9puisement de l'eauMinuterie 2-4-8-16 heuresHauteur : 15 cm, diam\u00e8tre : 15,5 cm, poids 350 g","og_url":"https:\/\/mystikus.com\/fr\/producto\/atomiseur-viennois-enceinte-bluetooth-usb-changement-de-couleur-minuterie\/","og_site_name":"Mystikus","article_modified_time":"2026-02-12T14:33:50+00:00","og_image":[{"width":1110,"height":1110,"url":"https:\/\/mystikus.com\/wp-content\/uploads\/2026\/02\/bG9jYWw6Ly9tZWRpYS85TS9DRC82MFIzMEMxRzZNVktDRDlNL2UyN2RiZWZkLmpwZWc.jpg","type":"image\/jpeg"}],"twitter_card":"summary_large_image","twitter_misc":{"Dur\u00e9e de lecture estim\u00e9e":"1 minute"},"schema":{"@context":"https:\/\/schema.org","@graph":[{"@type":"WebPage","@id":"https:\/\/mystikus.com\/fr\/producto\/atomiseur-viennois-enceinte-bluetooth-usb-changement-de-couleur-minuterie\/","url":"https:\/\/mystikus.com\/fr\/producto\/atomiseur-viennois-enceinte-bluetooth-usb-changement-de-couleur-minuterie\/","name":"Atomiseur viennois - Enceinte Bluetooth - USB - Changement de couleur - Minuterie - Mystikus","isPartOf":{"@id":"https:\/\/mystikus.com\/#website"},"primaryImageOfPage":{"@id":"https:\/\/mystikus.com\/fr\/producto\/atomiseur-viennois-enceinte-bluetooth-usb-changement-de-couleur-minuterie\/#primaryimage"},"image":{"@id":"https:\/\/mystikus.com\/fr\/producto\/atomiseur-viennois-enceinte-bluetooth-usb-changement-de-couleur-minuterie\/#primaryimage"},"thumbnailUrl":"https:\/\/mystikus.com\/wp-content\/uploads\/2026\/02\/bG9jYWw6Ly9tZWRpYS85TS9DRC82MFIzMEMxRzZNVktDRDlNL2UyN2RiZWZkLmpwZWc.jpg","datePublished":"2026-02-12T14:20:27+00:00","dateModified":"2026-02-12T14:33:50+00:00","breadcrumb":{"@id":"https:\/\/mystikus.com\/fr\/producto\/atomiseur-viennois-enceinte-bluetooth-usb-changement-de-couleur-minuterie\/#breadcrumb"},"inLanguage":"fr-FR","potentialAction":[{"@type":"ReadAction","target":["https:\/\/mystikus.com\/fr\/producto\/atomiseur-viennois-enceinte-bluetooth-usb-changement-de-couleur-minuterie\/"]}]},{"@type":"ImageObject","inLanguage":"fr-FR","@id":"https:\/\/mystikus.com\/fr\/producto\/atomiseur-viennois-enceinte-bluetooth-usb-changement-de-couleur-minuterie\/#primaryimage","url":"https:\/\/mystikus.com\/wp-content\/uploads\/2026\/02\/bG9jYWw6Ly9tZWRpYS85TS9DRC82MFIzMEMxRzZNVktDRDlNL2UyN2RiZWZkLmpwZWc.jpg","contentUrl":"https:\/\/mystikus.com\/wp-content\/uploads\/2026\/02\/bG9jYWw6Ly9tZWRpYS85TS9DRC82MFIzMEMxRzZNVktDRDlNL2UyN2RiZWZkLmpwZWc.jpg","width":1110,"height":1110},{"@type":"BreadcrumbList","@id":"https:\/\/mystikus.com\/fr\/producto\/atomiseur-viennois-enceinte-bluetooth-usb-changement-de-couleur-minuterie\/#breadcrumb","itemListElement":[{"@type":"ListItem","position":1,"name":"Portada","item":"https:\/\/mystikus.com\/fr\/accueil\/"},{"@type":"ListItem","position":2,"name":"Boutique","item":"https:\/\/mystikus.com\/fr\/boutique\/"},{"@type":"ListItem","position":3,"name":"Atomiseur viennois &#8211; Enceinte Bluetooth &#8211; USB &#8211; Changement de couleur &#8211; Minuterie"}]},{"@type":"WebSite","@id":"https:\/\/mystikus.com\/#website","url":"https:\/\/mystikus.com\/","name":"Mystikus","description":"","publisher":{"@id":"https:\/\/mystikus.com\/#organization"},"potentialAction":[{"@type":"SearchAction","target":{"@type":"EntryPoint","urlTemplate":"https:\/\/mystikus.com\/?s={search_term_string}"},"query-input":{"@type":"PropertyValueSpecification","valueRequired":true,"valueName":"search_term_string"}}],"inLanguage":"fr-FR"},{"@type":"Organization","@id":"https:\/\/mystikus.com\/#organization","name":"Mystikus","url":"https:\/\/mystikus.com\/","logo":{"@type":"ImageObject","inLanguage":"fr-FR","@id":"https:\/\/mystikus.com\/#\/schema\/logo\/image\/","url":"https:\/\/mystikus.com\/wp-content\/uploads\/2025\/06\/logo-instgaram-shop.jpg","contentUrl":"https:\/\/mystikus.com\/wp-content\/uploads\/2025\/06\/logo-instgaram-shop.jpg","width":227,"height":227,"caption":"Mystikus"},"image":{"@id":"https:\/\/mystikus.com\/#\/schema\/logo\/image\/"}}]}},"_links":{"self":[{"href":"https:\/\/mystikus.com\/fr\/wp-json\/wp\/v2\/product\/28305","targetHints":{"allow":["GET"]}}],"collection":[{"href":"https:\/\/mystikus.com\/fr\/wp-json\/wp\/v2\/product"}],"about":[{"href":"https:\/\/mystikus.com\/fr\/wp-json\/wp\/v2\/types\/product"}],"replies":[{"embeddable":true,"href":"https:\/\/mystikus.com\/fr\/wp-json\/wp\/v2\/comments?post=28305"}],"wp:featuredmedia":[{"embeddable":true,"href":"https:\/\/mystikus.com\/fr\/wp-json\/wp\/v2\/media\/28468"}],"wp:attachment":[{"href":"https:\/\/mystikus.com\/fr\/wp-json\/wp\/v2\/media?parent=28305"}],"wp:term":[{"taxonomy":"product_brand","embeddable":true,"href":"https:\/\/mystikus.com\/fr\/wp-json\/wp\/v2\/product_brand?post=28305"},{"taxonomy":"product_cat","embeddable":true,"href":"https:\/\/mystikus.com\/fr\/wp-json\/wp\/v2\/product_cat?post=28305"},{"taxonomy":"product_tag","embeddable":true,"href":"https:\/\/mystikus.com\/fr\/wp-json\/wp\/v2\/product_tag?post=28305"}],"curies":[{"name":"wp","href":"https:\/\/api.w.org\/{rel}","templated":true}]}}