{"id":28882,"date":"2026-02-12T15:57:13","date_gmt":"2026-02-12T14:57:13","guid":{"rendered":"https:\/\/mystikus.com\/producto\/porte-encens-polyvalent-bouddha-ceramique-rouge-tendre\/"},"modified":"2026-02-12T15:57:13","modified_gmt":"2026-02-12T14:57:13","slug":"porte-encens-polyvalent-bouddha-ceramique-rouge-tendre","status":"publish","type":"product","link":"https:\/\/mystikus.com\/fr\/producto\/porte-encens-polyvalent-bouddha-ceramique-rouge-tendre\/","title":{"rendered":"Porte-encens polyvalent Bouddha \u2013 c\u00e9ramique rouge tendre"},"content":{"rendered":"<p>Ajoutez de la chaleur et de la profondeur \u00e0 toute pr\u00e9sentation d&rsquo;encens ou de pleine conscience avec cette plaque d&rsquo;encens Bouddha en c\u00e9ramique rouge tendre. Riche en tonalit\u00e9s et discr\u00e8tement expressif, il apporte un sentiment d&rsquo;enracinement et de tradition aux espaces spirituels et de bien-\u00eatre. <\/p>\n","protected":false},"excerpt":{"rendered":"<p>Ajoutez de la chaleur et de la profondeur \u00e0 toute pr\u00e9sentation d&rsquo;encens ou de pleine conscience avec cette plaque d&rsquo;encens Bouddha en c\u00e9ramique rouge tendre. Riche en tonalit\u00e9s et discr\u00e8tement expressif, il apporte un sentiment d&rsquo;enracinement et de tradition aux espaces spirituels et de bien-\u00eatre. <\/p>\n","protected":false},"featured_media":28822,"comment_status":"open","ping_status":"closed","template":"","meta":[],"product_brand":[],"product_cat":[101],"product_tag":[],"class_list":{"0":"post-28882","1":"product","2":"type-product","3":"status-publish","4":"has-post-thumbnail","6":"product_cat-non-categorise","8":"first","9":"instock","10":"shipping-taxable","11":"purchasable","12":"product-type-simple"},"yoast_head":"<!-- This site is optimized with the Yoast SEO plugin v27.2 - https:\/\/yoast.com\/product\/yoast-seo-wordpress\/ -->\n<title>Porte-encens polyvalent Bouddha - c\u00e9ramique rouge tendre - Mystikus<\/title>\n<meta name=\"robots\" content=\"index, follow, max-snippet:-1, max-image-preview:large, max-video-preview:-1\" \/>\n<link rel=\"canonical\" href=\"https:\/\/mystikus.com\/producto\/porte-encens-polyvalent-bouddha-ceramique-rouge-tendre\/\" \/>\n<meta property=\"og:locale\" content=\"fr_FR\" \/>\n<meta property=\"og:type\" content=\"article\" \/>\n<meta property=\"og:title\" content=\"Porte-encens polyvalent Bouddha - c\u00e9ramique rouge tendre - Mystikus\" \/>\n<meta property=\"og:description\" content=\"Ajoutez de la chaleur et de la profondeur \u00e0 toute pr\u00e9sentation d&#039;encens ou de pleine conscience avec cette plaque d&#039;encens Bouddha en c\u00e9ramique rouge tendre. Riche en tonalit\u00e9s et discr\u00e8tement expressif, il apporte un sentiment d&#039;enracinement et de tradition aux espaces spirituels et de bien-\u00eatre.\" \/>\n<meta property=\"og:url\" content=\"https:\/\/mystikus.com\/producto\/porte-encens-polyvalent-bouddha-ceramique-rouge-tendre\/\" \/>\n<meta property=\"og:site_name\" content=\"Mystikus\" \/>\n<meta name=\"twitter:card\" content=\"summary_large_image\" \/>\n<script type=\"application\/ld+json\" class=\"yoast-schema-graph\">{\"@context\":\"https:\/\/schema.org\",\"@graph\":[{\"@type\":\"WebPage\",\"@id\":\"https:\/\/mystikus.com\/producto\/porte-encens-polyvalent-bouddha-ceramique-rouge-tendre\/\",\"url\":\"https:\/\/mystikus.com\/producto\/porte-encens-polyvalent-bouddha-ceramique-rouge-tendre\/\",\"name\":\"Porte-encens polyvalent Bouddha - c\u00e9ramique rouge tendre - Mystikus\",\"isPartOf\":{\"@id\":\"https:\/\/mystikus.com\/#website\"},\"primaryImageOfPage\":{\"@id\":\"https:\/\/mystikus.com\/producto\/porte-encens-polyvalent-bouddha-ceramique-rouge-tendre\/#primaryimage\"},\"image\":{\"@id\":\"https:\/\/mystikus.com\/producto\/porte-encens-polyvalent-bouddha-ceramique-rouge-tendre\/#primaryimage\"},\"thumbnailUrl\":\"https:\/\/mystikus.com\/wp-content\/uploads\/2026\/02\/bG9jYWw6Ly9tZWRpYS8xUC9DQy82MFIzMEMxSjY0VjNDQzFQLzE1MWRkNGYxLmpwZw.jpg\",\"datePublished\":\"2026-02-12T14:57:13+00:00\",\"breadcrumb\":{\"@id\":\"https:\/\/mystikus.com\/producto\/porte-encens-polyvalent-bouddha-ceramique-rouge-tendre\/#breadcrumb\"},\"inLanguage\":\"fr-FR\",\"potentialAction\":[{\"@type\":\"ReadAction\",\"target\":[\"https:\/\/mystikus.com\/producto\/porte-encens-polyvalent-bouddha-ceramique-rouge-tendre\/\"]}]},{\"@type\":\"ImageObject\",\"inLanguage\":\"fr-FR\",\"@id\":\"https:\/\/mystikus.com\/producto\/porte-encens-polyvalent-bouddha-ceramique-rouge-tendre\/#primaryimage\",\"url\":\"https:\/\/mystikus.com\/wp-content\/uploads\/2026\/02\/bG9jYWw6Ly9tZWRpYS8xUC9DQy82MFIzMEMxSjY0VjNDQzFQLzE1MWRkNGYxLmpwZw.jpg\",\"contentUrl\":\"https:\/\/mystikus.com\/wp-content\/uploads\/2026\/02\/bG9jYWw6Ly9tZWRpYS8xUC9DQy82MFIzMEMxSjY0VjNDQzFQLzE1MWRkNGYxLmpwZw.jpg\",\"width\":2000,\"height\":2000},{\"@type\":\"BreadcrumbList\",\"@id\":\"https:\/\/mystikus.com\/producto\/porte-encens-polyvalent-bouddha-ceramique-rouge-tendre\/#breadcrumb\",\"itemListElement\":[{\"@type\":\"ListItem\",\"position\":1,\"name\":\"Portada\",\"item\":\"https:\/\/mystikus.com\/fr\/accueil\/\"},{\"@type\":\"ListItem\",\"position\":2,\"name\":\"Boutique\",\"item\":\"https:\/\/mystikus.com\/fr\/boutique\/\"},{\"@type\":\"ListItem\",\"position\":3,\"name\":\"Porte-encens polyvalent Bouddha \u2013 c\u00e9ramique rouge tendre\"}]},{\"@type\":\"WebSite\",\"@id\":\"https:\/\/mystikus.com\/#website\",\"url\":\"https:\/\/mystikus.com\/\",\"name\":\"Mystikus\",\"description\":\"\",\"publisher\":{\"@id\":\"https:\/\/mystikus.com\/#organization\"},\"potentialAction\":[{\"@type\":\"SearchAction\",\"target\":{\"@type\":\"EntryPoint\",\"urlTemplate\":\"https:\/\/mystikus.com\/?s={search_term_string}\"},\"query-input\":{\"@type\":\"PropertyValueSpecification\",\"valueRequired\":true,\"valueName\":\"search_term_string\"}}],\"inLanguage\":\"fr-FR\"},{\"@type\":\"Organization\",\"@id\":\"https:\/\/mystikus.com\/#organization\",\"name\":\"Mystikus\",\"url\":\"https:\/\/mystikus.com\/\",\"logo\":{\"@type\":\"ImageObject\",\"inLanguage\":\"fr-FR\",\"@id\":\"https:\/\/mystikus.com\/#\/schema\/logo\/image\/\",\"url\":\"https:\/\/mystikus.com\/wp-content\/uploads\/2025\/06\/logo-instgaram-shop.jpg\",\"contentUrl\":\"https:\/\/mystikus.com\/wp-content\/uploads\/2025\/06\/logo-instgaram-shop.jpg\",\"width\":227,\"height\":227,\"caption\":\"Mystikus\"},\"image\":{\"@id\":\"https:\/\/mystikus.com\/#\/schema\/logo\/image\/\"}}]}<\/script>\n<!-- \/ Yoast SEO plugin. -->","yoast_head_json":{"title":"Porte-encens polyvalent Bouddha - c\u00e9ramique rouge tendre - Mystikus","robots":{"index":"index","follow":"follow","max-snippet":"max-snippet:-1","max-image-preview":"max-image-preview:large","max-video-preview":"max-video-preview:-1"},"canonical":"https:\/\/mystikus.com\/producto\/porte-encens-polyvalent-bouddha-ceramique-rouge-tendre\/","og_locale":"fr_FR","og_type":"article","og_title":"Porte-encens polyvalent Bouddha - c\u00e9ramique rouge tendre - Mystikus","og_description":"Ajoutez de la chaleur et de la profondeur \u00e0 toute pr\u00e9sentation d'encens ou de pleine conscience avec cette plaque d'encens Bouddha en c\u00e9ramique rouge tendre. Riche en tonalit\u00e9s et discr\u00e8tement expressif, il apporte un sentiment d'enracinement et de tradition aux espaces spirituels et de bien-\u00eatre.","og_url":"https:\/\/mystikus.com\/producto\/porte-encens-polyvalent-bouddha-ceramique-rouge-tendre\/","og_site_name":"Mystikus","twitter_card":"summary_large_image","schema":{"@context":"https:\/\/schema.org","@graph":[{"@type":"WebPage","@id":"https:\/\/mystikus.com\/producto\/porte-encens-polyvalent-bouddha-ceramique-rouge-tendre\/","url":"https:\/\/mystikus.com\/producto\/porte-encens-polyvalent-bouddha-ceramique-rouge-tendre\/","name":"Porte-encens polyvalent Bouddha - c\u00e9ramique rouge tendre - Mystikus","isPartOf":{"@id":"https:\/\/mystikus.com\/#website"},"primaryImageOfPage":{"@id":"https:\/\/mystikus.com\/producto\/porte-encens-polyvalent-bouddha-ceramique-rouge-tendre\/#primaryimage"},"image":{"@id":"https:\/\/mystikus.com\/producto\/porte-encens-polyvalent-bouddha-ceramique-rouge-tendre\/#primaryimage"},"thumbnailUrl":"https:\/\/mystikus.com\/wp-content\/uploads\/2026\/02\/bG9jYWw6Ly9tZWRpYS8xUC9DQy82MFIzMEMxSjY0VjNDQzFQLzE1MWRkNGYxLmpwZw.jpg","datePublished":"2026-02-12T14:57:13+00:00","breadcrumb":{"@id":"https:\/\/mystikus.com\/producto\/porte-encens-polyvalent-bouddha-ceramique-rouge-tendre\/#breadcrumb"},"inLanguage":"fr-FR","potentialAction":[{"@type":"ReadAction","target":["https:\/\/mystikus.com\/producto\/porte-encens-polyvalent-bouddha-ceramique-rouge-tendre\/"]}]},{"@type":"ImageObject","inLanguage":"fr-FR","@id":"https:\/\/mystikus.com\/producto\/porte-encens-polyvalent-bouddha-ceramique-rouge-tendre\/#primaryimage","url":"https:\/\/mystikus.com\/wp-content\/uploads\/2026\/02\/bG9jYWw6Ly9tZWRpYS8xUC9DQy82MFIzMEMxSjY0VjNDQzFQLzE1MWRkNGYxLmpwZw.jpg","contentUrl":"https:\/\/mystikus.com\/wp-content\/uploads\/2026\/02\/bG9jYWw6Ly9tZWRpYS8xUC9DQy82MFIzMEMxSjY0VjNDQzFQLzE1MWRkNGYxLmpwZw.jpg","width":2000,"height":2000},{"@type":"BreadcrumbList","@id":"https:\/\/mystikus.com\/producto\/porte-encens-polyvalent-bouddha-ceramique-rouge-tendre\/#breadcrumb","itemListElement":[{"@type":"ListItem","position":1,"name":"Portada","item":"https:\/\/mystikus.com\/fr\/accueil\/"},{"@type":"ListItem","position":2,"name":"Boutique","item":"https:\/\/mystikus.com\/fr\/boutique\/"},{"@type":"ListItem","position":3,"name":"Porte-encens polyvalent Bouddha \u2013 c\u00e9ramique rouge tendre"}]},{"@type":"WebSite","@id":"https:\/\/mystikus.com\/#website","url":"https:\/\/mystikus.com\/","name":"Mystikus","description":"","publisher":{"@id":"https:\/\/mystikus.com\/#organization"},"potentialAction":[{"@type":"SearchAction","target":{"@type":"EntryPoint","urlTemplate":"https:\/\/mystikus.com\/?s={search_term_string}"},"query-input":{"@type":"PropertyValueSpecification","valueRequired":true,"valueName":"search_term_string"}}],"inLanguage":"fr-FR"},{"@type":"Organization","@id":"https:\/\/mystikus.com\/#organization","name":"Mystikus","url":"https:\/\/mystikus.com\/","logo":{"@type":"ImageObject","inLanguage":"fr-FR","@id":"https:\/\/mystikus.com\/#\/schema\/logo\/image\/","url":"https:\/\/mystikus.com\/wp-content\/uploads\/2025\/06\/logo-instgaram-shop.jpg","contentUrl":"https:\/\/mystikus.com\/wp-content\/uploads\/2025\/06\/logo-instgaram-shop.jpg","width":227,"height":227,"caption":"Mystikus"},"image":{"@id":"https:\/\/mystikus.com\/#\/schema\/logo\/image\/"}}]}},"_links":{"self":[{"href":"https:\/\/mystikus.com\/fr\/wp-json\/wp\/v2\/product\/28882","targetHints":{"allow":["GET"]}}],"collection":[{"href":"https:\/\/mystikus.com\/fr\/wp-json\/wp\/v2\/product"}],"about":[{"href":"https:\/\/mystikus.com\/fr\/wp-json\/wp\/v2\/types\/product"}],"replies":[{"embeddable":true,"href":"https:\/\/mystikus.com\/fr\/wp-json\/wp\/v2\/comments?post=28882"}],"wp:featuredmedia":[{"embeddable":true,"href":"https:\/\/mystikus.com\/fr\/wp-json\/wp\/v2\/media\/28822"}],"wp:attachment":[{"href":"https:\/\/mystikus.com\/fr\/wp-json\/wp\/v2\/media?parent=28882"}],"wp:term":[{"taxonomy":"product_brand","embeddable":true,"href":"https:\/\/mystikus.com\/fr\/wp-json\/wp\/v2\/product_brand?post=28882"},{"taxonomy":"product_cat","embeddable":true,"href":"https:\/\/mystikus.com\/fr\/wp-json\/wp\/v2\/product_cat?post=28882"},{"taxonomy":"product_tag","embeddable":true,"href":"https:\/\/mystikus.com\/fr\/wp-json\/wp\/v2\/product_tag?post=28882"}],"curies":[{"name":"wp","href":"https:\/\/api.w.org\/{rel}","templated":true}]}}