{"id":28886,"date":"2026-02-12T15:57:06","date_gmt":"2026-02-12T14:57:06","guid":{"rendered":"https:\/\/mystikus.com\/producto\/plaque-dencens-multifonctionnelle-bouddha-ceramique-noire-mate\/"},"modified":"2026-02-12T15:57:06","modified_gmt":"2026-02-12T14:57:06","slug":"plaque-dencens-multifonctionnelle-bouddha-ceramique-noire-mate","status":"publish","type":"product","link":"https:\/\/mystikus.com\/fr\/producto\/plaque-dencens-multifonctionnelle-bouddha-ceramique-noire-mate\/","title":{"rendered":"Plaque d&rsquo;encens multifonctionnelle Bouddha \u2013 c\u00e9ramique noire mate"},"content":{"rendered":"<p>Apportez une touche minimaliste et discr\u00e8te \u00e0 tout pr\u00e9sentoir d&rsquo;encens ou de pleine conscience avec cette coupelle \u00e0 encens Bouddha en c\u00e9ramique noire mate. Calme, discret et discr\u00e8tement puissant, c&rsquo;est une pi\u00e8ce qui s&rsquo;adresse aux clients qui pr\u00e9f\u00e8rent leur spiritualit\u00e9 moderne et simple. <\/p>\n","protected":false},"excerpt":{"rendered":"<p>Apportez une touche minimaliste et discr\u00e8te \u00e0 tout pr\u00e9sentoir d&rsquo;encens ou de pleine conscience avec cette coupelle \u00e0 encens Bouddha en c\u00e9ramique noire mate. Calme, discret et discr\u00e8tement puissant, c&rsquo;est une pi\u00e8ce qui s&rsquo;adresse aux clients qui pr\u00e9f\u00e8rent leur spiritualit\u00e9 moderne et simple. <\/p>\n","protected":false},"featured_media":28815,"comment_status":"open","ping_status":"closed","template":"","meta":[],"product_brand":[],"product_cat":[101],"product_tag":[],"class_list":{"0":"post-28886","1":"product","2":"type-product","3":"status-publish","4":"has-post-thumbnail","6":"product_cat-non-categorise","8":"first","9":"instock","10":"shipping-taxable","11":"purchasable","12":"product-type-simple"},"yoast_head":"<!-- This site is optimized with the Yoast SEO plugin v27.2 - https:\/\/yoast.com\/product\/yoast-seo-wordpress\/ -->\n<title>Plaque d&#039;encens multifonctionnelle Bouddha - c\u00e9ramique noire mate - Mystikus<\/title>\n<meta name=\"robots\" content=\"index, follow, max-snippet:-1, max-image-preview:large, max-video-preview:-1\" \/>\n<link rel=\"canonical\" href=\"https:\/\/mystikus.com\/producto\/plaque-dencens-multifonctionnelle-bouddha-ceramique-noire-mate\/\" \/>\n<meta property=\"og:locale\" content=\"fr_FR\" \/>\n<meta property=\"og:type\" content=\"article\" \/>\n<meta property=\"og:title\" content=\"Plaque d&#039;encens multifonctionnelle Bouddha - c\u00e9ramique noire mate - Mystikus\" \/>\n<meta property=\"og:description\" content=\"Apportez une touche minimaliste et discr\u00e8te \u00e0 tout pr\u00e9sentoir d&#039;encens ou de pleine conscience avec cette coupelle \u00e0 encens Bouddha en c\u00e9ramique noire mate. Calme, discret et discr\u00e8tement puissant, c&#039;est une pi\u00e8ce qui s&#039;adresse aux clients qui pr\u00e9f\u00e8rent leur spiritualit\u00e9 moderne et simple.\" \/>\n<meta property=\"og:url\" content=\"https:\/\/mystikus.com\/producto\/plaque-dencens-multifonctionnelle-bouddha-ceramique-noire-mate\/\" \/>\n<meta property=\"og:site_name\" content=\"Mystikus\" \/>\n<meta name=\"twitter:card\" content=\"summary_large_image\" \/>\n<script type=\"application\/ld+json\" class=\"yoast-schema-graph\">{\"@context\":\"https:\/\/schema.org\",\"@graph\":[{\"@type\":\"WebPage\",\"@id\":\"https:\/\/mystikus.com\/producto\/plaque-dencens-multifonctionnelle-bouddha-ceramique-noire-mate\/\",\"url\":\"https:\/\/mystikus.com\/producto\/plaque-dencens-multifonctionnelle-bouddha-ceramique-noire-mate\/\",\"name\":\"Plaque d'encens multifonctionnelle Bouddha - c\u00e9ramique noire mate - Mystikus\",\"isPartOf\":{\"@id\":\"https:\/\/mystikus.com\/#website\"},\"primaryImageOfPage\":{\"@id\":\"https:\/\/mystikus.com\/producto\/plaque-dencens-multifonctionnelle-bouddha-ceramique-noire-mate\/#primaryimage\"},\"image\":{\"@id\":\"https:\/\/mystikus.com\/producto\/plaque-dencens-multifonctionnelle-bouddha-ceramique-noire-mate\/#primaryimage\"},\"thumbnailUrl\":\"https:\/\/mystikus.com\/wp-content\/uploads\/2026\/02\/bG9jYWw6Ly9tZWRpYS8xSC9DQy82MFIzMEMxSjY0VjNDQzFILzk3YjQwZGE4LmpwZw.jpg\",\"datePublished\":\"2026-02-12T14:57:06+00:00\",\"breadcrumb\":{\"@id\":\"https:\/\/mystikus.com\/producto\/plaque-dencens-multifonctionnelle-bouddha-ceramique-noire-mate\/#breadcrumb\"},\"inLanguage\":\"fr-FR\",\"potentialAction\":[{\"@type\":\"ReadAction\",\"target\":[\"https:\/\/mystikus.com\/producto\/plaque-dencens-multifonctionnelle-bouddha-ceramique-noire-mate\/\"]}]},{\"@type\":\"ImageObject\",\"inLanguage\":\"fr-FR\",\"@id\":\"https:\/\/mystikus.com\/producto\/plaque-dencens-multifonctionnelle-bouddha-ceramique-noire-mate\/#primaryimage\",\"url\":\"https:\/\/mystikus.com\/wp-content\/uploads\/2026\/02\/bG9jYWw6Ly9tZWRpYS8xSC9DQy82MFIzMEMxSjY0VjNDQzFILzk3YjQwZGE4LmpwZw.jpg\",\"contentUrl\":\"https:\/\/mystikus.com\/wp-content\/uploads\/2026\/02\/bG9jYWw6Ly9tZWRpYS8xSC9DQy82MFIzMEMxSjY0VjNDQzFILzk3YjQwZGE4LmpwZw.jpg\",\"width\":2000,\"height\":2000},{\"@type\":\"BreadcrumbList\",\"@id\":\"https:\/\/mystikus.com\/producto\/plaque-dencens-multifonctionnelle-bouddha-ceramique-noire-mate\/#breadcrumb\",\"itemListElement\":[{\"@type\":\"ListItem\",\"position\":1,\"name\":\"Portada\",\"item\":\"https:\/\/mystikus.com\/fr\/accueil\/\"},{\"@type\":\"ListItem\",\"position\":2,\"name\":\"Boutique\",\"item\":\"https:\/\/mystikus.com\/fr\/boutique\/\"},{\"@type\":\"ListItem\",\"position\":3,\"name\":\"Plaque d&#8217;encens multifonctionnelle Bouddha &#8211; c\u00e9ramique noire mate\"}]},{\"@type\":\"WebSite\",\"@id\":\"https:\/\/mystikus.com\/#website\",\"url\":\"https:\/\/mystikus.com\/\",\"name\":\"Mystikus\",\"description\":\"\",\"publisher\":{\"@id\":\"https:\/\/mystikus.com\/#organization\"},\"potentialAction\":[{\"@type\":\"SearchAction\",\"target\":{\"@type\":\"EntryPoint\",\"urlTemplate\":\"https:\/\/mystikus.com\/?s={search_term_string}\"},\"query-input\":{\"@type\":\"PropertyValueSpecification\",\"valueRequired\":true,\"valueName\":\"search_term_string\"}}],\"inLanguage\":\"fr-FR\"},{\"@type\":\"Organization\",\"@id\":\"https:\/\/mystikus.com\/#organization\",\"name\":\"Mystikus\",\"url\":\"https:\/\/mystikus.com\/\",\"logo\":{\"@type\":\"ImageObject\",\"inLanguage\":\"fr-FR\",\"@id\":\"https:\/\/mystikus.com\/#\/schema\/logo\/image\/\",\"url\":\"https:\/\/mystikus.com\/wp-content\/uploads\/2025\/06\/logo-instgaram-shop.jpg\",\"contentUrl\":\"https:\/\/mystikus.com\/wp-content\/uploads\/2025\/06\/logo-instgaram-shop.jpg\",\"width\":227,\"height\":227,\"caption\":\"Mystikus\"},\"image\":{\"@id\":\"https:\/\/mystikus.com\/#\/schema\/logo\/image\/\"}}]}<\/script>\n<!-- \/ Yoast SEO plugin. -->","yoast_head_json":{"title":"Plaque d'encens multifonctionnelle Bouddha - c\u00e9ramique noire mate - Mystikus","robots":{"index":"index","follow":"follow","max-snippet":"max-snippet:-1","max-image-preview":"max-image-preview:large","max-video-preview":"max-video-preview:-1"},"canonical":"https:\/\/mystikus.com\/producto\/plaque-dencens-multifonctionnelle-bouddha-ceramique-noire-mate\/","og_locale":"fr_FR","og_type":"article","og_title":"Plaque d'encens multifonctionnelle Bouddha - c\u00e9ramique noire mate - Mystikus","og_description":"Apportez une touche minimaliste et discr\u00e8te \u00e0 tout pr\u00e9sentoir d'encens ou de pleine conscience avec cette coupelle \u00e0 encens Bouddha en c\u00e9ramique noire mate. Calme, discret et discr\u00e8tement puissant, c'est une pi\u00e8ce qui s'adresse aux clients qui pr\u00e9f\u00e8rent leur spiritualit\u00e9 moderne et simple.","og_url":"https:\/\/mystikus.com\/producto\/plaque-dencens-multifonctionnelle-bouddha-ceramique-noire-mate\/","og_site_name":"Mystikus","twitter_card":"summary_large_image","schema":{"@context":"https:\/\/schema.org","@graph":[{"@type":"WebPage","@id":"https:\/\/mystikus.com\/producto\/plaque-dencens-multifonctionnelle-bouddha-ceramique-noire-mate\/","url":"https:\/\/mystikus.com\/producto\/plaque-dencens-multifonctionnelle-bouddha-ceramique-noire-mate\/","name":"Plaque d'encens multifonctionnelle Bouddha - c\u00e9ramique noire mate - Mystikus","isPartOf":{"@id":"https:\/\/mystikus.com\/#website"},"primaryImageOfPage":{"@id":"https:\/\/mystikus.com\/producto\/plaque-dencens-multifonctionnelle-bouddha-ceramique-noire-mate\/#primaryimage"},"image":{"@id":"https:\/\/mystikus.com\/producto\/plaque-dencens-multifonctionnelle-bouddha-ceramique-noire-mate\/#primaryimage"},"thumbnailUrl":"https:\/\/mystikus.com\/wp-content\/uploads\/2026\/02\/bG9jYWw6Ly9tZWRpYS8xSC9DQy82MFIzMEMxSjY0VjNDQzFILzk3YjQwZGE4LmpwZw.jpg","datePublished":"2026-02-12T14:57:06+00:00","breadcrumb":{"@id":"https:\/\/mystikus.com\/producto\/plaque-dencens-multifonctionnelle-bouddha-ceramique-noire-mate\/#breadcrumb"},"inLanguage":"fr-FR","potentialAction":[{"@type":"ReadAction","target":["https:\/\/mystikus.com\/producto\/plaque-dencens-multifonctionnelle-bouddha-ceramique-noire-mate\/"]}]},{"@type":"ImageObject","inLanguage":"fr-FR","@id":"https:\/\/mystikus.com\/producto\/plaque-dencens-multifonctionnelle-bouddha-ceramique-noire-mate\/#primaryimage","url":"https:\/\/mystikus.com\/wp-content\/uploads\/2026\/02\/bG9jYWw6Ly9tZWRpYS8xSC9DQy82MFIzMEMxSjY0VjNDQzFILzk3YjQwZGE4LmpwZw.jpg","contentUrl":"https:\/\/mystikus.com\/wp-content\/uploads\/2026\/02\/bG9jYWw6Ly9tZWRpYS8xSC9DQy82MFIzMEMxSjY0VjNDQzFILzk3YjQwZGE4LmpwZw.jpg","width":2000,"height":2000},{"@type":"BreadcrumbList","@id":"https:\/\/mystikus.com\/producto\/plaque-dencens-multifonctionnelle-bouddha-ceramique-noire-mate\/#breadcrumb","itemListElement":[{"@type":"ListItem","position":1,"name":"Portada","item":"https:\/\/mystikus.com\/fr\/accueil\/"},{"@type":"ListItem","position":2,"name":"Boutique","item":"https:\/\/mystikus.com\/fr\/boutique\/"},{"@type":"ListItem","position":3,"name":"Plaque d&#8217;encens multifonctionnelle Bouddha &#8211; c\u00e9ramique noire mate"}]},{"@type":"WebSite","@id":"https:\/\/mystikus.com\/#website","url":"https:\/\/mystikus.com\/","name":"Mystikus","description":"","publisher":{"@id":"https:\/\/mystikus.com\/#organization"},"potentialAction":[{"@type":"SearchAction","target":{"@type":"EntryPoint","urlTemplate":"https:\/\/mystikus.com\/?s={search_term_string}"},"query-input":{"@type":"PropertyValueSpecification","valueRequired":true,"valueName":"search_term_string"}}],"inLanguage":"fr-FR"},{"@type":"Organization","@id":"https:\/\/mystikus.com\/#organization","name":"Mystikus","url":"https:\/\/mystikus.com\/","logo":{"@type":"ImageObject","inLanguage":"fr-FR","@id":"https:\/\/mystikus.com\/#\/schema\/logo\/image\/","url":"https:\/\/mystikus.com\/wp-content\/uploads\/2025\/06\/logo-instgaram-shop.jpg","contentUrl":"https:\/\/mystikus.com\/wp-content\/uploads\/2025\/06\/logo-instgaram-shop.jpg","width":227,"height":227,"caption":"Mystikus"},"image":{"@id":"https:\/\/mystikus.com\/#\/schema\/logo\/image\/"}}]}},"_links":{"self":[{"href":"https:\/\/mystikus.com\/fr\/wp-json\/wp\/v2\/product\/28886","targetHints":{"allow":["GET"]}}],"collection":[{"href":"https:\/\/mystikus.com\/fr\/wp-json\/wp\/v2\/product"}],"about":[{"href":"https:\/\/mystikus.com\/fr\/wp-json\/wp\/v2\/types\/product"}],"replies":[{"embeddable":true,"href":"https:\/\/mystikus.com\/fr\/wp-json\/wp\/v2\/comments?post=28886"}],"wp:featuredmedia":[{"embeddable":true,"href":"https:\/\/mystikus.com\/fr\/wp-json\/wp\/v2\/media\/28815"}],"wp:attachment":[{"href":"https:\/\/mystikus.com\/fr\/wp-json\/wp\/v2\/media?parent=28886"}],"wp:term":[{"taxonomy":"product_brand","embeddable":true,"href":"https:\/\/mystikus.com\/fr\/wp-json\/wp\/v2\/product_brand?post=28886"},{"taxonomy":"product_cat","embeddable":true,"href":"https:\/\/mystikus.com\/fr\/wp-json\/wp\/v2\/product_cat?post=28886"},{"taxonomy":"product_tag","embeddable":true,"href":"https:\/\/mystikus.com\/fr\/wp-json\/wp\/v2\/product_tag?post=28886"}],"curies":[{"name":"wp","href":"https:\/\/api.w.org\/{rel}","templated":true}]}}