{"id":24135,"date":"2025-03-25T16:54:53","date_gmt":"2025-03-25T15:54:53","guid":{"rendered":"https:\/\/mystikus.com\/producto\/buda-em-meditacao-tailandia\/"},"modified":"2025-03-25T16:54:53","modified_gmt":"2025-03-25T15:54:53","slug":"buda-em-meditacao-tailandia","status":"publish","type":"product","link":"https:\/\/mystikus.com\/pt-pt\/producto\/buda-em-meditacao-tailandia\/","title":{"rendered":"Buda em medita\u00e7\u00e3o Tail\u00e2ndia"},"content":{"rendered":"<p>Buda em medita\u00e7\u00e3o Tail\u00e2ndia<\/p>\n<div class=\"spec-desc\">Medida cm 20x11x27.5<\/div>\n<div>\n<div class=\"spec-item\">\n<div class=\"spec-desc\">Material Poliresina<\/div>\n<\/div>\n<div class=\"spec-item\">\n<div class=\"spec-value\">Peso gr 694<\/div>\n<\/div>\n<div class=\"spec-item\">\n<div class=\"spec-desc\">Cor Branco<\/div>\n<div>\n<p>Buda de estilo tailand\u00eas com mudra (gesto da m\u00e3o) da medita\u00e7\u00e3o.<\/p>\n<p>Adequado para uso em interiores e exteriores.<\/p>\n<\/div>\n<\/div>\n<\/div>\n","protected":false},"excerpt":{"rendered":"<p>Buda em medita\u00e7\u00e3o Tail\u00e2ndia<\/p>\n<div class=\"spec-desc\">Medida cm 20x11x27.5<\/div>\n<div>\n<div class=\"spec-item\">\n<div class=\"spec-desc\">Material Poliresina<\/div>\n<\/div>\n<div class=\"spec-item\">\n<div class=\"spec-value\">Peso gr 694<\/div>\n<\/div>\n<div class=\"spec-item\">\n<div class=\"spec-desc\">Cor Branco<\/div>\n<div>\n<p>Buda de estilo tailand\u00eas com mudra (gesto da m\u00e3o) da medita\u00e7\u00e3o.<\/p>\n<p>Adequado para uso em interiores e exteriores.<\/p>\n<\/div>\n<\/div>\n<\/div>\n","protected":false},"featured_media":26439,"comment_status":"closed","ping_status":"closed","template":"","meta":[],"product_brand":[],"product_cat":[131,126],"product_tag":[],"class_list":{"0":"post-24135","1":"product","2":"type-product","3":"status-publish","4":"has-post-thumbnail","6":"product_cat-decoracao","7":"product_cat-jardim-encantado","9":"first","10":"instock","11":"sale","12":"shipping-taxable","13":"purchasable","14":"product-type-simple"},"yoast_head":"<!-- This site is optimized with the Yoast SEO plugin v27.2 - https:\/\/yoast.com\/product\/yoast-seo-wordpress\/ -->\n<title>Buda em medita\u00e7\u00e3o Tail\u00e2ndia - Mystikus<\/title>\n<meta name=\"robots\" content=\"index, follow, max-snippet:-1, max-image-preview:large, max-video-preview:-1\" \/>\n<link rel=\"canonical\" href=\"https:\/\/mystikus.com\/pt-pt\/producto\/buda-em-meditacao-tailandia\/\" \/>\n<meta property=\"og:locale\" content=\"pt_PT\" \/>\n<meta property=\"og:type\" content=\"article\" \/>\n<meta property=\"og:title\" content=\"Buda em medita\u00e7\u00e3o Tail\u00e2ndia - Mystikus\" \/>\n<meta property=\"og:description\" content=\"Buda em medita\u00e7\u00e3o Tail\u00e2ndia Medida cm 20x11x27.5  Material Poliresina  Peso gr 694  Cor Branco  Buda de estilo tailand\u00eas com mudra (gesto da m\u00e3o) da medita\u00e7\u00e3o. Adequado para uso em interiores e exteriores.\" \/>\n<meta property=\"og:url\" content=\"https:\/\/mystikus.com\/pt-pt\/producto\/buda-em-meditacao-tailandia\/\" \/>\n<meta property=\"og:site_name\" content=\"Mystikus\" \/>\n<meta property=\"og:image\" content=\"https:\/\/mystikus.com\/wp-content\/uploads\/2025\/03\/18101.jpeg\" \/>\n\t<meta property=\"og:image:width\" content=\"800\" \/>\n\t<meta property=\"og:image:height\" content=\"800\" \/>\n\t<meta property=\"og:image:type\" content=\"image\/jpeg\" \/>\n<meta name=\"twitter:card\" content=\"summary_large_image\" \/>\n<script type=\"application\/ld+json\" class=\"yoast-schema-graph\">{\"@context\":\"https:\/\/schema.org\",\"@graph\":[{\"@type\":\"WebPage\",\"@id\":\"https:\/\/mystikus.com\/pt-pt\/producto\/buda-em-meditacao-tailandia\/\",\"url\":\"https:\/\/mystikus.com\/pt-pt\/producto\/buda-em-meditacao-tailandia\/\",\"name\":\"Buda em medita\u00e7\u00e3o Tail\u00e2ndia - Mystikus\",\"isPartOf\":{\"@id\":\"https:\/\/mystikus.com\/#website\"},\"primaryImageOfPage\":{\"@id\":\"https:\/\/mystikus.com\/pt-pt\/producto\/buda-em-meditacao-tailandia\/#primaryimage\"},\"image\":{\"@id\":\"https:\/\/mystikus.com\/pt-pt\/producto\/buda-em-meditacao-tailandia\/#primaryimage\"},\"thumbnailUrl\":\"https:\/\/mystikus.com\/wp-content\/uploads\/2025\/03\/18101.jpeg\",\"datePublished\":\"2025-03-25T15:54:53+00:00\",\"breadcrumb\":{\"@id\":\"https:\/\/mystikus.com\/pt-pt\/producto\/buda-em-meditacao-tailandia\/#breadcrumb\"},\"inLanguage\":\"pt-PT\",\"potentialAction\":[{\"@type\":\"ReadAction\",\"target\":[\"https:\/\/mystikus.com\/pt-pt\/producto\/buda-em-meditacao-tailandia\/\"]}]},{\"@type\":\"ImageObject\",\"inLanguage\":\"pt-PT\",\"@id\":\"https:\/\/mystikus.com\/pt-pt\/producto\/buda-em-meditacao-tailandia\/#primaryimage\",\"url\":\"https:\/\/mystikus.com\/wp-content\/uploads\/2025\/03\/18101.jpeg\",\"contentUrl\":\"https:\/\/mystikus.com\/wp-content\/uploads\/2025\/03\/18101.jpeg\",\"width\":800,\"height\":800},{\"@type\":\"BreadcrumbList\",\"@id\":\"https:\/\/mystikus.com\/pt-pt\/producto\/buda-em-meditacao-tailandia\/#breadcrumb\",\"itemListElement\":[{\"@type\":\"ListItem\",\"position\":1,\"name\":\"Portada\",\"item\":\"https:\/\/mystikus.com\/pt-pt\/inicio\/\"},{\"@type\":\"ListItem\",\"position\":2,\"name\":\"Loja\",\"item\":\"https:\/\/mystikus.com\/pt-pt\/loja\/\"},{\"@type\":\"ListItem\",\"position\":3,\"name\":\"Buda em medita\u00e7\u00e3o Tail\u00e2ndia\"}]},{\"@type\":\"WebSite\",\"@id\":\"https:\/\/mystikus.com\/#website\",\"url\":\"https:\/\/mystikus.com\/\",\"name\":\"Mystikus\",\"description\":\"\",\"publisher\":{\"@id\":\"https:\/\/mystikus.com\/#organization\"},\"potentialAction\":[{\"@type\":\"SearchAction\",\"target\":{\"@type\":\"EntryPoint\",\"urlTemplate\":\"https:\/\/mystikus.com\/?s={search_term_string}\"},\"query-input\":{\"@type\":\"PropertyValueSpecification\",\"valueRequired\":true,\"valueName\":\"search_term_string\"}}],\"inLanguage\":\"pt-PT\"},{\"@type\":\"Organization\",\"@id\":\"https:\/\/mystikus.com\/#organization\",\"name\":\"Mystikus\",\"url\":\"https:\/\/mystikus.com\/\",\"logo\":{\"@type\":\"ImageObject\",\"inLanguage\":\"pt-PT\",\"@id\":\"https:\/\/mystikus.com\/#\/schema\/logo\/image\/\",\"url\":\"https:\/\/mystikus.com\/wp-content\/uploads\/2025\/06\/logo-instgaram-shop.jpg\",\"contentUrl\":\"https:\/\/mystikus.com\/wp-content\/uploads\/2025\/06\/logo-instgaram-shop.jpg\",\"width\":227,\"height\":227,\"caption\":\"Mystikus\"},\"image\":{\"@id\":\"https:\/\/mystikus.com\/#\/schema\/logo\/image\/\"}}]}<\/script>\n<!-- \/ Yoast SEO plugin. -->","yoast_head_json":{"title":"Buda em medita\u00e7\u00e3o Tail\u00e2ndia - Mystikus","robots":{"index":"index","follow":"follow","max-snippet":"max-snippet:-1","max-image-preview":"max-image-preview:large","max-video-preview":"max-video-preview:-1"},"canonical":"https:\/\/mystikus.com\/pt-pt\/producto\/buda-em-meditacao-tailandia\/","og_locale":"pt_PT","og_type":"article","og_title":"Buda em medita\u00e7\u00e3o Tail\u00e2ndia - Mystikus","og_description":"Buda em medita\u00e7\u00e3o Tail\u00e2ndia Medida cm 20x11x27.5  Material Poliresina  Peso gr 694  Cor Branco  Buda de estilo tailand\u00eas com mudra (gesto da m\u00e3o) da medita\u00e7\u00e3o. Adequado para uso em interiores e exteriores.","og_url":"https:\/\/mystikus.com\/pt-pt\/producto\/buda-em-meditacao-tailandia\/","og_site_name":"Mystikus","og_image":[{"width":800,"height":800,"url":"https:\/\/mystikus.com\/wp-content\/uploads\/2025\/03\/18101.jpeg","type":"image\/jpeg"}],"twitter_card":"summary_large_image","schema":{"@context":"https:\/\/schema.org","@graph":[{"@type":"WebPage","@id":"https:\/\/mystikus.com\/pt-pt\/producto\/buda-em-meditacao-tailandia\/","url":"https:\/\/mystikus.com\/pt-pt\/producto\/buda-em-meditacao-tailandia\/","name":"Buda em medita\u00e7\u00e3o Tail\u00e2ndia - Mystikus","isPartOf":{"@id":"https:\/\/mystikus.com\/#website"},"primaryImageOfPage":{"@id":"https:\/\/mystikus.com\/pt-pt\/producto\/buda-em-meditacao-tailandia\/#primaryimage"},"image":{"@id":"https:\/\/mystikus.com\/pt-pt\/producto\/buda-em-meditacao-tailandia\/#primaryimage"},"thumbnailUrl":"https:\/\/mystikus.com\/wp-content\/uploads\/2025\/03\/18101.jpeg","datePublished":"2025-03-25T15:54:53+00:00","breadcrumb":{"@id":"https:\/\/mystikus.com\/pt-pt\/producto\/buda-em-meditacao-tailandia\/#breadcrumb"},"inLanguage":"pt-PT","potentialAction":[{"@type":"ReadAction","target":["https:\/\/mystikus.com\/pt-pt\/producto\/buda-em-meditacao-tailandia\/"]}]},{"@type":"ImageObject","inLanguage":"pt-PT","@id":"https:\/\/mystikus.com\/pt-pt\/producto\/buda-em-meditacao-tailandia\/#primaryimage","url":"https:\/\/mystikus.com\/wp-content\/uploads\/2025\/03\/18101.jpeg","contentUrl":"https:\/\/mystikus.com\/wp-content\/uploads\/2025\/03\/18101.jpeg","width":800,"height":800},{"@type":"BreadcrumbList","@id":"https:\/\/mystikus.com\/pt-pt\/producto\/buda-em-meditacao-tailandia\/#breadcrumb","itemListElement":[{"@type":"ListItem","position":1,"name":"Portada","item":"https:\/\/mystikus.com\/pt-pt\/inicio\/"},{"@type":"ListItem","position":2,"name":"Loja","item":"https:\/\/mystikus.com\/pt-pt\/loja\/"},{"@type":"ListItem","position":3,"name":"Buda em medita\u00e7\u00e3o Tail\u00e2ndia"}]},{"@type":"WebSite","@id":"https:\/\/mystikus.com\/#website","url":"https:\/\/mystikus.com\/","name":"Mystikus","description":"","publisher":{"@id":"https:\/\/mystikus.com\/#organization"},"potentialAction":[{"@type":"SearchAction","target":{"@type":"EntryPoint","urlTemplate":"https:\/\/mystikus.com\/?s={search_term_string}"},"query-input":{"@type":"PropertyValueSpecification","valueRequired":true,"valueName":"search_term_string"}}],"inLanguage":"pt-PT"},{"@type":"Organization","@id":"https:\/\/mystikus.com\/#organization","name":"Mystikus","url":"https:\/\/mystikus.com\/","logo":{"@type":"ImageObject","inLanguage":"pt-PT","@id":"https:\/\/mystikus.com\/#\/schema\/logo\/image\/","url":"https:\/\/mystikus.com\/wp-content\/uploads\/2025\/06\/logo-instgaram-shop.jpg","contentUrl":"https:\/\/mystikus.com\/wp-content\/uploads\/2025\/06\/logo-instgaram-shop.jpg","width":227,"height":227,"caption":"Mystikus"},"image":{"@id":"https:\/\/mystikus.com\/#\/schema\/logo\/image\/"}}]}},"_links":{"self":[{"href":"https:\/\/mystikus.com\/pt-pt\/wp-json\/wp\/v2\/product\/24135","targetHints":{"allow":["GET"]}}],"collection":[{"href":"https:\/\/mystikus.com\/pt-pt\/wp-json\/wp\/v2\/product"}],"about":[{"href":"https:\/\/mystikus.com\/pt-pt\/wp-json\/wp\/v2\/types\/product"}],"replies":[{"embeddable":true,"href":"https:\/\/mystikus.com\/pt-pt\/wp-json\/wp\/v2\/comments?post=24135"}],"wp:featuredmedia":[{"embeddable":true,"href":"https:\/\/mystikus.com\/pt-pt\/wp-json\/wp\/v2\/media\/26439"}],"wp:attachment":[{"href":"https:\/\/mystikus.com\/pt-pt\/wp-json\/wp\/v2\/media?parent=24135"}],"wp:term":[{"taxonomy":"product_brand","embeddable":true,"href":"https:\/\/mystikus.com\/pt-pt\/wp-json\/wp\/v2\/product_brand?post=24135"},{"taxonomy":"product_cat","embeddable":true,"href":"https:\/\/mystikus.com\/pt-pt\/wp-json\/wp\/v2\/product_cat?post=24135"},{"taxonomy":"product_tag","embeddable":true,"href":"https:\/\/mystikus.com\/pt-pt\/wp-json\/wp\/v2\/product_tag?post=24135"}],"curies":[{"name":"wp","href":"https:\/\/api.w.org\/{rel}","templated":true}]}}