{"id":24154,"date":"2025-03-25T16:47:33","date_gmt":"2025-03-25T15:47:33","guid":{"rendered":"https:\/\/mystikus.com\/producto\/tijolos-de-incenso-salva-branca-e-palo-santo\/"},"modified":"2025-03-25T16:47:33","modified_gmt":"2025-03-25T15:47:33","slug":"tijolos-de-incenso-salva-branca-e-palo-santo","status":"publish","type":"product","link":"https:\/\/mystikus.com\/pt-pt\/producto\/tijolos-de-incenso-salva-branca-e-palo-santo\/","title":{"rendered":"Tijolos de incenso Salva branca e Palo santo"},"content":{"rendered":"<p>Tijolos de incenso Salva branca e Palo santo<\/p>\n<div class=\"spec-desc\">Medida cm \u00b12&#215;2<\/div>\n<div><\/div>\n<div>\n<p><strong>Tijolos de incenso de Salva Branca e Palo Santo da Aromafume<\/strong><br \/>\nPerfil olfativo: Purificador, amadeirado e c\u00edtrico.<br \/>\n<em>Nove tijolos por caixa. <\/em><br \/>\nFolheto informativo inclu\u00eddo em ingl\u00eas, holand\u00eas, alem\u00e3o, italiano, franc\u00eas e espanhol.<\/p>\n<p><em><strong>Aten\u00e7\u00e3o:<\/strong> S\u00f3 pode ser utilizado em combina\u00e7\u00e3o com um Difusor de Incenso Ex\u00f3tico. Estes s\u00e3o especificamente concebidos para atingir a temperatura adequada para a difus\u00e3o do aroma dos Tijolos de Incenso Aromafume e para uma utiliza\u00e7\u00e3o segura. Outros aparelhos n\u00e3o s\u00e3o adequados!  <\/em><\/p>\n<p><strong>Ingredientes<\/strong><br \/>\nCada tijolo de incenso \u00e9 enriquecido com v\u00e1rios ingredientes naturais, entre os quais madeiras arom\u00e1ticas, flores ex\u00f3ticas, cascas naturais, extratos de \u00e1rvores, resinas, folhas e flores. Os \u00f3leos de fragr\u00e2ncia utilizados na produ\u00e7\u00e3o dos tijolos de incenso s\u00e3o 100% conformes \u00e0 IFRA e s\u00e3o sempre obtidos de forma respons\u00e1vel. (www.infraorg.org)<br \/>\nSem cinzas | m\u00ednimo fumo | n\u00e3o t\u00f3xico | \u00f3timo aroma  <\/p>\n<p><strong>Como utilizar o Difusor de Incenso Ex\u00f3tico Aromafume e os tijolos de incenso?<\/strong><br \/>\nO Difusor de Incenso Ex\u00f3tico foi especialmente concebido para atingir a temperatura adequada para a difus\u00e3o do aroma dos Tijolos de Incenso Aromafume. <strong>Outros aparelhos n\u00e3o s\u00e3o adequados!<\/strong><br \/>\n\u2013 Acenda a vela. Coloque-a no Difusor de Incenso Ex\u00f3tico.<br \/>\n\u2013 Coloque o tijolo de incenso na placa de cobre.<br \/>\n\u2013 Deixe a vela arder durante 45-60 minutos. O difusor estar\u00e1 quente, n\u00e3o o toque!<br \/>\n\u2013 Apague a vela e deixe o aparelho e o tijolo arrefecerem.<br \/>\n\u2013 O tijolo de incenso ficar\u00e1 preto intenso e duro ao utiliz\u00e1-lo, n\u00e3o derreter\u00e1.<br \/>\n\u2013 Deite fora o tijolo usado com os res\u00edduos biodegrad\u00e1veis.<br \/>\n<strong>Qualidades do Palo Santo (Madeira sagrada)<\/strong><br \/>\nOs povos ind\u00edgenas dos Andes usam o Palo Santo h\u00e1 s\u00e9culos para se protegerem da energia negativa. Quando esta madeira sagrada \u00e9 queimada, a energia negativa \u00e9 purificada, a paz e a harmonia s\u00e3o restauradas e a liga\u00e7\u00e3o com a m\u00e3e terra \u00e9 fortalecida. Segundo a tradi\u00e7\u00e3o, o Palo Santo tem um efeito natural de al\u00edvio da dor, do stress e de relaxamento. O Palo Santo tem um aroma agrad\u00e1vel, refrescante e edificante. O aroma de Palo Santo pode ajudar a clarificar a sua aura e\/ou promover sentimentos positivos e de alegria.    <\/p>\n<\/div>\n","protected":false},"excerpt":{"rendered":"<p>Tijolos de incenso Salva branca e Palo santo<\/p>\n<div class=\"spec-desc\">Medida cm \u00b12&#215;2<\/div>\n<div><\/div>\n<div>\n<p><strong>Tijolos de incenso de Salva Branca e Palo Santo da Aromafume<\/strong><br \/>\nPerfil olfativo: Purificador, amadeirado e c\u00edtrico.<br \/>\n<em>Nove tijolos por caixa. <\/em><br \/>\nFolheto informativo inclu\u00eddo em ingl\u00eas, holand\u00eas, alem\u00e3o, italiano, franc\u00eas e espanhol.<\/p>\n<p><em><strong>Aten\u00e7\u00e3o:<\/strong> S\u00f3 pode ser utilizado em combina\u00e7\u00e3o com um Difusor de Incenso Ex\u00f3tico. Estes s\u00e3o especificamente concebidos para atingir a temperatura adequada para a difus\u00e3o do aroma dos Tijolos de Incenso Aromafume e para uma utiliza\u00e7\u00e3o segura. Outros aparelhos n\u00e3o s\u00e3o adequados!  <\/em><\/p>\n<p>&nbsp;<\/p>\n<\/div>\n","protected":false},"featured_media":207,"comment_status":"closed","ping_status":"closed","template":"","meta":[],"product_brand":[],"product_cat":[121,114],"product_tag":[],"class_list":{"0":"post-24154","1":"product","2":"type-product","3":"status-publish","4":"has-post-thumbnail","6":"product_cat-incensos","7":"product_cat-incensos-e-aromas","9":"first","10":"instock","11":"shipping-taxable","12":"purchasable","13":"product-type-simple"},"yoast_head":"<!-- This site is optimized with the Yoast SEO plugin v27.2 - https:\/\/yoast.com\/product\/yoast-seo-wordpress\/ -->\n<title>Tijolos de incenso Salva branca e Palo santo - Mystikus<\/title>\n<meta name=\"robots\" content=\"index, follow, max-snippet:-1, max-image-preview:large, max-video-preview:-1\" \/>\n<link rel=\"canonical\" href=\"https:\/\/mystikus.com\/pt-pt\/producto\/tijolos-de-incenso-salva-branca-e-palo-santo\/\" \/>\n<meta property=\"og:locale\" content=\"pt_PT\" \/>\n<meta property=\"og:type\" content=\"article\" \/>\n<meta property=\"og:title\" content=\"Tijolos de incenso Salva branca e Palo santo - Mystikus\" \/>\n<meta property=\"og:description\" content=\"Tijolos de incenso Salva branca e Palo santo Medida cm \u00b12x2  Tijolos de incenso de Salva Branca e Palo Santo da Aromafume Perfil olfativo: Purificador, amadeirado e c\u00edtrico. Nove tijolos por caixa. Folheto informativo inclu\u00eddo em ingl\u00eas, holand\u00eas, alem\u00e3o, italiano, franc\u00eas e espanhol. Aten\u00e7\u00e3o: S\u00f3 pode ser utilizado em combina\u00e7\u00e3o com um Difusor de Incenso Ex\u00f3tico. Estes s\u00e3o especificamente concebidos para atingir a temperatura adequada para a difus\u00e3o do aroma dos Tijolos de Incenso Aromafume e para uma utiliza\u00e7\u00e3o segura. Outros aparelhos n\u00e3o s\u00e3o adequados!  &nbsp;\" \/>\n<meta property=\"og:url\" content=\"https:\/\/mystikus.com\/pt-pt\/producto\/tijolos-de-incenso-salva-branca-e-palo-santo\/\" \/>\n<meta property=\"og:site_name\" content=\"Mystikus\" \/>\n<meta property=\"og:image\" content=\"https:\/\/mystikus.com\/wp-content\/uploads\/2025\/03\/17990.jpeg\" \/>\n\t<meta property=\"og:image:width\" content=\"800\" \/>\n\t<meta property=\"og:image:height\" content=\"800\" \/>\n\t<meta property=\"og:image:type\" content=\"image\/jpeg\" \/>\n<meta name=\"twitter:card\" content=\"summary_large_image\" \/>\n<meta name=\"twitter:label1\" content=\"Tempo estimado de leitura\" \/>\n\t<meta name=\"twitter:data1\" content=\"2 minutos\" \/>\n<script type=\"application\/ld+json\" class=\"yoast-schema-graph\">{\"@context\":\"https:\/\/schema.org\",\"@graph\":[{\"@type\":\"WebPage\",\"@id\":\"https:\/\/mystikus.com\/pt-pt\/producto\/tijolos-de-incenso-salva-branca-e-palo-santo\/\",\"url\":\"https:\/\/mystikus.com\/pt-pt\/producto\/tijolos-de-incenso-salva-branca-e-palo-santo\/\",\"name\":\"Tijolos de incenso Salva branca e Palo santo - Mystikus\",\"isPartOf\":{\"@id\":\"https:\/\/mystikus.com\/#website\"},\"primaryImageOfPage\":{\"@id\":\"https:\/\/mystikus.com\/pt-pt\/producto\/tijolos-de-incenso-salva-branca-e-palo-santo\/#primaryimage\"},\"image\":{\"@id\":\"https:\/\/mystikus.com\/pt-pt\/producto\/tijolos-de-incenso-salva-branca-e-palo-santo\/#primaryimage\"},\"thumbnailUrl\":\"https:\/\/mystikus.com\/wp-content\/uploads\/2025\/03\/17990.jpeg\",\"datePublished\":\"2025-03-25T15:47:33+00:00\",\"breadcrumb\":{\"@id\":\"https:\/\/mystikus.com\/pt-pt\/producto\/tijolos-de-incenso-salva-branca-e-palo-santo\/#breadcrumb\"},\"inLanguage\":\"pt-PT\",\"potentialAction\":[{\"@type\":\"ReadAction\",\"target\":[\"https:\/\/mystikus.com\/pt-pt\/producto\/tijolos-de-incenso-salva-branca-e-palo-santo\/\"]}]},{\"@type\":\"ImageObject\",\"inLanguage\":\"pt-PT\",\"@id\":\"https:\/\/mystikus.com\/pt-pt\/producto\/tijolos-de-incenso-salva-branca-e-palo-santo\/#primaryimage\",\"url\":\"https:\/\/mystikus.com\/wp-content\/uploads\/2025\/03\/17990.jpeg\",\"contentUrl\":\"https:\/\/mystikus.com\/wp-content\/uploads\/2025\/03\/17990.jpeg\",\"width\":800,\"height\":800},{\"@type\":\"BreadcrumbList\",\"@id\":\"https:\/\/mystikus.com\/pt-pt\/producto\/tijolos-de-incenso-salva-branca-e-palo-santo\/#breadcrumb\",\"itemListElement\":[{\"@type\":\"ListItem\",\"position\":1,\"name\":\"Portada\",\"item\":\"https:\/\/mystikus.com\/pt-pt\/inicio\/\"},{\"@type\":\"ListItem\",\"position\":2,\"name\":\"Loja\",\"item\":\"https:\/\/mystikus.com\/pt-pt\/loja\/\"},{\"@type\":\"ListItem\",\"position\":3,\"name\":\"Tijolos de incenso Salva branca e Palo santo\"}]},{\"@type\":\"WebSite\",\"@id\":\"https:\/\/mystikus.com\/#website\",\"url\":\"https:\/\/mystikus.com\/\",\"name\":\"Mystikus\",\"description\":\"\",\"publisher\":{\"@id\":\"https:\/\/mystikus.com\/#organization\"},\"potentialAction\":[{\"@type\":\"SearchAction\",\"target\":{\"@type\":\"EntryPoint\",\"urlTemplate\":\"https:\/\/mystikus.com\/?s={search_term_string}\"},\"query-input\":{\"@type\":\"PropertyValueSpecification\",\"valueRequired\":true,\"valueName\":\"search_term_string\"}}],\"inLanguage\":\"pt-PT\"},{\"@type\":\"Organization\",\"@id\":\"https:\/\/mystikus.com\/#organization\",\"name\":\"Mystikus\",\"url\":\"https:\/\/mystikus.com\/\",\"logo\":{\"@type\":\"ImageObject\",\"inLanguage\":\"pt-PT\",\"@id\":\"https:\/\/mystikus.com\/#\/schema\/logo\/image\/\",\"url\":\"https:\/\/mystikus.com\/wp-content\/uploads\/2025\/06\/logo-instgaram-shop.jpg\",\"contentUrl\":\"https:\/\/mystikus.com\/wp-content\/uploads\/2025\/06\/logo-instgaram-shop.jpg\",\"width\":227,\"height\":227,\"caption\":\"Mystikus\"},\"image\":{\"@id\":\"https:\/\/mystikus.com\/#\/schema\/logo\/image\/\"}}]}<\/script>\n<!-- \/ Yoast SEO plugin. -->","yoast_head_json":{"title":"Tijolos de incenso Salva branca e Palo santo - Mystikus","robots":{"index":"index","follow":"follow","max-snippet":"max-snippet:-1","max-image-preview":"max-image-preview:large","max-video-preview":"max-video-preview:-1"},"canonical":"https:\/\/mystikus.com\/pt-pt\/producto\/tijolos-de-incenso-salva-branca-e-palo-santo\/","og_locale":"pt_PT","og_type":"article","og_title":"Tijolos de incenso Salva branca e Palo santo - Mystikus","og_description":"Tijolos de incenso Salva branca e Palo santo Medida cm \u00b12x2  Tijolos de incenso de Salva Branca e Palo Santo da Aromafume Perfil olfativo: Purificador, amadeirado e c\u00edtrico. Nove tijolos por caixa. Folheto informativo inclu\u00eddo em ingl\u00eas, holand\u00eas, alem\u00e3o, italiano, franc\u00eas e espanhol. Aten\u00e7\u00e3o: S\u00f3 pode ser utilizado em combina\u00e7\u00e3o com um Difusor de Incenso Ex\u00f3tico. Estes s\u00e3o especificamente concebidos para atingir a temperatura adequada para a difus\u00e3o do aroma dos Tijolos de Incenso Aromafume e para uma utiliza\u00e7\u00e3o segura. Outros aparelhos n\u00e3o s\u00e3o adequados!  &nbsp;","og_url":"https:\/\/mystikus.com\/pt-pt\/producto\/tijolos-de-incenso-salva-branca-e-palo-santo\/","og_site_name":"Mystikus","og_image":[{"width":800,"height":800,"url":"https:\/\/mystikus.com\/wp-content\/uploads\/2025\/03\/17990.jpeg","type":"image\/jpeg"}],"twitter_card":"summary_large_image","twitter_misc":{"Tempo estimado de leitura":"2 minutos"},"schema":{"@context":"https:\/\/schema.org","@graph":[{"@type":"WebPage","@id":"https:\/\/mystikus.com\/pt-pt\/producto\/tijolos-de-incenso-salva-branca-e-palo-santo\/","url":"https:\/\/mystikus.com\/pt-pt\/producto\/tijolos-de-incenso-salva-branca-e-palo-santo\/","name":"Tijolos de incenso Salva branca e Palo santo - Mystikus","isPartOf":{"@id":"https:\/\/mystikus.com\/#website"},"primaryImageOfPage":{"@id":"https:\/\/mystikus.com\/pt-pt\/producto\/tijolos-de-incenso-salva-branca-e-palo-santo\/#primaryimage"},"image":{"@id":"https:\/\/mystikus.com\/pt-pt\/producto\/tijolos-de-incenso-salva-branca-e-palo-santo\/#primaryimage"},"thumbnailUrl":"https:\/\/mystikus.com\/wp-content\/uploads\/2025\/03\/17990.jpeg","datePublished":"2025-03-25T15:47:33+00:00","breadcrumb":{"@id":"https:\/\/mystikus.com\/pt-pt\/producto\/tijolos-de-incenso-salva-branca-e-palo-santo\/#breadcrumb"},"inLanguage":"pt-PT","potentialAction":[{"@type":"ReadAction","target":["https:\/\/mystikus.com\/pt-pt\/producto\/tijolos-de-incenso-salva-branca-e-palo-santo\/"]}]},{"@type":"ImageObject","inLanguage":"pt-PT","@id":"https:\/\/mystikus.com\/pt-pt\/producto\/tijolos-de-incenso-salva-branca-e-palo-santo\/#primaryimage","url":"https:\/\/mystikus.com\/wp-content\/uploads\/2025\/03\/17990.jpeg","contentUrl":"https:\/\/mystikus.com\/wp-content\/uploads\/2025\/03\/17990.jpeg","width":800,"height":800},{"@type":"BreadcrumbList","@id":"https:\/\/mystikus.com\/pt-pt\/producto\/tijolos-de-incenso-salva-branca-e-palo-santo\/#breadcrumb","itemListElement":[{"@type":"ListItem","position":1,"name":"Portada","item":"https:\/\/mystikus.com\/pt-pt\/inicio\/"},{"@type":"ListItem","position":2,"name":"Loja","item":"https:\/\/mystikus.com\/pt-pt\/loja\/"},{"@type":"ListItem","position":3,"name":"Tijolos de incenso Salva branca e Palo santo"}]},{"@type":"WebSite","@id":"https:\/\/mystikus.com\/#website","url":"https:\/\/mystikus.com\/","name":"Mystikus","description":"","publisher":{"@id":"https:\/\/mystikus.com\/#organization"},"potentialAction":[{"@type":"SearchAction","target":{"@type":"EntryPoint","urlTemplate":"https:\/\/mystikus.com\/?s={search_term_string}"},"query-input":{"@type":"PropertyValueSpecification","valueRequired":true,"valueName":"search_term_string"}}],"inLanguage":"pt-PT"},{"@type":"Organization","@id":"https:\/\/mystikus.com\/#organization","name":"Mystikus","url":"https:\/\/mystikus.com\/","logo":{"@type":"ImageObject","inLanguage":"pt-PT","@id":"https:\/\/mystikus.com\/#\/schema\/logo\/image\/","url":"https:\/\/mystikus.com\/wp-content\/uploads\/2025\/06\/logo-instgaram-shop.jpg","contentUrl":"https:\/\/mystikus.com\/wp-content\/uploads\/2025\/06\/logo-instgaram-shop.jpg","width":227,"height":227,"caption":"Mystikus"},"image":{"@id":"https:\/\/mystikus.com\/#\/schema\/logo\/image\/"}}]}},"_links":{"self":[{"href":"https:\/\/mystikus.com\/pt-pt\/wp-json\/wp\/v2\/product\/24154","targetHints":{"allow":["GET"]}}],"collection":[{"href":"https:\/\/mystikus.com\/pt-pt\/wp-json\/wp\/v2\/product"}],"about":[{"href":"https:\/\/mystikus.com\/pt-pt\/wp-json\/wp\/v2\/types\/product"}],"replies":[{"embeddable":true,"href":"https:\/\/mystikus.com\/pt-pt\/wp-json\/wp\/v2\/comments?post=24154"}],"wp:featuredmedia":[{"embeddable":true,"href":"https:\/\/mystikus.com\/pt-pt\/wp-json\/wp\/v2\/media\/207"}],"wp:attachment":[{"href":"https:\/\/mystikus.com\/pt-pt\/wp-json\/wp\/v2\/media?parent=24154"}],"wp:term":[{"taxonomy":"product_brand","embeddable":true,"href":"https:\/\/mystikus.com\/pt-pt\/wp-json\/wp\/v2\/product_brand?post=24154"},{"taxonomy":"product_cat","embeddable":true,"href":"https:\/\/mystikus.com\/pt-pt\/wp-json\/wp\/v2\/product_cat?post=24154"},{"taxonomy":"product_tag","embeddable":true,"href":"https:\/\/mystikus.com\/pt-pt\/wp-json\/wp\/v2\/product_tag?post=24154"}],"curies":[{"name":"wp","href":"https:\/\/api.w.org\/{rel}","templated":true}]}}