{"id":24650,"date":"2025-03-25T18:58:27","date_gmt":"2025-03-25T17:58:27","guid":{"rendered":"https:\/\/mystikus.com\/producto\/pecas-partidas-de-geodo-de-calcite\/"},"modified":"2025-03-25T18:58:27","modified_gmt":"2025-03-25T17:58:27","slug":"pecas-partidas-de-geodo-de-calcite","status":"publish","type":"product","link":"https:\/\/mystikus.com\/pt-pt\/producto\/pecas-partidas-de-geodo-de-calcite\/","title":{"rendered":"Pe\u00e7as partidas de geodo de calcite"},"content":{"rendered":"<pre>Pe\u00e7as partidas de geodo de calcite<\/pre>\n<div class=\"spec-desc\">Medida cm \u00b17<\/div>\n<div>\n<p>As pe\u00e7as de geodo de calcite com as suas forma\u00e7\u00f5es de cristal natural s\u00e3o ideais para projetos criativos, uso decorativo ou para melhorar o fluxo de energia num espa\u00e7o. Os geodos de calcite s\u00e3o frequentemente associados ao bom feng shui, fomentando o equil\u00edbrio e a energia positiva no lar. <\/p>\n<p><strong>Aten\u00e7\u00e3o:<br \/>\n<\/strong><em>Este \u00e9 um produto natural, pelo que a cor e a forma podem variar e diferir da foto mostrada.<\/em><\/p>\n<\/div>\n","protected":false},"excerpt":{"rendered":"<pre>Pe\u00e7as partidas de geodo de calcite<\/pre>\n<div class=\"spec-desc\">Medida cm \u00b17<\/div>\n<div>\n<p>As pe\u00e7as de geodo de calcite com as suas forma\u00e7\u00f5es de cristal natural s\u00e3o ideais para projetos criativos, uso decorativo ou para melhorar o fluxo de energia num espa\u00e7o. Os geodos de calcite s\u00e3o frequentemente associados ao bom feng shui, fomentando o equil\u00edbrio e a energia positiva no lar. <\/p>\n<p><strong>Aten\u00e7\u00e3o:<br \/>\n<\/strong><em>Este \u00e9 um produto natural, pelo que a cor e a forma podem variar e diferir da foto mostrada.<\/em><\/p>\n<\/div>\n","protected":false},"featured_media":256,"comment_status":"closed","ping_status":"closed","template":"","meta":[],"product_brand":[],"product_cat":[174,112,111],"product_tag":[],"class_list":{"0":"post-24650","1":"product","2":"type-product","3":"status-publish","4":"has-post-thumbnail","6":"product_cat-geodes-e-drusas","7":"product_cat-minerais","8":"product_cat-minerais-e-joias","10":"first","11":"instock","12":"shipping-taxable","13":"purchasable","14":"product-type-simple"},"yoast_head":"<!-- This site is optimized with the Yoast SEO plugin v27.2 - https:\/\/yoast.com\/product\/yoast-seo-wordpress\/ -->\n<title>Pe\u00e7as partidas de geodo de calcite - Mystikus<\/title>\n<meta name=\"robots\" content=\"index, follow, max-snippet:-1, max-image-preview:large, max-video-preview:-1\" \/>\n<link rel=\"canonical\" href=\"https:\/\/mystikus.com\/pt-pt\/producto\/pecas-partidas-de-geodo-de-calcite\/\" \/>\n<meta property=\"og:locale\" content=\"pt_PT\" \/>\n<meta property=\"og:type\" content=\"article\" \/>\n<meta property=\"og:title\" content=\"Pe\u00e7as partidas de geodo de calcite - Mystikus\" \/>\n<meta property=\"og:description\" content=\"Pe\u00e7as partidas de geodo de calcite Medida cm \u00b17  As pe\u00e7as de geodo de calcite com as suas forma\u00e7\u00f5es de cristal natural s\u00e3o ideais para projetos criativos, uso decorativo ou para melhorar o fluxo de energia num espa\u00e7o. Os geodos de calcite s\u00e3o frequentemente associados ao bom feng shui, fomentando o equil\u00edbrio e a energia positiva no lar.  Aten\u00e7\u00e3o: Este \u00e9 um produto natural, pelo que a cor e a forma podem variar e diferir da foto mostrada.\" \/>\n<meta property=\"og:url\" content=\"https:\/\/mystikus.com\/pt-pt\/producto\/pecas-partidas-de-geodo-de-calcite\/\" \/>\n<meta property=\"og:site_name\" content=\"Mystikus\" \/>\n<meta property=\"og:image\" content=\"https:\/\/mystikus.com\/wp-content\/uploads\/2025\/03\/99295.jpeg\" \/>\n\t<meta property=\"og:image:width\" content=\"800\" \/>\n\t<meta property=\"og:image:height\" content=\"800\" \/>\n\t<meta property=\"og:image:type\" content=\"image\/jpeg\" \/>\n<meta name=\"twitter:card\" content=\"summary_large_image\" \/>\n<script type=\"application\/ld+json\" class=\"yoast-schema-graph\">{\"@context\":\"https:\/\/schema.org\",\"@graph\":[{\"@type\":\"WebPage\",\"@id\":\"https:\/\/mystikus.com\/pt-pt\/producto\/pecas-partidas-de-geodo-de-calcite\/\",\"url\":\"https:\/\/mystikus.com\/pt-pt\/producto\/pecas-partidas-de-geodo-de-calcite\/\",\"name\":\"Pe\u00e7as partidas de geodo de calcite - Mystikus\",\"isPartOf\":{\"@id\":\"https:\/\/mystikus.com\/#website\"},\"primaryImageOfPage\":{\"@id\":\"https:\/\/mystikus.com\/pt-pt\/producto\/pecas-partidas-de-geodo-de-calcite\/#primaryimage\"},\"image\":{\"@id\":\"https:\/\/mystikus.com\/pt-pt\/producto\/pecas-partidas-de-geodo-de-calcite\/#primaryimage\"},\"thumbnailUrl\":\"https:\/\/mystikus.com\/wp-content\/uploads\/2025\/03\/99295.jpeg\",\"datePublished\":\"2025-03-25T17:58:27+00:00\",\"breadcrumb\":{\"@id\":\"https:\/\/mystikus.com\/pt-pt\/producto\/pecas-partidas-de-geodo-de-calcite\/#breadcrumb\"},\"inLanguage\":\"pt-PT\",\"potentialAction\":[{\"@type\":\"ReadAction\",\"target\":[\"https:\/\/mystikus.com\/pt-pt\/producto\/pecas-partidas-de-geodo-de-calcite\/\"]}]},{\"@type\":\"ImageObject\",\"inLanguage\":\"pt-PT\",\"@id\":\"https:\/\/mystikus.com\/pt-pt\/producto\/pecas-partidas-de-geodo-de-calcite\/#primaryimage\",\"url\":\"https:\/\/mystikus.com\/wp-content\/uploads\/2025\/03\/99295.jpeg\",\"contentUrl\":\"https:\/\/mystikus.com\/wp-content\/uploads\/2025\/03\/99295.jpeg\",\"width\":800,\"height\":800},{\"@type\":\"BreadcrumbList\",\"@id\":\"https:\/\/mystikus.com\/pt-pt\/producto\/pecas-partidas-de-geodo-de-calcite\/#breadcrumb\",\"itemListElement\":[{\"@type\":\"ListItem\",\"position\":1,\"name\":\"Portada\",\"item\":\"https:\/\/mystikus.com\/pt-pt\/inicio\/\"},{\"@type\":\"ListItem\",\"position\":2,\"name\":\"Loja\",\"item\":\"https:\/\/mystikus.com\/pt-pt\/loja\/\"},{\"@type\":\"ListItem\",\"position\":3,\"name\":\"Pe\u00e7as partidas de geodo de calcite\"}]},{\"@type\":\"WebSite\",\"@id\":\"https:\/\/mystikus.com\/#website\",\"url\":\"https:\/\/mystikus.com\/\",\"name\":\"Mystikus\",\"description\":\"\",\"publisher\":{\"@id\":\"https:\/\/mystikus.com\/#organization\"},\"potentialAction\":[{\"@type\":\"SearchAction\",\"target\":{\"@type\":\"EntryPoint\",\"urlTemplate\":\"https:\/\/mystikus.com\/?s={search_term_string}\"},\"query-input\":{\"@type\":\"PropertyValueSpecification\",\"valueRequired\":true,\"valueName\":\"search_term_string\"}}],\"inLanguage\":\"pt-PT\"},{\"@type\":\"Organization\",\"@id\":\"https:\/\/mystikus.com\/#organization\",\"name\":\"Mystikus\",\"url\":\"https:\/\/mystikus.com\/\",\"logo\":{\"@type\":\"ImageObject\",\"inLanguage\":\"pt-PT\",\"@id\":\"https:\/\/mystikus.com\/#\/schema\/logo\/image\/\",\"url\":\"https:\/\/mystikus.com\/wp-content\/uploads\/2025\/06\/logo-instgaram-shop.jpg\",\"contentUrl\":\"https:\/\/mystikus.com\/wp-content\/uploads\/2025\/06\/logo-instgaram-shop.jpg\",\"width\":227,\"height\":227,\"caption\":\"Mystikus\"},\"image\":{\"@id\":\"https:\/\/mystikus.com\/#\/schema\/logo\/image\/\"}}]}<\/script>\n<!-- \/ Yoast SEO plugin. -->","yoast_head_json":{"title":"Pe\u00e7as partidas de geodo de calcite - Mystikus","robots":{"index":"index","follow":"follow","max-snippet":"max-snippet:-1","max-image-preview":"max-image-preview:large","max-video-preview":"max-video-preview:-1"},"canonical":"https:\/\/mystikus.com\/pt-pt\/producto\/pecas-partidas-de-geodo-de-calcite\/","og_locale":"pt_PT","og_type":"article","og_title":"Pe\u00e7as partidas de geodo de calcite - Mystikus","og_description":"Pe\u00e7as partidas de geodo de calcite Medida cm \u00b17  As pe\u00e7as de geodo de calcite com as suas forma\u00e7\u00f5es de cristal natural s\u00e3o ideais para projetos criativos, uso decorativo ou para melhorar o fluxo de energia num espa\u00e7o. Os geodos de calcite s\u00e3o frequentemente associados ao bom feng shui, fomentando o equil\u00edbrio e a energia positiva no lar.  Aten\u00e7\u00e3o: Este \u00e9 um produto natural, pelo que a cor e a forma podem variar e diferir da foto mostrada.","og_url":"https:\/\/mystikus.com\/pt-pt\/producto\/pecas-partidas-de-geodo-de-calcite\/","og_site_name":"Mystikus","og_image":[{"width":800,"height":800,"url":"https:\/\/mystikus.com\/wp-content\/uploads\/2025\/03\/99295.jpeg","type":"image\/jpeg"}],"twitter_card":"summary_large_image","schema":{"@context":"https:\/\/schema.org","@graph":[{"@type":"WebPage","@id":"https:\/\/mystikus.com\/pt-pt\/producto\/pecas-partidas-de-geodo-de-calcite\/","url":"https:\/\/mystikus.com\/pt-pt\/producto\/pecas-partidas-de-geodo-de-calcite\/","name":"Pe\u00e7as partidas de geodo de calcite - Mystikus","isPartOf":{"@id":"https:\/\/mystikus.com\/#website"},"primaryImageOfPage":{"@id":"https:\/\/mystikus.com\/pt-pt\/producto\/pecas-partidas-de-geodo-de-calcite\/#primaryimage"},"image":{"@id":"https:\/\/mystikus.com\/pt-pt\/producto\/pecas-partidas-de-geodo-de-calcite\/#primaryimage"},"thumbnailUrl":"https:\/\/mystikus.com\/wp-content\/uploads\/2025\/03\/99295.jpeg","datePublished":"2025-03-25T17:58:27+00:00","breadcrumb":{"@id":"https:\/\/mystikus.com\/pt-pt\/producto\/pecas-partidas-de-geodo-de-calcite\/#breadcrumb"},"inLanguage":"pt-PT","potentialAction":[{"@type":"ReadAction","target":["https:\/\/mystikus.com\/pt-pt\/producto\/pecas-partidas-de-geodo-de-calcite\/"]}]},{"@type":"ImageObject","inLanguage":"pt-PT","@id":"https:\/\/mystikus.com\/pt-pt\/producto\/pecas-partidas-de-geodo-de-calcite\/#primaryimage","url":"https:\/\/mystikus.com\/wp-content\/uploads\/2025\/03\/99295.jpeg","contentUrl":"https:\/\/mystikus.com\/wp-content\/uploads\/2025\/03\/99295.jpeg","width":800,"height":800},{"@type":"BreadcrumbList","@id":"https:\/\/mystikus.com\/pt-pt\/producto\/pecas-partidas-de-geodo-de-calcite\/#breadcrumb","itemListElement":[{"@type":"ListItem","position":1,"name":"Portada","item":"https:\/\/mystikus.com\/pt-pt\/inicio\/"},{"@type":"ListItem","position":2,"name":"Loja","item":"https:\/\/mystikus.com\/pt-pt\/loja\/"},{"@type":"ListItem","position":3,"name":"Pe\u00e7as partidas de geodo de calcite"}]},{"@type":"WebSite","@id":"https:\/\/mystikus.com\/#website","url":"https:\/\/mystikus.com\/","name":"Mystikus","description":"","publisher":{"@id":"https:\/\/mystikus.com\/#organization"},"potentialAction":[{"@type":"SearchAction","target":{"@type":"EntryPoint","urlTemplate":"https:\/\/mystikus.com\/?s={search_term_string}"},"query-input":{"@type":"PropertyValueSpecification","valueRequired":true,"valueName":"search_term_string"}}],"inLanguage":"pt-PT"},{"@type":"Organization","@id":"https:\/\/mystikus.com\/#organization","name":"Mystikus","url":"https:\/\/mystikus.com\/","logo":{"@type":"ImageObject","inLanguage":"pt-PT","@id":"https:\/\/mystikus.com\/#\/schema\/logo\/image\/","url":"https:\/\/mystikus.com\/wp-content\/uploads\/2025\/06\/logo-instgaram-shop.jpg","contentUrl":"https:\/\/mystikus.com\/wp-content\/uploads\/2025\/06\/logo-instgaram-shop.jpg","width":227,"height":227,"caption":"Mystikus"},"image":{"@id":"https:\/\/mystikus.com\/#\/schema\/logo\/image\/"}}]}},"_links":{"self":[{"href":"https:\/\/mystikus.com\/pt-pt\/wp-json\/wp\/v2\/product\/24650","targetHints":{"allow":["GET"]}}],"collection":[{"href":"https:\/\/mystikus.com\/pt-pt\/wp-json\/wp\/v2\/product"}],"about":[{"href":"https:\/\/mystikus.com\/pt-pt\/wp-json\/wp\/v2\/types\/product"}],"replies":[{"embeddable":true,"href":"https:\/\/mystikus.com\/pt-pt\/wp-json\/wp\/v2\/comments?post=24650"}],"wp:featuredmedia":[{"embeddable":true,"href":"https:\/\/mystikus.com\/pt-pt\/wp-json\/wp\/v2\/media\/256"}],"wp:attachment":[{"href":"https:\/\/mystikus.com\/pt-pt\/wp-json\/wp\/v2\/media?parent=24650"}],"wp:term":[{"taxonomy":"product_brand","embeddable":true,"href":"https:\/\/mystikus.com\/pt-pt\/wp-json\/wp\/v2\/product_brand?post=24650"},{"taxonomy":"product_cat","embeddable":true,"href":"https:\/\/mystikus.com\/pt-pt\/wp-json\/wp\/v2\/product_cat?post=24650"},{"taxonomy":"product_tag","embeddable":true,"href":"https:\/\/mystikus.com\/pt-pt\/wp-json\/wp\/v2\/product_tag?post=24650"}],"curies":[{"name":"wp","href":"https:\/\/api.w.org\/{rel}","templated":true}]}}