{"id":24800,"date":"2025-05-08T17:59:16","date_gmt":"2025-05-08T15:59:16","guid":{"rendered":"https:\/\/mystikus.com\/producto\/vela-ritualizada-contra-a-inveja\/"},"modified":"2025-05-08T17:59:16","modified_gmt":"2025-05-08T15:59:16","slug":"vela-ritualizada-contra-a-inveja","status":"publish","type":"product","link":"https:\/\/mystikus.com\/pt-pt\/producto\/vela-ritualizada-contra-a-inveja\/","title":{"rendered":"Vela Ritualizada Contra a Inveja"},"content":{"rendered":"<p><strong>Prote\u00e7\u00e3o Contra a Inveja e o Mau-Olhado<\/strong><\/p>\n<p>Cont\u00e9m uma explica\u00e7\u00e3o detalhada \u2013 Ingredientes in\u00e9ditos, segundo as f\u00f3rmulas dos grandes magos.<\/p>\n<p>Acenda esta vela ritualizada e ative a energia que transforma, deixe que a magia siga o seu caminho<\/p>\n<p>As explica\u00e7\u00f5es podem ser solicitadas em qualquer idioma.<\/p>\n","protected":false},"excerpt":{"rendered":"<p><strong>Prote\u00e7\u00e3o Contra a Inveja e o Mau-Olhado<\/strong><\/p>\n<p>Cont\u00e9m uma explica\u00e7\u00e3o detalhada \u2013 Ingredientes in\u00e9ditos, segundo as f\u00f3rmulas dos grandes magos.<\/p>\n<p>Acenda esta vela ritualizada e ative a energia que transforma, deixe que a magia siga o seu caminho<\/p>\n<p>As explica\u00e7\u00f5es podem ser solicitadas em qualquer idioma.<\/p>\n","protected":false},"featured_media":534,"comment_status":"closed","ping_status":"closed","template":"","meta":[],"product_brand":[],"product_cat":[135,148,188,189],"product_tag":[],"class_list":{"0":"post-24800","1":"product","2":"type-product","3":"status-publish","4":"has-post-thumbnail","6":"product_cat-esotericos","7":"product_cat-mystikus-collection","8":"product_cat-vela-ritualizada","9":"product_cat-velas-ritualizadas","11":"first","12":"instock","13":"sale","14":"shipping-taxable","15":"purchasable","16":"product-type-simple"},"yoast_head":"<!-- This site is optimized with the Yoast SEO plugin v27.2 - https:\/\/yoast.com\/product\/yoast-seo-wordpress\/ -->\n<title>Vela Ritualizada Contra a Inveja - Mystikus<\/title>\n<meta name=\"robots\" content=\"index, follow, max-snippet:-1, max-image-preview:large, max-video-preview:-1\" \/>\n<link rel=\"canonical\" href=\"https:\/\/mystikus.com\/pt-pt\/producto\/vela-ritualizada-contra-a-inveja\/\" \/>\n<meta property=\"og:locale\" content=\"pt_PT\" \/>\n<meta property=\"og:type\" content=\"article\" \/>\n<meta property=\"og:title\" content=\"Vela Ritualizada Contra a Inveja - Mystikus\" \/>\n<meta property=\"og:description\" content=\"Prote\u00e7\u00e3o Contra a Inveja e o Mau-Olhado Cont\u00e9m uma explica\u00e7\u00e3o detalhada - Ingredientes in\u00e9ditos, segundo as f\u00f3rmulas dos grandes magos. Acenda esta vela ritualizada e ative a energia que transforma, deixe que a magia siga o seu caminho As explica\u00e7\u00f5es podem ser solicitadas em qualquer idioma.\" \/>\n<meta property=\"og:url\" content=\"https:\/\/mystikus.com\/pt-pt\/producto\/vela-ritualizada-contra-a-inveja\/\" \/>\n<meta property=\"og:site_name\" content=\"Mystikus\" \/>\n<meta property=\"og:image\" content=\"https:\/\/mystikus.com\/wp-content\/uploads\/2025\/05\/Vela-Rit-Contra-Envidia.jpg\" \/>\n\t<meta property=\"og:image:width\" content=\"1587\" \/>\n\t<meta property=\"og:image:height\" content=\"1476\" \/>\n\t<meta property=\"og:image:type\" content=\"image\/jpeg\" \/>\n<meta name=\"twitter:card\" content=\"summary_large_image\" \/>\n<script type=\"application\/ld+json\" class=\"yoast-schema-graph\">{\"@context\":\"https:\/\/schema.org\",\"@graph\":[{\"@type\":\"WebPage\",\"@id\":\"https:\/\/mystikus.com\/pt-pt\/producto\/vela-ritualizada-contra-a-inveja\/\",\"url\":\"https:\/\/mystikus.com\/pt-pt\/producto\/vela-ritualizada-contra-a-inveja\/\",\"name\":\"Vela Ritualizada Contra a Inveja - Mystikus\",\"isPartOf\":{\"@id\":\"https:\/\/mystikus.com\/#website\"},\"primaryImageOfPage\":{\"@id\":\"https:\/\/mystikus.com\/pt-pt\/producto\/vela-ritualizada-contra-a-inveja\/#primaryimage\"},\"image\":{\"@id\":\"https:\/\/mystikus.com\/pt-pt\/producto\/vela-ritualizada-contra-a-inveja\/#primaryimage\"},\"thumbnailUrl\":\"https:\/\/mystikus.com\/wp-content\/uploads\/2025\/05\/Vela-Rit-Contra-Envidia.jpg\",\"datePublished\":\"2025-05-08T15:59:16+00:00\",\"breadcrumb\":{\"@id\":\"https:\/\/mystikus.com\/pt-pt\/producto\/vela-ritualizada-contra-a-inveja\/#breadcrumb\"},\"inLanguage\":\"pt-PT\",\"potentialAction\":[{\"@type\":\"ReadAction\",\"target\":[\"https:\/\/mystikus.com\/pt-pt\/producto\/vela-ritualizada-contra-a-inveja\/\"]}]},{\"@type\":\"ImageObject\",\"inLanguage\":\"pt-PT\",\"@id\":\"https:\/\/mystikus.com\/pt-pt\/producto\/vela-ritualizada-contra-a-inveja\/#primaryimage\",\"url\":\"https:\/\/mystikus.com\/wp-content\/uploads\/2025\/05\/Vela-Rit-Contra-Envidia.jpg\",\"contentUrl\":\"https:\/\/mystikus.com\/wp-content\/uploads\/2025\/05\/Vela-Rit-Contra-Envidia.jpg\",\"width\":1587,\"height\":1476},{\"@type\":\"BreadcrumbList\",\"@id\":\"https:\/\/mystikus.com\/pt-pt\/producto\/vela-ritualizada-contra-a-inveja\/#breadcrumb\",\"itemListElement\":[{\"@type\":\"ListItem\",\"position\":1,\"name\":\"Portada\",\"item\":\"https:\/\/mystikus.com\/pt-pt\/inicio\/\"},{\"@type\":\"ListItem\",\"position\":2,\"name\":\"Loja\",\"item\":\"https:\/\/mystikus.com\/pt-pt\/loja\/\"},{\"@type\":\"ListItem\",\"position\":3,\"name\":\"Vela Ritualizada Contra a Inveja\"}]},{\"@type\":\"WebSite\",\"@id\":\"https:\/\/mystikus.com\/#website\",\"url\":\"https:\/\/mystikus.com\/\",\"name\":\"Mystikus\",\"description\":\"\",\"publisher\":{\"@id\":\"https:\/\/mystikus.com\/#organization\"},\"potentialAction\":[{\"@type\":\"SearchAction\",\"target\":{\"@type\":\"EntryPoint\",\"urlTemplate\":\"https:\/\/mystikus.com\/?s={search_term_string}\"},\"query-input\":{\"@type\":\"PropertyValueSpecification\",\"valueRequired\":true,\"valueName\":\"search_term_string\"}}],\"inLanguage\":\"pt-PT\"},{\"@type\":\"Organization\",\"@id\":\"https:\/\/mystikus.com\/#organization\",\"name\":\"Mystikus\",\"url\":\"https:\/\/mystikus.com\/\",\"logo\":{\"@type\":\"ImageObject\",\"inLanguage\":\"pt-PT\",\"@id\":\"https:\/\/mystikus.com\/#\/schema\/logo\/image\/\",\"url\":\"https:\/\/mystikus.com\/wp-content\/uploads\/2025\/06\/logo-instgaram-shop.jpg\",\"contentUrl\":\"https:\/\/mystikus.com\/wp-content\/uploads\/2025\/06\/logo-instgaram-shop.jpg\",\"width\":227,\"height\":227,\"caption\":\"Mystikus\"},\"image\":{\"@id\":\"https:\/\/mystikus.com\/#\/schema\/logo\/image\/\"}}]}<\/script>\n<!-- \/ Yoast SEO plugin. -->","yoast_head_json":{"title":"Vela Ritualizada Contra a Inveja - Mystikus","robots":{"index":"index","follow":"follow","max-snippet":"max-snippet:-1","max-image-preview":"max-image-preview:large","max-video-preview":"max-video-preview:-1"},"canonical":"https:\/\/mystikus.com\/pt-pt\/producto\/vela-ritualizada-contra-a-inveja\/","og_locale":"pt_PT","og_type":"article","og_title":"Vela Ritualizada Contra a Inveja - Mystikus","og_description":"Prote\u00e7\u00e3o Contra a Inveja e o Mau-Olhado Cont\u00e9m uma explica\u00e7\u00e3o detalhada - Ingredientes in\u00e9ditos, segundo as f\u00f3rmulas dos grandes magos. Acenda esta vela ritualizada e ative a energia que transforma, deixe que a magia siga o seu caminho As explica\u00e7\u00f5es podem ser solicitadas em qualquer idioma.","og_url":"https:\/\/mystikus.com\/pt-pt\/producto\/vela-ritualizada-contra-a-inveja\/","og_site_name":"Mystikus","og_image":[{"width":1587,"height":1476,"url":"https:\/\/mystikus.com\/wp-content\/uploads\/2025\/05\/Vela-Rit-Contra-Envidia.jpg","type":"image\/jpeg"}],"twitter_card":"summary_large_image","schema":{"@context":"https:\/\/schema.org","@graph":[{"@type":"WebPage","@id":"https:\/\/mystikus.com\/pt-pt\/producto\/vela-ritualizada-contra-a-inveja\/","url":"https:\/\/mystikus.com\/pt-pt\/producto\/vela-ritualizada-contra-a-inveja\/","name":"Vela Ritualizada Contra a Inveja - Mystikus","isPartOf":{"@id":"https:\/\/mystikus.com\/#website"},"primaryImageOfPage":{"@id":"https:\/\/mystikus.com\/pt-pt\/producto\/vela-ritualizada-contra-a-inveja\/#primaryimage"},"image":{"@id":"https:\/\/mystikus.com\/pt-pt\/producto\/vela-ritualizada-contra-a-inveja\/#primaryimage"},"thumbnailUrl":"https:\/\/mystikus.com\/wp-content\/uploads\/2025\/05\/Vela-Rit-Contra-Envidia.jpg","datePublished":"2025-05-08T15:59:16+00:00","breadcrumb":{"@id":"https:\/\/mystikus.com\/pt-pt\/producto\/vela-ritualizada-contra-a-inveja\/#breadcrumb"},"inLanguage":"pt-PT","potentialAction":[{"@type":"ReadAction","target":["https:\/\/mystikus.com\/pt-pt\/producto\/vela-ritualizada-contra-a-inveja\/"]}]},{"@type":"ImageObject","inLanguage":"pt-PT","@id":"https:\/\/mystikus.com\/pt-pt\/producto\/vela-ritualizada-contra-a-inveja\/#primaryimage","url":"https:\/\/mystikus.com\/wp-content\/uploads\/2025\/05\/Vela-Rit-Contra-Envidia.jpg","contentUrl":"https:\/\/mystikus.com\/wp-content\/uploads\/2025\/05\/Vela-Rit-Contra-Envidia.jpg","width":1587,"height":1476},{"@type":"BreadcrumbList","@id":"https:\/\/mystikus.com\/pt-pt\/producto\/vela-ritualizada-contra-a-inveja\/#breadcrumb","itemListElement":[{"@type":"ListItem","position":1,"name":"Portada","item":"https:\/\/mystikus.com\/pt-pt\/inicio\/"},{"@type":"ListItem","position":2,"name":"Loja","item":"https:\/\/mystikus.com\/pt-pt\/loja\/"},{"@type":"ListItem","position":3,"name":"Vela Ritualizada Contra a Inveja"}]},{"@type":"WebSite","@id":"https:\/\/mystikus.com\/#website","url":"https:\/\/mystikus.com\/","name":"Mystikus","description":"","publisher":{"@id":"https:\/\/mystikus.com\/#organization"},"potentialAction":[{"@type":"SearchAction","target":{"@type":"EntryPoint","urlTemplate":"https:\/\/mystikus.com\/?s={search_term_string}"},"query-input":{"@type":"PropertyValueSpecification","valueRequired":true,"valueName":"search_term_string"}}],"inLanguage":"pt-PT"},{"@type":"Organization","@id":"https:\/\/mystikus.com\/#organization","name":"Mystikus","url":"https:\/\/mystikus.com\/","logo":{"@type":"ImageObject","inLanguage":"pt-PT","@id":"https:\/\/mystikus.com\/#\/schema\/logo\/image\/","url":"https:\/\/mystikus.com\/wp-content\/uploads\/2025\/06\/logo-instgaram-shop.jpg","contentUrl":"https:\/\/mystikus.com\/wp-content\/uploads\/2025\/06\/logo-instgaram-shop.jpg","width":227,"height":227,"caption":"Mystikus"},"image":{"@id":"https:\/\/mystikus.com\/#\/schema\/logo\/image\/"}}]}},"_links":{"self":[{"href":"https:\/\/mystikus.com\/pt-pt\/wp-json\/wp\/v2\/product\/24800","targetHints":{"allow":["GET"]}}],"collection":[{"href":"https:\/\/mystikus.com\/pt-pt\/wp-json\/wp\/v2\/product"}],"about":[{"href":"https:\/\/mystikus.com\/pt-pt\/wp-json\/wp\/v2\/types\/product"}],"replies":[{"embeddable":true,"href":"https:\/\/mystikus.com\/pt-pt\/wp-json\/wp\/v2\/comments?post=24800"}],"wp:featuredmedia":[{"embeddable":true,"href":"https:\/\/mystikus.com\/pt-pt\/wp-json\/wp\/v2\/media\/534"}],"wp:attachment":[{"href":"https:\/\/mystikus.com\/pt-pt\/wp-json\/wp\/v2\/media?parent=24800"}],"wp:term":[{"taxonomy":"product_brand","embeddable":true,"href":"https:\/\/mystikus.com\/pt-pt\/wp-json\/wp\/v2\/product_brand?post=24800"},{"taxonomy":"product_cat","embeddable":true,"href":"https:\/\/mystikus.com\/pt-pt\/wp-json\/wp\/v2\/product_cat?post=24800"},{"taxonomy":"product_tag","embeddable":true,"href":"https:\/\/mystikus.com\/pt-pt\/wp-json\/wp\/v2\/product_tag?post=24800"}],"curies":[{"name":"wp","href":"https:\/\/api.w.org\/{rel}","templated":true}]}}