{"id":24991,"date":"2025-05-13T16:42:01","date_gmt":"2025-05-13T14:42:01","guid":{"rendered":"https:\/\/mystikus.com\/producto\/tarot-cosmico\/"},"modified":"2025-05-13T16:42:01","modified_gmt":"2025-05-13T14:42:01","slug":"tarot-cosmico","status":"publish","type":"product","link":"https:\/\/mystikus.com\/pt-pt\/producto\/tarot-cosmico\/","title":{"rendered":"Tarot C\u00f3smico"},"content":{"rendered":"<p><strong>Tarot C\u00f3smico<\/strong><\/p>\n<p data-start=\"145\" data-end=\"463\"><strong data-start=\"145\" data-end=\"181\">TAROT COSMIC (INCLUI 78 CARTAS)<\/strong><br data-start=\"181\" data-end=\"184\">Entre os tarots contempor\u00e2neos, o Tarot Cosmic destaca-se como um dos mais reconhecidos e apreciados. Este baralho integra ensinamentos esot\u00e9ricos tradicionais \u2014 como a astrologia, a numerologia cabal\u00edstica e a \u00c1rvore da Vida \u2014 sem requerer conhecimentos avan\u00e7ados para a sua utiliza\u00e7\u00e3o. <\/p>\n<p data-start=\"465\" data-end=\"730\">Gra\u00e7as \u00e0 for\u00e7a expressiva das suas ilustra\u00e7\u00f5es, transmite de forma clara e imediata os princ\u00edpios da sabedoria ancestral, o que o torna numa op\u00e7\u00e3o ideal tanto para principiantes como para quem n\u00e3o est\u00e1 familiarizado com as ci\u00eancias ocultas.<\/p>\n<p data-start=\"732\" data-end=\"949\">Cada carta do Tarot Cosmic \u00e9 facilmente compreens\u00edvel. As suas imagens, cheias de vida e simbolismo, permitem captar o significado de forma intuitiva, gra\u00e7as \u00e0s cenas representadas e ao uso harmonioso da cor. <\/p>\n<p data-start=\"951\" data-end=\"1167\">O criador do Tarot Cosmic, <strong data-start=\"980\" data-end=\"998\">Norbert L\u00f6sche<\/strong>, \u00e9 historiador de arte, pintor e especialista em tarot e esoterismo. As suas obras t\u00eam atra\u00eddo o interesse de amantes da arte e do simbolismo esot\u00e9rico em todo o mundo. <\/p>\n","protected":false},"excerpt":{"rendered":"<p><strong data-start=\"145\" data-end=\"181\">TAROT COSMIC <\/strong><\/p>\n<p><strong data-start=\"145\" data-end=\"181\">(INCLUI 78 CARTAS)<\/strong><\/p>\n","protected":false},"featured_media":829,"comment_status":"open","ping_status":"closed","template":"","meta":[],"product_brand":[],"product_cat":[178,209],"product_tag":[],"class_list":{"0":"post-24991","1":"product","2":"type-product","3":"status-publish","4":"has-post-thumbnail","6":"product_cat-adivinhacao","7":"product_cat-tarots","9":"first","10":"outofstock","11":"shipping-taxable","12":"purchasable","13":"product-type-simple"},"yoast_head":"<!-- This site is optimized with the Yoast SEO plugin v27.2 - https:\/\/yoast.com\/product\/yoast-seo-wordpress\/ -->\n<title>Tarot C\u00f3smico - Mystikus<\/title>\n<meta name=\"robots\" content=\"index, follow, max-snippet:-1, max-image-preview:large, max-video-preview:-1\" \/>\n<link rel=\"canonical\" href=\"https:\/\/mystikus.com\/pt-pt\/producto\/tarot-cosmico\/\" \/>\n<meta property=\"og:locale\" content=\"pt_PT\" \/>\n<meta property=\"og:type\" content=\"article\" \/>\n<meta property=\"og:title\" content=\"Tarot C\u00f3smico - Mystikus\" \/>\n<meta property=\"og:description\" content=\"TAROT COSMIC  (INCLUI 78 CARTAS)\" \/>\n<meta property=\"og:url\" content=\"https:\/\/mystikus.com\/pt-pt\/producto\/tarot-cosmico\/\" \/>\n<meta property=\"og:site_name\" content=\"Mystikus\" \/>\n<meta property=\"og:image\" content=\"https:\/\/mystikus.com\/wp-content\/uploads\/2025\/05\/tarot-cosmico.jpg\" \/>\n\t<meta property=\"og:image:width\" content=\"1587\" \/>\n\t<meta property=\"og:image:height\" content=\"1476\" \/>\n\t<meta property=\"og:image:type\" content=\"image\/jpeg\" \/>\n<meta name=\"twitter:card\" content=\"summary_large_image\" \/>\n<meta name=\"twitter:label1\" content=\"Tempo estimado de leitura\" \/>\n\t<meta name=\"twitter:data1\" content=\"1 minuto\" \/>\n<script type=\"application\/ld+json\" class=\"yoast-schema-graph\">{\"@context\":\"https:\/\/schema.org\",\"@graph\":[{\"@type\":\"WebPage\",\"@id\":\"https:\/\/mystikus.com\/pt-pt\/producto\/tarot-cosmico\/\",\"url\":\"https:\/\/mystikus.com\/pt-pt\/producto\/tarot-cosmico\/\",\"name\":\"Tarot C\u00f3smico - Mystikus\",\"isPartOf\":{\"@id\":\"https:\/\/mystikus.com\/#website\"},\"primaryImageOfPage\":{\"@id\":\"https:\/\/mystikus.com\/pt-pt\/producto\/tarot-cosmico\/#primaryimage\"},\"image\":{\"@id\":\"https:\/\/mystikus.com\/pt-pt\/producto\/tarot-cosmico\/#primaryimage\"},\"thumbnailUrl\":\"https:\/\/mystikus.com\/wp-content\/uploads\/2025\/05\/tarot-cosmico.jpg\",\"datePublished\":\"2025-05-13T14:42:01+00:00\",\"breadcrumb\":{\"@id\":\"https:\/\/mystikus.com\/pt-pt\/producto\/tarot-cosmico\/#breadcrumb\"},\"inLanguage\":\"pt-PT\",\"potentialAction\":[{\"@type\":\"ReadAction\",\"target\":[\"https:\/\/mystikus.com\/pt-pt\/producto\/tarot-cosmico\/\"]}]},{\"@type\":\"ImageObject\",\"inLanguage\":\"pt-PT\",\"@id\":\"https:\/\/mystikus.com\/pt-pt\/producto\/tarot-cosmico\/#primaryimage\",\"url\":\"https:\/\/mystikus.com\/wp-content\/uploads\/2025\/05\/tarot-cosmico.jpg\",\"contentUrl\":\"https:\/\/mystikus.com\/wp-content\/uploads\/2025\/05\/tarot-cosmico.jpg\",\"width\":1587,\"height\":1476},{\"@type\":\"BreadcrumbList\",\"@id\":\"https:\/\/mystikus.com\/pt-pt\/producto\/tarot-cosmico\/#breadcrumb\",\"itemListElement\":[{\"@type\":\"ListItem\",\"position\":1,\"name\":\"Portada\",\"item\":\"https:\/\/mystikus.com\/pt-pt\/inicio\/\"},{\"@type\":\"ListItem\",\"position\":2,\"name\":\"Loja\",\"item\":\"https:\/\/mystikus.com\/pt-pt\/loja\/\"},{\"@type\":\"ListItem\",\"position\":3,\"name\":\"Tarot C\u00f3smico\"}]},{\"@type\":\"WebSite\",\"@id\":\"https:\/\/mystikus.com\/#website\",\"url\":\"https:\/\/mystikus.com\/\",\"name\":\"Mystikus\",\"description\":\"\",\"publisher\":{\"@id\":\"https:\/\/mystikus.com\/#organization\"},\"potentialAction\":[{\"@type\":\"SearchAction\",\"target\":{\"@type\":\"EntryPoint\",\"urlTemplate\":\"https:\/\/mystikus.com\/?s={search_term_string}\"},\"query-input\":{\"@type\":\"PropertyValueSpecification\",\"valueRequired\":true,\"valueName\":\"search_term_string\"}}],\"inLanguage\":\"pt-PT\"},{\"@type\":\"Organization\",\"@id\":\"https:\/\/mystikus.com\/#organization\",\"name\":\"Mystikus\",\"url\":\"https:\/\/mystikus.com\/\",\"logo\":{\"@type\":\"ImageObject\",\"inLanguage\":\"pt-PT\",\"@id\":\"https:\/\/mystikus.com\/#\/schema\/logo\/image\/\",\"url\":\"https:\/\/mystikus.com\/wp-content\/uploads\/2025\/06\/logo-instgaram-shop.jpg\",\"contentUrl\":\"https:\/\/mystikus.com\/wp-content\/uploads\/2025\/06\/logo-instgaram-shop.jpg\",\"width\":227,\"height\":227,\"caption\":\"Mystikus\"},\"image\":{\"@id\":\"https:\/\/mystikus.com\/#\/schema\/logo\/image\/\"}}]}<\/script>\n<!-- \/ Yoast SEO plugin. -->","yoast_head_json":{"title":"Tarot C\u00f3smico - Mystikus","robots":{"index":"index","follow":"follow","max-snippet":"max-snippet:-1","max-image-preview":"max-image-preview:large","max-video-preview":"max-video-preview:-1"},"canonical":"https:\/\/mystikus.com\/pt-pt\/producto\/tarot-cosmico\/","og_locale":"pt_PT","og_type":"article","og_title":"Tarot C\u00f3smico - Mystikus","og_description":"TAROT COSMIC  (INCLUI 78 CARTAS)","og_url":"https:\/\/mystikus.com\/pt-pt\/producto\/tarot-cosmico\/","og_site_name":"Mystikus","og_image":[{"width":1587,"height":1476,"url":"https:\/\/mystikus.com\/wp-content\/uploads\/2025\/05\/tarot-cosmico.jpg","type":"image\/jpeg"}],"twitter_card":"summary_large_image","twitter_misc":{"Tempo estimado de leitura":"1 minuto"},"schema":{"@context":"https:\/\/schema.org","@graph":[{"@type":"WebPage","@id":"https:\/\/mystikus.com\/pt-pt\/producto\/tarot-cosmico\/","url":"https:\/\/mystikus.com\/pt-pt\/producto\/tarot-cosmico\/","name":"Tarot C\u00f3smico - Mystikus","isPartOf":{"@id":"https:\/\/mystikus.com\/#website"},"primaryImageOfPage":{"@id":"https:\/\/mystikus.com\/pt-pt\/producto\/tarot-cosmico\/#primaryimage"},"image":{"@id":"https:\/\/mystikus.com\/pt-pt\/producto\/tarot-cosmico\/#primaryimage"},"thumbnailUrl":"https:\/\/mystikus.com\/wp-content\/uploads\/2025\/05\/tarot-cosmico.jpg","datePublished":"2025-05-13T14:42:01+00:00","breadcrumb":{"@id":"https:\/\/mystikus.com\/pt-pt\/producto\/tarot-cosmico\/#breadcrumb"},"inLanguage":"pt-PT","potentialAction":[{"@type":"ReadAction","target":["https:\/\/mystikus.com\/pt-pt\/producto\/tarot-cosmico\/"]}]},{"@type":"ImageObject","inLanguage":"pt-PT","@id":"https:\/\/mystikus.com\/pt-pt\/producto\/tarot-cosmico\/#primaryimage","url":"https:\/\/mystikus.com\/wp-content\/uploads\/2025\/05\/tarot-cosmico.jpg","contentUrl":"https:\/\/mystikus.com\/wp-content\/uploads\/2025\/05\/tarot-cosmico.jpg","width":1587,"height":1476},{"@type":"BreadcrumbList","@id":"https:\/\/mystikus.com\/pt-pt\/producto\/tarot-cosmico\/#breadcrumb","itemListElement":[{"@type":"ListItem","position":1,"name":"Portada","item":"https:\/\/mystikus.com\/pt-pt\/inicio\/"},{"@type":"ListItem","position":2,"name":"Loja","item":"https:\/\/mystikus.com\/pt-pt\/loja\/"},{"@type":"ListItem","position":3,"name":"Tarot C\u00f3smico"}]},{"@type":"WebSite","@id":"https:\/\/mystikus.com\/#website","url":"https:\/\/mystikus.com\/","name":"Mystikus","description":"","publisher":{"@id":"https:\/\/mystikus.com\/#organization"},"potentialAction":[{"@type":"SearchAction","target":{"@type":"EntryPoint","urlTemplate":"https:\/\/mystikus.com\/?s={search_term_string}"},"query-input":{"@type":"PropertyValueSpecification","valueRequired":true,"valueName":"search_term_string"}}],"inLanguage":"pt-PT"},{"@type":"Organization","@id":"https:\/\/mystikus.com\/#organization","name":"Mystikus","url":"https:\/\/mystikus.com\/","logo":{"@type":"ImageObject","inLanguage":"pt-PT","@id":"https:\/\/mystikus.com\/#\/schema\/logo\/image\/","url":"https:\/\/mystikus.com\/wp-content\/uploads\/2025\/06\/logo-instgaram-shop.jpg","contentUrl":"https:\/\/mystikus.com\/wp-content\/uploads\/2025\/06\/logo-instgaram-shop.jpg","width":227,"height":227,"caption":"Mystikus"},"image":{"@id":"https:\/\/mystikus.com\/#\/schema\/logo\/image\/"}}]}},"_links":{"self":[{"href":"https:\/\/mystikus.com\/pt-pt\/wp-json\/wp\/v2\/product\/24991","targetHints":{"allow":["GET"]}}],"collection":[{"href":"https:\/\/mystikus.com\/pt-pt\/wp-json\/wp\/v2\/product"}],"about":[{"href":"https:\/\/mystikus.com\/pt-pt\/wp-json\/wp\/v2\/types\/product"}],"replies":[{"embeddable":true,"href":"https:\/\/mystikus.com\/pt-pt\/wp-json\/wp\/v2\/comments?post=24991"}],"wp:featuredmedia":[{"embeddable":true,"href":"https:\/\/mystikus.com\/pt-pt\/wp-json\/wp\/v2\/media\/829"}],"wp:attachment":[{"href":"https:\/\/mystikus.com\/pt-pt\/wp-json\/wp\/v2\/media?parent=24991"}],"wp:term":[{"taxonomy":"product_brand","embeddable":true,"href":"https:\/\/mystikus.com\/pt-pt\/wp-json\/wp\/v2\/product_brand?post=24991"},{"taxonomy":"product_cat","embeddable":true,"href":"https:\/\/mystikus.com\/pt-pt\/wp-json\/wp\/v2\/product_cat?post=24991"},{"taxonomy":"product_tag","embeddable":true,"href":"https:\/\/mystikus.com\/pt-pt\/wp-json\/wp\/v2\/product_tag?post=24991"}],"curies":[{"name":"wp","href":"https:\/\/api.w.org\/{rel}","templated":true}]}}