{"id":25334,"date":"2025-07-02T18:32:02","date_gmt":"2025-07-02T16:32:02","guid":{"rendered":"https:\/\/mystikus.com\/producto\/incenso-de-ervas-sem-bambu-com-suporte-serenity\/"},"modified":"2025-07-02T18:32:02","modified_gmt":"2025-07-02T16:32:02","slug":"incenso-de-ervas-sem-bambu-com-suporte-serenity","status":"publish","type":"product","link":"https:\/\/mystikus.com\/pt-pt\/producto\/incenso-de-ervas-sem-bambu-com-suporte-serenity\/","title":{"rendered":"Incenso de ervas sem bambu com suporte Serenity"},"content":{"rendered":"<p style=\"font-weight: 400;\">O Incenso de Ervas sem Bambu da Song of India \u00e9 elaborado de acordo com a antiga tradi\u00e7\u00e3o indiana, onde a queima de incenso \u00e9 praticada pelos seus benef\u00edcios terap\u00eauticos e calmantes. O Ayurveda prescreve a queima de incenso feito de ervas, resinas, especiarias e \u00f3leos como uma forma eficaz de purificar o ar e infundir-lhe uma rica fragr\u00e2ncia que encanta os sentidos. <\/p>\n<p><strong>Aroma:<\/strong> Notas oce\u00e2nicas<\/p>\n<p><b><strong>Acerca do produto<\/strong><\/b><br \/>\n50 varas de incenso sem n\u00facleo de bambu<br \/>\nQueimador de incenso de cer\u00e2mica artesanal<br \/>\nN\u00e3o t\u00f3xico, livre de qu\u00edmicos<br \/>\nEmbalagem: Papel reciclado feito \u00e0 m\u00e3o com informa\u00e7\u00f5es em ingl\u00eas<\/p>\n<p><b><strong>Ingredientes <\/strong><\/b><br \/>\nResina natural de incenso, carv\u00e3o ativado, \u00e1gua de cana-de-a\u00e7\u00facar, p\u00f3 de casca, p\u00f3 de madeira, \u00f3leos essenciais.<\/p>\n<p style=\"font-weight: 400;\"><b><strong>Ayurveda<\/strong><\/b><br \/>\nO Ayurveda foi revelado aos videntes da \u00cdndia h\u00e1 milhares de anos. \u00c9 a ci\u00eancia da longevidade que promove a sa\u00fade positiva, a beleza natural e a longa vida. A sa\u00fade \u00e9 mantida atrav\u00e9s do equil\u00edbrio de tr\u00eas Doshas ou energias subtis, conhecidas como Vata, Pitta e Kapha.  <\/p>\n","protected":false},"excerpt":{"rendered":"<p>Incenso de ervas sem bambu com suporte Serenity<\/p>\n<p>50 varetas de incenso sem n\u00facleo de bambu<br \/>\nQueimador de incenso de cer\u00e2mica artesanal<\/p>\n","protected":false},"featured_media":23716,"comment_status":"open","ping_status":"closed","template":"","meta":[],"product_brand":[],"product_cat":[121],"product_tag":[],"class_list":{"0":"post-25334","1":"product","2":"type-product","3":"status-publish","4":"has-post-thumbnail","6":"product_cat-incensos","8":"first","9":"instock","10":"shipping-taxable","11":"purchasable","12":"product-type-simple"},"yoast_head":"<!-- This site is optimized with the Yoast SEO plugin v27.2 - https:\/\/yoast.com\/product\/yoast-seo-wordpress\/ -->\n<title>Incenso de ervas sem bambu com suporte Serenity - Mystikus<\/title>\n<meta name=\"robots\" content=\"index, follow, max-snippet:-1, max-image-preview:large, max-video-preview:-1\" \/>\n<link rel=\"canonical\" href=\"https:\/\/mystikus.com\/pt-pt\/producto\/incenso-de-ervas-sem-bambu-com-suporte-serenity\/\" \/>\n<meta property=\"og:locale\" content=\"pt_PT\" \/>\n<meta property=\"og:type\" content=\"article\" \/>\n<meta property=\"og:title\" content=\"Incenso de ervas sem bambu com suporte Serenity - Mystikus\" \/>\n<meta property=\"og:description\" content=\"Incenso de ervas sem bambu com suporte Serenity 50 varetas de incenso sem n\u00facleo de bambu Queimador de incenso de cer\u00e2mica artesanal\" \/>\n<meta property=\"og:url\" content=\"https:\/\/mystikus.com\/pt-pt\/producto\/incenso-de-ervas-sem-bambu-com-suporte-serenity\/\" \/>\n<meta property=\"og:site_name\" content=\"Mystikus\" \/>\n<meta property=\"og:image\" content=\"https:\/\/mystikus.com\/wp-content\/uploads\/2025\/07\/Incienso-de-hierbas-sin-bamboo-con-soporte-Serenity.jpg\" \/>\n\t<meta property=\"og:image:width\" content=\"1587\" \/>\n\t<meta property=\"og:image:height\" content=\"1476\" \/>\n\t<meta property=\"og:image:type\" content=\"image\/jpeg\" \/>\n<meta name=\"twitter:card\" content=\"summary_large_image\" \/>\n<meta name=\"twitter:label1\" content=\"Tempo estimado de leitura\" \/>\n\t<meta name=\"twitter:data1\" content=\"1 minuto\" \/>\n<script type=\"application\/ld+json\" class=\"yoast-schema-graph\">{\"@context\":\"https:\/\/schema.org\",\"@graph\":[{\"@type\":\"WebPage\",\"@id\":\"https:\/\/mystikus.com\/pt-pt\/producto\/incenso-de-ervas-sem-bambu-com-suporte-serenity\/\",\"url\":\"https:\/\/mystikus.com\/pt-pt\/producto\/incenso-de-ervas-sem-bambu-com-suporte-serenity\/\",\"name\":\"Incenso de ervas sem bambu com suporte Serenity - Mystikus\",\"isPartOf\":{\"@id\":\"https:\/\/mystikus.com\/#website\"},\"primaryImageOfPage\":{\"@id\":\"https:\/\/mystikus.com\/pt-pt\/producto\/incenso-de-ervas-sem-bambu-com-suporte-serenity\/#primaryimage\"},\"image\":{\"@id\":\"https:\/\/mystikus.com\/pt-pt\/producto\/incenso-de-ervas-sem-bambu-com-suporte-serenity\/#primaryimage\"},\"thumbnailUrl\":\"https:\/\/mystikus.com\/wp-content\/uploads\/2025\/07\/Incienso-de-hierbas-sin-bamboo-con-soporte-Serenity.jpg\",\"datePublished\":\"2025-07-02T16:32:02+00:00\",\"breadcrumb\":{\"@id\":\"https:\/\/mystikus.com\/pt-pt\/producto\/incenso-de-ervas-sem-bambu-com-suporte-serenity\/#breadcrumb\"},\"inLanguage\":\"pt-PT\",\"potentialAction\":[{\"@type\":\"ReadAction\",\"target\":[\"https:\/\/mystikus.com\/pt-pt\/producto\/incenso-de-ervas-sem-bambu-com-suporte-serenity\/\"]}]},{\"@type\":\"ImageObject\",\"inLanguage\":\"pt-PT\",\"@id\":\"https:\/\/mystikus.com\/pt-pt\/producto\/incenso-de-ervas-sem-bambu-com-suporte-serenity\/#primaryimage\",\"url\":\"https:\/\/mystikus.com\/wp-content\/uploads\/2025\/07\/Incienso-de-hierbas-sin-bamboo-con-soporte-Serenity.jpg\",\"contentUrl\":\"https:\/\/mystikus.com\/wp-content\/uploads\/2025\/07\/Incienso-de-hierbas-sin-bamboo-con-soporte-Serenity.jpg\",\"width\":1587,\"height\":1476},{\"@type\":\"BreadcrumbList\",\"@id\":\"https:\/\/mystikus.com\/pt-pt\/producto\/incenso-de-ervas-sem-bambu-com-suporte-serenity\/#breadcrumb\",\"itemListElement\":[{\"@type\":\"ListItem\",\"position\":1,\"name\":\"Portada\",\"item\":\"https:\/\/mystikus.com\/pt-pt\/inicio\/\"},{\"@type\":\"ListItem\",\"position\":2,\"name\":\"Loja\",\"item\":\"https:\/\/mystikus.com\/pt-pt\/loja\/\"},{\"@type\":\"ListItem\",\"position\":3,\"name\":\"Incenso de ervas sem bambu com suporte Serenity\"}]},{\"@type\":\"WebSite\",\"@id\":\"https:\/\/mystikus.com\/#website\",\"url\":\"https:\/\/mystikus.com\/\",\"name\":\"Mystikus\",\"description\":\"\",\"publisher\":{\"@id\":\"https:\/\/mystikus.com\/#organization\"},\"potentialAction\":[{\"@type\":\"SearchAction\",\"target\":{\"@type\":\"EntryPoint\",\"urlTemplate\":\"https:\/\/mystikus.com\/?s={search_term_string}\"},\"query-input\":{\"@type\":\"PropertyValueSpecification\",\"valueRequired\":true,\"valueName\":\"search_term_string\"}}],\"inLanguage\":\"pt-PT\"},{\"@type\":\"Organization\",\"@id\":\"https:\/\/mystikus.com\/#organization\",\"name\":\"Mystikus\",\"url\":\"https:\/\/mystikus.com\/\",\"logo\":{\"@type\":\"ImageObject\",\"inLanguage\":\"pt-PT\",\"@id\":\"https:\/\/mystikus.com\/#\/schema\/logo\/image\/\",\"url\":\"https:\/\/mystikus.com\/wp-content\/uploads\/2025\/06\/logo-instgaram-shop.jpg\",\"contentUrl\":\"https:\/\/mystikus.com\/wp-content\/uploads\/2025\/06\/logo-instgaram-shop.jpg\",\"width\":227,\"height\":227,\"caption\":\"Mystikus\"},\"image\":{\"@id\":\"https:\/\/mystikus.com\/#\/schema\/logo\/image\/\"}}]}<\/script>\n<!-- \/ Yoast SEO plugin. -->","yoast_head_json":{"title":"Incenso de ervas sem bambu com suporte Serenity - Mystikus","robots":{"index":"index","follow":"follow","max-snippet":"max-snippet:-1","max-image-preview":"max-image-preview:large","max-video-preview":"max-video-preview:-1"},"canonical":"https:\/\/mystikus.com\/pt-pt\/producto\/incenso-de-ervas-sem-bambu-com-suporte-serenity\/","og_locale":"pt_PT","og_type":"article","og_title":"Incenso de ervas sem bambu com suporte Serenity - Mystikus","og_description":"Incenso de ervas sem bambu com suporte Serenity 50 varetas de incenso sem n\u00facleo de bambu Queimador de incenso de cer\u00e2mica artesanal","og_url":"https:\/\/mystikus.com\/pt-pt\/producto\/incenso-de-ervas-sem-bambu-com-suporte-serenity\/","og_site_name":"Mystikus","og_image":[{"width":1587,"height":1476,"url":"https:\/\/mystikus.com\/wp-content\/uploads\/2025\/07\/Incienso-de-hierbas-sin-bamboo-con-soporte-Serenity.jpg","type":"image\/jpeg"}],"twitter_card":"summary_large_image","twitter_misc":{"Tempo estimado de leitura":"1 minuto"},"schema":{"@context":"https:\/\/schema.org","@graph":[{"@type":"WebPage","@id":"https:\/\/mystikus.com\/pt-pt\/producto\/incenso-de-ervas-sem-bambu-com-suporte-serenity\/","url":"https:\/\/mystikus.com\/pt-pt\/producto\/incenso-de-ervas-sem-bambu-com-suporte-serenity\/","name":"Incenso de ervas sem bambu com suporte Serenity - Mystikus","isPartOf":{"@id":"https:\/\/mystikus.com\/#website"},"primaryImageOfPage":{"@id":"https:\/\/mystikus.com\/pt-pt\/producto\/incenso-de-ervas-sem-bambu-com-suporte-serenity\/#primaryimage"},"image":{"@id":"https:\/\/mystikus.com\/pt-pt\/producto\/incenso-de-ervas-sem-bambu-com-suporte-serenity\/#primaryimage"},"thumbnailUrl":"https:\/\/mystikus.com\/wp-content\/uploads\/2025\/07\/Incienso-de-hierbas-sin-bamboo-con-soporte-Serenity.jpg","datePublished":"2025-07-02T16:32:02+00:00","breadcrumb":{"@id":"https:\/\/mystikus.com\/pt-pt\/producto\/incenso-de-ervas-sem-bambu-com-suporte-serenity\/#breadcrumb"},"inLanguage":"pt-PT","potentialAction":[{"@type":"ReadAction","target":["https:\/\/mystikus.com\/pt-pt\/producto\/incenso-de-ervas-sem-bambu-com-suporte-serenity\/"]}]},{"@type":"ImageObject","inLanguage":"pt-PT","@id":"https:\/\/mystikus.com\/pt-pt\/producto\/incenso-de-ervas-sem-bambu-com-suporte-serenity\/#primaryimage","url":"https:\/\/mystikus.com\/wp-content\/uploads\/2025\/07\/Incienso-de-hierbas-sin-bamboo-con-soporte-Serenity.jpg","contentUrl":"https:\/\/mystikus.com\/wp-content\/uploads\/2025\/07\/Incienso-de-hierbas-sin-bamboo-con-soporte-Serenity.jpg","width":1587,"height":1476},{"@type":"BreadcrumbList","@id":"https:\/\/mystikus.com\/pt-pt\/producto\/incenso-de-ervas-sem-bambu-com-suporte-serenity\/#breadcrumb","itemListElement":[{"@type":"ListItem","position":1,"name":"Portada","item":"https:\/\/mystikus.com\/pt-pt\/inicio\/"},{"@type":"ListItem","position":2,"name":"Loja","item":"https:\/\/mystikus.com\/pt-pt\/loja\/"},{"@type":"ListItem","position":3,"name":"Incenso de ervas sem bambu com suporte Serenity"}]},{"@type":"WebSite","@id":"https:\/\/mystikus.com\/#website","url":"https:\/\/mystikus.com\/","name":"Mystikus","description":"","publisher":{"@id":"https:\/\/mystikus.com\/#organization"},"potentialAction":[{"@type":"SearchAction","target":{"@type":"EntryPoint","urlTemplate":"https:\/\/mystikus.com\/?s={search_term_string}"},"query-input":{"@type":"PropertyValueSpecification","valueRequired":true,"valueName":"search_term_string"}}],"inLanguage":"pt-PT"},{"@type":"Organization","@id":"https:\/\/mystikus.com\/#organization","name":"Mystikus","url":"https:\/\/mystikus.com\/","logo":{"@type":"ImageObject","inLanguage":"pt-PT","@id":"https:\/\/mystikus.com\/#\/schema\/logo\/image\/","url":"https:\/\/mystikus.com\/wp-content\/uploads\/2025\/06\/logo-instgaram-shop.jpg","contentUrl":"https:\/\/mystikus.com\/wp-content\/uploads\/2025\/06\/logo-instgaram-shop.jpg","width":227,"height":227,"caption":"Mystikus"},"image":{"@id":"https:\/\/mystikus.com\/#\/schema\/logo\/image\/"}}]}},"_links":{"self":[{"href":"https:\/\/mystikus.com\/pt-pt\/wp-json\/wp\/v2\/product\/25334","targetHints":{"allow":["GET"]}}],"collection":[{"href":"https:\/\/mystikus.com\/pt-pt\/wp-json\/wp\/v2\/product"}],"about":[{"href":"https:\/\/mystikus.com\/pt-pt\/wp-json\/wp\/v2\/types\/product"}],"replies":[{"embeddable":true,"href":"https:\/\/mystikus.com\/pt-pt\/wp-json\/wp\/v2\/comments?post=25334"}],"wp:featuredmedia":[{"embeddable":true,"href":"https:\/\/mystikus.com\/pt-pt\/wp-json\/wp\/v2\/media\/23716"}],"wp:attachment":[{"href":"https:\/\/mystikus.com\/pt-pt\/wp-json\/wp\/v2\/media?parent=25334"}],"wp:term":[{"taxonomy":"product_brand","embeddable":true,"href":"https:\/\/mystikus.com\/pt-pt\/wp-json\/wp\/v2\/product_brand?post=25334"},{"taxonomy":"product_cat","embeddable":true,"href":"https:\/\/mystikus.com\/pt-pt\/wp-json\/wp\/v2\/product_cat?post=25334"},{"taxonomy":"product_tag","embeddable":true,"href":"https:\/\/mystikus.com\/pt-pt\/wp-json\/wp\/v2\/product_tag?post=25334"}],"curies":[{"name":"wp","href":"https:\/\/api.w.org\/{rel}","templated":true}]}}