{"id":25375,"date":"2025-07-01T19:26:50","date_gmt":"2025-07-01T17:26:50","guid":{"rendered":"https:\/\/mystikus.com\/producto\/pulseira-zodiacal-touro-com-pedra-natural\/"},"modified":"2025-07-01T19:26:50","modified_gmt":"2025-07-01T17:26:50","slug":"pulseira-zodiacal-touro-com-pedra-natural","status":"publish","type":"product","link":"https:\/\/mystikus.com\/pt-pt\/producto\/pulseira-zodiacal-touro-com-pedra-natural\/","title":{"rendered":"Pulseira Zodiacal Touro com Pedra Natural"},"content":{"rendered":"<h3 data-start=\"210\" data-end=\"265\"><strong data-start=\"217\" data-end=\"265\">Pulseira Zodiacal Touro com Pedras Naturais<\/strong><\/h3>\n<p data-start=\"267\" data-end=\"625\">For\u00e7a, estabilidade e beleza: tr\u00eas pilares do signo Touro, representados nesta pulseira zodiacal \u00fanica. Concebida especialmente para os nascidos entre <strong data-start=\"423\" data-end=\"454\">20 de abril e 20 de maio<\/strong>, esta pe\u00e7a combina <strong data-start=\"475\" data-end=\"511\">tr\u00eas pedras naturais poderosas<\/strong> que harmonizam com a energia deste signo de terra: <\/p>\n","protected":false},"excerpt":{"rendered":"<p>Ajust\u00e1vel<\/p>\n<p>&nbsp;<\/p>\n","protected":false},"featured_media":23702,"comment_status":"closed","ping_status":"closed","template":"","meta":[],"product_brand":[],"product_cat":[111,133],"product_tag":[],"class_list":{"0":"post-25375","1":"product","2":"type-product","3":"status-publish","4":"has-post-thumbnail","6":"product_cat-minerais-e-joias","7":"product_cat-pulseiras","9":"first","10":"instock","11":"shipping-taxable","12":"purchasable","13":"product-type-simple"},"yoast_head":"<!-- This site is optimized with the Yoast SEO plugin v27.2 - https:\/\/yoast.com\/product\/yoast-seo-wordpress\/ -->\n<title>Pulseira Zodiacal Touro com Pedra Natural - Mystikus<\/title>\n<meta name=\"robots\" content=\"index, follow, max-snippet:-1, max-image-preview:large, max-video-preview:-1\" \/>\n<link rel=\"canonical\" href=\"https:\/\/mystikus.com\/pt-pt\/producto\/pulseira-zodiacal-touro-com-pedra-natural\/\" \/>\n<meta property=\"og:locale\" content=\"pt_PT\" \/>\n<meta property=\"og:type\" content=\"article\" \/>\n<meta property=\"og:title\" content=\"Pulseira Zodiacal Touro com Pedra Natural - Mystikus\" \/>\n<meta property=\"og:description\" content=\"Ajust\u00e1vel &nbsp;\" \/>\n<meta property=\"og:url\" content=\"https:\/\/mystikus.com\/pt-pt\/producto\/pulseira-zodiacal-touro-com-pedra-natural\/\" \/>\n<meta property=\"og:site_name\" content=\"Mystikus\" \/>\n<meta property=\"og:image\" content=\"https:\/\/mystikus.com\/wp-content\/uploads\/2025\/07\/Pulsera-Zodiacal-Tauro.jpg\" \/>\n\t<meta property=\"og:image:width\" content=\"1587\" \/>\n\t<meta property=\"og:image:height\" content=\"1476\" \/>\n\t<meta property=\"og:image:type\" content=\"image\/jpeg\" \/>\n<meta name=\"twitter:card\" content=\"summary_large_image\" \/>\n<script type=\"application\/ld+json\" class=\"yoast-schema-graph\">{\"@context\":\"https:\/\/schema.org\",\"@graph\":[{\"@type\":\"WebPage\",\"@id\":\"https:\/\/mystikus.com\/pt-pt\/producto\/pulseira-zodiacal-touro-com-pedra-natural\/\",\"url\":\"https:\/\/mystikus.com\/pt-pt\/producto\/pulseira-zodiacal-touro-com-pedra-natural\/\",\"name\":\"Pulseira Zodiacal Touro com Pedra Natural - Mystikus\",\"isPartOf\":{\"@id\":\"https:\/\/mystikus.com\/#website\"},\"primaryImageOfPage\":{\"@id\":\"https:\/\/mystikus.com\/pt-pt\/producto\/pulseira-zodiacal-touro-com-pedra-natural\/#primaryimage\"},\"image\":{\"@id\":\"https:\/\/mystikus.com\/pt-pt\/producto\/pulseira-zodiacal-touro-com-pedra-natural\/#primaryimage\"},\"thumbnailUrl\":\"https:\/\/mystikus.com\/wp-content\/uploads\/2025\/07\/Pulsera-Zodiacal-Tauro.jpg\",\"datePublished\":\"2025-07-01T17:26:50+00:00\",\"breadcrumb\":{\"@id\":\"https:\/\/mystikus.com\/pt-pt\/producto\/pulseira-zodiacal-touro-com-pedra-natural\/#breadcrumb\"},\"inLanguage\":\"pt-PT\",\"potentialAction\":[{\"@type\":\"ReadAction\",\"target\":[\"https:\/\/mystikus.com\/pt-pt\/producto\/pulseira-zodiacal-touro-com-pedra-natural\/\"]}]},{\"@type\":\"ImageObject\",\"inLanguage\":\"pt-PT\",\"@id\":\"https:\/\/mystikus.com\/pt-pt\/producto\/pulseira-zodiacal-touro-com-pedra-natural\/#primaryimage\",\"url\":\"https:\/\/mystikus.com\/wp-content\/uploads\/2025\/07\/Pulsera-Zodiacal-Tauro.jpg\",\"contentUrl\":\"https:\/\/mystikus.com\/wp-content\/uploads\/2025\/07\/Pulsera-Zodiacal-Tauro.jpg\",\"width\":1587,\"height\":1476},{\"@type\":\"BreadcrumbList\",\"@id\":\"https:\/\/mystikus.com\/pt-pt\/producto\/pulseira-zodiacal-touro-com-pedra-natural\/#breadcrumb\",\"itemListElement\":[{\"@type\":\"ListItem\",\"position\":1,\"name\":\"Portada\",\"item\":\"https:\/\/mystikus.com\/pt-pt\/inicio\/\"},{\"@type\":\"ListItem\",\"position\":2,\"name\":\"Loja\",\"item\":\"https:\/\/mystikus.com\/pt-pt\/loja\/\"},{\"@type\":\"ListItem\",\"position\":3,\"name\":\"Pulseira Zodiacal Touro com Pedra Natural\"}]},{\"@type\":\"WebSite\",\"@id\":\"https:\/\/mystikus.com\/#website\",\"url\":\"https:\/\/mystikus.com\/\",\"name\":\"Mystikus\",\"description\":\"\",\"publisher\":{\"@id\":\"https:\/\/mystikus.com\/#organization\"},\"potentialAction\":[{\"@type\":\"SearchAction\",\"target\":{\"@type\":\"EntryPoint\",\"urlTemplate\":\"https:\/\/mystikus.com\/?s={search_term_string}\"},\"query-input\":{\"@type\":\"PropertyValueSpecification\",\"valueRequired\":true,\"valueName\":\"search_term_string\"}}],\"inLanguage\":\"pt-PT\"},{\"@type\":\"Organization\",\"@id\":\"https:\/\/mystikus.com\/#organization\",\"name\":\"Mystikus\",\"url\":\"https:\/\/mystikus.com\/\",\"logo\":{\"@type\":\"ImageObject\",\"inLanguage\":\"pt-PT\",\"@id\":\"https:\/\/mystikus.com\/#\/schema\/logo\/image\/\",\"url\":\"https:\/\/mystikus.com\/wp-content\/uploads\/2025\/06\/logo-instgaram-shop.jpg\",\"contentUrl\":\"https:\/\/mystikus.com\/wp-content\/uploads\/2025\/06\/logo-instgaram-shop.jpg\",\"width\":227,\"height\":227,\"caption\":\"Mystikus\"},\"image\":{\"@id\":\"https:\/\/mystikus.com\/#\/schema\/logo\/image\/\"}}]}<\/script>\n<!-- \/ Yoast SEO plugin. -->","yoast_head_json":{"title":"Pulseira Zodiacal Touro com Pedra Natural - Mystikus","robots":{"index":"index","follow":"follow","max-snippet":"max-snippet:-1","max-image-preview":"max-image-preview:large","max-video-preview":"max-video-preview:-1"},"canonical":"https:\/\/mystikus.com\/pt-pt\/producto\/pulseira-zodiacal-touro-com-pedra-natural\/","og_locale":"pt_PT","og_type":"article","og_title":"Pulseira Zodiacal Touro com Pedra Natural - Mystikus","og_description":"Ajust\u00e1vel &nbsp;","og_url":"https:\/\/mystikus.com\/pt-pt\/producto\/pulseira-zodiacal-touro-com-pedra-natural\/","og_site_name":"Mystikus","og_image":[{"width":1587,"height":1476,"url":"https:\/\/mystikus.com\/wp-content\/uploads\/2025\/07\/Pulsera-Zodiacal-Tauro.jpg","type":"image\/jpeg"}],"twitter_card":"summary_large_image","schema":{"@context":"https:\/\/schema.org","@graph":[{"@type":"WebPage","@id":"https:\/\/mystikus.com\/pt-pt\/producto\/pulseira-zodiacal-touro-com-pedra-natural\/","url":"https:\/\/mystikus.com\/pt-pt\/producto\/pulseira-zodiacal-touro-com-pedra-natural\/","name":"Pulseira Zodiacal Touro com Pedra Natural - Mystikus","isPartOf":{"@id":"https:\/\/mystikus.com\/#website"},"primaryImageOfPage":{"@id":"https:\/\/mystikus.com\/pt-pt\/producto\/pulseira-zodiacal-touro-com-pedra-natural\/#primaryimage"},"image":{"@id":"https:\/\/mystikus.com\/pt-pt\/producto\/pulseira-zodiacal-touro-com-pedra-natural\/#primaryimage"},"thumbnailUrl":"https:\/\/mystikus.com\/wp-content\/uploads\/2025\/07\/Pulsera-Zodiacal-Tauro.jpg","datePublished":"2025-07-01T17:26:50+00:00","breadcrumb":{"@id":"https:\/\/mystikus.com\/pt-pt\/producto\/pulseira-zodiacal-touro-com-pedra-natural\/#breadcrumb"},"inLanguage":"pt-PT","potentialAction":[{"@type":"ReadAction","target":["https:\/\/mystikus.com\/pt-pt\/producto\/pulseira-zodiacal-touro-com-pedra-natural\/"]}]},{"@type":"ImageObject","inLanguage":"pt-PT","@id":"https:\/\/mystikus.com\/pt-pt\/producto\/pulseira-zodiacal-touro-com-pedra-natural\/#primaryimage","url":"https:\/\/mystikus.com\/wp-content\/uploads\/2025\/07\/Pulsera-Zodiacal-Tauro.jpg","contentUrl":"https:\/\/mystikus.com\/wp-content\/uploads\/2025\/07\/Pulsera-Zodiacal-Tauro.jpg","width":1587,"height":1476},{"@type":"BreadcrumbList","@id":"https:\/\/mystikus.com\/pt-pt\/producto\/pulseira-zodiacal-touro-com-pedra-natural\/#breadcrumb","itemListElement":[{"@type":"ListItem","position":1,"name":"Portada","item":"https:\/\/mystikus.com\/pt-pt\/inicio\/"},{"@type":"ListItem","position":2,"name":"Loja","item":"https:\/\/mystikus.com\/pt-pt\/loja\/"},{"@type":"ListItem","position":3,"name":"Pulseira Zodiacal Touro com Pedra Natural"}]},{"@type":"WebSite","@id":"https:\/\/mystikus.com\/#website","url":"https:\/\/mystikus.com\/","name":"Mystikus","description":"","publisher":{"@id":"https:\/\/mystikus.com\/#organization"},"potentialAction":[{"@type":"SearchAction","target":{"@type":"EntryPoint","urlTemplate":"https:\/\/mystikus.com\/?s={search_term_string}"},"query-input":{"@type":"PropertyValueSpecification","valueRequired":true,"valueName":"search_term_string"}}],"inLanguage":"pt-PT"},{"@type":"Organization","@id":"https:\/\/mystikus.com\/#organization","name":"Mystikus","url":"https:\/\/mystikus.com\/","logo":{"@type":"ImageObject","inLanguage":"pt-PT","@id":"https:\/\/mystikus.com\/#\/schema\/logo\/image\/","url":"https:\/\/mystikus.com\/wp-content\/uploads\/2025\/06\/logo-instgaram-shop.jpg","contentUrl":"https:\/\/mystikus.com\/wp-content\/uploads\/2025\/06\/logo-instgaram-shop.jpg","width":227,"height":227,"caption":"Mystikus"},"image":{"@id":"https:\/\/mystikus.com\/#\/schema\/logo\/image\/"}}]}},"_links":{"self":[{"href":"https:\/\/mystikus.com\/pt-pt\/wp-json\/wp\/v2\/product\/25375","targetHints":{"allow":["GET"]}}],"collection":[{"href":"https:\/\/mystikus.com\/pt-pt\/wp-json\/wp\/v2\/product"}],"about":[{"href":"https:\/\/mystikus.com\/pt-pt\/wp-json\/wp\/v2\/types\/product"}],"replies":[{"embeddable":true,"href":"https:\/\/mystikus.com\/pt-pt\/wp-json\/wp\/v2\/comments?post=25375"}],"wp:featuredmedia":[{"embeddable":true,"href":"https:\/\/mystikus.com\/pt-pt\/wp-json\/wp\/v2\/media\/23702"}],"wp:attachment":[{"href":"https:\/\/mystikus.com\/pt-pt\/wp-json\/wp\/v2\/media?parent=25375"}],"wp:term":[{"taxonomy":"product_brand","embeddable":true,"href":"https:\/\/mystikus.com\/pt-pt\/wp-json\/wp\/v2\/product_brand?post=25375"},{"taxonomy":"product_cat","embeddable":true,"href":"https:\/\/mystikus.com\/pt-pt\/wp-json\/wp\/v2\/product_cat?post=25375"},{"taxonomy":"product_tag","embeddable":true,"href":"https:\/\/mystikus.com\/pt-pt\/wp-json\/wp\/v2\/product_tag?post=25375"}],"curies":[{"name":"wp","href":"https:\/\/api.w.org\/{rel}","templated":true}]}}