{"id":25395,"date":"2025-06-30T18:19:11","date_gmt":"2025-06-30T16:19:11","guid":{"rendered":"https:\/\/mystikus.com\/producto\/barra-de-selenite-branca\/"},"modified":"2025-06-30T18:19:11","modified_gmt":"2025-06-30T16:19:11","slug":"barra-de-selenite-branca","status":"publish","type":"product","link":"https:\/\/mystikus.com\/pt-pt\/producto\/barra-de-selenite-branca\/","title":{"rendered":"Barra de Selenite Branca"},"content":{"rendered":"<h3 data-start=\"160\" data-end=\"219\"><strong data-start=\"167\" data-end=\"219\">Descri\u00e7\u00e3o esot\u00e9rica \u2013 Barra de Selenite Branca<\/strong><\/h3>\n<p data-start=\"221\" data-end=\"270\"><strong data-start=\"221\" data-end=\"245\">Nome do artigo:<\/strong> Barra de Selenite Branca<\/p>\n<p data-start=\"272\" data-end=\"298\"><strong data-start=\"272\" data-end=\"298\">Descri\u00e7\u00e3o esot\u00e9rica:<\/strong><\/p>\n<p data-start=\"300\" data-end=\"601\">A <strong data-start=\"303\" data-end=\"322\">Selenite Branca<\/strong> \u00e9 uma das pedras mais puras e elevadas no mundo da cristaloterapia. Atribui-se-lhe a capacidade de <strong data-start=\"432\" data-end=\"493\">limpar, alinhar e elevar a energia pessoal e ambiental<\/strong>. N\u00e3o absorve energia negativa, mas dissolve-a, funcionando como um canal de luz divina e paz profunda.  <\/p>\n<p data-start=\"603\" data-end=\"833\">Em forma de barra, a Selenite \u00e9 ideal para direcionar energia de purifica\u00e7\u00e3o ao longo do corpo ou do espa\u00e7o. \u00c9 muito utilizada para <strong data-start=\"739\" data-end=\"766\">limpar outros cristais<\/strong>, equilibrar chakras e conectar com planos espirituais superiores. <\/p>\n<hr data-start=\"835\" data-end=\"838\">\n<h3 data-start=\"840\" data-end=\"879\"><strong data-start=\"846\" data-end=\"879\">Propriedades esot\u00e9ricas chave:<\/strong><\/h3>\n<ul data-start=\"881\" data-end=\"1201\">\n<li data-start=\"881\" data-end=\"947\">\n<p data-start=\"883\" data-end=\"947\"><strong data-start=\"883\" data-end=\"945\">Ativa o chakra da coroa e conecta com a sabedoria divina.<\/strong><\/p>\n<\/li>\n<li data-start=\"948\" data-end=\"1015\">\n<p data-start=\"950\" data-end=\"1015\"><strong data-start=\"950\" data-end=\"1013\">Limpa a energia de pessoas, ambientes e outros cristais.<\/strong><\/p>\n<\/li>\n<li data-start=\"1016\" data-end=\"1082\">\n<p data-start=\"1018\" data-end=\"1082\"><strong data-start=\"1018\" data-end=\"1080\">Favorece estados de paz, relaxamento e medita\u00e7\u00e3o profunda.<\/strong><\/p>\n<\/li>\n<li data-start=\"1083\" data-end=\"1139\">\n<p data-start=\"1085\" data-end=\"1139\"><strong data-start=\"1085\" data-end=\"1137\">Protege a aura e fortalece o campo energ\u00e9tico.<\/strong><\/p>\n<\/li>\n<li data-start=\"1140\" data-end=\"1201\">\n<p data-start=\"1142\" data-end=\"1201\"><strong data-start=\"1142\" data-end=\"1201\">Ajuda a acalmar a mente e a dissolver a confus\u00e3o mental.<\/strong><\/p>\n<\/li>\n<\/ul>\n<hr data-start=\"1203\" data-end=\"1206\">\n<h3 data-start=\"1208\" data-end=\"1237\"><strong data-start=\"1215\" data-end=\"1237\">Usos recomendados:<\/strong><\/h3>\n<ol data-start=\"1239\" data-end=\"1607\">\n<li data-start=\"1239\" data-end=\"1300\">\n<p data-start=\"1242\" data-end=\"1300\"><strong data-start=\"1242\" data-end=\"1298\">Passar a barra sobre o corpo para limpar a aura.<\/strong><\/p>\n<\/li>\n<li data-start=\"1301\" data-end=\"1382\">\n<p data-start=\"1304\" data-end=\"1382\"><strong data-start=\"1304\" data-end=\"1380\">Colocar em espa\u00e7os de medita\u00e7\u00e3o ou descanso para harmonizar o ambiente.<\/strong><\/p>\n<\/li>\n<li data-start=\"1383\" data-end=\"1454\">\n<p data-start=\"1386\" data-end=\"1454\"><strong data-start=\"1386\" data-end=\"1452\">Usar como ferramenta para recarregar e limpar outros cristais.<\/strong><\/p>\n<\/li>\n<li data-start=\"1455\" data-end=\"1525\">\n<p data-start=\"1458\" data-end=\"1525\"><strong data-start=\"1458\" data-end=\"1523\">Ideal para rituais de luz, prote\u00e7\u00e3o e conex\u00e3o espiritual.<\/strong><\/p>\n<\/li>\n<li data-start=\"1526\" data-end=\"1607\">\n<p data-start=\"1529\" data-end=\"1607\"><strong data-start=\"1529\" data-end=\"1607\">Ubicar perto da cama para promover sonhos tranquilos e clareza mental.<\/strong><\/p>\n<\/li>\n<\/ol>\n","protected":false},"excerpt":{"rendered":"<h3 data-start=\"160\" data-end=\"219\"><strong data-start=\"167\" data-end=\"219\">Barra de Selenite Branca<\/strong><\/h3>\n<h3 data-start=\"169\" data-end=\"228\"><span style=\"font-size: 1rem; white-space-collapse: preserve;\">Tamanho 3 cm<\/span><\/h3>\n","protected":false},"featured_media":23692,"comment_status":"open","ping_status":"closed","template":"","meta":[],"product_brand":[],"product_cat":[112,113],"product_tag":[],"class_list":{"0":"post-25395","1":"product","2":"type-product","3":"status-publish","4":"has-post-thumbnail","6":"product_cat-minerais","7":"product_cat-rolados","9":"first","10":"instock","11":"shipping-taxable","12":"purchasable","13":"product-type-simple"},"yoast_head":"<!-- This site is optimized with the Yoast SEO plugin v27.2 - https:\/\/yoast.com\/product\/yoast-seo-wordpress\/ -->\n<title>Barra de Selenite Branca - Mystikus<\/title>\n<meta name=\"robots\" content=\"index, follow, max-snippet:-1, max-image-preview:large, max-video-preview:-1\" \/>\n<link rel=\"canonical\" href=\"https:\/\/mystikus.com\/pt-pt\/producto\/barra-de-selenite-branca\/\" \/>\n<meta property=\"og:locale\" content=\"pt_PT\" \/>\n<meta property=\"og:type\" content=\"article\" \/>\n<meta property=\"og:title\" content=\"Barra de Selenite Branca - Mystikus\" \/>\n<meta property=\"og:description\" content=\"Barra de Selenite Branca Tamanho 3 cm\" \/>\n<meta property=\"og:url\" content=\"https:\/\/mystikus.com\/pt-pt\/producto\/barra-de-selenite-branca\/\" \/>\n<meta property=\"og:site_name\" content=\"Mystikus\" \/>\n<meta property=\"og:image\" content=\"https:\/\/mystikus.com\/wp-content\/uploads\/2025\/06\/Barra-de-Selenita-Blanca.jpg\" \/>\n\t<meta property=\"og:image:width\" content=\"1587\" \/>\n\t<meta property=\"og:image:height\" content=\"1476\" \/>\n\t<meta property=\"og:image:type\" content=\"image\/jpeg\" \/>\n<meta name=\"twitter:card\" content=\"summary_large_image\" \/>\n<meta name=\"twitter:label1\" content=\"Tempo estimado de leitura\" \/>\n\t<meta name=\"twitter:data1\" content=\"1 minuto\" \/>\n<script type=\"application\/ld+json\" class=\"yoast-schema-graph\">{\"@context\":\"https:\/\/schema.org\",\"@graph\":[{\"@type\":\"WebPage\",\"@id\":\"https:\/\/mystikus.com\/pt-pt\/producto\/barra-de-selenite-branca\/\",\"url\":\"https:\/\/mystikus.com\/pt-pt\/producto\/barra-de-selenite-branca\/\",\"name\":\"Barra de Selenite Branca - Mystikus\",\"isPartOf\":{\"@id\":\"https:\/\/mystikus.com\/#website\"},\"primaryImageOfPage\":{\"@id\":\"https:\/\/mystikus.com\/pt-pt\/producto\/barra-de-selenite-branca\/#primaryimage\"},\"image\":{\"@id\":\"https:\/\/mystikus.com\/pt-pt\/producto\/barra-de-selenite-branca\/#primaryimage\"},\"thumbnailUrl\":\"https:\/\/mystikus.com\/wp-content\/uploads\/2025\/06\/Barra-de-Selenita-Blanca.jpg\",\"datePublished\":\"2025-06-30T16:19:11+00:00\",\"breadcrumb\":{\"@id\":\"https:\/\/mystikus.com\/pt-pt\/producto\/barra-de-selenite-branca\/#breadcrumb\"},\"inLanguage\":\"pt-PT\",\"potentialAction\":[{\"@type\":\"ReadAction\",\"target\":[\"https:\/\/mystikus.com\/pt-pt\/producto\/barra-de-selenite-branca\/\"]}]},{\"@type\":\"ImageObject\",\"inLanguage\":\"pt-PT\",\"@id\":\"https:\/\/mystikus.com\/pt-pt\/producto\/barra-de-selenite-branca\/#primaryimage\",\"url\":\"https:\/\/mystikus.com\/wp-content\/uploads\/2025\/06\/Barra-de-Selenita-Blanca.jpg\",\"contentUrl\":\"https:\/\/mystikus.com\/wp-content\/uploads\/2025\/06\/Barra-de-Selenita-Blanca.jpg\",\"width\":1587,\"height\":1476},{\"@type\":\"BreadcrumbList\",\"@id\":\"https:\/\/mystikus.com\/pt-pt\/producto\/barra-de-selenite-branca\/#breadcrumb\",\"itemListElement\":[{\"@type\":\"ListItem\",\"position\":1,\"name\":\"Portada\",\"item\":\"https:\/\/mystikus.com\/pt-pt\/inicio\/\"},{\"@type\":\"ListItem\",\"position\":2,\"name\":\"Loja\",\"item\":\"https:\/\/mystikus.com\/pt-pt\/loja\/\"},{\"@type\":\"ListItem\",\"position\":3,\"name\":\"Barra de Selenite Branca\"}]},{\"@type\":\"WebSite\",\"@id\":\"https:\/\/mystikus.com\/#website\",\"url\":\"https:\/\/mystikus.com\/\",\"name\":\"Mystikus\",\"description\":\"\",\"publisher\":{\"@id\":\"https:\/\/mystikus.com\/#organization\"},\"potentialAction\":[{\"@type\":\"SearchAction\",\"target\":{\"@type\":\"EntryPoint\",\"urlTemplate\":\"https:\/\/mystikus.com\/?s={search_term_string}\"},\"query-input\":{\"@type\":\"PropertyValueSpecification\",\"valueRequired\":true,\"valueName\":\"search_term_string\"}}],\"inLanguage\":\"pt-PT\"},{\"@type\":\"Organization\",\"@id\":\"https:\/\/mystikus.com\/#organization\",\"name\":\"Mystikus\",\"url\":\"https:\/\/mystikus.com\/\",\"logo\":{\"@type\":\"ImageObject\",\"inLanguage\":\"pt-PT\",\"@id\":\"https:\/\/mystikus.com\/#\/schema\/logo\/image\/\",\"url\":\"https:\/\/mystikus.com\/wp-content\/uploads\/2025\/06\/logo-instgaram-shop.jpg\",\"contentUrl\":\"https:\/\/mystikus.com\/wp-content\/uploads\/2025\/06\/logo-instgaram-shop.jpg\",\"width\":227,\"height\":227,\"caption\":\"Mystikus\"},\"image\":{\"@id\":\"https:\/\/mystikus.com\/#\/schema\/logo\/image\/\"}}]}<\/script>\n<!-- \/ Yoast SEO plugin. -->","yoast_head_json":{"title":"Barra de Selenite Branca - Mystikus","robots":{"index":"index","follow":"follow","max-snippet":"max-snippet:-1","max-image-preview":"max-image-preview:large","max-video-preview":"max-video-preview:-1"},"canonical":"https:\/\/mystikus.com\/pt-pt\/producto\/barra-de-selenite-branca\/","og_locale":"pt_PT","og_type":"article","og_title":"Barra de Selenite Branca - Mystikus","og_description":"Barra de Selenite Branca Tamanho 3 cm","og_url":"https:\/\/mystikus.com\/pt-pt\/producto\/barra-de-selenite-branca\/","og_site_name":"Mystikus","og_image":[{"width":1587,"height":1476,"url":"https:\/\/mystikus.com\/wp-content\/uploads\/2025\/06\/Barra-de-Selenita-Blanca.jpg","type":"image\/jpeg"}],"twitter_card":"summary_large_image","twitter_misc":{"Tempo estimado de leitura":"1 minuto"},"schema":{"@context":"https:\/\/schema.org","@graph":[{"@type":"WebPage","@id":"https:\/\/mystikus.com\/pt-pt\/producto\/barra-de-selenite-branca\/","url":"https:\/\/mystikus.com\/pt-pt\/producto\/barra-de-selenite-branca\/","name":"Barra de Selenite Branca - Mystikus","isPartOf":{"@id":"https:\/\/mystikus.com\/#website"},"primaryImageOfPage":{"@id":"https:\/\/mystikus.com\/pt-pt\/producto\/barra-de-selenite-branca\/#primaryimage"},"image":{"@id":"https:\/\/mystikus.com\/pt-pt\/producto\/barra-de-selenite-branca\/#primaryimage"},"thumbnailUrl":"https:\/\/mystikus.com\/wp-content\/uploads\/2025\/06\/Barra-de-Selenita-Blanca.jpg","datePublished":"2025-06-30T16:19:11+00:00","breadcrumb":{"@id":"https:\/\/mystikus.com\/pt-pt\/producto\/barra-de-selenite-branca\/#breadcrumb"},"inLanguage":"pt-PT","potentialAction":[{"@type":"ReadAction","target":["https:\/\/mystikus.com\/pt-pt\/producto\/barra-de-selenite-branca\/"]}]},{"@type":"ImageObject","inLanguage":"pt-PT","@id":"https:\/\/mystikus.com\/pt-pt\/producto\/barra-de-selenite-branca\/#primaryimage","url":"https:\/\/mystikus.com\/wp-content\/uploads\/2025\/06\/Barra-de-Selenita-Blanca.jpg","contentUrl":"https:\/\/mystikus.com\/wp-content\/uploads\/2025\/06\/Barra-de-Selenita-Blanca.jpg","width":1587,"height":1476},{"@type":"BreadcrumbList","@id":"https:\/\/mystikus.com\/pt-pt\/producto\/barra-de-selenite-branca\/#breadcrumb","itemListElement":[{"@type":"ListItem","position":1,"name":"Portada","item":"https:\/\/mystikus.com\/pt-pt\/inicio\/"},{"@type":"ListItem","position":2,"name":"Loja","item":"https:\/\/mystikus.com\/pt-pt\/loja\/"},{"@type":"ListItem","position":3,"name":"Barra de Selenite Branca"}]},{"@type":"WebSite","@id":"https:\/\/mystikus.com\/#website","url":"https:\/\/mystikus.com\/","name":"Mystikus","description":"","publisher":{"@id":"https:\/\/mystikus.com\/#organization"},"potentialAction":[{"@type":"SearchAction","target":{"@type":"EntryPoint","urlTemplate":"https:\/\/mystikus.com\/?s={search_term_string}"},"query-input":{"@type":"PropertyValueSpecification","valueRequired":true,"valueName":"search_term_string"}}],"inLanguage":"pt-PT"},{"@type":"Organization","@id":"https:\/\/mystikus.com\/#organization","name":"Mystikus","url":"https:\/\/mystikus.com\/","logo":{"@type":"ImageObject","inLanguage":"pt-PT","@id":"https:\/\/mystikus.com\/#\/schema\/logo\/image\/","url":"https:\/\/mystikus.com\/wp-content\/uploads\/2025\/06\/logo-instgaram-shop.jpg","contentUrl":"https:\/\/mystikus.com\/wp-content\/uploads\/2025\/06\/logo-instgaram-shop.jpg","width":227,"height":227,"caption":"Mystikus"},"image":{"@id":"https:\/\/mystikus.com\/#\/schema\/logo\/image\/"}}]}},"_links":{"self":[{"href":"https:\/\/mystikus.com\/pt-pt\/wp-json\/wp\/v2\/product\/25395","targetHints":{"allow":["GET"]}}],"collection":[{"href":"https:\/\/mystikus.com\/pt-pt\/wp-json\/wp\/v2\/product"}],"about":[{"href":"https:\/\/mystikus.com\/pt-pt\/wp-json\/wp\/v2\/types\/product"}],"replies":[{"embeddable":true,"href":"https:\/\/mystikus.com\/pt-pt\/wp-json\/wp\/v2\/comments?post=25395"}],"wp:featuredmedia":[{"embeddable":true,"href":"https:\/\/mystikus.com\/pt-pt\/wp-json\/wp\/v2\/media\/23692"}],"wp:attachment":[{"href":"https:\/\/mystikus.com\/pt-pt\/wp-json\/wp\/v2\/media?parent=25395"}],"wp:term":[{"taxonomy":"product_brand","embeddable":true,"href":"https:\/\/mystikus.com\/pt-pt\/wp-json\/wp\/v2\/product_brand?post=25395"},{"taxonomy":"product_cat","embeddable":true,"href":"https:\/\/mystikus.com\/pt-pt\/wp-json\/wp\/v2\/product_cat?post=25395"},{"taxonomy":"product_tag","embeddable":true,"href":"https:\/\/mystikus.com\/pt-pt\/wp-json\/wp\/v2\/product_tag?post=25395"}],"curies":[{"name":"wp","href":"https:\/\/api.w.org\/{rel}","templated":true}]}}