{"id":25599,"date":"2025-06-30T18:04:18","date_gmt":"2025-06-30T16:04:18","guid":{"rendered":"https:\/\/mystikus.com\/producto\/ponta-de-apatite-azul\/"},"modified":"2025-06-30T18:04:18","modified_gmt":"2025-06-30T16:04:18","slug":"ponta-de-apatite-azul","status":"publish","type":"product","link":"https:\/\/mystikus.com\/pt-pt\/producto\/ponta-de-apatite-azul\/","title":{"rendered":"Ponta de Apatite Azul"},"content":{"rendered":"<h3 data-start=\"169\" data-end=\"228\"><strong data-start=\"176\" data-end=\"228\">D<\/strong><strong data-start=\"131\" data-end=\"180\">escri\u00e7\u00e3o esot\u00e9rica \u2013 Ponta de Apatite Azul<\/strong><\/h3>\n<p data-start=\"182\" data-end=\"228\"><strong data-start=\"182\" data-end=\"206\">Nome do artigo:<\/strong> Ponta de Apatite Azul<\/p>\n<p data-start=\"230\" data-end=\"256\"><strong data-start=\"230\" data-end=\"256\">Descri\u00e7\u00e3o esot\u00e9rica:<\/strong><\/p>\n<p data-start=\"258\" data-end=\"626\">A <strong data-start=\"261\" data-end=\"277\">Apatite Azul<\/strong> \u00e9 uma pedra de <strong data-start=\"295\" data-end=\"358\">inspira\u00e7\u00e3o, comunica\u00e7\u00e3o consciente e expans\u00e3o espiritual<\/strong>. A sua vibra\u00e7\u00e3o eleva a mente e a alma, conectando com planos superiores de sabedoria, ao mesmo tempo que estimula a express\u00e3o clara de pensamentos e emo\u00e7\u00f5es. \u00c9 especialmente poderosa para quem deseja falar a partir do cora\u00e7\u00e3o e manifestar a sua verdade com autenticidade.  <\/p>\n<p data-start=\"628\" data-end=\"834\">Em forma de ponta, a Apatite Azul canaliza a sua energia para o despertar interior, ajudando a superar bloqueios mentais, elevar a consci\u00eancia e abrir o caminho para a autoexpress\u00e3o criativa e espiritual.<\/p>\n<hr data-start=\"836\" data-end=\"839\">\n<h3 data-start=\"841\" data-end=\"880\"><strong data-start=\"847\" data-end=\"880\">Propriedades esot\u00e9ricas chave:<\/strong><\/h3>\n<ul data-start=\"882\" data-end=\"1212\">\n<li data-start=\"882\" data-end=\"932\">\n<p data-start=\"884\" data-end=\"932\"><strong data-start=\"884\" data-end=\"930\">Ativa o chakra da garganta e o terceiro olho.<\/strong><\/p>\n<\/li>\n<li data-start=\"933\" data-end=\"1004\">\n<p data-start=\"935\" data-end=\"1004\"><strong data-start=\"935\" data-end=\"1002\">Estimula a clareza mental, a vis\u00e3o interior e a intui\u00e7\u00e3o.<\/strong><\/p>\n<\/li>\n<li data-start=\"1005\" data-end=\"1083\">\n<p data-start=\"1007\" data-end=\"1083\"><strong data-start=\"1007\" data-end=\"1081\">Favorece a autoexpress\u00e3o, a criatividade e a comunica\u00e7\u00e3o aut\u00eantica.<\/strong><\/p>\n<\/li>\n<li data-start=\"1084\" data-end=\"1137\">\n<p data-start=\"1086\" data-end=\"1137\"><strong data-start=\"1086\" data-end=\"1135\">Ajuda a libertar padr\u00f5es mentais limitantes.<\/strong><\/p>\n<\/li>\n<li data-start=\"1138\" data-end=\"1212\">\n<p data-start=\"1140\" data-end=\"1212\"><strong data-start=\"1140\" data-end=\"1212\">Potente aliada para medita\u00e7\u00f5es, canaliza\u00e7\u00e3o e trabalho espiritual.<\/strong><\/p>\n<\/li>\n<\/ul>\n<hr data-start=\"1214\" data-end=\"1217\">\n<h3 data-start=\"1219\" data-end=\"1248\"><strong data-start=\"1226\" data-end=\"1248\">Usos recomendados:<\/strong><\/h3>\n<ol data-start=\"1250\" data-end=\"1605\">\n<li data-start=\"1250\" data-end=\"1311\">\n<p data-start=\"1253\" data-end=\"1311\"><strong data-start=\"1253\" data-end=\"1309\">Medita\u00e7\u00f5es para expandir a consci\u00eancia espiritual.<\/strong><\/p>\n<\/li>\n<li data-start=\"1312\" data-end=\"1375\">\n<p data-start=\"1315\" data-end=\"1375\"><strong data-start=\"1315\" data-end=\"1373\">Rituais de desbloqueio criativo ou express\u00e3o emocional.<\/strong><\/p>\n<\/li>\n<li data-start=\"1376\" data-end=\"1446\">\n<p data-start=\"1379\" data-end=\"1446\"><strong data-start=\"1379\" data-end=\"1444\">Colocar perto da \u00e1rea de trabalho para inspira\u00e7\u00e3o e foco.<\/strong><\/p>\n<\/li>\n<li data-start=\"1447\" data-end=\"1526\">\n<p data-start=\"1450\" data-end=\"1526\"><strong data-start=\"1450\" data-end=\"1524\">Uso em terapias energ\u00e9ticas para libertar bloqueios do chakra da garganta.<\/strong><\/p>\n<\/li>\n<li data-start=\"1527\" data-end=\"1605\">\n<p data-start=\"1530\" data-end=\"1605\"><strong data-start=\"1530\" data-end=\"1605\">Acompanhamento em processos de autodescoberta e escrita intuitiva.<\/strong><\/p>\n<\/li>\n<\/ol>\n","protected":false},"excerpt":{"rendered":"<h3 data-start=\"169\" data-end=\"228\"><strong data-start=\"131\" data-end=\"180\">Ponta de Apatite Azul<\/strong><\/h3>\n<pre data-start=\"75\" data-end=\"133\"><span style=\"font-size: 1rem; white-space-collapse: preserve;\">Tamanho 6,5 cm<\/span><\/pre>\n","protected":false},"featured_media":23688,"comment_status":"open","ping_status":"closed","template":"","meta":[],"product_brand":[],"product_cat":[112,231],"product_tag":[],"class_list":{"0":"post-25599","1":"product","2":"type-product","3":"status-publish","4":"has-post-thumbnail","6":"product_cat-minerais","7":"product_cat-pontas","9":"first","10":"instock","11":"shipping-taxable","12":"purchasable","13":"product-type-simple"},"yoast_head":"<!-- This site is optimized with the Yoast SEO plugin v27.2 - https:\/\/yoast.com\/product\/yoast-seo-wordpress\/ -->\n<title>Ponta de Apatite Azul - Mystikus<\/title>\n<meta name=\"robots\" content=\"index, follow, max-snippet:-1, max-image-preview:large, max-video-preview:-1\" \/>\n<link rel=\"canonical\" href=\"https:\/\/mystikus.com\/pt-pt\/producto\/ponta-de-apatite-azul\/\" \/>\n<meta property=\"og:locale\" content=\"pt_PT\" \/>\n<meta property=\"og:type\" content=\"article\" \/>\n<meta property=\"og:title\" content=\"Ponta de Apatite Azul - Mystikus\" \/>\n<meta property=\"og:description\" content=\"Ponta de Apatite Azul Tamanho 6,5 cm\" \/>\n<meta property=\"og:url\" content=\"https:\/\/mystikus.com\/pt-pt\/producto\/ponta-de-apatite-azul\/\" \/>\n<meta property=\"og:site_name\" content=\"Mystikus\" \/>\n<meta property=\"og:image\" content=\"https:\/\/mystikus.com\/wp-content\/uploads\/2025\/06\/Punta-de-Apatita-Azul.jpg\" \/>\n\t<meta property=\"og:image:width\" content=\"1587\" \/>\n\t<meta property=\"og:image:height\" content=\"1476\" \/>\n\t<meta property=\"og:image:type\" content=\"image\/jpeg\" \/>\n<meta name=\"twitter:card\" content=\"summary_large_image\" \/>\n<meta name=\"twitter:label1\" content=\"Tempo estimado de leitura\" \/>\n\t<meta name=\"twitter:data1\" content=\"1 minuto\" \/>\n<script type=\"application\/ld+json\" class=\"yoast-schema-graph\">{\"@context\":\"https:\/\/schema.org\",\"@graph\":[{\"@type\":\"WebPage\",\"@id\":\"https:\/\/mystikus.com\/pt-pt\/producto\/ponta-de-apatite-azul\/\",\"url\":\"https:\/\/mystikus.com\/pt-pt\/producto\/ponta-de-apatite-azul\/\",\"name\":\"Ponta de Apatite Azul - Mystikus\",\"isPartOf\":{\"@id\":\"https:\/\/mystikus.com\/#website\"},\"primaryImageOfPage\":{\"@id\":\"https:\/\/mystikus.com\/pt-pt\/producto\/ponta-de-apatite-azul\/#primaryimage\"},\"image\":{\"@id\":\"https:\/\/mystikus.com\/pt-pt\/producto\/ponta-de-apatite-azul\/#primaryimage\"},\"thumbnailUrl\":\"https:\/\/mystikus.com\/wp-content\/uploads\/2025\/06\/Punta-de-Apatita-Azul.jpg\",\"datePublished\":\"2025-06-30T16:04:18+00:00\",\"breadcrumb\":{\"@id\":\"https:\/\/mystikus.com\/pt-pt\/producto\/ponta-de-apatite-azul\/#breadcrumb\"},\"inLanguage\":\"pt-PT\",\"potentialAction\":[{\"@type\":\"ReadAction\",\"target\":[\"https:\/\/mystikus.com\/pt-pt\/producto\/ponta-de-apatite-azul\/\"]}]},{\"@type\":\"ImageObject\",\"inLanguage\":\"pt-PT\",\"@id\":\"https:\/\/mystikus.com\/pt-pt\/producto\/ponta-de-apatite-azul\/#primaryimage\",\"url\":\"https:\/\/mystikus.com\/wp-content\/uploads\/2025\/06\/Punta-de-Apatita-Azul.jpg\",\"contentUrl\":\"https:\/\/mystikus.com\/wp-content\/uploads\/2025\/06\/Punta-de-Apatita-Azul.jpg\",\"width\":1587,\"height\":1476},{\"@type\":\"BreadcrumbList\",\"@id\":\"https:\/\/mystikus.com\/pt-pt\/producto\/ponta-de-apatite-azul\/#breadcrumb\",\"itemListElement\":[{\"@type\":\"ListItem\",\"position\":1,\"name\":\"Portada\",\"item\":\"https:\/\/mystikus.com\/pt-pt\/inicio\/\"},{\"@type\":\"ListItem\",\"position\":2,\"name\":\"Loja\",\"item\":\"https:\/\/mystikus.com\/pt-pt\/loja\/\"},{\"@type\":\"ListItem\",\"position\":3,\"name\":\"Ponta de Apatite Azul\"}]},{\"@type\":\"WebSite\",\"@id\":\"https:\/\/mystikus.com\/#website\",\"url\":\"https:\/\/mystikus.com\/\",\"name\":\"Mystikus\",\"description\":\"\",\"publisher\":{\"@id\":\"https:\/\/mystikus.com\/#organization\"},\"potentialAction\":[{\"@type\":\"SearchAction\",\"target\":{\"@type\":\"EntryPoint\",\"urlTemplate\":\"https:\/\/mystikus.com\/?s={search_term_string}\"},\"query-input\":{\"@type\":\"PropertyValueSpecification\",\"valueRequired\":true,\"valueName\":\"search_term_string\"}}],\"inLanguage\":\"pt-PT\"},{\"@type\":\"Organization\",\"@id\":\"https:\/\/mystikus.com\/#organization\",\"name\":\"Mystikus\",\"url\":\"https:\/\/mystikus.com\/\",\"logo\":{\"@type\":\"ImageObject\",\"inLanguage\":\"pt-PT\",\"@id\":\"https:\/\/mystikus.com\/#\/schema\/logo\/image\/\",\"url\":\"https:\/\/mystikus.com\/wp-content\/uploads\/2025\/06\/logo-instgaram-shop.jpg\",\"contentUrl\":\"https:\/\/mystikus.com\/wp-content\/uploads\/2025\/06\/logo-instgaram-shop.jpg\",\"width\":227,\"height\":227,\"caption\":\"Mystikus\"},\"image\":{\"@id\":\"https:\/\/mystikus.com\/#\/schema\/logo\/image\/\"}}]}<\/script>\n<!-- \/ Yoast SEO plugin. -->","yoast_head_json":{"title":"Ponta de Apatite Azul - Mystikus","robots":{"index":"index","follow":"follow","max-snippet":"max-snippet:-1","max-image-preview":"max-image-preview:large","max-video-preview":"max-video-preview:-1"},"canonical":"https:\/\/mystikus.com\/pt-pt\/producto\/ponta-de-apatite-azul\/","og_locale":"pt_PT","og_type":"article","og_title":"Ponta de Apatite Azul - Mystikus","og_description":"Ponta de Apatite Azul Tamanho 6,5 cm","og_url":"https:\/\/mystikus.com\/pt-pt\/producto\/ponta-de-apatite-azul\/","og_site_name":"Mystikus","og_image":[{"width":1587,"height":1476,"url":"https:\/\/mystikus.com\/wp-content\/uploads\/2025\/06\/Punta-de-Apatita-Azul.jpg","type":"image\/jpeg"}],"twitter_card":"summary_large_image","twitter_misc":{"Tempo estimado de leitura":"1 minuto"},"schema":{"@context":"https:\/\/schema.org","@graph":[{"@type":"WebPage","@id":"https:\/\/mystikus.com\/pt-pt\/producto\/ponta-de-apatite-azul\/","url":"https:\/\/mystikus.com\/pt-pt\/producto\/ponta-de-apatite-azul\/","name":"Ponta de Apatite Azul - Mystikus","isPartOf":{"@id":"https:\/\/mystikus.com\/#website"},"primaryImageOfPage":{"@id":"https:\/\/mystikus.com\/pt-pt\/producto\/ponta-de-apatite-azul\/#primaryimage"},"image":{"@id":"https:\/\/mystikus.com\/pt-pt\/producto\/ponta-de-apatite-azul\/#primaryimage"},"thumbnailUrl":"https:\/\/mystikus.com\/wp-content\/uploads\/2025\/06\/Punta-de-Apatita-Azul.jpg","datePublished":"2025-06-30T16:04:18+00:00","breadcrumb":{"@id":"https:\/\/mystikus.com\/pt-pt\/producto\/ponta-de-apatite-azul\/#breadcrumb"},"inLanguage":"pt-PT","potentialAction":[{"@type":"ReadAction","target":["https:\/\/mystikus.com\/pt-pt\/producto\/ponta-de-apatite-azul\/"]}]},{"@type":"ImageObject","inLanguage":"pt-PT","@id":"https:\/\/mystikus.com\/pt-pt\/producto\/ponta-de-apatite-azul\/#primaryimage","url":"https:\/\/mystikus.com\/wp-content\/uploads\/2025\/06\/Punta-de-Apatita-Azul.jpg","contentUrl":"https:\/\/mystikus.com\/wp-content\/uploads\/2025\/06\/Punta-de-Apatita-Azul.jpg","width":1587,"height":1476},{"@type":"BreadcrumbList","@id":"https:\/\/mystikus.com\/pt-pt\/producto\/ponta-de-apatite-azul\/#breadcrumb","itemListElement":[{"@type":"ListItem","position":1,"name":"Portada","item":"https:\/\/mystikus.com\/pt-pt\/inicio\/"},{"@type":"ListItem","position":2,"name":"Loja","item":"https:\/\/mystikus.com\/pt-pt\/loja\/"},{"@type":"ListItem","position":3,"name":"Ponta de Apatite Azul"}]},{"@type":"WebSite","@id":"https:\/\/mystikus.com\/#website","url":"https:\/\/mystikus.com\/","name":"Mystikus","description":"","publisher":{"@id":"https:\/\/mystikus.com\/#organization"},"potentialAction":[{"@type":"SearchAction","target":{"@type":"EntryPoint","urlTemplate":"https:\/\/mystikus.com\/?s={search_term_string}"},"query-input":{"@type":"PropertyValueSpecification","valueRequired":true,"valueName":"search_term_string"}}],"inLanguage":"pt-PT"},{"@type":"Organization","@id":"https:\/\/mystikus.com\/#organization","name":"Mystikus","url":"https:\/\/mystikus.com\/","logo":{"@type":"ImageObject","inLanguage":"pt-PT","@id":"https:\/\/mystikus.com\/#\/schema\/logo\/image\/","url":"https:\/\/mystikus.com\/wp-content\/uploads\/2025\/06\/logo-instgaram-shop.jpg","contentUrl":"https:\/\/mystikus.com\/wp-content\/uploads\/2025\/06\/logo-instgaram-shop.jpg","width":227,"height":227,"caption":"Mystikus"},"image":{"@id":"https:\/\/mystikus.com\/#\/schema\/logo\/image\/"}}]}},"_links":{"self":[{"href":"https:\/\/mystikus.com\/pt-pt\/wp-json\/wp\/v2\/product\/25599","targetHints":{"allow":["GET"]}}],"collection":[{"href":"https:\/\/mystikus.com\/pt-pt\/wp-json\/wp\/v2\/product"}],"about":[{"href":"https:\/\/mystikus.com\/pt-pt\/wp-json\/wp\/v2\/types\/product"}],"replies":[{"embeddable":true,"href":"https:\/\/mystikus.com\/pt-pt\/wp-json\/wp\/v2\/comments?post=25599"}],"wp:featuredmedia":[{"embeddable":true,"href":"https:\/\/mystikus.com\/pt-pt\/wp-json\/wp\/v2\/media\/23688"}],"wp:attachment":[{"href":"https:\/\/mystikus.com\/pt-pt\/wp-json\/wp\/v2\/media?parent=25599"}],"wp:term":[{"taxonomy":"product_brand","embeddable":true,"href":"https:\/\/mystikus.com\/pt-pt\/wp-json\/wp\/v2\/product_brand?post=25599"},{"taxonomy":"product_cat","embeddable":true,"href":"https:\/\/mystikus.com\/pt-pt\/wp-json\/wp\/v2\/product_cat?post=25599"},{"taxonomy":"product_tag","embeddable":true,"href":"https:\/\/mystikus.com\/pt-pt\/wp-json\/wp\/v2\/product_tag?post=25599"}],"curies":[{"name":"wp","href":"https:\/\/api.w.org\/{rel}","templated":true}]}}