{"id":25606,"date":"2025-06-30T18:12:02","date_gmt":"2025-06-30T16:12:02","guid":{"rendered":"https:\/\/mystikus.com\/producto\/ponta-de-fluorite-arco-iris\/"},"modified":"2025-06-30T18:12:02","modified_gmt":"2025-06-30T16:12:02","slug":"ponta-de-fluorite-arco-iris","status":"publish","type":"product","link":"https:\/\/mystikus.com\/pt-pt\/producto\/ponta-de-fluorite-arco-iris\/","title":{"rendered":"Ponta de Fluorite Arco-\u00cdris"},"content":{"rendered":"<h3 data-start=\"219\" data-end=\"280\"><strong data-start=\"226\" data-end=\"280\">Descri\u00e7\u00e3o esot\u00e9rica \u2013 Ponta de Fluorite Arco-\u00cdris<\/strong><\/h3>\n<p data-start=\"282\" data-end=\"333\"><strong data-start=\"282\" data-end=\"306\">Nome do artigo:<\/strong> Ponta de Fluorite Arco-\u00cdris<\/p>\n<p data-start=\"335\" data-end=\"361\"><strong data-start=\"335\" data-end=\"361\">Descri\u00e7\u00e3o esot\u00e9rica:<\/strong><\/p>\n<p data-start=\"363\" data-end=\"769\">A <strong data-start=\"366\" data-end=\"387\">Fluorite Arco-\u00cdris<\/strong> \u00e9 uma poderosa pedra de <strong data-start=\"414\" data-end=\"475\">ordem mental, clareza espiritual e prote\u00e7\u00e3o energ\u00e9tica<\/strong>. Atua como um escudo contra energias negativas e ajuda a limpar a mente do caos, proporcionando serenidade, l\u00f3gica e foco. Cada cor na sua estrutura harmoniza um aspeto diferente do ser: o violeta conecta com a intui\u00e7\u00e3o, o azul com a comunica\u00e7\u00e3o e o verde com a cura emocional.  <\/p>\n<p data-start=\"771\" data-end=\"943\">Em forma de ponta, a Fluorite direciona a sua energia de limpeza para os teus pensamentos, favorecendo a tomada de decis\u00f5es conscientes e o alinhamento entre mente e esp\u00edrito.<\/p>\n<hr data-start=\"945\" data-end=\"948\">\n<h3 data-start=\"950\" data-end=\"990\"><strong data-start=\"957\" data-end=\"990\">Propriedades esot\u00e9ricas chave:<\/strong><\/h3>\n<ul data-start=\"992\" data-end=\"1319\">\n<li data-start=\"992\" data-end=\"1050\">\n<p data-start=\"994\" data-end=\"1050\"><strong data-start=\"994\" data-end=\"1048\">Ativa e equilibra o terceiro olho e o chakra do cora\u00e7\u00e3o.<\/strong><\/p>\n<\/li>\n<li data-start=\"1051\" data-end=\"1106\">\n<p data-start=\"1053\" data-end=\"1106\"><strong data-start=\"1053\" data-end=\"1104\">Estimula a clareza mental e a concentra\u00e7\u00e3o.<\/strong><\/p>\n<\/li>\n<li data-start=\"1107\" data-end=\"1175\">\n<p data-start=\"1109\" data-end=\"1175\"><strong data-start=\"1109\" data-end=\"1173\">Protege contra a polui\u00e7\u00e3o eletromagn\u00e9tica e ps\u00edquica.<\/strong><\/p>\n<\/li>\n<li data-start=\"1176\" data-end=\"1251\">\n<p data-start=\"1178\" data-end=\"1251\"><strong data-start=\"1178\" data-end=\"1249\">Favorece o equil\u00edbrio emocional e a tomada de decis\u00f5es acertadas.<\/strong><\/p>\n<\/li>\n<li data-start=\"1252\" data-end=\"1319\">\n<p data-start=\"1254\" data-end=\"1319\"><strong data-start=\"1254\" data-end=\"1319\">Ajuda a libertar pensamentos repetitivos ou bloqueios mentais.<\/strong><\/p>\n<\/li>\n<\/ul>\n<hr data-start=\"1321\" data-end=\"1324\">\n<h3 data-start=\"1326\" data-end=\"1354\"><strong data-start=\"1332\" data-end=\"1354\">Usos recomendados:<\/strong><\/h3>\n<ol data-start=\"1356\" data-end=\"1708\">\n<li data-start=\"1356\" data-end=\"1420\">\n<p data-start=\"1359\" data-end=\"1420\"><strong data-start=\"1359\" data-end=\"1418\">Medita\u00e7\u00f5es para clareza, foco e limpeza energ\u00e9tica.<\/strong><\/p>\n<\/li>\n<li data-start=\"1421\" data-end=\"1496\">\n<p data-start=\"1424\" data-end=\"1496\"><strong data-start=\"1424\" data-end=\"1494\">Colocar em espa\u00e7os de estudo ou trabalho para maior concentra\u00e7\u00e3o.<\/strong><\/p>\n<\/li>\n<li data-start=\"1497\" data-end=\"1557\">\n<p data-start=\"1500\" data-end=\"1557\"><strong data-start=\"1500\" data-end=\"1555\">Uso em terapias de reequil\u00edbrio mental e emocional.<\/strong><\/p>\n<\/li>\n<li data-start=\"1558\" data-end=\"1636\">\n<p data-start=\"1561\" data-end=\"1636\"><strong data-start=\"1561\" data-end=\"1634\">Rituais de limpeza da aura e fortalecimento do campo energ\u00e9tico.<\/strong><\/p>\n<\/li>\n<li data-start=\"1637\" data-end=\"1708\">\n<p data-start=\"1640\" data-end=\"1708\"><strong data-start=\"1640\" data-end=\"1708\">Elemento harm\u00f3nico em altares espirituais ou locais de descanso.<\/strong><\/p>\n<\/li>\n<\/ol>\n","protected":false},"excerpt":{"rendered":"<h3 data-start=\"219\" data-end=\"280\"><strong data-start=\"226\" data-end=\"280\">Ponta de Fluorite Arco-\u00cdris<\/strong><\/h3>\n<h3 data-start=\"169\" data-end=\"228\"><span style=\"font-size: 1rem; white-space-collapse: preserve;\">Tamanho 4,5 cm<\/span><\/h3>\n","protected":false},"featured_media":23690,"comment_status":"open","ping_status":"closed","template":"","meta":[],"product_brand":[],"product_cat":[112,231],"product_tag":[],"class_list":{"0":"post-25606","1":"product","2":"type-product","3":"status-publish","4":"has-post-thumbnail","6":"product_cat-minerais","7":"product_cat-pontas","9":"first","10":"instock","11":"shipping-taxable","12":"purchasable","13":"product-type-simple"},"yoast_head":"<!-- This site is optimized with the Yoast SEO plugin v27.2 - https:\/\/yoast.com\/product\/yoast-seo-wordpress\/ -->\n<title>Ponta de Fluorite Arco-\u00cdris - Mystikus<\/title>\n<meta name=\"robots\" content=\"index, follow, max-snippet:-1, max-image-preview:large, max-video-preview:-1\" \/>\n<link rel=\"canonical\" href=\"https:\/\/mystikus.com\/pt-pt\/producto\/ponta-de-fluorite-arco-iris\/\" \/>\n<meta property=\"og:locale\" content=\"pt_PT\" \/>\n<meta property=\"og:type\" content=\"article\" \/>\n<meta property=\"og:title\" content=\"Ponta de Fluorite Arco-\u00cdris - Mystikus\" \/>\n<meta property=\"og:description\" content=\"Ponta de Fluorite Arco-\u00cdris Tamanho 4,5 cm\" \/>\n<meta property=\"og:url\" content=\"https:\/\/mystikus.com\/pt-pt\/producto\/ponta-de-fluorite-arco-iris\/\" \/>\n<meta property=\"og:site_name\" content=\"Mystikus\" \/>\n<meta property=\"og:image\" content=\"https:\/\/mystikus.com\/wp-content\/uploads\/2025\/06\/Punta-de-Fluorita-Arcoiris.jpg\" \/>\n\t<meta property=\"og:image:width\" content=\"1587\" \/>\n\t<meta property=\"og:image:height\" content=\"1476\" \/>\n\t<meta property=\"og:image:type\" content=\"image\/jpeg\" \/>\n<meta name=\"twitter:card\" content=\"summary_large_image\" \/>\n<meta name=\"twitter:label1\" content=\"Tempo estimado de leitura\" \/>\n\t<meta name=\"twitter:data1\" content=\"1 minuto\" \/>\n<script type=\"application\/ld+json\" class=\"yoast-schema-graph\">{\"@context\":\"https:\/\/schema.org\",\"@graph\":[{\"@type\":\"WebPage\",\"@id\":\"https:\/\/mystikus.com\/pt-pt\/producto\/ponta-de-fluorite-arco-iris\/\",\"url\":\"https:\/\/mystikus.com\/pt-pt\/producto\/ponta-de-fluorite-arco-iris\/\",\"name\":\"Ponta de Fluorite Arco-\u00cdris - Mystikus\",\"isPartOf\":{\"@id\":\"https:\/\/mystikus.com\/#website\"},\"primaryImageOfPage\":{\"@id\":\"https:\/\/mystikus.com\/pt-pt\/producto\/ponta-de-fluorite-arco-iris\/#primaryimage\"},\"image\":{\"@id\":\"https:\/\/mystikus.com\/pt-pt\/producto\/ponta-de-fluorite-arco-iris\/#primaryimage\"},\"thumbnailUrl\":\"https:\/\/mystikus.com\/wp-content\/uploads\/2025\/06\/Punta-de-Fluorita-Arcoiris.jpg\",\"datePublished\":\"2025-06-30T16:12:02+00:00\",\"breadcrumb\":{\"@id\":\"https:\/\/mystikus.com\/pt-pt\/producto\/ponta-de-fluorite-arco-iris\/#breadcrumb\"},\"inLanguage\":\"pt-PT\",\"potentialAction\":[{\"@type\":\"ReadAction\",\"target\":[\"https:\/\/mystikus.com\/pt-pt\/producto\/ponta-de-fluorite-arco-iris\/\"]}]},{\"@type\":\"ImageObject\",\"inLanguage\":\"pt-PT\",\"@id\":\"https:\/\/mystikus.com\/pt-pt\/producto\/ponta-de-fluorite-arco-iris\/#primaryimage\",\"url\":\"https:\/\/mystikus.com\/wp-content\/uploads\/2025\/06\/Punta-de-Fluorita-Arcoiris.jpg\",\"contentUrl\":\"https:\/\/mystikus.com\/wp-content\/uploads\/2025\/06\/Punta-de-Fluorita-Arcoiris.jpg\",\"width\":1587,\"height\":1476},{\"@type\":\"BreadcrumbList\",\"@id\":\"https:\/\/mystikus.com\/pt-pt\/producto\/ponta-de-fluorite-arco-iris\/#breadcrumb\",\"itemListElement\":[{\"@type\":\"ListItem\",\"position\":1,\"name\":\"Portada\",\"item\":\"https:\/\/mystikus.com\/pt-pt\/inicio\/\"},{\"@type\":\"ListItem\",\"position\":2,\"name\":\"Loja\",\"item\":\"https:\/\/mystikus.com\/pt-pt\/loja\/\"},{\"@type\":\"ListItem\",\"position\":3,\"name\":\"Ponta de Fluorite Arco-\u00cdris\"}]},{\"@type\":\"WebSite\",\"@id\":\"https:\/\/mystikus.com\/#website\",\"url\":\"https:\/\/mystikus.com\/\",\"name\":\"Mystikus\",\"description\":\"\",\"publisher\":{\"@id\":\"https:\/\/mystikus.com\/#organization\"},\"potentialAction\":[{\"@type\":\"SearchAction\",\"target\":{\"@type\":\"EntryPoint\",\"urlTemplate\":\"https:\/\/mystikus.com\/?s={search_term_string}\"},\"query-input\":{\"@type\":\"PropertyValueSpecification\",\"valueRequired\":true,\"valueName\":\"search_term_string\"}}],\"inLanguage\":\"pt-PT\"},{\"@type\":\"Organization\",\"@id\":\"https:\/\/mystikus.com\/#organization\",\"name\":\"Mystikus\",\"url\":\"https:\/\/mystikus.com\/\",\"logo\":{\"@type\":\"ImageObject\",\"inLanguage\":\"pt-PT\",\"@id\":\"https:\/\/mystikus.com\/#\/schema\/logo\/image\/\",\"url\":\"https:\/\/mystikus.com\/wp-content\/uploads\/2025\/06\/logo-instgaram-shop.jpg\",\"contentUrl\":\"https:\/\/mystikus.com\/wp-content\/uploads\/2025\/06\/logo-instgaram-shop.jpg\",\"width\":227,\"height\":227,\"caption\":\"Mystikus\"},\"image\":{\"@id\":\"https:\/\/mystikus.com\/#\/schema\/logo\/image\/\"}}]}<\/script>\n<!-- \/ Yoast SEO plugin. -->","yoast_head_json":{"title":"Ponta de Fluorite Arco-\u00cdris - Mystikus","robots":{"index":"index","follow":"follow","max-snippet":"max-snippet:-1","max-image-preview":"max-image-preview:large","max-video-preview":"max-video-preview:-1"},"canonical":"https:\/\/mystikus.com\/pt-pt\/producto\/ponta-de-fluorite-arco-iris\/","og_locale":"pt_PT","og_type":"article","og_title":"Ponta de Fluorite Arco-\u00cdris - Mystikus","og_description":"Ponta de Fluorite Arco-\u00cdris Tamanho 4,5 cm","og_url":"https:\/\/mystikus.com\/pt-pt\/producto\/ponta-de-fluorite-arco-iris\/","og_site_name":"Mystikus","og_image":[{"width":1587,"height":1476,"url":"https:\/\/mystikus.com\/wp-content\/uploads\/2025\/06\/Punta-de-Fluorita-Arcoiris.jpg","type":"image\/jpeg"}],"twitter_card":"summary_large_image","twitter_misc":{"Tempo estimado de leitura":"1 minuto"},"schema":{"@context":"https:\/\/schema.org","@graph":[{"@type":"WebPage","@id":"https:\/\/mystikus.com\/pt-pt\/producto\/ponta-de-fluorite-arco-iris\/","url":"https:\/\/mystikus.com\/pt-pt\/producto\/ponta-de-fluorite-arco-iris\/","name":"Ponta de Fluorite Arco-\u00cdris - Mystikus","isPartOf":{"@id":"https:\/\/mystikus.com\/#website"},"primaryImageOfPage":{"@id":"https:\/\/mystikus.com\/pt-pt\/producto\/ponta-de-fluorite-arco-iris\/#primaryimage"},"image":{"@id":"https:\/\/mystikus.com\/pt-pt\/producto\/ponta-de-fluorite-arco-iris\/#primaryimage"},"thumbnailUrl":"https:\/\/mystikus.com\/wp-content\/uploads\/2025\/06\/Punta-de-Fluorita-Arcoiris.jpg","datePublished":"2025-06-30T16:12:02+00:00","breadcrumb":{"@id":"https:\/\/mystikus.com\/pt-pt\/producto\/ponta-de-fluorite-arco-iris\/#breadcrumb"},"inLanguage":"pt-PT","potentialAction":[{"@type":"ReadAction","target":["https:\/\/mystikus.com\/pt-pt\/producto\/ponta-de-fluorite-arco-iris\/"]}]},{"@type":"ImageObject","inLanguage":"pt-PT","@id":"https:\/\/mystikus.com\/pt-pt\/producto\/ponta-de-fluorite-arco-iris\/#primaryimage","url":"https:\/\/mystikus.com\/wp-content\/uploads\/2025\/06\/Punta-de-Fluorita-Arcoiris.jpg","contentUrl":"https:\/\/mystikus.com\/wp-content\/uploads\/2025\/06\/Punta-de-Fluorita-Arcoiris.jpg","width":1587,"height":1476},{"@type":"BreadcrumbList","@id":"https:\/\/mystikus.com\/pt-pt\/producto\/ponta-de-fluorite-arco-iris\/#breadcrumb","itemListElement":[{"@type":"ListItem","position":1,"name":"Portada","item":"https:\/\/mystikus.com\/pt-pt\/inicio\/"},{"@type":"ListItem","position":2,"name":"Loja","item":"https:\/\/mystikus.com\/pt-pt\/loja\/"},{"@type":"ListItem","position":3,"name":"Ponta de Fluorite Arco-\u00cdris"}]},{"@type":"WebSite","@id":"https:\/\/mystikus.com\/#website","url":"https:\/\/mystikus.com\/","name":"Mystikus","description":"","publisher":{"@id":"https:\/\/mystikus.com\/#organization"},"potentialAction":[{"@type":"SearchAction","target":{"@type":"EntryPoint","urlTemplate":"https:\/\/mystikus.com\/?s={search_term_string}"},"query-input":{"@type":"PropertyValueSpecification","valueRequired":true,"valueName":"search_term_string"}}],"inLanguage":"pt-PT"},{"@type":"Organization","@id":"https:\/\/mystikus.com\/#organization","name":"Mystikus","url":"https:\/\/mystikus.com\/","logo":{"@type":"ImageObject","inLanguage":"pt-PT","@id":"https:\/\/mystikus.com\/#\/schema\/logo\/image\/","url":"https:\/\/mystikus.com\/wp-content\/uploads\/2025\/06\/logo-instgaram-shop.jpg","contentUrl":"https:\/\/mystikus.com\/wp-content\/uploads\/2025\/06\/logo-instgaram-shop.jpg","width":227,"height":227,"caption":"Mystikus"},"image":{"@id":"https:\/\/mystikus.com\/#\/schema\/logo\/image\/"}}]}},"_links":{"self":[{"href":"https:\/\/mystikus.com\/pt-pt\/wp-json\/wp\/v2\/product\/25606","targetHints":{"allow":["GET"]}}],"collection":[{"href":"https:\/\/mystikus.com\/pt-pt\/wp-json\/wp\/v2\/product"}],"about":[{"href":"https:\/\/mystikus.com\/pt-pt\/wp-json\/wp\/v2\/types\/product"}],"replies":[{"embeddable":true,"href":"https:\/\/mystikus.com\/pt-pt\/wp-json\/wp\/v2\/comments?post=25606"}],"wp:featuredmedia":[{"embeddable":true,"href":"https:\/\/mystikus.com\/pt-pt\/wp-json\/wp\/v2\/media\/23690"}],"wp:attachment":[{"href":"https:\/\/mystikus.com\/pt-pt\/wp-json\/wp\/v2\/media?parent=25606"}],"wp:term":[{"taxonomy":"product_brand","embeddable":true,"href":"https:\/\/mystikus.com\/pt-pt\/wp-json\/wp\/v2\/product_brand?post=25606"},{"taxonomy":"product_cat","embeddable":true,"href":"https:\/\/mystikus.com\/pt-pt\/wp-json\/wp\/v2\/product_cat?post=25606"},{"taxonomy":"product_tag","embeddable":true,"href":"https:\/\/mystikus.com\/pt-pt\/wp-json\/wp\/v2\/product_tag?post=25606"}],"curies":[{"name":"wp","href":"https:\/\/api.w.org\/{rel}","templated":true}]}}