{"id":25708,"date":"2025-06-25T15:01:14","date_gmt":"2025-06-25T13:01:14","guid":{"rendered":"https:\/\/mystikus.com\/producto\/magia-do-mago-sao-expedito\/"},"modified":"2025-06-25T15:01:14","modified_gmt":"2025-06-25T13:01:14","slug":"magia-do-mago-sao-expedito","status":"publish","type":"product","link":"https:\/\/mystikus.com\/pt-pt\/producto\/magia-do-mago-sao-expedito\/","title":{"rendered":"Magia do Mago S\u00e3o Expedito"},"content":{"rendered":"<p><strong>Situa\u00e7\u00f5es Urgentes<\/strong><br \/>\n<strong>Causas Imposs\u00edveis<\/strong><br \/>\n<strong>Solu\u00e7\u00f5es R\u00e1pidas<\/strong><\/p>\n<p>Cont\u00e9m uma explica\u00e7\u00e3o detalhada \u2013 Ingredientes in\u00e9ditos, segundo as f\u00f3rmulas dos grandes magos.<\/p>\n<p>Com o poder das for\u00e7as ocultas e da luz ancestral, interv\u00e9m em situa\u00e7\u00f5es urgentes, resolve causas imposs\u00edveis e abre caminhos fechados. Um ritual poderoso para atuar r\u00e1pido e quebrar bloqueios desde a raiz. <\/p>\n<p>As explica\u00e7\u00f5es podem ser solicitadas em qualquer idioma.<\/p>\n","protected":false},"excerpt":{"rendered":"<p><strong>Situa\u00e7\u00f5es Urgentes<\/strong><br \/>\n<strong>Causas Imposs\u00edveis<\/strong><br \/>\n<strong>Solu\u00e7\u00f5es R\u00e1pidas<\/strong><\/p>\n<p>Cont\u00e9m uma explica\u00e7\u00e3o detalhada \u2013 Ingredientes in\u00e9ditos, segundo as f\u00f3rmulas dos grandes magos.<\/p>\n<p>Com o poder das for\u00e7as ocultas e da luz ancestral, interv\u00e9m em situa\u00e7\u00f5es urgentes, resolve causas imposs\u00edveis e abre caminhos fechados. Um ritual poderoso para atuar r\u00e1pido e quebrar bloqueios desde a raiz. <\/p>\n<p>As explica\u00e7\u00f5es podem ser solicitadas em qualquer idioma.<\/p>\n","protected":false},"featured_media":23657,"comment_status":"closed","ping_status":"closed","template":"","meta":[],"product_brand":[],"product_cat":[135,184,190,148],"product_tag":[],"class_list":{"0":"post-25708","1":"product","2":"type-product","3":"status-publish","4":"has-post-thumbnail","6":"product_cat-esotericos","7":"product_cat-magia-do-mago","9":"product_cat-mystikus-collection","11":"first","12":"instock","13":"shipping-taxable","14":"purchasable","15":"product-type-simple"},"yoast_head":"<!-- This site is optimized with the Yoast SEO plugin v27.2 - https:\/\/yoast.com\/product\/yoast-seo-wordpress\/ -->\n<title>Magia do Mago S\u00e3o Expedito - Mystikus<\/title>\n<meta name=\"robots\" content=\"index, follow, max-snippet:-1, max-image-preview:large, max-video-preview:-1\" \/>\n<link rel=\"canonical\" href=\"https:\/\/mystikus.com\/pt-pt\/producto\/magia-do-mago-sao-expedito\/\" \/>\n<meta property=\"og:locale\" content=\"pt_PT\" \/>\n<meta property=\"og:type\" content=\"article\" \/>\n<meta property=\"og:title\" content=\"Magia do Mago S\u00e3o Expedito - Mystikus\" \/>\n<meta property=\"og:description\" content=\"Situa\u00e7\u00f5es Urgentes Causas Imposs\u00edveis Solu\u00e7\u00f5es R\u00e1pidas Cont\u00e9m uma explica\u00e7\u00e3o detalhada - Ingredientes in\u00e9ditos, segundo as f\u00f3rmulas dos grandes magos. Com o poder das for\u00e7as ocultas e da luz ancestral, interv\u00e9m em situa\u00e7\u00f5es urgentes, resolve causas imposs\u00edveis e abre caminhos fechados. Um ritual poderoso para atuar r\u00e1pido e quebrar bloqueios desde a raiz.  As explica\u00e7\u00f5es podem ser solicitadas em qualquer idioma.\" \/>\n<meta property=\"og:url\" content=\"https:\/\/mystikus.com\/pt-pt\/producto\/magia-do-mago-sao-expedito\/\" \/>\n<meta property=\"og:site_name\" content=\"Mystikus\" \/>\n<meta property=\"og:image\" content=\"https:\/\/mystikus.com\/wp-content\/uploads\/2025\/06\/mag-mao-sao-expedito.jpg\" \/>\n\t<meta property=\"og:image:width\" content=\"1587\" \/>\n\t<meta property=\"og:image:height\" content=\"1476\" \/>\n\t<meta property=\"og:image:type\" content=\"image\/jpeg\" \/>\n<meta name=\"twitter:card\" content=\"summary_large_image\" \/>\n<script type=\"application\/ld+json\" class=\"yoast-schema-graph\">{\"@context\":\"https:\/\/schema.org\",\"@graph\":[{\"@type\":\"WebPage\",\"@id\":\"https:\/\/mystikus.com\/pt-pt\/producto\/magia-do-mago-sao-expedito\/\",\"url\":\"https:\/\/mystikus.com\/pt-pt\/producto\/magia-do-mago-sao-expedito\/\",\"name\":\"Magia do Mago S\u00e3o Expedito - Mystikus\",\"isPartOf\":{\"@id\":\"https:\/\/mystikus.com\/#website\"},\"primaryImageOfPage\":{\"@id\":\"https:\/\/mystikus.com\/pt-pt\/producto\/magia-do-mago-sao-expedito\/#primaryimage\"},\"image\":{\"@id\":\"https:\/\/mystikus.com\/pt-pt\/producto\/magia-do-mago-sao-expedito\/#primaryimage\"},\"thumbnailUrl\":\"https:\/\/mystikus.com\/wp-content\/uploads\/2025\/06\/mag-mao-sao-expedito.jpg\",\"datePublished\":\"2025-06-25T13:01:14+00:00\",\"breadcrumb\":{\"@id\":\"https:\/\/mystikus.com\/pt-pt\/producto\/magia-do-mago-sao-expedito\/#breadcrumb\"},\"inLanguage\":\"pt-PT\",\"potentialAction\":[{\"@type\":\"ReadAction\",\"target\":[\"https:\/\/mystikus.com\/pt-pt\/producto\/magia-do-mago-sao-expedito\/\"]}]},{\"@type\":\"ImageObject\",\"inLanguage\":\"pt-PT\",\"@id\":\"https:\/\/mystikus.com\/pt-pt\/producto\/magia-do-mago-sao-expedito\/#primaryimage\",\"url\":\"https:\/\/mystikus.com\/wp-content\/uploads\/2025\/06\/mag-mao-sao-expedito.jpg\",\"contentUrl\":\"https:\/\/mystikus.com\/wp-content\/uploads\/2025\/06\/mag-mao-sao-expedito.jpg\",\"width\":1587,\"height\":1476},{\"@type\":\"BreadcrumbList\",\"@id\":\"https:\/\/mystikus.com\/pt-pt\/producto\/magia-do-mago-sao-expedito\/#breadcrumb\",\"itemListElement\":[{\"@type\":\"ListItem\",\"position\":1,\"name\":\"Portada\",\"item\":\"https:\/\/mystikus.com\/pt-pt\/inicio\/\"},{\"@type\":\"ListItem\",\"position\":2,\"name\":\"Loja\",\"item\":\"https:\/\/mystikus.com\/pt-pt\/loja\/\"},{\"@type\":\"ListItem\",\"position\":3,\"name\":\"Magia do Mago S\u00e3o Expedito\"}]},{\"@type\":\"WebSite\",\"@id\":\"https:\/\/mystikus.com\/#website\",\"url\":\"https:\/\/mystikus.com\/\",\"name\":\"Mystikus\",\"description\":\"\",\"publisher\":{\"@id\":\"https:\/\/mystikus.com\/#organization\"},\"potentialAction\":[{\"@type\":\"SearchAction\",\"target\":{\"@type\":\"EntryPoint\",\"urlTemplate\":\"https:\/\/mystikus.com\/?s={search_term_string}\"},\"query-input\":{\"@type\":\"PropertyValueSpecification\",\"valueRequired\":true,\"valueName\":\"search_term_string\"}}],\"inLanguage\":\"pt-PT\"},{\"@type\":\"Organization\",\"@id\":\"https:\/\/mystikus.com\/#organization\",\"name\":\"Mystikus\",\"url\":\"https:\/\/mystikus.com\/\",\"logo\":{\"@type\":\"ImageObject\",\"inLanguage\":\"pt-PT\",\"@id\":\"https:\/\/mystikus.com\/#\/schema\/logo\/image\/\",\"url\":\"https:\/\/mystikus.com\/wp-content\/uploads\/2025\/06\/logo-instgaram-shop.jpg\",\"contentUrl\":\"https:\/\/mystikus.com\/wp-content\/uploads\/2025\/06\/logo-instgaram-shop.jpg\",\"width\":227,\"height\":227,\"caption\":\"Mystikus\"},\"image\":{\"@id\":\"https:\/\/mystikus.com\/#\/schema\/logo\/image\/\"}}]}<\/script>\n<!-- \/ Yoast SEO plugin. -->","yoast_head_json":{"title":"Magia do Mago S\u00e3o Expedito - Mystikus","robots":{"index":"index","follow":"follow","max-snippet":"max-snippet:-1","max-image-preview":"max-image-preview:large","max-video-preview":"max-video-preview:-1"},"canonical":"https:\/\/mystikus.com\/pt-pt\/producto\/magia-do-mago-sao-expedito\/","og_locale":"pt_PT","og_type":"article","og_title":"Magia do Mago S\u00e3o Expedito - Mystikus","og_description":"Situa\u00e7\u00f5es Urgentes Causas Imposs\u00edveis Solu\u00e7\u00f5es R\u00e1pidas Cont\u00e9m uma explica\u00e7\u00e3o detalhada - Ingredientes in\u00e9ditos, segundo as f\u00f3rmulas dos grandes magos. Com o poder das for\u00e7as ocultas e da luz ancestral, interv\u00e9m em situa\u00e7\u00f5es urgentes, resolve causas imposs\u00edveis e abre caminhos fechados. Um ritual poderoso para atuar r\u00e1pido e quebrar bloqueios desde a raiz.  As explica\u00e7\u00f5es podem ser solicitadas em qualquer idioma.","og_url":"https:\/\/mystikus.com\/pt-pt\/producto\/magia-do-mago-sao-expedito\/","og_site_name":"Mystikus","og_image":[{"width":1587,"height":1476,"url":"https:\/\/mystikus.com\/wp-content\/uploads\/2025\/06\/mag-mao-sao-expedito.jpg","type":"image\/jpeg"}],"twitter_card":"summary_large_image","schema":{"@context":"https:\/\/schema.org","@graph":[{"@type":"WebPage","@id":"https:\/\/mystikus.com\/pt-pt\/producto\/magia-do-mago-sao-expedito\/","url":"https:\/\/mystikus.com\/pt-pt\/producto\/magia-do-mago-sao-expedito\/","name":"Magia do Mago S\u00e3o Expedito - Mystikus","isPartOf":{"@id":"https:\/\/mystikus.com\/#website"},"primaryImageOfPage":{"@id":"https:\/\/mystikus.com\/pt-pt\/producto\/magia-do-mago-sao-expedito\/#primaryimage"},"image":{"@id":"https:\/\/mystikus.com\/pt-pt\/producto\/magia-do-mago-sao-expedito\/#primaryimage"},"thumbnailUrl":"https:\/\/mystikus.com\/wp-content\/uploads\/2025\/06\/mag-mao-sao-expedito.jpg","datePublished":"2025-06-25T13:01:14+00:00","breadcrumb":{"@id":"https:\/\/mystikus.com\/pt-pt\/producto\/magia-do-mago-sao-expedito\/#breadcrumb"},"inLanguage":"pt-PT","potentialAction":[{"@type":"ReadAction","target":["https:\/\/mystikus.com\/pt-pt\/producto\/magia-do-mago-sao-expedito\/"]}]},{"@type":"ImageObject","inLanguage":"pt-PT","@id":"https:\/\/mystikus.com\/pt-pt\/producto\/magia-do-mago-sao-expedito\/#primaryimage","url":"https:\/\/mystikus.com\/wp-content\/uploads\/2025\/06\/mag-mao-sao-expedito.jpg","contentUrl":"https:\/\/mystikus.com\/wp-content\/uploads\/2025\/06\/mag-mao-sao-expedito.jpg","width":1587,"height":1476},{"@type":"BreadcrumbList","@id":"https:\/\/mystikus.com\/pt-pt\/producto\/magia-do-mago-sao-expedito\/#breadcrumb","itemListElement":[{"@type":"ListItem","position":1,"name":"Portada","item":"https:\/\/mystikus.com\/pt-pt\/inicio\/"},{"@type":"ListItem","position":2,"name":"Loja","item":"https:\/\/mystikus.com\/pt-pt\/loja\/"},{"@type":"ListItem","position":3,"name":"Magia do Mago S\u00e3o Expedito"}]},{"@type":"WebSite","@id":"https:\/\/mystikus.com\/#website","url":"https:\/\/mystikus.com\/","name":"Mystikus","description":"","publisher":{"@id":"https:\/\/mystikus.com\/#organization"},"potentialAction":[{"@type":"SearchAction","target":{"@type":"EntryPoint","urlTemplate":"https:\/\/mystikus.com\/?s={search_term_string}"},"query-input":{"@type":"PropertyValueSpecification","valueRequired":true,"valueName":"search_term_string"}}],"inLanguage":"pt-PT"},{"@type":"Organization","@id":"https:\/\/mystikus.com\/#organization","name":"Mystikus","url":"https:\/\/mystikus.com\/","logo":{"@type":"ImageObject","inLanguage":"pt-PT","@id":"https:\/\/mystikus.com\/#\/schema\/logo\/image\/","url":"https:\/\/mystikus.com\/wp-content\/uploads\/2025\/06\/logo-instgaram-shop.jpg","contentUrl":"https:\/\/mystikus.com\/wp-content\/uploads\/2025\/06\/logo-instgaram-shop.jpg","width":227,"height":227,"caption":"Mystikus"},"image":{"@id":"https:\/\/mystikus.com\/#\/schema\/logo\/image\/"}}]}},"_links":{"self":[{"href":"https:\/\/mystikus.com\/pt-pt\/wp-json\/wp\/v2\/product\/25708","targetHints":{"allow":["GET"]}}],"collection":[{"href":"https:\/\/mystikus.com\/pt-pt\/wp-json\/wp\/v2\/product"}],"about":[{"href":"https:\/\/mystikus.com\/pt-pt\/wp-json\/wp\/v2\/types\/product"}],"replies":[{"embeddable":true,"href":"https:\/\/mystikus.com\/pt-pt\/wp-json\/wp\/v2\/comments?post=25708"}],"wp:featuredmedia":[{"embeddable":true,"href":"https:\/\/mystikus.com\/pt-pt\/wp-json\/wp\/v2\/media\/23657"}],"wp:attachment":[{"href":"https:\/\/mystikus.com\/pt-pt\/wp-json\/wp\/v2\/media?parent=25708"}],"wp:term":[{"taxonomy":"product_brand","embeddable":true,"href":"https:\/\/mystikus.com\/pt-pt\/wp-json\/wp\/v2\/product_brand?post=25708"},{"taxonomy":"product_cat","embeddable":true,"href":"https:\/\/mystikus.com\/pt-pt\/wp-json\/wp\/v2\/product_cat?post=25708"},{"taxonomy":"product_tag","embeddable":true,"href":"https:\/\/mystikus.com\/pt-pt\/wp-json\/wp\/v2\/product_tag?post=25708"}],"curies":[{"name":"wp","href":"https:\/\/api.w.org\/{rel}","templated":true}]}}