{"id":25820,"date":"2025-06-14T16:59:18","date_gmt":"2025-06-14T14:59:18","guid":{"rendered":"https:\/\/mystikus.com\/producto\/pendente-apanhador-de-sonhos-com-pedras-naturais-em-prata\/"},"modified":"2025-06-14T16:59:18","modified_gmt":"2025-06-14T14:59:18","slug":"pendente-apanhador-de-sonhos-com-pedras-naturais-em-prata","status":"publish","type":"product","link":"https:\/\/mystikus.com\/pt-pt\/producto\/pendente-apanhador-de-sonhos-com-pedras-naturais-em-prata\/","title":{"rendered":"Pendente Apanhador de Sonhos com Pedras Naturais em Prata"},"content":{"rendered":"<p data-start=\"108\" data-end=\"204\"><strong data-start=\"108\" data-end=\"204\">Pendente Apanhador de Sonhos com Pedras Naturais \u2013 Talism\u00e3 de Prote\u00e7\u00e3o e Equil\u00edbrio Energ\u00e9tico<\/strong><\/p>\n<p data-start=\"206\" data-end=\"454\">Este pendente \u00fanico em forma de <strong data-start=\"238\" data-end=\"254\">apanhador de sonhos<\/strong> \u00e9 inspirado na sabedoria ancestral dos povos nativos, que usavam este s\u00edmbolo para <strong data-start=\"349\" data-end=\"386\">proteger a alma durante o sono<\/strong>, aprisionando as energias negativas e deixando passar apenas o positivo.<\/p>\n<p data-start=\"456\" data-end=\"749\">No seu interior, incorpora <strong data-start=\"482\" data-end=\"529\">pedras naturais associadas aos 7 chakras<\/strong>, cada uma vibrando com uma frequ\u00eancia espec\u00edfica para ajudar a equilibrar o corpo, a mente e o esp\u00edrito. Esta combina\u00e7\u00e3o transforma o pendente num poderoso <strong data-start=\"694\" data-end=\"748\">amuleto de prote\u00e7\u00e3o, cura e harmonia interior<\/strong>. <\/p>\n<p data-start=\"751\" data-end=\"861\">Ideal para quem procura levar consigo uma joia significativa, com prop\u00f3sito espiritual e beleza artesanal.<\/p>\n<p data-start=\"863\" data-end=\"962\"><strong data-start=\"863\" data-end=\"962\">Conecte-se com a sua energia, proteja a sua luz e equilibre as suas emo\u00e7\u00f5es com este apanhador de sonhos sagrado.<\/strong><\/p>\n","protected":false},"excerpt":{"rendered":"<p><strong data-start=\"108\" data-end=\"204\">Pendente Apanhador de Sonhos com Pedras Naturais em Prata<\/strong><\/p>\n<p>Tamanho 3cm<\/p>\n<p>Banho de ouro<\/p>\n","protected":false},"featured_media":23569,"comment_status":"open","ping_status":"closed","template":"","meta":[],"product_brand":[],"product_cat":[227,226],"product_tag":[],"class_list":{"0":"post-25820","1":"product","2":"type-product","3":"status-publish","4":"has-post-thumbnail","6":"product_cat-prata","7":"product_cat-talismas-e-amuletos","9":"first","10":"instock","11":"shipping-taxable","12":"purchasable","13":"product-type-simple"},"yoast_head":"<!-- This site is optimized with the Yoast SEO plugin v27.2 - https:\/\/yoast.com\/product\/yoast-seo-wordpress\/ -->\n<title>Pendente Apanhador de Sonhos com Pedras Naturais em Prata - Mystikus<\/title>\n<meta name=\"robots\" content=\"index, follow, max-snippet:-1, max-image-preview:large, max-video-preview:-1\" \/>\n<link rel=\"canonical\" href=\"https:\/\/mystikus.com\/pt-pt\/producto\/pendente-apanhador-de-sonhos-com-pedras-naturais-em-prata\/\" \/>\n<meta property=\"og:locale\" content=\"pt_PT\" \/>\n<meta property=\"og:type\" content=\"article\" \/>\n<meta property=\"og:title\" content=\"Pendente Apanhador de Sonhos com Pedras Naturais em Prata - Mystikus\" \/>\n<meta property=\"og:description\" content=\"Pendente Apanhador de Sonhos com Pedras Naturais em Prata Tamanho 3cm Banho de ouro\" \/>\n<meta property=\"og:url\" content=\"https:\/\/mystikus.com\/pt-pt\/producto\/pendente-apanhador-de-sonhos-com-pedras-naturais-em-prata\/\" \/>\n<meta property=\"og:site_name\" content=\"Mystikus\" \/>\n<meta property=\"og:image\" content=\"https:\/\/mystikus.com\/wp-content\/uploads\/2025\/06\/Colgante-Atrapasuenos-con-Piedras-Naturales.jpg\" \/>\n\t<meta property=\"og:image:width\" content=\"1587\" \/>\n\t<meta property=\"og:image:height\" content=\"1476\" \/>\n\t<meta property=\"og:image:type\" content=\"image\/jpeg\" \/>\n<meta name=\"twitter:card\" content=\"summary_large_image\" \/>\n<meta name=\"twitter:label1\" content=\"Tempo estimado de leitura\" \/>\n\t<meta name=\"twitter:data1\" content=\"1 minuto\" \/>\n<script type=\"application\/ld+json\" class=\"yoast-schema-graph\">{\"@context\":\"https:\/\/schema.org\",\"@graph\":[{\"@type\":\"WebPage\",\"@id\":\"https:\/\/mystikus.com\/pt-pt\/producto\/pendente-apanhador-de-sonhos-com-pedras-naturais-em-prata\/\",\"url\":\"https:\/\/mystikus.com\/pt-pt\/producto\/pendente-apanhador-de-sonhos-com-pedras-naturais-em-prata\/\",\"name\":\"Pendente Apanhador de Sonhos com Pedras Naturais em Prata - Mystikus\",\"isPartOf\":{\"@id\":\"https:\/\/mystikus.com\/#website\"},\"primaryImageOfPage\":{\"@id\":\"https:\/\/mystikus.com\/pt-pt\/producto\/pendente-apanhador-de-sonhos-com-pedras-naturais-em-prata\/#primaryimage\"},\"image\":{\"@id\":\"https:\/\/mystikus.com\/pt-pt\/producto\/pendente-apanhador-de-sonhos-com-pedras-naturais-em-prata\/#primaryimage\"},\"thumbnailUrl\":\"https:\/\/mystikus.com\/wp-content\/uploads\/2025\/06\/Colgante-Atrapasuenos-con-Piedras-Naturales.jpg\",\"datePublished\":\"2025-06-14T14:59:18+00:00\",\"breadcrumb\":{\"@id\":\"https:\/\/mystikus.com\/pt-pt\/producto\/pendente-apanhador-de-sonhos-com-pedras-naturais-em-prata\/#breadcrumb\"},\"inLanguage\":\"pt-PT\",\"potentialAction\":[{\"@type\":\"ReadAction\",\"target\":[\"https:\/\/mystikus.com\/pt-pt\/producto\/pendente-apanhador-de-sonhos-com-pedras-naturais-em-prata\/\"]}]},{\"@type\":\"ImageObject\",\"inLanguage\":\"pt-PT\",\"@id\":\"https:\/\/mystikus.com\/pt-pt\/producto\/pendente-apanhador-de-sonhos-com-pedras-naturais-em-prata\/#primaryimage\",\"url\":\"https:\/\/mystikus.com\/wp-content\/uploads\/2025\/06\/Colgante-Atrapasuenos-con-Piedras-Naturales.jpg\",\"contentUrl\":\"https:\/\/mystikus.com\/wp-content\/uploads\/2025\/06\/Colgante-Atrapasuenos-con-Piedras-Naturales.jpg\",\"width\":1587,\"height\":1476},{\"@type\":\"BreadcrumbList\",\"@id\":\"https:\/\/mystikus.com\/pt-pt\/producto\/pendente-apanhador-de-sonhos-com-pedras-naturais-em-prata\/#breadcrumb\",\"itemListElement\":[{\"@type\":\"ListItem\",\"position\":1,\"name\":\"Portada\",\"item\":\"https:\/\/mystikus.com\/pt-pt\/inicio\/\"},{\"@type\":\"ListItem\",\"position\":2,\"name\":\"Loja\",\"item\":\"https:\/\/mystikus.com\/pt-pt\/loja\/\"},{\"@type\":\"ListItem\",\"position\":3,\"name\":\"Pendente Apanhador de Sonhos com Pedras Naturais em Prata\"}]},{\"@type\":\"WebSite\",\"@id\":\"https:\/\/mystikus.com\/#website\",\"url\":\"https:\/\/mystikus.com\/\",\"name\":\"Mystikus\",\"description\":\"\",\"publisher\":{\"@id\":\"https:\/\/mystikus.com\/#organization\"},\"potentialAction\":[{\"@type\":\"SearchAction\",\"target\":{\"@type\":\"EntryPoint\",\"urlTemplate\":\"https:\/\/mystikus.com\/?s={search_term_string}\"},\"query-input\":{\"@type\":\"PropertyValueSpecification\",\"valueRequired\":true,\"valueName\":\"search_term_string\"}}],\"inLanguage\":\"pt-PT\"},{\"@type\":\"Organization\",\"@id\":\"https:\/\/mystikus.com\/#organization\",\"name\":\"Mystikus\",\"url\":\"https:\/\/mystikus.com\/\",\"logo\":{\"@type\":\"ImageObject\",\"inLanguage\":\"pt-PT\",\"@id\":\"https:\/\/mystikus.com\/#\/schema\/logo\/image\/\",\"url\":\"https:\/\/mystikus.com\/wp-content\/uploads\/2025\/06\/logo-instgaram-shop.jpg\",\"contentUrl\":\"https:\/\/mystikus.com\/wp-content\/uploads\/2025\/06\/logo-instgaram-shop.jpg\",\"width\":227,\"height\":227,\"caption\":\"Mystikus\"},\"image\":{\"@id\":\"https:\/\/mystikus.com\/#\/schema\/logo\/image\/\"}}]}<\/script>\n<!-- \/ Yoast SEO plugin. -->","yoast_head_json":{"title":"Pendente Apanhador de Sonhos com Pedras Naturais em Prata - Mystikus","robots":{"index":"index","follow":"follow","max-snippet":"max-snippet:-1","max-image-preview":"max-image-preview:large","max-video-preview":"max-video-preview:-1"},"canonical":"https:\/\/mystikus.com\/pt-pt\/producto\/pendente-apanhador-de-sonhos-com-pedras-naturais-em-prata\/","og_locale":"pt_PT","og_type":"article","og_title":"Pendente Apanhador de Sonhos com Pedras Naturais em Prata - Mystikus","og_description":"Pendente Apanhador de Sonhos com Pedras Naturais em Prata Tamanho 3cm Banho de ouro","og_url":"https:\/\/mystikus.com\/pt-pt\/producto\/pendente-apanhador-de-sonhos-com-pedras-naturais-em-prata\/","og_site_name":"Mystikus","og_image":[{"width":1587,"height":1476,"url":"https:\/\/mystikus.com\/wp-content\/uploads\/2025\/06\/Colgante-Atrapasuenos-con-Piedras-Naturales.jpg","type":"image\/jpeg"}],"twitter_card":"summary_large_image","twitter_misc":{"Tempo estimado de leitura":"1 minuto"},"schema":{"@context":"https:\/\/schema.org","@graph":[{"@type":"WebPage","@id":"https:\/\/mystikus.com\/pt-pt\/producto\/pendente-apanhador-de-sonhos-com-pedras-naturais-em-prata\/","url":"https:\/\/mystikus.com\/pt-pt\/producto\/pendente-apanhador-de-sonhos-com-pedras-naturais-em-prata\/","name":"Pendente Apanhador de Sonhos com Pedras Naturais em Prata - Mystikus","isPartOf":{"@id":"https:\/\/mystikus.com\/#website"},"primaryImageOfPage":{"@id":"https:\/\/mystikus.com\/pt-pt\/producto\/pendente-apanhador-de-sonhos-com-pedras-naturais-em-prata\/#primaryimage"},"image":{"@id":"https:\/\/mystikus.com\/pt-pt\/producto\/pendente-apanhador-de-sonhos-com-pedras-naturais-em-prata\/#primaryimage"},"thumbnailUrl":"https:\/\/mystikus.com\/wp-content\/uploads\/2025\/06\/Colgante-Atrapasuenos-con-Piedras-Naturales.jpg","datePublished":"2025-06-14T14:59:18+00:00","breadcrumb":{"@id":"https:\/\/mystikus.com\/pt-pt\/producto\/pendente-apanhador-de-sonhos-com-pedras-naturais-em-prata\/#breadcrumb"},"inLanguage":"pt-PT","potentialAction":[{"@type":"ReadAction","target":["https:\/\/mystikus.com\/pt-pt\/producto\/pendente-apanhador-de-sonhos-com-pedras-naturais-em-prata\/"]}]},{"@type":"ImageObject","inLanguage":"pt-PT","@id":"https:\/\/mystikus.com\/pt-pt\/producto\/pendente-apanhador-de-sonhos-com-pedras-naturais-em-prata\/#primaryimage","url":"https:\/\/mystikus.com\/wp-content\/uploads\/2025\/06\/Colgante-Atrapasuenos-con-Piedras-Naturales.jpg","contentUrl":"https:\/\/mystikus.com\/wp-content\/uploads\/2025\/06\/Colgante-Atrapasuenos-con-Piedras-Naturales.jpg","width":1587,"height":1476},{"@type":"BreadcrumbList","@id":"https:\/\/mystikus.com\/pt-pt\/producto\/pendente-apanhador-de-sonhos-com-pedras-naturais-em-prata\/#breadcrumb","itemListElement":[{"@type":"ListItem","position":1,"name":"Portada","item":"https:\/\/mystikus.com\/pt-pt\/inicio\/"},{"@type":"ListItem","position":2,"name":"Loja","item":"https:\/\/mystikus.com\/pt-pt\/loja\/"},{"@type":"ListItem","position":3,"name":"Pendente Apanhador de Sonhos com Pedras Naturais em Prata"}]},{"@type":"WebSite","@id":"https:\/\/mystikus.com\/#website","url":"https:\/\/mystikus.com\/","name":"Mystikus","description":"","publisher":{"@id":"https:\/\/mystikus.com\/#organization"},"potentialAction":[{"@type":"SearchAction","target":{"@type":"EntryPoint","urlTemplate":"https:\/\/mystikus.com\/?s={search_term_string}"},"query-input":{"@type":"PropertyValueSpecification","valueRequired":true,"valueName":"search_term_string"}}],"inLanguage":"pt-PT"},{"@type":"Organization","@id":"https:\/\/mystikus.com\/#organization","name":"Mystikus","url":"https:\/\/mystikus.com\/","logo":{"@type":"ImageObject","inLanguage":"pt-PT","@id":"https:\/\/mystikus.com\/#\/schema\/logo\/image\/","url":"https:\/\/mystikus.com\/wp-content\/uploads\/2025\/06\/logo-instgaram-shop.jpg","contentUrl":"https:\/\/mystikus.com\/wp-content\/uploads\/2025\/06\/logo-instgaram-shop.jpg","width":227,"height":227,"caption":"Mystikus"},"image":{"@id":"https:\/\/mystikus.com\/#\/schema\/logo\/image\/"}}]}},"_links":{"self":[{"href":"https:\/\/mystikus.com\/pt-pt\/wp-json\/wp\/v2\/product\/25820","targetHints":{"allow":["GET"]}}],"collection":[{"href":"https:\/\/mystikus.com\/pt-pt\/wp-json\/wp\/v2\/product"}],"about":[{"href":"https:\/\/mystikus.com\/pt-pt\/wp-json\/wp\/v2\/types\/product"}],"replies":[{"embeddable":true,"href":"https:\/\/mystikus.com\/pt-pt\/wp-json\/wp\/v2\/comments?post=25820"}],"wp:featuredmedia":[{"embeddable":true,"href":"https:\/\/mystikus.com\/pt-pt\/wp-json\/wp\/v2\/media\/23569"}],"wp:attachment":[{"href":"https:\/\/mystikus.com\/pt-pt\/wp-json\/wp\/v2\/media?parent=25820"}],"wp:term":[{"taxonomy":"product_brand","embeddable":true,"href":"https:\/\/mystikus.com\/pt-pt\/wp-json\/wp\/v2\/product_brand?post=25820"},{"taxonomy":"product_cat","embeddable":true,"href":"https:\/\/mystikus.com\/pt-pt\/wp-json\/wp\/v2\/product_cat?post=25820"},{"taxonomy":"product_tag","embeddable":true,"href":"https:\/\/mystikus.com\/pt-pt\/wp-json\/wp\/v2\/product_tag?post=25820"}],"curies":[{"name":"wp","href":"https:\/\/api.w.org\/{rel}","templated":true}]}}